{"id":25565,"date":"2023-04-12T13:24:24","date_gmt":"2023-04-12T11:24:24","guid":{"rendered":"https:\/\/www.rememberme-forever.com\/product\/baby-urne-aus-edelstahl-fuer-asche\/"},"modified":"2026-02-19T15:33:52","modified_gmt":"2026-02-19T14:33:52","slug":"baby-urne-aus-edelstahl-fuer-asche","status":"publish","type":"product","link":"https:\/\/www.rememberme-forever.com\/de\/produkt\/baby-urne-aus-edelstahl-fuer-asche\/","title":{"rendered":"Baby-Urne aus Edelstahl f\u00fcr Asche"},"content":{"rendered":"<h2 style=\"text-align: center;\">Baby-Urne aus Edelstahl f\u00fcr Asche<\/h2>\n<p style=\"text-align: center;\">Wir pr\u00e4sentieren unsere <strong>Baby-Urne aus Edelstahl<\/strong> f\u00fcr Asche, die als sch\u00f6nes und dauerhaftes Denkmal f\u00fcr Ihr Kind entworfen wurde. Gefertigt aus hochwertigem Edelstahl, ist diese kleine Kugel der perfekte Ort, um einen Teil der Asche Ihres Babys zu bewahren. Die Kugel ruht sicher auf einem stabilen ABS-Sockel, der f\u00fcr festen Stand und Schutz sorgt.<\/p>\n<p style=\"text-align: center;\">Das schlichte, moderne Design dieser Urne ist zeitlos und elegant zugleich \u2013 eine w\u00fcrdevolle Erg\u00e4nzung f\u00fcr jedes Zuhause. Mit einem Durchmesser von nur wenigen Zentimetern passt sie ideal auf Regale, Kommoden oder Nachttische und bietet dennoch ausreichend Platz f\u00fcr eine bedeutende Menge an Asche.<\/p>\n<p style=\"text-align: center;\">Die Edelstahlkonstruktion garantiert, dass die Urne \u00fcber Jahre hinweg in makellosem Zustand bleibt; die glatte Oberfl\u00e4che ist zudem pflegeleicht. Die enthaltene Gedenktafel erm\u00f6glicht eine Personalisierung mit dem Namen und den Daten Ihres Babys, um ein zutiefst bedeutungsvolles Andenken zu schaffen.<\/p>\n<p style=\"text-align: center;\">Der Verlust eines Kindes ist eine der schwersten Erfahrungen f\u00fcr Eltern. Wir wissen, wie wichtig ein w\u00fcrdevoller Ort des Gedenkens ist. Unsere Baby-Urne aus Edelstahl bietet eine best\u00e4ndige M\u00f6glichkeit, Ihr Kind nah am Herzen zu tragen und einen besonderen Ort der Erinnerung zu schaffen, der \u00fcber Jahre hinweg gesch\u00e4tzt wird.<\/p>\n<p>&nbsp;<\/p>\n<h3 style=\"text-align: center;\"><strong>PERSONALISIERUNG<\/strong><\/h3>\n<p style=\"text-align: center;\">Wenn Sie sich f\u00fcr eine personalisierte Plakette entscheiden, geben Sie bitte den Text im Rahmen der Produktpersonalisierung ein.<\/p>\n<p style=\"text-align: center;\">Die personalisierte Gedenktafel muss bei der Bestellung individuell gestaltet werden. (Bitte keine Panik, wenn Sie das vergessen haben, denn Sie k\u00f6nnen uns auch noch nachtr\u00e4glich eine Nachricht schicken).<\/p>\n<p style=\"text-align: center;\">Bitte \u00fcberpr\u00fcfen Sie den zu gravierenden Text sorgf\u00e4ltig, bevor Sie den Artikel in den Warenkorb legen. Wir kopieren und gravieren genau die Informationen, die wir mit der Bestellung erhalten und nehmen bei uns keine \u00c4nderungen vor.<\/p>\n<p style=\"text-align: center;\"><strong>Bitte \u00fcberpr\u00fcfen Sie den Text, um sicherzustellen, dass alle Schreibweisen korrekt sind.<\/strong><\/p>\n<p><img loading=\"lazy\" decoding=\"async\" class=\"wp-image-1449 aligncenter\" src=\"http:\/\/www.rememberme-forever.com\/wp-content\/uploads\/2023\/04\/memorial-plaque-cremation-urn-silver-300x153.jpg\" alt=\"Silberfarbene Urne mit Gedenktafel\" width=\"229\" height=\"117\" srcset=\"https:\/\/www.rememberme-forever.com\/wp-content\/uploads\/2023\/04\/memorial-plaque-cremation-urn-silver-300x153.jpg 300w, https:\/\/www.rememberme-forever.com\/wp-content\/uploads\/2023\/04\/memorial-plaque-cremation-urn-silver-64x33.jpg 64w, https:\/\/www.rememberme-forever.com\/wp-content\/uploads\/2023\/04\/memorial-plaque-cremation-urn-silver.jpg 448w\" sizes=\"auto, (max-width: 229px) 100vw, 229px\" \/><\/p>\n<p>&nbsp;<\/p>\n","protected":false},"excerpt":{"rendered":"<p>Einzigartige Edelstahl-Kugel f\u00fcr Kinderasche<\/p>\n<p><em><strong>Geeignet f\u00fcr ein K\u00f6rpergewicht von bis zu ca. 35 kg oder f\u00fcr Tierasche. <\/strong><\/em><\/p>\n<p>\u2705 Diese Urne ist nicht f\u00fcr den Au\u00dfenbereich geeignet. Bitte sehen Sie sich unsere <a href=\"https:\/\/www.rememberme-forever.com\/de\/produkt-kategorie\/urnen-fur-den-ausenbereich\/\" target=\"_blank\" rel=\"noopener\"><strong>Outdoor-Urnen &gt;&gt;<\/strong><\/a><\/p>\n","protected":false},"featured_media":25561,"template":"","meta":{"_acf_changed":false},"product_brand":[],"product_cat":[2334,2340],"product_tag":[3340],"class_list":{"0":"post-25565","1":"product","2":"type-product","3":"status-publish","4":"has-post-thumbnail","6":"product_cat-kinderurnen","7":"product_cat-metallurnen","8":"product_tag-gpsr-metal_ss_abs_base","9":"product_shipping_class-2-4kg","11":"first","12":"instock","13":"taxable","14":"shipping-taxable","15":"purchasable","16":"product-type-simple"},"yoast_head":"<!-- This site is optimized with the Yoast SEO plugin v27.4 - https:\/\/yoast.com\/product\/yoast-seo-wordpress\/ -->\n<title>Remember Forever<\/title>\n<meta name=\"description\" content=\"Wir pr\u00e4sentieren unsere Baby-Urne aus Edelstahl \u2013 ein w\u00fcrdevolles und best\u00e4ndiges Andenken an Ihr geliebtes Kind.\" \/>\n<meta name=\"robots\" content=\"index, follow, max-snippet:-1, max-image-preview:large, max-video-preview:-1\" \/>\n<link rel=\"canonical\" href=\"https:\/\/www.rememberme-forever.com\/de\/produkt\/baby-urne-aus-edelstahl-fuer-asche\/\" \/>\n<meta property=\"og:locale\" content=\"de_DE\" \/>\n<meta property=\"og:type\" content=\"article\" \/>\n<meta property=\"og:description\" content=\"Wir pr\u00e4sentieren unsere Baby-Urne aus Edelstahl \u2013 ein w\u00fcrdevolles und best\u00e4ndiges Andenken an Ihr geliebtes Kind.\" \/>\n<meta property=\"og:url\" content=\"https:\/\/www.rememberme-forever.com\/de\/produkt\/baby-urne-aus-edelstahl-fuer-asche\/\" \/>\n<meta property=\"og:site_name\" content=\"Remember Forever\" \/>\n<meta property=\"article:modified_time\" content=\"2026-02-19T14:33:52+00:00\" \/>\n<meta property=\"og:image\" content=\"http:\/\/www.rememberme-forever.com\/wp-content\/uploads\/2023\/04\/stainless-steel-baby-urn-1.jpg\" \/>\n\t<meta property=\"og:image:width\" content=\"768\" \/>\n\t<meta property=\"og:image:height\" content=\"768\" \/>\n\t<meta property=\"og:image:type\" content=\"image\/jpeg\" \/>\n<meta name=\"twitter:card\" content=\"summary_large_image\" \/>\n<meta name=\"twitter:label1\" content=\"Gesch\u00e4tzte Lesezeit\" \/>\n\t<meta name=\"twitter:data1\" content=\"2\u00a0Minute\" \/>\n<script type=\"application\/ld+json\" class=\"yoast-schema-graph\">{\"@context\":\"https:\\\/\\\/schema.org\",\"@graph\":[{\"@type\":\"WebPage\",\"@id\":\"https:\\\/\\\/www.rememberme-forever.com\\\/de\\\/produkt\\\/baby-urne-aus-edelstahl-fuer-asche\\\/\",\"url\":\"https:\\\/\\\/www.rememberme-forever.com\\\/de\\\/produkt\\\/baby-urne-aus-edelstahl-fuer-asche\\\/\",\"name\":\"\",\"isPartOf\":{\"@id\":\"https:\\\/\\\/www.rememberme-forever.com\\\/de\\\/#website\"},\"primaryImageOfPage\":{\"@id\":\"https:\\\/\\\/www.rememberme-forever.com\\\/de\\\/produkt\\\/baby-urne-aus-edelstahl-fuer-asche\\\/#primaryimage\"},\"image\":{\"@id\":\"https:\\\/\\\/www.rememberme-forever.com\\\/de\\\/produkt\\\/baby-urne-aus-edelstahl-fuer-asche\\\/#primaryimage\"},\"thumbnailUrl\":\"https:\\\/\\\/www.rememberme-forever.com\\\/wp-content\\\/uploads\\\/2023\\\/04\\\/stainless-steel-baby-urn-1.jpg\",\"datePublished\":\"2023-04-12T11:24:24+00:00\",\"dateModified\":\"2026-02-19T14:33:52+00:00\",\"description\":\"Wir pr\u00e4sentieren unsere Baby-Urne aus Edelstahl \u2013 ein w\u00fcrdevolles und best\u00e4ndiges Andenken an Ihr geliebtes Kind.\",\"breadcrumb\":{\"@id\":\"https:\\\/\\\/www.rememberme-forever.com\\\/de\\\/produkt\\\/baby-urne-aus-edelstahl-fuer-asche\\\/#breadcrumb\"},\"inLanguage\":\"de\",\"potentialAction\":[{\"@type\":\"ReadAction\",\"target\":[\"https:\\\/\\\/www.rememberme-forever.com\\\/de\\\/produkt\\\/baby-urne-aus-edelstahl-fuer-asche\\\/\"]}]},{\"@type\":\"ImageObject\",\"inLanguage\":\"de\",\"@id\":\"https:\\\/\\\/www.rememberme-forever.com\\\/de\\\/produkt\\\/baby-urne-aus-edelstahl-fuer-asche\\\/#primaryimage\",\"url\":\"https:\\\/\\\/www.rememberme-forever.com\\\/wp-content\\\/uploads\\\/2023\\\/04\\\/stainless-steel-baby-urn-1.jpg\",\"contentUrl\":\"https:\\\/\\\/www.rememberme-forever.com\\\/wp-content\\\/uploads\\\/2023\\\/04\\\/stainless-steel-baby-urn-1.jpg\",\"width\":768,\"height\":768,\"caption\":\"Babyurne aus Edelstahl\"},{\"@type\":\"BreadcrumbList\",\"@id\":\"https:\\\/\\\/www.rememberme-forever.com\\\/de\\\/produkt\\\/baby-urne-aus-edelstahl-fuer-asche\\\/#breadcrumb\",\"itemListElement\":[{\"@type\":\"ListItem\",\"position\":1,\"name\":\"Home\",\"item\":\"https:\\\/\\\/www.rememberme-forever.com\\\/de\\\/startseite\\\/\"},{\"@type\":\"ListItem\",\"position\":2,\"name\":\"Shop\",\"item\":\"https:\\\/\\\/www.rememberme-forever.com\\\/de\\\/shop\\\/\"},{\"@type\":\"ListItem\",\"position\":3,\"name\":\"Baby-Urne aus Edelstahl f\u00fcr Asche\"}]},{\"@type\":\"WebSite\",\"@id\":\"https:\\\/\\\/www.rememberme-forever.com\\\/de\\\/#website\",\"url\":\"https:\\\/\\\/www.rememberme-forever.com\\\/de\\\/\",\"name\":\"Remember Forever\",\"description\":\"Cremation urns, funeral urns, urns for ashes\",\"publisher\":{\"@id\":\"https:\\\/\\\/www.rememberme-forever.com\\\/de\\\/#organization\"},\"potentialAction\":[{\"@type\":\"SearchAction\",\"target\":{\"@type\":\"EntryPoint\",\"urlTemplate\":\"https:\\\/\\\/www.rememberme-forever.com\\\/de\\\/?s={search_term_string}\"},\"query-input\":{\"@type\":\"PropertyValueSpecification\",\"valueRequired\":true,\"valueName\":\"search_term_string\"}}],\"inLanguage\":\"de\"},{\"@type\":\"Organization\",\"@id\":\"https:\\\/\\\/www.rememberme-forever.com\\\/de\\\/#organization\",\"name\":\"Remember Forever\",\"url\":\"https:\\\/\\\/www.rememberme-forever.com\\\/de\\\/\",\"logo\":{\"@type\":\"ImageObject\",\"inLanguage\":\"de\",\"@id\":\"https:\\\/\\\/www.rememberme-forever.com\\\/de\\\/#\\\/schema\\\/logo\\\/image\\\/\",\"url\":\"https:\\\/\\\/www.rememberme-forever.com\\\/wp-content\\\/uploads\\\/2023\\\/02\\\/logo.png\",\"contentUrl\":\"https:\\\/\\\/www.rememberme-forever.com\\\/wp-content\\\/uploads\\\/2023\\\/02\\\/logo.png\",\"width\":300,\"height\":56,\"caption\":\"Remember Forever\"},\"image\":{\"@id\":\"https:\\\/\\\/www.rememberme-forever.com\\\/de\\\/#\\\/schema\\\/logo\\\/image\\\/\"}}]}<\/script>\n<!-- \/ Yoast SEO plugin. -->","yoast_head_json":{"title":"Remember Forever","description":"Wir pr\u00e4sentieren unsere Baby-Urne aus Edelstahl \u2013 ein w\u00fcrdevolles und best\u00e4ndiges Andenken an Ihr geliebtes Kind.","robots":{"index":"index","follow":"follow","max-snippet":"max-snippet:-1","max-image-preview":"max-image-preview:large","max-video-preview":"max-video-preview:-1"},"canonical":"https:\/\/www.rememberme-forever.com\/de\/produkt\/baby-urne-aus-edelstahl-fuer-asche\/","og_locale":"de_DE","og_type":"article","og_description":"Wir pr\u00e4sentieren unsere Baby-Urne aus Edelstahl \u2013 ein w\u00fcrdevolles und best\u00e4ndiges Andenken an Ihr geliebtes Kind.","og_url":"https:\/\/www.rememberme-forever.com\/de\/produkt\/baby-urne-aus-edelstahl-fuer-asche\/","og_site_name":"Remember Forever","article_modified_time":"2026-02-19T14:33:52+00:00","og_image":[{"width":768,"height":768,"url":"http:\/\/www.rememberme-forever.com\/wp-content\/uploads\/2023\/04\/stainless-steel-baby-urn-1.jpg","type":"image\/jpeg"}],"twitter_card":"summary_large_image","twitter_misc":{"Gesch\u00e4tzte Lesezeit":"2\u00a0Minute"},"schema":{"@context":"https:\/\/schema.org","@graph":[{"@type":"WebPage","@id":"https:\/\/www.rememberme-forever.com\/de\/produkt\/baby-urne-aus-edelstahl-fuer-asche\/","url":"https:\/\/www.rememberme-forever.com\/de\/produkt\/baby-urne-aus-edelstahl-fuer-asche\/","name":"","isPartOf":{"@id":"https:\/\/www.rememberme-forever.com\/de\/#website"},"primaryImageOfPage":{"@id":"https:\/\/www.rememberme-forever.com\/de\/produkt\/baby-urne-aus-edelstahl-fuer-asche\/#primaryimage"},"image":{"@id":"https:\/\/www.rememberme-forever.com\/de\/produkt\/baby-urne-aus-edelstahl-fuer-asche\/#primaryimage"},"thumbnailUrl":"https:\/\/www.rememberme-forever.com\/wp-content\/uploads\/2023\/04\/stainless-steel-baby-urn-1.jpg","datePublished":"2023-04-12T11:24:24+00:00","dateModified":"2026-02-19T14:33:52+00:00","description":"Wir pr\u00e4sentieren unsere Baby-Urne aus Edelstahl \u2013 ein w\u00fcrdevolles und best\u00e4ndiges Andenken an Ihr geliebtes Kind.","breadcrumb":{"@id":"https:\/\/www.rememberme-forever.com\/de\/produkt\/baby-urne-aus-edelstahl-fuer-asche\/#breadcrumb"},"inLanguage":"de","potentialAction":[{"@type":"ReadAction","target":["https:\/\/www.rememberme-forever.com\/de\/produkt\/baby-urne-aus-edelstahl-fuer-asche\/"]}]},{"@type":"ImageObject","inLanguage":"de","@id":"https:\/\/www.rememberme-forever.com\/de\/produkt\/baby-urne-aus-edelstahl-fuer-asche\/#primaryimage","url":"https:\/\/www.rememberme-forever.com\/wp-content\/uploads\/2023\/04\/stainless-steel-baby-urn-1.jpg","contentUrl":"https:\/\/www.rememberme-forever.com\/wp-content\/uploads\/2023\/04\/stainless-steel-baby-urn-1.jpg","width":768,"height":768,"caption":"Babyurne aus Edelstahl"},{"@type":"BreadcrumbList","@id":"https:\/\/www.rememberme-forever.com\/de\/produkt\/baby-urne-aus-edelstahl-fuer-asche\/#breadcrumb","itemListElement":[{"@type":"ListItem","position":1,"name":"Home","item":"https:\/\/www.rememberme-forever.com\/de\/startseite\/"},{"@type":"ListItem","position":2,"name":"Shop","item":"https:\/\/www.rememberme-forever.com\/de\/shop\/"},{"@type":"ListItem","position":3,"name":"Baby-Urne aus Edelstahl f\u00fcr Asche"}]},{"@type":"WebSite","@id":"https:\/\/www.rememberme-forever.com\/de\/#website","url":"https:\/\/www.rememberme-forever.com\/de\/","name":"Remember Forever","description":"Cremation urns, funeral urns, urns for ashes","publisher":{"@id":"https:\/\/www.rememberme-forever.com\/de\/#organization"},"potentialAction":[{"@type":"SearchAction","target":{"@type":"EntryPoint","urlTemplate":"https:\/\/www.rememberme-forever.com\/de\/?s={search_term_string}"},"query-input":{"@type":"PropertyValueSpecification","valueRequired":true,"valueName":"search_term_string"}}],"inLanguage":"de"},{"@type":"Organization","@id":"https:\/\/www.rememberme-forever.com\/de\/#organization","name":"Remember Forever","url":"https:\/\/www.rememberme-forever.com\/de\/","logo":{"@type":"ImageObject","inLanguage":"de","@id":"https:\/\/www.rememberme-forever.com\/de\/#\/schema\/logo\/image\/","url":"https:\/\/www.rememberme-forever.com\/wp-content\/uploads\/2023\/02\/logo.png","contentUrl":"https:\/\/www.rememberme-forever.com\/wp-content\/uploads\/2023\/02\/logo.png","width":300,"height":56,"caption":"Remember Forever"},"image":{"@id":"https:\/\/www.rememberme-forever.com\/de\/#\/schema\/logo\/image\/"}}]}},"acf":[],"_links":{"self":[{"href":"https:\/\/www.rememberme-forever.com\/de\/wp-json\/wp\/v2\/product\/25565","targetHints":{"allow":["GET"]}}],"collection":[{"href":"https:\/\/www.rememberme-forever.com\/de\/wp-json\/wp\/v2\/product"}],"about":[{"href":"https:\/\/www.rememberme-forever.com\/de\/wp-json\/wp\/v2\/types\/product"}],"wp:featuredmedia":[{"embeddable":true,"href":"https:\/\/www.rememberme-forever.com\/de\/wp-json\/wp\/v2\/media\/25561"}],"wp:attachment":[{"href":"https:\/\/www.rememberme-forever.com\/de\/wp-json\/wp\/v2\/media?parent=25565"}],"wp:term":[{"taxonomy":"product_brand","embeddable":true,"href":"https:\/\/www.rememberme-forever.com\/de\/wp-json\/wp\/v2\/product_brand?post=25565"},{"taxonomy":"product_cat","embeddable":true,"href":"https:\/\/www.rememberme-forever.com\/de\/wp-json\/wp\/v2\/product_cat?post=25565"},{"taxonomy":"product_tag","embeddable":true,"href":"https:\/\/www.rememberme-forever.com\/de\/wp-json\/wp\/v2\/product_tag?post=25565"}],"curies":[{"name":"wp","href":"https:\/\/api.w.org\/{rel}","templated":true}]}}