{"id":25615,"date":"2023-04-12T14:30:48","date_gmt":"2023-04-12T12:30:48","guid":{"rendered":"https:\/\/www.rememberme-forever.com\/product\/personalisierte-partnerurne-aus-edelstahl-fuer-zwei-personen\/"},"modified":"2026-02-19T15:37:14","modified_gmt":"2026-02-19T14:37:14","slug":"personalisierte-partnerurne-aus-edelstahl-fuer-zwei-personen","status":"publish","type":"product","link":"https:\/\/www.rememberme-forever.com\/de\/produkt\/personalisierte-partnerurne-aus-edelstahl-fuer-zwei-personen\/","title":{"rendered":"Personalisierte Partnerurne aus Edelstahl f\u00fcr zwei Personen"},"content":{"rendered":"<h2 style=\"text-align: center;\">Personalisierte Partnerurne aus Edelstahl f\u00fcr zwei Personen<\/h2>\n<p style=\"text-align: center;\">Wir pr\u00e4sentieren unsere personalisierte Partnerurne aus Edelstahl, entworfen, um die Erinnerung an zwei geliebte Menschen zu ehren. Gefertigt aus hochwertigen Materialien, verf\u00fcgt diese Urne \u00fcber einen langlebigen ABS-Sockel und eine beeindruckende Edelstahlkugel zur Aufbewahrung der Asche Ihrer Liebsten.<\/p>\n<p style=\"text-align: center;\">Die Edelstahlkugel ist hochglanzpoliert und verleiht ihr ein schlichtes, elegantes Aussehen, das sich nahtlos in jede Inneneinrichtung einf\u00fcgt. Die Kugel bietet Platz f\u00fcr die Asche von zwei Personen, sodass Sie deren Andenken an einem gemeinsamen Ort bewahren k\u00f6nnen.<\/p>\n<p>&nbsp;<\/p>\n<div id=\"attachment_1677\" style=\"width: 310px\" class=\"wp-caption aligncenter\"><img loading=\"lazy\" decoding=\"async\" aria-describedby=\"caption-attachment-1677\" class=\"wp-image-1677 size-medium\" src=\"http:\/\/www.rememberme-forever.com\/wp-content\/uploads\/2023\/04\/Sphere-cremation-Urn-various-size-300x298.jpg\" alt=\"Kugel-Urne in verschiedenen Gr\u00f6\u00dfen\" width=\"300\" height=\"298\" srcset=\"https:\/\/www.rememberme-forever.com\/wp-content\/uploads\/2023\/04\/Sphere-cremation-Urn-various-size-300x298.jpg 300w, https:\/\/www.rememberme-forever.com\/wp-content\/uploads\/2023\/04\/Sphere-cremation-Urn-various-size-150x150.jpg 150w, https:\/\/www.rememberme-forever.com\/wp-content\/uploads\/2023\/04\/Sphere-cremation-Urn-various-size-768x763.jpg 768w, https:\/\/www.rememberme-forever.com\/wp-content\/uploads\/2023\/04\/Sphere-cremation-Urn-various-size-600x596.jpg 600w, https:\/\/www.rememberme-forever.com\/wp-content\/uploads\/2023\/04\/Sphere-cremation-Urn-various-size-100x100.jpg 100w, https:\/\/www.rememberme-forever.com\/wp-content\/uploads\/2023\/04\/Sphere-cremation-Urn-various-size-64x64.jpg 64w, https:\/\/www.rememberme-forever.com\/wp-content\/uploads\/2023\/04\/Sphere-cremation-Urn-various-size.jpg 773w\" sizes=\"auto, (max-width: 300px) 100vw, 300px\" \/><p id=\"caption-attachment-1677\" class=\"wp-caption-text\">Weitere Gr\u00f6\u00dfen ansehen<\/p><\/div>\n<p style=\"text-align: center;\">Diese Partnerurne bietet zudem die M\u00f6glichkeit der Personalisierung durch eine individuelle Gravurplatte. Wir gravieren die Namen Ihrer Liebsten, Geburts- und Sterbedaten oder jede andere pers\u00f6nliche Botschaft, mit der Sie ihr Leben w\u00fcrdigen m\u00f6chten.<\/p>\n<p style=\"text-align: center;\">Der Sockel der Urne besteht aus robustem ABS-Material, das ein solides Fundament f\u00fcr die Edelstahlkugel bildet. Zudem ist der Sockel mit einem sicheren Verschlussmechanismus ausgestattet, der eine gesch\u00fctzte Aufbewahrung der Asche gew\u00e4hrleistet.<\/p>\n<p style=\"text-align: center;\">Diese Partnerurne aus Edelstahl ist ein w\u00fcrdevolles und bleibendes Denkmal f\u00fcr die Erinnerung an zwei besondere Menschen. Sie ist eine angemessene letzte Ruhest\u00e4tte f\u00fcr deren Asche und spendet Trost f\u00fcr diejenigen, die ihr Andenken bewahren.<\/p>\n<p>&nbsp;<\/p>\n<h3 style=\"text-align: center;\"><strong>PERSONALISIERUNG<\/strong><\/h3>\n<p style=\"text-align: center;\">Wenn Sie sich f\u00fcr eine personalisierte Plakette entscheiden, geben Sie bitte den Text im Rahmen der Produktpersonalisierung ein.<\/p>\n<p style=\"text-align: center;\">Die personalisierte Gedenktafel muss bei der Bestellung individuell gestaltet werden. (Bitte keine Panik, wenn Sie das vergessen haben, denn Sie k\u00f6nnen uns auch noch nachtr\u00e4glich eine Nachricht schicken).<\/p>\n<p style=\"text-align: center;\">Bitte \u00fcberpr\u00fcfen Sie den zu gravierenden Text sorgf\u00e4ltig, bevor Sie den Artikel in den Warenkorb legen. Wir kopieren und gravieren genau die Informationen, die wir mit der Bestellung erhalten und nehmen bei uns keine \u00c4nderungen vor.<\/p>\n<p style=\"text-align: center;\"><strong>Bitte \u00fcberpr\u00fcfen Sie den Text, um sicherzustellen, dass alle Schreibweisen korrekt sind.<\/strong><\/p>\n<p><img loading=\"lazy\" decoding=\"async\" class=\"wp-image-1449 aligncenter\" src=\"http:\/\/www.rememberme-forever.com\/wp-content\/uploads\/2023\/04\/memorial-plaque-cremation-urn-silver-300x153.jpg\" alt=\"Silberfarbene Urne mit Gedenktafel\" width=\"229\" height=\"117\" srcset=\"https:\/\/www.rememberme-forever.com\/wp-content\/uploads\/2023\/04\/memorial-plaque-cremation-urn-silver-300x153.jpg 300w, https:\/\/www.rememberme-forever.com\/wp-content\/uploads\/2023\/04\/memorial-plaque-cremation-urn-silver-64x33.jpg 64w, https:\/\/www.rememberme-forever.com\/wp-content\/uploads\/2023\/04\/memorial-plaque-cremation-urn-silver.jpg 448w\" sizes=\"auto, (max-width: 229px) 100vw, 229px\" \/><\/p>\n<p>&nbsp;<\/p>\n","protected":false},"excerpt":{"rendered":"<p>Einzigartige Edelstahlkugel f\u00fcr die Asche von zwei Erwachsenen.<\/p>\n<p><em><strong>Diese Edelstahlurne kann auch f\u00fcr die Asche eines Erwachsenen oder von zwei Personen verwendet werden.<\/strong><\/em><\/p>\n<p>\u2705 Diese Urne ist nicht f\u00fcr den Au\u00dfenbereich geeignet. Bitte sehen Sie sich unsere <a href=\"https:\/\/www.rememberme-forever.com\/de\/produkt-kategorie\/urnen-fur-den-ausenbereich\/\" target=\"_blank\" rel=\"noopener\"><strong>Outdoor-Urnen &gt;&gt;<\/strong><\/a><\/p>\n","protected":false},"featured_media":25614,"template":"","meta":{"_acf_changed":false},"product_brand":[],"product_cat":[2340,2335],"product_tag":[3340],"class_list":{"0":"post-25615","1":"product","2":"type-product","3":"status-publish","4":"has-post-thumbnail","6":"product_cat-metallurnen","7":"product_cat-partnerurnen","8":"product_tag-gpsr-metal_ss_abs_base","9":"product_shipping_class-2-4kg","11":"first","12":"instock","13":"taxable","14":"shipping-taxable","15":"purchasable","16":"product-type-simple"},"yoast_head":"<!-- This site is optimized with the Yoast SEO plugin v27.4 - https:\/\/yoast.com\/product\/yoast-seo-wordpress\/ -->\n<title>Remember Forever<\/title>\n<meta name=\"description\" content=\"Wir pr\u00e4sentieren unsere personalisierte Partnerurne aus Edelstahl, entworfen, um die Erinnerung an zwei geliebte Menschen zu ehren. Urne f\u00fcr zwei.\" \/>\n<meta name=\"robots\" content=\"index, follow, max-snippet:-1, max-image-preview:large, max-video-preview:-1\" \/>\n<link rel=\"canonical\" href=\"https:\/\/www.rememberme-forever.com\/de\/produkt\/personalisierte-partnerurne-aus-edelstahl-fuer-zwei-personen\/\" \/>\n<meta property=\"og:locale\" content=\"de_DE\" \/>\n<meta property=\"og:type\" content=\"article\" \/>\n<meta property=\"og:description\" content=\"Wir pr\u00e4sentieren unsere personalisierte Partnerurne aus Edelstahl, entworfen, um die Erinnerung an zwei geliebte Menschen zu ehren. Urne f\u00fcr zwei.\" \/>\n<meta property=\"og:url\" content=\"https:\/\/www.rememberme-forever.com\/de\/produkt\/personalisierte-partnerurne-aus-edelstahl-fuer-zwei-personen\/\" \/>\n<meta property=\"og:site_name\" content=\"Remember Forever\" \/>\n<meta property=\"article:modified_time\" content=\"2026-02-19T14:37:14+00:00\" \/>\n<meta property=\"og:image\" content=\"http:\/\/www.rememberme-forever.com\/wp-content\/uploads\/2023\/04\/stainless-steel-companion-urn-personalized.jpg\" \/>\n\t<meta property=\"og:image:width\" content=\"768\" \/>\n\t<meta property=\"og:image:height\" content=\"768\" \/>\n\t<meta property=\"og:image:type\" content=\"image\/jpeg\" \/>\n<meta name=\"twitter:card\" content=\"summary_large_image\" \/>\n<meta name=\"twitter:label1\" content=\"Gesch\u00e4tzte Lesezeit\" \/>\n\t<meta name=\"twitter:data1\" content=\"2\u00a0Minute\" \/>\n<script type=\"application\/ld+json\" class=\"yoast-schema-graph\">{\"@context\":\"https:\\\/\\\/schema.org\",\"@graph\":[{\"@type\":\"WebPage\",\"@id\":\"https:\\\/\\\/www.rememberme-forever.com\\\/de\\\/produkt\\\/personalisierte-partnerurne-aus-edelstahl-fuer-zwei-personen\\\/\",\"url\":\"https:\\\/\\\/www.rememberme-forever.com\\\/de\\\/produkt\\\/personalisierte-partnerurne-aus-edelstahl-fuer-zwei-personen\\\/\",\"name\":\"\",\"isPartOf\":{\"@id\":\"https:\\\/\\\/www.rememberme-forever.com\\\/de\\\/#website\"},\"primaryImageOfPage\":{\"@id\":\"https:\\\/\\\/www.rememberme-forever.com\\\/de\\\/produkt\\\/personalisierte-partnerurne-aus-edelstahl-fuer-zwei-personen\\\/#primaryimage\"},\"image\":{\"@id\":\"https:\\\/\\\/www.rememberme-forever.com\\\/de\\\/produkt\\\/personalisierte-partnerurne-aus-edelstahl-fuer-zwei-personen\\\/#primaryimage\"},\"thumbnailUrl\":\"https:\\\/\\\/www.rememberme-forever.com\\\/wp-content\\\/uploads\\\/2023\\\/04\\\/stainless-steel-companion-urn-personalized.jpg\",\"datePublished\":\"2023-04-12T12:30:48+00:00\",\"dateModified\":\"2026-02-19T14:37:14+00:00\",\"description\":\"Wir pr\u00e4sentieren unsere personalisierte Partnerurne aus Edelstahl, entworfen, um die Erinnerung an zwei geliebte Menschen zu ehren. Urne f\u00fcr zwei.\",\"breadcrumb\":{\"@id\":\"https:\\\/\\\/www.rememberme-forever.com\\\/de\\\/produkt\\\/personalisierte-partnerurne-aus-edelstahl-fuer-zwei-personen\\\/#breadcrumb\"},\"inLanguage\":\"de\",\"potentialAction\":[{\"@type\":\"ReadAction\",\"target\":[\"https:\\\/\\\/www.rememberme-forever.com\\\/de\\\/produkt\\\/personalisierte-partnerurne-aus-edelstahl-fuer-zwei-personen\\\/\"]}]},{\"@type\":\"ImageObject\",\"inLanguage\":\"de\",\"@id\":\"https:\\\/\\\/www.rememberme-forever.com\\\/de\\\/produkt\\\/personalisierte-partnerurne-aus-edelstahl-fuer-zwei-personen\\\/#primaryimage\",\"url\":\"https:\\\/\\\/www.rememberme-forever.com\\\/wp-content\\\/uploads\\\/2023\\\/04\\\/stainless-steel-companion-urn-personalized.jpg\",\"contentUrl\":\"https:\\\/\\\/www.rememberme-forever.com\\\/wp-content\\\/uploads\\\/2023\\\/04\\\/stainless-steel-companion-urn-personalized.jpg\",\"width\":768,\"height\":768,\"caption\":\"Partnerurne aus Edelstahl personalisiert, personalisierte Partnerurne aus Edelstahl f\u00fcr zwei Personen\"},{\"@type\":\"BreadcrumbList\",\"@id\":\"https:\\\/\\\/www.rememberme-forever.com\\\/de\\\/produkt\\\/personalisierte-partnerurne-aus-edelstahl-fuer-zwei-personen\\\/#breadcrumb\",\"itemListElement\":[{\"@type\":\"ListItem\",\"position\":1,\"name\":\"Home\",\"item\":\"https:\\\/\\\/www.rememberme-forever.com\\\/de\\\/startseite\\\/\"},{\"@type\":\"ListItem\",\"position\":2,\"name\":\"Shop\",\"item\":\"https:\\\/\\\/www.rememberme-forever.com\\\/de\\\/shop\\\/\"},{\"@type\":\"ListItem\",\"position\":3,\"name\":\"Personalisierte Partnerurne aus Edelstahl f\u00fcr zwei Personen\"}]},{\"@type\":\"WebSite\",\"@id\":\"https:\\\/\\\/www.rememberme-forever.com\\\/de\\\/#website\",\"url\":\"https:\\\/\\\/www.rememberme-forever.com\\\/de\\\/\",\"name\":\"Remember Forever\",\"description\":\"Cremation urns, funeral urns, urns for ashes\",\"publisher\":{\"@id\":\"https:\\\/\\\/www.rememberme-forever.com\\\/de\\\/#organization\"},\"potentialAction\":[{\"@type\":\"SearchAction\",\"target\":{\"@type\":\"EntryPoint\",\"urlTemplate\":\"https:\\\/\\\/www.rememberme-forever.com\\\/de\\\/?s={search_term_string}\"},\"query-input\":{\"@type\":\"PropertyValueSpecification\",\"valueRequired\":true,\"valueName\":\"search_term_string\"}}],\"inLanguage\":\"de\"},{\"@type\":\"Organization\",\"@id\":\"https:\\\/\\\/www.rememberme-forever.com\\\/de\\\/#organization\",\"name\":\"Remember Forever\",\"url\":\"https:\\\/\\\/www.rememberme-forever.com\\\/de\\\/\",\"logo\":{\"@type\":\"ImageObject\",\"inLanguage\":\"de\",\"@id\":\"https:\\\/\\\/www.rememberme-forever.com\\\/de\\\/#\\\/schema\\\/logo\\\/image\\\/\",\"url\":\"https:\\\/\\\/www.rememberme-forever.com\\\/wp-content\\\/uploads\\\/2023\\\/02\\\/logo.png\",\"contentUrl\":\"https:\\\/\\\/www.rememberme-forever.com\\\/wp-content\\\/uploads\\\/2023\\\/02\\\/logo.png\",\"width\":300,\"height\":56,\"caption\":\"Remember Forever\"},\"image\":{\"@id\":\"https:\\\/\\\/www.rememberme-forever.com\\\/de\\\/#\\\/schema\\\/logo\\\/image\\\/\"}}]}<\/script>\n<!-- \/ Yoast SEO plugin. -->","yoast_head_json":{"title":"Remember Forever","description":"Wir pr\u00e4sentieren unsere personalisierte Partnerurne aus Edelstahl, entworfen, um die Erinnerung an zwei geliebte Menschen zu ehren. Urne f\u00fcr zwei.","robots":{"index":"index","follow":"follow","max-snippet":"max-snippet:-1","max-image-preview":"max-image-preview:large","max-video-preview":"max-video-preview:-1"},"canonical":"https:\/\/www.rememberme-forever.com\/de\/produkt\/personalisierte-partnerurne-aus-edelstahl-fuer-zwei-personen\/","og_locale":"de_DE","og_type":"article","og_description":"Wir pr\u00e4sentieren unsere personalisierte Partnerurne aus Edelstahl, entworfen, um die Erinnerung an zwei geliebte Menschen zu ehren. Urne f\u00fcr zwei.","og_url":"https:\/\/www.rememberme-forever.com\/de\/produkt\/personalisierte-partnerurne-aus-edelstahl-fuer-zwei-personen\/","og_site_name":"Remember Forever","article_modified_time":"2026-02-19T14:37:14+00:00","og_image":[{"width":768,"height":768,"url":"http:\/\/www.rememberme-forever.com\/wp-content\/uploads\/2023\/04\/stainless-steel-companion-urn-personalized.jpg","type":"image\/jpeg"}],"twitter_card":"summary_large_image","twitter_misc":{"Gesch\u00e4tzte Lesezeit":"2\u00a0Minute"},"schema":{"@context":"https:\/\/schema.org","@graph":[{"@type":"WebPage","@id":"https:\/\/www.rememberme-forever.com\/de\/produkt\/personalisierte-partnerurne-aus-edelstahl-fuer-zwei-personen\/","url":"https:\/\/www.rememberme-forever.com\/de\/produkt\/personalisierte-partnerurne-aus-edelstahl-fuer-zwei-personen\/","name":"","isPartOf":{"@id":"https:\/\/www.rememberme-forever.com\/de\/#website"},"primaryImageOfPage":{"@id":"https:\/\/www.rememberme-forever.com\/de\/produkt\/personalisierte-partnerurne-aus-edelstahl-fuer-zwei-personen\/#primaryimage"},"image":{"@id":"https:\/\/www.rememberme-forever.com\/de\/produkt\/personalisierte-partnerurne-aus-edelstahl-fuer-zwei-personen\/#primaryimage"},"thumbnailUrl":"https:\/\/www.rememberme-forever.com\/wp-content\/uploads\/2023\/04\/stainless-steel-companion-urn-personalized.jpg","datePublished":"2023-04-12T12:30:48+00:00","dateModified":"2026-02-19T14:37:14+00:00","description":"Wir pr\u00e4sentieren unsere personalisierte Partnerurne aus Edelstahl, entworfen, um die Erinnerung an zwei geliebte Menschen zu ehren. Urne f\u00fcr zwei.","breadcrumb":{"@id":"https:\/\/www.rememberme-forever.com\/de\/produkt\/personalisierte-partnerurne-aus-edelstahl-fuer-zwei-personen\/#breadcrumb"},"inLanguage":"de","potentialAction":[{"@type":"ReadAction","target":["https:\/\/www.rememberme-forever.com\/de\/produkt\/personalisierte-partnerurne-aus-edelstahl-fuer-zwei-personen\/"]}]},{"@type":"ImageObject","inLanguage":"de","@id":"https:\/\/www.rememberme-forever.com\/de\/produkt\/personalisierte-partnerurne-aus-edelstahl-fuer-zwei-personen\/#primaryimage","url":"https:\/\/www.rememberme-forever.com\/wp-content\/uploads\/2023\/04\/stainless-steel-companion-urn-personalized.jpg","contentUrl":"https:\/\/www.rememberme-forever.com\/wp-content\/uploads\/2023\/04\/stainless-steel-companion-urn-personalized.jpg","width":768,"height":768,"caption":"Partnerurne aus Edelstahl personalisiert, personalisierte Partnerurne aus Edelstahl f\u00fcr zwei Personen"},{"@type":"BreadcrumbList","@id":"https:\/\/www.rememberme-forever.com\/de\/produkt\/personalisierte-partnerurne-aus-edelstahl-fuer-zwei-personen\/#breadcrumb","itemListElement":[{"@type":"ListItem","position":1,"name":"Home","item":"https:\/\/www.rememberme-forever.com\/de\/startseite\/"},{"@type":"ListItem","position":2,"name":"Shop","item":"https:\/\/www.rememberme-forever.com\/de\/shop\/"},{"@type":"ListItem","position":3,"name":"Personalisierte Partnerurne aus Edelstahl f\u00fcr zwei Personen"}]},{"@type":"WebSite","@id":"https:\/\/www.rememberme-forever.com\/de\/#website","url":"https:\/\/www.rememberme-forever.com\/de\/","name":"Remember Forever","description":"Cremation urns, funeral urns, urns for ashes","publisher":{"@id":"https:\/\/www.rememberme-forever.com\/de\/#organization"},"potentialAction":[{"@type":"SearchAction","target":{"@type":"EntryPoint","urlTemplate":"https:\/\/www.rememberme-forever.com\/de\/?s={search_term_string}"},"query-input":{"@type":"PropertyValueSpecification","valueRequired":true,"valueName":"search_term_string"}}],"inLanguage":"de"},{"@type":"Organization","@id":"https:\/\/www.rememberme-forever.com\/de\/#organization","name":"Remember Forever","url":"https:\/\/www.rememberme-forever.com\/de\/","logo":{"@type":"ImageObject","inLanguage":"de","@id":"https:\/\/www.rememberme-forever.com\/de\/#\/schema\/logo\/image\/","url":"https:\/\/www.rememberme-forever.com\/wp-content\/uploads\/2023\/02\/logo.png","contentUrl":"https:\/\/www.rememberme-forever.com\/wp-content\/uploads\/2023\/02\/logo.png","width":300,"height":56,"caption":"Remember Forever"},"image":{"@id":"https:\/\/www.rememberme-forever.com\/de\/#\/schema\/logo\/image\/"}}]}},"acf":[],"_links":{"self":[{"href":"https:\/\/www.rememberme-forever.com\/de\/wp-json\/wp\/v2\/product\/25615","targetHints":{"allow":["GET"]}}],"collection":[{"href":"https:\/\/www.rememberme-forever.com\/de\/wp-json\/wp\/v2\/product"}],"about":[{"href":"https:\/\/www.rememberme-forever.com\/de\/wp-json\/wp\/v2\/types\/product"}],"wp:featuredmedia":[{"embeddable":true,"href":"https:\/\/www.rememberme-forever.com\/de\/wp-json\/wp\/v2\/media\/25614"}],"wp:attachment":[{"href":"https:\/\/www.rememberme-forever.com\/de\/wp-json\/wp\/v2\/media?parent=25615"}],"wp:term":[{"taxonomy":"product_brand","embeddable":true,"href":"https:\/\/www.rememberme-forever.com\/de\/wp-json\/wp\/v2\/product_brand?post=25615"},{"taxonomy":"product_cat","embeddable":true,"href":"https:\/\/www.rememberme-forever.com\/de\/wp-json\/wp\/v2\/product_cat?post=25615"},{"taxonomy":"product_tag","embeddable":true,"href":"https:\/\/www.rememberme-forever.com\/de\/wp-json\/wp\/v2\/product_tag?post=25615"}],"curies":[{"name":"wp","href":"https:\/\/api.w.org\/{rel}","templated":true}]}}