{"id":25636,"date":"2023-04-12T14:54:23","date_gmt":"2023-04-12T12:54:23","guid":{"rendered":"https:\/\/www.rememberme-forever.com\/product\/rote-metall-bestattungsurne\/"},"modified":"2026-02-20T10:35:27","modified_gmt":"2026-02-20T09:35:27","slug":"rote-metall-bestattungsurne","status":"publish","type":"product","link":"https:\/\/www.rememberme-forever.com\/de\/produkt\/rote-metall-bestattungsurne\/","title":{"rendered":"Rote Metall-Bestattungsurne"},"content":{"rendered":"<h2 style=\"text-align: center;\">Rote Metall-Bestattungsurne<\/h2>\n<p style=\"text-align: center;\">Wir pr\u00e4sentieren unsere wundersch\u00f6ne <strong>rote Metall-Bestattungsurne<\/strong> \u2013 die perfekte Wahl, um die Erinnerung an Ihren geliebten Menschen zu ehren und zu bewahren. Diese Urne wird mit Sorgfalt und Pr\u00e4zision gefertigt und bietet eine sichere und w\u00fcrdevolle letzte Ruhest\u00e4tte.<\/p>\n<p style=\"text-align: center;\">Die Urne besteht aus hochwertigem Metall in einem leuchtenden Rot \u2013 ein Symbol f\u00fcr Liebe, Leidenschaft und die W\u00e4rme des Herzens. Sie ist f\u00fcr die Asche eines Erwachsenen ausgelegt.<\/p>\n<p style=\"text-align: center;\">F\u00fcr eine pers\u00f6nliche Note k\u00f6nnen Sie eine Gedenkplakette hinzuf\u00fcgen. Diese l\u00e4sst sich mit Name, Daten und einer kurzen Botschaft Ihrer Wahl individualisieren, damit die Erinnerung an Ihren geliebten Menschen \u00fcber viele Jahre bewahrt bleibt.<\/p>\n<p style=\"text-align: center;\">Diese Urne eignet sich f\u00fcr verschiedene Orte, darunter Zuhause, B\u00fcro und Gedenkg\u00e4rten. Sie verf\u00fcgt \u00fcber einen sicheren Verschluss, damit die Asche gesch\u00fctzt und unber\u00fchrt bleibt.<\/p>\n<p>&nbsp;<\/p>\n<h3 style=\"text-align: center;\"><strong>PERSONALISIERUNG<\/strong><\/h3>\n<p style=\"text-align: center;\">Wenn Sie sich f\u00fcr eine personalisierte Plakette entscheiden, geben Sie bitte den Text im Rahmen der Produktpersonalisierung ein.<\/p>\n<p style=\"text-align: center;\">Die personalisierte Gedenktafel muss bei der Bestellung individuell gestaltet werden. (Bitte keine Panik, wenn Sie das vergessen haben, denn Sie k\u00f6nnen uns auch noch nachtr\u00e4glich eine Nachricht schicken).<\/p>\n<p style=\"text-align: center;\">Bitte \u00fcberpr\u00fcfen Sie den zu gravierenden Text sorgf\u00e4ltig, bevor Sie den Artikel in den Warenkorb legen. Wir kopieren und gravieren genau die Informationen, die wir mit der Bestellung erhalten und nehmen bei uns keine \u00c4nderungen vor.<\/p>\n<p style=\"text-align: center;\"><strong>Bitte \u00fcberpr\u00fcfen Sie den Text, um sicherzustellen, dass alle Schreibweisen korrekt sind.<\/strong><\/p>\n<p><img loading=\"lazy\" decoding=\"async\" class=\" wp-image-1453 aligncenter\" src=\"http:\/\/www.rememberme-forever.com\/wp-content\/uploads\/2023\/04\/silver-plaque-urn-295x300.jpg\" alt=\"Silberne Urne\" width=\"192\" height=\"195\" srcset=\"https:\/\/www.rememberme-forever.com\/wp-content\/uploads\/2023\/04\/silver-plaque-urn-295x300.jpg 295w, https:\/\/www.rememberme-forever.com\/wp-content\/uploads\/2023\/04\/silver-plaque-urn-600x610.jpg 600w, https:\/\/www.rememberme-forever.com\/wp-content\/uploads\/2023\/04\/silver-plaque-urn-64x65.jpg 64w, https:\/\/www.rememberme-forever.com\/wp-content\/uploads\/2023\/04\/silver-plaque-urn.jpg 768w\" sizes=\"auto, (max-width: 192px) 100vw, 192px\" \/><\/p>\n<p style=\"text-align: center;\"><strong><em>Die Gedenktafel wird separat mit dem St\u00e4nder geliefert (siehe Abbildung).<\/em><\/strong><\/p>\n<p style=\"text-align: center;\"><strong><em>(Der St\u00e4nder f\u00fcr die Gedenktafel besteht aus transparentem Plexiglas.)<\/em><\/strong><\/p>\n","protected":false},"excerpt":{"rendered":"<p>Rot-wei\u00dfe Metall-Kremationsurnen f\u00fcr Asche.<\/p>\n<p><em><strong> Geeignet f\u00fcr Asche bis zu einem K\u00f6rpergewicht von ca. 110 kg. <\/strong><\/em><\/p>\n","protected":false},"featured_media":25632,"template":"","meta":{"_acf_changed":false},"product_brand":[],"product_cat":[2340],"product_tag":[3336],"class_list":{"0":"post-25636","1":"product","2":"type-product","3":"status-publish","4":"has-post-thumbnail","6":"product_cat-metallurnen","7":"product_tag-gpsr-metal-urns","8":"product_shipping_class-1-2-kg-de","10":"first","11":"instock","12":"taxable","13":"shipping-taxable","14":"purchasable","15":"product-type-variable"},"yoast_head":"<!-- This site is optimized with the Yoast SEO plugin v27.4 - https:\/\/yoast.com\/product\/yoast-seo-wordpress\/ -->\n<title>Remember Forever<\/title>\n<meta name=\"description\" content=\"Wir pr\u00e4sentieren unsere wundersch\u00f6ne rote Metall-Bestattungsurne \u2013 die perfekte Wahl, um die Erinnerung an Ihren geliebten Menschen zu ehren und zu bewahren.\" \/>\n<meta name=\"robots\" content=\"index, follow, max-snippet:-1, max-image-preview:large, max-video-preview:-1\" \/>\n<link rel=\"canonical\" href=\"https:\/\/www.rememberme-forever.com\/de\/produkt\/rote-metall-bestattungsurne\/\" \/>\n<meta property=\"og:locale\" content=\"de_DE\" \/>\n<meta property=\"og:type\" content=\"article\" \/>\n<meta property=\"og:description\" content=\"Wir pr\u00e4sentieren unsere wundersch\u00f6ne rote Metall-Bestattungsurne \u2013 die perfekte Wahl, um die Erinnerung an Ihren geliebten Menschen zu ehren und zu bewahren.\" \/>\n<meta property=\"og:url\" content=\"https:\/\/www.rememberme-forever.com\/de\/produkt\/rote-metall-bestattungsurne\/\" \/>\n<meta property=\"og:site_name\" content=\"Remember Forever\" \/>\n<meta property=\"article:modified_time\" content=\"2026-02-20T09:35:27+00:00\" \/>\n<meta property=\"og:image\" content=\"http:\/\/www.rememberme-forever.com\/wp-content\/uploads\/2023\/04\/red-metal-burial-urn.jpg\" \/>\n\t<meta property=\"og:image:width\" content=\"1599\" \/>\n\t<meta property=\"og:image:height\" content=\"1599\" \/>\n\t<meta property=\"og:image:type\" content=\"image\/jpeg\" \/>\n<meta name=\"twitter:card\" content=\"summary_large_image\" \/>\n<meta name=\"twitter:label1\" content=\"Gesch\u00e4tzte Lesezeit\" \/>\n\t<meta name=\"twitter:data1\" content=\"2\u00a0Minute\" \/>\n<script type=\"application\/ld+json\" class=\"yoast-schema-graph\">{\"@context\":\"https:\\\/\\\/schema.org\",\"@graph\":[{\"@type\":\"WebPage\",\"@id\":\"https:\\\/\\\/www.rememberme-forever.com\\\/de\\\/produkt\\\/rote-metall-bestattungsurne\\\/\",\"url\":\"https:\\\/\\\/www.rememberme-forever.com\\\/de\\\/produkt\\\/rote-metall-bestattungsurne\\\/\",\"name\":\"\",\"isPartOf\":{\"@id\":\"https:\\\/\\\/www.rememberme-forever.com\\\/de\\\/#website\"},\"primaryImageOfPage\":{\"@id\":\"https:\\\/\\\/www.rememberme-forever.com\\\/de\\\/produkt\\\/rote-metall-bestattungsurne\\\/#primaryimage\"},\"image\":{\"@id\":\"https:\\\/\\\/www.rememberme-forever.com\\\/de\\\/produkt\\\/rote-metall-bestattungsurne\\\/#primaryimage\"},\"thumbnailUrl\":\"https:\\\/\\\/www.rememberme-forever.com\\\/wp-content\\\/uploads\\\/2023\\\/04\\\/red-metal-burial-urn.jpg\",\"datePublished\":\"2023-04-12T12:54:23+00:00\",\"dateModified\":\"2026-02-20T09:35:27+00:00\",\"description\":\"Wir pr\u00e4sentieren unsere wundersch\u00f6ne rote Metall-Bestattungsurne \u2013 die perfekte Wahl, um die Erinnerung an Ihren geliebten Menschen zu ehren und zu bewahren.\",\"breadcrumb\":{\"@id\":\"https:\\\/\\\/www.rememberme-forever.com\\\/de\\\/produkt\\\/rote-metall-bestattungsurne\\\/#breadcrumb\"},\"inLanguage\":\"de\",\"potentialAction\":[{\"@type\":\"ReadAction\",\"target\":[\"https:\\\/\\\/www.rememberme-forever.com\\\/de\\\/produkt\\\/rote-metall-bestattungsurne\\\/\"]}]},{\"@type\":\"ImageObject\",\"inLanguage\":\"de\",\"@id\":\"https:\\\/\\\/www.rememberme-forever.com\\\/de\\\/produkt\\\/rote-metall-bestattungsurne\\\/#primaryimage\",\"url\":\"https:\\\/\\\/www.rememberme-forever.com\\\/wp-content\\\/uploads\\\/2023\\\/04\\\/red-metal-burial-urn.jpg\",\"contentUrl\":\"https:\\\/\\\/www.rememberme-forever.com\\\/wp-content\\\/uploads\\\/2023\\\/04\\\/red-metal-burial-urn.jpg\",\"width\":1599,\"height\":1599,\"caption\":\"Rote Metall-Bestattungsurne\"},{\"@type\":\"BreadcrumbList\",\"@id\":\"https:\\\/\\\/www.rememberme-forever.com\\\/de\\\/produkt\\\/rote-metall-bestattungsurne\\\/#breadcrumb\",\"itemListElement\":[{\"@type\":\"ListItem\",\"position\":1,\"name\":\"Home\",\"item\":\"https:\\\/\\\/www.rememberme-forever.com\\\/de\\\/startseite\\\/\"},{\"@type\":\"ListItem\",\"position\":2,\"name\":\"Shop\",\"item\":\"https:\\\/\\\/www.rememberme-forever.com\\\/de\\\/shop\\\/\"},{\"@type\":\"ListItem\",\"position\":3,\"name\":\"Rote Metall-Bestattungsurne\"}]},{\"@type\":\"WebSite\",\"@id\":\"https:\\\/\\\/www.rememberme-forever.com\\\/de\\\/#website\",\"url\":\"https:\\\/\\\/www.rememberme-forever.com\\\/de\\\/\",\"name\":\"Remember Forever\",\"description\":\"Cremation urns, funeral urns, urns for ashes\",\"publisher\":{\"@id\":\"https:\\\/\\\/www.rememberme-forever.com\\\/de\\\/#organization\"},\"potentialAction\":[{\"@type\":\"SearchAction\",\"target\":{\"@type\":\"EntryPoint\",\"urlTemplate\":\"https:\\\/\\\/www.rememberme-forever.com\\\/de\\\/?s={search_term_string}\"},\"query-input\":{\"@type\":\"PropertyValueSpecification\",\"valueRequired\":true,\"valueName\":\"search_term_string\"}}],\"inLanguage\":\"de\"},{\"@type\":\"Organization\",\"@id\":\"https:\\\/\\\/www.rememberme-forever.com\\\/de\\\/#organization\",\"name\":\"Remember Forever\",\"url\":\"https:\\\/\\\/www.rememberme-forever.com\\\/de\\\/\",\"logo\":{\"@type\":\"ImageObject\",\"inLanguage\":\"de\",\"@id\":\"https:\\\/\\\/www.rememberme-forever.com\\\/de\\\/#\\\/schema\\\/logo\\\/image\\\/\",\"url\":\"https:\\\/\\\/www.rememberme-forever.com\\\/wp-content\\\/uploads\\\/2023\\\/02\\\/logo.png\",\"contentUrl\":\"https:\\\/\\\/www.rememberme-forever.com\\\/wp-content\\\/uploads\\\/2023\\\/02\\\/logo.png\",\"width\":300,\"height\":56,\"caption\":\"Remember Forever\"},\"image\":{\"@id\":\"https:\\\/\\\/www.rememberme-forever.com\\\/de\\\/#\\\/schema\\\/logo\\\/image\\\/\"}}]}<\/script>\n<!-- \/ Yoast SEO plugin. -->","yoast_head_json":{"title":"Remember Forever","description":"Wir pr\u00e4sentieren unsere wundersch\u00f6ne rote Metall-Bestattungsurne \u2013 die perfekte Wahl, um die Erinnerung an Ihren geliebten Menschen zu ehren und zu bewahren.","robots":{"index":"index","follow":"follow","max-snippet":"max-snippet:-1","max-image-preview":"max-image-preview:large","max-video-preview":"max-video-preview:-1"},"canonical":"https:\/\/www.rememberme-forever.com\/de\/produkt\/rote-metall-bestattungsurne\/","og_locale":"de_DE","og_type":"article","og_description":"Wir pr\u00e4sentieren unsere wundersch\u00f6ne rote Metall-Bestattungsurne \u2013 die perfekte Wahl, um die Erinnerung an Ihren geliebten Menschen zu ehren und zu bewahren.","og_url":"https:\/\/www.rememberme-forever.com\/de\/produkt\/rote-metall-bestattungsurne\/","og_site_name":"Remember Forever","article_modified_time":"2026-02-20T09:35:27+00:00","og_image":[{"width":1599,"height":1599,"url":"http:\/\/www.rememberme-forever.com\/wp-content\/uploads\/2023\/04\/red-metal-burial-urn.jpg","type":"image\/jpeg"}],"twitter_card":"summary_large_image","twitter_misc":{"Gesch\u00e4tzte Lesezeit":"2\u00a0Minute"},"schema":{"@context":"https:\/\/schema.org","@graph":[{"@type":"WebPage","@id":"https:\/\/www.rememberme-forever.com\/de\/produkt\/rote-metall-bestattungsurne\/","url":"https:\/\/www.rememberme-forever.com\/de\/produkt\/rote-metall-bestattungsurne\/","name":"","isPartOf":{"@id":"https:\/\/www.rememberme-forever.com\/de\/#website"},"primaryImageOfPage":{"@id":"https:\/\/www.rememberme-forever.com\/de\/produkt\/rote-metall-bestattungsurne\/#primaryimage"},"image":{"@id":"https:\/\/www.rememberme-forever.com\/de\/produkt\/rote-metall-bestattungsurne\/#primaryimage"},"thumbnailUrl":"https:\/\/www.rememberme-forever.com\/wp-content\/uploads\/2023\/04\/red-metal-burial-urn.jpg","datePublished":"2023-04-12T12:54:23+00:00","dateModified":"2026-02-20T09:35:27+00:00","description":"Wir pr\u00e4sentieren unsere wundersch\u00f6ne rote Metall-Bestattungsurne \u2013 die perfekte Wahl, um die Erinnerung an Ihren geliebten Menschen zu ehren und zu bewahren.","breadcrumb":{"@id":"https:\/\/www.rememberme-forever.com\/de\/produkt\/rote-metall-bestattungsurne\/#breadcrumb"},"inLanguage":"de","potentialAction":[{"@type":"ReadAction","target":["https:\/\/www.rememberme-forever.com\/de\/produkt\/rote-metall-bestattungsurne\/"]}]},{"@type":"ImageObject","inLanguage":"de","@id":"https:\/\/www.rememberme-forever.com\/de\/produkt\/rote-metall-bestattungsurne\/#primaryimage","url":"https:\/\/www.rememberme-forever.com\/wp-content\/uploads\/2023\/04\/red-metal-burial-urn.jpg","contentUrl":"https:\/\/www.rememberme-forever.com\/wp-content\/uploads\/2023\/04\/red-metal-burial-urn.jpg","width":1599,"height":1599,"caption":"Rote Metall-Bestattungsurne"},{"@type":"BreadcrumbList","@id":"https:\/\/www.rememberme-forever.com\/de\/produkt\/rote-metall-bestattungsurne\/#breadcrumb","itemListElement":[{"@type":"ListItem","position":1,"name":"Home","item":"https:\/\/www.rememberme-forever.com\/de\/startseite\/"},{"@type":"ListItem","position":2,"name":"Shop","item":"https:\/\/www.rememberme-forever.com\/de\/shop\/"},{"@type":"ListItem","position":3,"name":"Rote Metall-Bestattungsurne"}]},{"@type":"WebSite","@id":"https:\/\/www.rememberme-forever.com\/de\/#website","url":"https:\/\/www.rememberme-forever.com\/de\/","name":"Remember Forever","description":"Cremation urns, funeral urns, urns for ashes","publisher":{"@id":"https:\/\/www.rememberme-forever.com\/de\/#organization"},"potentialAction":[{"@type":"SearchAction","target":{"@type":"EntryPoint","urlTemplate":"https:\/\/www.rememberme-forever.com\/de\/?s={search_term_string}"},"query-input":{"@type":"PropertyValueSpecification","valueRequired":true,"valueName":"search_term_string"}}],"inLanguage":"de"},{"@type":"Organization","@id":"https:\/\/www.rememberme-forever.com\/de\/#organization","name":"Remember Forever","url":"https:\/\/www.rememberme-forever.com\/de\/","logo":{"@type":"ImageObject","inLanguage":"de","@id":"https:\/\/www.rememberme-forever.com\/de\/#\/schema\/logo\/image\/","url":"https:\/\/www.rememberme-forever.com\/wp-content\/uploads\/2023\/02\/logo.png","contentUrl":"https:\/\/www.rememberme-forever.com\/wp-content\/uploads\/2023\/02\/logo.png","width":300,"height":56,"caption":"Remember Forever"},"image":{"@id":"https:\/\/www.rememberme-forever.com\/de\/#\/schema\/logo\/image\/"}}]}},"acf":[],"_links":{"self":[{"href":"https:\/\/www.rememberme-forever.com\/de\/wp-json\/wp\/v2\/product\/25636","targetHints":{"allow":["GET"]}}],"collection":[{"href":"https:\/\/www.rememberme-forever.com\/de\/wp-json\/wp\/v2\/product"}],"about":[{"href":"https:\/\/www.rememberme-forever.com\/de\/wp-json\/wp\/v2\/types\/product"}],"wp:featuredmedia":[{"embeddable":true,"href":"https:\/\/www.rememberme-forever.com\/de\/wp-json\/wp\/v2\/media\/25632"}],"wp:attachment":[{"href":"https:\/\/www.rememberme-forever.com\/de\/wp-json\/wp\/v2\/media?parent=25636"}],"wp:term":[{"taxonomy":"product_brand","embeddable":true,"href":"https:\/\/www.rememberme-forever.com\/de\/wp-json\/wp\/v2\/product_brand?post=25636"},{"taxonomy":"product_cat","embeddable":true,"href":"https:\/\/www.rememberme-forever.com\/de\/wp-json\/wp\/v2\/product_cat?post=25636"},{"taxonomy":"product_tag","embeddable":true,"href":"https:\/\/www.rememberme-forever.com\/de\/wp-json\/wp\/v2\/product_tag?post=25636"}],"curies":[{"name":"wp","href":"https:\/\/api.w.org\/{rel}","templated":true}]}}