{"id":25668,"date":"2023-04-12T15:36:38","date_gmt":"2023-04-12T13:36:38","guid":{"rendered":"https:\/\/www.rememberme-forever.com\/product\/rote-feuerbestattungsurne-fuer-asche-mit-rose-oder-kreuz\/"},"modified":"2026-02-20T10:37:41","modified_gmt":"2026-02-20T09:37:41","slug":"rote-feuerbestattungsurne-fuer-asche-mit-rose-oder-kreuz","status":"publish","type":"product","link":"https:\/\/www.rememberme-forever.com\/de\/produkt\/rote-feuerbestattungsurne-fuer-asche-mit-rose-oder-kreuz\/","title":{"rendered":"Rote Feuerbestattungsurne f\u00fcr Asche mit Rose oder Kreuz"},"content":{"rendered":"<h2 style=\"text-align: center;\">Rote Feuerbestattungsurne f\u00fcr Asche mit Rose oder Kreuz<\/h2>\n<p style=\"text-align: center;\">Wir pr\u00e4sentieren unsere exquisite <strong>rote Feuerbestattungsurne f\u00fcr Asche<\/strong>, verziert mit einem wundersch\u00f6nen Rosen- oder Kreuzmotiv. Diese Urne wird mit Pr\u00e4zision und Sorgfalt aus hochwertigen Materialien gefertigt, um eine sichere und w\u00fcrdevolle letzte Ruhest\u00e4tte f\u00fcr Ihren geliebten Menschen zu gew\u00e4hrleisten.<\/p>\n<p style=\"text-align: center;\">Die Urne besteht aus robustem Metall und verf\u00fcgt \u00fcber eine gl\u00e4nzende rote Oberfl\u00e4che, die Liebe, Leidenschaft und die W\u00e4rme des Herzens symbolisiert. Das Rosen- oder Kreuzmotiv auf der Vorderseite verleiht der Urne einen Hauch von Eleganz und Sch\u00f6nheit und macht sie zu einem einzigartigen und wertvollen Erinnerungsst\u00fcck.<\/p>\n<p style=\"text-align: center;\">Diese Urne ist f\u00fcr die Aufnahme der kremierten \u00dcberreste eines Erwachsenen geeignet. Sie ist als sichere und diskrete letzte Ruhest\u00e4tte konzipiert und verf\u00fcgt \u00fcber einen dicht schlie\u00dfenden Deckel, der die Asche sicher und unber\u00fchrt bewahrt.<\/p>\n<p style=\"text-align: center;\">Das Rosen- oder Kreuzmotiv ist mit Pr\u00e4zision und Liebe zum Detail gefertigt und verleiht der Urne eine besondere pers\u00f6nliche Note. Die Rose steht f\u00fcr Liebe, Sch\u00f6nheit und ewige Hingabe, w\u00e4hrend das Kreuz Glauben, Hoffnung und Trost symbolisiert.<\/p>\n<p>&nbsp;<\/p>\n<h3 style=\"text-align: center;\"><strong>PERSONALISIERUNG<\/strong><\/h3>\n<p style=\"text-align: center;\">Wenn Sie sich f\u00fcr eine personalisierte Plakette entscheiden, geben Sie bitte den Text im Rahmen der Produktpersonalisierung ein.<\/p>\n<p style=\"text-align: center;\">Die personalisierte Gedenktafel muss bei der Bestellung individuell gestaltet werden. (Bitte keine Panik, wenn Sie das vergessen haben, denn Sie k\u00f6nnen uns auch noch nachtr\u00e4glich eine Nachricht schicken).<\/p>\n<p style=\"text-align: center;\">Bitte \u00fcberpr\u00fcfen Sie den zu gravierenden Text sorgf\u00e4ltig, bevor Sie den Artikel in den Warenkorb legen. Wir kopieren und gravieren genau die Informationen, die wir mit der Bestellung erhalten und nehmen bei uns keine \u00c4nderungen vor.<\/p>\n<p style=\"text-align: center;\"><strong>Bitte \u00fcberpr\u00fcfen Sie den Text, um sicherzustellen, dass alle Schreibweisen korrekt sind.<\/strong><\/p>\n<p><img loading=\"lazy\" decoding=\"async\" class=\" wp-image-698 aligncenter\" src=\"http:\/\/www.rememberme-forever.com\/wp-content\/uploads\/2023\/03\/gold-plaque-urn-295x300.jpg\" alt=\"Goldene Urne\" width=\"211\" height=\"215\" srcset=\"https:\/\/www.rememberme-forever.com\/wp-content\/uploads\/2023\/03\/gold-plaque-urn-295x300.jpg 295w, https:\/\/www.rememberme-forever.com\/wp-content\/uploads\/2023\/03\/gold-plaque-urn-600x610.jpg 600w, https:\/\/www.rememberme-forever.com\/wp-content\/uploads\/2023\/03\/gold-plaque-urn-64x65.jpg 64w, https:\/\/www.rememberme-forever.com\/wp-content\/uploads\/2023\/03\/gold-plaque-urn.jpg 768w\" sizes=\"auto, (max-width: 211px) 100vw, 211px\" \/><\/p>\n<p style=\"text-align: center;\"><strong><em>Die Gedenktafel wird separat mit dem St\u00e4nder geliefert (siehe Abbildung).<\/em><\/strong><\/p>\n<p style=\"text-align: center;\"><strong><em>(Der St\u00e4nder f\u00fcr die Gedenktafel besteht aus transparentem Plexiglas.)<\/em><\/strong><\/p>\n","protected":false},"excerpt":{"rendered":"<p>Einzigartige rote Urne f\u00fcr menschliche Asche.<\/p>\n<p><em><strong>Geeignet f\u00fcr Asche bis zu einem K\u00f6rpergewicht von ca. 110 kg. <\/strong><\/em><\/p>\n","protected":false},"featured_media":25666,"template":"","meta":{"_acf_changed":false},"product_brand":[],"product_cat":[2340],"product_tag":[3336],"class_list":{"0":"post-25668","1":"product","2":"type-product","3":"status-publish","4":"has-post-thumbnail","6":"product_cat-metallurnen","7":"product_tag-gpsr-metal-urns","8":"product_shipping_class-1-2-kg-de","10":"first","11":"instock","12":"taxable","13":"shipping-taxable","14":"purchasable","15":"product-type-variable"},"yoast_head":"<!-- This site is optimized with the Yoast SEO plugin v27.4 - https:\/\/yoast.com\/product\/yoast-seo-wordpress\/ -->\n<title>Remember Forever<\/title>\n<meta name=\"description\" content=\"Wir pr\u00e4sentieren unsere exquisite rote Feuerbestattungsurne f\u00fcr Asche, verziert mit einem wundersch\u00f6nen Rosen- oder Kreuzmotiv. Feuerbestattungsurne f\u00fcr menschliche Asche.\" \/>\n<meta name=\"robots\" content=\"index, follow, max-snippet:-1, max-image-preview:large, max-video-preview:-1\" \/>\n<link rel=\"canonical\" href=\"https:\/\/www.rememberme-forever.com\/de\/produkt\/rote-feuerbestattungsurne-fuer-asche-mit-rose-oder-kreuz\/\" \/>\n<meta property=\"og:locale\" content=\"de_DE\" \/>\n<meta property=\"og:type\" content=\"article\" \/>\n<meta property=\"og:description\" content=\"Wir pr\u00e4sentieren unsere exquisite rote Feuerbestattungsurne f\u00fcr Asche, verziert mit einem wundersch\u00f6nen Rosen- oder Kreuzmotiv. Feuerbestattungsurne f\u00fcr menschliche Asche.\" \/>\n<meta property=\"og:url\" content=\"https:\/\/www.rememberme-forever.com\/de\/produkt\/rote-feuerbestattungsurne-fuer-asche-mit-rose-oder-kreuz\/\" \/>\n<meta property=\"og:site_name\" content=\"Remember Forever\" \/>\n<meta property=\"article:modified_time\" content=\"2026-02-20T09:37:41+00:00\" \/>\n<meta property=\"og:image\" content=\"http:\/\/www.rememberme-forever.com\/wp-content\/uploads\/2023\/04\/red-cremation-urn-for-ashes-with-rose.jpg\" \/>\n\t<meta property=\"og:image:width\" content=\"768\" \/>\n\t<meta property=\"og:image:height\" content=\"781\" \/>\n\t<meta property=\"og:image:type\" content=\"image\/jpeg\" \/>\n<meta name=\"twitter:card\" content=\"summary_large_image\" \/>\n<meta name=\"twitter:label1\" content=\"Gesch\u00e4tzte Lesezeit\" \/>\n\t<meta name=\"twitter:data1\" content=\"2\u00a0Minute\" \/>\n<script type=\"application\/ld+json\" class=\"yoast-schema-graph\">{\"@context\":\"https:\\\/\\\/schema.org\",\"@graph\":[{\"@type\":\"WebPage\",\"@id\":\"https:\\\/\\\/www.rememberme-forever.com\\\/de\\\/produkt\\\/rote-feuerbestattungsurne-fuer-asche-mit-rose-oder-kreuz\\\/\",\"url\":\"https:\\\/\\\/www.rememberme-forever.com\\\/de\\\/produkt\\\/rote-feuerbestattungsurne-fuer-asche-mit-rose-oder-kreuz\\\/\",\"name\":\"\",\"isPartOf\":{\"@id\":\"https:\\\/\\\/www.rememberme-forever.com\\\/de\\\/#website\"},\"primaryImageOfPage\":{\"@id\":\"https:\\\/\\\/www.rememberme-forever.com\\\/de\\\/produkt\\\/rote-feuerbestattungsurne-fuer-asche-mit-rose-oder-kreuz\\\/#primaryimage\"},\"image\":{\"@id\":\"https:\\\/\\\/www.rememberme-forever.com\\\/de\\\/produkt\\\/rote-feuerbestattungsurne-fuer-asche-mit-rose-oder-kreuz\\\/#primaryimage\"},\"thumbnailUrl\":\"https:\\\/\\\/www.rememberme-forever.com\\\/wp-content\\\/uploads\\\/2023\\\/04\\\/red-cremation-urn-for-ashes-with-rose.jpg\",\"datePublished\":\"2023-04-12T13:36:38+00:00\",\"dateModified\":\"2026-02-20T09:37:41+00:00\",\"description\":\"Wir pr\u00e4sentieren unsere exquisite rote Feuerbestattungsurne f\u00fcr Asche, verziert mit einem wundersch\u00f6nen Rosen- oder Kreuzmotiv. Feuerbestattungsurne f\u00fcr menschliche Asche.\",\"breadcrumb\":{\"@id\":\"https:\\\/\\\/www.rememberme-forever.com\\\/de\\\/produkt\\\/rote-feuerbestattungsurne-fuer-asche-mit-rose-oder-kreuz\\\/#breadcrumb\"},\"inLanguage\":\"de\",\"potentialAction\":[{\"@type\":\"ReadAction\",\"target\":[\"https:\\\/\\\/www.rememberme-forever.com\\\/de\\\/produkt\\\/rote-feuerbestattungsurne-fuer-asche-mit-rose-oder-kreuz\\\/\"]}]},{\"@type\":\"ImageObject\",\"inLanguage\":\"de\",\"@id\":\"https:\\\/\\\/www.rememberme-forever.com\\\/de\\\/produkt\\\/rote-feuerbestattungsurne-fuer-asche-mit-rose-oder-kreuz\\\/#primaryimage\",\"url\":\"https:\\\/\\\/www.rememberme-forever.com\\\/wp-content\\\/uploads\\\/2023\\\/04\\\/red-cremation-urn-for-ashes-with-rose.jpg\",\"contentUrl\":\"https:\\\/\\\/www.rememberme-forever.com\\\/wp-content\\\/uploads\\\/2023\\\/04\\\/red-cremation-urn-for-ashes-with-rose.jpg\",\"width\":768,\"height\":781,\"caption\":\"rote Feuerbestattungsurne f\u00fcr Asche mit Rose\"},{\"@type\":\"BreadcrumbList\",\"@id\":\"https:\\\/\\\/www.rememberme-forever.com\\\/de\\\/produkt\\\/rote-feuerbestattungsurne-fuer-asche-mit-rose-oder-kreuz\\\/#breadcrumb\",\"itemListElement\":[{\"@type\":\"ListItem\",\"position\":1,\"name\":\"Home\",\"item\":\"https:\\\/\\\/www.rememberme-forever.com\\\/de\\\/startseite\\\/\"},{\"@type\":\"ListItem\",\"position\":2,\"name\":\"Shop\",\"item\":\"https:\\\/\\\/www.rememberme-forever.com\\\/de\\\/shop\\\/\"},{\"@type\":\"ListItem\",\"position\":3,\"name\":\"Rote Feuerbestattungsurne f\u00fcr Asche mit Rose oder Kreuz\"}]},{\"@type\":\"WebSite\",\"@id\":\"https:\\\/\\\/www.rememberme-forever.com\\\/de\\\/#website\",\"url\":\"https:\\\/\\\/www.rememberme-forever.com\\\/de\\\/\",\"name\":\"Remember Forever\",\"description\":\"Cremation urns, funeral urns, urns for ashes\",\"publisher\":{\"@id\":\"https:\\\/\\\/www.rememberme-forever.com\\\/de\\\/#organization\"},\"potentialAction\":[{\"@type\":\"SearchAction\",\"target\":{\"@type\":\"EntryPoint\",\"urlTemplate\":\"https:\\\/\\\/www.rememberme-forever.com\\\/de\\\/?s={search_term_string}\"},\"query-input\":{\"@type\":\"PropertyValueSpecification\",\"valueRequired\":true,\"valueName\":\"search_term_string\"}}],\"inLanguage\":\"de\"},{\"@type\":\"Organization\",\"@id\":\"https:\\\/\\\/www.rememberme-forever.com\\\/de\\\/#organization\",\"name\":\"Remember Forever\",\"url\":\"https:\\\/\\\/www.rememberme-forever.com\\\/de\\\/\",\"logo\":{\"@type\":\"ImageObject\",\"inLanguage\":\"de\",\"@id\":\"https:\\\/\\\/www.rememberme-forever.com\\\/de\\\/#\\\/schema\\\/logo\\\/image\\\/\",\"url\":\"https:\\\/\\\/www.rememberme-forever.com\\\/wp-content\\\/uploads\\\/2023\\\/02\\\/logo.png\",\"contentUrl\":\"https:\\\/\\\/www.rememberme-forever.com\\\/wp-content\\\/uploads\\\/2023\\\/02\\\/logo.png\",\"width\":300,\"height\":56,\"caption\":\"Remember Forever\"},\"image\":{\"@id\":\"https:\\\/\\\/www.rememberme-forever.com\\\/de\\\/#\\\/schema\\\/logo\\\/image\\\/\"}}]}<\/script>\n<!-- \/ Yoast SEO plugin. -->","yoast_head_json":{"title":"Remember Forever","description":"Wir pr\u00e4sentieren unsere exquisite rote Feuerbestattungsurne f\u00fcr Asche, verziert mit einem wundersch\u00f6nen Rosen- oder Kreuzmotiv. Feuerbestattungsurne f\u00fcr menschliche Asche.","robots":{"index":"index","follow":"follow","max-snippet":"max-snippet:-1","max-image-preview":"max-image-preview:large","max-video-preview":"max-video-preview:-1"},"canonical":"https:\/\/www.rememberme-forever.com\/de\/produkt\/rote-feuerbestattungsurne-fuer-asche-mit-rose-oder-kreuz\/","og_locale":"de_DE","og_type":"article","og_description":"Wir pr\u00e4sentieren unsere exquisite rote Feuerbestattungsurne f\u00fcr Asche, verziert mit einem wundersch\u00f6nen Rosen- oder Kreuzmotiv. Feuerbestattungsurne f\u00fcr menschliche Asche.","og_url":"https:\/\/www.rememberme-forever.com\/de\/produkt\/rote-feuerbestattungsurne-fuer-asche-mit-rose-oder-kreuz\/","og_site_name":"Remember Forever","article_modified_time":"2026-02-20T09:37:41+00:00","og_image":[{"width":768,"height":781,"url":"http:\/\/www.rememberme-forever.com\/wp-content\/uploads\/2023\/04\/red-cremation-urn-for-ashes-with-rose.jpg","type":"image\/jpeg"}],"twitter_card":"summary_large_image","twitter_misc":{"Gesch\u00e4tzte Lesezeit":"2\u00a0Minute"},"schema":{"@context":"https:\/\/schema.org","@graph":[{"@type":"WebPage","@id":"https:\/\/www.rememberme-forever.com\/de\/produkt\/rote-feuerbestattungsurne-fuer-asche-mit-rose-oder-kreuz\/","url":"https:\/\/www.rememberme-forever.com\/de\/produkt\/rote-feuerbestattungsurne-fuer-asche-mit-rose-oder-kreuz\/","name":"","isPartOf":{"@id":"https:\/\/www.rememberme-forever.com\/de\/#website"},"primaryImageOfPage":{"@id":"https:\/\/www.rememberme-forever.com\/de\/produkt\/rote-feuerbestattungsurne-fuer-asche-mit-rose-oder-kreuz\/#primaryimage"},"image":{"@id":"https:\/\/www.rememberme-forever.com\/de\/produkt\/rote-feuerbestattungsurne-fuer-asche-mit-rose-oder-kreuz\/#primaryimage"},"thumbnailUrl":"https:\/\/www.rememberme-forever.com\/wp-content\/uploads\/2023\/04\/red-cremation-urn-for-ashes-with-rose.jpg","datePublished":"2023-04-12T13:36:38+00:00","dateModified":"2026-02-20T09:37:41+00:00","description":"Wir pr\u00e4sentieren unsere exquisite rote Feuerbestattungsurne f\u00fcr Asche, verziert mit einem wundersch\u00f6nen Rosen- oder Kreuzmotiv. Feuerbestattungsurne f\u00fcr menschliche Asche.","breadcrumb":{"@id":"https:\/\/www.rememberme-forever.com\/de\/produkt\/rote-feuerbestattungsurne-fuer-asche-mit-rose-oder-kreuz\/#breadcrumb"},"inLanguage":"de","potentialAction":[{"@type":"ReadAction","target":["https:\/\/www.rememberme-forever.com\/de\/produkt\/rote-feuerbestattungsurne-fuer-asche-mit-rose-oder-kreuz\/"]}]},{"@type":"ImageObject","inLanguage":"de","@id":"https:\/\/www.rememberme-forever.com\/de\/produkt\/rote-feuerbestattungsurne-fuer-asche-mit-rose-oder-kreuz\/#primaryimage","url":"https:\/\/www.rememberme-forever.com\/wp-content\/uploads\/2023\/04\/red-cremation-urn-for-ashes-with-rose.jpg","contentUrl":"https:\/\/www.rememberme-forever.com\/wp-content\/uploads\/2023\/04\/red-cremation-urn-for-ashes-with-rose.jpg","width":768,"height":781,"caption":"rote Feuerbestattungsurne f\u00fcr Asche mit Rose"},{"@type":"BreadcrumbList","@id":"https:\/\/www.rememberme-forever.com\/de\/produkt\/rote-feuerbestattungsurne-fuer-asche-mit-rose-oder-kreuz\/#breadcrumb","itemListElement":[{"@type":"ListItem","position":1,"name":"Home","item":"https:\/\/www.rememberme-forever.com\/de\/startseite\/"},{"@type":"ListItem","position":2,"name":"Shop","item":"https:\/\/www.rememberme-forever.com\/de\/shop\/"},{"@type":"ListItem","position":3,"name":"Rote Feuerbestattungsurne f\u00fcr Asche mit Rose oder Kreuz"}]},{"@type":"WebSite","@id":"https:\/\/www.rememberme-forever.com\/de\/#website","url":"https:\/\/www.rememberme-forever.com\/de\/","name":"Remember Forever","description":"Cremation urns, funeral urns, urns for ashes","publisher":{"@id":"https:\/\/www.rememberme-forever.com\/de\/#organization"},"potentialAction":[{"@type":"SearchAction","target":{"@type":"EntryPoint","urlTemplate":"https:\/\/www.rememberme-forever.com\/de\/?s={search_term_string}"},"query-input":{"@type":"PropertyValueSpecification","valueRequired":true,"valueName":"search_term_string"}}],"inLanguage":"de"},{"@type":"Organization","@id":"https:\/\/www.rememberme-forever.com\/de\/#organization","name":"Remember Forever","url":"https:\/\/www.rememberme-forever.com\/de\/","logo":{"@type":"ImageObject","inLanguage":"de","@id":"https:\/\/www.rememberme-forever.com\/de\/#\/schema\/logo\/image\/","url":"https:\/\/www.rememberme-forever.com\/wp-content\/uploads\/2023\/02\/logo.png","contentUrl":"https:\/\/www.rememberme-forever.com\/wp-content\/uploads\/2023\/02\/logo.png","width":300,"height":56,"caption":"Remember Forever"},"image":{"@id":"https:\/\/www.rememberme-forever.com\/de\/#\/schema\/logo\/image\/"}}]}},"acf":[],"_links":{"self":[{"href":"https:\/\/www.rememberme-forever.com\/de\/wp-json\/wp\/v2\/product\/25668","targetHints":{"allow":["GET"]}}],"collection":[{"href":"https:\/\/www.rememberme-forever.com\/de\/wp-json\/wp\/v2\/product"}],"about":[{"href":"https:\/\/www.rememberme-forever.com\/de\/wp-json\/wp\/v2\/types\/product"}],"wp:featuredmedia":[{"embeddable":true,"href":"https:\/\/www.rememberme-forever.com\/de\/wp-json\/wp\/v2\/media\/25666"}],"wp:attachment":[{"href":"https:\/\/www.rememberme-forever.com\/de\/wp-json\/wp\/v2\/media?parent=25668"}],"wp:term":[{"taxonomy":"product_brand","embeddable":true,"href":"https:\/\/www.rememberme-forever.com\/de\/wp-json\/wp\/v2\/product_brand?post=25668"},{"taxonomy":"product_cat","embeddable":true,"href":"https:\/\/www.rememberme-forever.com\/de\/wp-json\/wp\/v2\/product_cat?post=25668"},{"taxonomy":"product_tag","embeddable":true,"href":"https:\/\/www.rememberme-forever.com\/de\/wp-json\/wp\/v2\/product_tag?post=25668"}],"curies":[{"name":"wp","href":"https:\/\/api.w.org\/{rel}","templated":true}]}}