{"id":25715,"date":"2023-04-13T08:42:04","date_gmt":"2023-04-13T06:42:04","guid":{"rendered":"https:\/\/www.rememberme-forever.com\/product\/baby-yoda-urne-fuer-kinder\/"},"modified":"2026-02-20T09:44:53","modified_gmt":"2026-02-20T08:44:53","slug":"baby-yoda-urne-fuer-kinder","status":"publish","type":"product","link":"https:\/\/www.rememberme-forever.com\/de\/produkt\/baby-yoda-urne-fuer-kinder\/","title":{"rendered":"Baby Yoda Urne f\u00fcr Kinder"},"content":{"rendered":"<h2 style=\"text-align: center;\">Baby Yoda Urne f\u00fcr Kinder<\/h2>\n<p style=\"text-align: center;\">Wir stellen Ihnen unsere einzigartige <strong>Baby Yoda Urne f\u00fcr Kinder<\/strong> vor, eine Edelstahlkugel, die die Asche Ihres kleinen Jedi aufbewahrt. Diese Urne ist eine wundersch\u00f6ne Hommage an ein junges, verlorenes Leben und zeigt eine Baby Yoda Figur, die stolz auf einem Marmorsockel steht, komplett mit einer personalisierten Gedenktafel.<\/p>\n<p style=\"text-align: center;\">Mit Sorgfalt gefertigt, ist diese Urne die perfekte letzte Ruhest\u00e4tte f\u00fcr einen jungen Star Wars Fan, der sich immer von den Geheimnissen der Macht angezogen f\u00fchlte. Die Edelstahlkugel ist langlebig und rostbest\u00e4ndig, um sicherzustellen, dass die Asche sicher und gesch\u00fctzt bleibt.<\/p>\n<p style=\"text-align: center;\">Die Baby Yoda Figur ist fachm\u00e4nnisch detailliert, wobei jede Falte und jeder Ausdruck perfekt eingefangen wurde. Der Marmorsockel ist glatt und poliert und verleiht dem Design einen Hauch von Eleganz. Die personalisierte Plakette erm\u00f6glicht es Ihnen, Ihr Kind mit einer herzlichen Botschaft oder einem besonderen Zitat zu ehren und so sicherzustellen, dass seine Erinnerung f\u00fcr immer weiterlebt.<\/p>\n<p style=\"text-align: center;\">Diese Urne ist eine einzigartige und passende Hommage an ein geliebtes Kind, das die Herzen vieler ber\u00fchrt hat. Sie ist eine Erinnerung daran, dass ihr Geist, genau wie Baby Yoda, lange nach ihrem Abschied von dieser Welt weiterleben wird. Diese Urne ist ein wundersch\u00f6nes und zeitloses Andenken, das von Star Wars Fans und trauernden Familien gleicherma\u00dfen gesch\u00e4tzt wird.<\/p>\n<p>&nbsp;<\/p>\n<p style=\"text-align: center;\"><em><strong>M\u00f6ge die Macht mit Ihnen sein!<\/strong><\/em><\/p>\n<p>&nbsp;<\/p>\n<h3 style=\"text-align: center;\"><strong>PERSONALISIERUNG<\/strong><\/h3>\n<p style=\"text-align: center;\">Bitte geben Sie Ihren Text im Feld f\u00fcr die Produktpersonalisierung ein.<\/p>\n<p style=\"text-align: center;\">Die personalisierte Gedenktafel muss bei der Bestellung individuell gestaltet werden. (Bitte keine Panik, wenn Sie das vergessen haben, denn Sie k\u00f6nnen uns auch noch nachtr\u00e4glich eine Nachricht schicken).<\/p>\n<p style=\"text-align: center;\">Bitte \u00fcberpr\u00fcfen Sie den zu gravierenden Text sorgf\u00e4ltig, bevor Sie den Artikel in den Warenkorb legen. Wir kopieren und gravieren genau die Informationen, die wir mit der Bestellung erhalten und nehmen bei uns keine \u00c4nderungen vor.<\/p>\n<p style=\"text-align: center;\"><strong>Bitte \u00fcberpr\u00fcfen Sie den Text, um sicherzustellen, dass alle Schreibweisen korrekt sind.<\/strong><\/p>\n<p>&nbsp;<\/p>\n<p><img loading=\"lazy\" decoding=\"async\" class=\"wp-image-1449 aligncenter\" src=\"http:\/\/www.rememberme-forever.com\/wp-content\/uploads\/2023\/04\/memorial-plaque-cremation-urn-silver-300x153.jpg\" alt=\"Silberfarbene Urne mit Gedenktafel\" width=\"245\" height=\"125\" srcset=\"https:\/\/www.rememberme-forever.com\/wp-content\/uploads\/2023\/04\/memorial-plaque-cremation-urn-silver-300x153.jpg 300w, https:\/\/www.rememberme-forever.com\/wp-content\/uploads\/2023\/04\/memorial-plaque-cremation-urn-silver-64x33.jpg 64w, https:\/\/www.rememberme-forever.com\/wp-content\/uploads\/2023\/04\/memorial-plaque-cremation-urn-silver.jpg 448w\" sizes=\"auto, (max-width: 245px) 100vw, 245px\" \/><\/p>\n<p>&nbsp;<\/p>\n","protected":false},"excerpt":{"rendered":"<p>Einzigartige Urne f\u00fcr Star-Wars-Liebhaber.<\/p>\n<p><em><strong>Ungef\u00e4hres Gewicht = Ungef\u00e4hre Gr\u00f6\u00dfe (Kubikzoll)<\/strong><\/em><br \/>\n<em><strong>79 Lbs (0-30 kg) = 79 Kubikzoll.<\/strong><\/em><\/p>\n<p>\u2705 Diese Urne ist nicht f\u00fcr den Au\u00dfenbereich geeignet. Bitte sehen Sie sich unsere <a href=\"https:\/\/www.rememberme-forever.com\/de\/produkt-kategorie\/urnen-fur-den-ausenbereich\/\" target=\"_blank\" rel=\"noopener\"><strong>Outdoor-Urnen &gt;&gt;<\/strong><\/a><\/p>\n","protected":false},"featured_media":18066,"template":"","meta":{"_acf_changed":false},"product_brand":[],"product_cat":[2345,2334,2340,2344],"product_tag":[3348],"class_list":{"0":"post-25715","1":"product","2":"type-product","3":"status-publish","4":"has-post-thumbnail","6":"product_cat-alle-anderen-urnen","7":"product_cat-kinderurnen","8":"product_cat-metallurnen","9":"product_cat-motivurnen","10":"product_tag-gpsr-metal_stonebase","11":"product_shipping_class-2-4kg","13":"first","14":"instock","15":"taxable","16":"shipping-taxable","17":"purchasable","18":"product-type-simple"},"yoast_head":"<!-- This site is optimized with the Yoast SEO plugin v27.4 - https:\/\/yoast.com\/product\/yoast-seo-wordpress\/ -->\n<title>Remember Forever<\/title>\n<meta name=\"description\" content=\"Wir stellen Ihnen unsere einzigartige Baby Yoda Urne f\u00fcr Kinder vor, eine Edelstahlkugel, die die Asche Ihres kleinen Jedi aufbewahrt.\" \/>\n<meta name=\"robots\" content=\"index, follow, max-snippet:-1, max-image-preview:large, max-video-preview:-1\" \/>\n<link rel=\"canonical\" href=\"https:\/\/www.rememberme-forever.com\/de\/produkt\/baby-yoda-urne-fuer-kinder\/\" \/>\n<meta property=\"og:locale\" content=\"de_DE\" \/>\n<meta property=\"og:type\" content=\"article\" \/>\n<meta property=\"og:description\" content=\"Wir stellen Ihnen unsere einzigartige Baby Yoda Urne f\u00fcr Kinder vor, eine Edelstahlkugel, die die Asche Ihres kleinen Jedi aufbewahrt.\" \/>\n<meta property=\"og:url\" content=\"https:\/\/www.rememberme-forever.com\/de\/produkt\/baby-yoda-urne-fuer-kinder\/\" \/>\n<meta property=\"og:site_name\" content=\"Remember Forever\" \/>\n<meta property=\"article:modified_time\" content=\"2026-02-20T08:44:53+00:00\" \/>\n<meta property=\"og:image\" content=\"http:\/\/www.rememberme-forever.com\/wp-content\/uploads\/2023\/04\/yoda-1-sphere15_0005_1.jpg\" \/>\n\t<meta property=\"og:image:width\" content=\"1007\" \/>\n\t<meta property=\"og:image:height\" content=\"1024\" \/>\n\t<meta property=\"og:image:type\" content=\"image\/jpeg\" \/>\n<meta name=\"twitter:card\" content=\"summary_large_image\" \/>\n<meta name=\"twitter:label1\" content=\"Gesch\u00e4tzte Lesezeit\" \/>\n\t<meta name=\"twitter:data1\" content=\"2\u00a0Minute\" \/>\n<script type=\"application\/ld+json\" class=\"yoast-schema-graph\">{\"@context\":\"https:\\\/\\\/schema.org\",\"@graph\":[{\"@type\":\"WebPage\",\"@id\":\"https:\\\/\\\/www.rememberme-forever.com\\\/de\\\/produkt\\\/baby-yoda-urne-fuer-kinder\\\/\",\"url\":\"https:\\\/\\\/www.rememberme-forever.com\\\/de\\\/produkt\\\/baby-yoda-urne-fuer-kinder\\\/\",\"name\":\"\",\"isPartOf\":{\"@id\":\"https:\\\/\\\/www.rememberme-forever.com\\\/de\\\/#website\"},\"primaryImageOfPage\":{\"@id\":\"https:\\\/\\\/www.rememberme-forever.com\\\/de\\\/produkt\\\/baby-yoda-urne-fuer-kinder\\\/#primaryimage\"},\"image\":{\"@id\":\"https:\\\/\\\/www.rememberme-forever.com\\\/de\\\/produkt\\\/baby-yoda-urne-fuer-kinder\\\/#primaryimage\"},\"thumbnailUrl\":\"https:\\\/\\\/www.rememberme-forever.com\\\/wp-content\\\/uploads\\\/2023\\\/04\\\/yoda-1-sphere15_0005_1.jpg\",\"datePublished\":\"2023-04-13T06:42:04+00:00\",\"dateModified\":\"2026-02-20T08:44:53+00:00\",\"description\":\"Wir stellen Ihnen unsere einzigartige Baby Yoda Urne f\u00fcr Kinder vor, eine Edelstahlkugel, die die Asche Ihres kleinen Jedi aufbewahrt.\",\"breadcrumb\":{\"@id\":\"https:\\\/\\\/www.rememberme-forever.com\\\/de\\\/produkt\\\/baby-yoda-urne-fuer-kinder\\\/#breadcrumb\"},\"inLanguage\":\"de\",\"potentialAction\":[{\"@type\":\"ReadAction\",\"target\":[\"https:\\\/\\\/www.rememberme-forever.com\\\/de\\\/produkt\\\/baby-yoda-urne-fuer-kinder\\\/\"]}]},{\"@type\":\"ImageObject\",\"inLanguage\":\"de\",\"@id\":\"https:\\\/\\\/www.rememberme-forever.com\\\/de\\\/produkt\\\/baby-yoda-urne-fuer-kinder\\\/#primaryimage\",\"url\":\"https:\\\/\\\/www.rememberme-forever.com\\\/wp-content\\\/uploads\\\/2023\\\/04\\\/yoda-1-sphere15_0005_1.jpg\",\"contentUrl\":\"https:\\\/\\\/www.rememberme-forever.com\\\/wp-content\\\/uploads\\\/2023\\\/04\\\/yoda-1-sphere15_0005_1.jpg\",\"width\":1007,\"height\":1024},{\"@type\":\"BreadcrumbList\",\"@id\":\"https:\\\/\\\/www.rememberme-forever.com\\\/de\\\/produkt\\\/baby-yoda-urne-fuer-kinder\\\/#breadcrumb\",\"itemListElement\":[{\"@type\":\"ListItem\",\"position\":1,\"name\":\"Home\",\"item\":\"https:\\\/\\\/www.rememberme-forever.com\\\/de\\\/startseite\\\/\"},{\"@type\":\"ListItem\",\"position\":2,\"name\":\"Shop\",\"item\":\"https:\\\/\\\/www.rememberme-forever.com\\\/de\\\/shop\\\/\"},{\"@type\":\"ListItem\",\"position\":3,\"name\":\"Baby Yoda Urne f\u00fcr Kinder\"}]},{\"@type\":\"WebSite\",\"@id\":\"https:\\\/\\\/www.rememberme-forever.com\\\/de\\\/#website\",\"url\":\"https:\\\/\\\/www.rememberme-forever.com\\\/de\\\/\",\"name\":\"Remember Forever\",\"description\":\"Cremation urns, funeral urns, urns for ashes\",\"publisher\":{\"@id\":\"https:\\\/\\\/www.rememberme-forever.com\\\/de\\\/#organization\"},\"potentialAction\":[{\"@type\":\"SearchAction\",\"target\":{\"@type\":\"EntryPoint\",\"urlTemplate\":\"https:\\\/\\\/www.rememberme-forever.com\\\/de\\\/?s={search_term_string}\"},\"query-input\":{\"@type\":\"PropertyValueSpecification\",\"valueRequired\":true,\"valueName\":\"search_term_string\"}}],\"inLanguage\":\"de\"},{\"@type\":\"Organization\",\"@id\":\"https:\\\/\\\/www.rememberme-forever.com\\\/de\\\/#organization\",\"name\":\"Remember Forever\",\"url\":\"https:\\\/\\\/www.rememberme-forever.com\\\/de\\\/\",\"logo\":{\"@type\":\"ImageObject\",\"inLanguage\":\"de\",\"@id\":\"https:\\\/\\\/www.rememberme-forever.com\\\/de\\\/#\\\/schema\\\/logo\\\/image\\\/\",\"url\":\"https:\\\/\\\/www.rememberme-forever.com\\\/wp-content\\\/uploads\\\/2023\\\/02\\\/logo.png\",\"contentUrl\":\"https:\\\/\\\/www.rememberme-forever.com\\\/wp-content\\\/uploads\\\/2023\\\/02\\\/logo.png\",\"width\":300,\"height\":56,\"caption\":\"Remember Forever\"},\"image\":{\"@id\":\"https:\\\/\\\/www.rememberme-forever.com\\\/de\\\/#\\\/schema\\\/logo\\\/image\\\/\"}}]}<\/script>\n<!-- \/ Yoast SEO plugin. -->","yoast_head_json":{"title":"Remember Forever","description":"Wir stellen Ihnen unsere einzigartige Baby Yoda Urne f\u00fcr Kinder vor, eine Edelstahlkugel, die die Asche Ihres kleinen Jedi aufbewahrt.","robots":{"index":"index","follow":"follow","max-snippet":"max-snippet:-1","max-image-preview":"max-image-preview:large","max-video-preview":"max-video-preview:-1"},"canonical":"https:\/\/www.rememberme-forever.com\/de\/produkt\/baby-yoda-urne-fuer-kinder\/","og_locale":"de_DE","og_type":"article","og_description":"Wir stellen Ihnen unsere einzigartige Baby Yoda Urne f\u00fcr Kinder vor, eine Edelstahlkugel, die die Asche Ihres kleinen Jedi aufbewahrt.","og_url":"https:\/\/www.rememberme-forever.com\/de\/produkt\/baby-yoda-urne-fuer-kinder\/","og_site_name":"Remember Forever","article_modified_time":"2026-02-20T08:44:53+00:00","og_image":[{"width":1007,"height":1024,"url":"http:\/\/www.rememberme-forever.com\/wp-content\/uploads\/2023\/04\/yoda-1-sphere15_0005_1.jpg","type":"image\/jpeg"}],"twitter_card":"summary_large_image","twitter_misc":{"Gesch\u00e4tzte Lesezeit":"2\u00a0Minute"},"schema":{"@context":"https:\/\/schema.org","@graph":[{"@type":"WebPage","@id":"https:\/\/www.rememberme-forever.com\/de\/produkt\/baby-yoda-urne-fuer-kinder\/","url":"https:\/\/www.rememberme-forever.com\/de\/produkt\/baby-yoda-urne-fuer-kinder\/","name":"","isPartOf":{"@id":"https:\/\/www.rememberme-forever.com\/de\/#website"},"primaryImageOfPage":{"@id":"https:\/\/www.rememberme-forever.com\/de\/produkt\/baby-yoda-urne-fuer-kinder\/#primaryimage"},"image":{"@id":"https:\/\/www.rememberme-forever.com\/de\/produkt\/baby-yoda-urne-fuer-kinder\/#primaryimage"},"thumbnailUrl":"https:\/\/www.rememberme-forever.com\/wp-content\/uploads\/2023\/04\/yoda-1-sphere15_0005_1.jpg","datePublished":"2023-04-13T06:42:04+00:00","dateModified":"2026-02-20T08:44:53+00:00","description":"Wir stellen Ihnen unsere einzigartige Baby Yoda Urne f\u00fcr Kinder vor, eine Edelstahlkugel, die die Asche Ihres kleinen Jedi aufbewahrt.","breadcrumb":{"@id":"https:\/\/www.rememberme-forever.com\/de\/produkt\/baby-yoda-urne-fuer-kinder\/#breadcrumb"},"inLanguage":"de","potentialAction":[{"@type":"ReadAction","target":["https:\/\/www.rememberme-forever.com\/de\/produkt\/baby-yoda-urne-fuer-kinder\/"]}]},{"@type":"ImageObject","inLanguage":"de","@id":"https:\/\/www.rememberme-forever.com\/de\/produkt\/baby-yoda-urne-fuer-kinder\/#primaryimage","url":"https:\/\/www.rememberme-forever.com\/wp-content\/uploads\/2023\/04\/yoda-1-sphere15_0005_1.jpg","contentUrl":"https:\/\/www.rememberme-forever.com\/wp-content\/uploads\/2023\/04\/yoda-1-sphere15_0005_1.jpg","width":1007,"height":1024},{"@type":"BreadcrumbList","@id":"https:\/\/www.rememberme-forever.com\/de\/produkt\/baby-yoda-urne-fuer-kinder\/#breadcrumb","itemListElement":[{"@type":"ListItem","position":1,"name":"Home","item":"https:\/\/www.rememberme-forever.com\/de\/startseite\/"},{"@type":"ListItem","position":2,"name":"Shop","item":"https:\/\/www.rememberme-forever.com\/de\/shop\/"},{"@type":"ListItem","position":3,"name":"Baby Yoda Urne f\u00fcr Kinder"}]},{"@type":"WebSite","@id":"https:\/\/www.rememberme-forever.com\/de\/#website","url":"https:\/\/www.rememberme-forever.com\/de\/","name":"Remember Forever","description":"Cremation urns, funeral urns, urns for ashes","publisher":{"@id":"https:\/\/www.rememberme-forever.com\/de\/#organization"},"potentialAction":[{"@type":"SearchAction","target":{"@type":"EntryPoint","urlTemplate":"https:\/\/www.rememberme-forever.com\/de\/?s={search_term_string}"},"query-input":{"@type":"PropertyValueSpecification","valueRequired":true,"valueName":"search_term_string"}}],"inLanguage":"de"},{"@type":"Organization","@id":"https:\/\/www.rememberme-forever.com\/de\/#organization","name":"Remember Forever","url":"https:\/\/www.rememberme-forever.com\/de\/","logo":{"@type":"ImageObject","inLanguage":"de","@id":"https:\/\/www.rememberme-forever.com\/de\/#\/schema\/logo\/image\/","url":"https:\/\/www.rememberme-forever.com\/wp-content\/uploads\/2023\/02\/logo.png","contentUrl":"https:\/\/www.rememberme-forever.com\/wp-content\/uploads\/2023\/02\/logo.png","width":300,"height":56,"caption":"Remember Forever"},"image":{"@id":"https:\/\/www.rememberme-forever.com\/de\/#\/schema\/logo\/image\/"}}]}},"acf":[],"_links":{"self":[{"href":"https:\/\/www.rememberme-forever.com\/de\/wp-json\/wp\/v2\/product\/25715","targetHints":{"allow":["GET"]}}],"collection":[{"href":"https:\/\/www.rememberme-forever.com\/de\/wp-json\/wp\/v2\/product"}],"about":[{"href":"https:\/\/www.rememberme-forever.com\/de\/wp-json\/wp\/v2\/types\/product"}],"wp:featuredmedia":[{"embeddable":true,"href":"https:\/\/www.rememberme-forever.com\/de\/wp-json\/wp\/v2\/media\/18066"}],"wp:attachment":[{"href":"https:\/\/www.rememberme-forever.com\/de\/wp-json\/wp\/v2\/media?parent=25715"}],"wp:term":[{"taxonomy":"product_brand","embeddable":true,"href":"https:\/\/www.rememberme-forever.com\/de\/wp-json\/wp\/v2\/product_brand?post=25715"},{"taxonomy":"product_cat","embeddable":true,"href":"https:\/\/www.rememberme-forever.com\/de\/wp-json\/wp\/v2\/product_cat?post=25715"},{"taxonomy":"product_tag","embeddable":true,"href":"https:\/\/www.rememberme-forever.com\/de\/wp-json\/wp\/v2\/product_tag?post=25715"}],"curies":[{"name":"wp","href":"https:\/\/api.w.org\/{rel}","templated":true}]}}