{"id":25737,"date":"2023-04-13T09:30:22","date_gmt":"2023-04-13T07:30:22","guid":{"rendered":"https:\/\/www.rememberme-forever.com\/product\/baby-yoda-partnerurne\/"},"modified":"2026-02-20T09:45:26","modified_gmt":"2026-02-20T08:45:26","slug":"baby-yoda-partnerurne","status":"publish","type":"product","link":"https:\/\/www.rememberme-forever.com\/de\/produkt\/baby-yoda-partnerurne\/","title":{"rendered":"Baby Yoda Partnerurne"},"content":{"rendered":"<h2 style=\"text-align: center;\">Baby Yoda Partnerurne.<\/h2>\n<p style=\"text-align: center;\">Wir pr\u00e4sentieren unsere einzigartige <strong>Baby Yoda Partnerurne<\/strong> f\u00fcr Asche, eine beeindruckende Edelstahlkugel, die als letzte Ruhest\u00e4tte f\u00fcr die Asche zweier geliebter Star-Wars-Fans dient. Diese wundersch\u00f6ne Urne ist ein w\u00fcrdiger Tribut an zwei erf\u00fcllte Leben und zeigt eine Baby-Yoda-Figur, die stolz auf einem glatten Marmorsockel steht, erg\u00e4nzt durch eine personalisierte Gedenktafel.<\/p>\n<p style=\"text-align: center;\">Mit Sorgfalt gefertigt, ist diese Urne eine langlebige und rostbest\u00e4ndige M\u00f6glichkeit, die Asche zweier geliebter Menschen sicher aufzubewahren. Die Baby-Yoda-Figur ist exquisit detailliert und f\u00e4ngt jede Falte und jeden Ausdruck des ikonischen Charakters ein. Der Marmorsockel ist glatt poliert und verleiht dem Design eine elegante Note.<\/p>\n<p style=\"text-align: center;\">Die personalisierte Plakette erm\u00f6glicht es Ihnen, Ihren Liebsten mit einer herzlichen Botschaft oder einem besonderen Zitat zu gedenken und so ihre Erinnerung f\u00fcr immer lebendig zu halten. Diese einzigartige Urne ist ein w\u00fcrdiger Tribut an zwei Star-Wars-Fans, die das Franchise und einander liebten, und wird als st\u00e4ndige Erinnerung an die Liebe und Freude dienen, die sie in die Welt brachten.<\/p>\n<p style=\"text-align: center;\">Ob auf einem Kaminsims ausgestellt oder an einem besonderen Ort aufbewahrt \u2013 diese Urne ist ein wundersch\u00f6nes und zeitloses Andenken, das \u00fcber Jahre hinweg gesch\u00e4tzt wird. Die Baby Yoda Partnerurne f\u00fcr Asche ist eine einzigartige und bedeutungsvolle Art, das Leben und Verm\u00e4chtnis zweier geliebter Star-Wars-Fans zu ehren, und ein w\u00fcrdiger Tribut an die Macht, die sie ihr Leben lang verk\u00f6rperten.<\/p>\n<p style=\"text-align: center;\"><em><strong>M\u00f6ge die Macht mit Ihnen sein!<\/strong><\/em><\/p>\n<p>&nbsp;<\/p>\n<p>&nbsp;<\/p>\n<h3 style=\"text-align: center;\"><strong>PERSONALISIERUNG<\/strong><\/h3>\n<p style=\"text-align: center;\">Bitte geben Sie Ihren Text im Feld f\u00fcr die Produktpersonalisierung ein.<\/p>\n<p style=\"text-align: center;\">Die personalisierte Gedenktafel muss bei der Bestellung individuell gestaltet werden. (Bitte keine Panik, wenn Sie das vergessen haben, denn Sie k\u00f6nnen uns auch noch nachtr\u00e4glich eine Nachricht schicken).<\/p>\n<p style=\"text-align: center;\">Bitte \u00fcberpr\u00fcfen Sie den zu gravierenden Text sorgf\u00e4ltig, bevor Sie den Artikel in den Warenkorb legen. Wir kopieren und gravieren genau die Informationen, die wir mit der Bestellung erhalten und nehmen bei uns keine \u00c4nderungen vor.<\/p>\n<p style=\"text-align: center;\"><strong>Bitte \u00fcberpr\u00fcfen Sie den Text, um sicherzustellen, dass alle Schreibweisen korrekt sind.<\/strong><\/p>\n<p><img loading=\"lazy\" decoding=\"async\" class=\"wp-image-1449 aligncenter\" src=\"http:\/\/www.rememberme-forever.com\/wp-content\/uploads\/2023\/04\/memorial-plaque-cremation-urn-silver-300x153.jpg\" alt=\"Silberfarbene Urne mit Gedenktafel\" width=\"245\" height=\"125\" srcset=\"https:\/\/www.rememberme-forever.com\/wp-content\/uploads\/2023\/04\/memorial-plaque-cremation-urn-silver-300x153.jpg 300w, https:\/\/www.rememberme-forever.com\/wp-content\/uploads\/2023\/04\/memorial-plaque-cremation-urn-silver-64x33.jpg 64w, https:\/\/www.rememberme-forever.com\/wp-content\/uploads\/2023\/04\/memorial-plaque-cremation-urn-silver.jpg 448w\" sizes=\"auto, (max-width: 245px) 100vw, 245px\" \/><\/p>\n","protected":false},"excerpt":{"rendered":"<p>Einzigartige Urne f\u00fcr Star-Wars-Liebhaber.<\/p>\n<p>Diese Edelstahlurne kann sowohl f\u00fcr eine gro\u00dfe Person als auch f\u00fcr die Asche von zwei Personen verwendet werden.<\/p>\n<p>\u2705 Diese Urne ist nicht f\u00fcr den Au\u00dfenbereich geeignet. Bitte sehen Sie sich unsere <a href=\"https:\/\/www.rememberme-forever.com\/de\/produkt-kategorie\/urnen-fur-den-ausenbereich\/\" target=\"_blank\" rel=\"noopener\"><strong>Outdoor-Urnen &gt;&gt;<\/strong><\/a><\/p>\n","protected":false},"featured_media":25729,"template":"","meta":{"_acf_changed":false},"product_brand":[],"product_cat":[2345,2340,2344,2335],"product_tag":[3348],"class_list":{"0":"post-25737","1":"product","2":"type-product","3":"status-publish","4":"has-post-thumbnail","6":"product_cat-alle-anderen-urnen","7":"product_cat-metallurnen","8":"product_cat-motivurnen","9":"product_cat-partnerurnen","10":"product_tag-gpsr-metal_stonebase","11":"product_shipping_class-2-4kg","13":"first","14":"instock","15":"taxable","16":"shipping-taxable","17":"purchasable","18":"product-type-simple"},"yoast_head":"<!-- This site is optimized with the Yoast SEO plugin v27.4 - https:\/\/yoast.com\/product\/yoast-seo-wordpress\/ -->\n<title>Remember Forever<\/title>\n<meta name=\"description\" content=\"Baby Yoda Partnerurne f\u00fcr Asche, eine beeindruckende Edelstahlkugel, die als letzte Ruhest\u00e4tte f\u00fcr die Asche zweier geliebter Star-Wars-Fans dient.\" \/>\n<meta name=\"robots\" content=\"index, follow, max-snippet:-1, max-image-preview:large, max-video-preview:-1\" \/>\n<link rel=\"canonical\" href=\"https:\/\/www.rememberme-forever.com\/de\/produkt\/baby-yoda-partnerurne\/\" \/>\n<meta property=\"og:locale\" content=\"de_DE\" \/>\n<meta property=\"og:type\" content=\"article\" \/>\n<meta property=\"og:description\" content=\"Baby Yoda Partnerurne f\u00fcr Asche, eine beeindruckende Edelstahlkugel, die als letzte Ruhest\u00e4tte f\u00fcr die Asche zweier geliebter Star-Wars-Fans dient.\" \/>\n<meta property=\"og:url\" content=\"https:\/\/www.rememberme-forever.com\/de\/produkt\/baby-yoda-partnerurne\/\" \/>\n<meta property=\"og:site_name\" content=\"Remember Forever\" \/>\n<meta property=\"article:modified_time\" content=\"2026-02-20T08:45:26+00:00\" \/>\n<meta property=\"og:image\" content=\"http:\/\/www.rememberme-forever.com\/wp-content\/uploads\/2023\/04\/baby-yoda-companion-urn-1.jpg\" \/>\n\t<meta property=\"og:image:width\" content=\"768\" \/>\n\t<meta property=\"og:image:height\" content=\"768\" \/>\n\t<meta property=\"og:image:type\" content=\"image\/jpeg\" \/>\n<meta name=\"twitter:card\" content=\"summary_large_image\" \/>\n<meta name=\"twitter:label1\" content=\"Gesch\u00e4tzte Lesezeit\" \/>\n\t<meta name=\"twitter:data1\" content=\"2\u00a0Minute\" \/>\n<script type=\"application\/ld+json\" class=\"yoast-schema-graph\">{\"@context\":\"https:\\\/\\\/schema.org\",\"@graph\":[{\"@type\":\"WebPage\",\"@id\":\"https:\\\/\\\/www.rememberme-forever.com\\\/de\\\/produkt\\\/baby-yoda-partnerurne\\\/\",\"url\":\"https:\\\/\\\/www.rememberme-forever.com\\\/de\\\/produkt\\\/baby-yoda-partnerurne\\\/\",\"name\":\"\",\"isPartOf\":{\"@id\":\"https:\\\/\\\/www.rememberme-forever.com\\\/de\\\/#website\"},\"primaryImageOfPage\":{\"@id\":\"https:\\\/\\\/www.rememberme-forever.com\\\/de\\\/produkt\\\/baby-yoda-partnerurne\\\/#primaryimage\"},\"image\":{\"@id\":\"https:\\\/\\\/www.rememberme-forever.com\\\/de\\\/produkt\\\/baby-yoda-partnerurne\\\/#primaryimage\"},\"thumbnailUrl\":\"https:\\\/\\\/www.rememberme-forever.com\\\/wp-content\\\/uploads\\\/2023\\\/04\\\/baby-yoda-companion-urn-1.jpg\",\"datePublished\":\"2023-04-13T07:30:22+00:00\",\"dateModified\":\"2026-02-20T08:45:26+00:00\",\"description\":\"Baby Yoda Partnerurne f\u00fcr Asche, eine beeindruckende Edelstahlkugel, die als letzte Ruhest\u00e4tte f\u00fcr die Asche zweier geliebter Star-Wars-Fans dient.\",\"breadcrumb\":{\"@id\":\"https:\\\/\\\/www.rememberme-forever.com\\\/de\\\/produkt\\\/baby-yoda-partnerurne\\\/#breadcrumb\"},\"inLanguage\":\"de\",\"potentialAction\":[{\"@type\":\"ReadAction\",\"target\":[\"https:\\\/\\\/www.rememberme-forever.com\\\/de\\\/produkt\\\/baby-yoda-partnerurne\\\/\"]}]},{\"@type\":\"ImageObject\",\"inLanguage\":\"de\",\"@id\":\"https:\\\/\\\/www.rememberme-forever.com\\\/de\\\/produkt\\\/baby-yoda-partnerurne\\\/#primaryimage\",\"url\":\"https:\\\/\\\/www.rememberme-forever.com\\\/wp-content\\\/uploads\\\/2023\\\/04\\\/baby-yoda-companion-urn-1.jpg\",\"contentUrl\":\"https:\\\/\\\/www.rememberme-forever.com\\\/wp-content\\\/uploads\\\/2023\\\/04\\\/baby-yoda-companion-urn-1.jpg\",\"width\":768,\"height\":768,\"caption\":\"baby yoda partnerurne\"},{\"@type\":\"BreadcrumbList\",\"@id\":\"https:\\\/\\\/www.rememberme-forever.com\\\/de\\\/produkt\\\/baby-yoda-partnerurne\\\/#breadcrumb\",\"itemListElement\":[{\"@type\":\"ListItem\",\"position\":1,\"name\":\"Home\",\"item\":\"https:\\\/\\\/www.rememberme-forever.com\\\/de\\\/startseite\\\/\"},{\"@type\":\"ListItem\",\"position\":2,\"name\":\"Shop\",\"item\":\"https:\\\/\\\/www.rememberme-forever.com\\\/de\\\/shop\\\/\"},{\"@type\":\"ListItem\",\"position\":3,\"name\":\"Baby Yoda Partnerurne\"}]},{\"@type\":\"WebSite\",\"@id\":\"https:\\\/\\\/www.rememberme-forever.com\\\/de\\\/#website\",\"url\":\"https:\\\/\\\/www.rememberme-forever.com\\\/de\\\/\",\"name\":\"Remember Forever\",\"description\":\"Cremation urns, funeral urns, urns for ashes\",\"publisher\":{\"@id\":\"https:\\\/\\\/www.rememberme-forever.com\\\/de\\\/#organization\"},\"potentialAction\":[{\"@type\":\"SearchAction\",\"target\":{\"@type\":\"EntryPoint\",\"urlTemplate\":\"https:\\\/\\\/www.rememberme-forever.com\\\/de\\\/?s={search_term_string}\"},\"query-input\":{\"@type\":\"PropertyValueSpecification\",\"valueRequired\":true,\"valueName\":\"search_term_string\"}}],\"inLanguage\":\"de\"},{\"@type\":\"Organization\",\"@id\":\"https:\\\/\\\/www.rememberme-forever.com\\\/de\\\/#organization\",\"name\":\"Remember Forever\",\"url\":\"https:\\\/\\\/www.rememberme-forever.com\\\/de\\\/\",\"logo\":{\"@type\":\"ImageObject\",\"inLanguage\":\"de\",\"@id\":\"https:\\\/\\\/www.rememberme-forever.com\\\/de\\\/#\\\/schema\\\/logo\\\/image\\\/\",\"url\":\"https:\\\/\\\/www.rememberme-forever.com\\\/wp-content\\\/uploads\\\/2023\\\/02\\\/logo.png\",\"contentUrl\":\"https:\\\/\\\/www.rememberme-forever.com\\\/wp-content\\\/uploads\\\/2023\\\/02\\\/logo.png\",\"width\":300,\"height\":56,\"caption\":\"Remember Forever\"},\"image\":{\"@id\":\"https:\\\/\\\/www.rememberme-forever.com\\\/de\\\/#\\\/schema\\\/logo\\\/image\\\/\"}}]}<\/script>\n<!-- \/ Yoast SEO plugin. -->","yoast_head_json":{"title":"Remember Forever","description":"Baby Yoda Partnerurne f\u00fcr Asche, eine beeindruckende Edelstahlkugel, die als letzte Ruhest\u00e4tte f\u00fcr die Asche zweier geliebter Star-Wars-Fans dient.","robots":{"index":"index","follow":"follow","max-snippet":"max-snippet:-1","max-image-preview":"max-image-preview:large","max-video-preview":"max-video-preview:-1"},"canonical":"https:\/\/www.rememberme-forever.com\/de\/produkt\/baby-yoda-partnerurne\/","og_locale":"de_DE","og_type":"article","og_description":"Baby Yoda Partnerurne f\u00fcr Asche, eine beeindruckende Edelstahlkugel, die als letzte Ruhest\u00e4tte f\u00fcr die Asche zweier geliebter Star-Wars-Fans dient.","og_url":"https:\/\/www.rememberme-forever.com\/de\/produkt\/baby-yoda-partnerurne\/","og_site_name":"Remember Forever","article_modified_time":"2026-02-20T08:45:26+00:00","og_image":[{"width":768,"height":768,"url":"http:\/\/www.rememberme-forever.com\/wp-content\/uploads\/2023\/04\/baby-yoda-companion-urn-1.jpg","type":"image\/jpeg"}],"twitter_card":"summary_large_image","twitter_misc":{"Gesch\u00e4tzte Lesezeit":"2\u00a0Minute"},"schema":{"@context":"https:\/\/schema.org","@graph":[{"@type":"WebPage","@id":"https:\/\/www.rememberme-forever.com\/de\/produkt\/baby-yoda-partnerurne\/","url":"https:\/\/www.rememberme-forever.com\/de\/produkt\/baby-yoda-partnerurne\/","name":"","isPartOf":{"@id":"https:\/\/www.rememberme-forever.com\/de\/#website"},"primaryImageOfPage":{"@id":"https:\/\/www.rememberme-forever.com\/de\/produkt\/baby-yoda-partnerurne\/#primaryimage"},"image":{"@id":"https:\/\/www.rememberme-forever.com\/de\/produkt\/baby-yoda-partnerurne\/#primaryimage"},"thumbnailUrl":"https:\/\/www.rememberme-forever.com\/wp-content\/uploads\/2023\/04\/baby-yoda-companion-urn-1.jpg","datePublished":"2023-04-13T07:30:22+00:00","dateModified":"2026-02-20T08:45:26+00:00","description":"Baby Yoda Partnerurne f\u00fcr Asche, eine beeindruckende Edelstahlkugel, die als letzte Ruhest\u00e4tte f\u00fcr die Asche zweier geliebter Star-Wars-Fans dient.","breadcrumb":{"@id":"https:\/\/www.rememberme-forever.com\/de\/produkt\/baby-yoda-partnerurne\/#breadcrumb"},"inLanguage":"de","potentialAction":[{"@type":"ReadAction","target":["https:\/\/www.rememberme-forever.com\/de\/produkt\/baby-yoda-partnerurne\/"]}]},{"@type":"ImageObject","inLanguage":"de","@id":"https:\/\/www.rememberme-forever.com\/de\/produkt\/baby-yoda-partnerurne\/#primaryimage","url":"https:\/\/www.rememberme-forever.com\/wp-content\/uploads\/2023\/04\/baby-yoda-companion-urn-1.jpg","contentUrl":"https:\/\/www.rememberme-forever.com\/wp-content\/uploads\/2023\/04\/baby-yoda-companion-urn-1.jpg","width":768,"height":768,"caption":"baby yoda partnerurne"},{"@type":"BreadcrumbList","@id":"https:\/\/www.rememberme-forever.com\/de\/produkt\/baby-yoda-partnerurne\/#breadcrumb","itemListElement":[{"@type":"ListItem","position":1,"name":"Home","item":"https:\/\/www.rememberme-forever.com\/de\/startseite\/"},{"@type":"ListItem","position":2,"name":"Shop","item":"https:\/\/www.rememberme-forever.com\/de\/shop\/"},{"@type":"ListItem","position":3,"name":"Baby Yoda Partnerurne"}]},{"@type":"WebSite","@id":"https:\/\/www.rememberme-forever.com\/de\/#website","url":"https:\/\/www.rememberme-forever.com\/de\/","name":"Remember Forever","description":"Cremation urns, funeral urns, urns for ashes","publisher":{"@id":"https:\/\/www.rememberme-forever.com\/de\/#organization"},"potentialAction":[{"@type":"SearchAction","target":{"@type":"EntryPoint","urlTemplate":"https:\/\/www.rememberme-forever.com\/de\/?s={search_term_string}"},"query-input":{"@type":"PropertyValueSpecification","valueRequired":true,"valueName":"search_term_string"}}],"inLanguage":"de"},{"@type":"Organization","@id":"https:\/\/www.rememberme-forever.com\/de\/#organization","name":"Remember Forever","url":"https:\/\/www.rememberme-forever.com\/de\/","logo":{"@type":"ImageObject","inLanguage":"de","@id":"https:\/\/www.rememberme-forever.com\/de\/#\/schema\/logo\/image\/","url":"https:\/\/www.rememberme-forever.com\/wp-content\/uploads\/2023\/02\/logo.png","contentUrl":"https:\/\/www.rememberme-forever.com\/wp-content\/uploads\/2023\/02\/logo.png","width":300,"height":56,"caption":"Remember Forever"},"image":{"@id":"https:\/\/www.rememberme-forever.com\/de\/#\/schema\/logo\/image\/"}}]}},"acf":[],"_links":{"self":[{"href":"https:\/\/www.rememberme-forever.com\/de\/wp-json\/wp\/v2\/product\/25737","targetHints":{"allow":["GET"]}}],"collection":[{"href":"https:\/\/www.rememberme-forever.com\/de\/wp-json\/wp\/v2\/product"}],"about":[{"href":"https:\/\/www.rememberme-forever.com\/de\/wp-json\/wp\/v2\/types\/product"}],"wp:featuredmedia":[{"embeddable":true,"href":"https:\/\/www.rememberme-forever.com\/de\/wp-json\/wp\/v2\/media\/25729"}],"wp:attachment":[{"href":"https:\/\/www.rememberme-forever.com\/de\/wp-json\/wp\/v2\/media?parent=25737"}],"wp:term":[{"taxonomy":"product_brand","embeddable":true,"href":"https:\/\/www.rememberme-forever.com\/de\/wp-json\/wp\/v2\/product_brand?post=25737"},{"taxonomy":"product_cat","embeddable":true,"href":"https:\/\/www.rememberme-forever.com\/de\/wp-json\/wp\/v2\/product_cat?post=25737"},{"taxonomy":"product_tag","embeddable":true,"href":"https:\/\/www.rememberme-forever.com\/de\/wp-json\/wp\/v2\/product_tag?post=25737"}],"curies":[{"name":"wp","href":"https:\/\/api.w.org\/{rel}","templated":true}]}}