{"id":25931,"date":"2023-04-14T11:58:49","date_gmt":"2023-04-14T09:58:49","guid":{"rendered":"https:\/\/www.rememberme-forever.com\/product\/exklusive-braune-holzurne\/"},"modified":"2026-02-20T11:30:05","modified_gmt":"2026-02-20T10:30:05","slug":"exklusive-braune-holzurne","status":"publish","type":"product","link":"https:\/\/www.rememberme-forever.com\/de\/produkt\/exklusive-braune-holzurne\/","title":{"rendered":"Exklusive braune Holzurne"},"content":{"rendered":"<div style=\"width: 100%; margin-bottom: 30px; height: max-content; padding-bottom: 60%; position: relative;\"><iframe style=\"position: absolute; top: 0; left: 0; width: 100%; height: 100%;\" src=\"https:\/\/rememberme-urns.com\/natural-brown-wood-urn\/\" frameborder=\"0\"><\/iframe><\/div>\n<div style=\"color: red; text-align: center; margin-bottom: 25px;\">\n<p>&gt;&gt; Drehendes Foto \u2013 Tippen\/Zoomen &lt;&lt;<\/p>\n<\/div>\n<h2 style=\"text-align: center;\">Exklusive braune Holzurne<\/h2>\n<p style=\"text-align: center;\">Wir pr\u00e4sentieren unsere <strong>exklusive braune Holzurne<\/strong> \u2013 ein beeindruckendes und w\u00fcrdiges Andenken f\u00fcr Ihren geliebten Menschen. Diese sch\u00f6ne Urne wird aus Holz von h\u00f6chster Qualit\u00e4t gefertigt, wahlweise mit einem wundersch\u00f6nen Kreuz- oder Calla-Lilien-Design, das die spirituelle und emotionale Bedeutung Ihres geliebten Menschen symbolisiert.<\/p>\n<p style=\"text-align: center;\">Die nat\u00fcrliche braune oder mahagonifarbene T\u00f6nung der Urne strahlt W\u00e4rme und Geborgenheit aus und steht f\u00fcr die bleibende Liebe und die Erinnerungen, die Sie an Ihren geliebten Menschen bewahren. Jedes Detail wird mit gr\u00f6\u00dfter Sorgfalt und Pr\u00e4zision gefertigt, damit das Andenken Ihres geliebten Menschen auf die w\u00fcrdigste und respektvollste Weise geehrt wird.<\/p>\n<p style=\"text-align: center;\">Um diese Urne noch besonderer zu machen, besteht die M\u00f6glichkeit, vorne eine personalisierte Gedenkplakette anzubringen. Das ist die perfekte Art, Ihrem geliebten Menschen Tribut zu zollen und die Erinnerung f\u00fcr kommende Generationen lebendig zu halten.<\/p>\n<p style=\"text-align: center;\">Die Urne verf\u00fcgt \u00fcber eine sichere Boden\u00f6ffnung mit Schraubverschluss, sodass die Asche Ihres geliebten Menschen gesch\u00fctzt und bewahrt wird.<\/p>\n<p style=\"text-align: center;\">Ob bei einer Gedenkfeier prominent aufgestellt oder zu Hause an einem besonderen Ort aufbewahrt \u2013 diese Urne ist eine sch\u00f6ne und bedeutungsvolle Art, das Andenken Ihres geliebten Menschen zu ehren.<\/p>\n<p style=\"text-align: center;\">In Zeiten der Trauer ist es wichtig, eine greifbare Erinnerung an die Liebe und die gemeinsamen Momente mit Ihrem geliebten Menschen zu haben. Diese exklusive braune Holzurne ist eine einzigartige und sch\u00f6ne M\u00f6glichkeit, die Erinnerung an Ihren geliebten Menschen nah am Herzen zu tragen \u2013 und spendet Trost und Halt in einer schweren Zeit.<\/p>\n<p>&nbsp;<\/p>\n<h3 style=\"text-align: center;\"><strong>PERSONALISIERUNG<\/strong><\/h3>\n<p style=\"text-align: center;\">Wenn Sie sich f\u00fcr eine personalisierte Plakette entscheiden, geben Sie bitte den Text im Rahmen der Produktpersonalisierung ein.<\/p>\n<p style=\"text-align: center;\">Die personalisierte Gedenktafel muss bei der Bestellung individuell gestaltet werden. (Bitte keine Panik, wenn Sie das vergessen haben, denn Sie k\u00f6nnen uns auch noch nachtr\u00e4glich eine Nachricht schicken).<\/p>\n<p style=\"text-align: center;\">Bitte \u00fcberpr\u00fcfen Sie den zu gravierenden Text sorgf\u00e4ltig, bevor Sie den Artikel in den Warenkorb legen. Wir kopieren und gravieren genau die Informationen, die wir mit der Bestellung erhalten und nehmen bei uns keine \u00c4nderungen vor.<\/p>\n<p style=\"text-align: center;\"><strong>Bitte \u00fcberpr\u00fcfen Sie den Text, um sicherzustellen, dass alle Schreibweisen korrekt sind.<\/strong><\/p>\n<p><img loading=\"lazy\" decoding=\"async\" class=\"wp-image-1447 aligncenter\" src=\"http:\/\/www.rememberme-forever.com\/wp-content\/uploads\/2023\/04\/memorial-plaque-cremation-urn-gold-300x150.jpg\" alt=\"Gedenktafel Urne Gold\" width=\"244\" height=\"122\" srcset=\"https:\/\/www.rememberme-forever.com\/wp-content\/uploads\/2023\/04\/memorial-plaque-cremation-urn-gold-300x150.jpg 300w, https:\/\/www.rememberme-forever.com\/wp-content\/uploads\/2023\/04\/memorial-plaque-cremation-urn-gold-64x32.jpg 64w, https:\/\/www.rememberme-forever.com\/wp-content\/uploads\/2023\/04\/memorial-plaque-cremation-urn-gold.jpg 448w\" sizes=\"auto, (max-width: 244px) 100vw, 244px\" \/><\/p>\n<p style=\"text-align: center;\">\n","protected":false},"excerpt":{"rendered":"<p><em><strong>Geeignet f\u00fcr ein K\u00f6rpergewicht von ca. 110 kg. <\/strong><\/em><\/p>\n","protected":false},"featured_media":25910,"template":"","meta":{"_acf_changed":false},"product_brand":[],"product_cat":[2327],"product_tag":[3305],"class_list":{"0":"post-25931","1":"product","2":"type-product","3":"status-publish","4":"has-post-thumbnail","6":"product_cat-holz-urnen","7":"product_tag-gpsr-all-wood-urns","8":"product_shipping_class-2-4kg","10":"first","11":"instock","12":"taxable","13":"shipping-taxable","14":"purchasable","15":"product-type-variable"},"yoast_head":"<!-- This site is optimized with the Yoast SEO plugin v27.4 - https:\/\/yoast.com\/product\/yoast-seo-wordpress\/ -->\n<title>Remember Forever<\/title>\n<meta name=\"description\" content=\"Wir pr\u00e4sentieren unsere exklusive braune Holzurne \u2013 ein beeindruckendes und w\u00fcrdiges Andenken f\u00fcr Ihren geliebten Menschen. Diese sch\u00f6ne Urne wird aus Holz von h\u00f6chster Qualit\u00e4t gefertigt\" \/>\n<meta name=\"robots\" content=\"index, follow, max-snippet:-1, max-image-preview:large, max-video-preview:-1\" \/>\n<link rel=\"canonical\" href=\"https:\/\/www.rememberme-forever.com\/de\/produkt\/exklusive-braune-holzurne\/\" \/>\n<meta property=\"og:locale\" content=\"de_DE\" \/>\n<meta property=\"og:type\" content=\"article\" \/>\n<meta property=\"og:description\" content=\"Wir pr\u00e4sentieren unsere exklusive braune Holzurne \u2013 ein beeindruckendes und w\u00fcrdiges Andenken f\u00fcr Ihren geliebten Menschen. Diese sch\u00f6ne Urne wird aus Holz von h\u00f6chster Qualit\u00e4t gefertigt\" \/>\n<meta property=\"og:url\" content=\"https:\/\/www.rememberme-forever.com\/de\/produkt\/exklusive-braune-holzurne\/\" \/>\n<meta property=\"og:site_name\" content=\"Remember Forever\" \/>\n<meta property=\"article:modified_time\" content=\"2026-02-20T10:30:05+00:00\" \/>\n<meta property=\"og:image\" content=\"http:\/\/www.rememberme-forever.com\/wp-content\/uploads\/2023\/04\/Exclusive-brown-wooden-urn.jpg\" \/>\n\t<meta property=\"og:image:width\" content=\"768\" \/>\n\t<meta property=\"og:image:height\" content=\"781\" \/>\n\t<meta property=\"og:image:type\" content=\"image\/jpeg\" \/>\n<meta name=\"twitter:card\" content=\"summary_large_image\" \/>\n<meta name=\"twitter:label1\" content=\"Gesch\u00e4tzte Lesezeit\" \/>\n\t<meta name=\"twitter:data1\" content=\"2\u00a0Minute\" \/>\n<script type=\"application\/ld+json\" class=\"yoast-schema-graph\">{\"@context\":\"https:\\\/\\\/schema.org\",\"@graph\":[{\"@type\":\"WebPage\",\"@id\":\"https:\\\/\\\/www.rememberme-forever.com\\\/de\\\/produkt\\\/exklusive-braune-holzurne\\\/\",\"url\":\"https:\\\/\\\/www.rememberme-forever.com\\\/de\\\/produkt\\\/exklusive-braune-holzurne\\\/\",\"name\":\"\",\"isPartOf\":{\"@id\":\"https:\\\/\\\/www.rememberme-forever.com\\\/de\\\/#website\"},\"primaryImageOfPage\":{\"@id\":\"https:\\\/\\\/www.rememberme-forever.com\\\/de\\\/produkt\\\/exklusive-braune-holzurne\\\/#primaryimage\"},\"image\":{\"@id\":\"https:\\\/\\\/www.rememberme-forever.com\\\/de\\\/produkt\\\/exklusive-braune-holzurne\\\/#primaryimage\"},\"thumbnailUrl\":\"https:\\\/\\\/www.rememberme-forever.com\\\/wp-content\\\/uploads\\\/2023\\\/04\\\/Exclusive-brown-wooden-urn.jpg\",\"datePublished\":\"2023-04-14T09:58:49+00:00\",\"dateModified\":\"2026-02-20T10:30:05+00:00\",\"description\":\"Wir pr\u00e4sentieren unsere exklusive braune Holzurne \u2013 ein beeindruckendes und w\u00fcrdiges Andenken f\u00fcr Ihren geliebten Menschen. Diese sch\u00f6ne Urne wird aus Holz von h\u00f6chster Qualit\u00e4t gefertigt\",\"breadcrumb\":{\"@id\":\"https:\\\/\\\/www.rememberme-forever.com\\\/de\\\/produkt\\\/exklusive-braune-holzurne\\\/#breadcrumb\"},\"inLanguage\":\"de\",\"potentialAction\":[{\"@type\":\"ReadAction\",\"target\":[\"https:\\\/\\\/www.rememberme-forever.com\\\/de\\\/produkt\\\/exklusive-braune-holzurne\\\/\"]}]},{\"@type\":\"ImageObject\",\"inLanguage\":\"de\",\"@id\":\"https:\\\/\\\/www.rememberme-forever.com\\\/de\\\/produkt\\\/exklusive-braune-holzurne\\\/#primaryimage\",\"url\":\"https:\\\/\\\/www.rememberme-forever.com\\\/wp-content\\\/uploads\\\/2023\\\/04\\\/Exclusive-brown-wooden-urn.jpg\",\"contentUrl\":\"https:\\\/\\\/www.rememberme-forever.com\\\/wp-content\\\/uploads\\\/2023\\\/04\\\/Exclusive-brown-wooden-urn.jpg\",\"width\":768,\"height\":781,\"caption\":\"Exklusive braune Holzurne, horizontale Holzurnen\"},{\"@type\":\"BreadcrumbList\",\"@id\":\"https:\\\/\\\/www.rememberme-forever.com\\\/de\\\/produkt\\\/exklusive-braune-holzurne\\\/#breadcrumb\",\"itemListElement\":[{\"@type\":\"ListItem\",\"position\":1,\"name\":\"Home\",\"item\":\"https:\\\/\\\/www.rememberme-forever.com\\\/de\\\/startseite\\\/\"},{\"@type\":\"ListItem\",\"position\":2,\"name\":\"Shop\",\"item\":\"https:\\\/\\\/www.rememberme-forever.com\\\/de\\\/shop\\\/\"},{\"@type\":\"ListItem\",\"position\":3,\"name\":\"Exklusive braune Holzurne\"}]},{\"@type\":\"WebSite\",\"@id\":\"https:\\\/\\\/www.rememberme-forever.com\\\/de\\\/#website\",\"url\":\"https:\\\/\\\/www.rememberme-forever.com\\\/de\\\/\",\"name\":\"Remember Forever\",\"description\":\"Cremation urns, funeral urns, urns for ashes\",\"publisher\":{\"@id\":\"https:\\\/\\\/www.rememberme-forever.com\\\/de\\\/#organization\"},\"potentialAction\":[{\"@type\":\"SearchAction\",\"target\":{\"@type\":\"EntryPoint\",\"urlTemplate\":\"https:\\\/\\\/www.rememberme-forever.com\\\/de\\\/?s={search_term_string}\"},\"query-input\":{\"@type\":\"PropertyValueSpecification\",\"valueRequired\":true,\"valueName\":\"search_term_string\"}}],\"inLanguage\":\"de\"},{\"@type\":\"Organization\",\"@id\":\"https:\\\/\\\/www.rememberme-forever.com\\\/de\\\/#organization\",\"name\":\"Remember Forever\",\"url\":\"https:\\\/\\\/www.rememberme-forever.com\\\/de\\\/\",\"logo\":{\"@type\":\"ImageObject\",\"inLanguage\":\"de\",\"@id\":\"https:\\\/\\\/www.rememberme-forever.com\\\/de\\\/#\\\/schema\\\/logo\\\/image\\\/\",\"url\":\"https:\\\/\\\/www.rememberme-forever.com\\\/wp-content\\\/uploads\\\/2023\\\/02\\\/logo.png\",\"contentUrl\":\"https:\\\/\\\/www.rememberme-forever.com\\\/wp-content\\\/uploads\\\/2023\\\/02\\\/logo.png\",\"width\":300,\"height\":56,\"caption\":\"Remember Forever\"},\"image\":{\"@id\":\"https:\\\/\\\/www.rememberme-forever.com\\\/de\\\/#\\\/schema\\\/logo\\\/image\\\/\"}}]}<\/script>\n<!-- \/ Yoast SEO plugin. -->","yoast_head_json":{"title":"Remember Forever","description":"Wir pr\u00e4sentieren unsere exklusive braune Holzurne \u2013 ein beeindruckendes und w\u00fcrdiges Andenken f\u00fcr Ihren geliebten Menschen. Diese sch\u00f6ne Urne wird aus Holz von h\u00f6chster Qualit\u00e4t gefertigt","robots":{"index":"index","follow":"follow","max-snippet":"max-snippet:-1","max-image-preview":"max-image-preview:large","max-video-preview":"max-video-preview:-1"},"canonical":"https:\/\/www.rememberme-forever.com\/de\/produkt\/exklusive-braune-holzurne\/","og_locale":"de_DE","og_type":"article","og_description":"Wir pr\u00e4sentieren unsere exklusive braune Holzurne \u2013 ein beeindruckendes und w\u00fcrdiges Andenken f\u00fcr Ihren geliebten Menschen. Diese sch\u00f6ne Urne wird aus Holz von h\u00f6chster Qualit\u00e4t gefertigt","og_url":"https:\/\/www.rememberme-forever.com\/de\/produkt\/exklusive-braune-holzurne\/","og_site_name":"Remember Forever","article_modified_time":"2026-02-20T10:30:05+00:00","og_image":[{"width":768,"height":781,"url":"http:\/\/www.rememberme-forever.com\/wp-content\/uploads\/2023\/04\/Exclusive-brown-wooden-urn.jpg","type":"image\/jpeg"}],"twitter_card":"summary_large_image","twitter_misc":{"Gesch\u00e4tzte Lesezeit":"2\u00a0Minute"},"schema":{"@context":"https:\/\/schema.org","@graph":[{"@type":"WebPage","@id":"https:\/\/www.rememberme-forever.com\/de\/produkt\/exklusive-braune-holzurne\/","url":"https:\/\/www.rememberme-forever.com\/de\/produkt\/exklusive-braune-holzurne\/","name":"","isPartOf":{"@id":"https:\/\/www.rememberme-forever.com\/de\/#website"},"primaryImageOfPage":{"@id":"https:\/\/www.rememberme-forever.com\/de\/produkt\/exklusive-braune-holzurne\/#primaryimage"},"image":{"@id":"https:\/\/www.rememberme-forever.com\/de\/produkt\/exklusive-braune-holzurne\/#primaryimage"},"thumbnailUrl":"https:\/\/www.rememberme-forever.com\/wp-content\/uploads\/2023\/04\/Exclusive-brown-wooden-urn.jpg","datePublished":"2023-04-14T09:58:49+00:00","dateModified":"2026-02-20T10:30:05+00:00","description":"Wir pr\u00e4sentieren unsere exklusive braune Holzurne \u2013 ein beeindruckendes und w\u00fcrdiges Andenken f\u00fcr Ihren geliebten Menschen. Diese sch\u00f6ne Urne wird aus Holz von h\u00f6chster Qualit\u00e4t gefertigt","breadcrumb":{"@id":"https:\/\/www.rememberme-forever.com\/de\/produkt\/exklusive-braune-holzurne\/#breadcrumb"},"inLanguage":"de","potentialAction":[{"@type":"ReadAction","target":["https:\/\/www.rememberme-forever.com\/de\/produkt\/exklusive-braune-holzurne\/"]}]},{"@type":"ImageObject","inLanguage":"de","@id":"https:\/\/www.rememberme-forever.com\/de\/produkt\/exklusive-braune-holzurne\/#primaryimage","url":"https:\/\/www.rememberme-forever.com\/wp-content\/uploads\/2023\/04\/Exclusive-brown-wooden-urn.jpg","contentUrl":"https:\/\/www.rememberme-forever.com\/wp-content\/uploads\/2023\/04\/Exclusive-brown-wooden-urn.jpg","width":768,"height":781,"caption":"Exklusive braune Holzurne, horizontale Holzurnen"},{"@type":"BreadcrumbList","@id":"https:\/\/www.rememberme-forever.com\/de\/produkt\/exklusive-braune-holzurne\/#breadcrumb","itemListElement":[{"@type":"ListItem","position":1,"name":"Home","item":"https:\/\/www.rememberme-forever.com\/de\/startseite\/"},{"@type":"ListItem","position":2,"name":"Shop","item":"https:\/\/www.rememberme-forever.com\/de\/shop\/"},{"@type":"ListItem","position":3,"name":"Exklusive braune Holzurne"}]},{"@type":"WebSite","@id":"https:\/\/www.rememberme-forever.com\/de\/#website","url":"https:\/\/www.rememberme-forever.com\/de\/","name":"Remember Forever","description":"Cremation urns, funeral urns, urns for ashes","publisher":{"@id":"https:\/\/www.rememberme-forever.com\/de\/#organization"},"potentialAction":[{"@type":"SearchAction","target":{"@type":"EntryPoint","urlTemplate":"https:\/\/www.rememberme-forever.com\/de\/?s={search_term_string}"},"query-input":{"@type":"PropertyValueSpecification","valueRequired":true,"valueName":"search_term_string"}}],"inLanguage":"de"},{"@type":"Organization","@id":"https:\/\/www.rememberme-forever.com\/de\/#organization","name":"Remember Forever","url":"https:\/\/www.rememberme-forever.com\/de\/","logo":{"@type":"ImageObject","inLanguage":"de","@id":"https:\/\/www.rememberme-forever.com\/de\/#\/schema\/logo\/image\/","url":"https:\/\/www.rememberme-forever.com\/wp-content\/uploads\/2023\/02\/logo.png","contentUrl":"https:\/\/www.rememberme-forever.com\/wp-content\/uploads\/2023\/02\/logo.png","width":300,"height":56,"caption":"Remember Forever"},"image":{"@id":"https:\/\/www.rememberme-forever.com\/de\/#\/schema\/logo\/image\/"}}]}},"acf":[],"_links":{"self":[{"href":"https:\/\/www.rememberme-forever.com\/de\/wp-json\/wp\/v2\/product\/25931","targetHints":{"allow":["GET"]}}],"collection":[{"href":"https:\/\/www.rememberme-forever.com\/de\/wp-json\/wp\/v2\/product"}],"about":[{"href":"https:\/\/www.rememberme-forever.com\/de\/wp-json\/wp\/v2\/types\/product"}],"wp:featuredmedia":[{"embeddable":true,"href":"https:\/\/www.rememberme-forever.com\/de\/wp-json\/wp\/v2\/media\/25910"}],"wp:attachment":[{"href":"https:\/\/www.rememberme-forever.com\/de\/wp-json\/wp\/v2\/media?parent=25931"}],"wp:term":[{"taxonomy":"product_brand","embeddable":true,"href":"https:\/\/www.rememberme-forever.com\/de\/wp-json\/wp\/v2\/product_brand?post=25931"},{"taxonomy":"product_cat","embeddable":true,"href":"https:\/\/www.rememberme-forever.com\/de\/wp-json\/wp\/v2\/product_cat?post=25931"},{"taxonomy":"product_tag","embeddable":true,"href":"https:\/\/www.rememberme-forever.com\/de\/wp-json\/wp\/v2\/product_tag?post=25931"}],"curies":[{"name":"wp","href":"https:\/\/api.w.org\/{rel}","templated":true}]}}