{"id":25980,"date":"2023-04-17T11:40:24","date_gmt":"2023-04-17T09:40:24","guid":{"rendered":"https:\/\/www.rememberme-forever.com\/product\/kleines-herz-fuer-asche-keramik-andenken\/"},"modified":"2026-02-20T13:47:57","modified_gmt":"2026-02-20T12:47:57","slug":"kleines-herz-fuer-asche-keramik-andenken","status":"publish","type":"product","link":"https:\/\/www.rememberme-forever.com\/de\/produkt\/kleines-herz-fuer-asche-keramik-andenken\/","title":{"rendered":"Kleines Herz f\u00fcr Asche, Keramik-Andenken"},"content":{"rendered":"<div style=\"width: 100%; margin-bottom: 30px; height: max-content; padding-bottom: 60%; position: relative;\"><iframe style=\"position: absolute; top: 0; left: 0; width: 100%; height: 100%;\" src=\"https:\/\/rememberme-urns.com\/ceramic-heart-keepsake\/\" frameborder=\"0\"><\/iframe><\/div>\n<div style=\"color: red; text-align: center; margin-bottom: 25px;\">\n<p>&gt;&gt; Drehendes Foto \u2013 Tippen\/Zoomen &lt;&lt;<\/p>\n<\/div>\n<h2 style=\"text-align: center;\">Kleines Herz f\u00fcr Asche<\/h2>\n<p style=\"text-align: center;\">Das <strong>kleine Herz f\u00fcr Asche<\/strong> ist eine liebevolle und bedeutungsvolle Weise, einen kleinen Teil der Asche Ihres geliebten Menschen stets bei sich zu tragen. Dieses herzf\u00f6rmige Keramik-Andenken wurde entworfen, um einen wertvollen Teil der Asche Ihres geliebten Menschen sicher und behutsam aufzubewahren.<\/p>\n<p style=\"text-align: center;\">Mit exquisiter Liebe zum Detail gefertigt, ist dieses herzf\u00f6rmige Keramik-Andenken eine wundersch\u00f6ne und einzigartige Weise, das Andenken an Ihren geliebten Menschen zu ehren. Mit seiner glatten Oberfl\u00e4che und den anmutigen Kurven ist dieses herzf\u00f6rmige Keramik-Andenken ein Symbol f\u00fcr die Liebe und Zuneigung, die Sie f\u00fcr Ihren verstorbenen Angeh\u00f6rigen empfinden.<\/p>\n<p><img loading=\"lazy\" decoding=\"async\" class=\"alignnone wp-image-2170 aligncenter\" src=\"http:\/\/www.rememberme-forever.com\/wp-content\/uploads\/2023\/04\/Keepsake-Heart-Size-295x300.jpg\" alt=\"Gr\u00f6\u00dfe des Andenken-Herzens\" width=\"419\" height=\"426\" srcset=\"https:\/\/www.rememberme-forever.com\/wp-content\/uploads\/2023\/04\/Keepsake-Heart-Size-295x300.jpg 295w, https:\/\/www.rememberme-forever.com\/wp-content\/uploads\/2023\/04\/Keepsake-Heart-Size-600x610.jpg 600w, https:\/\/www.rememberme-forever.com\/wp-content\/uploads\/2023\/04\/Keepsake-Heart-Size-64x65.jpg 64w, https:\/\/www.rememberme-forever.com\/wp-content\/uploads\/2023\/04\/Keepsake-Heart-Size.jpg 768w\" sizes=\"auto, (max-width: 419px) 100vw, 419px\" \/><\/p>\n<p style=\"text-align: center;\">Die \u00d6ffnung an der Unterseite des kleinen Herzens f\u00fcr Asche erm\u00f6glicht es Ihnen, das Andenken mit einer kleinen Menge der Asche Ihres geliebten Menschen zu f\u00fcllen, die sicher versiegelt werden kann, um einen gesch\u00fctzten Verbleib der Asche zu gew\u00e4hrleisten. Um dieses Andenken noch besonderer zu machen, k\u00f6nnen Sie eine Gedenktafel hinzuf\u00fcgen, die separat auf einem Plexiglasst\u00e4nder steht. Die Tafel kann mit dem Namen Ihres geliebten Menschen, Geburts- und Sterbedaten oder einem anderen Text Ihrer Wahl personalisiert werden.<\/p>\n<p style=\"text-align: center;\">Dieses herzf\u00f6rmige Keramik-Andenken mit seiner Gedenktafel ist eine wundersch\u00f6ne und emotionale Hommage an Ihren geliebten Menschen. Es wird Sie an die Liebe, die Freude und die gemeinsamen Erinnerungen erinnern und Ihnen helfen, diese \u00fcber Jahre hinweg lebendig zu halten. Das kleine Herz f\u00fcr Asche ist eine liebevolle und bedeutungsvolle Weise, Ihren geliebten Menschen f\u00fcr immer nah an Ihrem Herzen zu tragen.<\/p>\n<p>&nbsp;<\/p>\n<h3 style=\"text-align: center;\"><strong>PERSONALISIERUNG<\/strong><\/h3>\n<p style=\"text-align: center;\">Wenn Sie sich f\u00fcr eine personalisierte Plakette entscheiden, geben Sie bitte den Text im Rahmen der Produktpersonalisierung ein.<\/p>\n<p style=\"text-align: center;\">Die personalisierte Gedenktafel muss bei der Bestellung individuell gestaltet werden. (Bitte keine Panik, wenn Sie das vergessen haben, denn Sie k\u00f6nnen uns auch noch nachtr\u00e4glich eine Nachricht schicken).<\/p>\n<p style=\"text-align: center;\">Bitte \u00fcberpr\u00fcfen Sie den zu gravierenden Text sorgf\u00e4ltig, bevor Sie den Artikel in den Warenkorb legen. Wir kopieren und gravieren genau die Informationen, die wir mit der Bestellung erhalten und nehmen bei uns keine \u00c4nderungen vor.<\/p>\n<p style=\"text-align: center;\"><strong>Bitte \u00fcberpr\u00fcfen Sie den Text, um sicherzustellen, dass alle Schreibweisen korrekt sind.<\/strong><\/p>\n<p><img loading=\"lazy\" decoding=\"async\" class=\"wp-image-1453 aligncenter\" src=\"http:\/\/www.rememberme-forever.com\/wp-content\/uploads\/2023\/04\/silver-plaque-urn-295x300.jpg\" alt=\"Silberne Urne\" width=\"194\" height=\"197\" srcset=\"https:\/\/www.rememberme-forever.com\/wp-content\/uploads\/2023\/04\/silver-plaque-urn-295x300.jpg 295w, https:\/\/www.rememberme-forever.com\/wp-content\/uploads\/2023\/04\/silver-plaque-urn-600x610.jpg 600w, https:\/\/www.rememberme-forever.com\/wp-content\/uploads\/2023\/04\/silver-plaque-urn-64x65.jpg 64w, https:\/\/www.rememberme-forever.com\/wp-content\/uploads\/2023\/04\/silver-plaque-urn.jpg 768w\" sizes=\"auto, (max-width: 194px) 100vw, 194px\" \/><\/p>\n<p style=\"text-align: center;\"><strong><em>Die Gedenktafel wird separat mit dem St\u00e4nder geliefert (siehe Abbildung).<\/em><\/strong><\/p>\n<p style=\"text-align: center;\"><strong><em>(Der St\u00e4nder f\u00fcr die Gedenktafel besteht aus transparentem Plexiglas.)<\/em><\/strong><\/p>\n","protected":false},"excerpt":{"rendered":"<p><strong>Eine Andenken-Urne ist im Allgemeinen eine kleinere Urne, die einen Teil der Asche aufnimmt.<\/strong><\/p>\n","protected":false},"featured_media":25965,"template":"","meta":{"_acf_changed":false},"product_brand":[],"product_cat":[2339,2333],"product_tag":[3311],"class_list":{"0":"post-25980","1":"product","2":"type-product","3":"status-publish","4":"has-post-thumbnail","6":"product_cat-andenken","7":"product_cat-keramikurnen","8":"product_tag-gpsr-ceramic-urns","9":"product_shipping_class-1-2-kg-de","11":"first","12":"instock","13":"taxable","14":"shipping-taxable","15":"purchasable","16":"product-type-variable"},"yoast_head":"<!-- This site is optimized with the Yoast SEO plugin v27.4 - https:\/\/yoast.com\/product\/yoast-seo-wordpress\/ -->\n<title>Remember Forever<\/title>\n<meta name=\"description\" content=\"Das kleine Herz f\u00fcr Asche ist eine liebevolle und bedeutungsvolle Weise, einen kleinen Teil der Asche Ihres geliebten Menschen stets bei sich zu tragen.\" \/>\n<meta name=\"robots\" content=\"index, follow, max-snippet:-1, max-image-preview:large, max-video-preview:-1\" \/>\n<link rel=\"canonical\" href=\"https:\/\/www.rememberme-forever.com\/de\/produkt\/kleines-herz-fuer-asche-keramik-andenken\/\" \/>\n<meta property=\"og:locale\" content=\"de_DE\" \/>\n<meta property=\"og:type\" content=\"article\" \/>\n<meta property=\"og:description\" content=\"Das kleine Herz f\u00fcr Asche ist eine liebevolle und bedeutungsvolle Weise, einen kleinen Teil der Asche Ihres geliebten Menschen stets bei sich zu tragen.\" \/>\n<meta property=\"og:url\" content=\"https:\/\/www.rememberme-forever.com\/de\/produkt\/kleines-herz-fuer-asche-keramik-andenken\/\" \/>\n<meta property=\"og:site_name\" content=\"Remember Forever\" \/>\n<meta property=\"article:modified_time\" content=\"2026-02-20T12:47:57+00:00\" \/>\n<meta property=\"og:image\" content=\"http:\/\/www.rememberme-forever.com\/wp-content\/uploads\/2023\/04\/Little-heart-for-ashes.jpg\" \/>\n\t<meta property=\"og:image:width\" content=\"768\" \/>\n\t<meta property=\"og:image:height\" content=\"781\" \/>\n\t<meta property=\"og:image:type\" content=\"image\/jpeg\" \/>\n<meta name=\"twitter:card\" content=\"summary_large_image\" \/>\n<meta name=\"twitter:label1\" content=\"Gesch\u00e4tzte Lesezeit\" \/>\n\t<meta name=\"twitter:data1\" content=\"3\u00a0Minute\" \/>\n<script type=\"application\/ld+json\" class=\"yoast-schema-graph\">{\"@context\":\"https:\\\/\\\/schema.org\",\"@graph\":[{\"@type\":\"WebPage\",\"@id\":\"https:\\\/\\\/www.rememberme-forever.com\\\/de\\\/produkt\\\/kleines-herz-fuer-asche-keramik-andenken\\\/\",\"url\":\"https:\\\/\\\/www.rememberme-forever.com\\\/de\\\/produkt\\\/kleines-herz-fuer-asche-keramik-andenken\\\/\",\"name\":\"\",\"isPartOf\":{\"@id\":\"https:\\\/\\\/www.rememberme-forever.com\\\/de\\\/#website\"},\"primaryImageOfPage\":{\"@id\":\"https:\\\/\\\/www.rememberme-forever.com\\\/de\\\/produkt\\\/kleines-herz-fuer-asche-keramik-andenken\\\/#primaryimage\"},\"image\":{\"@id\":\"https:\\\/\\\/www.rememberme-forever.com\\\/de\\\/produkt\\\/kleines-herz-fuer-asche-keramik-andenken\\\/#primaryimage\"},\"thumbnailUrl\":\"https:\\\/\\\/www.rememberme-forever.com\\\/wp-content\\\/uploads\\\/2023\\\/04\\\/Little-heart-for-ashes.jpg\",\"datePublished\":\"2023-04-17T09:40:24+00:00\",\"dateModified\":\"2026-02-20T12:47:57+00:00\",\"description\":\"Das kleine Herz f\u00fcr Asche ist eine liebevolle und bedeutungsvolle Weise, einen kleinen Teil der Asche Ihres geliebten Menschen stets bei sich zu tragen.\",\"breadcrumb\":{\"@id\":\"https:\\\/\\\/www.rememberme-forever.com\\\/de\\\/produkt\\\/kleines-herz-fuer-asche-keramik-andenken\\\/#breadcrumb\"},\"inLanguage\":\"de\",\"potentialAction\":[{\"@type\":\"ReadAction\",\"target\":[\"https:\\\/\\\/www.rememberme-forever.com\\\/de\\\/produkt\\\/kleines-herz-fuer-asche-keramik-andenken\\\/\"]}]},{\"@type\":\"ImageObject\",\"inLanguage\":\"de\",\"@id\":\"https:\\\/\\\/www.rememberme-forever.com\\\/de\\\/produkt\\\/kleines-herz-fuer-asche-keramik-andenken\\\/#primaryimage\",\"url\":\"https:\\\/\\\/www.rememberme-forever.com\\\/wp-content\\\/uploads\\\/2023\\\/04\\\/Little-heart-for-ashes.jpg\",\"contentUrl\":\"https:\\\/\\\/www.rememberme-forever.com\\\/wp-content\\\/uploads\\\/2023\\\/04\\\/Little-heart-for-ashes.jpg\",\"width\":768,\"height\":781,\"caption\":\"Kleines Herz f\u00fcr Asche, Keramik-Andenken\"},{\"@type\":\"BreadcrumbList\",\"@id\":\"https:\\\/\\\/www.rememberme-forever.com\\\/de\\\/produkt\\\/kleines-herz-fuer-asche-keramik-andenken\\\/#breadcrumb\",\"itemListElement\":[{\"@type\":\"ListItem\",\"position\":1,\"name\":\"Home\",\"item\":\"https:\\\/\\\/www.rememberme-forever.com\\\/de\\\/startseite\\\/\"},{\"@type\":\"ListItem\",\"position\":2,\"name\":\"Shop\",\"item\":\"https:\\\/\\\/www.rememberme-forever.com\\\/de\\\/shop\\\/\"},{\"@type\":\"ListItem\",\"position\":3,\"name\":\"Kleines Herz f\u00fcr Asche, Keramik-Andenken\"}]},{\"@type\":\"WebSite\",\"@id\":\"https:\\\/\\\/www.rememberme-forever.com\\\/de\\\/#website\",\"url\":\"https:\\\/\\\/www.rememberme-forever.com\\\/de\\\/\",\"name\":\"Remember Forever\",\"description\":\"Cremation urns, funeral urns, urns for ashes\",\"publisher\":{\"@id\":\"https:\\\/\\\/www.rememberme-forever.com\\\/de\\\/#organization\"},\"potentialAction\":[{\"@type\":\"SearchAction\",\"target\":{\"@type\":\"EntryPoint\",\"urlTemplate\":\"https:\\\/\\\/www.rememberme-forever.com\\\/de\\\/?s={search_term_string}\"},\"query-input\":{\"@type\":\"PropertyValueSpecification\",\"valueRequired\":true,\"valueName\":\"search_term_string\"}}],\"inLanguage\":\"de\"},{\"@type\":\"Organization\",\"@id\":\"https:\\\/\\\/www.rememberme-forever.com\\\/de\\\/#organization\",\"name\":\"Remember Forever\",\"url\":\"https:\\\/\\\/www.rememberme-forever.com\\\/de\\\/\",\"logo\":{\"@type\":\"ImageObject\",\"inLanguage\":\"de\",\"@id\":\"https:\\\/\\\/www.rememberme-forever.com\\\/de\\\/#\\\/schema\\\/logo\\\/image\\\/\",\"url\":\"https:\\\/\\\/www.rememberme-forever.com\\\/wp-content\\\/uploads\\\/2023\\\/02\\\/logo.png\",\"contentUrl\":\"https:\\\/\\\/www.rememberme-forever.com\\\/wp-content\\\/uploads\\\/2023\\\/02\\\/logo.png\",\"width\":300,\"height\":56,\"caption\":\"Remember Forever\"},\"image\":{\"@id\":\"https:\\\/\\\/www.rememberme-forever.com\\\/de\\\/#\\\/schema\\\/logo\\\/image\\\/\"}}]}<\/script>\n<!-- \/ Yoast SEO plugin. -->","yoast_head_json":{"title":"Remember Forever","description":"Das kleine Herz f\u00fcr Asche ist eine liebevolle und bedeutungsvolle Weise, einen kleinen Teil der Asche Ihres geliebten Menschen stets bei sich zu tragen.","robots":{"index":"index","follow":"follow","max-snippet":"max-snippet:-1","max-image-preview":"max-image-preview:large","max-video-preview":"max-video-preview:-1"},"canonical":"https:\/\/www.rememberme-forever.com\/de\/produkt\/kleines-herz-fuer-asche-keramik-andenken\/","og_locale":"de_DE","og_type":"article","og_description":"Das kleine Herz f\u00fcr Asche ist eine liebevolle und bedeutungsvolle Weise, einen kleinen Teil der Asche Ihres geliebten Menschen stets bei sich zu tragen.","og_url":"https:\/\/www.rememberme-forever.com\/de\/produkt\/kleines-herz-fuer-asche-keramik-andenken\/","og_site_name":"Remember Forever","article_modified_time":"2026-02-20T12:47:57+00:00","og_image":[{"width":768,"height":781,"url":"http:\/\/www.rememberme-forever.com\/wp-content\/uploads\/2023\/04\/Little-heart-for-ashes.jpg","type":"image\/jpeg"}],"twitter_card":"summary_large_image","twitter_misc":{"Gesch\u00e4tzte Lesezeit":"3\u00a0Minute"},"schema":{"@context":"https:\/\/schema.org","@graph":[{"@type":"WebPage","@id":"https:\/\/www.rememberme-forever.com\/de\/produkt\/kleines-herz-fuer-asche-keramik-andenken\/","url":"https:\/\/www.rememberme-forever.com\/de\/produkt\/kleines-herz-fuer-asche-keramik-andenken\/","name":"","isPartOf":{"@id":"https:\/\/www.rememberme-forever.com\/de\/#website"},"primaryImageOfPage":{"@id":"https:\/\/www.rememberme-forever.com\/de\/produkt\/kleines-herz-fuer-asche-keramik-andenken\/#primaryimage"},"image":{"@id":"https:\/\/www.rememberme-forever.com\/de\/produkt\/kleines-herz-fuer-asche-keramik-andenken\/#primaryimage"},"thumbnailUrl":"https:\/\/www.rememberme-forever.com\/wp-content\/uploads\/2023\/04\/Little-heart-for-ashes.jpg","datePublished":"2023-04-17T09:40:24+00:00","dateModified":"2026-02-20T12:47:57+00:00","description":"Das kleine Herz f\u00fcr Asche ist eine liebevolle und bedeutungsvolle Weise, einen kleinen Teil der Asche Ihres geliebten Menschen stets bei sich zu tragen.","breadcrumb":{"@id":"https:\/\/www.rememberme-forever.com\/de\/produkt\/kleines-herz-fuer-asche-keramik-andenken\/#breadcrumb"},"inLanguage":"de","potentialAction":[{"@type":"ReadAction","target":["https:\/\/www.rememberme-forever.com\/de\/produkt\/kleines-herz-fuer-asche-keramik-andenken\/"]}]},{"@type":"ImageObject","inLanguage":"de","@id":"https:\/\/www.rememberme-forever.com\/de\/produkt\/kleines-herz-fuer-asche-keramik-andenken\/#primaryimage","url":"https:\/\/www.rememberme-forever.com\/wp-content\/uploads\/2023\/04\/Little-heart-for-ashes.jpg","contentUrl":"https:\/\/www.rememberme-forever.com\/wp-content\/uploads\/2023\/04\/Little-heart-for-ashes.jpg","width":768,"height":781,"caption":"Kleines Herz f\u00fcr Asche, Keramik-Andenken"},{"@type":"BreadcrumbList","@id":"https:\/\/www.rememberme-forever.com\/de\/produkt\/kleines-herz-fuer-asche-keramik-andenken\/#breadcrumb","itemListElement":[{"@type":"ListItem","position":1,"name":"Home","item":"https:\/\/www.rememberme-forever.com\/de\/startseite\/"},{"@type":"ListItem","position":2,"name":"Shop","item":"https:\/\/www.rememberme-forever.com\/de\/shop\/"},{"@type":"ListItem","position":3,"name":"Kleines Herz f\u00fcr Asche, Keramik-Andenken"}]},{"@type":"WebSite","@id":"https:\/\/www.rememberme-forever.com\/de\/#website","url":"https:\/\/www.rememberme-forever.com\/de\/","name":"Remember Forever","description":"Cremation urns, funeral urns, urns for ashes","publisher":{"@id":"https:\/\/www.rememberme-forever.com\/de\/#organization"},"potentialAction":[{"@type":"SearchAction","target":{"@type":"EntryPoint","urlTemplate":"https:\/\/www.rememberme-forever.com\/de\/?s={search_term_string}"},"query-input":{"@type":"PropertyValueSpecification","valueRequired":true,"valueName":"search_term_string"}}],"inLanguage":"de"},{"@type":"Organization","@id":"https:\/\/www.rememberme-forever.com\/de\/#organization","name":"Remember Forever","url":"https:\/\/www.rememberme-forever.com\/de\/","logo":{"@type":"ImageObject","inLanguage":"de","@id":"https:\/\/www.rememberme-forever.com\/de\/#\/schema\/logo\/image\/","url":"https:\/\/www.rememberme-forever.com\/wp-content\/uploads\/2023\/02\/logo.png","contentUrl":"https:\/\/www.rememberme-forever.com\/wp-content\/uploads\/2023\/02\/logo.png","width":300,"height":56,"caption":"Remember Forever"},"image":{"@id":"https:\/\/www.rememberme-forever.com\/de\/#\/schema\/logo\/image\/"}}]}},"acf":[],"_links":{"self":[{"href":"https:\/\/www.rememberme-forever.com\/de\/wp-json\/wp\/v2\/product\/25980","targetHints":{"allow":["GET"]}}],"collection":[{"href":"https:\/\/www.rememberme-forever.com\/de\/wp-json\/wp\/v2\/product"}],"about":[{"href":"https:\/\/www.rememberme-forever.com\/de\/wp-json\/wp\/v2\/types\/product"}],"wp:featuredmedia":[{"embeddable":true,"href":"https:\/\/www.rememberme-forever.com\/de\/wp-json\/wp\/v2\/media\/25965"}],"wp:attachment":[{"href":"https:\/\/www.rememberme-forever.com\/de\/wp-json\/wp\/v2\/media?parent=25980"}],"wp:term":[{"taxonomy":"product_brand","embeddable":true,"href":"https:\/\/www.rememberme-forever.com\/de\/wp-json\/wp\/v2\/product_brand?post=25980"},{"taxonomy":"product_cat","embeddable":true,"href":"https:\/\/www.rememberme-forever.com\/de\/wp-json\/wp\/v2\/product_cat?post=25980"},{"taxonomy":"product_tag","embeddable":true,"href":"https:\/\/www.rememberme-forever.com\/de\/wp-json\/wp\/v2\/product_tag?post=25980"}],"curies":[{"name":"wp","href":"https:\/\/api.w.org\/{rel}","templated":true}]}}