{"id":26078,"date":"2023-04-17T14:16:45","date_gmt":"2023-04-17T12:16:45","guid":{"rendered":"https:\/\/www.rememberme-forever.com\/product\/ascheurne-aus-mahagoni\/"},"modified":"2026-02-20T14:26:27","modified_gmt":"2026-02-20T13:26:27","slug":"ascheurne-aus-mahagoni","status":"publish","type":"product","link":"https:\/\/www.rememberme-forever.com\/de\/produkt\/ascheurne-aus-mahagoni\/","title":{"rendered":"Ascheurne aus Mahagoni"},"content":{"rendered":"<div style=\"width: 100%; margin-bottom: 30px; height: max-content; padding-bottom: 60%; position: relative;\"><iframe style=\"position: absolute; top: 0; left: 0; width: 100%; height: 100%;\" src=\"https:\/\/rememberme-urns.com\/mahogany-box-shaped-urn\/\" frameborder=\"0\"><\/iframe><\/div>\n<div style=\"color: red; text-align: center; margin-bottom: 25px;\">\n<p>&gt;&gt; Drehendes Foto \u2013 Tippen\/Zoomen &lt;&lt;<\/p>\n<\/div>\n<h2 style=\"text-align: center;\">Ascheurne aus Mahagoni<\/h2>\n<p style=\"text-align: center;\">Wir pr\u00e4sentieren unsere exquisite <strong>Ascheurne aus Mahagoni<\/strong> \u2013 eine zeitlose Hommage an das Leben und Verm\u00e4chtnis Ihrer Liebsten. Handgefertigt aus feinstem Mahagoniholz, besticht diese wundersch\u00f6ne Urne durch eine tiefe, satte Oberfl\u00e4che, die W\u00e4rme und Eleganz ausstrahlt.<\/p>\n<p style=\"text-align: center;\">Die filigrane Maserung des Mahagoniholzes wird durch die meisterhafte Handwerkskunst unserer erfahrenen Kunsthandwerker hervorgehoben, was jede Urne zu einem einzigartigen Kunstwerk macht.<\/p>\n<p style=\"text-align: center;\">Das Besondere an dieser Urne ist die M\u00f6glichkeit, eine silberne Gedenkplakette mit Ihrem pers\u00f6nlichen Text sowie einem Kreuz- oder Rosenemblem hinzuzuf\u00fcgen. Wir gravieren Ihre gew\u00e4hlten Worte sorgf\u00e4ltig ein und schaffen so ein w\u00fcrdevolles, bleibendes Andenken.<\/p>\n<p style=\"text-align: center;\">Diese Mahagoni-Urne ist nicht nur ein Gef\u00e4\u00df f\u00fcr die Asche, sondern ein edles M\u00f6belst\u00fcck, das \u00fcber Generationen hinweg als Familienerbst\u00fcck gesch\u00e4tzt wird. Die solide Bauweise und das klassische Design sorgen daf\u00fcr, dass sie die Zeit \u00fcberdauert und eine tr\u00f6stliche Erinnerung an die gemeinsame Zeit bleibt.<\/p>\n<p style=\"text-align: center;\">Wenn Sie diese Urne in den H\u00e4nden halten, wird sie Ihnen Frieden und Trost spenden, in dem Wissen, dass Ihre Liebsten an einem wahrhaft sch\u00f6nen und w\u00fcrdevollen Ort ruhen. Sie ist eine angemessene Hommage an ein erf\u00fclltes Leben und ein Zeugnis des bleibenden Verm\u00e4chtnisses.<\/p>\n<p>&nbsp;<\/p>\n<h3 style=\"text-align: center;\"><strong>PERSONALISIERUNG<\/strong><\/h3>\n<p style=\"text-align: center;\">Wenn Sie sich f\u00fcr eine personalisierte Plakette entscheiden, geben Sie bitte den Text im Rahmen der Produktpersonalisierung ein.<\/p>\n<p style=\"text-align: center;\">Die personalisierte Gedenktafel muss bei der Bestellung individuell gestaltet werden. (Bitte keine Panik, wenn Sie das vergessen haben, denn Sie k\u00f6nnen uns auch noch nachtr\u00e4glich eine Nachricht schicken).<\/p>\n<p style=\"text-align: center;\">Bitte \u00fcberpr\u00fcfen Sie den zu gravierenden Text sorgf\u00e4ltig, bevor Sie den Artikel in den Warenkorb legen. Wir kopieren und gravieren genau die Informationen, die wir mit der Bestellung erhalten und nehmen bei uns keine \u00c4nderungen vor.<\/p>\n<p style=\"text-align: center;\"><strong>Bitte \u00fcberpr\u00fcfen Sie den Text, um sicherzustellen, dass alle Schreibweisen korrekt sind.<\/strong><\/p>\n<p style=\"text-align: center;\"><img loading=\"lazy\" decoding=\"async\" class=\"alignnone size-medium wp-image-1449\" src=\"http:\/\/www.rememberme-forever.com\/wp-content\/uploads\/2023\/04\/memorial-plaque-cremation-urn-silver-300x153.jpg\" alt=\"Silberfarbene Urne mit Gedenktafel\" width=\"300\" height=\"153\" srcset=\"https:\/\/www.rememberme-forever.com\/wp-content\/uploads\/2023\/04\/memorial-plaque-cremation-urn-silver-300x153.jpg 300w, https:\/\/www.rememberme-forever.com\/wp-content\/uploads\/2023\/04\/memorial-plaque-cremation-urn-silver-64x33.jpg 64w, https:\/\/www.rememberme-forever.com\/wp-content\/uploads\/2023\/04\/memorial-plaque-cremation-urn-silver.jpg 448w\" sizes=\"auto, (max-width: 300px) 100vw, 300px\" \/><\/p>\n","protected":false},"excerpt":{"rendered":"<p>Eine wundervolle, friedliche letzte Ruhest\u00e4tte f\u00fcr einen geliebten Menschen.<\/p>\n<p><strong>Geeignet f\u00fcr die Asche einer Person mit einem K\u00f6rpergewicht von bis zu ca. 138 kg <\/strong><\/p>\n","protected":false},"featured_media":26058,"template":"","meta":{"_acf_changed":false},"product_brand":[],"product_cat":[2327],"product_tag":[3305],"class_list":{"0":"post-26078","1":"product","2":"type-product","3":"status-publish","4":"has-post-thumbnail","6":"product_cat-holz-urnen","7":"product_tag-gpsr-all-wood-urns","8":"product_shipping_class-2-4kg","10":"first","11":"instock","12":"taxable","13":"shipping-taxable","14":"purchasable","15":"product-type-variable"},"yoast_head":"<!-- This site is optimized with the Yoast SEO plugin v27.4 - https:\/\/yoast.com\/product\/yoast-seo-wordpress\/ -->\n<title>Remember Forever<\/title>\n<meta name=\"description\" content=\"Wir pr\u00e4sentieren unsere exquisite Ascheurne aus Mahagoni \u2013 eine zeitlose Hommage an das Leben und Verm\u00e4chtnis Ihrer Liebsten.\" \/>\n<meta name=\"robots\" content=\"index, follow, max-snippet:-1, max-image-preview:large, max-video-preview:-1\" \/>\n<link rel=\"canonical\" href=\"https:\/\/www.rememberme-forever.com\/de\/produkt\/ascheurne-aus-mahagoni\/\" \/>\n<meta property=\"og:locale\" content=\"de_DE\" \/>\n<meta property=\"og:type\" content=\"article\" \/>\n<meta property=\"og:description\" content=\"Wir pr\u00e4sentieren unsere exquisite Ascheurne aus Mahagoni \u2013 eine zeitlose Hommage an das Leben und Verm\u00e4chtnis Ihrer Liebsten.\" \/>\n<meta property=\"og:url\" content=\"https:\/\/www.rememberme-forever.com\/de\/produkt\/ascheurne-aus-mahagoni\/\" \/>\n<meta property=\"og:site_name\" content=\"Remember Forever\" \/>\n<meta property=\"article:modified_time\" content=\"2026-02-20T13:26:27+00:00\" \/>\n<meta property=\"og:image\" content=\"http:\/\/www.rememberme-forever.com\/wp-content\/uploads\/2023\/04\/mahognay-cremation-ashes-casket.jpg\" \/>\n\t<meta property=\"og:image:width\" content=\"768\" \/>\n\t<meta property=\"og:image:height\" content=\"781\" \/>\n\t<meta property=\"og:image:type\" content=\"image\/jpeg\" \/>\n<meta name=\"twitter:card\" content=\"summary_large_image\" \/>\n<meta name=\"twitter:label1\" content=\"Gesch\u00e4tzte Lesezeit\" \/>\n\t<meta name=\"twitter:data1\" content=\"2\u00a0Minute\" \/>\n<script type=\"application\/ld+json\" class=\"yoast-schema-graph\">{\"@context\":\"https:\\\/\\\/schema.org\",\"@graph\":[{\"@type\":\"WebPage\",\"@id\":\"https:\\\/\\\/www.rememberme-forever.com\\\/de\\\/produkt\\\/ascheurne-aus-mahagoni\\\/\",\"url\":\"https:\\\/\\\/www.rememberme-forever.com\\\/de\\\/produkt\\\/ascheurne-aus-mahagoni\\\/\",\"name\":\"\",\"isPartOf\":{\"@id\":\"https:\\\/\\\/www.rememberme-forever.com\\\/de\\\/#website\"},\"primaryImageOfPage\":{\"@id\":\"https:\\\/\\\/www.rememberme-forever.com\\\/de\\\/produkt\\\/ascheurne-aus-mahagoni\\\/#primaryimage\"},\"image\":{\"@id\":\"https:\\\/\\\/www.rememberme-forever.com\\\/de\\\/produkt\\\/ascheurne-aus-mahagoni\\\/#primaryimage\"},\"thumbnailUrl\":\"https:\\\/\\\/www.rememberme-forever.com\\\/wp-content\\\/uploads\\\/2023\\\/04\\\/mahognay-cremation-ashes-casket.jpg\",\"datePublished\":\"2023-04-17T12:16:45+00:00\",\"dateModified\":\"2026-02-20T13:26:27+00:00\",\"description\":\"Wir pr\u00e4sentieren unsere exquisite Ascheurne aus Mahagoni \u2013 eine zeitlose Hommage an das Leben und Verm\u00e4chtnis Ihrer Liebsten.\",\"breadcrumb\":{\"@id\":\"https:\\\/\\\/www.rememberme-forever.com\\\/de\\\/produkt\\\/ascheurne-aus-mahagoni\\\/#breadcrumb\"},\"inLanguage\":\"de\",\"potentialAction\":[{\"@type\":\"ReadAction\",\"target\":[\"https:\\\/\\\/www.rememberme-forever.com\\\/de\\\/produkt\\\/ascheurne-aus-mahagoni\\\/\"]}]},{\"@type\":\"ImageObject\",\"inLanguage\":\"de\",\"@id\":\"https:\\\/\\\/www.rememberme-forever.com\\\/de\\\/produkt\\\/ascheurne-aus-mahagoni\\\/#primaryimage\",\"url\":\"https:\\\/\\\/www.rememberme-forever.com\\\/wp-content\\\/uploads\\\/2023\\\/04\\\/mahognay-cremation-ashes-casket.jpg\",\"contentUrl\":\"https:\\\/\\\/www.rememberme-forever.com\\\/wp-content\\\/uploads\\\/2023\\\/04\\\/mahognay-cremation-ashes-casket.jpg\",\"width\":768,\"height\":781,\"caption\":\"Ascheurne aus Mahagoni\"},{\"@type\":\"BreadcrumbList\",\"@id\":\"https:\\\/\\\/www.rememberme-forever.com\\\/de\\\/produkt\\\/ascheurne-aus-mahagoni\\\/#breadcrumb\",\"itemListElement\":[{\"@type\":\"ListItem\",\"position\":1,\"name\":\"Home\",\"item\":\"https:\\\/\\\/www.rememberme-forever.com\\\/de\\\/startseite\\\/\"},{\"@type\":\"ListItem\",\"position\":2,\"name\":\"Shop\",\"item\":\"https:\\\/\\\/www.rememberme-forever.com\\\/de\\\/shop\\\/\"},{\"@type\":\"ListItem\",\"position\":3,\"name\":\"Ascheurne aus Mahagoni\"}]},{\"@type\":\"WebSite\",\"@id\":\"https:\\\/\\\/www.rememberme-forever.com\\\/de\\\/#website\",\"url\":\"https:\\\/\\\/www.rememberme-forever.com\\\/de\\\/\",\"name\":\"Remember Forever\",\"description\":\"Cremation urns, funeral urns, urns for ashes\",\"publisher\":{\"@id\":\"https:\\\/\\\/www.rememberme-forever.com\\\/de\\\/#organization\"},\"potentialAction\":[{\"@type\":\"SearchAction\",\"target\":{\"@type\":\"EntryPoint\",\"urlTemplate\":\"https:\\\/\\\/www.rememberme-forever.com\\\/de\\\/?s={search_term_string}\"},\"query-input\":{\"@type\":\"PropertyValueSpecification\",\"valueRequired\":true,\"valueName\":\"search_term_string\"}}],\"inLanguage\":\"de\"},{\"@type\":\"Organization\",\"@id\":\"https:\\\/\\\/www.rememberme-forever.com\\\/de\\\/#organization\",\"name\":\"Remember Forever\",\"url\":\"https:\\\/\\\/www.rememberme-forever.com\\\/de\\\/\",\"logo\":{\"@type\":\"ImageObject\",\"inLanguage\":\"de\",\"@id\":\"https:\\\/\\\/www.rememberme-forever.com\\\/de\\\/#\\\/schema\\\/logo\\\/image\\\/\",\"url\":\"https:\\\/\\\/www.rememberme-forever.com\\\/wp-content\\\/uploads\\\/2023\\\/02\\\/logo.png\",\"contentUrl\":\"https:\\\/\\\/www.rememberme-forever.com\\\/wp-content\\\/uploads\\\/2023\\\/02\\\/logo.png\",\"width\":300,\"height\":56,\"caption\":\"Remember Forever\"},\"image\":{\"@id\":\"https:\\\/\\\/www.rememberme-forever.com\\\/de\\\/#\\\/schema\\\/logo\\\/image\\\/\"}}]}<\/script>\n<!-- \/ Yoast SEO plugin. -->","yoast_head_json":{"title":"Remember Forever","description":"Wir pr\u00e4sentieren unsere exquisite Ascheurne aus Mahagoni \u2013 eine zeitlose Hommage an das Leben und Verm\u00e4chtnis Ihrer Liebsten.","robots":{"index":"index","follow":"follow","max-snippet":"max-snippet:-1","max-image-preview":"max-image-preview:large","max-video-preview":"max-video-preview:-1"},"canonical":"https:\/\/www.rememberme-forever.com\/de\/produkt\/ascheurne-aus-mahagoni\/","og_locale":"de_DE","og_type":"article","og_description":"Wir pr\u00e4sentieren unsere exquisite Ascheurne aus Mahagoni \u2013 eine zeitlose Hommage an das Leben und Verm\u00e4chtnis Ihrer Liebsten.","og_url":"https:\/\/www.rememberme-forever.com\/de\/produkt\/ascheurne-aus-mahagoni\/","og_site_name":"Remember Forever","article_modified_time":"2026-02-20T13:26:27+00:00","og_image":[{"width":768,"height":781,"url":"http:\/\/www.rememberme-forever.com\/wp-content\/uploads\/2023\/04\/mahognay-cremation-ashes-casket.jpg","type":"image\/jpeg"}],"twitter_card":"summary_large_image","twitter_misc":{"Gesch\u00e4tzte Lesezeit":"2\u00a0Minute"},"schema":{"@context":"https:\/\/schema.org","@graph":[{"@type":"WebPage","@id":"https:\/\/www.rememberme-forever.com\/de\/produkt\/ascheurne-aus-mahagoni\/","url":"https:\/\/www.rememberme-forever.com\/de\/produkt\/ascheurne-aus-mahagoni\/","name":"","isPartOf":{"@id":"https:\/\/www.rememberme-forever.com\/de\/#website"},"primaryImageOfPage":{"@id":"https:\/\/www.rememberme-forever.com\/de\/produkt\/ascheurne-aus-mahagoni\/#primaryimage"},"image":{"@id":"https:\/\/www.rememberme-forever.com\/de\/produkt\/ascheurne-aus-mahagoni\/#primaryimage"},"thumbnailUrl":"https:\/\/www.rememberme-forever.com\/wp-content\/uploads\/2023\/04\/mahognay-cremation-ashes-casket.jpg","datePublished":"2023-04-17T12:16:45+00:00","dateModified":"2026-02-20T13:26:27+00:00","description":"Wir pr\u00e4sentieren unsere exquisite Ascheurne aus Mahagoni \u2013 eine zeitlose Hommage an das Leben und Verm\u00e4chtnis Ihrer Liebsten.","breadcrumb":{"@id":"https:\/\/www.rememberme-forever.com\/de\/produkt\/ascheurne-aus-mahagoni\/#breadcrumb"},"inLanguage":"de","potentialAction":[{"@type":"ReadAction","target":["https:\/\/www.rememberme-forever.com\/de\/produkt\/ascheurne-aus-mahagoni\/"]}]},{"@type":"ImageObject","inLanguage":"de","@id":"https:\/\/www.rememberme-forever.com\/de\/produkt\/ascheurne-aus-mahagoni\/#primaryimage","url":"https:\/\/www.rememberme-forever.com\/wp-content\/uploads\/2023\/04\/mahognay-cremation-ashes-casket.jpg","contentUrl":"https:\/\/www.rememberme-forever.com\/wp-content\/uploads\/2023\/04\/mahognay-cremation-ashes-casket.jpg","width":768,"height":781,"caption":"Ascheurne aus Mahagoni"},{"@type":"BreadcrumbList","@id":"https:\/\/www.rememberme-forever.com\/de\/produkt\/ascheurne-aus-mahagoni\/#breadcrumb","itemListElement":[{"@type":"ListItem","position":1,"name":"Home","item":"https:\/\/www.rememberme-forever.com\/de\/startseite\/"},{"@type":"ListItem","position":2,"name":"Shop","item":"https:\/\/www.rememberme-forever.com\/de\/shop\/"},{"@type":"ListItem","position":3,"name":"Ascheurne aus Mahagoni"}]},{"@type":"WebSite","@id":"https:\/\/www.rememberme-forever.com\/de\/#website","url":"https:\/\/www.rememberme-forever.com\/de\/","name":"Remember Forever","description":"Cremation urns, funeral urns, urns for ashes","publisher":{"@id":"https:\/\/www.rememberme-forever.com\/de\/#organization"},"potentialAction":[{"@type":"SearchAction","target":{"@type":"EntryPoint","urlTemplate":"https:\/\/www.rememberme-forever.com\/de\/?s={search_term_string}"},"query-input":{"@type":"PropertyValueSpecification","valueRequired":true,"valueName":"search_term_string"}}],"inLanguage":"de"},{"@type":"Organization","@id":"https:\/\/www.rememberme-forever.com\/de\/#organization","name":"Remember Forever","url":"https:\/\/www.rememberme-forever.com\/de\/","logo":{"@type":"ImageObject","inLanguage":"de","@id":"https:\/\/www.rememberme-forever.com\/de\/#\/schema\/logo\/image\/","url":"https:\/\/www.rememberme-forever.com\/wp-content\/uploads\/2023\/02\/logo.png","contentUrl":"https:\/\/www.rememberme-forever.com\/wp-content\/uploads\/2023\/02\/logo.png","width":300,"height":56,"caption":"Remember Forever"},"image":{"@id":"https:\/\/www.rememberme-forever.com\/de\/#\/schema\/logo\/image\/"}}]}},"acf":[],"_links":{"self":[{"href":"https:\/\/www.rememberme-forever.com\/de\/wp-json\/wp\/v2\/product\/26078","targetHints":{"allow":["GET"]}}],"collection":[{"href":"https:\/\/www.rememberme-forever.com\/de\/wp-json\/wp\/v2\/product"}],"about":[{"href":"https:\/\/www.rememberme-forever.com\/de\/wp-json\/wp\/v2\/types\/product"}],"wp:featuredmedia":[{"embeddable":true,"href":"https:\/\/www.rememberme-forever.com\/de\/wp-json\/wp\/v2\/media\/26058"}],"wp:attachment":[{"href":"https:\/\/www.rememberme-forever.com\/de\/wp-json\/wp\/v2\/media?parent=26078"}],"wp:term":[{"taxonomy":"product_brand","embeddable":true,"href":"https:\/\/www.rememberme-forever.com\/de\/wp-json\/wp\/v2\/product_brand?post=26078"},{"taxonomy":"product_cat","embeddable":true,"href":"https:\/\/www.rememberme-forever.com\/de\/wp-json\/wp\/v2\/product_cat?post=26078"},{"taxonomy":"product_tag","embeddable":true,"href":"https:\/\/www.rememberme-forever.com\/de\/wp-json\/wp\/v2\/product_tag?post=26078"}],"curies":[{"name":"wp","href":"https:\/\/api.w.org\/{rel}","templated":true}]}}