{"id":26151,"date":"2023-04-18T08:37:38","date_gmt":"2023-04-18T06:37:38","guid":{"rendered":"https:\/\/www.rememberme-forever.com\/product\/schwarze-taxi-kremationsurne-urne-mit-auto-replik\/"},"modified":"2026-02-23T12:09:39","modified_gmt":"2026-02-23T11:09:39","slug":"schwarze-taxi-kremationsurne-urne-mit-auto-replik","status":"publish","type":"product","link":"https:\/\/www.rememberme-forever.com\/de\/produkt\/schwarze-taxi-kremationsurne-urne-mit-auto-replik\/","title":{"rendered":"Schwarze Taxi-Kremationsurne, Urne mit Auto-Replik"},"content":{"rendered":"<div style=\"width: 100%; margin-bottom: 30px; height: max-content; padding-bottom: 60%; position: relative;\"><iframe style=\"position: absolute; top: 0; left: 0; width: 100%; height: 100%;\" src=\"https:\/\/rememberme-urns.com\/taxi-urn\/\" frameborder=\"0\"><\/iframe><\/div>\n<div style=\"color: red; text-align: center; margin-bottom: 25px;\">\n<p>&gt;&gt; Drehendes Foto \u2013 Tippen\/Zoomen &lt;&lt;<\/p>\n<\/div>\n<h2 style=\"text-align: center;\">Urne Schwarzes Taxi<\/h2>\n<p style=\"text-align: center;\">Wir pr\u00e4sentieren unsere <strong>Urne \u201eSchwarzes Taxi\u201c<\/strong> \u2013 eine einzigartige und besondere Art, an einen geliebten Menschen zu erinnern, der eine Leidenschaft f\u00fcr Taxis hatte oder eine lange Karriere als Taxifahrer verfolgte. Diese wundersch\u00f6ne Urne ist fachm\u00e4nnisch aus hochwertigem schwarzem Holz gefertigt, wobei eine kleine Replik eines schwarzen Taxis auf der Oberseite angebracht ist. Sie ist ein w\u00fcrdiger Tribut an die Erinnerungen und die Leidenschaft Ihres geliebten Menschen, der sein Leben dem Taxigewerbe gewidmet hat.<\/p>\n<p style=\"text-align: center;\">Die Urne verf\u00fcgt \u00fcber eine praktische \u00d6ffnung am Boden, die ein einfaches und diskretes Einsetzen der Asche erm\u00f6glicht. Die robuste Konstruktion stellt sicher, dass die sterblichen \u00dcberreste sicher aufbewahrt werden, was Ihnen in dieser schweren Zeit Trost und Sicherheit gibt.<\/p>\n<p><iframe loading=\"lazy\" title=\"Wooden Urns Part 3: Black Box For Ashes\" width=\"640\" height=\"360\" src=\"https:\/\/www.youtube.com\/embed\/QPZvx9YIDxE?feature=oembed\" frameborder=\"0\" allow=\"accelerometer; autoplay; clipboard-write; encrypted-media; gyroscope; picture-in-picture; web-share\" referrerpolicy=\"strict-origin-when-cross-origin\" allowfullscreen><\/iframe><\/p>\n<p style=\"text-align: center;\">F\u00fcr diejenigen, die eine pers\u00f6nliche Note w\u00fcnschen, besteht die M\u00f6glichkeit, eine Gedenktafel auf der Vorderseite der Urne anzubringen. Wir gravieren Ihre gew\u00e4hlten Worte sorgf\u00e4ltig auf die Tafel und schaffen so ein sch\u00f6nes und dauerhaftes Andenken an Ihren geliebten Menschen.<\/p>\n<p style=\"text-align: center;\">Diese Urne \u201eSchwarzes Taxi\u201c ist eine wahrhaft einzigartige Weise, das Leben und die Erinnerungen eines geliebten Menschen zu ehren, der eine Leidenschaft f\u00fcr Taxis oder eine Karriere in der Taxibranche hatte. Ihr elegantes und modernes Design mit der kleinen Taxi-Replik auf der Oberseite dient als sch\u00f6ne Erinnerung an die Hingabe des Verstorbenen.<\/p>\n<p style=\"text-align: center;\">Wenn Sie diese beeindruckende Urne in den H\u00e4nden halten, werden Sie ein Gef\u00fchl von Trost und Frieden versp\u00fcren, in dem Wissen, dass das Andenken an Ihren geliebten Menschen auf die w\u00fcrdevollste und einzigartigste Weise geehrt wird. Es ist ein passender Tribut an ein Leben voller Leidenschaft und ein bleibendes Zeugnis der besonderen Momente, die Sie geteilt haben.<\/p>\n<p>&nbsp;<\/p>\n<h3 style=\"text-align: center;\"><strong>PERSONALISIERUNG<\/strong><\/h3>\n<p style=\"text-align: center;\">Wenn Sie sich f\u00fcr eine personalisierte Plakette entscheiden, geben Sie bitte den Text im Rahmen der Produktpersonalisierung ein.<\/p>\n<p style=\"text-align: center;\">Die personalisierte Gedenktafel muss bei der Bestellung individuell gestaltet werden. (Bitte keine Panik, wenn Sie das vergessen haben, denn Sie k\u00f6nnen uns auch noch nachtr\u00e4glich eine Nachricht schicken).<\/p>\n<p style=\"text-align: center;\">Bitte \u00fcberpr\u00fcfen Sie den zu gravierenden Text sorgf\u00e4ltig, bevor Sie den Artikel in den Warenkorb legen. Wir kopieren und gravieren genau die Informationen, die wir mit der Bestellung erhalten und nehmen bei uns keine \u00c4nderungen vor.<\/p>\n<p style=\"text-align: center;\"><strong>Bitte \u00fcberpr\u00fcfen Sie den Text, um sicherzustellen, dass alle Schreibweisen korrekt sind.<\/strong><\/p>\n<p>&nbsp;<\/p>\n<p><img loading=\"lazy\" decoding=\"async\" class=\" wp-image-1449 aligncenter\" src=\"http:\/\/www.rememberme-forever.com\/wp-content\/uploads\/2023\/04\/memorial-plaque-cremation-urn-silver-300x153.jpg\" alt=\"Silberfarbene Urne mit Gedenktafel\" width=\"249\" height=\"127\" srcset=\"https:\/\/www.rememberme-forever.com\/wp-content\/uploads\/2023\/04\/memorial-plaque-cremation-urn-silver-300x153.jpg 300w, https:\/\/www.rememberme-forever.com\/wp-content\/uploads\/2023\/04\/memorial-plaque-cremation-urn-silver-64x33.jpg 64w, https:\/\/www.rememberme-forever.com\/wp-content\/uploads\/2023\/04\/memorial-plaque-cremation-urn-silver.jpg 448w\" sizes=\"auto, (max-width: 249px) 100vw, 249px\" \/><\/p>\n<p style=\"text-align: center;\"><strong>\u25ba DETAILS ZUM AUTO \u25c4<\/strong><br \/>\n\u2705 Ungef\u00e4hre Gr\u00f6\u00dfe: 11,5 cm (B) x 4,5 cm (H) x 5 cm (T)<br \/>\n\u2705 Ungef\u00e4hre Gr\u00f6\u00dfe 4.5&#8243; x 1.7&#8243; x 2&#8243;<\/p>\n<p><strong><img loading=\"lazy\" decoding=\"async\" class=\" wp-image-2306 aligncenter\" src=\"http:\/\/www.rememberme-forever.com\/wp-content\/uploads\/2023\/04\/theme-urn-taxi-car-295x300.jpg\" alt=\"Themenurne Taxi Auto\" width=\"246\" height=\"250\" srcset=\"https:\/\/www.rememberme-forever.com\/wp-content\/uploads\/2023\/04\/theme-urn-taxi-car-295x300.jpg 295w, https:\/\/www.rememberme-forever.com\/wp-content\/uploads\/2023\/04\/theme-urn-taxi-car-600x610.jpg 600w, https:\/\/www.rememberme-forever.com\/wp-content\/uploads\/2023\/04\/theme-urn-taxi-car-64x65.jpg 64w, https:\/\/www.rememberme-forever.com\/wp-content\/uploads\/2023\/04\/theme-urn-taxi-car.jpg 768w\" sizes=\"auto, (max-width: 246px) 100vw, 246px\" \/><\/strong><\/p>\n<p>&nbsp;<\/p>\n<p style=\"text-align: center;\"><em><strong>Die schwarze Box dient als Basis f\u00fcr jedes Ornament. Wenn Sie ein anderes Auto oder eine andere Dekoration ben\u00f6tigen, <a href=\"https:\/\/www.rememberme-forever.com\/de\/kontakt\/\" target=\"_blank\" rel=\"noopener\">kontaktieren Sie uns bitte.<\/a> <\/strong><\/em><\/p>\n","protected":false},"excerpt":{"rendered":"<p>F\u00fcr viele Menschen ist es wichtig, ihre individuellen Merkmale, Hobbys, Interessen, die Zugeh\u00f6rigkeit zu einer bestimmten Gruppe oder die Besonderheiten ihres Berufs auch nach dem Tod hervorzuheben. Eine hervorragende M\u00f6glichkeit hierf\u00fcr ist die Wahl einer <strong>einzigartigen und personalisierten Urne.<\/strong><\/p>\n","protected":false},"featured_media":26135,"template":"","meta":{"_acf_changed":false},"product_brand":[],"product_cat":[2346,2352,2344],"product_tag":[3305],"class_list":{"0":"post-26151","1":"product","2":"type-product","3":"status-publish","4":"has-post-thumbnail","6":"product_cat-autos","7":"product_cat-berufsurnen","8":"product_cat-motivurnen","9":"product_tag-gpsr-all-wood-urns","10":"product_shipping_class-2-4kg","12":"first","13":"instock","14":"taxable","15":"shipping-taxable","16":"purchasable","17":"product-type-variable"},"yoast_head":"<!-- This site is optimized with the Yoast SEO plugin v27.4 - https:\/\/yoast.com\/product\/yoast-seo-wordpress\/ -->\n<title>Remember Forever<\/title>\n<meta name=\"description\" content=\"Wir pr\u00e4sentieren unsere Urne \u201eSchwarzes Taxi\u201c \u2013 eine einzigartige und besondere Art, an einen geliebten Menschen zu erinnern, der eine Leidenschaft f\u00fcr Taxis hatte oder eine lange Karriere als Taxifahrer verfolgte.\" \/>\n<meta name=\"robots\" content=\"index, follow, max-snippet:-1, max-image-preview:large, max-video-preview:-1\" \/>\n<link rel=\"canonical\" href=\"https:\/\/www.rememberme-forever.com\/de\/produkt\/schwarze-taxi-kremationsurne-urne-mit-auto-replik\/\" \/>\n<meta property=\"og:locale\" content=\"de_DE\" \/>\n<meta property=\"og:type\" content=\"article\" \/>\n<meta property=\"og:description\" content=\"Wir pr\u00e4sentieren unsere Urne \u201eSchwarzes Taxi\u201c \u2013 eine einzigartige und besondere Art, an einen geliebten Menschen zu erinnern, der eine Leidenschaft f\u00fcr Taxis hatte oder eine lange Karriere als Taxifahrer verfolgte.\" \/>\n<meta property=\"og:url\" content=\"https:\/\/www.rememberme-forever.com\/de\/produkt\/schwarze-taxi-kremationsurne-urne-mit-auto-replik\/\" \/>\n<meta property=\"og:site_name\" content=\"Remember Forever\" \/>\n<meta property=\"article:modified_time\" content=\"2026-02-23T11:09:39+00:00\" \/>\n<meta property=\"og:image\" content=\"http:\/\/www.rememberme-forever.com\/wp-content\/uploads\/2023\/04\/Black-taxi-cremation-urn.jpg\" \/>\n\t<meta property=\"og:image:width\" content=\"768\" \/>\n\t<meta property=\"og:image:height\" content=\"781\" \/>\n\t<meta property=\"og:image:type\" content=\"image\/jpeg\" \/>\n<meta name=\"twitter:card\" content=\"summary_large_image\" \/>\n<meta name=\"twitter:label1\" content=\"Gesch\u00e4tzte Lesezeit\" \/>\n\t<meta name=\"twitter:data1\" content=\"4\u00a0Minute\" \/>\n<script type=\"application\/ld+json\" class=\"yoast-schema-graph\">{\"@context\":\"https:\\\/\\\/schema.org\",\"@graph\":[{\"@type\":\"WebPage\",\"@id\":\"https:\\\/\\\/www.rememberme-forever.com\\\/de\\\/produkt\\\/schwarze-taxi-kremationsurne-urne-mit-auto-replik\\\/\",\"url\":\"https:\\\/\\\/www.rememberme-forever.com\\\/de\\\/produkt\\\/schwarze-taxi-kremationsurne-urne-mit-auto-replik\\\/\",\"name\":\"\",\"isPartOf\":{\"@id\":\"https:\\\/\\\/www.rememberme-forever.com\\\/de\\\/#website\"},\"primaryImageOfPage\":{\"@id\":\"https:\\\/\\\/www.rememberme-forever.com\\\/de\\\/produkt\\\/schwarze-taxi-kremationsurne-urne-mit-auto-replik\\\/#primaryimage\"},\"image\":{\"@id\":\"https:\\\/\\\/www.rememberme-forever.com\\\/de\\\/produkt\\\/schwarze-taxi-kremationsurne-urne-mit-auto-replik\\\/#primaryimage\"},\"thumbnailUrl\":\"https:\\\/\\\/www.rememberme-forever.com\\\/wp-content\\\/uploads\\\/2023\\\/04\\\/Black-taxi-cremation-urn.jpg\",\"datePublished\":\"2023-04-18T06:37:38+00:00\",\"dateModified\":\"2026-02-23T11:09:39+00:00\",\"description\":\"Wir pr\u00e4sentieren unsere Urne \u201eSchwarzes Taxi\u201c \u2013 eine einzigartige und besondere Art, an einen geliebten Menschen zu erinnern, der eine Leidenschaft f\u00fcr Taxis hatte oder eine lange Karriere als Taxifahrer verfolgte.\",\"breadcrumb\":{\"@id\":\"https:\\\/\\\/www.rememberme-forever.com\\\/de\\\/produkt\\\/schwarze-taxi-kremationsurne-urne-mit-auto-replik\\\/#breadcrumb\"},\"inLanguage\":\"de\",\"potentialAction\":[{\"@type\":\"ReadAction\",\"target\":[\"https:\\\/\\\/www.rememberme-forever.com\\\/de\\\/produkt\\\/schwarze-taxi-kremationsurne-urne-mit-auto-replik\\\/\"]}]},{\"@type\":\"ImageObject\",\"inLanguage\":\"de\",\"@id\":\"https:\\\/\\\/www.rememberme-forever.com\\\/de\\\/produkt\\\/schwarze-taxi-kremationsurne-urne-mit-auto-replik\\\/#primaryimage\",\"url\":\"https:\\\/\\\/www.rememberme-forever.com\\\/wp-content\\\/uploads\\\/2023\\\/04\\\/Black-taxi-cremation-urn.jpg\",\"contentUrl\":\"https:\\\/\\\/www.rememberme-forever.com\\\/wp-content\\\/uploads\\\/2023\\\/04\\\/Black-taxi-cremation-urn.jpg\",\"width\":768,\"height\":781,\"caption\":\"Urne Schwarzes Taxi, personalisierte Aschekapseln\"},{\"@type\":\"BreadcrumbList\",\"@id\":\"https:\\\/\\\/www.rememberme-forever.com\\\/de\\\/produkt\\\/schwarze-taxi-kremationsurne-urne-mit-auto-replik\\\/#breadcrumb\",\"itemListElement\":[{\"@type\":\"ListItem\",\"position\":1,\"name\":\"Home\",\"item\":\"https:\\\/\\\/www.rememberme-forever.com\\\/de\\\/startseite\\\/\"},{\"@type\":\"ListItem\",\"position\":2,\"name\":\"Shop\",\"item\":\"https:\\\/\\\/www.rememberme-forever.com\\\/de\\\/shop\\\/\"},{\"@type\":\"ListItem\",\"position\":3,\"name\":\"Schwarze Taxi-Kremationsurne, Urne mit Auto-Replik\"}]},{\"@type\":\"WebSite\",\"@id\":\"https:\\\/\\\/www.rememberme-forever.com\\\/de\\\/#website\",\"url\":\"https:\\\/\\\/www.rememberme-forever.com\\\/de\\\/\",\"name\":\"Remember Forever\",\"description\":\"Cremation urns, funeral urns, urns for ashes\",\"publisher\":{\"@id\":\"https:\\\/\\\/www.rememberme-forever.com\\\/de\\\/#organization\"},\"potentialAction\":[{\"@type\":\"SearchAction\",\"target\":{\"@type\":\"EntryPoint\",\"urlTemplate\":\"https:\\\/\\\/www.rememberme-forever.com\\\/de\\\/?s={search_term_string}\"},\"query-input\":{\"@type\":\"PropertyValueSpecification\",\"valueRequired\":true,\"valueName\":\"search_term_string\"}}],\"inLanguage\":\"de\"},{\"@type\":\"Organization\",\"@id\":\"https:\\\/\\\/www.rememberme-forever.com\\\/de\\\/#organization\",\"name\":\"Remember Forever\",\"url\":\"https:\\\/\\\/www.rememberme-forever.com\\\/de\\\/\",\"logo\":{\"@type\":\"ImageObject\",\"inLanguage\":\"de\",\"@id\":\"https:\\\/\\\/www.rememberme-forever.com\\\/de\\\/#\\\/schema\\\/logo\\\/image\\\/\",\"url\":\"https:\\\/\\\/www.rememberme-forever.com\\\/wp-content\\\/uploads\\\/2023\\\/02\\\/logo.png\",\"contentUrl\":\"https:\\\/\\\/www.rememberme-forever.com\\\/wp-content\\\/uploads\\\/2023\\\/02\\\/logo.png\",\"width\":300,\"height\":56,\"caption\":\"Remember Forever\"},\"image\":{\"@id\":\"https:\\\/\\\/www.rememberme-forever.com\\\/de\\\/#\\\/schema\\\/logo\\\/image\\\/\"}}]}<\/script>\n<!-- \/ Yoast SEO plugin. -->","yoast_head_json":{"title":"Remember Forever","description":"Wir pr\u00e4sentieren unsere Urne \u201eSchwarzes Taxi\u201c \u2013 eine einzigartige und besondere Art, an einen geliebten Menschen zu erinnern, der eine Leidenschaft f\u00fcr Taxis hatte oder eine lange Karriere als Taxifahrer verfolgte.","robots":{"index":"index","follow":"follow","max-snippet":"max-snippet:-1","max-image-preview":"max-image-preview:large","max-video-preview":"max-video-preview:-1"},"canonical":"https:\/\/www.rememberme-forever.com\/de\/produkt\/schwarze-taxi-kremationsurne-urne-mit-auto-replik\/","og_locale":"de_DE","og_type":"article","og_description":"Wir pr\u00e4sentieren unsere Urne \u201eSchwarzes Taxi\u201c \u2013 eine einzigartige und besondere Art, an einen geliebten Menschen zu erinnern, der eine Leidenschaft f\u00fcr Taxis hatte oder eine lange Karriere als Taxifahrer verfolgte.","og_url":"https:\/\/www.rememberme-forever.com\/de\/produkt\/schwarze-taxi-kremationsurne-urne-mit-auto-replik\/","og_site_name":"Remember Forever","article_modified_time":"2026-02-23T11:09:39+00:00","og_image":[{"width":768,"height":781,"url":"http:\/\/www.rememberme-forever.com\/wp-content\/uploads\/2023\/04\/Black-taxi-cremation-urn.jpg","type":"image\/jpeg"}],"twitter_card":"summary_large_image","twitter_misc":{"Gesch\u00e4tzte Lesezeit":"4\u00a0Minute"},"schema":{"@context":"https:\/\/schema.org","@graph":[{"@type":"WebPage","@id":"https:\/\/www.rememberme-forever.com\/de\/produkt\/schwarze-taxi-kremationsurne-urne-mit-auto-replik\/","url":"https:\/\/www.rememberme-forever.com\/de\/produkt\/schwarze-taxi-kremationsurne-urne-mit-auto-replik\/","name":"","isPartOf":{"@id":"https:\/\/www.rememberme-forever.com\/de\/#website"},"primaryImageOfPage":{"@id":"https:\/\/www.rememberme-forever.com\/de\/produkt\/schwarze-taxi-kremationsurne-urne-mit-auto-replik\/#primaryimage"},"image":{"@id":"https:\/\/www.rememberme-forever.com\/de\/produkt\/schwarze-taxi-kremationsurne-urne-mit-auto-replik\/#primaryimage"},"thumbnailUrl":"https:\/\/www.rememberme-forever.com\/wp-content\/uploads\/2023\/04\/Black-taxi-cremation-urn.jpg","datePublished":"2023-04-18T06:37:38+00:00","dateModified":"2026-02-23T11:09:39+00:00","description":"Wir pr\u00e4sentieren unsere Urne \u201eSchwarzes Taxi\u201c \u2013 eine einzigartige und besondere Art, an einen geliebten Menschen zu erinnern, der eine Leidenschaft f\u00fcr Taxis hatte oder eine lange Karriere als Taxifahrer verfolgte.","breadcrumb":{"@id":"https:\/\/www.rememberme-forever.com\/de\/produkt\/schwarze-taxi-kremationsurne-urne-mit-auto-replik\/#breadcrumb"},"inLanguage":"de","potentialAction":[{"@type":"ReadAction","target":["https:\/\/www.rememberme-forever.com\/de\/produkt\/schwarze-taxi-kremationsurne-urne-mit-auto-replik\/"]}]},{"@type":"ImageObject","inLanguage":"de","@id":"https:\/\/www.rememberme-forever.com\/de\/produkt\/schwarze-taxi-kremationsurne-urne-mit-auto-replik\/#primaryimage","url":"https:\/\/www.rememberme-forever.com\/wp-content\/uploads\/2023\/04\/Black-taxi-cremation-urn.jpg","contentUrl":"https:\/\/www.rememberme-forever.com\/wp-content\/uploads\/2023\/04\/Black-taxi-cremation-urn.jpg","width":768,"height":781,"caption":"Urne Schwarzes Taxi, personalisierte Aschekapseln"},{"@type":"BreadcrumbList","@id":"https:\/\/www.rememberme-forever.com\/de\/produkt\/schwarze-taxi-kremationsurne-urne-mit-auto-replik\/#breadcrumb","itemListElement":[{"@type":"ListItem","position":1,"name":"Home","item":"https:\/\/www.rememberme-forever.com\/de\/startseite\/"},{"@type":"ListItem","position":2,"name":"Shop","item":"https:\/\/www.rememberme-forever.com\/de\/shop\/"},{"@type":"ListItem","position":3,"name":"Schwarze Taxi-Kremationsurne, Urne mit Auto-Replik"}]},{"@type":"WebSite","@id":"https:\/\/www.rememberme-forever.com\/de\/#website","url":"https:\/\/www.rememberme-forever.com\/de\/","name":"Remember Forever","description":"Cremation urns, funeral urns, urns for ashes","publisher":{"@id":"https:\/\/www.rememberme-forever.com\/de\/#organization"},"potentialAction":[{"@type":"SearchAction","target":{"@type":"EntryPoint","urlTemplate":"https:\/\/www.rememberme-forever.com\/de\/?s={search_term_string}"},"query-input":{"@type":"PropertyValueSpecification","valueRequired":true,"valueName":"search_term_string"}}],"inLanguage":"de"},{"@type":"Organization","@id":"https:\/\/www.rememberme-forever.com\/de\/#organization","name":"Remember Forever","url":"https:\/\/www.rememberme-forever.com\/de\/","logo":{"@type":"ImageObject","inLanguage":"de","@id":"https:\/\/www.rememberme-forever.com\/de\/#\/schema\/logo\/image\/","url":"https:\/\/www.rememberme-forever.com\/wp-content\/uploads\/2023\/02\/logo.png","contentUrl":"https:\/\/www.rememberme-forever.com\/wp-content\/uploads\/2023\/02\/logo.png","width":300,"height":56,"caption":"Remember Forever"},"image":{"@id":"https:\/\/www.rememberme-forever.com\/de\/#\/schema\/logo\/image\/"}}]}},"acf":[],"_links":{"self":[{"href":"https:\/\/www.rememberme-forever.com\/de\/wp-json\/wp\/v2\/product\/26151","targetHints":{"allow":["GET"]}}],"collection":[{"href":"https:\/\/www.rememberme-forever.com\/de\/wp-json\/wp\/v2\/product"}],"about":[{"href":"https:\/\/www.rememberme-forever.com\/de\/wp-json\/wp\/v2\/types\/product"}],"wp:featuredmedia":[{"embeddable":true,"href":"https:\/\/www.rememberme-forever.com\/de\/wp-json\/wp\/v2\/media\/26135"}],"wp:attachment":[{"href":"https:\/\/www.rememberme-forever.com\/de\/wp-json\/wp\/v2\/media?parent=26151"}],"wp:term":[{"taxonomy":"product_brand","embeddable":true,"href":"https:\/\/www.rememberme-forever.com\/de\/wp-json\/wp\/v2\/product_brand?post=26151"},{"taxonomy":"product_cat","embeddable":true,"href":"https:\/\/www.rememberme-forever.com\/de\/wp-json\/wp\/v2\/product_cat?post=26151"},{"taxonomy":"product_tag","embeddable":true,"href":"https:\/\/www.rememberme-forever.com\/de\/wp-json\/wp\/v2\/product_tag?post=26151"}],"curies":[{"name":"wp","href":"https:\/\/api.w.org\/{rel}","templated":true}]}}