{"id":26191,"date":"2023-04-18T09:51:57","date_gmt":"2023-04-18T07:51:57","guid":{"rendered":"https:\/\/www.rememberme-forever.com\/product\/engelsfluegel-urne\/"},"modified":"2026-02-23T12:31:10","modified_gmt":"2026-02-23T11:31:10","slug":"engelsfluegel-urne","status":"publish","type":"product","link":"https:\/\/www.rememberme-forever.com\/de\/produkt\/engelsfluegel-urne\/","title":{"rendered":"Engelsfl\u00fcgel-Urne"},"content":{"rendered":"<div style=\"width: 100%; margin-bottom: 30px; height: max-content; padding-bottom: 60%; position: relative;\"><iframe style=\"position: absolute; top: 0; left: 0; width: 100%; height: 100%;\" src=\"https:\/\/rememberme-urns.com\/wings-urn\/\" frameborder=\"0\"><\/iframe><\/div>\n<div style=\"color: red; text-align: center; margin-bottom: 25px;\">\n<p>&gt;&gt; Drehendes Foto \u2013 Tippen\/Zoomen &lt;&lt;<\/p>\n<\/div>\n<h2 style=\"text-align: center;\">Engelsfl\u00fcgel-Urne<\/h2>\n<p style=\"text-align: center;\">Unsere <strong>Engelsfl\u00fcgel-Urne<\/strong> ist eine beeindruckende und bedeutungsvolle Art, die Erinnerung an Ihre geliebte Person zu ehren. Die wundersch\u00f6ne und aufwendig gestaltete Figur wei\u00dfer Engelsfl\u00fcgel, die die Oberseite der Urne ziert, schafft ein Gef\u00fchl von Frieden und Gelassenheit und spendet Trost in dieser schweren Zeit.<\/p>\n<p style=\"text-align: center;\">Gefertigt aus hochwertigen Materialien, verf\u00fcgt diese Urne \u00fcber eine Boden\u00f6ffnung, die eine einfache und diskrete Platzierung der Asche Ihrer geliebten Person erm\u00f6glicht. Die robuste Konstruktion gew\u00e4hrleistet, dass die \u00dcberreste Ihrer geliebten Person sicher und gesch\u00fctzt aufbewahrt werden, was Ihnen Seelenfrieden und Trost spendet.<\/p>\n<p>&nbsp;<\/p>\n<p><iframe loading=\"lazy\" title=\"Wooden Urns Part 3: Black Box For Ashes\" width=\"640\" height=\"360\" src=\"https:\/\/www.youtube.com\/embed\/QPZvx9YIDxE?feature=oembed\" frameborder=\"0\" allow=\"accelerometer; autoplay; clipboard-write; encrypted-media; gyroscope; picture-in-picture; web-share\" referrerpolicy=\"strict-origin-when-cross-origin\" allowfullscreen><\/iframe><\/p>\n<p style=\"text-align: center;\">F\u00fcr diejenigen, die eine pers\u00f6nliche Note hinzuf\u00fcgen m\u00f6chten, besteht die M\u00f6glichkeit, eine Gedenktafel an der Vorderseite der Urne anzubringen. Dies erm\u00f6glicht es Ihnen, die Urne mit einer besonderen Botschaft zu gestalten, die die Erinnerung an Ihre geliebte Person ehrt und sie zu einer wahrhaft einzigartigen und besonderen Hommage macht.<\/p>\n<p style=\"text-align: center;\">Wenn Sie diese Engelsfl\u00fcgel-Urne in Ihren H\u00e4nden halten, werden Sie ein Gef\u00fchl von Trost und Frieden versp\u00fcren, da Sie wissen, dass die Erinnerung an Ihre geliebte Person auf die w\u00fcrdevollste und besondere Weise geehrt wird. Die Engelsfl\u00fcgelfigur ist ein Symbol der Hoffnung und des Schutzes und dient als Erinnerung daran, dass Ihre geliebte Person Sie nun von einem besseren Ort aus beobachtet.<\/p>\n<p style=\"text-align: center;\">Diese Engelsfl\u00fcgel-Urne ist eine passende Hommage an ein Leben voller Liebe und Mitgef\u00fchl. Sie ist eine wundersch\u00f6ne und bedeutungsvolle Art, sich an Ihre geliebte Person zu erinnern und der Liebe, die Sie geteilt haben, Tribut zu zollen. Ihr atemberaubendes Design und ihre hochwertige Verarbeitung machen sie zu einem wahren Kunstwerk, das als bleibendes Zeugnis der besonderen Erinnerungen und Momente dient, die Sie mit Ihrer geliebten Person geteilt haben.<\/p>\n<p style=\"text-align: center;\">Das Leben und die Erinnerungen an Ihre geliebte Person zu ehren, war noch nie einfacher oder besonderer als mit unserer Engelsfl\u00fcgel-Urne.<\/p>\n<p>&nbsp;<\/p>\n<h3 style=\"text-align: center;\"><strong>PERSONALISIERUNG<\/strong><\/h3>\n<p style=\"text-align: center;\">Wenn Sie sich f\u00fcr eine personalisierte Plakette entscheiden, geben Sie bitte den Text im Rahmen der Produktpersonalisierung ein.<\/p>\n<p style=\"text-align: center;\">Die personalisierte Gedenktafel muss bei der Bestellung individuell gestaltet werden. (Bitte keine Panik, wenn Sie das vergessen haben, denn Sie k\u00f6nnen uns auch noch nachtr\u00e4glich eine Nachricht schicken).<\/p>\n<p style=\"text-align: center;\">Bitte \u00fcberpr\u00fcfen Sie den zu gravierenden Text sorgf\u00e4ltig, bevor Sie den Artikel in den Warenkorb legen. Wir kopieren und gravieren genau die Informationen, die wir mit der Bestellung erhalten und nehmen bei uns keine \u00c4nderungen vor.<\/p>\n<p style=\"text-align: center;\"><strong>Bitte \u00fcberpr\u00fcfen Sie den Text, um sicherzustellen, dass alle Schreibweisen korrekt sind.<\/strong><\/p>\n<p><img loading=\"lazy\" decoding=\"async\" class=\" wp-image-1449 aligncenter\" src=\"http:\/\/www.rememberme-forever.com\/wp-content\/uploads\/2023\/04\/memorial-plaque-cremation-urn-silver-300x153.jpg\" alt=\"Silberfarbene Urne mit Gedenktafel\" width=\"249\" height=\"127\" srcset=\"https:\/\/www.rememberme-forever.com\/wp-content\/uploads\/2023\/04\/memorial-plaque-cremation-urn-silver-300x153.jpg 300w, https:\/\/www.rememberme-forever.com\/wp-content\/uploads\/2023\/04\/memorial-plaque-cremation-urn-silver-64x33.jpg 64w, https:\/\/www.rememberme-forever.com\/wp-content\/uploads\/2023\/04\/memorial-plaque-cremation-urn-silver.jpg 448w\" sizes=\"auto, (max-width: 249px) 100vw, 249px\" \/><\/p>\n<p>&nbsp;<\/p>\n<p style=\"text-align: center;\"><em><strong>Die schwarze Box dient als Basis f\u00fcr verschiedene Ornamente. Falls Sie eine andere Dekoration w\u00fcnschen, <a href=\"https:\/\/www.rememberme-forever.com\/de\/kontakt\/\" target=\"_blank\" rel=\"noopener\">kontaktieren Sie uns bitte.<\/a> <\/strong><\/em><\/p>\n","protected":false},"excerpt":{"rendered":"<p><strong><em>Eine majest\u00e4tisch aussehende Urne mit Engelsfl\u00fcgeln auf einer schwarzen, massiven Holzschatulle.<\/em><\/strong><\/p>\n","protected":false},"featured_media":26180,"template":"","meta":{"_acf_changed":false},"product_brand":[],"product_cat":[2345,2327,2331,2344],"product_tag":[3305],"class_list":{"0":"post-26191","1":"product","2":"type-product","3":"status-publish","4":"has-post-thumbnail","6":"product_cat-alle-anderen-urnen","7":"product_cat-holz-urnen","8":"product_cat-kunstlerische-urnen","9":"product_cat-motivurnen","10":"product_tag-gpsr-all-wood-urns","11":"product_shipping_class-2-4kg","13":"first","14":"instock","15":"taxable","16":"shipping-taxable","17":"purchasable","18":"product-type-variable"},"yoast_head":"<!-- This site is optimized with the Yoast SEO plugin v27.4 - https:\/\/yoast.com\/product\/yoast-seo-wordpress\/ -->\n<title>Remember Forever<\/title>\n<meta name=\"description\" content=\"Wir pr\u00e4sentieren unsere Herz-Figur-Urne \u2013 eine ber\u00fchrende und elegante Hommage an Ihre Liebsten. Einzigartige Aschekapsel mit Herz.\" \/>\n<meta name=\"robots\" content=\"index, follow, max-snippet:-1, max-image-preview:large, max-video-preview:-1\" \/>\n<link rel=\"canonical\" href=\"https:\/\/www.rememberme-forever.com\/de\/produkt\/engelsfluegel-urne\/\" \/>\n<meta property=\"og:locale\" content=\"de_DE\" \/>\n<meta property=\"og:type\" content=\"article\" \/>\n<meta property=\"og:description\" content=\"Wir pr\u00e4sentieren unsere Herz-Figur-Urne \u2013 eine ber\u00fchrende und elegante Hommage an Ihre Liebsten. Einzigartige Aschekapsel mit Herz.\" \/>\n<meta property=\"og:url\" content=\"https:\/\/www.rememberme-forever.com\/de\/produkt\/engelsfluegel-urne\/\" \/>\n<meta property=\"og:site_name\" content=\"Remember Forever\" \/>\n<meta property=\"article:modified_time\" content=\"2026-02-23T11:31:10+00:00\" \/>\n<meta property=\"og:image\" content=\"http:\/\/www.rememberme-forever.com\/wp-content\/uploads\/2023\/04\/Angel-wings-cremation-urn.jpg\" \/>\n\t<meta property=\"og:image:width\" content=\"768\" \/>\n\t<meta property=\"og:image:height\" content=\"781\" \/>\n\t<meta property=\"og:image:type\" content=\"image\/jpeg\" \/>\n<meta name=\"twitter:card\" content=\"summary_large_image\" \/>\n<meta name=\"twitter:label1\" content=\"Gesch\u00e4tzte Lesezeit\" \/>\n\t<meta name=\"twitter:data1\" content=\"3\u00a0Minute\" \/>\n<script type=\"application\/ld+json\" class=\"yoast-schema-graph\">{\"@context\":\"https:\\\/\\\/schema.org\",\"@graph\":[{\"@type\":\"WebPage\",\"@id\":\"https:\\\/\\\/www.rememberme-forever.com\\\/de\\\/produkt\\\/engelsfluegel-urne\\\/\",\"url\":\"https:\\\/\\\/www.rememberme-forever.com\\\/de\\\/produkt\\\/engelsfluegel-urne\\\/\",\"name\":\"\",\"isPartOf\":{\"@id\":\"https:\\\/\\\/www.rememberme-forever.com\\\/de\\\/#website\"},\"primaryImageOfPage\":{\"@id\":\"https:\\\/\\\/www.rememberme-forever.com\\\/de\\\/produkt\\\/engelsfluegel-urne\\\/#primaryimage\"},\"image\":{\"@id\":\"https:\\\/\\\/www.rememberme-forever.com\\\/de\\\/produkt\\\/engelsfluegel-urne\\\/#primaryimage\"},\"thumbnailUrl\":\"https:\\\/\\\/www.rememberme-forever.com\\\/wp-content\\\/uploads\\\/2023\\\/04\\\/Angel-wings-cremation-urn.jpg\",\"datePublished\":\"2023-04-18T07:51:57+00:00\",\"dateModified\":\"2026-02-23T11:31:10+00:00\",\"description\":\"Wir pr\u00e4sentieren unsere Herz-Figur-Urne \u2013 eine ber\u00fchrende und elegante Hommage an Ihre Liebsten. Einzigartige Aschekapsel mit Herz.\",\"breadcrumb\":{\"@id\":\"https:\\\/\\\/www.rememberme-forever.com\\\/de\\\/produkt\\\/engelsfluegel-urne\\\/#breadcrumb\"},\"inLanguage\":\"de\",\"potentialAction\":[{\"@type\":\"ReadAction\",\"target\":[\"https:\\\/\\\/www.rememberme-forever.com\\\/de\\\/produkt\\\/engelsfluegel-urne\\\/\"]}]},{\"@type\":\"ImageObject\",\"inLanguage\":\"de\",\"@id\":\"https:\\\/\\\/www.rememberme-forever.com\\\/de\\\/produkt\\\/engelsfluegel-urne\\\/#primaryimage\",\"url\":\"https:\\\/\\\/www.rememberme-forever.com\\\/wp-content\\\/uploads\\\/2023\\\/04\\\/Angel-wings-cremation-urn.jpg\",\"contentUrl\":\"https:\\\/\\\/www.rememberme-forever.com\\\/wp-content\\\/uploads\\\/2023\\\/04\\\/Angel-wings-cremation-urn.jpg\",\"width\":768,\"height\":781,\"caption\":\"Engelsfl\u00fcgel-Urne\"},{\"@type\":\"BreadcrumbList\",\"@id\":\"https:\\\/\\\/www.rememberme-forever.com\\\/de\\\/produkt\\\/engelsfluegel-urne\\\/#breadcrumb\",\"itemListElement\":[{\"@type\":\"ListItem\",\"position\":1,\"name\":\"Home\",\"item\":\"https:\\\/\\\/www.rememberme-forever.com\\\/de\\\/startseite\\\/\"},{\"@type\":\"ListItem\",\"position\":2,\"name\":\"Shop\",\"item\":\"https:\\\/\\\/www.rememberme-forever.com\\\/de\\\/shop\\\/\"},{\"@type\":\"ListItem\",\"position\":3,\"name\":\"Engelsfl\u00fcgel-Urne\"}]},{\"@type\":\"WebSite\",\"@id\":\"https:\\\/\\\/www.rememberme-forever.com\\\/de\\\/#website\",\"url\":\"https:\\\/\\\/www.rememberme-forever.com\\\/de\\\/\",\"name\":\"Remember Forever\",\"description\":\"Cremation urns, funeral urns, urns for ashes\",\"publisher\":{\"@id\":\"https:\\\/\\\/www.rememberme-forever.com\\\/de\\\/#organization\"},\"potentialAction\":[{\"@type\":\"SearchAction\",\"target\":{\"@type\":\"EntryPoint\",\"urlTemplate\":\"https:\\\/\\\/www.rememberme-forever.com\\\/de\\\/?s={search_term_string}\"},\"query-input\":{\"@type\":\"PropertyValueSpecification\",\"valueRequired\":true,\"valueName\":\"search_term_string\"}}],\"inLanguage\":\"de\"},{\"@type\":\"Organization\",\"@id\":\"https:\\\/\\\/www.rememberme-forever.com\\\/de\\\/#organization\",\"name\":\"Remember Forever\",\"url\":\"https:\\\/\\\/www.rememberme-forever.com\\\/de\\\/\",\"logo\":{\"@type\":\"ImageObject\",\"inLanguage\":\"de\",\"@id\":\"https:\\\/\\\/www.rememberme-forever.com\\\/de\\\/#\\\/schema\\\/logo\\\/image\\\/\",\"url\":\"https:\\\/\\\/www.rememberme-forever.com\\\/wp-content\\\/uploads\\\/2023\\\/02\\\/logo.png\",\"contentUrl\":\"https:\\\/\\\/www.rememberme-forever.com\\\/wp-content\\\/uploads\\\/2023\\\/02\\\/logo.png\",\"width\":300,\"height\":56,\"caption\":\"Remember Forever\"},\"image\":{\"@id\":\"https:\\\/\\\/www.rememberme-forever.com\\\/de\\\/#\\\/schema\\\/logo\\\/image\\\/\"}}]}<\/script>\n<!-- \/ Yoast SEO plugin. -->","yoast_head_json":{"title":"Remember Forever","description":"Wir pr\u00e4sentieren unsere Herz-Figur-Urne \u2013 eine ber\u00fchrende und elegante Hommage an Ihre Liebsten. Einzigartige Aschekapsel mit Herz.","robots":{"index":"index","follow":"follow","max-snippet":"max-snippet:-1","max-image-preview":"max-image-preview:large","max-video-preview":"max-video-preview:-1"},"canonical":"https:\/\/www.rememberme-forever.com\/de\/produkt\/engelsfluegel-urne\/","og_locale":"de_DE","og_type":"article","og_description":"Wir pr\u00e4sentieren unsere Herz-Figur-Urne \u2013 eine ber\u00fchrende und elegante Hommage an Ihre Liebsten. Einzigartige Aschekapsel mit Herz.","og_url":"https:\/\/www.rememberme-forever.com\/de\/produkt\/engelsfluegel-urne\/","og_site_name":"Remember Forever","article_modified_time":"2026-02-23T11:31:10+00:00","og_image":[{"width":768,"height":781,"url":"http:\/\/www.rememberme-forever.com\/wp-content\/uploads\/2023\/04\/Angel-wings-cremation-urn.jpg","type":"image\/jpeg"}],"twitter_card":"summary_large_image","twitter_misc":{"Gesch\u00e4tzte Lesezeit":"3\u00a0Minute"},"schema":{"@context":"https:\/\/schema.org","@graph":[{"@type":"WebPage","@id":"https:\/\/www.rememberme-forever.com\/de\/produkt\/engelsfluegel-urne\/","url":"https:\/\/www.rememberme-forever.com\/de\/produkt\/engelsfluegel-urne\/","name":"","isPartOf":{"@id":"https:\/\/www.rememberme-forever.com\/de\/#website"},"primaryImageOfPage":{"@id":"https:\/\/www.rememberme-forever.com\/de\/produkt\/engelsfluegel-urne\/#primaryimage"},"image":{"@id":"https:\/\/www.rememberme-forever.com\/de\/produkt\/engelsfluegel-urne\/#primaryimage"},"thumbnailUrl":"https:\/\/www.rememberme-forever.com\/wp-content\/uploads\/2023\/04\/Angel-wings-cremation-urn.jpg","datePublished":"2023-04-18T07:51:57+00:00","dateModified":"2026-02-23T11:31:10+00:00","description":"Wir pr\u00e4sentieren unsere Herz-Figur-Urne \u2013 eine ber\u00fchrende und elegante Hommage an Ihre Liebsten. Einzigartige Aschekapsel mit Herz.","breadcrumb":{"@id":"https:\/\/www.rememberme-forever.com\/de\/produkt\/engelsfluegel-urne\/#breadcrumb"},"inLanguage":"de","potentialAction":[{"@type":"ReadAction","target":["https:\/\/www.rememberme-forever.com\/de\/produkt\/engelsfluegel-urne\/"]}]},{"@type":"ImageObject","inLanguage":"de","@id":"https:\/\/www.rememberme-forever.com\/de\/produkt\/engelsfluegel-urne\/#primaryimage","url":"https:\/\/www.rememberme-forever.com\/wp-content\/uploads\/2023\/04\/Angel-wings-cremation-urn.jpg","contentUrl":"https:\/\/www.rememberme-forever.com\/wp-content\/uploads\/2023\/04\/Angel-wings-cremation-urn.jpg","width":768,"height":781,"caption":"Engelsfl\u00fcgel-Urne"},{"@type":"BreadcrumbList","@id":"https:\/\/www.rememberme-forever.com\/de\/produkt\/engelsfluegel-urne\/#breadcrumb","itemListElement":[{"@type":"ListItem","position":1,"name":"Home","item":"https:\/\/www.rememberme-forever.com\/de\/startseite\/"},{"@type":"ListItem","position":2,"name":"Shop","item":"https:\/\/www.rememberme-forever.com\/de\/shop\/"},{"@type":"ListItem","position":3,"name":"Engelsfl\u00fcgel-Urne"}]},{"@type":"WebSite","@id":"https:\/\/www.rememberme-forever.com\/de\/#website","url":"https:\/\/www.rememberme-forever.com\/de\/","name":"Remember Forever","description":"Cremation urns, funeral urns, urns for ashes","publisher":{"@id":"https:\/\/www.rememberme-forever.com\/de\/#organization"},"potentialAction":[{"@type":"SearchAction","target":{"@type":"EntryPoint","urlTemplate":"https:\/\/www.rememberme-forever.com\/de\/?s={search_term_string}"},"query-input":{"@type":"PropertyValueSpecification","valueRequired":true,"valueName":"search_term_string"}}],"inLanguage":"de"},{"@type":"Organization","@id":"https:\/\/www.rememberme-forever.com\/de\/#organization","name":"Remember Forever","url":"https:\/\/www.rememberme-forever.com\/de\/","logo":{"@type":"ImageObject","inLanguage":"de","@id":"https:\/\/www.rememberme-forever.com\/de\/#\/schema\/logo\/image\/","url":"https:\/\/www.rememberme-forever.com\/wp-content\/uploads\/2023\/02\/logo.png","contentUrl":"https:\/\/www.rememberme-forever.com\/wp-content\/uploads\/2023\/02\/logo.png","width":300,"height":56,"caption":"Remember Forever"},"image":{"@id":"https:\/\/www.rememberme-forever.com\/de\/#\/schema\/logo\/image\/"}}]}},"acf":[],"_links":{"self":[{"href":"https:\/\/www.rememberme-forever.com\/de\/wp-json\/wp\/v2\/product\/26191","targetHints":{"allow":["GET"]}}],"collection":[{"href":"https:\/\/www.rememberme-forever.com\/de\/wp-json\/wp\/v2\/product"}],"about":[{"href":"https:\/\/www.rememberme-forever.com\/de\/wp-json\/wp\/v2\/types\/product"}],"wp:featuredmedia":[{"embeddable":true,"href":"https:\/\/www.rememberme-forever.com\/de\/wp-json\/wp\/v2\/media\/26180"}],"wp:attachment":[{"href":"https:\/\/www.rememberme-forever.com\/de\/wp-json\/wp\/v2\/media?parent=26191"}],"wp:term":[{"taxonomy":"product_brand","embeddable":true,"href":"https:\/\/www.rememberme-forever.com\/de\/wp-json\/wp\/v2\/product_brand?post=26191"},{"taxonomy":"product_cat","embeddable":true,"href":"https:\/\/www.rememberme-forever.com\/de\/wp-json\/wp\/v2\/product_cat?post=26191"},{"taxonomy":"product_tag","embeddable":true,"href":"https:\/\/www.rememberme-forever.com\/de\/wp-json\/wp\/v2\/product_tag?post=26191"}],"curies":[{"name":"wp","href":"https:\/\/api.w.org\/{rel}","templated":true}]}}