{"id":26269,"date":"2023-04-18T11:28:25","date_gmt":"2023-04-18T09:28:25","guid":{"rendered":"https:\/\/www.rememberme-forever.com\/product\/urne-fuer-eine-grosse-person-oder-fuer-zwei\/"},"modified":"2026-02-23T13:11:19","modified_gmt":"2026-02-23T12:11:19","slug":"urne-fuer-eine-grosse-person-oder-fuer-zwei","status":"publish","type":"product","link":"https:\/\/www.rememberme-forever.com\/de\/produkt\/urne-fuer-eine-grosse-person-oder-fuer-zwei\/","title":{"rendered":"Urne f\u00fcr eine gro\u00dfe Person oder f\u00fcr zwei"},"content":{"rendered":"<div style=\"width: 100%; margin-bottom: 40px; height: max-content; padding-bottom: 60%; position: relative;\"><iframe style=\"position: absolute; top: 0; left: 0; width: 100%; height: 100%;\" src=\"https:\/\/rememberme-urns.com\/modern-artistic-urn-for-two\/\" frameborder=\"0\"><\/iframe><\/div>\n<div style=\"color: red; text-align: center; margin-bottom: 25px;\">\n<p>&gt;&gt; Drehendes Foto \u2013 Tippen\/Zoomen &lt;&lt;<\/p>\n<\/div>\n<h2 style=\"text-align: center;\">Urne f\u00fcr eine gro\u00dfe Person oder f\u00fcr zwei<\/h2>\n<p style=\"text-align: center;\">Unsere <strong>Kremationsurne f\u00fcr eine gro\u00dfe Person<\/strong> oder f\u00fcr zwei ist eine wundersch\u00f6n gefertigte Urne, die das Andenken an eine geliebte Person oder zwei ehrt. Diese moderne Urne ist perfekt f\u00fcr alle, die zeitgen\u00f6ssisches Design und hochwertige Handwerkskunst sch\u00e4tzen.<\/p>\n<p style=\"text-align: center;\">Aus den besten Materialien gefertigt, strahlt diese Urne Eleganz und Raffinesse aus. Ihr schlankes, zeitloses Design ist eine perfekte W\u00fcrdigung des feinen Geschmacks und der einzigartigen Pers\u00f6nlichkeit Ihrer geliebten Person. Mit ihrem gro\u00dfz\u00fcgigen Innenraum und der Boden\u00f6ffnung eignet sich diese Urne zur Aufnahme der Asche einer gro\u00dfen Person oder von zwei Erwachsenen.<\/p>\n<p style=\"text-align: center;\">Diese Urne kann au\u00dferdem mit einer Gedenktafel personalisiert werden, die separat auf dem Plexiglas angebracht werden kann. Das ist eine sch\u00f6ne und pers\u00f6nliche Art, das Andenken an Ihre geliebte Person zu ehren und sicherzustellen, dass ihr Verm\u00e4chtnis f\u00fcr immer in Erinnerung bleibt.<\/p>\n<p style=\"text-align: center;\">Die Kremationsurne f\u00fcr eine gro\u00dfe Person ist eine sch\u00f6ne und bedeutungsvolle Art, das Leben Ihrer geliebten Person zu erinnern und zu w\u00fcrdigen. Ob an einem prominenten Ort aufgestellt oder an der letzten Ruhest\u00e4tte platziert \u2013 sie ist eine passende Hommage an ihr Andenken und die Liebe, die sie geteilt haben.<\/p>\n<p style=\"text-align: center;\">Diese Urne ist nicht nur ein wundersch\u00f6nes Kunstwerk, sondern auch eine sichere und w\u00fcrdevolle letzte Ruhest\u00e4tte f\u00fcr die Asche Ihrer geliebten Person. Ihre robuste Konstruktion sorgt daf\u00fcr, dass die Asche sicher verwahrt bleibt \u2013 f\u00fcr Ihre Gewissheit, dass das Verm\u00e4chtnis Ihrer geliebten Person f\u00fcr immer bewahrt wird.<\/p>\n<p style=\"text-align: center;\">Zu Ehren Ihrer geliebten Person oder zweier: W\u00e4hlen Sie die Kremationsurne f\u00fcr eine gro\u00dfe Person oder f\u00fcr zwei. Ihr modernes Design und die hochwertige Verarbeitung machen sie zu einer perfekten W\u00fcrdigung ihres Andenkens und zu einer sch\u00f6nen Art, ihr Leben und Verm\u00e4chtnis zu ehren.<\/p>\n<p>&nbsp;<\/p>\n<h3 style=\"text-align: center;\"><strong>PERSONALISIERUNG<\/strong><\/h3>\n<p style=\"text-align: center;\">Wenn Sie sich f\u00fcr eine personalisierte Plakette entscheiden, geben Sie bitte den Text im Rahmen der Produktpersonalisierung ein.<\/p>\n<p style=\"text-align: center;\">Die personalisierte Gedenktafel muss bei der Bestellung individuell gestaltet werden. (Bitte keine Panik, wenn Sie das vergessen haben, denn Sie k\u00f6nnen uns auch noch nachtr\u00e4glich eine Nachricht schicken).<\/p>\n<p style=\"text-align: center;\">Bitte \u00fcberpr\u00fcfen Sie den zu gravierenden Text sorgf\u00e4ltig, bevor Sie den Artikel in den Warenkorb legen. Wir kopieren und gravieren genau die Informationen, die wir mit der Bestellung erhalten und nehmen bei uns keine \u00c4nderungen vor.<\/p>\n<p style=\"text-align: center;\"><strong>Bitte \u00fcberpr\u00fcfen Sie den Text, um sicherzustellen, dass alle Schreibweisen korrekt sind.<\/strong><\/p>\n<p><img loading=\"lazy\" decoding=\"async\" class=\"wp-image-1453 aligncenter\" src=\"http:\/\/www.rememberme-forever.com\/wp-content\/uploads\/2023\/04\/silver-plaque-urn-295x300.jpg\" alt=\"Silberne Urne\" width=\"194\" height=\"197\" srcset=\"https:\/\/www.rememberme-forever.com\/wp-content\/uploads\/2023\/04\/silver-plaque-urn-295x300.jpg 295w, https:\/\/www.rememberme-forever.com\/wp-content\/uploads\/2023\/04\/silver-plaque-urn-600x610.jpg 600w, https:\/\/www.rememberme-forever.com\/wp-content\/uploads\/2023\/04\/silver-plaque-urn-64x65.jpg 64w, https:\/\/www.rememberme-forever.com\/wp-content\/uploads\/2023\/04\/silver-plaque-urn.jpg 768w\" sizes=\"auto, (max-width: 194px) 100vw, 194px\" \/><\/p>\n<p style=\"text-align: center;\"><strong><em>Die Gedenktafel wird separat mit dem St\u00e4nder geliefert (siehe Abbildung).<\/em><\/strong><\/p>\n<p style=\"text-align: center;\"><strong><em>(Der St\u00e4nder f\u00fcr die Gedenktafel besteht aus transparentem Plexiglas.)<\/em><\/strong><\/p>\n","protected":false},"excerpt":{"rendered":"<p><strong><em>Die Modern Geometric Partnerurne ist eine einzigartige Aschenurne mit moderner, k\u00fcnstlerischer<\/em><em> Aus<\/em><em>strah<\/em><em>lung und einem beeindruckenden geometrischen Design.<\/em><\/strong><\/p>\n","protected":false},"featured_media":26249,"template":"","meta":{"_acf_changed":false},"product_brand":[],"product_cat":[2327,2331,2335],"product_tag":[3305],"class_list":{"0":"post-26269","1":"product","2":"type-product","3":"status-publish","4":"has-post-thumbnail","6":"product_cat-holz-urnen","7":"product_cat-kunstlerische-urnen","8":"product_cat-partnerurnen","9":"product_tag-gpsr-all-wood-urns","10":"product_shipping_class-2-4kg","12":"first","13":"outofstock","14":"taxable","15":"shipping-taxable","16":"purchasable","17":"product-type-variable"},"yoast_head":"<!-- This site is optimized with the Yoast SEO plugin v27.4 - https:\/\/yoast.com\/product\/yoast-seo-wordpress\/ -->\n<title>Remember Forever<\/title>\n<meta name=\"description\" content=\"Unsere Kremationsurne f\u00fcr eine gro\u00dfe Person oder f\u00fcr zwei ist eine wundersch\u00f6n gefertigte Urne, die das Andenken an eine geliebte Person oder zwei ehrt.\" \/>\n<meta name=\"robots\" content=\"index, follow, max-snippet:-1, max-image-preview:large, max-video-preview:-1\" \/>\n<link rel=\"canonical\" href=\"https:\/\/www.rememberme-forever.com\/de\/produkt\/urne-fuer-eine-grosse-person-oder-fuer-zwei\/\" \/>\n<meta property=\"og:locale\" content=\"de_DE\" \/>\n<meta property=\"og:type\" content=\"article\" \/>\n<meta property=\"og:description\" content=\"Unsere Kremationsurne f\u00fcr eine gro\u00dfe Person oder f\u00fcr zwei ist eine wundersch\u00f6n gefertigte Urne, die das Andenken an eine geliebte Person oder zwei ehrt.\" \/>\n<meta property=\"og:url\" content=\"https:\/\/www.rememberme-forever.com\/de\/produkt\/urne-fuer-eine-grosse-person-oder-fuer-zwei\/\" \/>\n<meta property=\"og:site_name\" content=\"Remember Forever\" \/>\n<meta property=\"article:modified_time\" content=\"2026-02-23T12:11:19+00:00\" \/>\n<meta property=\"og:image\" content=\"http:\/\/www.rememberme-forever.com\/wp-content\/uploads\/2023\/04\/urn-for-a-big-human-ashes.jpg\" \/>\n\t<meta property=\"og:image:width\" content=\"779\" \/>\n\t<meta property=\"og:image:height\" content=\"768\" \/>\n\t<meta property=\"og:image:type\" content=\"image\/jpeg\" \/>\n<meta name=\"twitter:card\" content=\"summary_large_image\" \/>\n<meta name=\"twitter:label1\" content=\"Gesch\u00e4tzte Lesezeit\" \/>\n\t<meta name=\"twitter:data1\" content=\"3\u00a0Minute\" \/>\n<script type=\"application\/ld+json\" class=\"yoast-schema-graph\">{\"@context\":\"https:\\\/\\\/schema.org\",\"@graph\":[{\"@type\":\"WebPage\",\"@id\":\"https:\\\/\\\/www.rememberme-forever.com\\\/de\\\/produkt\\\/urne-fuer-eine-grosse-person-oder-fuer-zwei\\\/\",\"url\":\"https:\\\/\\\/www.rememberme-forever.com\\\/de\\\/produkt\\\/urne-fuer-eine-grosse-person-oder-fuer-zwei\\\/\",\"name\":\"\",\"isPartOf\":{\"@id\":\"https:\\\/\\\/www.rememberme-forever.com\\\/de\\\/#website\"},\"primaryImageOfPage\":{\"@id\":\"https:\\\/\\\/www.rememberme-forever.com\\\/de\\\/produkt\\\/urne-fuer-eine-grosse-person-oder-fuer-zwei\\\/#primaryimage\"},\"image\":{\"@id\":\"https:\\\/\\\/www.rememberme-forever.com\\\/de\\\/produkt\\\/urne-fuer-eine-grosse-person-oder-fuer-zwei\\\/#primaryimage\"},\"thumbnailUrl\":\"https:\\\/\\\/www.rememberme-forever.com\\\/wp-content\\\/uploads\\\/2023\\\/04\\\/urn-for-a-big-human-ashes.jpg\",\"datePublished\":\"2023-04-18T09:28:25+00:00\",\"dateModified\":\"2026-02-23T12:11:19+00:00\",\"description\":\"Unsere Kremationsurne f\u00fcr eine gro\u00dfe Person oder f\u00fcr zwei ist eine wundersch\u00f6n gefertigte Urne, die das Andenken an eine geliebte Person oder zwei ehrt.\",\"breadcrumb\":{\"@id\":\"https:\\\/\\\/www.rememberme-forever.com\\\/de\\\/produkt\\\/urne-fuer-eine-grosse-person-oder-fuer-zwei\\\/#breadcrumb\"},\"inLanguage\":\"de\",\"potentialAction\":[{\"@type\":\"ReadAction\",\"target\":[\"https:\\\/\\\/www.rememberme-forever.com\\\/de\\\/produkt\\\/urne-fuer-eine-grosse-person-oder-fuer-zwei\\\/\"]}]},{\"@type\":\"ImageObject\",\"inLanguage\":\"de\",\"@id\":\"https:\\\/\\\/www.rememberme-forever.com\\\/de\\\/produkt\\\/urne-fuer-eine-grosse-person-oder-fuer-zwei\\\/#primaryimage\",\"url\":\"https:\\\/\\\/www.rememberme-forever.com\\\/wp-content\\\/uploads\\\/2023\\\/04\\\/urn-for-a-big-human-ashes.jpg\",\"contentUrl\":\"https:\\\/\\\/www.rememberme-forever.com\\\/wp-content\\\/uploads\\\/2023\\\/04\\\/urn-for-a-big-human-ashes.jpg\",\"width\":779,\"height\":768,\"caption\":\"Urne f\u00fcr eine gro\u00dfe Person\"},{\"@type\":\"BreadcrumbList\",\"@id\":\"https:\\\/\\\/www.rememberme-forever.com\\\/de\\\/produkt\\\/urne-fuer-eine-grosse-person-oder-fuer-zwei\\\/#breadcrumb\",\"itemListElement\":[{\"@type\":\"ListItem\",\"position\":1,\"name\":\"Home\",\"item\":\"https:\\\/\\\/www.rememberme-forever.com\\\/de\\\/startseite\\\/\"},{\"@type\":\"ListItem\",\"position\":2,\"name\":\"Shop\",\"item\":\"https:\\\/\\\/www.rememberme-forever.com\\\/de\\\/shop\\\/\"},{\"@type\":\"ListItem\",\"position\":3,\"name\":\"Urne f\u00fcr eine gro\u00dfe Person oder f\u00fcr zwei\"}]},{\"@type\":\"WebSite\",\"@id\":\"https:\\\/\\\/www.rememberme-forever.com\\\/de\\\/#website\",\"url\":\"https:\\\/\\\/www.rememberme-forever.com\\\/de\\\/\",\"name\":\"Remember Forever\",\"description\":\"Cremation urns, funeral urns, urns for ashes\",\"publisher\":{\"@id\":\"https:\\\/\\\/www.rememberme-forever.com\\\/de\\\/#organization\"},\"potentialAction\":[{\"@type\":\"SearchAction\",\"target\":{\"@type\":\"EntryPoint\",\"urlTemplate\":\"https:\\\/\\\/www.rememberme-forever.com\\\/de\\\/?s={search_term_string}\"},\"query-input\":{\"@type\":\"PropertyValueSpecification\",\"valueRequired\":true,\"valueName\":\"search_term_string\"}}],\"inLanguage\":\"de\"},{\"@type\":\"Organization\",\"@id\":\"https:\\\/\\\/www.rememberme-forever.com\\\/de\\\/#organization\",\"name\":\"Remember Forever\",\"url\":\"https:\\\/\\\/www.rememberme-forever.com\\\/de\\\/\",\"logo\":{\"@type\":\"ImageObject\",\"inLanguage\":\"de\",\"@id\":\"https:\\\/\\\/www.rememberme-forever.com\\\/de\\\/#\\\/schema\\\/logo\\\/image\\\/\",\"url\":\"https:\\\/\\\/www.rememberme-forever.com\\\/wp-content\\\/uploads\\\/2023\\\/02\\\/logo.png\",\"contentUrl\":\"https:\\\/\\\/www.rememberme-forever.com\\\/wp-content\\\/uploads\\\/2023\\\/02\\\/logo.png\",\"width\":300,\"height\":56,\"caption\":\"Remember Forever\"},\"image\":{\"@id\":\"https:\\\/\\\/www.rememberme-forever.com\\\/de\\\/#\\\/schema\\\/logo\\\/image\\\/\"}}]}<\/script>\n<!-- \/ Yoast SEO plugin. -->","yoast_head_json":{"title":"Remember Forever","description":"Unsere Kremationsurne f\u00fcr eine gro\u00dfe Person oder f\u00fcr zwei ist eine wundersch\u00f6n gefertigte Urne, die das Andenken an eine geliebte Person oder zwei ehrt.","robots":{"index":"index","follow":"follow","max-snippet":"max-snippet:-1","max-image-preview":"max-image-preview:large","max-video-preview":"max-video-preview:-1"},"canonical":"https:\/\/www.rememberme-forever.com\/de\/produkt\/urne-fuer-eine-grosse-person-oder-fuer-zwei\/","og_locale":"de_DE","og_type":"article","og_description":"Unsere Kremationsurne f\u00fcr eine gro\u00dfe Person oder f\u00fcr zwei ist eine wundersch\u00f6n gefertigte Urne, die das Andenken an eine geliebte Person oder zwei ehrt.","og_url":"https:\/\/www.rememberme-forever.com\/de\/produkt\/urne-fuer-eine-grosse-person-oder-fuer-zwei\/","og_site_name":"Remember Forever","article_modified_time":"2026-02-23T12:11:19+00:00","og_image":[{"width":779,"height":768,"url":"http:\/\/www.rememberme-forever.com\/wp-content\/uploads\/2023\/04\/urn-for-a-big-human-ashes.jpg","type":"image\/jpeg"}],"twitter_card":"summary_large_image","twitter_misc":{"Gesch\u00e4tzte Lesezeit":"3\u00a0Minute"},"schema":{"@context":"https:\/\/schema.org","@graph":[{"@type":"WebPage","@id":"https:\/\/www.rememberme-forever.com\/de\/produkt\/urne-fuer-eine-grosse-person-oder-fuer-zwei\/","url":"https:\/\/www.rememberme-forever.com\/de\/produkt\/urne-fuer-eine-grosse-person-oder-fuer-zwei\/","name":"","isPartOf":{"@id":"https:\/\/www.rememberme-forever.com\/de\/#website"},"primaryImageOfPage":{"@id":"https:\/\/www.rememberme-forever.com\/de\/produkt\/urne-fuer-eine-grosse-person-oder-fuer-zwei\/#primaryimage"},"image":{"@id":"https:\/\/www.rememberme-forever.com\/de\/produkt\/urne-fuer-eine-grosse-person-oder-fuer-zwei\/#primaryimage"},"thumbnailUrl":"https:\/\/www.rememberme-forever.com\/wp-content\/uploads\/2023\/04\/urn-for-a-big-human-ashes.jpg","datePublished":"2023-04-18T09:28:25+00:00","dateModified":"2026-02-23T12:11:19+00:00","description":"Unsere Kremationsurne f\u00fcr eine gro\u00dfe Person oder f\u00fcr zwei ist eine wundersch\u00f6n gefertigte Urne, die das Andenken an eine geliebte Person oder zwei ehrt.","breadcrumb":{"@id":"https:\/\/www.rememberme-forever.com\/de\/produkt\/urne-fuer-eine-grosse-person-oder-fuer-zwei\/#breadcrumb"},"inLanguage":"de","potentialAction":[{"@type":"ReadAction","target":["https:\/\/www.rememberme-forever.com\/de\/produkt\/urne-fuer-eine-grosse-person-oder-fuer-zwei\/"]}]},{"@type":"ImageObject","inLanguage":"de","@id":"https:\/\/www.rememberme-forever.com\/de\/produkt\/urne-fuer-eine-grosse-person-oder-fuer-zwei\/#primaryimage","url":"https:\/\/www.rememberme-forever.com\/wp-content\/uploads\/2023\/04\/urn-for-a-big-human-ashes.jpg","contentUrl":"https:\/\/www.rememberme-forever.com\/wp-content\/uploads\/2023\/04\/urn-for-a-big-human-ashes.jpg","width":779,"height":768,"caption":"Urne f\u00fcr eine gro\u00dfe Person"},{"@type":"BreadcrumbList","@id":"https:\/\/www.rememberme-forever.com\/de\/produkt\/urne-fuer-eine-grosse-person-oder-fuer-zwei\/#breadcrumb","itemListElement":[{"@type":"ListItem","position":1,"name":"Home","item":"https:\/\/www.rememberme-forever.com\/de\/startseite\/"},{"@type":"ListItem","position":2,"name":"Shop","item":"https:\/\/www.rememberme-forever.com\/de\/shop\/"},{"@type":"ListItem","position":3,"name":"Urne f\u00fcr eine gro\u00dfe Person oder f\u00fcr zwei"}]},{"@type":"WebSite","@id":"https:\/\/www.rememberme-forever.com\/de\/#website","url":"https:\/\/www.rememberme-forever.com\/de\/","name":"Remember Forever","description":"Cremation urns, funeral urns, urns for ashes","publisher":{"@id":"https:\/\/www.rememberme-forever.com\/de\/#organization"},"potentialAction":[{"@type":"SearchAction","target":{"@type":"EntryPoint","urlTemplate":"https:\/\/www.rememberme-forever.com\/de\/?s={search_term_string}"},"query-input":{"@type":"PropertyValueSpecification","valueRequired":true,"valueName":"search_term_string"}}],"inLanguage":"de"},{"@type":"Organization","@id":"https:\/\/www.rememberme-forever.com\/de\/#organization","name":"Remember Forever","url":"https:\/\/www.rememberme-forever.com\/de\/","logo":{"@type":"ImageObject","inLanguage":"de","@id":"https:\/\/www.rememberme-forever.com\/de\/#\/schema\/logo\/image\/","url":"https:\/\/www.rememberme-forever.com\/wp-content\/uploads\/2023\/02\/logo.png","contentUrl":"https:\/\/www.rememberme-forever.com\/wp-content\/uploads\/2023\/02\/logo.png","width":300,"height":56,"caption":"Remember Forever"},"image":{"@id":"https:\/\/www.rememberme-forever.com\/de\/#\/schema\/logo\/image\/"}}]}},"acf":[],"_links":{"self":[{"href":"https:\/\/www.rememberme-forever.com\/de\/wp-json\/wp\/v2\/product\/26269","targetHints":{"allow":["GET"]}}],"collection":[{"href":"https:\/\/www.rememberme-forever.com\/de\/wp-json\/wp\/v2\/product"}],"about":[{"href":"https:\/\/www.rememberme-forever.com\/de\/wp-json\/wp\/v2\/types\/product"}],"wp:featuredmedia":[{"embeddable":true,"href":"https:\/\/www.rememberme-forever.com\/de\/wp-json\/wp\/v2\/media\/26249"}],"wp:attachment":[{"href":"https:\/\/www.rememberme-forever.com\/de\/wp-json\/wp\/v2\/media?parent=26269"}],"wp:term":[{"taxonomy":"product_brand","embeddable":true,"href":"https:\/\/www.rememberme-forever.com\/de\/wp-json\/wp\/v2\/product_brand?post=26269"},{"taxonomy":"product_cat","embeddable":true,"href":"https:\/\/www.rememberme-forever.com\/de\/wp-json\/wp\/v2\/product_cat?post=26269"},{"taxonomy":"product_tag","embeddable":true,"href":"https:\/\/www.rememberme-forever.com\/de\/wp-json\/wp\/v2\/product_tag?post=26269"}],"curies":[{"name":"wp","href":"https:\/\/api.w.org\/{rel}","templated":true}]}}