{"id":26447,"date":"2023-04-18T13:31:27","date_gmt":"2023-04-18T11:31:27","guid":{"rendered":"https:\/\/www.rememberme-forever.com\/product\/dekorative-schmetterlingsurne-fuer-asche\/"},"modified":"2026-02-23T13:57:28","modified_gmt":"2026-02-23T12:57:28","slug":"dekorative-schmetterlingsurne-fuer-asche","status":"publish","type":"product","link":"https:\/\/www.rememberme-forever.com\/de\/produkt\/dekorative-schmetterlingsurne-fuer-asche\/","title":{"rendered":"Dekorative Schmetterlingsurne f\u00fcr Asche"},"content":{"rendered":"<h2 style=\"text-align: center;\">Dekorative Schmetterlingsurne f\u00fcr Asche<\/h2>\n<p style=\"text-align: center;\">Wir pr\u00e4sentieren unsere wundersch\u00f6ne <strong>dekorative Schmetterlingsurne f\u00fcr Asche<\/strong>, eine Hommage, die die Sch\u00f6nheit und Ruhe der Natur perfekt einf\u00e4ngt. Diese beeindruckende Urne besticht durch ein edles Mahagoni-Finish, verziert mit kunstvollen silbernen B\u00e4umen und filigran gearbeiteten Schmetterlingen.<\/p>\n<p style=\"text-align: center;\">Das einzigartige und \u00e4sthetische Design dieser Urne bietet einen friedvollen und tr\u00f6stlichen Ruheplatz f\u00fcr die Asche Ihrer Liebsten. Die Handwerkskunst ist au\u00dfergew\u00f6hnlich, und die Details der silbernen B\u00e4ume und Schmetterlinge verleihen der Urne einen Hauch von Eleganz.<\/p>\n<p style=\"text-align: center;\">F\u00fcr eine ganz pers\u00f6nliche Note k\u00f6nnen Sie eine Gedenktafel mit Ihrem eigenen Text hinzuf\u00fcgen, um das Leben und das Andenken Ihrer Liebsten zu ehren. Die Gedenktafel wird fachm\u00e4nnisch graviert und an der Vorderseite der Urne angebracht, wodurch ein bleibendes Andenken entsteht, das \u00fcber Jahre hinweg in Ehren gehalten wird.<\/p>\n<p style=\"text-align: center;\">Diese dekorative Schmetterlingsurne f\u00fcr Asche ist eine w\u00fcrdevolle Art, das Andenken Ihrer Liebsten zu ehren und sie nah an Ihrem Herzen zu bewahren.<\/p>\n<p>&nbsp;<\/p>\n<h3 style=\"text-align: center;\"><strong>PERSONALISIERUNG<\/strong><\/h3>\n<p style=\"text-align: center;\">Wenn Sie sich f\u00fcr eine personalisierte Plakette entscheiden, geben Sie bitte den Text im Rahmen der Produktpersonalisierung ein.<\/p>\n<p style=\"text-align: center;\">Die personalisierte Gedenktafel muss bei der Bestellung individuell gestaltet werden. (Bitte keine Panik, wenn Sie das vergessen haben, denn Sie k\u00f6nnen uns auch noch nachtr\u00e4glich eine Nachricht schicken).<\/p>\n<p style=\"text-align: center;\">Bitte \u00fcberpr\u00fcfen Sie den zu gravierenden Text sorgf\u00e4ltig, bevor Sie den Artikel in den Warenkorb legen. Wir kopieren und gravieren genau die Informationen, die wir mit der Bestellung erhalten und nehmen bei uns keine \u00c4nderungen vor.<\/p>\n<p style=\"text-align: center;\"><strong>Bitte \u00fcberpr\u00fcfen Sie den Text, um sicherzustellen, dass alle Schreibweisen korrekt sind.<\/strong><\/p>\n<p>&nbsp;<\/p>\n<p><img loading=\"lazy\" decoding=\"async\" class=\" wp-image-1449 aligncenter\" src=\"http:\/\/www.rememberme-forever.com\/wp-content\/uploads\/2023\/04\/memorial-plaque-cremation-urn-silver-300x153.jpg\" alt=\"Silberfarbene Urne mit Gedenktafel\" width=\"237\" height=\"121\" srcset=\"https:\/\/www.rememberme-forever.com\/wp-content\/uploads\/2023\/04\/memorial-plaque-cremation-urn-silver-300x153.jpg 300w, https:\/\/www.rememberme-forever.com\/wp-content\/uploads\/2023\/04\/memorial-plaque-cremation-urn-silver-64x33.jpg 64w, https:\/\/www.rememberme-forever.com\/wp-content\/uploads\/2023\/04\/memorial-plaque-cremation-urn-silver.jpg 448w\" sizes=\"auto, (max-width: 237px) 100vw, 237px\" \/><\/p>\n","protected":false},"excerpt":{"rendered":"<p><em><strong>Geeignet f\u00fcr Asche bis zu einem K\u00f6rpergewicht von ca. 110 kg. <\/strong><\/em><\/p>\n","protected":false},"featured_media":26421,"template":"","meta":{"_acf_changed":false},"product_brand":[],"product_cat":[2327,2331],"product_tag":[3305],"class_list":{"0":"post-26447","1":"product","2":"type-product","3":"status-publish","4":"has-post-thumbnail","6":"product_cat-holz-urnen","7":"product_cat-kunstlerische-urnen","8":"product_tag-gpsr-all-wood-urns","9":"product_shipping_class-2-4kg","11":"first","12":"instock","13":"taxable","14":"shipping-taxable","15":"purchasable","16":"product-type-variable"},"yoast_head":"<!-- This site is optimized with the Yoast SEO plugin v27.4 - https:\/\/yoast.com\/product\/yoast-seo-wordpress\/ -->\n<title>Remember Forever<\/title>\n<meta name=\"description\" content=\"Wir pr\u00e4sentieren unsere wundersch\u00f6ne dekorative Schmetterlingsurne f\u00fcr Asche \u2013 eine Hommage, die die Sch\u00f6nheit und Ruhe der Natur perfekt einf\u00e4ngt.\" \/>\n<meta name=\"robots\" content=\"index, follow, max-snippet:-1, max-image-preview:large, max-video-preview:-1\" \/>\n<link rel=\"canonical\" href=\"https:\/\/www.rememberme-forever.com\/de\/produkt\/dekorative-schmetterlingsurne-fuer-asche\/\" \/>\n<meta property=\"og:locale\" content=\"de_DE\" \/>\n<meta property=\"og:type\" content=\"article\" \/>\n<meta property=\"og:description\" content=\"Wir pr\u00e4sentieren unsere wundersch\u00f6ne dekorative Schmetterlingsurne f\u00fcr Asche \u2013 eine Hommage, die die Sch\u00f6nheit und Ruhe der Natur perfekt einf\u00e4ngt.\" \/>\n<meta property=\"og:url\" content=\"https:\/\/www.rememberme-forever.com\/de\/produkt\/dekorative-schmetterlingsurne-fuer-asche\/\" \/>\n<meta property=\"og:site_name\" content=\"Remember Forever\" \/>\n<meta property=\"article:modified_time\" content=\"2026-02-23T12:57:28+00:00\" \/>\n<meta property=\"og:image\" content=\"http:\/\/www.rememberme-forever.com\/wp-content\/uploads\/2023\/04\/butterflies-decorative-urn-for-ashes.jpg\" \/>\n\t<meta property=\"og:image:width\" content=\"768\" \/>\n\t<meta property=\"og:image:height\" content=\"781\" \/>\n\t<meta property=\"og:image:type\" content=\"image\/jpeg\" \/>\n<meta name=\"twitter:card\" content=\"summary_large_image\" \/>\n<meta name=\"twitter:label1\" content=\"Gesch\u00e4tzte Lesezeit\" \/>\n\t<meta name=\"twitter:data1\" content=\"2\u00a0Minute\" \/>\n<script type=\"application\/ld+json\" class=\"yoast-schema-graph\">{\"@context\":\"https:\\\/\\\/schema.org\",\"@graph\":[{\"@type\":\"WebPage\",\"@id\":\"https:\\\/\\\/www.rememberme-forever.com\\\/de\\\/produkt\\\/dekorative-schmetterlingsurne-fuer-asche\\\/\",\"url\":\"https:\\\/\\\/www.rememberme-forever.com\\\/de\\\/produkt\\\/dekorative-schmetterlingsurne-fuer-asche\\\/\",\"name\":\"\",\"isPartOf\":{\"@id\":\"https:\\\/\\\/www.rememberme-forever.com\\\/de\\\/#website\"},\"primaryImageOfPage\":{\"@id\":\"https:\\\/\\\/www.rememberme-forever.com\\\/de\\\/produkt\\\/dekorative-schmetterlingsurne-fuer-asche\\\/#primaryimage\"},\"image\":{\"@id\":\"https:\\\/\\\/www.rememberme-forever.com\\\/de\\\/produkt\\\/dekorative-schmetterlingsurne-fuer-asche\\\/#primaryimage\"},\"thumbnailUrl\":\"https:\\\/\\\/www.rememberme-forever.com\\\/wp-content\\\/uploads\\\/2023\\\/04\\\/butterflies-decorative-urn-for-ashes.jpg\",\"datePublished\":\"2023-04-18T11:31:27+00:00\",\"dateModified\":\"2026-02-23T12:57:28+00:00\",\"description\":\"Wir pr\u00e4sentieren unsere wundersch\u00f6ne dekorative Schmetterlingsurne f\u00fcr Asche \u2013 eine Hommage, die die Sch\u00f6nheit und Ruhe der Natur perfekt einf\u00e4ngt.\",\"breadcrumb\":{\"@id\":\"https:\\\/\\\/www.rememberme-forever.com\\\/de\\\/produkt\\\/dekorative-schmetterlingsurne-fuer-asche\\\/#breadcrumb\"},\"inLanguage\":\"de\",\"potentialAction\":[{\"@type\":\"ReadAction\",\"target\":[\"https:\\\/\\\/www.rememberme-forever.com\\\/de\\\/produkt\\\/dekorative-schmetterlingsurne-fuer-asche\\\/\"]}]},{\"@type\":\"ImageObject\",\"inLanguage\":\"de\",\"@id\":\"https:\\\/\\\/www.rememberme-forever.com\\\/de\\\/produkt\\\/dekorative-schmetterlingsurne-fuer-asche\\\/#primaryimage\",\"url\":\"https:\\\/\\\/www.rememberme-forever.com\\\/wp-content\\\/uploads\\\/2023\\\/04\\\/butterflies-decorative-urn-for-ashes.jpg\",\"contentUrl\":\"https:\\\/\\\/www.rememberme-forever.com\\\/wp-content\\\/uploads\\\/2023\\\/04\\\/butterflies-decorative-urn-for-ashes.jpg\",\"width\":768,\"height\":781,\"caption\":\"dekorative Schmetterlingsurne f\u00fcr Asche\"},{\"@type\":\"BreadcrumbList\",\"@id\":\"https:\\\/\\\/www.rememberme-forever.com\\\/de\\\/produkt\\\/dekorative-schmetterlingsurne-fuer-asche\\\/#breadcrumb\",\"itemListElement\":[{\"@type\":\"ListItem\",\"position\":1,\"name\":\"Home\",\"item\":\"https:\\\/\\\/www.rememberme-forever.com\\\/de\\\/startseite\\\/\"},{\"@type\":\"ListItem\",\"position\":2,\"name\":\"Shop\",\"item\":\"https:\\\/\\\/www.rememberme-forever.com\\\/de\\\/shop\\\/\"},{\"@type\":\"ListItem\",\"position\":3,\"name\":\"Dekorative Schmetterlingsurne f\u00fcr Asche\"}]},{\"@type\":\"WebSite\",\"@id\":\"https:\\\/\\\/www.rememberme-forever.com\\\/de\\\/#website\",\"url\":\"https:\\\/\\\/www.rememberme-forever.com\\\/de\\\/\",\"name\":\"Remember Forever\",\"description\":\"Cremation urns, funeral urns, urns for ashes\",\"publisher\":{\"@id\":\"https:\\\/\\\/www.rememberme-forever.com\\\/de\\\/#organization\"},\"potentialAction\":[{\"@type\":\"SearchAction\",\"target\":{\"@type\":\"EntryPoint\",\"urlTemplate\":\"https:\\\/\\\/www.rememberme-forever.com\\\/de\\\/?s={search_term_string}\"},\"query-input\":{\"@type\":\"PropertyValueSpecification\",\"valueRequired\":true,\"valueName\":\"search_term_string\"}}],\"inLanguage\":\"de\"},{\"@type\":\"Organization\",\"@id\":\"https:\\\/\\\/www.rememberme-forever.com\\\/de\\\/#organization\",\"name\":\"Remember Forever\",\"url\":\"https:\\\/\\\/www.rememberme-forever.com\\\/de\\\/\",\"logo\":{\"@type\":\"ImageObject\",\"inLanguage\":\"de\",\"@id\":\"https:\\\/\\\/www.rememberme-forever.com\\\/de\\\/#\\\/schema\\\/logo\\\/image\\\/\",\"url\":\"https:\\\/\\\/www.rememberme-forever.com\\\/wp-content\\\/uploads\\\/2023\\\/02\\\/logo.png\",\"contentUrl\":\"https:\\\/\\\/www.rememberme-forever.com\\\/wp-content\\\/uploads\\\/2023\\\/02\\\/logo.png\",\"width\":300,\"height\":56,\"caption\":\"Remember Forever\"},\"image\":{\"@id\":\"https:\\\/\\\/www.rememberme-forever.com\\\/de\\\/#\\\/schema\\\/logo\\\/image\\\/\"}}]}<\/script>\n<!-- \/ Yoast SEO plugin. -->","yoast_head_json":{"title":"Remember Forever","description":"Wir pr\u00e4sentieren unsere wundersch\u00f6ne dekorative Schmetterlingsurne f\u00fcr Asche \u2013 eine Hommage, die die Sch\u00f6nheit und Ruhe der Natur perfekt einf\u00e4ngt.","robots":{"index":"index","follow":"follow","max-snippet":"max-snippet:-1","max-image-preview":"max-image-preview:large","max-video-preview":"max-video-preview:-1"},"canonical":"https:\/\/www.rememberme-forever.com\/de\/produkt\/dekorative-schmetterlingsurne-fuer-asche\/","og_locale":"de_DE","og_type":"article","og_description":"Wir pr\u00e4sentieren unsere wundersch\u00f6ne dekorative Schmetterlingsurne f\u00fcr Asche \u2013 eine Hommage, die die Sch\u00f6nheit und Ruhe der Natur perfekt einf\u00e4ngt.","og_url":"https:\/\/www.rememberme-forever.com\/de\/produkt\/dekorative-schmetterlingsurne-fuer-asche\/","og_site_name":"Remember Forever","article_modified_time":"2026-02-23T12:57:28+00:00","og_image":[{"width":768,"height":781,"url":"http:\/\/www.rememberme-forever.com\/wp-content\/uploads\/2023\/04\/butterflies-decorative-urn-for-ashes.jpg","type":"image\/jpeg"}],"twitter_card":"summary_large_image","twitter_misc":{"Gesch\u00e4tzte Lesezeit":"2\u00a0Minute"},"schema":{"@context":"https:\/\/schema.org","@graph":[{"@type":"WebPage","@id":"https:\/\/www.rememberme-forever.com\/de\/produkt\/dekorative-schmetterlingsurne-fuer-asche\/","url":"https:\/\/www.rememberme-forever.com\/de\/produkt\/dekorative-schmetterlingsurne-fuer-asche\/","name":"","isPartOf":{"@id":"https:\/\/www.rememberme-forever.com\/de\/#website"},"primaryImageOfPage":{"@id":"https:\/\/www.rememberme-forever.com\/de\/produkt\/dekorative-schmetterlingsurne-fuer-asche\/#primaryimage"},"image":{"@id":"https:\/\/www.rememberme-forever.com\/de\/produkt\/dekorative-schmetterlingsurne-fuer-asche\/#primaryimage"},"thumbnailUrl":"https:\/\/www.rememberme-forever.com\/wp-content\/uploads\/2023\/04\/butterflies-decorative-urn-for-ashes.jpg","datePublished":"2023-04-18T11:31:27+00:00","dateModified":"2026-02-23T12:57:28+00:00","description":"Wir pr\u00e4sentieren unsere wundersch\u00f6ne dekorative Schmetterlingsurne f\u00fcr Asche \u2013 eine Hommage, die die Sch\u00f6nheit und Ruhe der Natur perfekt einf\u00e4ngt.","breadcrumb":{"@id":"https:\/\/www.rememberme-forever.com\/de\/produkt\/dekorative-schmetterlingsurne-fuer-asche\/#breadcrumb"},"inLanguage":"de","potentialAction":[{"@type":"ReadAction","target":["https:\/\/www.rememberme-forever.com\/de\/produkt\/dekorative-schmetterlingsurne-fuer-asche\/"]}]},{"@type":"ImageObject","inLanguage":"de","@id":"https:\/\/www.rememberme-forever.com\/de\/produkt\/dekorative-schmetterlingsurne-fuer-asche\/#primaryimage","url":"https:\/\/www.rememberme-forever.com\/wp-content\/uploads\/2023\/04\/butterflies-decorative-urn-for-ashes.jpg","contentUrl":"https:\/\/www.rememberme-forever.com\/wp-content\/uploads\/2023\/04\/butterflies-decorative-urn-for-ashes.jpg","width":768,"height":781,"caption":"dekorative Schmetterlingsurne f\u00fcr Asche"},{"@type":"BreadcrumbList","@id":"https:\/\/www.rememberme-forever.com\/de\/produkt\/dekorative-schmetterlingsurne-fuer-asche\/#breadcrumb","itemListElement":[{"@type":"ListItem","position":1,"name":"Home","item":"https:\/\/www.rememberme-forever.com\/de\/startseite\/"},{"@type":"ListItem","position":2,"name":"Shop","item":"https:\/\/www.rememberme-forever.com\/de\/shop\/"},{"@type":"ListItem","position":3,"name":"Dekorative Schmetterlingsurne f\u00fcr Asche"}]},{"@type":"WebSite","@id":"https:\/\/www.rememberme-forever.com\/de\/#website","url":"https:\/\/www.rememberme-forever.com\/de\/","name":"Remember Forever","description":"Cremation urns, funeral urns, urns for ashes","publisher":{"@id":"https:\/\/www.rememberme-forever.com\/de\/#organization"},"potentialAction":[{"@type":"SearchAction","target":{"@type":"EntryPoint","urlTemplate":"https:\/\/www.rememberme-forever.com\/de\/?s={search_term_string}"},"query-input":{"@type":"PropertyValueSpecification","valueRequired":true,"valueName":"search_term_string"}}],"inLanguage":"de"},{"@type":"Organization","@id":"https:\/\/www.rememberme-forever.com\/de\/#organization","name":"Remember Forever","url":"https:\/\/www.rememberme-forever.com\/de\/","logo":{"@type":"ImageObject","inLanguage":"de","@id":"https:\/\/www.rememberme-forever.com\/de\/#\/schema\/logo\/image\/","url":"https:\/\/www.rememberme-forever.com\/wp-content\/uploads\/2023\/02\/logo.png","contentUrl":"https:\/\/www.rememberme-forever.com\/wp-content\/uploads\/2023\/02\/logo.png","width":300,"height":56,"caption":"Remember Forever"},"image":{"@id":"https:\/\/www.rememberme-forever.com\/de\/#\/schema\/logo\/image\/"}}]}},"acf":[],"_links":{"self":[{"href":"https:\/\/www.rememberme-forever.com\/de\/wp-json\/wp\/v2\/product\/26447","targetHints":{"allow":["GET"]}}],"collection":[{"href":"https:\/\/www.rememberme-forever.com\/de\/wp-json\/wp\/v2\/product"}],"about":[{"href":"https:\/\/www.rememberme-forever.com\/de\/wp-json\/wp\/v2\/types\/product"}],"wp:featuredmedia":[{"embeddable":true,"href":"https:\/\/www.rememberme-forever.com\/de\/wp-json\/wp\/v2\/media\/26421"}],"wp:attachment":[{"href":"https:\/\/www.rememberme-forever.com\/de\/wp-json\/wp\/v2\/media?parent=26447"}],"wp:term":[{"taxonomy":"product_brand","embeddable":true,"href":"https:\/\/www.rememberme-forever.com\/de\/wp-json\/wp\/v2\/product_brand?post=26447"},{"taxonomy":"product_cat","embeddable":true,"href":"https:\/\/www.rememberme-forever.com\/de\/wp-json\/wp\/v2\/product_cat?post=26447"},{"taxonomy":"product_tag","embeddable":true,"href":"https:\/\/www.rememberme-forever.com\/de\/wp-json\/wp\/v2\/product_tag?post=26447"}],"curies":[{"name":"wp","href":"https:\/\/api.w.org\/{rel}","templated":true}]}}