{"id":26654,"date":"2023-04-19T09:52:32","date_gmt":"2023-04-19T07:52:32","guid":{"rendered":"https:\/\/www.rememberme-forever.com\/product\/kleiner-sarg-fuer-asche-kremationssarg\/"},"modified":"2026-02-25T17:09:31","modified_gmt":"2026-02-25T16:09:31","slug":"kleiner-sarg-fuer-asche-kremationssarg","status":"publish","type":"product","link":"https:\/\/www.rememberme-forever.com\/de\/produkt\/kleiner-sarg-fuer-asche-kremationssarg\/","title":{"rendered":"Kleiner Sarg f\u00fcr Asche, Kremationssarg"},"content":{"rendered":"<h2 style=\"text-align: center;\">Kleiner Sarg f\u00fcr Asche<\/h2>\n<p style=\"text-align: center;\"><em>(Dies ist eine Urne f\u00fcr Kremation)<\/em><\/p>\n<p style=\"text-align: center;\">Der <strong>kleine Sarg f\u00fcr Asche<\/strong> ist eine sch\u00f6ne und einzigartige M\u00f6glichkeit, das Andenken an Ihren geliebten Menschen zu ehren. Aus hochwertigen Materialien gefertigt, \u00fcberzeugt dieser Mini-Sarg f\u00fcr Kremationsasche mit einem strahlend wei\u00dfen Finish, einem goldenen Kreuz-Akzent und einer Gedenkplakette auf dem oberen Deckel. Das Design dieses Urnen-Sargs erinnert an einen echten Sarg und bietet der Asche Ihres geliebten Menschen eine friedvolle und w\u00fcrdige letzte Ruhest\u00e4tte.<\/p>\n<p style=\"text-align: center;\">Der obere Deckel dieses kleinen Sargs f\u00fcr Kremationsasche l\u00e4sst sich leicht \u00f6ffnen, sodass Sie die Asche Ihres geliebten Menschen hineingeben k\u00f6nnen. Die Gedenkplakette kann mit Ihrem Wunschtext graviert werden \u2013 f\u00fcr eine pers\u00f6nliche und ber\u00fchrende W\u00fcrdigung. Die wei\u00dfe Farbe der Urne steht f\u00fcr Reinheit, Unschuld und Neubeginn, w\u00e4hrend das goldene Kreuz Glauben, Hoffnung und ewiges Leben symbolisiert.<\/p>\n<p style=\"text-align: center;\">Dieser Mini-Sarg f\u00fcr Kremationsasche ist eine sch\u00f6ne und einzigartige M\u00f6glichkeit, Ihren geliebten Menschen in Erinnerung zu behalten und sein Andenken lebendig zu halten. Ob zu Hause aufgestellt oder in einer Nische platziert \u2013 dieser wei\u00dfe Sarg bleibt eine bleibende Erinnerung an die Liebe und die gemeinsamen Momente.<\/p>\n<p>&nbsp;<\/p>\n<h3 style=\"text-align: center;\"><strong>PERSONALISIERUNG<\/strong><\/h3>\n<p style=\"text-align: center;\">Wenn Sie sich f\u00fcr eine personalisierte Plakette entscheiden, geben Sie bitte den Text im Rahmen der Produktpersonalisierung ein.<\/p>\n<p style=\"text-align: center;\">Die personalisierte Gedenktafel muss bei der Bestellung individuell gestaltet werden. (Bitte keine Panik, wenn Sie das vergessen haben, denn Sie k\u00f6nnen uns auch noch nachtr\u00e4glich eine Nachricht schicken).<\/p>\n<p style=\"text-align: center;\">Bitte \u00fcberpr\u00fcfen Sie den zu gravierenden Text sorgf\u00e4ltig, bevor Sie den Artikel in den Warenkorb legen. Wir kopieren und gravieren genau die Informationen, die wir mit der Bestellung erhalten und nehmen bei uns keine \u00c4nderungen vor.<\/p>\n<p style=\"text-align: center;\"><strong>Bitte \u00fcberpr\u00fcfen Sie den Text, um sicherzustellen, dass alle Schreibweisen korrekt sind.<\/strong><\/p>\n<p><img loading=\"lazy\" decoding=\"async\" class=\" wp-image-1447 aligncenter\" src=\"http:\/\/www.rememberme-forever.com\/wp-content\/uploads\/2023\/04\/memorial-plaque-cremation-urn-gold-300x150.jpg\" alt=\"Gedenktafel Urne Gold\" width=\"260\" height=\"130\" srcset=\"https:\/\/www.rememberme-forever.com\/wp-content\/uploads\/2023\/04\/memorial-plaque-cremation-urn-gold-300x150.jpg 300w, https:\/\/www.rememberme-forever.com\/wp-content\/uploads\/2023\/04\/memorial-plaque-cremation-urn-gold-64x32.jpg 64w, https:\/\/www.rememberme-forever.com\/wp-content\/uploads\/2023\/04\/memorial-plaque-cremation-urn-gold.jpg 448w\" sizes=\"auto, (max-width: 260px) 100vw, 260px\" \/><\/p>\n","protected":false},"excerpt":{"rendered":"<p><em><strong>Geeignet f\u00fcr Asche mit einem K\u00f6rpergewicht von bis zu ca. <span class=\"body-weight-lbs\"> 219.6 <\/span><span class=\"body-weight-kg\">98,8<\/span> kg.<\/strong><\/em><\/p>\n","protected":false},"featured_media":26635,"template":"","meta":{"_acf_changed":false},"product_brand":[],"product_cat":[2327],"product_tag":[3305],"class_list":{"0":"post-26654","1":"product","2":"type-product","3":"status-publish","4":"has-post-thumbnail","6":"product_cat-holz-urnen","7":"product_tag-gpsr-all-wood-urns","8":"product_shipping_class-2-4kg","10":"first","11":"instock","12":"taxable","13":"shipping-taxable","14":"purchasable","15":"product-type-simple"},"yoast_head":"<!-- This site is optimized with the Yoast SEO plugin v27.4 - https:\/\/yoast.com\/product\/yoast-seo-wordpress\/ -->\n<title>Remember Forever<\/title>\n<meta name=\"description\" content=\"Wir pr\u00e4sentieren Ihnen unsere wundersch\u00f6ne Sarg-Urne \u2013 die perfekte M\u00f6glichkeit, das Leben Ihres geliebten Menschen zu ehren. Eine Urne f\u00fcr die Asche wie ein echter kleiner Sarg.\" \/>\n<meta name=\"robots\" content=\"index, follow, max-snippet:-1, max-image-preview:large, max-video-preview:-1\" \/>\n<link rel=\"canonical\" href=\"https:\/\/www.rememberme-forever.com\/de\/produkt\/kleiner-sarg-fuer-asche-kremationssarg\/\" \/>\n<meta property=\"og:locale\" content=\"de_DE\" \/>\n<meta property=\"og:type\" content=\"article\" \/>\n<meta property=\"og:description\" content=\"Wir pr\u00e4sentieren Ihnen unsere wundersch\u00f6ne Sarg-Urne \u2013 die perfekte M\u00f6glichkeit, das Leben Ihres geliebten Menschen zu ehren. Eine Urne f\u00fcr die Asche wie ein echter kleiner Sarg.\" \/>\n<meta property=\"og:url\" content=\"https:\/\/www.rememberme-forever.com\/de\/produkt\/kleiner-sarg-fuer-asche-kremationssarg\/\" \/>\n<meta property=\"og:site_name\" content=\"Remember Forever\" \/>\n<meta property=\"article:modified_time\" content=\"2026-02-25T16:09:31+00:00\" \/>\n<meta property=\"og:image\" content=\"http:\/\/www.rememberme-forever.com\/wp-content\/uploads\/2023\/04\/white-ashes-coffin.jpg\" \/>\n\t<meta property=\"og:image:width\" content=\"768\" \/>\n\t<meta property=\"og:image:height\" content=\"781\" \/>\n\t<meta property=\"og:image:type\" content=\"image\/jpeg\" \/>\n<meta name=\"twitter:card\" content=\"summary_large_image\" \/>\n<meta name=\"twitter:label1\" content=\"Gesch\u00e4tzte Lesezeit\" \/>\n\t<meta name=\"twitter:data1\" content=\"3\u00a0Minute\" \/>\n<script type=\"application\/ld+json\" class=\"yoast-schema-graph\">{\"@context\":\"https:\\\/\\\/schema.org\",\"@graph\":[{\"@type\":\"WebPage\",\"@id\":\"https:\\\/\\\/www.rememberme-forever.com\\\/de\\\/produkt\\\/kleiner-sarg-fuer-asche-kremationssarg\\\/\",\"url\":\"https:\\\/\\\/www.rememberme-forever.com\\\/de\\\/produkt\\\/kleiner-sarg-fuer-asche-kremationssarg\\\/\",\"name\":\"\",\"isPartOf\":{\"@id\":\"https:\\\/\\\/www.rememberme-forever.com\\\/de\\\/#website\"},\"primaryImageOfPage\":{\"@id\":\"https:\\\/\\\/www.rememberme-forever.com\\\/de\\\/produkt\\\/kleiner-sarg-fuer-asche-kremationssarg\\\/#primaryimage\"},\"image\":{\"@id\":\"https:\\\/\\\/www.rememberme-forever.com\\\/de\\\/produkt\\\/kleiner-sarg-fuer-asche-kremationssarg\\\/#primaryimage\"},\"thumbnailUrl\":\"https:\\\/\\\/www.rememberme-forever.com\\\/wp-content\\\/uploads\\\/2023\\\/04\\\/white-ashes-coffin.jpg\",\"datePublished\":\"2023-04-19T07:52:32+00:00\",\"dateModified\":\"2026-02-25T16:09:31+00:00\",\"description\":\"Wir pr\u00e4sentieren Ihnen unsere wundersch\u00f6ne Sarg-Urne \u2013 die perfekte M\u00f6glichkeit, das Leben Ihres geliebten Menschen zu ehren. Eine Urne f\u00fcr die Asche wie ein echter kleiner Sarg.\",\"breadcrumb\":{\"@id\":\"https:\\\/\\\/www.rememberme-forever.com\\\/de\\\/produkt\\\/kleiner-sarg-fuer-asche-kremationssarg\\\/#breadcrumb\"},\"inLanguage\":\"de\",\"potentialAction\":[{\"@type\":\"ReadAction\",\"target\":[\"https:\\\/\\\/www.rememberme-forever.com\\\/de\\\/produkt\\\/kleiner-sarg-fuer-asche-kremationssarg\\\/\"]}]},{\"@type\":\"ImageObject\",\"inLanguage\":\"de\",\"@id\":\"https:\\\/\\\/www.rememberme-forever.com\\\/de\\\/produkt\\\/kleiner-sarg-fuer-asche-kremationssarg\\\/#primaryimage\",\"url\":\"https:\\\/\\\/www.rememberme-forever.com\\\/wp-content\\\/uploads\\\/2023\\\/04\\\/white-ashes-coffin.jpg\",\"contentUrl\":\"https:\\\/\\\/www.rememberme-forever.com\\\/wp-content\\\/uploads\\\/2023\\\/04\\\/white-ashes-coffin.jpg\",\"width\":768,\"height\":781,\"caption\":\"Kleiner Sarg f\u00fcr Asche, Kremationssarg\"},{\"@type\":\"BreadcrumbList\",\"@id\":\"https:\\\/\\\/www.rememberme-forever.com\\\/de\\\/produkt\\\/kleiner-sarg-fuer-asche-kremationssarg\\\/#breadcrumb\",\"itemListElement\":[{\"@type\":\"ListItem\",\"position\":1,\"name\":\"Home\",\"item\":\"https:\\\/\\\/www.rememberme-forever.com\\\/de\\\/startseite\\\/\"},{\"@type\":\"ListItem\",\"position\":2,\"name\":\"Shop\",\"item\":\"https:\\\/\\\/www.rememberme-forever.com\\\/de\\\/shop\\\/\"},{\"@type\":\"ListItem\",\"position\":3,\"name\":\"Kleiner Sarg f\u00fcr Asche, Kremationssarg\"}]},{\"@type\":\"WebSite\",\"@id\":\"https:\\\/\\\/www.rememberme-forever.com\\\/de\\\/#website\",\"url\":\"https:\\\/\\\/www.rememberme-forever.com\\\/de\\\/\",\"name\":\"Remember Forever\",\"description\":\"Cremation urns, funeral urns, urns for ashes\",\"publisher\":{\"@id\":\"https:\\\/\\\/www.rememberme-forever.com\\\/de\\\/#organization\"},\"potentialAction\":[{\"@type\":\"SearchAction\",\"target\":{\"@type\":\"EntryPoint\",\"urlTemplate\":\"https:\\\/\\\/www.rememberme-forever.com\\\/de\\\/?s={search_term_string}\"},\"query-input\":{\"@type\":\"PropertyValueSpecification\",\"valueRequired\":true,\"valueName\":\"search_term_string\"}}],\"inLanguage\":\"de\"},{\"@type\":\"Organization\",\"@id\":\"https:\\\/\\\/www.rememberme-forever.com\\\/de\\\/#organization\",\"name\":\"Remember Forever\",\"url\":\"https:\\\/\\\/www.rememberme-forever.com\\\/de\\\/\",\"logo\":{\"@type\":\"ImageObject\",\"inLanguage\":\"de\",\"@id\":\"https:\\\/\\\/www.rememberme-forever.com\\\/de\\\/#\\\/schema\\\/logo\\\/image\\\/\",\"url\":\"https:\\\/\\\/www.rememberme-forever.com\\\/wp-content\\\/uploads\\\/2023\\\/02\\\/logo.png\",\"contentUrl\":\"https:\\\/\\\/www.rememberme-forever.com\\\/wp-content\\\/uploads\\\/2023\\\/02\\\/logo.png\",\"width\":300,\"height\":56,\"caption\":\"Remember Forever\"},\"image\":{\"@id\":\"https:\\\/\\\/www.rememberme-forever.com\\\/de\\\/#\\\/schema\\\/logo\\\/image\\\/\"}}]}<\/script>\n<!-- \/ Yoast SEO plugin. -->","yoast_head_json":{"title":"Remember Forever","description":"Wir pr\u00e4sentieren Ihnen unsere wundersch\u00f6ne Sarg-Urne \u2013 die perfekte M\u00f6glichkeit, das Leben Ihres geliebten Menschen zu ehren. Eine Urne f\u00fcr die Asche wie ein echter kleiner Sarg.","robots":{"index":"index","follow":"follow","max-snippet":"max-snippet:-1","max-image-preview":"max-image-preview:large","max-video-preview":"max-video-preview:-1"},"canonical":"https:\/\/www.rememberme-forever.com\/de\/produkt\/kleiner-sarg-fuer-asche-kremationssarg\/","og_locale":"de_DE","og_type":"article","og_description":"Wir pr\u00e4sentieren Ihnen unsere wundersch\u00f6ne Sarg-Urne \u2013 die perfekte M\u00f6glichkeit, das Leben Ihres geliebten Menschen zu ehren. Eine Urne f\u00fcr die Asche wie ein echter kleiner Sarg.","og_url":"https:\/\/www.rememberme-forever.com\/de\/produkt\/kleiner-sarg-fuer-asche-kremationssarg\/","og_site_name":"Remember Forever","article_modified_time":"2026-02-25T16:09:31+00:00","og_image":[{"width":768,"height":781,"url":"http:\/\/www.rememberme-forever.com\/wp-content\/uploads\/2023\/04\/white-ashes-coffin.jpg","type":"image\/jpeg"}],"twitter_card":"summary_large_image","twitter_misc":{"Gesch\u00e4tzte Lesezeit":"3\u00a0Minute"},"schema":{"@context":"https:\/\/schema.org","@graph":[{"@type":"WebPage","@id":"https:\/\/www.rememberme-forever.com\/de\/produkt\/kleiner-sarg-fuer-asche-kremationssarg\/","url":"https:\/\/www.rememberme-forever.com\/de\/produkt\/kleiner-sarg-fuer-asche-kremationssarg\/","name":"","isPartOf":{"@id":"https:\/\/www.rememberme-forever.com\/de\/#website"},"primaryImageOfPage":{"@id":"https:\/\/www.rememberme-forever.com\/de\/produkt\/kleiner-sarg-fuer-asche-kremationssarg\/#primaryimage"},"image":{"@id":"https:\/\/www.rememberme-forever.com\/de\/produkt\/kleiner-sarg-fuer-asche-kremationssarg\/#primaryimage"},"thumbnailUrl":"https:\/\/www.rememberme-forever.com\/wp-content\/uploads\/2023\/04\/white-ashes-coffin.jpg","datePublished":"2023-04-19T07:52:32+00:00","dateModified":"2026-02-25T16:09:31+00:00","description":"Wir pr\u00e4sentieren Ihnen unsere wundersch\u00f6ne Sarg-Urne \u2013 die perfekte M\u00f6glichkeit, das Leben Ihres geliebten Menschen zu ehren. Eine Urne f\u00fcr die Asche wie ein echter kleiner Sarg.","breadcrumb":{"@id":"https:\/\/www.rememberme-forever.com\/de\/produkt\/kleiner-sarg-fuer-asche-kremationssarg\/#breadcrumb"},"inLanguage":"de","potentialAction":[{"@type":"ReadAction","target":["https:\/\/www.rememberme-forever.com\/de\/produkt\/kleiner-sarg-fuer-asche-kremationssarg\/"]}]},{"@type":"ImageObject","inLanguage":"de","@id":"https:\/\/www.rememberme-forever.com\/de\/produkt\/kleiner-sarg-fuer-asche-kremationssarg\/#primaryimage","url":"https:\/\/www.rememberme-forever.com\/wp-content\/uploads\/2023\/04\/white-ashes-coffin.jpg","contentUrl":"https:\/\/www.rememberme-forever.com\/wp-content\/uploads\/2023\/04\/white-ashes-coffin.jpg","width":768,"height":781,"caption":"Kleiner Sarg f\u00fcr Asche, Kremationssarg"},{"@type":"BreadcrumbList","@id":"https:\/\/www.rememberme-forever.com\/de\/produkt\/kleiner-sarg-fuer-asche-kremationssarg\/#breadcrumb","itemListElement":[{"@type":"ListItem","position":1,"name":"Home","item":"https:\/\/www.rememberme-forever.com\/de\/startseite\/"},{"@type":"ListItem","position":2,"name":"Shop","item":"https:\/\/www.rememberme-forever.com\/de\/shop\/"},{"@type":"ListItem","position":3,"name":"Kleiner Sarg f\u00fcr Asche, Kremationssarg"}]},{"@type":"WebSite","@id":"https:\/\/www.rememberme-forever.com\/de\/#website","url":"https:\/\/www.rememberme-forever.com\/de\/","name":"Remember Forever","description":"Cremation urns, funeral urns, urns for ashes","publisher":{"@id":"https:\/\/www.rememberme-forever.com\/de\/#organization"},"potentialAction":[{"@type":"SearchAction","target":{"@type":"EntryPoint","urlTemplate":"https:\/\/www.rememberme-forever.com\/de\/?s={search_term_string}"},"query-input":{"@type":"PropertyValueSpecification","valueRequired":true,"valueName":"search_term_string"}}],"inLanguage":"de"},{"@type":"Organization","@id":"https:\/\/www.rememberme-forever.com\/de\/#organization","name":"Remember Forever","url":"https:\/\/www.rememberme-forever.com\/de\/","logo":{"@type":"ImageObject","inLanguage":"de","@id":"https:\/\/www.rememberme-forever.com\/de\/#\/schema\/logo\/image\/","url":"https:\/\/www.rememberme-forever.com\/wp-content\/uploads\/2023\/02\/logo.png","contentUrl":"https:\/\/www.rememberme-forever.com\/wp-content\/uploads\/2023\/02\/logo.png","width":300,"height":56,"caption":"Remember Forever"},"image":{"@id":"https:\/\/www.rememberme-forever.com\/de\/#\/schema\/logo\/image\/"}}]}},"acf":[],"_links":{"self":[{"href":"https:\/\/www.rememberme-forever.com\/de\/wp-json\/wp\/v2\/product\/26654","targetHints":{"allow":["GET"]}}],"collection":[{"href":"https:\/\/www.rememberme-forever.com\/de\/wp-json\/wp\/v2\/product"}],"about":[{"href":"https:\/\/www.rememberme-forever.com\/de\/wp-json\/wp\/v2\/types\/product"}],"wp:featuredmedia":[{"embeddable":true,"href":"https:\/\/www.rememberme-forever.com\/de\/wp-json\/wp\/v2\/media\/26635"}],"wp:attachment":[{"href":"https:\/\/www.rememberme-forever.com\/de\/wp-json\/wp\/v2\/media?parent=26654"}],"wp:term":[{"taxonomy":"product_brand","embeddable":true,"href":"https:\/\/www.rememberme-forever.com\/de\/wp-json\/wp\/v2\/product_brand?post=26654"},{"taxonomy":"product_cat","embeddable":true,"href":"https:\/\/www.rememberme-forever.com\/de\/wp-json\/wp\/v2\/product_cat?post=26654"},{"taxonomy":"product_tag","embeddable":true,"href":"https:\/\/www.rememberme-forever.com\/de\/wp-json\/wp\/v2\/product_tag?post=26654"}],"curies":[{"name":"wp","href":"https:\/\/api.w.org\/{rel}","templated":true}]}}