{"id":26817,"date":"2023-04-19T13:21:00","date_gmt":"2023-04-19T11:21:00","guid":{"rendered":"https:\/\/www.rememberme-forever.com\/product\/eichenurne-mit-kreuz\/"},"modified":"2026-03-03T10:23:53","modified_gmt":"2026-03-03T09:23:53","slug":"eichenurne-mit-kreuz","status":"publish","type":"product","link":"https:\/\/www.rememberme-forever.com\/de\/produkt\/eichenurne-mit-kreuz\/","title":{"rendered":"Eichenurne mit Kreuz"},"content":{"rendered":"<div style=\"width: 100%; margin-bottom: 30px; height: max-content; padding-bottom: 60%; position: relative;\"><iframe style=\"position: absolute; top: 0; left: 0; width: 100%; height: 100%;\" src=\"https:\/\/rememberme-urns.com\/oak-urn-with-catholic-cross\/\" frameborder=\"0\"><\/iframe><\/div>\n<div style=\"color: red; text-align: center; margin-bottom: 25px;\">\n<p>&gt;&gt; Drehendes Foto \u2013 Tippen\/Zoomen &lt;&lt;<\/p>\n<\/div>\n<h2 style=\"text-align: center;\">Eichenurne mit Kreuz<\/h2>\n<p style=\"text-align: center;\">Diese exquisite<strong> Eichenurne mit Kreuz<\/strong> ist ein meisterhaft gefertigtes St\u00fcck, das daf\u00fcr konzipiert ist, die Asche eines geliebten Menschen aufzubewahren. Die Urne verf\u00fcgt vorne \u00fcber ein wundersch\u00f6n geschnitztes Kreuz, das Hoffnung, Glauben und die Liebe symbolisiert, die Sie mit Ihrem geliebten Menschen geteilt haben.<\/p>\n<p style=\"text-align: center;\">Gefertigt aus hochwertigem Eichenholz hat diese Urne eine nat\u00fcrliche, helle Farbe, die sich nahtlos in jede Einrichtung einf\u00fcgt. Ihre elegante Schlichtheit erm\u00f6glicht es, sie sichtbar aufzustellen, ohne aufdringlich oder fehl am Platz zu wirken. Die Urne hat eine Gr\u00f6\u00dfe, die f\u00fcr die Asche eines Erwachsenen geeignet ist.<\/p>\n<p style=\"text-align: center;\">Die glatte Oberfl\u00e4che der Urne eignet sich ideal f\u00fcr eine personalisierte Gedenkplakette, sodass Sie Ihren geliebten Menschen mit einer individuellen Botschaft oder einem Zitat ehren k\u00f6nnen. Der Boden l\u00e4sst sich \u00fcber Schrauben \u00f6ffnen, sodass Sie die Asche leicht einf\u00fcllen und sicher im Inneren verschlie\u00dfen k\u00f6nnen.<\/p>\n<p style=\"text-align: center;\">Diese Eichenurne mit Kreuz ist eine sch\u00f6ne W\u00fcrdigung des Lebens Ihres geliebten Menschen. Ihr exquisites Design, verbunden mit Schlichtheit und Funktionalit\u00e4t, macht sie zum perfekten Ruheort f\u00fcr die sterblichen \u00dcberreste. Mit dieser einzigartigen und sch\u00f6nen Urne k\u00f6nnen Sie sicher sein, dass die Erinnerung \u00fcber Generationen hinweg geehrt und bewahrt wird.<\/p>\n<p>&nbsp;<\/p>\n<h3 style=\"text-align: center;\"><strong>PERSONALISIERUNG<\/strong><\/h3>\n<p style=\"text-align: center;\">Wenn Sie sich f\u00fcr eine personalisierte Plakette entscheiden, geben Sie bitte den Text im Rahmen der Produktpersonalisierung ein.<\/p>\n<p style=\"text-align: center;\">Die personalisierte Gedenktafel muss bei der Bestellung individuell gestaltet werden. (Bitte keine Panik, wenn Sie das vergessen haben, denn Sie k\u00f6nnen uns auch noch nachtr\u00e4glich eine Nachricht schicken).<\/p>\n<p style=\"text-align: center;\">Bitte \u00fcberpr\u00fcfen Sie den zu gravierenden Text sorgf\u00e4ltig, bevor Sie den Artikel in den Warenkorb legen. Wir kopieren und gravieren genau die Informationen, die wir mit der Bestellung erhalten und nehmen bei uns keine \u00c4nderungen vor.<\/p>\n<p style=\"text-align: center;\"><strong>Bitte \u00fcberpr\u00fcfen Sie den Text, um sicherzustellen, dass alle Schreibweisen korrekt sind.<\/strong><\/p>\n<p><img loading=\"lazy\" decoding=\"async\" class=\" wp-image-1447 aligncenter\" src=\"http:\/\/www.rememberme-forever.com\/wp-content\/uploads\/2023\/04\/memorial-plaque-cremation-urn-gold-300x150.jpg\" alt=\"Gedenktafel Urne Gold\" width=\"260\" height=\"130\" srcset=\"https:\/\/www.rememberme-forever.com\/wp-content\/uploads\/2023\/04\/memorial-plaque-cremation-urn-gold-300x150.jpg 300w, https:\/\/www.rememberme-forever.com\/wp-content\/uploads\/2023\/04\/memorial-plaque-cremation-urn-gold-64x32.jpg 64w, https:\/\/www.rememberme-forever.com\/wp-content\/uploads\/2023\/04\/memorial-plaque-cremation-urn-gold.jpg 448w\" sizes=\"auto, (max-width: 260px) 100vw, 260px\" \/><\/p>\n","protected":false},"excerpt":{"rendered":"<p><em><strong>Geeignet f\u00fcr die Asche einer Person mit einem K\u00f6rpergewicht bis ca. 238 lbs oder 107 kg <\/strong><\/em><\/p>\n","protected":false},"featured_media":26801,"template":"","meta":{"_acf_changed":false},"product_brand":[],"product_cat":[2327],"product_tag":[3305],"class_list":{"0":"post-26817","1":"product","2":"type-product","3":"status-publish","4":"has-post-thumbnail","6":"product_cat-holz-urnen","7":"product_tag-gpsr-all-wood-urns","8":"product_shipping_class-2-4kg","10":"first","11":"instock","12":"taxable","13":"shipping-taxable","14":"purchasable","15":"product-type-simple"},"yoast_head":"<!-- This site is optimized with the Yoast SEO plugin v27.4 - https:\/\/yoast.com\/product\/yoast-seo-wordpress\/ -->\n<title>Remember Forever<\/title>\n<meta name=\"description\" content=\"Diese exquisite Eichenurne mit Kreuz ist ein meisterhaft gefertigtes St\u00fcck, das daf\u00fcr konzipiert ist, die Asche eines geliebten Menschen aufzubewahren. Die Urne verf\u00fcgt vorne \u00fcber ein wundersch\u00f6n geschnitztes Kreuz ...\" \/>\n<meta name=\"robots\" content=\"index, follow, max-snippet:-1, max-image-preview:large, max-video-preview:-1\" \/>\n<link rel=\"canonical\" href=\"https:\/\/www.rememberme-forever.com\/de\/produkt\/eichenurne-mit-kreuz\/\" \/>\n<meta property=\"og:locale\" content=\"de_DE\" \/>\n<meta property=\"og:type\" content=\"article\" \/>\n<meta property=\"og:description\" content=\"Diese exquisite Eichenurne mit Kreuz ist ein meisterhaft gefertigtes St\u00fcck, das daf\u00fcr konzipiert ist, die Asche eines geliebten Menschen aufzubewahren. Die Urne verf\u00fcgt vorne \u00fcber ein wundersch\u00f6n geschnitztes Kreuz ...\" \/>\n<meta property=\"og:url\" content=\"https:\/\/www.rememberme-forever.com\/de\/produkt\/eichenurne-mit-kreuz\/\" \/>\n<meta property=\"og:site_name\" content=\"Remember Forever\" \/>\n<meta property=\"article:modified_time\" content=\"2026-03-03T09:23:53+00:00\" \/>\n<meta property=\"og:image\" content=\"http:\/\/www.rememberme-forever.com\/wp-content\/uploads\/2023\/05\/img_2D_0001.jpg\" \/>\n\t<meta property=\"og:image:width\" content=\"1007\" \/>\n\t<meta property=\"og:image:height\" content=\"1024\" \/>\n\t<meta property=\"og:image:type\" content=\"image\/jpeg\" \/>\n<meta name=\"twitter:card\" content=\"summary_large_image\" \/>\n<meta name=\"twitter:label1\" content=\"Gesch\u00e4tzte Lesezeit\" \/>\n\t<meta name=\"twitter:data1\" content=\"2\u00a0Minute\" \/>\n<script type=\"application\/ld+json\" class=\"yoast-schema-graph\">{\"@context\":\"https:\\\/\\\/schema.org\",\"@graph\":[{\"@type\":\"WebPage\",\"@id\":\"https:\\\/\\\/www.rememberme-forever.com\\\/de\\\/produkt\\\/eichenurne-mit-kreuz\\\/\",\"url\":\"https:\\\/\\\/www.rememberme-forever.com\\\/de\\\/produkt\\\/eichenurne-mit-kreuz\\\/\",\"name\":\"\",\"isPartOf\":{\"@id\":\"https:\\\/\\\/www.rememberme-forever.com\\\/de\\\/#website\"},\"primaryImageOfPage\":{\"@id\":\"https:\\\/\\\/www.rememberme-forever.com\\\/de\\\/produkt\\\/eichenurne-mit-kreuz\\\/#primaryimage\"},\"image\":{\"@id\":\"https:\\\/\\\/www.rememberme-forever.com\\\/de\\\/produkt\\\/eichenurne-mit-kreuz\\\/#primaryimage\"},\"thumbnailUrl\":\"https:\\\/\\\/www.rememberme-forever.com\\\/wp-content\\\/uploads\\\/2023\\\/05\\\/img_2D_0001.jpg\",\"datePublished\":\"2023-04-19T11:21:00+00:00\",\"dateModified\":\"2026-03-03T09:23:53+00:00\",\"description\":\"Diese exquisite Eichenurne mit Kreuz ist ein meisterhaft gefertigtes St\u00fcck, das daf\u00fcr konzipiert ist, die Asche eines geliebten Menschen aufzubewahren. Die Urne verf\u00fcgt vorne \u00fcber ein wundersch\u00f6n geschnitztes Kreuz ...\",\"breadcrumb\":{\"@id\":\"https:\\\/\\\/www.rememberme-forever.com\\\/de\\\/produkt\\\/eichenurne-mit-kreuz\\\/#breadcrumb\"},\"inLanguage\":\"de\",\"potentialAction\":[{\"@type\":\"ReadAction\",\"target\":[\"https:\\\/\\\/www.rememberme-forever.com\\\/de\\\/produkt\\\/eichenurne-mit-kreuz\\\/\"]}]},{\"@type\":\"ImageObject\",\"inLanguage\":\"de\",\"@id\":\"https:\\\/\\\/www.rememberme-forever.com\\\/de\\\/produkt\\\/eichenurne-mit-kreuz\\\/#primaryimage\",\"url\":\"https:\\\/\\\/www.rememberme-forever.com\\\/wp-content\\\/uploads\\\/2023\\\/05\\\/img_2D_0001.jpg\",\"contentUrl\":\"https:\\\/\\\/www.rememberme-forever.com\\\/wp-content\\\/uploads\\\/2023\\\/05\\\/img_2D_0001.jpg\",\"width\":1007,\"height\":1024,\"caption\":\"Eichenurne mit Kreuz\"},{\"@type\":\"BreadcrumbList\",\"@id\":\"https:\\\/\\\/www.rememberme-forever.com\\\/de\\\/produkt\\\/eichenurne-mit-kreuz\\\/#breadcrumb\",\"itemListElement\":[{\"@type\":\"ListItem\",\"position\":1,\"name\":\"Home\",\"item\":\"https:\\\/\\\/www.rememberme-forever.com\\\/de\\\/startseite\\\/\"},{\"@type\":\"ListItem\",\"position\":2,\"name\":\"Shop\",\"item\":\"https:\\\/\\\/www.rememberme-forever.com\\\/de\\\/shop\\\/\"},{\"@type\":\"ListItem\",\"position\":3,\"name\":\"Eichenurne mit Kreuz\"}]},{\"@type\":\"WebSite\",\"@id\":\"https:\\\/\\\/www.rememberme-forever.com\\\/de\\\/#website\",\"url\":\"https:\\\/\\\/www.rememberme-forever.com\\\/de\\\/\",\"name\":\"Remember Forever\",\"description\":\"Cremation urns, funeral urns, urns for ashes\",\"publisher\":{\"@id\":\"https:\\\/\\\/www.rememberme-forever.com\\\/de\\\/#organization\"},\"potentialAction\":[{\"@type\":\"SearchAction\",\"target\":{\"@type\":\"EntryPoint\",\"urlTemplate\":\"https:\\\/\\\/www.rememberme-forever.com\\\/de\\\/?s={search_term_string}\"},\"query-input\":{\"@type\":\"PropertyValueSpecification\",\"valueRequired\":true,\"valueName\":\"search_term_string\"}}],\"inLanguage\":\"de\"},{\"@type\":\"Organization\",\"@id\":\"https:\\\/\\\/www.rememberme-forever.com\\\/de\\\/#organization\",\"name\":\"Remember Forever\",\"url\":\"https:\\\/\\\/www.rememberme-forever.com\\\/de\\\/\",\"logo\":{\"@type\":\"ImageObject\",\"inLanguage\":\"de\",\"@id\":\"https:\\\/\\\/www.rememberme-forever.com\\\/de\\\/#\\\/schema\\\/logo\\\/image\\\/\",\"url\":\"https:\\\/\\\/www.rememberme-forever.com\\\/wp-content\\\/uploads\\\/2023\\\/02\\\/logo.png\",\"contentUrl\":\"https:\\\/\\\/www.rememberme-forever.com\\\/wp-content\\\/uploads\\\/2023\\\/02\\\/logo.png\",\"width\":300,\"height\":56,\"caption\":\"Remember Forever\"},\"image\":{\"@id\":\"https:\\\/\\\/www.rememberme-forever.com\\\/de\\\/#\\\/schema\\\/logo\\\/image\\\/\"}}]}<\/script>\n<!-- \/ Yoast SEO plugin. -->","yoast_head_json":{"title":"Remember Forever","description":"Diese exquisite Eichenurne mit Kreuz ist ein meisterhaft gefertigtes St\u00fcck, das daf\u00fcr konzipiert ist, die Asche eines geliebten Menschen aufzubewahren. Die Urne verf\u00fcgt vorne \u00fcber ein wundersch\u00f6n geschnitztes Kreuz ...","robots":{"index":"index","follow":"follow","max-snippet":"max-snippet:-1","max-image-preview":"max-image-preview:large","max-video-preview":"max-video-preview:-1"},"canonical":"https:\/\/www.rememberme-forever.com\/de\/produkt\/eichenurne-mit-kreuz\/","og_locale":"de_DE","og_type":"article","og_description":"Diese exquisite Eichenurne mit Kreuz ist ein meisterhaft gefertigtes St\u00fcck, das daf\u00fcr konzipiert ist, die Asche eines geliebten Menschen aufzubewahren. Die Urne verf\u00fcgt vorne \u00fcber ein wundersch\u00f6n geschnitztes Kreuz ...","og_url":"https:\/\/www.rememberme-forever.com\/de\/produkt\/eichenurne-mit-kreuz\/","og_site_name":"Remember Forever","article_modified_time":"2026-03-03T09:23:53+00:00","og_image":[{"width":1007,"height":1024,"url":"http:\/\/www.rememberme-forever.com\/wp-content\/uploads\/2023\/05\/img_2D_0001.jpg","type":"image\/jpeg"}],"twitter_card":"summary_large_image","twitter_misc":{"Gesch\u00e4tzte Lesezeit":"2\u00a0Minute"},"schema":{"@context":"https:\/\/schema.org","@graph":[{"@type":"WebPage","@id":"https:\/\/www.rememberme-forever.com\/de\/produkt\/eichenurne-mit-kreuz\/","url":"https:\/\/www.rememberme-forever.com\/de\/produkt\/eichenurne-mit-kreuz\/","name":"","isPartOf":{"@id":"https:\/\/www.rememberme-forever.com\/de\/#website"},"primaryImageOfPage":{"@id":"https:\/\/www.rememberme-forever.com\/de\/produkt\/eichenurne-mit-kreuz\/#primaryimage"},"image":{"@id":"https:\/\/www.rememberme-forever.com\/de\/produkt\/eichenurne-mit-kreuz\/#primaryimage"},"thumbnailUrl":"https:\/\/www.rememberme-forever.com\/wp-content\/uploads\/2023\/05\/img_2D_0001.jpg","datePublished":"2023-04-19T11:21:00+00:00","dateModified":"2026-03-03T09:23:53+00:00","description":"Diese exquisite Eichenurne mit Kreuz ist ein meisterhaft gefertigtes St\u00fcck, das daf\u00fcr konzipiert ist, die Asche eines geliebten Menschen aufzubewahren. Die Urne verf\u00fcgt vorne \u00fcber ein wundersch\u00f6n geschnitztes Kreuz ...","breadcrumb":{"@id":"https:\/\/www.rememberme-forever.com\/de\/produkt\/eichenurne-mit-kreuz\/#breadcrumb"},"inLanguage":"de","potentialAction":[{"@type":"ReadAction","target":["https:\/\/www.rememberme-forever.com\/de\/produkt\/eichenurne-mit-kreuz\/"]}]},{"@type":"ImageObject","inLanguage":"de","@id":"https:\/\/www.rememberme-forever.com\/de\/produkt\/eichenurne-mit-kreuz\/#primaryimage","url":"https:\/\/www.rememberme-forever.com\/wp-content\/uploads\/2023\/05\/img_2D_0001.jpg","contentUrl":"https:\/\/www.rememberme-forever.com\/wp-content\/uploads\/2023\/05\/img_2D_0001.jpg","width":1007,"height":1024,"caption":"Eichenurne mit Kreuz"},{"@type":"BreadcrumbList","@id":"https:\/\/www.rememberme-forever.com\/de\/produkt\/eichenurne-mit-kreuz\/#breadcrumb","itemListElement":[{"@type":"ListItem","position":1,"name":"Home","item":"https:\/\/www.rememberme-forever.com\/de\/startseite\/"},{"@type":"ListItem","position":2,"name":"Shop","item":"https:\/\/www.rememberme-forever.com\/de\/shop\/"},{"@type":"ListItem","position":3,"name":"Eichenurne mit Kreuz"}]},{"@type":"WebSite","@id":"https:\/\/www.rememberme-forever.com\/de\/#website","url":"https:\/\/www.rememberme-forever.com\/de\/","name":"Remember Forever","description":"Cremation urns, funeral urns, urns for ashes","publisher":{"@id":"https:\/\/www.rememberme-forever.com\/de\/#organization"},"potentialAction":[{"@type":"SearchAction","target":{"@type":"EntryPoint","urlTemplate":"https:\/\/www.rememberme-forever.com\/de\/?s={search_term_string}"},"query-input":{"@type":"PropertyValueSpecification","valueRequired":true,"valueName":"search_term_string"}}],"inLanguage":"de"},{"@type":"Organization","@id":"https:\/\/www.rememberme-forever.com\/de\/#organization","name":"Remember Forever","url":"https:\/\/www.rememberme-forever.com\/de\/","logo":{"@type":"ImageObject","inLanguage":"de","@id":"https:\/\/www.rememberme-forever.com\/de\/#\/schema\/logo\/image\/","url":"https:\/\/www.rememberme-forever.com\/wp-content\/uploads\/2023\/02\/logo.png","contentUrl":"https:\/\/www.rememberme-forever.com\/wp-content\/uploads\/2023\/02\/logo.png","width":300,"height":56,"caption":"Remember Forever"},"image":{"@id":"https:\/\/www.rememberme-forever.com\/de\/#\/schema\/logo\/image\/"}}]}},"acf":[],"_links":{"self":[{"href":"https:\/\/www.rememberme-forever.com\/de\/wp-json\/wp\/v2\/product\/26817","targetHints":{"allow":["GET"]}}],"collection":[{"href":"https:\/\/www.rememberme-forever.com\/de\/wp-json\/wp\/v2\/product"}],"about":[{"href":"https:\/\/www.rememberme-forever.com\/de\/wp-json\/wp\/v2\/types\/product"}],"wp:featuredmedia":[{"embeddable":true,"href":"https:\/\/www.rememberme-forever.com\/de\/wp-json\/wp\/v2\/media\/26801"}],"wp:attachment":[{"href":"https:\/\/www.rememberme-forever.com\/de\/wp-json\/wp\/v2\/media?parent=26817"}],"wp:term":[{"taxonomy":"product_brand","embeddable":true,"href":"https:\/\/www.rememberme-forever.com\/de\/wp-json\/wp\/v2\/product_brand?post=26817"},{"taxonomy":"product_cat","embeddable":true,"href":"https:\/\/www.rememberme-forever.com\/de\/wp-json\/wp\/v2\/product_cat?post=26817"},{"taxonomy":"product_tag","embeddable":true,"href":"https:\/\/www.rememberme-forever.com\/de\/wp-json\/wp\/v2\/product_tag?post=26817"}],"curies":[{"name":"wp","href":"https:\/\/api.w.org\/{rel}","templated":true}]}}