{"id":26842,"date":"2023-04-20T08:24:27","date_gmt":"2023-04-20T06:24:27","guid":{"rendered":"https:\/\/www.rememberme-forever.com\/product\/geoeffnete-urne-fuer-erinnerungsstuecke\/"},"modified":"2026-03-03T11:15:30","modified_gmt":"2026-03-03T10:15:30","slug":"geoeffnete-urne-fuer-erinnerungsstuecke","status":"publish","type":"product","link":"https:\/\/www.rememberme-forever.com\/de\/produkt\/geoeffnete-urne-fuer-erinnerungsstuecke\/","title":{"rendered":"Ge\u00f6ffnete Urne f\u00fcr Erinnerungsst\u00fccke"},"content":{"rendered":"<div style=\"width: 100%; margin-bottom: 30px; height: max-content; padding-bottom: 60%; position: relative;\"><iframe style=\"position: absolute; top: 0; left: 0; width: 100%; height: 100%;\" src=\"https:\/\/rememberme-urns.com\/wood-urn-with-a-shelf\/\" frameborder=\"0\"><\/iframe><\/div>\n<div style=\"color: red; text-align: center; margin-bottom: 25px;\">\n<p>&gt;&gt; Drehendes Foto \u2013 Tippen\/Zoomen &lt;&lt;<\/p>\n<\/div>\n<h2 style=\"text-align: center;\">Ge\u00f6ffnete Urne f\u00fcr Erinnerungsst\u00fccke<\/h2>\n<p style=\"text-align: center;\">Diese elegante <strong>ge\u00f6ffnete Holzurne f\u00fcr Erinnerungsst\u00fccke<\/strong> ist eine sch\u00f6ne und praktische M\u00f6glichkeit, Ihren geliebten Menschen zu ehren und in Erinnerung zu behalten. Sie besteht aus zwei Teilen \u2013 der untere Teil ist f\u00fcr die Aufbewahrung der Asche vorgesehen, die in einem Plastikbeutel gesichert wird, um ein versehentliches Versch\u00fctten zu verhindern. Der untere Teil wird dann sicher mit vier Schrauben verschraubt, sodass die Asche gesch\u00fctzt und sicher aufbewahrt wird.<\/p>\n<p style=\"text-align: center;\">Der obere Teil der Urne ist eine besondere Erg\u00e4nzung \u2013 er ist f\u00fcr die Aufbewahrung von Fotos, Erinnerungsst\u00fccken und anderen kleinen Gegenst\u00e4nden konzipiert, die mit dem Verstorbenen in Verbindung stehen. Das Innere ist mit weichem Material ausgekleidet und verf\u00fcgt \u00fcber Gummib\u00e4nder zur sicheren Befestigung von Fotos und anderen Gegenst\u00e4nden. Diese Urne erm\u00f6glicht es Ihnen, wertvolle Erinnerungen nah bei sich zu behalten und gleichzeitig einen sicheren Ort f\u00fcr die Asche zu bieten.<\/p>\n<p style=\"text-align: center;\">Das Design der Urne ist sowohl stilvoll als auch praktisch, mit stabilen und dekorativen Beinen, die sicherstellen, dass sie in jedem Zuhause oder jeder Umgebung aufgestellt werden kann. Es ist eine sch\u00f6ne Art, Ihrem geliebten Menschen Tribut zu zollen und sein Andenken lebendig zu halten. Diese Urne wird sicherlich zu einem gesch\u00e4tzten Familienerbst\u00fcck werden, das \u00fcber Generationen weitergegeben wird.<\/p>\n<p>&nbsp;<\/p>\n<h3 style=\"text-align: center;\"><strong>PERSONALISIERUNG<\/strong><\/h3>\n<p style=\"text-align: center;\">Wenn Sie sich f\u00fcr eine personalisierte Plakette entscheiden, geben Sie bitte den Text im Rahmen der Produktpersonalisierung ein.<\/p>\n<p style=\"text-align: center;\">Die personalisierte Gedenktafel muss bei der Bestellung individuell gestaltet werden. (Bitte keine Panik, wenn Sie das vergessen haben, denn Sie k\u00f6nnen uns auch noch nachtr\u00e4glich eine Nachricht schicken).<\/p>\n<p style=\"text-align: center;\">Bitte \u00fcberpr\u00fcfen Sie den zu gravierenden Text sorgf\u00e4ltig, bevor Sie den Artikel in den Warenkorb legen. Wir kopieren und gravieren genau die Informationen, die wir mit der Bestellung erhalten und nehmen bei uns keine \u00c4nderungen vor.<\/p>\n<p style=\"text-align: center;\"><strong>Bitte \u00fcberpr\u00fcfen Sie den Text, um sicherzustellen, dass alle Schreibweisen korrekt sind.<\/strong><\/p>\n<p><img loading=\"lazy\" decoding=\"async\" class=\" wp-image-1447 aligncenter\" src=\"http:\/\/www.rememberme-forever.com\/wp-content\/uploads\/2023\/04\/memorial-plaque-cremation-urn-gold-300x150.jpg\" alt=\"Gedenktafel Urne Gold\" width=\"260\" height=\"130\" srcset=\"https:\/\/www.rememberme-forever.com\/wp-content\/uploads\/2023\/04\/memorial-plaque-cremation-urn-gold-300x150.jpg 300w, https:\/\/www.rememberme-forever.com\/wp-content\/uploads\/2023\/04\/memorial-plaque-cremation-urn-gold-64x32.jpg 64w, https:\/\/www.rememberme-forever.com\/wp-content\/uploads\/2023\/04\/memorial-plaque-cremation-urn-gold.jpg 448w\" sizes=\"auto, (max-width: 260px) 100vw, 260px\" \/><\/p>\n","protected":false},"excerpt":{"rendered":"<p><em><strong>Geeignet f\u00fcr K\u00f6rpergewicht ca. 201 lbs \u2013 93 kg <\/strong><\/em><\/p>\n","protected":false},"featured_media":26824,"template":"","meta":{"_acf_changed":false},"product_brand":[],"product_cat":[2327],"product_tag":[3305],"class_list":{"0":"post-26842","1":"product","2":"type-product","3":"status-publish","4":"has-post-thumbnail","6":"product_cat-holz-urnen","7":"product_tag-gpsr-all-wood-urns","8":"product_shipping_class-art-urns-kule-do20cm-de","10":"first","11":"instock","12":"taxable","13":"shipping-taxable","14":"purchasable","15":"product-type-variable"},"yoast_head":"<!-- This site is optimized with the Yoast SEO plugin v27.4 - https:\/\/yoast.com\/product\/yoast-seo-wordpress\/ -->\n<title>Remember Forever<\/title>\n<meta name=\"description\" content=\"Diese elegante ge\u00f6ffnete Holzurne f\u00fcr Erinnerungsst\u00fccke ist eine sch\u00f6ne und praktische M\u00f6glichkeit, Ihren geliebten Menschen zu ehren und in Erinnerung zu behalten.\" \/>\n<meta name=\"robots\" content=\"index, follow, max-snippet:-1, max-image-preview:large, max-video-preview:-1\" \/>\n<link rel=\"canonical\" href=\"https:\/\/www.rememberme-forever.com\/de\/produkt\/geoeffnete-urne-fuer-erinnerungsstuecke\/\" \/>\n<meta property=\"og:locale\" content=\"de_DE\" \/>\n<meta property=\"og:type\" content=\"article\" \/>\n<meta property=\"og:description\" content=\"Diese elegante ge\u00f6ffnete Holzurne f\u00fcr Erinnerungsst\u00fccke ist eine sch\u00f6ne und praktische M\u00f6glichkeit, Ihren geliebten Menschen zu ehren und in Erinnerung zu behalten.\" \/>\n<meta property=\"og:url\" content=\"https:\/\/www.rememberme-forever.com\/de\/produkt\/geoeffnete-urne-fuer-erinnerungsstuecke\/\" \/>\n<meta property=\"og:site_name\" content=\"Remember Forever\" \/>\n<meta property=\"article:modified_time\" content=\"2026-03-03T10:15:30+00:00\" \/>\n<meta property=\"og:image\" content=\"http:\/\/www.rememberme-forever.com\/wp-content\/uploads\/2023\/04\/opened-urn-for-souvenirs.jpg\" \/>\n\t<meta property=\"og:image:width\" content=\"768\" \/>\n\t<meta property=\"og:image:height\" content=\"768\" \/>\n\t<meta property=\"og:image:type\" content=\"image\/jpeg\" \/>\n<meta name=\"twitter:card\" content=\"summary_large_image\" \/>\n<meta name=\"twitter:label1\" content=\"Gesch\u00e4tzte Lesezeit\" \/>\n\t<meta name=\"twitter:data1\" content=\"2\u00a0Minute\" \/>\n<script type=\"application\/ld+json\" class=\"yoast-schema-graph\">{\"@context\":\"https:\\\/\\\/schema.org\",\"@graph\":[{\"@type\":\"WebPage\",\"@id\":\"https:\\\/\\\/www.rememberme-forever.com\\\/de\\\/produkt\\\/geoeffnete-urne-fuer-erinnerungsstuecke\\\/\",\"url\":\"https:\\\/\\\/www.rememberme-forever.com\\\/de\\\/produkt\\\/geoeffnete-urne-fuer-erinnerungsstuecke\\\/\",\"name\":\"\",\"isPartOf\":{\"@id\":\"https:\\\/\\\/www.rememberme-forever.com\\\/de\\\/#website\"},\"primaryImageOfPage\":{\"@id\":\"https:\\\/\\\/www.rememberme-forever.com\\\/de\\\/produkt\\\/geoeffnete-urne-fuer-erinnerungsstuecke\\\/#primaryimage\"},\"image\":{\"@id\":\"https:\\\/\\\/www.rememberme-forever.com\\\/de\\\/produkt\\\/geoeffnete-urne-fuer-erinnerungsstuecke\\\/#primaryimage\"},\"thumbnailUrl\":\"https:\\\/\\\/www.rememberme-forever.com\\\/wp-content\\\/uploads\\\/2023\\\/04\\\/opened-urn-for-souvenirs.jpg\",\"datePublished\":\"2023-04-20T06:24:27+00:00\",\"dateModified\":\"2026-03-03T10:15:30+00:00\",\"description\":\"Diese elegante ge\u00f6ffnete Holzurne f\u00fcr Erinnerungsst\u00fccke ist eine sch\u00f6ne und praktische M\u00f6glichkeit, Ihren geliebten Menschen zu ehren und in Erinnerung zu behalten.\",\"breadcrumb\":{\"@id\":\"https:\\\/\\\/www.rememberme-forever.com\\\/de\\\/produkt\\\/geoeffnete-urne-fuer-erinnerungsstuecke\\\/#breadcrumb\"},\"inLanguage\":\"de\",\"potentialAction\":[{\"@type\":\"ReadAction\",\"target\":[\"https:\\\/\\\/www.rememberme-forever.com\\\/de\\\/produkt\\\/geoeffnete-urne-fuer-erinnerungsstuecke\\\/\"]}]},{\"@type\":\"ImageObject\",\"inLanguage\":\"de\",\"@id\":\"https:\\\/\\\/www.rememberme-forever.com\\\/de\\\/produkt\\\/geoeffnete-urne-fuer-erinnerungsstuecke\\\/#primaryimage\",\"url\":\"https:\\\/\\\/www.rememberme-forever.com\\\/wp-content\\\/uploads\\\/2023\\\/04\\\/opened-urn-for-souvenirs.jpg\",\"contentUrl\":\"https:\\\/\\\/www.rememberme-forever.com\\\/wp-content\\\/uploads\\\/2023\\\/04\\\/opened-urn-for-souvenirs.jpg\",\"width\":768,\"height\":768,\"caption\":\"ge\u00f6ffnete Urne f\u00fcr Erinnerungsst\u00fccke\"},{\"@type\":\"BreadcrumbList\",\"@id\":\"https:\\\/\\\/www.rememberme-forever.com\\\/de\\\/produkt\\\/geoeffnete-urne-fuer-erinnerungsstuecke\\\/#breadcrumb\",\"itemListElement\":[{\"@type\":\"ListItem\",\"position\":1,\"name\":\"Home\",\"item\":\"https:\\\/\\\/www.rememberme-forever.com\\\/de\\\/startseite\\\/\"},{\"@type\":\"ListItem\",\"position\":2,\"name\":\"Shop\",\"item\":\"https:\\\/\\\/www.rememberme-forever.com\\\/de\\\/shop\\\/\"},{\"@type\":\"ListItem\",\"position\":3,\"name\":\"Ge\u00f6ffnete Urne f\u00fcr Erinnerungsst\u00fccke\"}]},{\"@type\":\"WebSite\",\"@id\":\"https:\\\/\\\/www.rememberme-forever.com\\\/de\\\/#website\",\"url\":\"https:\\\/\\\/www.rememberme-forever.com\\\/de\\\/\",\"name\":\"Remember Forever\",\"description\":\"Cremation urns, funeral urns, urns for ashes\",\"publisher\":{\"@id\":\"https:\\\/\\\/www.rememberme-forever.com\\\/de\\\/#organization\"},\"potentialAction\":[{\"@type\":\"SearchAction\",\"target\":{\"@type\":\"EntryPoint\",\"urlTemplate\":\"https:\\\/\\\/www.rememberme-forever.com\\\/de\\\/?s={search_term_string}\"},\"query-input\":{\"@type\":\"PropertyValueSpecification\",\"valueRequired\":true,\"valueName\":\"search_term_string\"}}],\"inLanguage\":\"de\"},{\"@type\":\"Organization\",\"@id\":\"https:\\\/\\\/www.rememberme-forever.com\\\/de\\\/#organization\",\"name\":\"Remember Forever\",\"url\":\"https:\\\/\\\/www.rememberme-forever.com\\\/de\\\/\",\"logo\":{\"@type\":\"ImageObject\",\"inLanguage\":\"de\",\"@id\":\"https:\\\/\\\/www.rememberme-forever.com\\\/de\\\/#\\\/schema\\\/logo\\\/image\\\/\",\"url\":\"https:\\\/\\\/www.rememberme-forever.com\\\/wp-content\\\/uploads\\\/2023\\\/02\\\/logo.png\",\"contentUrl\":\"https:\\\/\\\/www.rememberme-forever.com\\\/wp-content\\\/uploads\\\/2023\\\/02\\\/logo.png\",\"width\":300,\"height\":56,\"caption\":\"Remember Forever\"},\"image\":{\"@id\":\"https:\\\/\\\/www.rememberme-forever.com\\\/de\\\/#\\\/schema\\\/logo\\\/image\\\/\"}}]}<\/script>\n<!-- \/ Yoast SEO plugin. -->","yoast_head_json":{"title":"Remember Forever","description":"Diese elegante ge\u00f6ffnete Holzurne f\u00fcr Erinnerungsst\u00fccke ist eine sch\u00f6ne und praktische M\u00f6glichkeit, Ihren geliebten Menschen zu ehren und in Erinnerung zu behalten.","robots":{"index":"index","follow":"follow","max-snippet":"max-snippet:-1","max-image-preview":"max-image-preview:large","max-video-preview":"max-video-preview:-1"},"canonical":"https:\/\/www.rememberme-forever.com\/de\/produkt\/geoeffnete-urne-fuer-erinnerungsstuecke\/","og_locale":"de_DE","og_type":"article","og_description":"Diese elegante ge\u00f6ffnete Holzurne f\u00fcr Erinnerungsst\u00fccke ist eine sch\u00f6ne und praktische M\u00f6glichkeit, Ihren geliebten Menschen zu ehren und in Erinnerung zu behalten.","og_url":"https:\/\/www.rememberme-forever.com\/de\/produkt\/geoeffnete-urne-fuer-erinnerungsstuecke\/","og_site_name":"Remember Forever","article_modified_time":"2026-03-03T10:15:30+00:00","og_image":[{"width":768,"height":768,"url":"http:\/\/www.rememberme-forever.com\/wp-content\/uploads\/2023\/04\/opened-urn-for-souvenirs.jpg","type":"image\/jpeg"}],"twitter_card":"summary_large_image","twitter_misc":{"Gesch\u00e4tzte Lesezeit":"2\u00a0Minute"},"schema":{"@context":"https:\/\/schema.org","@graph":[{"@type":"WebPage","@id":"https:\/\/www.rememberme-forever.com\/de\/produkt\/geoeffnete-urne-fuer-erinnerungsstuecke\/","url":"https:\/\/www.rememberme-forever.com\/de\/produkt\/geoeffnete-urne-fuer-erinnerungsstuecke\/","name":"","isPartOf":{"@id":"https:\/\/www.rememberme-forever.com\/de\/#website"},"primaryImageOfPage":{"@id":"https:\/\/www.rememberme-forever.com\/de\/produkt\/geoeffnete-urne-fuer-erinnerungsstuecke\/#primaryimage"},"image":{"@id":"https:\/\/www.rememberme-forever.com\/de\/produkt\/geoeffnete-urne-fuer-erinnerungsstuecke\/#primaryimage"},"thumbnailUrl":"https:\/\/www.rememberme-forever.com\/wp-content\/uploads\/2023\/04\/opened-urn-for-souvenirs.jpg","datePublished":"2023-04-20T06:24:27+00:00","dateModified":"2026-03-03T10:15:30+00:00","description":"Diese elegante ge\u00f6ffnete Holzurne f\u00fcr Erinnerungsst\u00fccke ist eine sch\u00f6ne und praktische M\u00f6glichkeit, Ihren geliebten Menschen zu ehren und in Erinnerung zu behalten.","breadcrumb":{"@id":"https:\/\/www.rememberme-forever.com\/de\/produkt\/geoeffnete-urne-fuer-erinnerungsstuecke\/#breadcrumb"},"inLanguage":"de","potentialAction":[{"@type":"ReadAction","target":["https:\/\/www.rememberme-forever.com\/de\/produkt\/geoeffnete-urne-fuer-erinnerungsstuecke\/"]}]},{"@type":"ImageObject","inLanguage":"de","@id":"https:\/\/www.rememberme-forever.com\/de\/produkt\/geoeffnete-urne-fuer-erinnerungsstuecke\/#primaryimage","url":"https:\/\/www.rememberme-forever.com\/wp-content\/uploads\/2023\/04\/opened-urn-for-souvenirs.jpg","contentUrl":"https:\/\/www.rememberme-forever.com\/wp-content\/uploads\/2023\/04\/opened-urn-for-souvenirs.jpg","width":768,"height":768,"caption":"ge\u00f6ffnete Urne f\u00fcr Erinnerungsst\u00fccke"},{"@type":"BreadcrumbList","@id":"https:\/\/www.rememberme-forever.com\/de\/produkt\/geoeffnete-urne-fuer-erinnerungsstuecke\/#breadcrumb","itemListElement":[{"@type":"ListItem","position":1,"name":"Home","item":"https:\/\/www.rememberme-forever.com\/de\/startseite\/"},{"@type":"ListItem","position":2,"name":"Shop","item":"https:\/\/www.rememberme-forever.com\/de\/shop\/"},{"@type":"ListItem","position":3,"name":"Ge\u00f6ffnete Urne f\u00fcr Erinnerungsst\u00fccke"}]},{"@type":"WebSite","@id":"https:\/\/www.rememberme-forever.com\/de\/#website","url":"https:\/\/www.rememberme-forever.com\/de\/","name":"Remember Forever","description":"Cremation urns, funeral urns, urns for ashes","publisher":{"@id":"https:\/\/www.rememberme-forever.com\/de\/#organization"},"potentialAction":[{"@type":"SearchAction","target":{"@type":"EntryPoint","urlTemplate":"https:\/\/www.rememberme-forever.com\/de\/?s={search_term_string}"},"query-input":{"@type":"PropertyValueSpecification","valueRequired":true,"valueName":"search_term_string"}}],"inLanguage":"de"},{"@type":"Organization","@id":"https:\/\/www.rememberme-forever.com\/de\/#organization","name":"Remember Forever","url":"https:\/\/www.rememberme-forever.com\/de\/","logo":{"@type":"ImageObject","inLanguage":"de","@id":"https:\/\/www.rememberme-forever.com\/de\/#\/schema\/logo\/image\/","url":"https:\/\/www.rememberme-forever.com\/wp-content\/uploads\/2023\/02\/logo.png","contentUrl":"https:\/\/www.rememberme-forever.com\/wp-content\/uploads\/2023\/02\/logo.png","width":300,"height":56,"caption":"Remember Forever"},"image":{"@id":"https:\/\/www.rememberme-forever.com\/de\/#\/schema\/logo\/image\/"}}]}},"acf":[],"_links":{"self":[{"href":"https:\/\/www.rememberme-forever.com\/de\/wp-json\/wp\/v2\/product\/26842","targetHints":{"allow":["GET"]}}],"collection":[{"href":"https:\/\/www.rememberme-forever.com\/de\/wp-json\/wp\/v2\/product"}],"about":[{"href":"https:\/\/www.rememberme-forever.com\/de\/wp-json\/wp\/v2\/types\/product"}],"wp:featuredmedia":[{"embeddable":true,"href":"https:\/\/www.rememberme-forever.com\/de\/wp-json\/wp\/v2\/media\/26824"}],"wp:attachment":[{"href":"https:\/\/www.rememberme-forever.com\/de\/wp-json\/wp\/v2\/media?parent=26842"}],"wp:term":[{"taxonomy":"product_brand","embeddable":true,"href":"https:\/\/www.rememberme-forever.com\/de\/wp-json\/wp\/v2\/product_brand?post=26842"},{"taxonomy":"product_cat","embeddable":true,"href":"https:\/\/www.rememberme-forever.com\/de\/wp-json\/wp\/v2\/product_cat?post=26842"},{"taxonomy":"product_tag","embeddable":true,"href":"https:\/\/www.rememberme-forever.com\/de\/wp-json\/wp\/v2\/product_tag?post=26842"}],"curies":[{"name":"wp","href":"https:\/\/api.w.org\/{rel}","templated":true}]}}