{"id":26869,"date":"2023-04-20T09:02:46","date_gmt":"2023-04-20T07:02:46","guid":{"rendered":"https:\/\/www.rememberme-forever.com\/product\/wunderschoene-hoelzerne-kremationsurne-fuer-erwachsene\/"},"modified":"2026-03-03T11:48:26","modified_gmt":"2026-03-03T10:48:26","slug":"wunderschoene-hoelzerne-kremationsurne-fuer-erwachsene","status":"publish","type":"product","link":"https:\/\/www.rememberme-forever.com\/de\/produkt\/wunderschoene-hoelzerne-kremationsurne-fuer-erwachsene\/","title":{"rendered":"Wundersch\u00f6ne h\u00f6lzerne Kremationsurne f\u00fcr Erwachsene"},"content":{"rendered":"<div style=\"width: 100%; margin-bottom: 30px; height: max-content; padding-bottom: 60%; position: relative;\"><iframe style=\"position: absolute; top: 0; left: 0; width: 100%; height: 100%;\" src=\"https:\/\/rememberme-urns.com\/wood-urn-box-personalized\/\" frameborder=\"0\"><\/iframe><\/div>\n<div style=\"color: red; text-align: center; margin-bottom: 25px;\">\n<p>&gt;&gt; Drehendes Foto \u2013 Tippen\/Zoomen &lt;&lt;<\/p>\n<\/div>\n<h2 style=\"text-align: center;\">Wundersch\u00f6ne h\u00f6lzerne Kremationsurne f\u00fcr Erwachsene<\/h2>\n<p style=\"text-align: center;\">Unsere <strong>wundersch\u00f6ne h\u00f6lzerne Kremationsurne f\u00fcr Erwachsene<\/strong> ist eine beeindruckende W\u00fcrdigung eines erf\u00fcllten Lebens. Die filigrane Schnitzerei des Lebensbaums symbolisiert die Verbindung zwischen Himmel und Erde sowie den ewigen Kreislauf des Lebens. Die Sch\u00f6nheit dieser Urne liegt nicht nur in ihrem Design, sondern auch in der meisterhaften Handwerkskunst, die in jedes St\u00fcck einflie\u00dft. Unsere Kunsthandwerker fertigen jede Urne sorgf\u00e4ltig von Hand \u2013 mit Pr\u00e4zision und Sorgfalt \u2013, um ein einzigartiges und w\u00fcrdiges Andenken f\u00fcr Ihren geliebten Menschen zu schaffen.<\/p>\n<p style=\"text-align: center;\">Diese Holzurne ist eine zeitlose und elegante M\u00f6glichkeit, das Andenken an einen besonderen Menschen zu ehren. Die nat\u00fcrliche Maserung des Holzes verleiht dem Design eine warme und tr\u00f6stliche Note. Die klassische Optik dieser Holzurne spricht alle an, die die Schlichtheit und Sch\u00f6nheit von Holzurnen sch\u00e4tzen. Sie bietet eine w\u00fcrdige letzte Ruhest\u00e4tte f\u00fcr die gesamte Aschemenge eines Erwachsenen.<\/p>\n<p style=\"text-align: center;\">Der Bodenverschluss wird mit Schrauben gesichert, damit die Asche sicher und gesch\u00fctzt aufbewahrt wird. Die massive Holzkonstruktion tr\u00e4gt zur Langlebigkeit dieser Urne bei. Da jede unserer Urnen handgefertigt ist, kann der Farbton variieren \u2013 so wird Ihre Lebensbaum-Holz-Kremationsurne noch einzigartiger und besonderer.<\/p>\n<p style=\"text-align: center;\">Diese Holzurne ist eine bleibende W\u00fcrdigung des Lebens eines besonderen Menschen und eine passende M\u00f6glichkeit, die Erinnerung lebendig zu halten. Das Lebensbaum-Design steht f\u00fcr die Verbindung zwischen Vergangenheit, Gegenwart und Zukunft. Es ist ein Symbol f\u00fcr Wachstum und St\u00e4rke und erinnert daran, dass das Leben ewig ist. Diese h\u00f6lzerne Kremationsurne bietet Ihrem geliebten Menschen eine tr\u00f6stliche und friedvolle Ruhest\u00e4tte \u2013 und eine sch\u00f6ne Erinnerung an das gelebte Leben.<\/p>\n<p>&nbsp;<\/p>\n<h3 style=\"text-align: center;\"><strong>PERSONALISIERUNG<\/strong><\/h3>\n<p style=\"text-align: center;\">Wenn Sie sich f\u00fcr eine personalisierte Plakette entscheiden, geben Sie bitte den Text im Rahmen der Produktpersonalisierung ein.<\/p>\n<p style=\"text-align: center;\">Die personalisierte Gedenktafel muss bei der Bestellung individuell gestaltet werden. (Bitte keine Panik, wenn Sie das vergessen haben, denn Sie k\u00f6nnen uns auch noch nachtr\u00e4glich eine Nachricht schicken).<\/p>\n<p style=\"text-align: center;\">Bitte \u00fcberpr\u00fcfen Sie den zu gravierenden Text sorgf\u00e4ltig, bevor Sie den Artikel in den Warenkorb legen. Wir kopieren und gravieren genau die Informationen, die wir mit der Bestellung erhalten und nehmen bei uns keine \u00c4nderungen vor.<\/p>\n<p style=\"text-align: center;\"><strong>Bitte \u00fcberpr\u00fcfen Sie den Text, um sicherzustellen, dass alle Schreibweisen korrekt sind.<\/strong><\/p>\n<p><img loading=\"lazy\" decoding=\"async\" class=\" wp-image-1447 aligncenter\" src=\"http:\/\/www.rememberme-forever.com\/wp-content\/uploads\/2023\/04\/memorial-plaque-cremation-urn-gold-300x150.jpg\" alt=\"Gedenktafel Urne Gold\" width=\"260\" height=\"130\" srcset=\"https:\/\/www.rememberme-forever.com\/wp-content\/uploads\/2023\/04\/memorial-plaque-cremation-urn-gold-300x150.jpg 300w, https:\/\/www.rememberme-forever.com\/wp-content\/uploads\/2023\/04\/memorial-plaque-cremation-urn-gold-64x32.jpg 64w, https:\/\/www.rememberme-forever.com\/wp-content\/uploads\/2023\/04\/memorial-plaque-cremation-urn-gold.jpg 448w\" sizes=\"auto, (max-width: 260px) 100vw, 260px\" \/><\/p>\n","protected":false},"excerpt":{"rendered":"<p><em><strong>Geeignet f\u00fcr die Asche einer Person mit einem K\u00f6rpergewicht von bis zu ca. 138 kg <\/strong><\/em><\/p>\n","protected":false},"featured_media":26493,"template":"","meta":{"_acf_changed":false},"product_brand":[],"product_cat":[2327,2331],"product_tag":[3305],"class_list":{"0":"post-26869","1":"product","2":"type-product","3":"status-publish","4":"has-post-thumbnail","6":"product_cat-holz-urnen","7":"product_cat-kunstlerische-urnen","8":"product_tag-gpsr-all-wood-urns","9":"product_shipping_class-art-urns-kule-do20cm-de","11":"first","12":"instock","13":"taxable","14":"shipping-taxable","15":"purchasable","16":"product-type-variable"},"yoast_head":"<!-- This site is optimized with the Yoast SEO plugin v27.4 - https:\/\/yoast.com\/product\/yoast-seo-wordpress\/ -->\n<title>Remember Forever<\/title>\n<meta name=\"description\" content=\"Unsere wundersch\u00f6ne h\u00f6lzerne Kremationsurne f\u00fcr Erwachsene ist eine beeindruckende W\u00fcrdigung eines erf\u00fcllten Lebens. Die filigrane Schnitzerei des Lebensbaums symbolisiert die Verbindung zwischen Himmel und Erde ...\" \/>\n<meta name=\"robots\" content=\"index, follow, max-snippet:-1, max-image-preview:large, max-video-preview:-1\" \/>\n<link rel=\"canonical\" href=\"https:\/\/www.rememberme-forever.com\/de\/produkt\/wunderschoene-hoelzerne-kremationsurne-fuer-erwachsene\/\" \/>\n<meta property=\"og:locale\" content=\"de_DE\" \/>\n<meta property=\"og:type\" content=\"article\" \/>\n<meta property=\"og:description\" content=\"Unsere wundersch\u00f6ne h\u00f6lzerne Kremationsurne f\u00fcr Erwachsene ist eine beeindruckende W\u00fcrdigung eines erf\u00fcllten Lebens. Die filigrane Schnitzerei des Lebensbaums symbolisiert die Verbindung zwischen Himmel und Erde ...\" \/>\n<meta property=\"og:url\" content=\"https:\/\/www.rememberme-forever.com\/de\/produkt\/wunderschoene-hoelzerne-kremationsurne-fuer-erwachsene\/\" \/>\n<meta property=\"og:site_name\" content=\"Remember Forever\" \/>\n<meta property=\"article:modified_time\" content=\"2026-03-03T10:48:26+00:00\" \/>\n<meta property=\"og:image\" content=\"http:\/\/www.rememberme-forever.com\/wp-content\/uploads\/2023\/04\/img_2D_0004-6.jpg\" \/>\n\t<meta property=\"og:image:width\" content=\"1007\" \/>\n\t<meta property=\"og:image:height\" content=\"1024\" \/>\n\t<meta property=\"og:image:type\" content=\"image\/jpeg\" \/>\n<meta name=\"twitter:card\" content=\"summary_large_image\" \/>\n<meta name=\"twitter:label1\" content=\"Gesch\u00e4tzte Lesezeit\" \/>\n\t<meta name=\"twitter:data1\" content=\"2\u00a0Minute\" \/>\n<script type=\"application\/ld+json\" class=\"yoast-schema-graph\">{\"@context\":\"https:\\\/\\\/schema.org\",\"@graph\":[{\"@type\":\"WebPage\",\"@id\":\"https:\\\/\\\/www.rememberme-forever.com\\\/de\\\/produkt\\\/wunderschoene-hoelzerne-kremationsurne-fuer-erwachsene\\\/\",\"url\":\"https:\\\/\\\/www.rememberme-forever.com\\\/de\\\/produkt\\\/wunderschoene-hoelzerne-kremationsurne-fuer-erwachsene\\\/\",\"name\":\"\",\"isPartOf\":{\"@id\":\"https:\\\/\\\/www.rememberme-forever.com\\\/de\\\/#website\"},\"primaryImageOfPage\":{\"@id\":\"https:\\\/\\\/www.rememberme-forever.com\\\/de\\\/produkt\\\/wunderschoene-hoelzerne-kremationsurne-fuer-erwachsene\\\/#primaryimage\"},\"image\":{\"@id\":\"https:\\\/\\\/www.rememberme-forever.com\\\/de\\\/produkt\\\/wunderschoene-hoelzerne-kremationsurne-fuer-erwachsene\\\/#primaryimage\"},\"thumbnailUrl\":\"https:\\\/\\\/www.rememberme-forever.com\\\/wp-content\\\/uploads\\\/2023\\\/04\\\/img_2D_0004-6.jpg\",\"datePublished\":\"2023-04-20T07:02:46+00:00\",\"dateModified\":\"2026-03-03T10:48:26+00:00\",\"description\":\"Unsere wundersch\u00f6ne h\u00f6lzerne Kremationsurne f\u00fcr Erwachsene ist eine beeindruckende W\u00fcrdigung eines erf\u00fcllten Lebens. Die filigrane Schnitzerei des Lebensbaums symbolisiert die Verbindung zwischen Himmel und Erde ...\",\"breadcrumb\":{\"@id\":\"https:\\\/\\\/www.rememberme-forever.com\\\/de\\\/produkt\\\/wunderschoene-hoelzerne-kremationsurne-fuer-erwachsene\\\/#breadcrumb\"},\"inLanguage\":\"de\",\"potentialAction\":[{\"@type\":\"ReadAction\",\"target\":[\"https:\\\/\\\/www.rememberme-forever.com\\\/de\\\/produkt\\\/wunderschoene-hoelzerne-kremationsurne-fuer-erwachsene\\\/\"]}]},{\"@type\":\"ImageObject\",\"inLanguage\":\"de\",\"@id\":\"https:\\\/\\\/www.rememberme-forever.com\\\/de\\\/produkt\\\/wunderschoene-hoelzerne-kremationsurne-fuer-erwachsene\\\/#primaryimage\",\"url\":\"https:\\\/\\\/www.rememberme-forever.com\\\/wp-content\\\/uploads\\\/2023\\\/04\\\/img_2D_0004-6.jpg\",\"contentUrl\":\"https:\\\/\\\/www.rememberme-forever.com\\\/wp-content\\\/uploads\\\/2023\\\/04\\\/img_2D_0004-6.jpg\",\"width\":1007,\"height\":1024,\"caption\":\"Wundersch\u00f6ne Urne aus Holz f\u00fcr Erwachsene\"},{\"@type\":\"BreadcrumbList\",\"@id\":\"https:\\\/\\\/www.rememberme-forever.com\\\/de\\\/produkt\\\/wunderschoene-hoelzerne-kremationsurne-fuer-erwachsene\\\/#breadcrumb\",\"itemListElement\":[{\"@type\":\"ListItem\",\"position\":1,\"name\":\"Home\",\"item\":\"https:\\\/\\\/www.rememberme-forever.com\\\/de\\\/startseite\\\/\"},{\"@type\":\"ListItem\",\"position\":2,\"name\":\"Shop\",\"item\":\"https:\\\/\\\/www.rememberme-forever.com\\\/de\\\/shop\\\/\"},{\"@type\":\"ListItem\",\"position\":3,\"name\":\"Wundersch\u00f6ne h\u00f6lzerne Kremationsurne f\u00fcr Erwachsene\"}]},{\"@type\":\"WebSite\",\"@id\":\"https:\\\/\\\/www.rememberme-forever.com\\\/de\\\/#website\",\"url\":\"https:\\\/\\\/www.rememberme-forever.com\\\/de\\\/\",\"name\":\"Remember Forever\",\"description\":\"Cremation urns, funeral urns, urns for ashes\",\"publisher\":{\"@id\":\"https:\\\/\\\/www.rememberme-forever.com\\\/de\\\/#organization\"},\"potentialAction\":[{\"@type\":\"SearchAction\",\"target\":{\"@type\":\"EntryPoint\",\"urlTemplate\":\"https:\\\/\\\/www.rememberme-forever.com\\\/de\\\/?s={search_term_string}\"},\"query-input\":{\"@type\":\"PropertyValueSpecification\",\"valueRequired\":true,\"valueName\":\"search_term_string\"}}],\"inLanguage\":\"de\"},{\"@type\":\"Organization\",\"@id\":\"https:\\\/\\\/www.rememberme-forever.com\\\/de\\\/#organization\",\"name\":\"Remember Forever\",\"url\":\"https:\\\/\\\/www.rememberme-forever.com\\\/de\\\/\",\"logo\":{\"@type\":\"ImageObject\",\"inLanguage\":\"de\",\"@id\":\"https:\\\/\\\/www.rememberme-forever.com\\\/de\\\/#\\\/schema\\\/logo\\\/image\\\/\",\"url\":\"https:\\\/\\\/www.rememberme-forever.com\\\/wp-content\\\/uploads\\\/2023\\\/02\\\/logo.png\",\"contentUrl\":\"https:\\\/\\\/www.rememberme-forever.com\\\/wp-content\\\/uploads\\\/2023\\\/02\\\/logo.png\",\"width\":300,\"height\":56,\"caption\":\"Remember Forever\"},\"image\":{\"@id\":\"https:\\\/\\\/www.rememberme-forever.com\\\/de\\\/#\\\/schema\\\/logo\\\/image\\\/\"}}]}<\/script>\n<!-- \/ Yoast SEO plugin. -->","yoast_head_json":{"title":"Remember Forever","description":"Unsere wundersch\u00f6ne h\u00f6lzerne Kremationsurne f\u00fcr Erwachsene ist eine beeindruckende W\u00fcrdigung eines erf\u00fcllten Lebens. Die filigrane Schnitzerei des Lebensbaums symbolisiert die Verbindung zwischen Himmel und Erde ...","robots":{"index":"index","follow":"follow","max-snippet":"max-snippet:-1","max-image-preview":"max-image-preview:large","max-video-preview":"max-video-preview:-1"},"canonical":"https:\/\/www.rememberme-forever.com\/de\/produkt\/wunderschoene-hoelzerne-kremationsurne-fuer-erwachsene\/","og_locale":"de_DE","og_type":"article","og_description":"Unsere wundersch\u00f6ne h\u00f6lzerne Kremationsurne f\u00fcr Erwachsene ist eine beeindruckende W\u00fcrdigung eines erf\u00fcllten Lebens. Die filigrane Schnitzerei des Lebensbaums symbolisiert die Verbindung zwischen Himmel und Erde ...","og_url":"https:\/\/www.rememberme-forever.com\/de\/produkt\/wunderschoene-hoelzerne-kremationsurne-fuer-erwachsene\/","og_site_name":"Remember Forever","article_modified_time":"2026-03-03T10:48:26+00:00","og_image":[{"width":1007,"height":1024,"url":"http:\/\/www.rememberme-forever.com\/wp-content\/uploads\/2023\/04\/img_2D_0004-6.jpg","type":"image\/jpeg"}],"twitter_card":"summary_large_image","twitter_misc":{"Gesch\u00e4tzte Lesezeit":"2\u00a0Minute"},"schema":{"@context":"https:\/\/schema.org","@graph":[{"@type":"WebPage","@id":"https:\/\/www.rememberme-forever.com\/de\/produkt\/wunderschoene-hoelzerne-kremationsurne-fuer-erwachsene\/","url":"https:\/\/www.rememberme-forever.com\/de\/produkt\/wunderschoene-hoelzerne-kremationsurne-fuer-erwachsene\/","name":"","isPartOf":{"@id":"https:\/\/www.rememberme-forever.com\/de\/#website"},"primaryImageOfPage":{"@id":"https:\/\/www.rememberme-forever.com\/de\/produkt\/wunderschoene-hoelzerne-kremationsurne-fuer-erwachsene\/#primaryimage"},"image":{"@id":"https:\/\/www.rememberme-forever.com\/de\/produkt\/wunderschoene-hoelzerne-kremationsurne-fuer-erwachsene\/#primaryimage"},"thumbnailUrl":"https:\/\/www.rememberme-forever.com\/wp-content\/uploads\/2023\/04\/img_2D_0004-6.jpg","datePublished":"2023-04-20T07:02:46+00:00","dateModified":"2026-03-03T10:48:26+00:00","description":"Unsere wundersch\u00f6ne h\u00f6lzerne Kremationsurne f\u00fcr Erwachsene ist eine beeindruckende W\u00fcrdigung eines erf\u00fcllten Lebens. Die filigrane Schnitzerei des Lebensbaums symbolisiert die Verbindung zwischen Himmel und Erde ...","breadcrumb":{"@id":"https:\/\/www.rememberme-forever.com\/de\/produkt\/wunderschoene-hoelzerne-kremationsurne-fuer-erwachsene\/#breadcrumb"},"inLanguage":"de","potentialAction":[{"@type":"ReadAction","target":["https:\/\/www.rememberme-forever.com\/de\/produkt\/wunderschoene-hoelzerne-kremationsurne-fuer-erwachsene\/"]}]},{"@type":"ImageObject","inLanguage":"de","@id":"https:\/\/www.rememberme-forever.com\/de\/produkt\/wunderschoene-hoelzerne-kremationsurne-fuer-erwachsene\/#primaryimage","url":"https:\/\/www.rememberme-forever.com\/wp-content\/uploads\/2023\/04\/img_2D_0004-6.jpg","contentUrl":"https:\/\/www.rememberme-forever.com\/wp-content\/uploads\/2023\/04\/img_2D_0004-6.jpg","width":1007,"height":1024,"caption":"Wundersch\u00f6ne Urne aus Holz f\u00fcr Erwachsene"},{"@type":"BreadcrumbList","@id":"https:\/\/www.rememberme-forever.com\/de\/produkt\/wunderschoene-hoelzerne-kremationsurne-fuer-erwachsene\/#breadcrumb","itemListElement":[{"@type":"ListItem","position":1,"name":"Home","item":"https:\/\/www.rememberme-forever.com\/de\/startseite\/"},{"@type":"ListItem","position":2,"name":"Shop","item":"https:\/\/www.rememberme-forever.com\/de\/shop\/"},{"@type":"ListItem","position":3,"name":"Wundersch\u00f6ne h\u00f6lzerne Kremationsurne f\u00fcr Erwachsene"}]},{"@type":"WebSite","@id":"https:\/\/www.rememberme-forever.com\/de\/#website","url":"https:\/\/www.rememberme-forever.com\/de\/","name":"Remember Forever","description":"Cremation urns, funeral urns, urns for ashes","publisher":{"@id":"https:\/\/www.rememberme-forever.com\/de\/#organization"},"potentialAction":[{"@type":"SearchAction","target":{"@type":"EntryPoint","urlTemplate":"https:\/\/www.rememberme-forever.com\/de\/?s={search_term_string}"},"query-input":{"@type":"PropertyValueSpecification","valueRequired":true,"valueName":"search_term_string"}}],"inLanguage":"de"},{"@type":"Organization","@id":"https:\/\/www.rememberme-forever.com\/de\/#organization","name":"Remember Forever","url":"https:\/\/www.rememberme-forever.com\/de\/","logo":{"@type":"ImageObject","inLanguage":"de","@id":"https:\/\/www.rememberme-forever.com\/de\/#\/schema\/logo\/image\/","url":"https:\/\/www.rememberme-forever.com\/wp-content\/uploads\/2023\/02\/logo.png","contentUrl":"https:\/\/www.rememberme-forever.com\/wp-content\/uploads\/2023\/02\/logo.png","width":300,"height":56,"caption":"Remember Forever"},"image":{"@id":"https:\/\/www.rememberme-forever.com\/de\/#\/schema\/logo\/image\/"}}]}},"acf":[],"_links":{"self":[{"href":"https:\/\/www.rememberme-forever.com\/de\/wp-json\/wp\/v2\/product\/26869","targetHints":{"allow":["GET"]}}],"collection":[{"href":"https:\/\/www.rememberme-forever.com\/de\/wp-json\/wp\/v2\/product"}],"about":[{"href":"https:\/\/www.rememberme-forever.com\/de\/wp-json\/wp\/v2\/types\/product"}],"wp:featuredmedia":[{"embeddable":true,"href":"https:\/\/www.rememberme-forever.com\/de\/wp-json\/wp\/v2\/media\/26493"}],"wp:attachment":[{"href":"https:\/\/www.rememberme-forever.com\/de\/wp-json\/wp\/v2\/media?parent=26869"}],"wp:term":[{"taxonomy":"product_brand","embeddable":true,"href":"https:\/\/www.rememberme-forever.com\/de\/wp-json\/wp\/v2\/product_brand?post=26869"},{"taxonomy":"product_cat","embeddable":true,"href":"https:\/\/www.rememberme-forever.com\/de\/wp-json\/wp\/v2\/product_cat?post=26869"},{"taxonomy":"product_tag","embeddable":true,"href":"https:\/\/www.rememberme-forever.com\/de\/wp-json\/wp\/v2\/product_tag?post=26869"}],"curies":[{"name":"wp","href":"https:\/\/api.w.org\/{rel}","templated":true}]}}