{"id":27037,"date":"2026-03-04T08:41:21","date_gmt":"2026-03-04T07:41:21","guid":{"rendered":"https:\/\/www.rememberme-forever.com\/product\/massivholz-urne-fuer-asche-holz-kremationsurne-fuer-erwachsene\/"},"modified":"2026-03-04T08:41:21","modified_gmt":"2026-03-04T07:41:21","slug":"massivholz-urne-fuer-asche-holz-kremationsurne-fuer-erwachsene","status":"publish","type":"product","link":"https:\/\/www.rememberme-forever.com\/de\/produkt\/massivholz-urne-fuer-asche-holz-kremationsurne-fuer-erwachsene\/","title":{"rendered":"Massivholz-Urne f\u00fcr Asche \u2013 Holz-Kremationsurne f\u00fcr Erwachsene"},"content":{"rendered":"<section class=\"section\">\n<div class=\"item item-12\">\n<section class=\"text-item\">\n<p style=\"text-align: center;\" data-start=\"186\" data-end=\"415\"><span style=\"font-size: 14px; font-weight: normal; color: #000000;\">Gedenken Sie einem geliebten Leben mit dieser <span data-start=\"225\" data-end=\"287\">Kremationsurne in Erwachsenengr\u00f6\u00dfe, handgefertigt aus massivem Buchenholz<\/span>. Durchdacht gestaltet, um eine w\u00fcrdevolle und dauerhafte Ruhest\u00e4tte zu bieten, verbindet diese Urne zeitlose Eleganz mit nat\u00fcrlicher W\u00e4rme. <\/span><\/p>\n<p style=\"text-align: center;\" data-start=\"417\" data-end=\"698\"><span style=\"font-size: 14px; font-weight: normal; color: #000000;\">Jede Urne wird fachm\u00e4nnisch aus hochwertigem massivem Buchenholz gefertigt und hebt die einzigartigen Maserungen und satten Farbt\u00f6ne hervor, die jedes St\u00fcck zu einem Unikat machen. Die glatte, raffinierte Silhouette schafft eine moderne und doch klassische Pr\u00e4senz, passend f\u00fcr traditionelle und zeitgen\u00f6ssische Gedenkst\u00e4tten. <\/span><\/p>\n<p style=\"text-align: center;\" data-start=\"700\" data-end=\"971\"><span style=\"font-size: 14px; font-weight: normal; color: #000000;\">Ein pr\u00e4zise sitzender Deckel sorgt daf\u00fcr, dass die Asche sicher und gesch\u00fctzt bleibt, und gibt Ihnen Seelenfrieden, w\u00e4hrend Sie Ihrem geliebten Menschen mit Respekt und Sorgfalt gedenken. Ihr schlichtes Design erm\u00f6glicht eine w\u00fcrdevolle Pr\u00e4sentation zu Hause, bei Gedenkfeiern oder in einem Kolumbarium. <\/span><\/p>\n<p style=\"text-align: center;\" data-start=\"973\" data-end=\"1124\"><span style=\"font-size: 14px; font-weight: normal; color: #000000;\">Stark, langlebig und von nat\u00fcrlicher Sch\u00f6nheit symbolisiert Buchenholz Widerstandsf\u00e4higkeit und Erinnerung \u2013 was diese Urne zu einer bedeutungsvollen Hommage an ein erf\u00fclltes Leben macht.<\/span><\/p>\n<p style=\"text-align: center;\" data-start=\"1126\" data-end=\"1287\"><span style=\"font-size: 14px; font-weight: normal; color: #000000;\">Eine ideale Wahl f\u00fcr diejenigen, die eine <span data-start=\"1162\" data-end=\"1194\">nat\u00fcrliche Holzurne f\u00fcr Asche<\/span>, ein minimalistisches Gedenkst\u00fcck oder ein handgefertigtes Kondolenzgeschenk suchen, das W\u00fcrde und Liebe widerspiegelt.<\/span><\/p>\n<\/section>\n<\/div>\n<\/section>\n","protected":false},"excerpt":{"rendered":"<p>Gedenken Sie einem geliebten Leben mit dieser Kremationsurne in Erwachsenengr\u00f6\u00dfe, handgefertigt aus massivem Buchenholz. Durchdacht gestaltet, um eine w\u00fcrdevolle und dauerhafte Ruhest\u00e4tte zu bieten, verbindet&#8230;<\/p>\n","protected":false},"featured_media":27012,"template":"","meta":{"_acf_changed":false},"product_brand":[],"product_cat":[2327],"product_tag":[3305],"class_list":{"0":"post-27037","1":"product","2":"type-product","3":"status-publish","4":"has-post-thumbnail","6":"product_cat-holz-urnen","7":"product_tag-gpsr-all-wood-urns","8":"product_shipping_class-2-4kg","10":"first","11":"instock","12":"taxable","13":"shipping-taxable","14":"purchasable","15":"product-type-simple"},"yoast_head":"<!-- This site is optimized with the Yoast SEO plugin v27.4 - https:\/\/yoast.com\/product\/yoast-seo-wordpress\/ -->\n<title>Massivholz-Urne f\u00fcr Asche \u2013 Holz-Kremationsurne f\u00fcr Erwachsene - Remember Forever<\/title>\n<meta name=\"robots\" content=\"index, follow, max-snippet:-1, max-image-preview:large, max-video-preview:-1\" \/>\n<link rel=\"canonical\" href=\"https:\/\/www.rememberme-forever.com\/de\/produkt\/massivholz-urne-fuer-asche-holz-kremationsurne-fuer-erwachsene\/\" \/>\n<meta property=\"og:locale\" content=\"de_DE\" \/>\n<meta property=\"og:type\" content=\"article\" \/>\n<meta property=\"og:title\" content=\"Massivholz-Urne f\u00fcr Asche \u2013 Holz-Kremationsurne f\u00fcr Erwachsene - Remember Forever\" \/>\n<meta property=\"og:description\" content=\"Gedenken Sie einem geliebten Leben mit dieser Kremationsurne in Erwachsenengr\u00f6\u00dfe, handgefertigt aus massivem Buchenholz. Durchdacht gestaltet, um eine w\u00fcrdevolle und dauerhafte Ruhest\u00e4tte zu bieten, verbindet...\" \/>\n<meta property=\"og:url\" content=\"https:\/\/www.rememberme-forever.com\/de\/produkt\/massivholz-urne-fuer-asche-holz-kremationsurne-fuer-erwachsene\/\" \/>\n<meta property=\"og:site_name\" content=\"Remember Forever\" \/>\n<meta property=\"og:image\" content=\"https:\/\/www.rememberme-forever.com\/wp-content\/uploads\/2026\/03\/wooden-cremation-urn-for-adult_0001.jpg\" \/>\n\t<meta property=\"og:image:width\" content=\"1007\" \/>\n\t<meta property=\"og:image:height\" content=\"1024\" \/>\n\t<meta property=\"og:image:type\" content=\"image\/jpeg\" \/>\n<meta name=\"twitter:card\" content=\"summary_large_image\" \/>\n<meta name=\"twitter:label1\" content=\"Gesch\u00e4tzte Lesezeit\" \/>\n\t<meta name=\"twitter:data1\" content=\"1\u00a0Minute\" \/>\n<script type=\"application\/ld+json\" class=\"yoast-schema-graph\">{\"@context\":\"https:\\\/\\\/schema.org\",\"@graph\":[{\"@type\":\"WebPage\",\"@id\":\"https:\\\/\\\/www.rememberme-forever.com\\\/de\\\/produkt\\\/massivholz-urne-fuer-asche-holz-kremationsurne-fuer-erwachsene\\\/\",\"url\":\"https:\\\/\\\/www.rememberme-forever.com\\\/de\\\/produkt\\\/massivholz-urne-fuer-asche-holz-kremationsurne-fuer-erwachsene\\\/\",\"name\":\"Massivholz-Urne f\u00fcr Asche \u2013 Holz-Kremationsurne f\u00fcr Erwachsene - Remember Forever\",\"isPartOf\":{\"@id\":\"https:\\\/\\\/www.rememberme-forever.com\\\/de\\\/#website\"},\"primaryImageOfPage\":{\"@id\":\"https:\\\/\\\/www.rememberme-forever.com\\\/de\\\/produkt\\\/massivholz-urne-fuer-asche-holz-kremationsurne-fuer-erwachsene\\\/#primaryimage\"},\"image\":{\"@id\":\"https:\\\/\\\/www.rememberme-forever.com\\\/de\\\/produkt\\\/massivholz-urne-fuer-asche-holz-kremationsurne-fuer-erwachsene\\\/#primaryimage\"},\"thumbnailUrl\":\"https:\\\/\\\/www.rememberme-forever.com\\\/wp-content\\\/uploads\\\/2026\\\/03\\\/wooden-cremation-urn-for-adult_0001.jpg\",\"datePublished\":\"2026-03-04T07:41:21+00:00\",\"breadcrumb\":{\"@id\":\"https:\\\/\\\/www.rememberme-forever.com\\\/de\\\/produkt\\\/massivholz-urne-fuer-asche-holz-kremationsurne-fuer-erwachsene\\\/#breadcrumb\"},\"inLanguage\":\"de\",\"potentialAction\":[{\"@type\":\"ReadAction\",\"target\":[\"https:\\\/\\\/www.rememberme-forever.com\\\/de\\\/produkt\\\/massivholz-urne-fuer-asche-holz-kremationsurne-fuer-erwachsene\\\/\"]}]},{\"@type\":\"ImageObject\",\"inLanguage\":\"de\",\"@id\":\"https:\\\/\\\/www.rememberme-forever.com\\\/de\\\/produkt\\\/massivholz-urne-fuer-asche-holz-kremationsurne-fuer-erwachsene\\\/#primaryimage\",\"url\":\"https:\\\/\\\/www.rememberme-forever.com\\\/wp-content\\\/uploads\\\/2026\\\/03\\\/wooden-cremation-urn-for-adult_0001.jpg\",\"contentUrl\":\"https:\\\/\\\/www.rememberme-forever.com\\\/wp-content\\\/uploads\\\/2026\\\/03\\\/wooden-cremation-urn-for-adult_0001.jpg\",\"width\":1007,\"height\":1024,\"caption\":\"Holz-Kremationsurne f\u00fcr Erwachsene \u2013 handgefertigte Massivholz-Gedenkurne Vorderansicht\"},{\"@type\":\"BreadcrumbList\",\"@id\":\"https:\\\/\\\/www.rememberme-forever.com\\\/de\\\/produkt\\\/massivholz-urne-fuer-asche-holz-kremationsurne-fuer-erwachsene\\\/#breadcrumb\",\"itemListElement\":[{\"@type\":\"ListItem\",\"position\":1,\"name\":\"Home\",\"item\":\"https:\\\/\\\/www.rememberme-forever.com\\\/de\\\/startseite\\\/\"},{\"@type\":\"ListItem\",\"position\":2,\"name\":\"Shop\",\"item\":\"https:\\\/\\\/www.rememberme-forever.com\\\/de\\\/shop\\\/\"},{\"@type\":\"ListItem\",\"position\":3,\"name\":\"Massivholz-Urne f\u00fcr Asche \u2013 Holz-Kremationsurne f\u00fcr Erwachsene\"}]},{\"@type\":\"WebSite\",\"@id\":\"https:\\\/\\\/www.rememberme-forever.com\\\/de\\\/#website\",\"url\":\"https:\\\/\\\/www.rememberme-forever.com\\\/de\\\/\",\"name\":\"Remember Forever\",\"description\":\"Cremation urns, funeral urns, urns for ashes\",\"publisher\":{\"@id\":\"https:\\\/\\\/www.rememberme-forever.com\\\/de\\\/#organization\"},\"potentialAction\":[{\"@type\":\"SearchAction\",\"target\":{\"@type\":\"EntryPoint\",\"urlTemplate\":\"https:\\\/\\\/www.rememberme-forever.com\\\/de\\\/?s={search_term_string}\"},\"query-input\":{\"@type\":\"PropertyValueSpecification\",\"valueRequired\":true,\"valueName\":\"search_term_string\"}}],\"inLanguage\":\"de\"},{\"@type\":\"Organization\",\"@id\":\"https:\\\/\\\/www.rememberme-forever.com\\\/de\\\/#organization\",\"name\":\"Remember Forever\",\"url\":\"https:\\\/\\\/www.rememberme-forever.com\\\/de\\\/\",\"logo\":{\"@type\":\"ImageObject\",\"inLanguage\":\"de\",\"@id\":\"https:\\\/\\\/www.rememberme-forever.com\\\/de\\\/#\\\/schema\\\/logo\\\/image\\\/\",\"url\":\"https:\\\/\\\/www.rememberme-forever.com\\\/wp-content\\\/uploads\\\/2023\\\/02\\\/logo.png\",\"contentUrl\":\"https:\\\/\\\/www.rememberme-forever.com\\\/wp-content\\\/uploads\\\/2023\\\/02\\\/logo.png\",\"width\":300,\"height\":56,\"caption\":\"Remember Forever\"},\"image\":{\"@id\":\"https:\\\/\\\/www.rememberme-forever.com\\\/de\\\/#\\\/schema\\\/logo\\\/image\\\/\"}}]}<\/script>\n<!-- \/ Yoast SEO plugin. -->","yoast_head_json":{"title":"Massivholz-Urne f\u00fcr Asche \u2013 Holz-Kremationsurne f\u00fcr Erwachsene - Remember Forever","robots":{"index":"index","follow":"follow","max-snippet":"max-snippet:-1","max-image-preview":"max-image-preview:large","max-video-preview":"max-video-preview:-1"},"canonical":"https:\/\/www.rememberme-forever.com\/de\/produkt\/massivholz-urne-fuer-asche-holz-kremationsurne-fuer-erwachsene\/","og_locale":"de_DE","og_type":"article","og_title":"Massivholz-Urne f\u00fcr Asche \u2013 Holz-Kremationsurne f\u00fcr Erwachsene - Remember Forever","og_description":"Gedenken Sie einem geliebten Leben mit dieser Kremationsurne in Erwachsenengr\u00f6\u00dfe, handgefertigt aus massivem Buchenholz. Durchdacht gestaltet, um eine w\u00fcrdevolle und dauerhafte Ruhest\u00e4tte zu bieten, verbindet...","og_url":"https:\/\/www.rememberme-forever.com\/de\/produkt\/massivholz-urne-fuer-asche-holz-kremationsurne-fuer-erwachsene\/","og_site_name":"Remember Forever","og_image":[{"width":1007,"height":1024,"url":"https:\/\/www.rememberme-forever.com\/wp-content\/uploads\/2026\/03\/wooden-cremation-urn-for-adult_0001.jpg","type":"image\/jpeg"}],"twitter_card":"summary_large_image","twitter_misc":{"Gesch\u00e4tzte Lesezeit":"1\u00a0Minute"},"schema":{"@context":"https:\/\/schema.org","@graph":[{"@type":"WebPage","@id":"https:\/\/www.rememberme-forever.com\/de\/produkt\/massivholz-urne-fuer-asche-holz-kremationsurne-fuer-erwachsene\/","url":"https:\/\/www.rememberme-forever.com\/de\/produkt\/massivholz-urne-fuer-asche-holz-kremationsurne-fuer-erwachsene\/","name":"Massivholz-Urne f\u00fcr Asche \u2013 Holz-Kremationsurne f\u00fcr Erwachsene - Remember Forever","isPartOf":{"@id":"https:\/\/www.rememberme-forever.com\/de\/#website"},"primaryImageOfPage":{"@id":"https:\/\/www.rememberme-forever.com\/de\/produkt\/massivholz-urne-fuer-asche-holz-kremationsurne-fuer-erwachsene\/#primaryimage"},"image":{"@id":"https:\/\/www.rememberme-forever.com\/de\/produkt\/massivholz-urne-fuer-asche-holz-kremationsurne-fuer-erwachsene\/#primaryimage"},"thumbnailUrl":"https:\/\/www.rememberme-forever.com\/wp-content\/uploads\/2026\/03\/wooden-cremation-urn-for-adult_0001.jpg","datePublished":"2026-03-04T07:41:21+00:00","breadcrumb":{"@id":"https:\/\/www.rememberme-forever.com\/de\/produkt\/massivholz-urne-fuer-asche-holz-kremationsurne-fuer-erwachsene\/#breadcrumb"},"inLanguage":"de","potentialAction":[{"@type":"ReadAction","target":["https:\/\/www.rememberme-forever.com\/de\/produkt\/massivholz-urne-fuer-asche-holz-kremationsurne-fuer-erwachsene\/"]}]},{"@type":"ImageObject","inLanguage":"de","@id":"https:\/\/www.rememberme-forever.com\/de\/produkt\/massivholz-urne-fuer-asche-holz-kremationsurne-fuer-erwachsene\/#primaryimage","url":"https:\/\/www.rememberme-forever.com\/wp-content\/uploads\/2026\/03\/wooden-cremation-urn-for-adult_0001.jpg","contentUrl":"https:\/\/www.rememberme-forever.com\/wp-content\/uploads\/2026\/03\/wooden-cremation-urn-for-adult_0001.jpg","width":1007,"height":1024,"caption":"Holz-Kremationsurne f\u00fcr Erwachsene \u2013 handgefertigte Massivholz-Gedenkurne Vorderansicht"},{"@type":"BreadcrumbList","@id":"https:\/\/www.rememberme-forever.com\/de\/produkt\/massivholz-urne-fuer-asche-holz-kremationsurne-fuer-erwachsene\/#breadcrumb","itemListElement":[{"@type":"ListItem","position":1,"name":"Home","item":"https:\/\/www.rememberme-forever.com\/de\/startseite\/"},{"@type":"ListItem","position":2,"name":"Shop","item":"https:\/\/www.rememberme-forever.com\/de\/shop\/"},{"@type":"ListItem","position":3,"name":"Massivholz-Urne f\u00fcr Asche \u2013 Holz-Kremationsurne f\u00fcr Erwachsene"}]},{"@type":"WebSite","@id":"https:\/\/www.rememberme-forever.com\/de\/#website","url":"https:\/\/www.rememberme-forever.com\/de\/","name":"Remember Forever","description":"Cremation urns, funeral urns, urns for ashes","publisher":{"@id":"https:\/\/www.rememberme-forever.com\/de\/#organization"},"potentialAction":[{"@type":"SearchAction","target":{"@type":"EntryPoint","urlTemplate":"https:\/\/www.rememberme-forever.com\/de\/?s={search_term_string}"},"query-input":{"@type":"PropertyValueSpecification","valueRequired":true,"valueName":"search_term_string"}}],"inLanguage":"de"},{"@type":"Organization","@id":"https:\/\/www.rememberme-forever.com\/de\/#organization","name":"Remember Forever","url":"https:\/\/www.rememberme-forever.com\/de\/","logo":{"@type":"ImageObject","inLanguage":"de","@id":"https:\/\/www.rememberme-forever.com\/de\/#\/schema\/logo\/image\/","url":"https:\/\/www.rememberme-forever.com\/wp-content\/uploads\/2023\/02\/logo.png","contentUrl":"https:\/\/www.rememberme-forever.com\/wp-content\/uploads\/2023\/02\/logo.png","width":300,"height":56,"caption":"Remember Forever"},"image":{"@id":"https:\/\/www.rememberme-forever.com\/de\/#\/schema\/logo\/image\/"}}]}},"acf":[],"_links":{"self":[{"href":"https:\/\/www.rememberme-forever.com\/de\/wp-json\/wp\/v2\/product\/27037","targetHints":{"allow":["GET"]}}],"collection":[{"href":"https:\/\/www.rememberme-forever.com\/de\/wp-json\/wp\/v2\/product"}],"about":[{"href":"https:\/\/www.rememberme-forever.com\/de\/wp-json\/wp\/v2\/types\/product"}],"wp:featuredmedia":[{"embeddable":true,"href":"https:\/\/www.rememberme-forever.com\/de\/wp-json\/wp\/v2\/media\/27012"}],"wp:attachment":[{"href":"https:\/\/www.rememberme-forever.com\/de\/wp-json\/wp\/v2\/media?parent=27037"}],"wp:term":[{"taxonomy":"product_brand","embeddable":true,"href":"https:\/\/www.rememberme-forever.com\/de\/wp-json\/wp\/v2\/product_brand?post=27037"},{"taxonomy":"product_cat","embeddable":true,"href":"https:\/\/www.rememberme-forever.com\/de\/wp-json\/wp\/v2\/product_cat?post=27037"},{"taxonomy":"product_tag","embeddable":true,"href":"https:\/\/www.rememberme-forever.com\/de\/wp-json\/wp\/v2\/product_tag?post=27037"}],"curies":[{"name":"wp","href":"https:\/\/api.w.org\/{rel}","templated":true}]}}