{"id":27093,"date":"2026-03-04T10:26:10","date_gmt":"2026-03-04T09:26:10","guid":{"rendered":"https:\/\/www.rememberme-forever.com\/product\/runde-holzurne-b-ware\/"},"modified":"2026-03-04T11:01:28","modified_gmt":"2026-03-04T10:01:28","slug":"runde-holzurne-b-ware","status":"publish","type":"product","link":"https:\/\/www.rememberme-forever.com\/de\/produkt\/runde-holzurne-b-ware\/","title":{"rendered":"Runde Holzurne (B-Ware)"},"content":{"rendered":"<section class=\"section\">\n<div class=\"item item-12\">\n<section class=\"text-item\">\n<p style=\"text-align: center;\"><span style=\"font-size: 14px; color: #000000;\">Wir pr\u00e4sentieren unsere elegante <strong>Holzurne Grad B<\/strong>, eine sch\u00f6ne und nat\u00fcrliche Art, das Andenken an Ihren geliebten Menschen zu ehren. <\/span><\/p>\n<p style=\"text-align: center;\"><span style=\"font-size: 14px; color: #000000;\"><span style=\"font-family: Montserrat, sans-serif;\">Die Eleganz und Schlichtheit dieser kugelf\u00f6rmigen Holzurne wird durch den markanten Goldring unterstrichen, der sie umschlie\u00dft. Diese <\/span><span style=\"font-family: Montserrat, sans-serif; font-weight: bolder;\"> Runde Urne<\/span> <span style=\"font-family: Montserrat, sans-serif;\">bietet eine sch\u00f6ne und w\u00fcrdevolle letzte Ruhest\u00e4tte f\u00fcr Ihre Angeh\u00f6rigen.<\/span><\/span><\/p>\n<p style=\"margin-top: 6px; margin-bottom: 6px; font-family: Montserrat, sans-serif; text-align: center;\"><span style=\"font-size: 14px; color: #000000;\">Die aus hochwertigem Holz gefertigte Kugelurne verf\u00fcgt \u00fcber eine \u00d6ffnung an der Unterseite, die das Einf\u00fcllen der Asche erleichtert. Die glatte Holzoberfl\u00e4che ist perfekt verarbeitet und verleiht ihr eine warme und einladende Ausstrahlung. <\/span><\/p>\n<p style=\"margin-top: 6px; margin-bottom: 6px; font-family: Montserrat, sans-serif; text-align: center;\"><span style=\"font-size: 14px; color: #000000;\">Der Goldring, der die Urne umgibt, verleiht ihr einen Hauch von Luxus und Eleganz. Er erinnert an die kostbaren Erinnerungen und die unverg\u00e4ngliche Liebe, die f\u00fcr immer in Ehren gehalten werden. <\/span><\/p>\n<p style=\"margin-top: 6px; margin-bottom: 6px; font-family: Montserrat, sans-serif; text-align: center;\"><span style=\"font-size: 14px; color: #000000;\">Die separat auf dem Plexiglas anzubringende Gedenktafel bietet eine pers\u00f6nliche M\u00f6glichkeit, dem Verstorbenen zu gedenken. Sie kann mit einer besonderen Botschaft, einem Namen oder einem wichtigen Datum graviert werden und macht die Urne so zu einem wahrhaft einzigartigen und wundersch\u00f6nen Andenken. <\/span><\/p>\n<p style=\"text-align: center;\"><span style=\"font-size: 14px; color: #000000;\"> Urne mit geringf\u00fcgigen optischen M\u00e4ngeln zum reduzierten Preis.<\/span><\/p>\n<p style=\"text-align: center;\"><strong><span style=\"font-size: 14px; color: #000000;\">Die Auktion gilt nur f\u00fcr den auf den Fotos gezeigten Artikel.<\/span><\/strong><\/p>\n<p>&nbsp;<\/p>\n<p>&nbsp;<\/p>\n<p style=\"text-align: center;\"><strong><span style=\"font-size: 14px; color: #000000;\">WICHTIG<\/span><\/strong><\/p>\n<p style=\"text-align: center;\"><span style=\"font-size: 14px; color: #000000;\">Reduzierte Urnen sind Urnen mit unwesentlichen optischen M\u00e4ngeln, die durch den Produktionsprozess entstanden sind. Wir legen gro\u00dfen Wert auf die hohe Qualit\u00e4t unserer Produkte, daher werden Urnen mit solchen geringf\u00fcgigen M\u00e4ngeln zu einem entsprechend reduzierten Preis angeboten. Kleine optische M\u00e4ngel sind rein \u00e4sthetischer Natur und beeintr\u00e4chtigen weder die Dichtigkeit, Stabilit\u00e4t noch die ordnungsgem\u00e4\u00dfe Verwendung der Urne. <\/span><\/p>\n<p style=\"text-align: center;\"><span style=\"font-size: 14px; color: #000000;\">Um sicher in Ihrer Kaufentscheidung zu sein, lesen Sie bitte die ausf\u00fchrliche Beschreibung und die Fotodokumentation, die den Mangel im Detail zeigt. Sollten Sie weitere Fragen zum Zustand Ihrer Urne haben, z\u00f6gern Sie bitte nicht, uns zu kontaktieren. <\/span><\/p>\n<p style=\"text-align: center;\"><span style=\"font-size: 14px; color: #000000;\"><span class=\"sp-attr-label-sn\"><span style=\"font-weight: 600;\">\u00d6ffnung:<\/span> Unten<\/span><\/span><\/p>\n<p>&nbsp;<\/p>\n<p>&nbsp;<\/p>\n<p style=\"text-align: center;\"><em><span style=\"font-size: 14px; color: #000000;\"><strong>Schadensbeschreibung<\/strong> <\/span><\/em><\/p>\n<p style=\"text-align: center;\"><em><span style=\"font-size: 14px; color: #000000;\">Der Artikel weist einen Riss an der Oberseite auf. Der Riss beeintr\u00e4chtigt nicht die Dichtigkeit der Urne. Dies ist nur ein optischer Mangel. Die Urne erm\u00f6glicht es Ihnen, die Asche in einem Plastikbeutel zu platzieren, der die Asche zus\u00e4tzlich sch\u00fctzt. Bitte sehen Sie sich die detaillierte Fotodokumentation an. <\/span><\/em><\/p>\n<p>&nbsp;<\/p>\n<div style=\"text-align: center;\">\n<div class=\"sp-attr-row-sn\"><\/div>\n<\/div>\n<\/section>\n<\/div>\n<\/section>\n<section class=\"section\">\n<div class=\"item item-12\">\n<section class=\"text-item\">\n<p class=\"MsoNormal\" style=\"text-align: center; margin-bottom: 7.5pt; line-height: 15.75pt; background-image: initial; background-position: initial; background-size: initial; background-repeat: initial; background-attachment: initial;\"><b><span style=\"font-size: 10pt; font-family: Helvetica, sans-serif;\">\u25ba PERSONALISIERUNG \u25c4<\/span><\/b><\/p>\n<ul type=\"disc\">\n<li class=\"MsoNormal\" style=\"text-align: center; line-height: normal; background-image: initial; background-position: initial; background-size: initial; background-repeat: initial; background-attachment: initial;\"><span lang=\"EN-US\" style=\"font-size: 10.5pt;\">Wenn Sie eine personalisierte Plakette w\u00e4hlen, geben Sie den Text bitte an der entsprechenden Stelle ein oder senden Sie uns eine Nachricht.<\/span><\/li>\n<li class=\"MsoNormal\" style=\"text-align: center; line-height: normal; background-image: initial; background-position: initial; background-size: initial; background-repeat: initial; background-attachment: initial;\"><span lang=\"EN-US\" style=\"font-size: 10.5pt;\">Die personalisierte Gedenktafel muss w\u00e4hrend des Bestellvorgangs personalisiert werden. (Keine Sorge, falls Sie es vergessen, Sie k\u00f6nnen uns sp\u00e4ter jederzeit eine Nachricht senden.) <\/span><\/li>\n<\/ul>\n<p class=\"MsoNormal\" style=\"text-align: center; margin-bottom: 7.5pt; line-height: 15.75pt; background-image: initial; background-position: initial; background-size: initial; background-repeat: initial; background-attachment: initial;\"><b><span lang=\"EN-US\" style=\"font-size: 10pt; font-family: Helvetica, sans-serif;\">Die Textbeschr\u00e4nkungen lauten wie folgt:<\/span><\/b><\/p>\n<ul type=\"disc\">\n<li class=\"MsoNormal\" style=\"text-align: center; line-height: normal; background-image: initial; background-position: initial; background-size: initial; background-repeat: initial; background-attachment: initial;\"><span style=\"font-size: 10.5pt;\">Name(n) bis zu 35 Zeichen<\/span><\/li>\n<li class=\"MsoNormal\" style=\"text-align: center; line-height: normal; background-image: initial; background-position: initial; background-size: initial; background-repeat: initial; background-attachment: initial;\"><span lang=\"EN-US\" style=\"font-size: 10.5pt;\">Geburts- und Sterbedatum bis zu 35 Zeichen<\/span><\/li>\n<li class=\"MsoNormal\" style=\"text-align: center; line-height: normal; background-image: initial; background-position: initial; background-size: initial; background-repeat: initial; background-attachment: initial;\"><span style=\"font-size: 10.5pt;\">Dritte Zeile bis zu 35 Zeichen<\/span><\/li>\n<li class=\"MsoNormal\" style=\"text-align: center; line-height: normal; background-image: initial; background-position: initial; background-size: initial; background-repeat: initial; background-attachment: initial;\"><span style=\"font-size: 10.5pt;\">Vierte Zeile: bis zu 35 Zeichen<\/span><\/li>\n<li class=\"MsoNormal\" style=\"text-align: center; line-height: normal; background-image: initial; background-position: initial; background-size: initial; background-repeat: initial; background-attachment: initial;\"><span style=\"font-size: 10.5pt;\">F\u00fcnfte Zeile: bis zu 35 Zeichen<\/span><\/li>\n<\/ul>\n<p class=\"MsoNormal\" style=\"text-align: center; margin-bottom: 7.5pt; line-height: 15.75pt; background-image: initial; background-position: initial; background-size: initial; background-repeat: initial; background-attachment: initial;\"><b><span lang=\"EN-US\" style=\"font-size: 10pt; font-family: Helvetica, sans-serif;\">Bitte \u00fcberpr\u00fcfen Sie den Gravurtext, bevor Sie das Produkt in den Warenkorb legen. Wir kopieren und gravieren genau die Informationen, die wir mit der Bestellung erhalten, und nehmen keine \u00c4nderungen vor. <\/span><\/b><\/p>\n<ul type=\"disc\">\n<li class=\"MsoNormal\" style=\"text-align: center; line-height: normal; background-image: initial; background-position: initial; background-size: initial; background-repeat: initial; background-attachment: initial;\"><span lang=\"EN-US\" style=\"font-size: 10.5pt;\">\u00dcberpr\u00fcfen Sie den Text auf korrekte Schreibweise.<\/span><\/li>\n<li class=\"MsoNormal\" style=\"text-align: center; line-height: normal; background-image: initial; background-position: initial; background-size: initial; background-repeat: initial; background-attachment: initial;\">Geben Sie KEINE Gravurinformationen ein, wenn Sie die Option \u201eUrne ohne Plakette\u201c w\u00e4hlen.<\/li>\n<\/ul>\n<p class=\"MsoNormal\" style=\"text-align: center; margin-left: 36pt; line-height: normal; background-image: initial; background-position: initial; background-size: initial; background-repeat: initial; background-attachment: initial;\">\n<\/section>\n<\/div>\n<\/section>\n","protected":false},"excerpt":{"rendered":"<p>Wir pr\u00e4sentieren unsere elegante Holzurne Grad B, eine sch\u00f6ne und nat\u00fcrliche Art, das Andenken an Ihren geliebten Menschen zu ehren. Die Eleganz und Schlichtheit dieser&#8230;<\/p>\n","protected":false},"featured_media":27080,"template":"","meta":{"_acf_changed":false},"product_brand":[],"product_cat":[2337],"product_tag":[3305],"class_list":{"0":"post-27093","1":"product","2":"type-product","3":"status-publish","4":"has-post-thumbnail","6":"product_cat-urnen-zum-sonderpreis","7":"product_tag-gpsr-all-wood-urns","8":"product_shipping_class-2-4kg","10":"first","11":"instock","12":"sale","13":"taxable","14":"shipping-taxable","15":"purchasable","16":"product-type-simple"},"yoast_head":"<!-- This site is optimized with the Yoast SEO plugin v27.4 - https:\/\/yoast.com\/product\/yoast-seo-wordpress\/ -->\n<title>Runde Holzurne (B-Ware) - Remember Forever<\/title>\n<meta name=\"robots\" content=\"index, follow, max-snippet:-1, max-image-preview:large, max-video-preview:-1\" \/>\n<link rel=\"canonical\" href=\"https:\/\/www.rememberme-forever.com\/de\/produkt\/runde-holzurne-b-ware\/\" \/>\n<meta property=\"og:locale\" content=\"de_DE\" \/>\n<meta property=\"og:type\" content=\"article\" \/>\n<meta property=\"og:title\" content=\"Runde Holzurne (B-Ware) - Remember Forever\" \/>\n<meta property=\"og:description\" content=\"Wir pr\u00e4sentieren unsere elegante Holzurne Grad B, eine sch\u00f6ne und nat\u00fcrliche Art, das Andenken an Ihren geliebten Menschen zu ehren. Die Eleganz und Schlichtheit dieser...\" \/>\n<meta property=\"og:url\" content=\"https:\/\/www.rememberme-forever.com\/de\/produkt\/runde-holzurne-b-ware\/\" \/>\n<meta property=\"og:site_name\" content=\"Remember Forever\" \/>\n<meta property=\"article:modified_time\" content=\"2026-03-04T10:01:28+00:00\" \/>\n<meta property=\"og:image\" content=\"http:\/\/www.rememberme-forever.com\/wp-content\/uploads\/2026\/03\/img_2D_0001plaque.jpg\" \/>\n\t<meta property=\"og:image:width\" content=\"1007\" \/>\n\t<meta property=\"og:image:height\" content=\"1024\" \/>\n\t<meta property=\"og:image:type\" content=\"image\/jpeg\" \/>\n<meta name=\"twitter:card\" content=\"summary_large_image\" \/>\n<meta name=\"twitter:label1\" content=\"Gesch\u00e4tzte Lesezeit\" \/>\n\t<meta name=\"twitter:data1\" content=\"3\u00a0Minute\" \/>\n<script type=\"application\/ld+json\" class=\"yoast-schema-graph\">{\"@context\":\"https:\\\/\\\/schema.org\",\"@graph\":[{\"@type\":\"WebPage\",\"@id\":\"https:\\\/\\\/www.rememberme-forever.com\\\/de\\\/produkt\\\/runde-holzurne-b-ware\\\/\",\"url\":\"https:\\\/\\\/www.rememberme-forever.com\\\/de\\\/produkt\\\/runde-holzurne-b-ware\\\/\",\"name\":\"Runde Holzurne (B-Ware) - Remember Forever\",\"isPartOf\":{\"@id\":\"https:\\\/\\\/www.rememberme-forever.com\\\/de\\\/#website\"},\"primaryImageOfPage\":{\"@id\":\"https:\\\/\\\/www.rememberme-forever.com\\\/de\\\/produkt\\\/runde-holzurne-b-ware\\\/#primaryimage\"},\"image\":{\"@id\":\"https:\\\/\\\/www.rememberme-forever.com\\\/de\\\/produkt\\\/runde-holzurne-b-ware\\\/#primaryimage\"},\"thumbnailUrl\":\"https:\\\/\\\/www.rememberme-forever.com\\\/wp-content\\\/uploads\\\/2026\\\/03\\\/img_2D_0001plaque.jpg\",\"datePublished\":\"2026-03-04T09:26:10+00:00\",\"dateModified\":\"2026-03-04T10:01:28+00:00\",\"breadcrumb\":{\"@id\":\"https:\\\/\\\/www.rememberme-forever.com\\\/de\\\/produkt\\\/runde-holzurne-b-ware\\\/#breadcrumb\"},\"inLanguage\":\"de\",\"potentialAction\":[{\"@type\":\"ReadAction\",\"target\":[\"https:\\\/\\\/www.rememberme-forever.com\\\/de\\\/produkt\\\/runde-holzurne-b-ware\\\/\"]}]},{\"@type\":\"ImageObject\",\"inLanguage\":\"de\",\"@id\":\"https:\\\/\\\/www.rememberme-forever.com\\\/de\\\/produkt\\\/runde-holzurne-b-ware\\\/#primaryimage\",\"url\":\"https:\\\/\\\/www.rememberme-forever.com\\\/wp-content\\\/uploads\\\/2026\\\/03\\\/img_2D_0001plaque.jpg\",\"contentUrl\":\"https:\\\/\\\/www.rememberme-forever.com\\\/wp-content\\\/uploads\\\/2026\\\/03\\\/img_2D_0001plaque.jpg\",\"width\":1007,\"height\":1024,\"caption\":\"Runde Holzurne (B-Ware)\"},{\"@type\":\"BreadcrumbList\",\"@id\":\"https:\\\/\\\/www.rememberme-forever.com\\\/de\\\/produkt\\\/runde-holzurne-b-ware\\\/#breadcrumb\",\"itemListElement\":[{\"@type\":\"ListItem\",\"position\":1,\"name\":\"Home\",\"item\":\"https:\\\/\\\/www.rememberme-forever.com\\\/de\\\/startseite\\\/\"},{\"@type\":\"ListItem\",\"position\":2,\"name\":\"Shop\",\"item\":\"https:\\\/\\\/www.rememberme-forever.com\\\/de\\\/shop\\\/\"},{\"@type\":\"ListItem\",\"position\":3,\"name\":\"Runde Holzurne (B-Ware)\"}]},{\"@type\":\"WebSite\",\"@id\":\"https:\\\/\\\/www.rememberme-forever.com\\\/de\\\/#website\",\"url\":\"https:\\\/\\\/www.rememberme-forever.com\\\/de\\\/\",\"name\":\"Remember Forever\",\"description\":\"Cremation urns, funeral urns, urns for ashes\",\"publisher\":{\"@id\":\"https:\\\/\\\/www.rememberme-forever.com\\\/de\\\/#organization\"},\"potentialAction\":[{\"@type\":\"SearchAction\",\"target\":{\"@type\":\"EntryPoint\",\"urlTemplate\":\"https:\\\/\\\/www.rememberme-forever.com\\\/de\\\/?s={search_term_string}\"},\"query-input\":{\"@type\":\"PropertyValueSpecification\",\"valueRequired\":true,\"valueName\":\"search_term_string\"}}],\"inLanguage\":\"de\"},{\"@type\":\"Organization\",\"@id\":\"https:\\\/\\\/www.rememberme-forever.com\\\/de\\\/#organization\",\"name\":\"Remember Forever\",\"url\":\"https:\\\/\\\/www.rememberme-forever.com\\\/de\\\/\",\"logo\":{\"@type\":\"ImageObject\",\"inLanguage\":\"de\",\"@id\":\"https:\\\/\\\/www.rememberme-forever.com\\\/de\\\/#\\\/schema\\\/logo\\\/image\\\/\",\"url\":\"https:\\\/\\\/www.rememberme-forever.com\\\/wp-content\\\/uploads\\\/2023\\\/02\\\/logo.png\",\"contentUrl\":\"https:\\\/\\\/www.rememberme-forever.com\\\/wp-content\\\/uploads\\\/2023\\\/02\\\/logo.png\",\"width\":300,\"height\":56,\"caption\":\"Remember Forever\"},\"image\":{\"@id\":\"https:\\\/\\\/www.rememberme-forever.com\\\/de\\\/#\\\/schema\\\/logo\\\/image\\\/\"}}]}<\/script>\n<!-- \/ Yoast SEO plugin. -->","yoast_head_json":{"title":"Runde Holzurne (B-Ware) - Remember Forever","robots":{"index":"index","follow":"follow","max-snippet":"max-snippet:-1","max-image-preview":"max-image-preview:large","max-video-preview":"max-video-preview:-1"},"canonical":"https:\/\/www.rememberme-forever.com\/de\/produkt\/runde-holzurne-b-ware\/","og_locale":"de_DE","og_type":"article","og_title":"Runde Holzurne (B-Ware) - Remember Forever","og_description":"Wir pr\u00e4sentieren unsere elegante Holzurne Grad B, eine sch\u00f6ne und nat\u00fcrliche Art, das Andenken an Ihren geliebten Menschen zu ehren. Die Eleganz und Schlichtheit dieser...","og_url":"https:\/\/www.rememberme-forever.com\/de\/produkt\/runde-holzurne-b-ware\/","og_site_name":"Remember Forever","article_modified_time":"2026-03-04T10:01:28+00:00","og_image":[{"width":1007,"height":1024,"url":"http:\/\/www.rememberme-forever.com\/wp-content\/uploads\/2026\/03\/img_2D_0001plaque.jpg","type":"image\/jpeg"}],"twitter_card":"summary_large_image","twitter_misc":{"Gesch\u00e4tzte Lesezeit":"3\u00a0Minute"},"schema":{"@context":"https:\/\/schema.org","@graph":[{"@type":"WebPage","@id":"https:\/\/www.rememberme-forever.com\/de\/produkt\/runde-holzurne-b-ware\/","url":"https:\/\/www.rememberme-forever.com\/de\/produkt\/runde-holzurne-b-ware\/","name":"Runde Holzurne (B-Ware) - Remember Forever","isPartOf":{"@id":"https:\/\/www.rememberme-forever.com\/de\/#website"},"primaryImageOfPage":{"@id":"https:\/\/www.rememberme-forever.com\/de\/produkt\/runde-holzurne-b-ware\/#primaryimage"},"image":{"@id":"https:\/\/www.rememberme-forever.com\/de\/produkt\/runde-holzurne-b-ware\/#primaryimage"},"thumbnailUrl":"https:\/\/www.rememberme-forever.com\/wp-content\/uploads\/2026\/03\/img_2D_0001plaque.jpg","datePublished":"2026-03-04T09:26:10+00:00","dateModified":"2026-03-04T10:01:28+00:00","breadcrumb":{"@id":"https:\/\/www.rememberme-forever.com\/de\/produkt\/runde-holzurne-b-ware\/#breadcrumb"},"inLanguage":"de","potentialAction":[{"@type":"ReadAction","target":["https:\/\/www.rememberme-forever.com\/de\/produkt\/runde-holzurne-b-ware\/"]}]},{"@type":"ImageObject","inLanguage":"de","@id":"https:\/\/www.rememberme-forever.com\/de\/produkt\/runde-holzurne-b-ware\/#primaryimage","url":"https:\/\/www.rememberme-forever.com\/wp-content\/uploads\/2026\/03\/img_2D_0001plaque.jpg","contentUrl":"https:\/\/www.rememberme-forever.com\/wp-content\/uploads\/2026\/03\/img_2D_0001plaque.jpg","width":1007,"height":1024,"caption":"Runde Holzurne (B-Ware)"},{"@type":"BreadcrumbList","@id":"https:\/\/www.rememberme-forever.com\/de\/produkt\/runde-holzurne-b-ware\/#breadcrumb","itemListElement":[{"@type":"ListItem","position":1,"name":"Home","item":"https:\/\/www.rememberme-forever.com\/de\/startseite\/"},{"@type":"ListItem","position":2,"name":"Shop","item":"https:\/\/www.rememberme-forever.com\/de\/shop\/"},{"@type":"ListItem","position":3,"name":"Runde Holzurne (B-Ware)"}]},{"@type":"WebSite","@id":"https:\/\/www.rememberme-forever.com\/de\/#website","url":"https:\/\/www.rememberme-forever.com\/de\/","name":"Remember Forever","description":"Cremation urns, funeral urns, urns for ashes","publisher":{"@id":"https:\/\/www.rememberme-forever.com\/de\/#organization"},"potentialAction":[{"@type":"SearchAction","target":{"@type":"EntryPoint","urlTemplate":"https:\/\/www.rememberme-forever.com\/de\/?s={search_term_string}"},"query-input":{"@type":"PropertyValueSpecification","valueRequired":true,"valueName":"search_term_string"}}],"inLanguage":"de"},{"@type":"Organization","@id":"https:\/\/www.rememberme-forever.com\/de\/#organization","name":"Remember Forever","url":"https:\/\/www.rememberme-forever.com\/de\/","logo":{"@type":"ImageObject","inLanguage":"de","@id":"https:\/\/www.rememberme-forever.com\/de\/#\/schema\/logo\/image\/","url":"https:\/\/www.rememberme-forever.com\/wp-content\/uploads\/2023\/02\/logo.png","contentUrl":"https:\/\/www.rememberme-forever.com\/wp-content\/uploads\/2023\/02\/logo.png","width":300,"height":56,"caption":"Remember Forever"},"image":{"@id":"https:\/\/www.rememberme-forever.com\/de\/#\/schema\/logo\/image\/"}}]}},"acf":[],"_links":{"self":[{"href":"https:\/\/www.rememberme-forever.com\/de\/wp-json\/wp\/v2\/product\/27093","targetHints":{"allow":["GET"]}}],"collection":[{"href":"https:\/\/www.rememberme-forever.com\/de\/wp-json\/wp\/v2\/product"}],"about":[{"href":"https:\/\/www.rememberme-forever.com\/de\/wp-json\/wp\/v2\/types\/product"}],"wp:featuredmedia":[{"embeddable":true,"href":"https:\/\/www.rememberme-forever.com\/de\/wp-json\/wp\/v2\/media\/27080"}],"wp:attachment":[{"href":"https:\/\/www.rememberme-forever.com\/de\/wp-json\/wp\/v2\/media?parent=27093"}],"wp:term":[{"taxonomy":"product_brand","embeddable":true,"href":"https:\/\/www.rememberme-forever.com\/de\/wp-json\/wp\/v2\/product_brand?post=27093"},{"taxonomy":"product_cat","embeddable":true,"href":"https:\/\/www.rememberme-forever.com\/de\/wp-json\/wp\/v2\/product_cat?post=27093"},{"taxonomy":"product_tag","embeddable":true,"href":"https:\/\/www.rememberme-forever.com\/de\/wp-json\/wp\/v2\/product_tag?post=27093"}],"curies":[{"name":"wp","href":"https:\/\/api.w.org\/{rel}","templated":true}]}}