{"id":27147,"date":"2023-04-20T09:54:18","date_gmt":"2023-04-20T07:54:18","guid":{"rendered":"https:\/\/www.rememberme-forever.com\/product\/holz-urne-mit-kreuz\/"},"modified":"2026-03-06T10:07:04","modified_gmt":"2026-03-06T09:07:04","slug":"holz-urne-mit-kreuz","status":"publish","type":"product","link":"https:\/\/www.rememberme-forever.com\/de\/produkt\/holz-urne-mit-kreuz\/","title":{"rendered":"Holz-Urne mit Kreuz"},"content":{"rendered":"<h2 style=\"text-align: center;\">Holz-Urne mit Kreuz<\/h2>\n<p style=\"text-align: center;\">Diese <strong>Holz-Urne mit Kreuz<\/strong> ist ein wahrhaft sch\u00f6nes und einzigartiges Kunstwerk. Von unseren erfahrenen Kunsthandwerkern handgefertigt, ist diese Holzurne mit einem Kreuz auf der Vorderseite gestaltet, das Glauben und Spiritualit\u00e4t symbolisiert. Die nat\u00fcrliche Maserung des Holzes erzeugt ein warmes und tr\u00f6stliches Gef\u00fchl und macht sie zu einer perfekten Ruhest\u00e4tte f\u00fcr die Asche Ihres geliebten Menschen.<\/p>\n<p style=\"text-align: center;\">Das traditionelle Aussehen von Holzurnen war schon immer beliebt, und mit diesem einzigartigen Design haben wir diese Tradition aufgegriffen und ihr einen modernen Touch verliehen. Das Kreuzdesign verleiht der Urne eine besondere Bedeutung und macht sie zu einem Symbol der Hoffnung und Liebe f\u00fcr diejenigen, die ein liebes Familienmitglied oder einen Freund verloren haben.<\/p>\n<p style=\"text-align: center;\">Der Boden der Urne ist mit Schrauben gesichert, um sicherzustellen, dass die Asche sicher und gesch\u00fctzt bleibt. Der Deckel l\u00e4sst sich m\u00fchelos \u00f6ffnen und schlie\u00dfen, was einen einfachen Zugang zum Inhalt erm\u00f6glicht. Diese wundersch\u00f6ne Holzurne wird ein wundervolles Gedenken an Ihren geliebten Menschen sein und einen bleibenden Tribut an sein Leben und seine Erinnerungen darstellen.<\/p>\n<p style=\"text-align: center;\">Unsere Holzurnen werden sorgf\u00e4ltig handgefertigt, sodass jede einzelne ihr eigenes, einzigartiges Aussehen und Gef\u00fchl hat. Sie k\u00f6nnen sicher sein, dass Sie ein Unikat erhalten, das \u00fcber Generationen hinweg in Ehren gehalten wird.<\/p>\n<p>&nbsp;<\/p>\n<h3 style=\"text-align: center;\"><strong>PERSONALISIERUNG<\/strong><\/h3>\n<p style=\"text-align: center;\">Wenn Sie sich f\u00fcr eine personalisierte Plakette entscheiden, geben Sie bitte den Text im Rahmen der Produktpersonalisierung ein.<\/p>\n<p style=\"text-align: center;\">Die personalisierte Gedenktafel muss bei der Bestellung individuell gestaltet werden. (Bitte keine Panik, wenn Sie das vergessen haben, denn Sie k\u00f6nnen uns auch noch nachtr\u00e4glich eine Nachricht schicken).<\/p>\n<p style=\"text-align: center;\">Bitte \u00fcberpr\u00fcfen Sie den zu gravierenden Text sorgf\u00e4ltig, bevor Sie den Artikel in den Warenkorb legen. Wir kopieren und gravieren genau die Informationen, die wir mit der Bestellung erhalten und nehmen bei uns keine \u00c4nderungen vor.<\/p>\n<p style=\"text-align: center;\"><strong>Bitte \u00fcberpr\u00fcfen Sie den Text, um sicherzustellen, dass alle Schreibweisen korrekt sind.<\/strong><\/p>\n<p><img loading=\"lazy\" decoding=\"async\" class=\" wp-image-1447 aligncenter\" src=\"http:\/\/www.rememberme-forever.com\/wp-content\/uploads\/2023\/04\/memorial-plaque-cremation-urn-gold-300x150.jpg\" alt=\"Gedenktafel Urne Gold\" width=\"260\" height=\"130\" srcset=\"https:\/\/www.rememberme-forever.com\/wp-content\/uploads\/2023\/04\/memorial-plaque-cremation-urn-gold-300x150.jpg 300w, https:\/\/www.rememberme-forever.com\/wp-content\/uploads\/2023\/04\/memorial-plaque-cremation-urn-gold-64x32.jpg 64w, https:\/\/www.rememberme-forever.com\/wp-content\/uploads\/2023\/04\/memorial-plaque-cremation-urn-gold.jpg 448w\" sizes=\"auto, (max-width: 260px) 100vw, 260px\" \/><\/p>\n","protected":false},"excerpt":{"rendered":"<p><em><strong>Geeignet f\u00fcr ein K\u00f6rpergewicht von ca. 110 kg <\/strong><\/em><\/p>\n","protected":false},"featured_media":27140,"template":"","meta":{"_acf_changed":false},"product_brand":[],"product_cat":[2327],"product_tag":[3305],"class_list":{"0":"post-27147","1":"product","2":"type-product","3":"status-publish","4":"has-post-thumbnail","6":"product_cat-holz-urnen","7":"product_tag-gpsr-all-wood-urns","8":"product_shipping_class-2-4kg","10":"first","11":"instock","12":"taxable","13":"shipping-taxable","14":"purchasable","15":"product-type-simple"},"yoast_head":"<!-- This site is optimized with the Yoast SEO plugin v27.4 - https:\/\/yoast.com\/product\/yoast-seo-wordpress\/ -->\n<title>Remember Forever<\/title>\n<meta name=\"description\" content=\"Diese Holz-Urne mit Kreuz ist ein wahrhaft sch\u00f6nes und einzigartiges Kunstwerk. Von unseren erfahrenen Kunsthandwerkern handgefertigt, ist diese Holzurne mit einem Kreuz auf der Vorderseite gestaltet...\" \/>\n<meta name=\"robots\" content=\"index, follow, max-snippet:-1, max-image-preview:large, max-video-preview:-1\" \/>\n<link rel=\"canonical\" href=\"https:\/\/www.rememberme-forever.com\/de\/produkt\/holz-urne-mit-kreuz\/\" \/>\n<meta property=\"og:locale\" content=\"de_DE\" \/>\n<meta property=\"og:type\" content=\"article\" \/>\n<meta property=\"og:description\" content=\"Diese Holz-Urne mit Kreuz ist ein wahrhaft sch\u00f6nes und einzigartiges Kunstwerk. Von unseren erfahrenen Kunsthandwerkern handgefertigt, ist diese Holzurne mit einem Kreuz auf der Vorderseite gestaltet...\" \/>\n<meta property=\"og:url\" content=\"https:\/\/www.rememberme-forever.com\/de\/produkt\/holz-urne-mit-kreuz\/\" \/>\n<meta property=\"og:site_name\" content=\"Remember Forever\" \/>\n<meta property=\"article:modified_time\" content=\"2026-03-06T09:07:04+00:00\" \/>\n<meta property=\"og:image\" content=\"http:\/\/www.rememberme-forever.com\/wp-content\/uploads\/2023\/04\/cremation-urn-wood-with-a-cross.jpg\" \/>\n\t<meta property=\"og:image:width\" content=\"768\" \/>\n\t<meta property=\"og:image:height\" content=\"781\" \/>\n\t<meta property=\"og:image:type\" content=\"image\/jpeg\" \/>\n<meta name=\"twitter:card\" content=\"summary_large_image\" \/>\n<meta name=\"twitter:label1\" content=\"Gesch\u00e4tzte Lesezeit\" \/>\n\t<meta name=\"twitter:data1\" content=\"2\u00a0Minute\" \/>\n<script type=\"application\/ld+json\" class=\"yoast-schema-graph\">{\"@context\":\"https:\\\/\\\/schema.org\",\"@graph\":[{\"@type\":\"WebPage\",\"@id\":\"https:\\\/\\\/www.rememberme-forever.com\\\/de\\\/produkt\\\/holz-urne-mit-kreuz\\\/\",\"url\":\"https:\\\/\\\/www.rememberme-forever.com\\\/de\\\/produkt\\\/holz-urne-mit-kreuz\\\/\",\"name\":\"\",\"isPartOf\":{\"@id\":\"https:\\\/\\\/www.rememberme-forever.com\\\/de\\\/#website\"},\"primaryImageOfPage\":{\"@id\":\"https:\\\/\\\/www.rememberme-forever.com\\\/de\\\/produkt\\\/holz-urne-mit-kreuz\\\/#primaryimage\"},\"image\":{\"@id\":\"https:\\\/\\\/www.rememberme-forever.com\\\/de\\\/produkt\\\/holz-urne-mit-kreuz\\\/#primaryimage\"},\"thumbnailUrl\":\"https:\\\/\\\/www.rememberme-forever.com\\\/wp-content\\\/uploads\\\/2023\\\/04\\\/cremation-urn-wood-with-a-cross.jpg\",\"datePublished\":\"2023-04-20T07:54:18+00:00\",\"dateModified\":\"2026-03-06T09:07:04+00:00\",\"description\":\"Diese Holz-Urne mit Kreuz ist ein wahrhaft sch\u00f6nes und einzigartiges Kunstwerk. Von unseren erfahrenen Kunsthandwerkern handgefertigt, ist diese Holzurne mit einem Kreuz auf der Vorderseite gestaltet...\",\"breadcrumb\":{\"@id\":\"https:\\\/\\\/www.rememberme-forever.com\\\/de\\\/produkt\\\/holz-urne-mit-kreuz\\\/#breadcrumb\"},\"inLanguage\":\"de\",\"potentialAction\":[{\"@type\":\"ReadAction\",\"target\":[\"https:\\\/\\\/www.rememberme-forever.com\\\/de\\\/produkt\\\/holz-urne-mit-kreuz\\\/\"]}]},{\"@type\":\"ImageObject\",\"inLanguage\":\"de\",\"@id\":\"https:\\\/\\\/www.rememberme-forever.com\\\/de\\\/produkt\\\/holz-urne-mit-kreuz\\\/#primaryimage\",\"url\":\"https:\\\/\\\/www.rememberme-forever.com\\\/wp-content\\\/uploads\\\/2023\\\/04\\\/cremation-urn-wood-with-a-cross.jpg\",\"contentUrl\":\"https:\\\/\\\/www.rememberme-forever.com\\\/wp-content\\\/uploads\\\/2023\\\/04\\\/cremation-urn-wood-with-a-cross.jpg\",\"width\":768,\"height\":781,\"caption\":\"Holz-Urne mit Kreuz\"},{\"@type\":\"BreadcrumbList\",\"@id\":\"https:\\\/\\\/www.rememberme-forever.com\\\/de\\\/produkt\\\/holz-urne-mit-kreuz\\\/#breadcrumb\",\"itemListElement\":[{\"@type\":\"ListItem\",\"position\":1,\"name\":\"Home\",\"item\":\"https:\\\/\\\/www.rememberme-forever.com\\\/de\\\/startseite\\\/\"},{\"@type\":\"ListItem\",\"position\":2,\"name\":\"Shop\",\"item\":\"https:\\\/\\\/www.rememberme-forever.com\\\/de\\\/shop\\\/\"},{\"@type\":\"ListItem\",\"position\":3,\"name\":\"Holz-Urne mit Kreuz\"}]},{\"@type\":\"WebSite\",\"@id\":\"https:\\\/\\\/www.rememberme-forever.com\\\/de\\\/#website\",\"url\":\"https:\\\/\\\/www.rememberme-forever.com\\\/de\\\/\",\"name\":\"Remember Forever\",\"description\":\"Cremation urns, funeral urns, urns for ashes\",\"publisher\":{\"@id\":\"https:\\\/\\\/www.rememberme-forever.com\\\/de\\\/#organization\"},\"potentialAction\":[{\"@type\":\"SearchAction\",\"target\":{\"@type\":\"EntryPoint\",\"urlTemplate\":\"https:\\\/\\\/www.rememberme-forever.com\\\/de\\\/?s={search_term_string}\"},\"query-input\":{\"@type\":\"PropertyValueSpecification\",\"valueRequired\":true,\"valueName\":\"search_term_string\"}}],\"inLanguage\":\"de\"},{\"@type\":\"Organization\",\"@id\":\"https:\\\/\\\/www.rememberme-forever.com\\\/de\\\/#organization\",\"name\":\"Remember Forever\",\"url\":\"https:\\\/\\\/www.rememberme-forever.com\\\/de\\\/\",\"logo\":{\"@type\":\"ImageObject\",\"inLanguage\":\"de\",\"@id\":\"https:\\\/\\\/www.rememberme-forever.com\\\/de\\\/#\\\/schema\\\/logo\\\/image\\\/\",\"url\":\"https:\\\/\\\/www.rememberme-forever.com\\\/wp-content\\\/uploads\\\/2023\\\/02\\\/logo.png\",\"contentUrl\":\"https:\\\/\\\/www.rememberme-forever.com\\\/wp-content\\\/uploads\\\/2023\\\/02\\\/logo.png\",\"width\":300,\"height\":56,\"caption\":\"Remember Forever\"},\"image\":{\"@id\":\"https:\\\/\\\/www.rememberme-forever.com\\\/de\\\/#\\\/schema\\\/logo\\\/image\\\/\"}}]}<\/script>\n<!-- \/ Yoast SEO plugin. -->","yoast_head_json":{"title":"Remember Forever","description":"Diese Holz-Urne mit Kreuz ist ein wahrhaft sch\u00f6nes und einzigartiges Kunstwerk. Von unseren erfahrenen Kunsthandwerkern handgefertigt, ist diese Holzurne mit einem Kreuz auf der Vorderseite gestaltet...","robots":{"index":"index","follow":"follow","max-snippet":"max-snippet:-1","max-image-preview":"max-image-preview:large","max-video-preview":"max-video-preview:-1"},"canonical":"https:\/\/www.rememberme-forever.com\/de\/produkt\/holz-urne-mit-kreuz\/","og_locale":"de_DE","og_type":"article","og_description":"Diese Holz-Urne mit Kreuz ist ein wahrhaft sch\u00f6nes und einzigartiges Kunstwerk. Von unseren erfahrenen Kunsthandwerkern handgefertigt, ist diese Holzurne mit einem Kreuz auf der Vorderseite gestaltet...","og_url":"https:\/\/www.rememberme-forever.com\/de\/produkt\/holz-urne-mit-kreuz\/","og_site_name":"Remember Forever","article_modified_time":"2026-03-06T09:07:04+00:00","og_image":[{"width":768,"height":781,"url":"http:\/\/www.rememberme-forever.com\/wp-content\/uploads\/2023\/04\/cremation-urn-wood-with-a-cross.jpg","type":"image\/jpeg"}],"twitter_card":"summary_large_image","twitter_misc":{"Gesch\u00e4tzte Lesezeit":"2\u00a0Minute"},"schema":{"@context":"https:\/\/schema.org","@graph":[{"@type":"WebPage","@id":"https:\/\/www.rememberme-forever.com\/de\/produkt\/holz-urne-mit-kreuz\/","url":"https:\/\/www.rememberme-forever.com\/de\/produkt\/holz-urne-mit-kreuz\/","name":"","isPartOf":{"@id":"https:\/\/www.rememberme-forever.com\/de\/#website"},"primaryImageOfPage":{"@id":"https:\/\/www.rememberme-forever.com\/de\/produkt\/holz-urne-mit-kreuz\/#primaryimage"},"image":{"@id":"https:\/\/www.rememberme-forever.com\/de\/produkt\/holz-urne-mit-kreuz\/#primaryimage"},"thumbnailUrl":"https:\/\/www.rememberme-forever.com\/wp-content\/uploads\/2023\/04\/cremation-urn-wood-with-a-cross.jpg","datePublished":"2023-04-20T07:54:18+00:00","dateModified":"2026-03-06T09:07:04+00:00","description":"Diese Holz-Urne mit Kreuz ist ein wahrhaft sch\u00f6nes und einzigartiges Kunstwerk. Von unseren erfahrenen Kunsthandwerkern handgefertigt, ist diese Holzurne mit einem Kreuz auf der Vorderseite gestaltet...","breadcrumb":{"@id":"https:\/\/www.rememberme-forever.com\/de\/produkt\/holz-urne-mit-kreuz\/#breadcrumb"},"inLanguage":"de","potentialAction":[{"@type":"ReadAction","target":["https:\/\/www.rememberme-forever.com\/de\/produkt\/holz-urne-mit-kreuz\/"]}]},{"@type":"ImageObject","inLanguage":"de","@id":"https:\/\/www.rememberme-forever.com\/de\/produkt\/holz-urne-mit-kreuz\/#primaryimage","url":"https:\/\/www.rememberme-forever.com\/wp-content\/uploads\/2023\/04\/cremation-urn-wood-with-a-cross.jpg","contentUrl":"https:\/\/www.rememberme-forever.com\/wp-content\/uploads\/2023\/04\/cremation-urn-wood-with-a-cross.jpg","width":768,"height":781,"caption":"Holz-Urne mit Kreuz"},{"@type":"BreadcrumbList","@id":"https:\/\/www.rememberme-forever.com\/de\/produkt\/holz-urne-mit-kreuz\/#breadcrumb","itemListElement":[{"@type":"ListItem","position":1,"name":"Home","item":"https:\/\/www.rememberme-forever.com\/de\/startseite\/"},{"@type":"ListItem","position":2,"name":"Shop","item":"https:\/\/www.rememberme-forever.com\/de\/shop\/"},{"@type":"ListItem","position":3,"name":"Holz-Urne mit Kreuz"}]},{"@type":"WebSite","@id":"https:\/\/www.rememberme-forever.com\/de\/#website","url":"https:\/\/www.rememberme-forever.com\/de\/","name":"Remember Forever","description":"Cremation urns, funeral urns, urns for ashes","publisher":{"@id":"https:\/\/www.rememberme-forever.com\/de\/#organization"},"potentialAction":[{"@type":"SearchAction","target":{"@type":"EntryPoint","urlTemplate":"https:\/\/www.rememberme-forever.com\/de\/?s={search_term_string}"},"query-input":{"@type":"PropertyValueSpecification","valueRequired":true,"valueName":"search_term_string"}}],"inLanguage":"de"},{"@type":"Organization","@id":"https:\/\/www.rememberme-forever.com\/de\/#organization","name":"Remember Forever","url":"https:\/\/www.rememberme-forever.com\/de\/","logo":{"@type":"ImageObject","inLanguage":"de","@id":"https:\/\/www.rememberme-forever.com\/de\/#\/schema\/logo\/image\/","url":"https:\/\/www.rememberme-forever.com\/wp-content\/uploads\/2023\/02\/logo.png","contentUrl":"https:\/\/www.rememberme-forever.com\/wp-content\/uploads\/2023\/02\/logo.png","width":300,"height":56,"caption":"Remember Forever"},"image":{"@id":"https:\/\/www.rememberme-forever.com\/de\/#\/schema\/logo\/image\/"}}]}},"acf":[],"_links":{"self":[{"href":"https:\/\/www.rememberme-forever.com\/de\/wp-json\/wp\/v2\/product\/27147","targetHints":{"allow":["GET"]}}],"collection":[{"href":"https:\/\/www.rememberme-forever.com\/de\/wp-json\/wp\/v2\/product"}],"about":[{"href":"https:\/\/www.rememberme-forever.com\/de\/wp-json\/wp\/v2\/types\/product"}],"wp:featuredmedia":[{"embeddable":true,"href":"https:\/\/www.rememberme-forever.com\/de\/wp-json\/wp\/v2\/media\/27140"}],"wp:attachment":[{"href":"https:\/\/www.rememberme-forever.com\/de\/wp-json\/wp\/v2\/media?parent=27147"}],"wp:term":[{"taxonomy":"product_brand","embeddable":true,"href":"https:\/\/www.rememberme-forever.com\/de\/wp-json\/wp\/v2\/product_brand?post=27147"},{"taxonomy":"product_cat","embeddable":true,"href":"https:\/\/www.rememberme-forever.com\/de\/wp-json\/wp\/v2\/product_cat?post=27147"},{"taxonomy":"product_tag","embeddable":true,"href":"https:\/\/www.rememberme-forever.com\/de\/wp-json\/wp\/v2\/product_tag?post=27147"}],"curies":[{"name":"wp","href":"https:\/\/api.w.org\/{rel}","templated":true}]}}