{"id":27375,"date":"2023-04-20T13:17:14","date_gmt":"2023-04-20T11:17:14","guid":{"rendered":"https:\/\/www.rememberme-forever.com\/product\/urne-fuer-hundeasche-geometrisches-design-alle-rassen\/"},"modified":"2023-04-20T13:17:14","modified_gmt":"2023-04-20T11:17:14","slug":"urne-fuer-hundeasche-geometrisches-design-alle-rassen","status":"publish","type":"product","link":"https:\/\/www.rememberme-forever.com\/de\/produkt\/urne-fuer-hundeasche-geometrisches-design-alle-rassen\/","title":{"rendered":"Urne f\u00fcr Hundeasche \u2013 geometrisches Design \u2013 alle Rassen"},"content":{"rendered":"<h2 style=\"text-align: center;\">Urne f\u00fcr Hundeasche \u2013 geometrisches Design \u2013 alle Rassen<\/h2>\n<p style=\"text-align: center;\">Diese<strong> wundersch\u00f6ne Holzurne f\u00fcr Hundeasche<\/strong> ist die perfekte Art, einem geliebten treuen Begleiter die letzte Ehre zu erweisen. Unsere erfahrenen Handwerker haben ein einzigartiges geometrisches Design entworfen, das dieser traditionellen Holzurne einen Hauch moderner Eleganz verleiht. <\/p>\n<p style=\"text-align: center;\">Die Urne zeigt eine wundersch\u00f6ne Darstellung Ihrer Hunderasse, sodass Sie sicher sein k\u00f6nnen, dass das Andenken an Ihr Tier auf eine Weise geehrt wird, die seiner einzigartigen Pers\u00f6nlichkeit entspricht. Der Name und die Daten Ihres treuen Begleiters k\u00f6nnen ebenfalls auf der Vorderseite der Urne angebracht werden, was sie zu einem wahrhaft pers\u00f6nlichen Denkmal macht. <\/p>\n<p style=\"text-align: center;\">Wir verstehen, dass Haustiere Familienmitglieder sind, und haben gro\u00dfe Sorgfalt darauf verwendet, eine hochwertige Urne zu schaffen, die die Zeit \u00fcberdauert. Der obere Deckel der Urne l\u00e4sst sich leicht \u00f6ffnen, und das sichere Design gew\u00e4hrleistet, dass die Asche Ihres Tieres sicher aufbewahrt wird. <\/p>\n<p style=\"text-align: center;\">Diese Hundeurne ist f\u00fcr alle Rassen geeignet, und durch die nat\u00fcrliche Holzmaserung ist jede Urne ein Unikat. Das geometrische Design verleiht diesem traditionellen Gedenkartikel eine zeitgem\u00e4\u00dfe Note und macht ihn zu einer sch\u00f6nen Erg\u00e4nzung f\u00fcr jedes Zuhause. <\/p>\n<p style=\"text-align: center;\">Unser Ziel ist es, Ihrem treuen Begleiter eine w\u00fcrdevolle Ruhest\u00e4tte zu bieten, und diese Holzurne ist der perfekte Weg, sein Andenken zu ehren. Es ist ein angemessener Tribut an ein geliebtes Haustier, der \u00fcber Jahre hinweg in Ehren gehalten wird. <\/p>\n<p style=\"text-align: center;\">Handgefertigte Urne \u2013 hergestellt von erfahrenen Fachleuten. Erh\u00e4ltlich mit einer gro\u00dfen Auswahl an Statuen aller Rassen: <\/p>\n<p style=\"text-align: center;\">Da unsere Urnen handgefertigt sind, k\u00f6nnen die Farbt\u00f6ne variieren.<\/p>\n<p style=\"text-align: center;\"><strong><em>Bitte beachten Sie, dass diese Urne auf Bestellung gefertigt wird. Die Lieferzeit betr\u00e4gt ca. 4\u20138 Werktage. <\/em><\/strong><\/p>\n","protected":false},"excerpt":{"rendered":"<p><em><strong>Eine Ascheurne f\u00fcr einen Hund mit dem Abbild eines Haustieres der ausgew\u00e4hlten Rasse.<\/strong><\/em><\/p>\n","protected":false},"featured_media":27156,"template":"","meta":{"_acf_changed":false},"product_brand":[],"product_cat":[2342],"product_tag":[3355],"class_list":{"0":"post-27375","1":"product","2":"type-product","3":"status-publish","4":"has-post-thumbnail","6":"product_cat-tierurnen","7":"product_tag-gpsr-pet-urns","8":"product_shipping_class-art-urns-kule-do20cm-de","10":"first","11":"instock","12":"taxable","13":"shipping-taxable","14":"purchasable","15":"product-type-variable"},"yoast_head":"<!-- This site is optimized with the Yoast SEO plugin v27.4 - https:\/\/yoast.com\/product\/yoast-seo-wordpress\/ -->\n<title>Remember Forever<\/title>\n<meta name=\"description\" content=\"Diese wundersch\u00f6ne Holzurne f\u00fcr Hundeasche ist die perfekte Art, einem geliebten treuen Begleiter die letzte Ehre zu erweisen. Unsere erfahrenen Handwerker haben ein einzigartiges geometrisches Design entworfen.\" \/>\n<meta name=\"robots\" content=\"index, follow, max-snippet:-1, max-image-preview:large, max-video-preview:-1\" \/>\n<link rel=\"canonical\" href=\"https:\/\/www.rememberme-forever.com\/de\/produkt\/urne-fuer-hundeasche-geometrisches-design-alle-rassen\/\" \/>\n<meta property=\"og:locale\" content=\"de_DE\" \/>\n<meta property=\"og:type\" content=\"article\" \/>\n<meta property=\"og:description\" content=\"Diese wundersch\u00f6ne Holzurne f\u00fcr Hundeasche ist die perfekte Art, einem geliebten treuen Begleiter die letzte Ehre zu erweisen. Unsere erfahrenen Handwerker haben ein einzigartiges geometrisches Design entworfen.\" \/>\n<meta property=\"og:url\" content=\"https:\/\/www.rememberme-forever.com\/de\/produkt\/urne-fuer-hundeasche-geometrisches-design-alle-rassen\/\" \/>\n<meta property=\"og:site_name\" content=\"Remember Forever\" \/>\n<meta property=\"og:image\" content=\"https:\/\/www.rememberme-forever.com\/wp-content\/uploads\/2023\/04\/urn-for-dog-ashes.jpg\" \/>\n\t<meta property=\"og:image:width\" content=\"768\" \/>\n\t<meta property=\"og:image:height\" content=\"768\" \/>\n\t<meta property=\"og:image:type\" content=\"image\/jpeg\" \/>\n<meta name=\"twitter:card\" content=\"summary_large_image\" \/>\n<meta name=\"twitter:label1\" content=\"Gesch\u00e4tzte Lesezeit\" \/>\n\t<meta name=\"twitter:data1\" content=\"1\u00a0Minute\" \/>\n<script type=\"application\/ld+json\" class=\"yoast-schema-graph\">{\"@context\":\"https:\\\/\\\/schema.org\",\"@graph\":[{\"@type\":\"WebPage\",\"@id\":\"https:\\\/\\\/www.rememberme-forever.com\\\/de\\\/produkt\\\/urne-fuer-hundeasche-geometrisches-design-alle-rassen\\\/\",\"url\":\"https:\\\/\\\/www.rememberme-forever.com\\\/de\\\/produkt\\\/urne-fuer-hundeasche-geometrisches-design-alle-rassen\\\/\",\"name\":\"\",\"isPartOf\":{\"@id\":\"https:\\\/\\\/www.rememberme-forever.com\\\/de\\\/#website\"},\"primaryImageOfPage\":{\"@id\":\"https:\\\/\\\/www.rememberme-forever.com\\\/de\\\/produkt\\\/urne-fuer-hundeasche-geometrisches-design-alle-rassen\\\/#primaryimage\"},\"image\":{\"@id\":\"https:\\\/\\\/www.rememberme-forever.com\\\/de\\\/produkt\\\/urne-fuer-hundeasche-geometrisches-design-alle-rassen\\\/#primaryimage\"},\"thumbnailUrl\":\"https:\\\/\\\/www.rememberme-forever.com\\\/wp-content\\\/uploads\\\/2023\\\/04\\\/urn-for-dog-ashes.jpg\",\"datePublished\":\"2023-04-20T11:17:14+00:00\",\"description\":\"Diese wundersch\u00f6ne Holzurne f\u00fcr Hundeasche ist die perfekte Art, einem geliebten treuen Begleiter die letzte Ehre zu erweisen. Unsere erfahrenen Handwerker haben ein einzigartiges geometrisches Design entworfen.\",\"breadcrumb\":{\"@id\":\"https:\\\/\\\/www.rememberme-forever.com\\\/de\\\/produkt\\\/urne-fuer-hundeasche-geometrisches-design-alle-rassen\\\/#breadcrumb\"},\"inLanguage\":\"de\",\"potentialAction\":[{\"@type\":\"ReadAction\",\"target\":[\"https:\\\/\\\/www.rememberme-forever.com\\\/de\\\/produkt\\\/urne-fuer-hundeasche-geometrisches-design-alle-rassen\\\/\"]}]},{\"@type\":\"ImageObject\",\"inLanguage\":\"de\",\"@id\":\"https:\\\/\\\/www.rememberme-forever.com\\\/de\\\/produkt\\\/urne-fuer-hundeasche-geometrisches-design-alle-rassen\\\/#primaryimage\",\"url\":\"https:\\\/\\\/www.rememberme-forever.com\\\/wp-content\\\/uploads\\\/2023\\\/04\\\/urn-for-dog-ashes.jpg\",\"contentUrl\":\"https:\\\/\\\/www.rememberme-forever.com\\\/wp-content\\\/uploads\\\/2023\\\/04\\\/urn-for-dog-ashes.jpg\",\"width\":768,\"height\":768,\"caption\":\"Urne f\u00fcr Hundeasche\"},{\"@type\":\"BreadcrumbList\",\"@id\":\"https:\\\/\\\/www.rememberme-forever.com\\\/de\\\/produkt\\\/urne-fuer-hundeasche-geometrisches-design-alle-rassen\\\/#breadcrumb\",\"itemListElement\":[{\"@type\":\"ListItem\",\"position\":1,\"name\":\"Home\",\"item\":\"https:\\\/\\\/www.rememberme-forever.com\\\/de\\\/startseite\\\/\"},{\"@type\":\"ListItem\",\"position\":2,\"name\":\"Shop\",\"item\":\"https:\\\/\\\/www.rememberme-forever.com\\\/de\\\/shop\\\/\"},{\"@type\":\"ListItem\",\"position\":3,\"name\":\"Urne f\u00fcr Hundeasche \u2013 geometrisches Design \u2013 alle Rassen\"}]},{\"@type\":\"WebSite\",\"@id\":\"https:\\\/\\\/www.rememberme-forever.com\\\/de\\\/#website\",\"url\":\"https:\\\/\\\/www.rememberme-forever.com\\\/de\\\/\",\"name\":\"Remember Forever\",\"description\":\"Cremation urns, funeral urns, urns for ashes\",\"publisher\":{\"@id\":\"https:\\\/\\\/www.rememberme-forever.com\\\/de\\\/#organization\"},\"potentialAction\":[{\"@type\":\"SearchAction\",\"target\":{\"@type\":\"EntryPoint\",\"urlTemplate\":\"https:\\\/\\\/www.rememberme-forever.com\\\/de\\\/?s={search_term_string}\"},\"query-input\":{\"@type\":\"PropertyValueSpecification\",\"valueRequired\":true,\"valueName\":\"search_term_string\"}}],\"inLanguage\":\"de\"},{\"@type\":\"Organization\",\"@id\":\"https:\\\/\\\/www.rememberme-forever.com\\\/de\\\/#organization\",\"name\":\"Remember Forever\",\"url\":\"https:\\\/\\\/www.rememberme-forever.com\\\/de\\\/\",\"logo\":{\"@type\":\"ImageObject\",\"inLanguage\":\"de\",\"@id\":\"https:\\\/\\\/www.rememberme-forever.com\\\/de\\\/#\\\/schema\\\/logo\\\/image\\\/\",\"url\":\"https:\\\/\\\/www.rememberme-forever.com\\\/wp-content\\\/uploads\\\/2023\\\/02\\\/logo.png\",\"contentUrl\":\"https:\\\/\\\/www.rememberme-forever.com\\\/wp-content\\\/uploads\\\/2023\\\/02\\\/logo.png\",\"width\":300,\"height\":56,\"caption\":\"Remember Forever\"},\"image\":{\"@id\":\"https:\\\/\\\/www.rememberme-forever.com\\\/de\\\/#\\\/schema\\\/logo\\\/image\\\/\"}}]}<\/script>\n<!-- \/ Yoast SEO plugin. -->","yoast_head_json":{"title":"Remember Forever","description":"Diese wundersch\u00f6ne Holzurne f\u00fcr Hundeasche ist die perfekte Art, einem geliebten treuen Begleiter die letzte Ehre zu erweisen. Unsere erfahrenen Handwerker haben ein einzigartiges geometrisches Design entworfen.","robots":{"index":"index","follow":"follow","max-snippet":"max-snippet:-1","max-image-preview":"max-image-preview:large","max-video-preview":"max-video-preview:-1"},"canonical":"https:\/\/www.rememberme-forever.com\/de\/produkt\/urne-fuer-hundeasche-geometrisches-design-alle-rassen\/","og_locale":"de_DE","og_type":"article","og_description":"Diese wundersch\u00f6ne Holzurne f\u00fcr Hundeasche ist die perfekte Art, einem geliebten treuen Begleiter die letzte Ehre zu erweisen. Unsere erfahrenen Handwerker haben ein einzigartiges geometrisches Design entworfen.","og_url":"https:\/\/www.rememberme-forever.com\/de\/produkt\/urne-fuer-hundeasche-geometrisches-design-alle-rassen\/","og_site_name":"Remember Forever","og_image":[{"width":768,"height":768,"url":"https:\/\/www.rememberme-forever.com\/wp-content\/uploads\/2023\/04\/urn-for-dog-ashes.jpg","type":"image\/jpeg"}],"twitter_card":"summary_large_image","twitter_misc":{"Gesch\u00e4tzte Lesezeit":"1\u00a0Minute"},"schema":{"@context":"https:\/\/schema.org","@graph":[{"@type":"WebPage","@id":"https:\/\/www.rememberme-forever.com\/de\/produkt\/urne-fuer-hundeasche-geometrisches-design-alle-rassen\/","url":"https:\/\/www.rememberme-forever.com\/de\/produkt\/urne-fuer-hundeasche-geometrisches-design-alle-rassen\/","name":"","isPartOf":{"@id":"https:\/\/www.rememberme-forever.com\/de\/#website"},"primaryImageOfPage":{"@id":"https:\/\/www.rememberme-forever.com\/de\/produkt\/urne-fuer-hundeasche-geometrisches-design-alle-rassen\/#primaryimage"},"image":{"@id":"https:\/\/www.rememberme-forever.com\/de\/produkt\/urne-fuer-hundeasche-geometrisches-design-alle-rassen\/#primaryimage"},"thumbnailUrl":"https:\/\/www.rememberme-forever.com\/wp-content\/uploads\/2023\/04\/urn-for-dog-ashes.jpg","datePublished":"2023-04-20T11:17:14+00:00","description":"Diese wundersch\u00f6ne Holzurne f\u00fcr Hundeasche ist die perfekte Art, einem geliebten treuen Begleiter die letzte Ehre zu erweisen. Unsere erfahrenen Handwerker haben ein einzigartiges geometrisches Design entworfen.","breadcrumb":{"@id":"https:\/\/www.rememberme-forever.com\/de\/produkt\/urne-fuer-hundeasche-geometrisches-design-alle-rassen\/#breadcrumb"},"inLanguage":"de","potentialAction":[{"@type":"ReadAction","target":["https:\/\/www.rememberme-forever.com\/de\/produkt\/urne-fuer-hundeasche-geometrisches-design-alle-rassen\/"]}]},{"@type":"ImageObject","inLanguage":"de","@id":"https:\/\/www.rememberme-forever.com\/de\/produkt\/urne-fuer-hundeasche-geometrisches-design-alle-rassen\/#primaryimage","url":"https:\/\/www.rememberme-forever.com\/wp-content\/uploads\/2023\/04\/urn-for-dog-ashes.jpg","contentUrl":"https:\/\/www.rememberme-forever.com\/wp-content\/uploads\/2023\/04\/urn-for-dog-ashes.jpg","width":768,"height":768,"caption":"Urne f\u00fcr Hundeasche"},{"@type":"BreadcrumbList","@id":"https:\/\/www.rememberme-forever.com\/de\/produkt\/urne-fuer-hundeasche-geometrisches-design-alle-rassen\/#breadcrumb","itemListElement":[{"@type":"ListItem","position":1,"name":"Home","item":"https:\/\/www.rememberme-forever.com\/de\/startseite\/"},{"@type":"ListItem","position":2,"name":"Shop","item":"https:\/\/www.rememberme-forever.com\/de\/shop\/"},{"@type":"ListItem","position":3,"name":"Urne f\u00fcr Hundeasche \u2013 geometrisches Design \u2013 alle Rassen"}]},{"@type":"WebSite","@id":"https:\/\/www.rememberme-forever.com\/de\/#website","url":"https:\/\/www.rememberme-forever.com\/de\/","name":"Remember Forever","description":"Cremation urns, funeral urns, urns for ashes","publisher":{"@id":"https:\/\/www.rememberme-forever.com\/de\/#organization"},"potentialAction":[{"@type":"SearchAction","target":{"@type":"EntryPoint","urlTemplate":"https:\/\/www.rememberme-forever.com\/de\/?s={search_term_string}"},"query-input":{"@type":"PropertyValueSpecification","valueRequired":true,"valueName":"search_term_string"}}],"inLanguage":"de"},{"@type":"Organization","@id":"https:\/\/www.rememberme-forever.com\/de\/#organization","name":"Remember Forever","url":"https:\/\/www.rememberme-forever.com\/de\/","logo":{"@type":"ImageObject","inLanguage":"de","@id":"https:\/\/www.rememberme-forever.com\/de\/#\/schema\/logo\/image\/","url":"https:\/\/www.rememberme-forever.com\/wp-content\/uploads\/2023\/02\/logo.png","contentUrl":"https:\/\/www.rememberme-forever.com\/wp-content\/uploads\/2023\/02\/logo.png","width":300,"height":56,"caption":"Remember Forever"},"image":{"@id":"https:\/\/www.rememberme-forever.com\/de\/#\/schema\/logo\/image\/"}}]}},"acf":[],"_links":{"self":[{"href":"https:\/\/www.rememberme-forever.com\/de\/wp-json\/wp\/v2\/product\/27375","targetHints":{"allow":["GET"]}}],"collection":[{"href":"https:\/\/www.rememberme-forever.com\/de\/wp-json\/wp\/v2\/product"}],"about":[{"href":"https:\/\/www.rememberme-forever.com\/de\/wp-json\/wp\/v2\/types\/product"}],"wp:featuredmedia":[{"embeddable":true,"href":"https:\/\/www.rememberme-forever.com\/de\/wp-json\/wp\/v2\/media\/27156"}],"wp:attachment":[{"href":"https:\/\/www.rememberme-forever.com\/de\/wp-json\/wp\/v2\/media?parent=27375"}],"wp:term":[{"taxonomy":"product_brand","embeddable":true,"href":"https:\/\/www.rememberme-forever.com\/de\/wp-json\/wp\/v2\/product_brand?post=27375"},{"taxonomy":"product_cat","embeddable":true,"href":"https:\/\/www.rememberme-forever.com\/de\/wp-json\/wp\/v2\/product_cat?post=27375"},{"taxonomy":"product_tag","embeddable":true,"href":"https:\/\/www.rememberme-forever.com\/de\/wp-json\/wp\/v2\/product_tag?post=27375"}],"curies":[{"name":"wp","href":"https:\/\/api.w.org\/{rel}","templated":true}]}}