{"id":28450,"date":"2025-07-11T11:16:12","date_gmt":"2025-07-11T09:16:12","guid":{"rendered":"https:\/\/www.rememberme-forever.com\/product\/tischtennis-urne-fuer-asche-tischtennismotiv\/"},"modified":"2026-03-17T14:44:43","modified_gmt":"2026-03-17T13:44:43","slug":"tischtennis-urne-fuer-asche-tischtennismotiv","status":"publish","type":"product","link":"https:\/\/www.rememberme-forever.com\/de\/produkt\/tischtennis-urne-fuer-asche-tischtennismotiv\/","title":{"rendered":"Tischtennis-Urne f\u00fcr Asche \u2013 Tischtennismotiv"},"content":{"rendered":"<div style=\"text-align: center;\"><\/div>\n<div style=\"text-align: center;\" data-mce-fragment=\"1\">\n<p data-start=\"75\" data-end=\"273\"><span style=\"color: #000000;\">Diese elegante Urne verbindet modernes Design mit einer pers\u00f6nlichen W\u00fcrdigung eines wahren Tischtennis-Enthusiasten. In Form einer edlen Box gefertigt, besteht der Korpus aus hochwertigem Edelstahl und wird durch einen Deckel aus massivem Holz kontrastreich veredelt. <\/span><\/p>\n<p data-start=\"75\" data-end=\"273\">\n<p data-start=\"75\" data-end=\"273\"><span style=\"color: #000000;\">Auf der Vorderseite der Urne ist ein detailliert graviertes Bild eines Tischtennisspielers in Aktion zu sehen \u2013 ein kraftvolles Symbol f\u00fcr Leidenschaft, Pr\u00e4zision und Beweglichkeit. Dar\u00fcber befindet sich eine Gedenkplakette, die eine individuelle Gravur mit Ihrem pers\u00f6nlichen Text erm\u00f6glicht und diese Urne zu einem zutiefst pers\u00f6nlichen Andenken macht. <\/span><\/p>\n<p data-start=\"75\" data-end=\"273\">\n<p data-start=\"75\" data-end=\"273\"><span style=\"color: #000000;\">Im Inneren ist die Urne mit weichem Filz ausgekleidet, um die Asche sanft zu sch\u00fctzen und eine w\u00fcrdevolle Ruhest\u00e4tte zu gew\u00e4hrleisten.<\/span><\/p>\n<div style=\"width: 100%; margin-bottom: 40px; height: max-content; padding-bottom: 60%; position: relative;\"><iframe style=\"position: absolute; top: 0; left: 0; width: 100%; height: 100%;\" src=\"https:\/\/rememberme-urns.com\/table-tennis-sport-urn\/\" frameborder=\"0\"><\/iframe><\/div>\n<div style=\"color: red; text-align: center; margin-bottom: 25px;\">\n<p>&gt;&gt; Drehendes Foto \u2013 Tippen\/Zoomen &lt;&lt;<\/p>\n<\/div>\n<p data-start=\"75\" data-end=\"273\">\n<p data-start=\"75\" data-end=\"273\"><span style=\"color: #000000;\">\u25ba Produktmerkmale \u25c4<\/span><\/p>\n<p data-start=\"75\" data-end=\"273\"><span style=\"color: #000000;\">&#8211; Material: Geb\u00fcrsteter Edelstahlkorpus mit dunklem Holzdeckel<\/span><\/p>\n<p data-start=\"75\" data-end=\"273\"><span style=\"color: #000000;\">&#8211; Motiv: Tischtennis-\/Tischtennisspieler-Gravur<\/span><\/p>\n<p data-start=\"75\" data-end=\"273\"><span style=\"color: #000000;\">&#8211; Personalisierung: Gravierte Plakette f\u00fcr pers\u00f6nlichen Text<\/span><\/p>\n<p data-start=\"75\" data-end=\"273\"><span style=\"color: #000000;\">&#8211; Innenraum: Mit weichem Filz ausgekleidet f\u00fcr zus\u00e4tzlichen Schutz<\/span><\/p>\n<p data-start=\"75\" data-end=\"273\"><span style=\"color: #000000;\">&#8211; \u00d6ffnung: Von oben mit sicher sitzendem Deckel<\/span><\/p>\n<p data-start=\"75\" data-end=\"273\"><span style=\"color: #000000;\">&#8211; Fassungsverm\u00f6gen: Geeignet f\u00fcr die Asche eines Erwachsenen (volle Gr\u00f6\u00dfe)<\/span><\/p>\n<p data-start=\"75\" data-end=\"273\">\n<p data-start=\"75\" data-end=\"273\"><span style=\"color: #000000;\">Eine einzigartige Gedenkurne f\u00fcr jemanden, dessen Geist durch den geliebten Sport weiterlebt. Perfekt zur Aufstellung zu Hause oder als bleibendes Andenken in einer Kolumbarium-Nische. <\/span><\/p>\n<\/div>\n<p>&nbsp;<\/p>\n<p style=\"text-align: center;\"><strong>\u25ba PERSONALISIERUNG \u25c4<\/strong><\/p>\n<p style=\"text-align: center;\">\u2714\ufe0f Wenn Sie sich f\u00fcr eine personalisierte Plakette entscheiden, geben Sie den Text an der entsprechenden Stelle ein oder schicken Sie uns eine Nachricht.<\/p>\n<p style=\"text-align: center;\">\u2714\ufe0f Die personalisierte Gedenktafel muss w\u00e4hrend des Bestellvorgangs angepasst werden. (Keine Sorge, wenn Sie es vergessen, Sie k\u00f6nnen uns sp\u00e4ter immer noch eine Nachricht schicken).<\/p>\n<p style=\"text-align: center;\"><b>Die Textbeschr\u00e4nkungen lauten wie folgt:<\/b><\/p>\n<p style=\"text-align: center;\"><span style=\"color: var(--text-color); font-size: 14px;\">Name(n) bis zu 24 Zeichen<\/span><\/p>\n<p style=\"text-align: center;\"><span style=\"color: var(--text-color); font-size: 14px;\">Geburts- und Sterbedatum mit bis zu 24 Zeichen<\/span><\/p>\n<p style=\"text-align: center;\"><span style=\"color: var(--text-color); font-size: 14px;\">Dritte Zeile bis zu 24 Zeichen<\/span><\/p>\n<p style=\"text-align: center;\"><span style=\"font-size: 14px;\">Vierte Zeile bis zu 24 Zeichen<\/span><\/p>\n<p style=\"text-align: center;\"><span style=\"font-size: 14px;\">F\u00fcnfte Zeile mit bis zu 24 Zeichen<\/span><\/p>\n<div style=\"text-align: center;\"><\/div>\n<p style=\"text-align: center;\">\u2714\ufe0f Bitte <strong>\u00fcberpr\u00fcfen<\/strong> Sie den Gravurtext <strong>ZWEIFACH<\/strong>, bevor Sie das Produkt in Ihren Warenkorb legen. Wir kopieren und gravieren genau die Informationen, die wir mit der Bestellung erhalten, und nehmen unsererseits keine \u00c4nderungen vor.<\/p>\n<p style=\"text-align: center;\">\u2714\ufe0f \u00dcberpr\u00fcfen Sie den Text, um sicherzustellen, dass die Schreibweise korrekt ist.<\/p>\n<p style=\"text-align: center;\">\u2714\ufe0f Geben Sie <strong>KEINE<\/strong> Gravurinformationen ein, wenn Sie die Option &#8218;Urne ohne Plakette&#8216; kaufen.<\/p>\n","protected":false},"excerpt":{"rendered":"<p>Diese elegante Urne verbindet modernes Design mit einer pers\u00f6nlichen W\u00fcrdigung eines wahren Tischtennis-Enthusiasten. In Form einer edlen Box gefertigt, besteht der Korpus aus hochwertigem Edelstahl&#8230;<\/p>\n","protected":false},"featured_media":28435,"template":"","meta":{"_acf_changed":false},"product_brand":[],"product_cat":[2344,2355],"product_tag":[3349],"class_list":{"0":"post-28450","1":"product","2":"type-product","3":"status-publish","4":"has-post-thumbnail","6":"product_cat-motivurnen","7":"product_cat-sporturnen","8":"product_tag-gpsr-metal_wood_cover","9":"product_shipping_class-2-4kg","11":"first","12":"instock","13":"taxable","14":"shipping-taxable","15":"purchasable","16":"product-type-simple"},"yoast_head":"<!-- This site is optimized with the Yoast SEO plugin v27.4 - https:\/\/yoast.com\/product\/yoast-seo-wordpress\/ -->\n<title>Tischtennis-Urne f\u00fcr Asche \u2013 Tischtennismotiv - Remember Forever<\/title>\n<meta name=\"robots\" content=\"index, follow, max-snippet:-1, max-image-preview:large, max-video-preview:-1\" \/>\n<link rel=\"canonical\" href=\"https:\/\/www.rememberme-forever.com\/de\/produkt\/tischtennis-urne-fuer-asche-tischtennismotiv\/\" \/>\n<meta property=\"og:locale\" content=\"de_DE\" \/>\n<meta property=\"og:type\" content=\"article\" \/>\n<meta property=\"og:title\" content=\"Tischtennis-Urne f\u00fcr Asche \u2013 Tischtennismotiv - Remember Forever\" \/>\n<meta property=\"og:description\" content=\"Diese elegante Urne verbindet modernes Design mit einer pers\u00f6nlichen W\u00fcrdigung eines wahren Tischtennis-Enthusiasten. In Form einer edlen Box gefertigt, besteht der Korpus aus hochwertigem Edelstahl...\" \/>\n<meta property=\"og:url\" content=\"https:\/\/www.rememberme-forever.com\/de\/produkt\/tischtennis-urne-fuer-asche-tischtennismotiv\/\" \/>\n<meta property=\"og:site_name\" content=\"Remember Forever\" \/>\n<meta property=\"article:modified_time\" content=\"2026-03-17T13:44:43+00:00\" \/>\n<meta property=\"og:image\" content=\"http:\/\/www.rememberme-forever.com\/wp-content\/uploads\/2025\/07\/table-tennis-urn_0001.jpg\" \/>\n\t<meta property=\"og:image:width\" content=\"1007\" \/>\n\t<meta property=\"og:image:height\" content=\"1024\" \/>\n\t<meta property=\"og:image:type\" content=\"image\/jpeg\" \/>\n<meta name=\"twitter:card\" content=\"summary_large_image\" \/>\n<meta name=\"twitter:label1\" content=\"Gesch\u00e4tzte Lesezeit\" \/>\n\t<meta name=\"twitter:data1\" content=\"2\u00a0Minute\" \/>\n<script type=\"application\/ld+json\" class=\"yoast-schema-graph\">{\"@context\":\"https:\\\/\\\/schema.org\",\"@graph\":[{\"@type\":\"WebPage\",\"@id\":\"https:\\\/\\\/www.rememberme-forever.com\\\/de\\\/produkt\\\/tischtennis-urne-fuer-asche-tischtennismotiv\\\/\",\"url\":\"https:\\\/\\\/www.rememberme-forever.com\\\/de\\\/produkt\\\/tischtennis-urne-fuer-asche-tischtennismotiv\\\/\",\"name\":\"Tischtennis-Urne f\u00fcr Asche \u2013 Tischtennismotiv - Remember Forever\",\"isPartOf\":{\"@id\":\"https:\\\/\\\/www.rememberme-forever.com\\\/de\\\/#website\"},\"primaryImageOfPage\":{\"@id\":\"https:\\\/\\\/www.rememberme-forever.com\\\/de\\\/produkt\\\/tischtennis-urne-fuer-asche-tischtennismotiv\\\/#primaryimage\"},\"image\":{\"@id\":\"https:\\\/\\\/www.rememberme-forever.com\\\/de\\\/produkt\\\/tischtennis-urne-fuer-asche-tischtennismotiv\\\/#primaryimage\"},\"thumbnailUrl\":\"https:\\\/\\\/www.rememberme-forever.com\\\/wp-content\\\/uploads\\\/2025\\\/07\\\/table-tennis-urn_0001.jpg\",\"datePublished\":\"2025-07-11T09:16:12+00:00\",\"dateModified\":\"2026-03-17T13:44:43+00:00\",\"breadcrumb\":{\"@id\":\"https:\\\/\\\/www.rememberme-forever.com\\\/de\\\/produkt\\\/tischtennis-urne-fuer-asche-tischtennismotiv\\\/#breadcrumb\"},\"inLanguage\":\"de\",\"potentialAction\":[{\"@type\":\"ReadAction\",\"target\":[\"https:\\\/\\\/www.rememberme-forever.com\\\/de\\\/produkt\\\/tischtennis-urne-fuer-asche-tischtennismotiv\\\/\"]}]},{\"@type\":\"ImageObject\",\"inLanguage\":\"de\",\"@id\":\"https:\\\/\\\/www.rememberme-forever.com\\\/de\\\/produkt\\\/tischtennis-urne-fuer-asche-tischtennismotiv\\\/#primaryimage\",\"url\":\"https:\\\/\\\/www.rememberme-forever.com\\\/wp-content\\\/uploads\\\/2025\\\/07\\\/table-tennis-urn_0001.jpg\",\"contentUrl\":\"https:\\\/\\\/www.rememberme-forever.com\\\/wp-content\\\/uploads\\\/2025\\\/07\\\/table-tennis-urn_0001.jpg\",\"width\":1007,\"height\":1024,\"caption\":\"Tischtennis-Urne f\u00fcr Asche \u2013 Tischtennismotiv\"},{\"@type\":\"BreadcrumbList\",\"@id\":\"https:\\\/\\\/www.rememberme-forever.com\\\/de\\\/produkt\\\/tischtennis-urne-fuer-asche-tischtennismotiv\\\/#breadcrumb\",\"itemListElement\":[{\"@type\":\"ListItem\",\"position\":1,\"name\":\"Home\",\"item\":\"https:\\\/\\\/www.rememberme-forever.com\\\/de\\\/startseite\\\/\"},{\"@type\":\"ListItem\",\"position\":2,\"name\":\"Shop\",\"item\":\"https:\\\/\\\/www.rememberme-forever.com\\\/de\\\/shop\\\/\"},{\"@type\":\"ListItem\",\"position\":3,\"name\":\"Tischtennis-Urne f\u00fcr Asche \u2013 Tischtennismotiv\"}]},{\"@type\":\"WebSite\",\"@id\":\"https:\\\/\\\/www.rememberme-forever.com\\\/de\\\/#website\",\"url\":\"https:\\\/\\\/www.rememberme-forever.com\\\/de\\\/\",\"name\":\"Remember Forever\",\"description\":\"Cremation urns, funeral urns, urns for ashes\",\"publisher\":{\"@id\":\"https:\\\/\\\/www.rememberme-forever.com\\\/de\\\/#organization\"},\"potentialAction\":[{\"@type\":\"SearchAction\",\"target\":{\"@type\":\"EntryPoint\",\"urlTemplate\":\"https:\\\/\\\/www.rememberme-forever.com\\\/de\\\/?s={search_term_string}\"},\"query-input\":{\"@type\":\"PropertyValueSpecification\",\"valueRequired\":true,\"valueName\":\"search_term_string\"}}],\"inLanguage\":\"de\"},{\"@type\":\"Organization\",\"@id\":\"https:\\\/\\\/www.rememberme-forever.com\\\/de\\\/#organization\",\"name\":\"Remember Forever\",\"url\":\"https:\\\/\\\/www.rememberme-forever.com\\\/de\\\/\",\"logo\":{\"@type\":\"ImageObject\",\"inLanguage\":\"de\",\"@id\":\"https:\\\/\\\/www.rememberme-forever.com\\\/de\\\/#\\\/schema\\\/logo\\\/image\\\/\",\"url\":\"https:\\\/\\\/www.rememberme-forever.com\\\/wp-content\\\/uploads\\\/2023\\\/02\\\/logo.png\",\"contentUrl\":\"https:\\\/\\\/www.rememberme-forever.com\\\/wp-content\\\/uploads\\\/2023\\\/02\\\/logo.png\",\"width\":300,\"height\":56,\"caption\":\"Remember Forever\"},\"image\":{\"@id\":\"https:\\\/\\\/www.rememberme-forever.com\\\/de\\\/#\\\/schema\\\/logo\\\/image\\\/\"}}]}<\/script>\n<!-- \/ Yoast SEO plugin. -->","yoast_head_json":{"title":"Tischtennis-Urne f\u00fcr Asche \u2013 Tischtennismotiv - Remember Forever","robots":{"index":"index","follow":"follow","max-snippet":"max-snippet:-1","max-image-preview":"max-image-preview:large","max-video-preview":"max-video-preview:-1"},"canonical":"https:\/\/www.rememberme-forever.com\/de\/produkt\/tischtennis-urne-fuer-asche-tischtennismotiv\/","og_locale":"de_DE","og_type":"article","og_title":"Tischtennis-Urne f\u00fcr Asche \u2013 Tischtennismotiv - Remember Forever","og_description":"Diese elegante Urne verbindet modernes Design mit einer pers\u00f6nlichen W\u00fcrdigung eines wahren Tischtennis-Enthusiasten. In Form einer edlen Box gefertigt, besteht der Korpus aus hochwertigem Edelstahl...","og_url":"https:\/\/www.rememberme-forever.com\/de\/produkt\/tischtennis-urne-fuer-asche-tischtennismotiv\/","og_site_name":"Remember Forever","article_modified_time":"2026-03-17T13:44:43+00:00","og_image":[{"width":1007,"height":1024,"url":"http:\/\/www.rememberme-forever.com\/wp-content\/uploads\/2025\/07\/table-tennis-urn_0001.jpg","type":"image\/jpeg"}],"twitter_card":"summary_large_image","twitter_misc":{"Gesch\u00e4tzte Lesezeit":"2\u00a0Minute"},"schema":{"@context":"https:\/\/schema.org","@graph":[{"@type":"WebPage","@id":"https:\/\/www.rememberme-forever.com\/de\/produkt\/tischtennis-urne-fuer-asche-tischtennismotiv\/","url":"https:\/\/www.rememberme-forever.com\/de\/produkt\/tischtennis-urne-fuer-asche-tischtennismotiv\/","name":"Tischtennis-Urne f\u00fcr Asche \u2013 Tischtennismotiv - Remember Forever","isPartOf":{"@id":"https:\/\/www.rememberme-forever.com\/de\/#website"},"primaryImageOfPage":{"@id":"https:\/\/www.rememberme-forever.com\/de\/produkt\/tischtennis-urne-fuer-asche-tischtennismotiv\/#primaryimage"},"image":{"@id":"https:\/\/www.rememberme-forever.com\/de\/produkt\/tischtennis-urne-fuer-asche-tischtennismotiv\/#primaryimage"},"thumbnailUrl":"https:\/\/www.rememberme-forever.com\/wp-content\/uploads\/2025\/07\/table-tennis-urn_0001.jpg","datePublished":"2025-07-11T09:16:12+00:00","dateModified":"2026-03-17T13:44:43+00:00","breadcrumb":{"@id":"https:\/\/www.rememberme-forever.com\/de\/produkt\/tischtennis-urne-fuer-asche-tischtennismotiv\/#breadcrumb"},"inLanguage":"de","potentialAction":[{"@type":"ReadAction","target":["https:\/\/www.rememberme-forever.com\/de\/produkt\/tischtennis-urne-fuer-asche-tischtennismotiv\/"]}]},{"@type":"ImageObject","inLanguage":"de","@id":"https:\/\/www.rememberme-forever.com\/de\/produkt\/tischtennis-urne-fuer-asche-tischtennismotiv\/#primaryimage","url":"https:\/\/www.rememberme-forever.com\/wp-content\/uploads\/2025\/07\/table-tennis-urn_0001.jpg","contentUrl":"https:\/\/www.rememberme-forever.com\/wp-content\/uploads\/2025\/07\/table-tennis-urn_0001.jpg","width":1007,"height":1024,"caption":"Tischtennis-Urne f\u00fcr Asche \u2013 Tischtennismotiv"},{"@type":"BreadcrumbList","@id":"https:\/\/www.rememberme-forever.com\/de\/produkt\/tischtennis-urne-fuer-asche-tischtennismotiv\/#breadcrumb","itemListElement":[{"@type":"ListItem","position":1,"name":"Home","item":"https:\/\/www.rememberme-forever.com\/de\/startseite\/"},{"@type":"ListItem","position":2,"name":"Shop","item":"https:\/\/www.rememberme-forever.com\/de\/shop\/"},{"@type":"ListItem","position":3,"name":"Tischtennis-Urne f\u00fcr Asche \u2013 Tischtennismotiv"}]},{"@type":"WebSite","@id":"https:\/\/www.rememberme-forever.com\/de\/#website","url":"https:\/\/www.rememberme-forever.com\/de\/","name":"Remember Forever","description":"Cremation urns, funeral urns, urns for ashes","publisher":{"@id":"https:\/\/www.rememberme-forever.com\/de\/#organization"},"potentialAction":[{"@type":"SearchAction","target":{"@type":"EntryPoint","urlTemplate":"https:\/\/www.rememberme-forever.com\/de\/?s={search_term_string}"},"query-input":{"@type":"PropertyValueSpecification","valueRequired":true,"valueName":"search_term_string"}}],"inLanguage":"de"},{"@type":"Organization","@id":"https:\/\/www.rememberme-forever.com\/de\/#organization","name":"Remember Forever","url":"https:\/\/www.rememberme-forever.com\/de\/","logo":{"@type":"ImageObject","inLanguage":"de","@id":"https:\/\/www.rememberme-forever.com\/de\/#\/schema\/logo\/image\/","url":"https:\/\/www.rememberme-forever.com\/wp-content\/uploads\/2023\/02\/logo.png","contentUrl":"https:\/\/www.rememberme-forever.com\/wp-content\/uploads\/2023\/02\/logo.png","width":300,"height":56,"caption":"Remember Forever"},"image":{"@id":"https:\/\/www.rememberme-forever.com\/de\/#\/schema\/logo\/image\/"}}]}},"acf":[],"_links":{"self":[{"href":"https:\/\/www.rememberme-forever.com\/de\/wp-json\/wp\/v2\/product\/28450","targetHints":{"allow":["GET"]}}],"collection":[{"href":"https:\/\/www.rememberme-forever.com\/de\/wp-json\/wp\/v2\/product"}],"about":[{"href":"https:\/\/www.rememberme-forever.com\/de\/wp-json\/wp\/v2\/types\/product"}],"wp:featuredmedia":[{"embeddable":true,"href":"https:\/\/www.rememberme-forever.com\/de\/wp-json\/wp\/v2\/media\/28435"}],"wp:attachment":[{"href":"https:\/\/www.rememberme-forever.com\/de\/wp-json\/wp\/v2\/media?parent=28450"}],"wp:term":[{"taxonomy":"product_brand","embeddable":true,"href":"https:\/\/www.rememberme-forever.com\/de\/wp-json\/wp\/v2\/product_brand?post=28450"},{"taxonomy":"product_cat","embeddable":true,"href":"https:\/\/www.rememberme-forever.com\/de\/wp-json\/wp\/v2\/product_cat?post=28450"},{"taxonomy":"product_tag","embeddable":true,"href":"https:\/\/www.rememberme-forever.com\/de\/wp-json\/wp\/v2\/product_tag?post=28450"}],"curies":[{"name":"wp","href":"https:\/\/api.w.org\/{rel}","templated":true}]}}