{"id":28966,"date":"2026-04-13T10:09:00","date_gmt":"2026-04-13T08:09:00","guid":{"rendered":"https:\/\/www.rememberme-forever.com\/product\/fc-liverpool-urne-fuer-asche-themen-urne-fuer-die-einaescherung\/"},"modified":"2026-04-13T10:34:44","modified_gmt":"2026-04-13T08:34:44","slug":"fc-liverpool-urne-fuer-asche-themen-urne-fuer-die-einaescherung","status":"publish","type":"product","link":"https:\/\/www.rememberme-forever.com\/de\/produkt\/fc-liverpool-urne-fuer-asche-themen-urne-fuer-die-einaescherung\/","title":{"rendered":"FC Liverpool Urne f\u00fcr Asche, Themen-Urne f\u00fcr die Ein\u00e4scherung"},"content":{"rendered":"<p class=\"MsoNormal\" style=\"text-align: center;\"><b>Holzurne mit Kunstwerk f\u00fcr Fans des Liverpool Football Clubs + gravierte Plakette mit Ihrem eigenen Text<\/b><\/p>\n<p class=\"MsoNormal\" style=\"text-align: center;\">Elegante Gedenkurne aus Holz, beschichtet mit einem strapazierf\u00e4higen Hochglanzlack. Die Oberseite ist <b>mit Grafiken im Stil des FC Liverpool bedruckt<\/b> (Fan-Version). Auf der Vorderseite befindet sich <b>eine personalisierte Platte mit Gravur<\/b> \u2013 Name, Daten, kurze Widmung. Das <b>Design mit Boden\u00f6ffnung<\/b> erleichtert das sichere Einlegen der Asche und bewahrt die \u00c4sthetik der Vorderseite.<\/p>\n<div style=\"width: 100%; margin-bottom: 40px; height: max-content; padding-bottom: 60%; position: relative;\"><iframe style=\"position: absolute; top: 0; left: 0; width: 100%; height: 100%;\" src=\"https:\/\/rememberme-urns.com\/liverpool-theme-cremation-urn\/\" frameborder=\"0\"><\/iframe><\/div>\n<div style=\"color: red; text-align: center; margin-bottom: 25px;\">\n<p>&gt;&gt; Drehendes Foto \u2013 Tippen\/Zoomen &lt;&lt;<\/p>\n<\/div>\n<p style=\"text-align: center;\"><strong><span style=\"color: #000000; font-family: Arial;\">\u25ba PERSONALISIERUNG \u25c4<\/span><\/strong><\/p>\n<p style=\"text-align: center;\"><span style=\"color: #000000; font-family: Arial;\">\u2714\ufe0f Geben Sie den Text an der entsprechenden Stelle ein oder senden Sie uns eine Nachricht.<\/span><\/p>\n<p style=\"text-align: center;\"><span style=\"color: #000000; font-family: Arial;\">\u2714\ufe0f Die personalisierte Gedenktafel muss w\u00e4hrend des Bestellvorgangs angepasst werden.<\/span><\/p>\n<p style=\"text-align: center;\">\u2714\ufe0fDie Gedenktafel ist kostenlos. Wenn Sie keinen Gravurtext angeben, erhalten Sie eine blanko Tafel.<\/p>\n<p style=\"text-align: center;\"><b><span style=\"color: #000000; font-family: Arial;\">Die Textbeschr\u00e4nkungen lauten wie folgt:<\/span><\/b><\/p>\n<p style=\"text-align: center;\"><span style=\"color: #000000; font-family: Arial;\">Name(n) bis zu 24 Zeichen<\/span><\/p>\n<p style=\"text-align: center;\"><span style=\"color: #000000; font-family: Arial;\">Geburts- und Sterbedatum mit bis zu 24 Zeichen<\/span><\/p>\n<p style=\"text-align: center;\"><span style=\"color: #000000; font-family: Arial;\">Dritte Zeile bis zu 24 Zeichen<\/span><\/p>\n<p style=\"text-align: center;\"><span style=\"color: #000000; font-family: Arial;\">Vierte Zeile bis zu 24 Zeichen<\/span><\/p>\n<p style=\"text-align: center;\"><span style=\"color: #000000; font-family: Arial;\">F\u00fcnfte Zeile mit bis zu 24 Zeichen<\/span><\/p>\n<div style=\"text-align: center;\"><\/div>\n<p style=\"text-align: center;\"><span style=\"color: #000000; font-family: Arial;\">\u2714\ufe0f Bitte <strong>\u00fcberpr\u00fcfen<\/strong> Sie den Gravurtext <strong>ZWEIFACH<\/strong>, bevor Sie das Produkt in Ihren Warenkorb legen. Wir kopieren und gravieren genau die Informationen, die wir mit der Bestellung erhalten, und nehmen unsererseits keine \u00c4nderungen vor. <\/span><\/p>\n<p style=\"text-align: center;\"><span style=\"color: #000000; font-family: Arial;\">\u2714\ufe0f \u00dcberpr\u00fcfen Sie den Text, um sicherzustellen, dass die Schreibweise korrekt ist.<\/span><\/p>\n","protected":false},"excerpt":{"rendered":"<p>Holzurne mit Kunstwerk f\u00fcr Fans des Liverpool Football Clubs + gravierte Plakette mit Ihrem eigenen Text Elegante Gedenkurne aus Holz, beschichtet mit einem strapazierf\u00e4higen Hochglanzlack&#8230;.<\/p>\n","protected":false},"featured_media":28933,"template":"","meta":{"_acf_changed":false},"product_brand":[],"product_cat":[2344,2355],"product_tag":[3305],"class_list":{"0":"post-28966","1":"product","2":"type-product","3":"status-publish","4":"has-post-thumbnail","6":"product_cat-motivurnen","7":"product_cat-sporturnen","8":"product_tag-gpsr-all-wood-urns","9":"product_shipping_class-art-urns-kule-do20cm-de","11":"first","12":"instock","13":"taxable","14":"shipping-taxable","15":"purchasable","16":"product-type-simple"},"yoast_head":"<!-- This site is optimized with the Yoast SEO plugin v27.4 - https:\/\/yoast.com\/product\/yoast-seo-wordpress\/ -->\n<title>FC Liverpool Urne f\u00fcr Asche, Themen-Urne f\u00fcr die Ein\u00e4scherung - Remember Forever<\/title>\n<meta name=\"robots\" content=\"index, follow, max-snippet:-1, max-image-preview:large, max-video-preview:-1\" \/>\n<link rel=\"canonical\" href=\"https:\/\/www.rememberme-forever.com\/de\/produkt\/fc-liverpool-urne-fuer-asche-themen-urne-fuer-die-einaescherung\/\" \/>\n<meta property=\"og:locale\" content=\"de_DE\" \/>\n<meta property=\"og:type\" content=\"article\" \/>\n<meta property=\"og:title\" content=\"FC Liverpool Urne f\u00fcr Asche, Themen-Urne f\u00fcr die Ein\u00e4scherung - Remember Forever\" \/>\n<meta property=\"og:description\" content=\"Holzurne mit Kunstwerk f\u00fcr Fans des Liverpool Football Clubs + gravierte Plakette mit Ihrem eigenen Text Elegante Gedenkurne aus Holz, beschichtet mit einem strapazierf\u00e4higen Hochglanzlack....\" \/>\n<meta property=\"og:url\" content=\"https:\/\/www.rememberme-forever.com\/de\/produkt\/fc-liverpool-urne-fuer-asche-themen-urne-fuer-die-einaescherung\/\" \/>\n<meta property=\"og:site_name\" content=\"Remember Forever\" \/>\n<meta property=\"article:modified_time\" content=\"2026-04-13T08:34:44+00:00\" \/>\n<meta property=\"og:image\" content=\"http:\/\/www.rememberme-forever.com\/wp-content\/uploads\/2026\/04\/theme-fc-liverpool-urn-for-ashes-004.jpg\" \/>\n\t<meta property=\"og:image:width\" content=\"1007\" \/>\n\t<meta property=\"og:image:height\" content=\"1024\" \/>\n\t<meta property=\"og:image:type\" content=\"image\/jpeg\" \/>\n<meta name=\"twitter:card\" content=\"summary_large_image\" \/>\n<meta name=\"twitter:label1\" content=\"Gesch\u00e4tzte Lesezeit\" \/>\n\t<meta name=\"twitter:data1\" content=\"2\u00a0Minute\" \/>\n<script type=\"application\/ld+json\" class=\"yoast-schema-graph\">{\"@context\":\"https:\\\/\\\/schema.org\",\"@graph\":[{\"@type\":\"WebPage\",\"@id\":\"https:\\\/\\\/www.rememberme-forever.com\\\/de\\\/produkt\\\/fc-liverpool-urne-fuer-asche-themen-urne-fuer-die-einaescherung\\\/\",\"url\":\"https:\\\/\\\/www.rememberme-forever.com\\\/de\\\/produkt\\\/fc-liverpool-urne-fuer-asche-themen-urne-fuer-die-einaescherung\\\/\",\"name\":\"FC Liverpool Urne f\u00fcr Asche, Themen-Urne f\u00fcr die Ein\u00e4scherung - Remember Forever\",\"isPartOf\":{\"@id\":\"https:\\\/\\\/www.rememberme-forever.com\\\/de\\\/#website\"},\"primaryImageOfPage\":{\"@id\":\"https:\\\/\\\/www.rememberme-forever.com\\\/de\\\/produkt\\\/fc-liverpool-urne-fuer-asche-themen-urne-fuer-die-einaescherung\\\/#primaryimage\"},\"image\":{\"@id\":\"https:\\\/\\\/www.rememberme-forever.com\\\/de\\\/produkt\\\/fc-liverpool-urne-fuer-asche-themen-urne-fuer-die-einaescherung\\\/#primaryimage\"},\"thumbnailUrl\":\"https:\\\/\\\/www.rememberme-forever.com\\\/wp-content\\\/uploads\\\/2026\\\/04\\\/theme-fc-liverpool-urn-for-ashes-004.jpg\",\"datePublished\":\"2026-04-13T08:09:00+00:00\",\"dateModified\":\"2026-04-13T08:34:44+00:00\",\"breadcrumb\":{\"@id\":\"https:\\\/\\\/www.rememberme-forever.com\\\/de\\\/produkt\\\/fc-liverpool-urne-fuer-asche-themen-urne-fuer-die-einaescherung\\\/#breadcrumb\"},\"inLanguage\":\"de\",\"potentialAction\":[{\"@type\":\"ReadAction\",\"target\":[\"https:\\\/\\\/www.rememberme-forever.com\\\/de\\\/produkt\\\/fc-liverpool-urne-fuer-asche-themen-urne-fuer-die-einaescherung\\\/\"]}]},{\"@type\":\"ImageObject\",\"inLanguage\":\"de\",\"@id\":\"https:\\\/\\\/www.rememberme-forever.com\\\/de\\\/produkt\\\/fc-liverpool-urne-fuer-asche-themen-urne-fuer-die-einaescherung\\\/#primaryimage\",\"url\":\"https:\\\/\\\/www.rememberme-forever.com\\\/wp-content\\\/uploads\\\/2026\\\/04\\\/theme-fc-liverpool-urn-for-ashes-004.jpg\",\"contentUrl\":\"https:\\\/\\\/www.rememberme-forever.com\\\/wp-content\\\/uploads\\\/2026\\\/04\\\/theme-fc-liverpool-urn-for-ashes-004.jpg\",\"width\":1007,\"height\":1024,\"caption\":\"Draufsicht FC Liverpool Themenurne f\u00fcr Asche Holz-Urne f\u00fcr die Ein\u00e4scherung Fu\u00dfballfan-Gedenkst\u00e4tte\"},{\"@type\":\"BreadcrumbList\",\"@id\":\"https:\\\/\\\/www.rememberme-forever.com\\\/de\\\/produkt\\\/fc-liverpool-urne-fuer-asche-themen-urne-fuer-die-einaescherung\\\/#breadcrumb\",\"itemListElement\":[{\"@type\":\"ListItem\",\"position\":1,\"name\":\"Home\",\"item\":\"https:\\\/\\\/www.rememberme-forever.com\\\/de\\\/startseite\\\/\"},{\"@type\":\"ListItem\",\"position\":2,\"name\":\"Shop\",\"item\":\"https:\\\/\\\/www.rememberme-forever.com\\\/de\\\/shop\\\/\"},{\"@type\":\"ListItem\",\"position\":3,\"name\":\"FC Liverpool Urne f\u00fcr Asche, Themen-Urne f\u00fcr die Ein\u00e4scherung\"}]},{\"@type\":\"WebSite\",\"@id\":\"https:\\\/\\\/www.rememberme-forever.com\\\/de\\\/#website\",\"url\":\"https:\\\/\\\/www.rememberme-forever.com\\\/de\\\/\",\"name\":\"Remember Forever\",\"description\":\"Cremation urns, funeral urns, urns for ashes\",\"publisher\":{\"@id\":\"https:\\\/\\\/www.rememberme-forever.com\\\/de\\\/#organization\"},\"potentialAction\":[{\"@type\":\"SearchAction\",\"target\":{\"@type\":\"EntryPoint\",\"urlTemplate\":\"https:\\\/\\\/www.rememberme-forever.com\\\/de\\\/?s={search_term_string}\"},\"query-input\":{\"@type\":\"PropertyValueSpecification\",\"valueRequired\":true,\"valueName\":\"search_term_string\"}}],\"inLanguage\":\"de\"},{\"@type\":\"Organization\",\"@id\":\"https:\\\/\\\/www.rememberme-forever.com\\\/de\\\/#organization\",\"name\":\"Remember Forever\",\"url\":\"https:\\\/\\\/www.rememberme-forever.com\\\/de\\\/\",\"logo\":{\"@type\":\"ImageObject\",\"inLanguage\":\"de\",\"@id\":\"https:\\\/\\\/www.rememberme-forever.com\\\/de\\\/#\\\/schema\\\/logo\\\/image\\\/\",\"url\":\"https:\\\/\\\/www.rememberme-forever.com\\\/wp-content\\\/uploads\\\/2023\\\/02\\\/logo.png\",\"contentUrl\":\"https:\\\/\\\/www.rememberme-forever.com\\\/wp-content\\\/uploads\\\/2023\\\/02\\\/logo.png\",\"width\":300,\"height\":56,\"caption\":\"Remember Forever\"},\"image\":{\"@id\":\"https:\\\/\\\/www.rememberme-forever.com\\\/de\\\/#\\\/schema\\\/logo\\\/image\\\/\"}}]}<\/script>\n<!-- \/ Yoast SEO plugin. -->","yoast_head_json":{"title":"FC Liverpool Urne f\u00fcr Asche, Themen-Urne f\u00fcr die Ein\u00e4scherung - Remember Forever","robots":{"index":"index","follow":"follow","max-snippet":"max-snippet:-1","max-image-preview":"max-image-preview:large","max-video-preview":"max-video-preview:-1"},"canonical":"https:\/\/www.rememberme-forever.com\/de\/produkt\/fc-liverpool-urne-fuer-asche-themen-urne-fuer-die-einaescherung\/","og_locale":"de_DE","og_type":"article","og_title":"FC Liverpool Urne f\u00fcr Asche, Themen-Urne f\u00fcr die Ein\u00e4scherung - Remember Forever","og_description":"Holzurne mit Kunstwerk f\u00fcr Fans des Liverpool Football Clubs + gravierte Plakette mit Ihrem eigenen Text Elegante Gedenkurne aus Holz, beschichtet mit einem strapazierf\u00e4higen Hochglanzlack....","og_url":"https:\/\/www.rememberme-forever.com\/de\/produkt\/fc-liverpool-urne-fuer-asche-themen-urne-fuer-die-einaescherung\/","og_site_name":"Remember Forever","article_modified_time":"2026-04-13T08:34:44+00:00","og_image":[{"width":1007,"height":1024,"url":"http:\/\/www.rememberme-forever.com\/wp-content\/uploads\/2026\/04\/theme-fc-liverpool-urn-for-ashes-004.jpg","type":"image\/jpeg"}],"twitter_card":"summary_large_image","twitter_misc":{"Gesch\u00e4tzte Lesezeit":"2\u00a0Minute"},"schema":{"@context":"https:\/\/schema.org","@graph":[{"@type":"WebPage","@id":"https:\/\/www.rememberme-forever.com\/de\/produkt\/fc-liverpool-urne-fuer-asche-themen-urne-fuer-die-einaescherung\/","url":"https:\/\/www.rememberme-forever.com\/de\/produkt\/fc-liverpool-urne-fuer-asche-themen-urne-fuer-die-einaescherung\/","name":"FC Liverpool Urne f\u00fcr Asche, Themen-Urne f\u00fcr die Ein\u00e4scherung - Remember Forever","isPartOf":{"@id":"https:\/\/www.rememberme-forever.com\/de\/#website"},"primaryImageOfPage":{"@id":"https:\/\/www.rememberme-forever.com\/de\/produkt\/fc-liverpool-urne-fuer-asche-themen-urne-fuer-die-einaescherung\/#primaryimage"},"image":{"@id":"https:\/\/www.rememberme-forever.com\/de\/produkt\/fc-liverpool-urne-fuer-asche-themen-urne-fuer-die-einaescherung\/#primaryimage"},"thumbnailUrl":"https:\/\/www.rememberme-forever.com\/wp-content\/uploads\/2026\/04\/theme-fc-liverpool-urn-for-ashes-004.jpg","datePublished":"2026-04-13T08:09:00+00:00","dateModified":"2026-04-13T08:34:44+00:00","breadcrumb":{"@id":"https:\/\/www.rememberme-forever.com\/de\/produkt\/fc-liverpool-urne-fuer-asche-themen-urne-fuer-die-einaescherung\/#breadcrumb"},"inLanguage":"de","potentialAction":[{"@type":"ReadAction","target":["https:\/\/www.rememberme-forever.com\/de\/produkt\/fc-liverpool-urne-fuer-asche-themen-urne-fuer-die-einaescherung\/"]}]},{"@type":"ImageObject","inLanguage":"de","@id":"https:\/\/www.rememberme-forever.com\/de\/produkt\/fc-liverpool-urne-fuer-asche-themen-urne-fuer-die-einaescherung\/#primaryimage","url":"https:\/\/www.rememberme-forever.com\/wp-content\/uploads\/2026\/04\/theme-fc-liverpool-urn-for-ashes-004.jpg","contentUrl":"https:\/\/www.rememberme-forever.com\/wp-content\/uploads\/2026\/04\/theme-fc-liverpool-urn-for-ashes-004.jpg","width":1007,"height":1024,"caption":"Draufsicht FC Liverpool Themenurne f\u00fcr Asche Holz-Urne f\u00fcr die Ein\u00e4scherung Fu\u00dfballfan-Gedenkst\u00e4tte"},{"@type":"BreadcrumbList","@id":"https:\/\/www.rememberme-forever.com\/de\/produkt\/fc-liverpool-urne-fuer-asche-themen-urne-fuer-die-einaescherung\/#breadcrumb","itemListElement":[{"@type":"ListItem","position":1,"name":"Home","item":"https:\/\/www.rememberme-forever.com\/de\/startseite\/"},{"@type":"ListItem","position":2,"name":"Shop","item":"https:\/\/www.rememberme-forever.com\/de\/shop\/"},{"@type":"ListItem","position":3,"name":"FC Liverpool Urne f\u00fcr Asche, Themen-Urne f\u00fcr die Ein\u00e4scherung"}]},{"@type":"WebSite","@id":"https:\/\/www.rememberme-forever.com\/de\/#website","url":"https:\/\/www.rememberme-forever.com\/de\/","name":"Remember Forever","description":"Cremation urns, funeral urns, urns for ashes","publisher":{"@id":"https:\/\/www.rememberme-forever.com\/de\/#organization"},"potentialAction":[{"@type":"SearchAction","target":{"@type":"EntryPoint","urlTemplate":"https:\/\/www.rememberme-forever.com\/de\/?s={search_term_string}"},"query-input":{"@type":"PropertyValueSpecification","valueRequired":true,"valueName":"search_term_string"}}],"inLanguage":"de"},{"@type":"Organization","@id":"https:\/\/www.rememberme-forever.com\/de\/#organization","name":"Remember Forever","url":"https:\/\/www.rememberme-forever.com\/de\/","logo":{"@type":"ImageObject","inLanguage":"de","@id":"https:\/\/www.rememberme-forever.com\/de\/#\/schema\/logo\/image\/","url":"https:\/\/www.rememberme-forever.com\/wp-content\/uploads\/2023\/02\/logo.png","contentUrl":"https:\/\/www.rememberme-forever.com\/wp-content\/uploads\/2023\/02\/logo.png","width":300,"height":56,"caption":"Remember Forever"},"image":{"@id":"https:\/\/www.rememberme-forever.com\/de\/#\/schema\/logo\/image\/"}}]}},"acf":[],"_links":{"self":[{"href":"https:\/\/www.rememberme-forever.com\/de\/wp-json\/wp\/v2\/product\/28966","targetHints":{"allow":["GET"]}}],"collection":[{"href":"https:\/\/www.rememberme-forever.com\/de\/wp-json\/wp\/v2\/product"}],"about":[{"href":"https:\/\/www.rememberme-forever.com\/de\/wp-json\/wp\/v2\/types\/product"}],"wp:featuredmedia":[{"embeddable":true,"href":"https:\/\/www.rememberme-forever.com\/de\/wp-json\/wp\/v2\/media\/28933"}],"wp:attachment":[{"href":"https:\/\/www.rememberme-forever.com\/de\/wp-json\/wp\/v2\/media?parent=28966"}],"wp:term":[{"taxonomy":"product_brand","embeddable":true,"href":"https:\/\/www.rememberme-forever.com\/de\/wp-json\/wp\/v2\/product_brand?post=28966"},{"taxonomy":"product_cat","embeddable":true,"href":"https:\/\/www.rememberme-forever.com\/de\/wp-json\/wp\/v2\/product_cat?post=28966"},{"taxonomy":"product_tag","embeddable":true,"href":"https:\/\/www.rememberme-forever.com\/de\/wp-json\/wp\/v2\/product_tag?post=28966"}],"curies":[{"name":"wp","href":"https:\/\/api.w.org\/{rel}","templated":true}]}}