{"id":29090,"date":"2026-04-15T10:42:49","date_gmt":"2026-04-15T08:42:49","guid":{"rendered":"https:\/\/www.rememberme-forever.com\/product\/katholische-feuerbestattungsurne-jesus-stillt-den-sturm-urne-aus-holz-fuer-die-asche-eines-erwachsenen\/"},"modified":"2026-04-15T12:55:33","modified_gmt":"2026-04-15T10:55:33","slug":"katholische-feuerbestattungsurne-jesus-stillt-den-sturm-urne-aus-holz-fuer-die-asche-eines-erwachsenen","status":"publish","type":"product","link":"https:\/\/www.rememberme-forever.com\/de\/produkt\/katholische-feuerbestattungsurne-jesus-stillt-den-sturm-urne-aus-holz-fuer-die-asche-eines-erwachsenen\/","title":{"rendered":"Katholische Feuerbestattungsurne \u201eJesus stillt den Sturm\u201c \u2013 Urne aus Holz f\u00fcr die Asche eines Erwachsenen"},"content":{"rendered":"<p style=\"text-align: center;\" data-start=\"273\" data-end=\"580\"><span style=\"color: #000000;\">Gedenken Sie Ihres geliebten Menschen mit dieser bedeutungsvollen und wundersch\u00f6n gefertigten <strong data-start=\"345\" data-end=\"371\">katholischen Feuerbestattungsurne<\/strong>, die die kraftvolle biblische Szene <strong data-start=\"414\" data-end=\"455\">Jesus stillt den Sturm und die Wellen<\/strong> zeigt. Dieses Bild steht f\u00fcr Glauben, Hoffnung und g\u00f6ttlichen Frieden \u2013 und erinnert uns daran, dass wir selbst in den gr\u00f6\u00dften St\u00fcrmen des Lebens nie allein sind. <\/span><\/p>\n<p style=\"text-align: center;\" data-start=\"582\" data-end=\"834\"><span style=\"color: #000000;\">Das Motiv zeigt Christus, der das aufgew\u00fchlte Meer beruhigt, und steht sinnbildlich f\u00fcr Trost, Schutz und Vertrauen in Gottes Gegenwart. Es vermittelt eine tiefgehende spirituelle Botschaft und macht diese Urne nicht nur zu einer Ruhest\u00e4tte, sondern auch zu einer Quelle der St\u00e4rke und Besinnung. <\/span><\/p>\n<p style=\"text-align: center;\" data-start=\"836\" data-end=\"1021\"><span style=\"color: #000000;\">Aus hochwertigem Holz mit einem satten, warmen Finish gefertigt, vereint die Urne Langlebigkeit mit zeitloser Eleganz. Der Deckel zeigt ein detailreiches, lebendiges Bild, das ihren sakralen Charakter unterstreicht. <\/span><\/p>\n<p style=\"text-align: center;\" data-start=\"1023\" data-end=\"1250\"><span style=\"color: #000000;\">F\u00fcr eine sichere und praktische Handhabung ist die Urne mit einer <strong data-start=\"1080\" data-end=\"1127\">abnehmbaren Bodenplatte, die mit Schrauben befestigt ist<\/strong>, ausgestattet und erm\u00f6glicht so das sichere Einf\u00fcllen der Asche. Sie ist f\u00fcr <strong data-start=\"1186\" data-end=\"1203\">die sterblichen \u00dcberreste eines Erwachsenen<\/strong> vorgesehen und gew\u00e4hrleistet ein w\u00fcrdevolles und respektvolles Andenken. <\/span><\/p>\n<div style=\"width: 100%; margin-bottom: 40px; height: max-content; padding-bottom: 60%; position: relative;\"><iframe style=\"position: absolute; top: 0; left: 0; width: 100%; height: 100%;\" src=\"https:\/\/rememberme-urns.com\/wu52m-base-wooden-urn\/\" frameborder=\"0\"><\/iframe><\/div>\n<div style=\"color: red; text-align: center; margin-bottom: 25px;\">\n<p>&gt;&gt; Drehendes Foto \u2013 Tippen\/Zoomen &lt;&lt;<\/p>\n<\/div>\n<ul data-start=\"1277\" data-end=\"1576\">\n<li style=\"text-align: center;\" data-section-id=\"3f0vt\" data-start=\"1277\" data-end=\"1332\"><span style=\"color: #000000;\">Katholisches Design \u2013 Jesus stillt den Sturm auf dem Meer<br \/>\n<\/span><\/li>\n<li style=\"text-align: center;\" data-section-id=\"1i4aqww\" data-start=\"1333\" data-end=\"1385\"><span style=\"color: #000000;\">Symbol f\u00fcr Frieden, Glauben und g\u00f6ttlichen Schutz<br \/>\n<\/span><\/li>\n<li style=\"text-align: center;\" data-section-id=\"1y973tm\" data-start=\"1386\" data-end=\"1440\"><span style=\"color: #000000;\">Massive Holzkonstruktion \u2013 langlebig und elegant<br \/>\n<\/span><\/li>\n<li style=\"text-align: center;\" data-section-id=\"1tq1pn6\" data-start=\"1441\" data-end=\"1494\"><span style=\"color: #000000;\">Boden\u00f6ffnung mit Schraubverschluss f\u00fcr Sicherheit<br \/>\n<\/span><\/li>\n<li style=\"text-align: center;\" data-section-id=\"16ocvlk\" data-start=\"1495\" data-end=\"1526\"><span style=\"color: #000000;\">F\u00fcr Erwachsenen-Asche geeignet<br \/>\n<\/span><\/li>\n<li style=\"text-align: center;\" data-section-id=\"17twtwh\" data-start=\"1527\" data-end=\"1576\"><span style=\"color: #000000;\">Einzigartiges und spirituell bedeutungsvolles Andenken<br \/>\n<\/span><\/li>\n<\/ul>\n<p style=\"text-align: center;\" data-start=\"1583\" data-end=\"1800\"><span style=\"color: #000000;\">Diese Urne ist eine <strong data-start=\"1597\" data-end=\"1642\">kraftvolle W\u00fcrdigung von Glauben und Erinnerung<\/strong> und spendet Trost durch ihre tiefe Symbolik und die feine Verarbeitung. Eine sch\u00f6ne Art, einen geliebten Menschen mit W\u00fcrde, Ruhe und spiritueller Bedeutung zu ehren. <\/span><\/p>\n<p style=\"text-align: center;\"><strong><span style=\"font-size: 16px; color: #000000; font-family: Arial;\">\u25ba PERSONALISIERUNG \u25c4<\/span><\/strong><\/p>\n<p style=\"text-align: center;\"><span style=\"font-size: 16px; color: #000000; font-family: Arial;\">\u2714\ufe0f Geben Sie den Text an der entsprechenden Stelle ein oder senden Sie uns eine Nachricht.<\/span><\/p>\n<p style=\"text-align: center;\"><span style=\"font-size: 16px; color: #000000; font-family: Arial;\">\u2714\ufe0f Die personalisierte Gedenktafel muss w\u00e4hrend des Bestellvorgangs angepasst werden.<\/span><\/p>\n<p style=\"text-align: center;\"><span style=\"font-size: 16px; color: #000000;\"><span style=\"font-family: Arial;\">\u2714\ufe0f<\/span><\/span><span style=\"font-size: 16px; color: #000000;\"><b>Die Gedenktafel ist kostenlos.<\/b> Wenn Sie keinen Gravurtext angeben, erhalten Sie eine blanko Tafel.<\/span><\/p>\n<p style=\"text-align: center;\">\n<p style=\"text-align: center;\"><b><span style=\"font-size: 16px; color: #000000; font-family: Arial;\">Die Textbeschr\u00e4nkungen lauten wie folgt:<\/span><\/b><\/p>\n<p style=\"text-align: center;\"><span style=\"font-size: 16px; color: #000000; font-family: Arial;\">Name(n) bis zu 24 Zeichen<\/span><\/p>\n<p style=\"text-align: center;\"><span style=\"font-size: 16px; color: #000000; font-family: Arial;\">Geburts- und Sterbedatum mit bis zu 24 Zeichen<\/span><\/p>\n<p style=\"text-align: center;\"><span style=\"font-size: 16px; color: #000000; font-family: Arial;\">Dritte Zeile bis zu 24 Zeichen<\/span><\/p>\n<p style=\"text-align: center;\"><span style=\"font-size: 16px; color: #000000; font-family: Arial;\">Vierte Zeile bis zu 24 Zeichen<\/span><\/p>\n<p style=\"text-align: center;\"><span style=\"font-size: 16px; color: #000000; font-family: Arial;\">F\u00fcnfte Zeile mit bis zu 24 Zeichen<\/span><\/p>\n<div style=\"text-align: center;\"><\/div>\n<p style=\"text-align: center;\"><span style=\"font-size: 16px; color: #000000; font-family: Arial;\">\u2714\ufe0f Bitte <strong>\u00fcberpr\u00fcfen<\/strong> Sie den Gravurtext <strong>ZWEIFACH<\/strong>, bevor Sie das Produkt in Ihren Warenkorb legen. Wir kopieren und gravieren genau die Informationen, die wir mit der Bestellung erhalten, und nehmen unsererseits keine \u00c4nderungen vor. <\/span><\/p>\n<p style=\"text-align: center;\"><span style=\"font-size: 16px; color: #000000; font-family: Arial;\">\u2714\ufe0f \u00dcberpr\u00fcfen Sie den Text, um sicherzustellen, dass die Schreibweise korrekt ist.<\/span><\/p>\n<p style=\"text-align: center;\">\n","protected":false},"excerpt":{"rendered":"<p>Gedenken Sie Ihres geliebten Menschen mit dieser bedeutungsvollen und wundersch\u00f6n gefertigten katholischen Feuerbestattungsurne, die die kraftvolle biblische Szene Jesus stillt den Sturm und die Wellen&#8230;<\/p>\n","protected":false},"featured_media":29074,"template":"","meta":{"_acf_changed":false},"product_brand":[],"product_cat":[3844,2344],"product_tag":[3305],"class_list":{"0":"post-29090","1":"product","2":"type-product","3":"status-publish","4":"has-post-thumbnail","6":"product_cat-katholische-urnen","7":"product_cat-motivurnen","8":"product_tag-gpsr-all-wood-urns","9":"product_shipping_class-2-4kg","11":"first","12":"instock","13":"taxable","14":"shipping-taxable","15":"purchasable","16":"product-type-simple"},"yoast_head":"<!-- This site is optimized with the Yoast SEO plugin v27.4 - https:\/\/yoast.com\/product\/yoast-seo-wordpress\/ -->\n<title>Katholische Feuerbestattungsurne \u201eJesus stillt den Sturm\u201c \u2013 Urne aus Holz f\u00fcr die Asche eines Erwachsenen - Remember Forever<\/title>\n<meta name=\"robots\" content=\"index, follow, max-snippet:-1, max-image-preview:large, max-video-preview:-1\" \/>\n<link rel=\"canonical\" href=\"https:\/\/www.rememberme-forever.com\/de\/produkt\/katholische-feuerbestattungsurne-jesus-stillt-den-sturm-urne-aus-holz-fuer-die-asche-eines-erwachsenen\/\" \/>\n<meta property=\"og:locale\" content=\"de_DE\" \/>\n<meta property=\"og:type\" content=\"article\" \/>\n<meta property=\"og:title\" content=\"Katholische Feuerbestattungsurne \u201eJesus stillt den Sturm\u201c \u2013 Urne aus Holz f\u00fcr die Asche eines Erwachsenen - Remember Forever\" \/>\n<meta property=\"og:description\" content=\"Gedenken Sie Ihres geliebten Menschen mit dieser bedeutungsvollen und wundersch\u00f6n gefertigten katholischen Feuerbestattungsurne, die die kraftvolle biblische Szene Jesus stillt den Sturm und die Wellen...\" \/>\n<meta property=\"og:url\" content=\"https:\/\/www.rememberme-forever.com\/de\/produkt\/katholische-feuerbestattungsurne-jesus-stillt-den-sturm-urne-aus-holz-fuer-die-asche-eines-erwachsenen\/\" \/>\n<meta property=\"og:site_name\" content=\"Remember Forever\" \/>\n<meta property=\"article:modified_time\" content=\"2026-04-15T10:55:33+00:00\" \/>\n<meta property=\"og:image\" content=\"http:\/\/www.rememberme-forever.com\/wp-content\/uploads\/2026\/04\/catholic-decorative-urn-for-ashes-001.jpg\" \/>\n\t<meta property=\"og:image:width\" content=\"1007\" \/>\n\t<meta property=\"og:image:height\" content=\"1024\" \/>\n\t<meta property=\"og:image:type\" content=\"image\/jpeg\" \/>\n<meta name=\"twitter:card\" content=\"summary_large_image\" \/>\n<meta name=\"twitter:label1\" content=\"Gesch\u00e4tzte Lesezeit\" \/>\n\t<meta name=\"twitter:data1\" content=\"2\u00a0Minute\" \/>\n<script type=\"application\/ld+json\" class=\"yoast-schema-graph\">{\"@context\":\"https:\\\/\\\/schema.org\",\"@graph\":[{\"@type\":\"WebPage\",\"@id\":\"https:\\\/\\\/www.rememberme-forever.com\\\/de\\\/produkt\\\/katholische-feuerbestattungsurne-jesus-stillt-den-sturm-urne-aus-holz-fuer-die-asche-eines-erwachsenen\\\/\",\"url\":\"https:\\\/\\\/www.rememberme-forever.com\\\/de\\\/produkt\\\/katholische-feuerbestattungsurne-jesus-stillt-den-sturm-urne-aus-holz-fuer-die-asche-eines-erwachsenen\\\/\",\"name\":\"Katholische Feuerbestattungsurne \u201eJesus stillt den Sturm\u201c \u2013 Urne aus Holz f\u00fcr die Asche eines Erwachsenen - Remember Forever\",\"isPartOf\":{\"@id\":\"https:\\\/\\\/www.rememberme-forever.com\\\/de\\\/#website\"},\"primaryImageOfPage\":{\"@id\":\"https:\\\/\\\/www.rememberme-forever.com\\\/de\\\/produkt\\\/katholische-feuerbestattungsurne-jesus-stillt-den-sturm-urne-aus-holz-fuer-die-asche-eines-erwachsenen\\\/#primaryimage\"},\"image\":{\"@id\":\"https:\\\/\\\/www.rememberme-forever.com\\\/de\\\/produkt\\\/katholische-feuerbestattungsurne-jesus-stillt-den-sturm-urne-aus-holz-fuer-die-asche-eines-erwachsenen\\\/#primaryimage\"},\"thumbnailUrl\":\"https:\\\/\\\/www.rememberme-forever.com\\\/wp-content\\\/uploads\\\/2026\\\/04\\\/catholic-decorative-urn-for-ashes-001.jpg\",\"datePublished\":\"2026-04-15T08:42:49+00:00\",\"dateModified\":\"2026-04-15T10:55:33+00:00\",\"breadcrumb\":{\"@id\":\"https:\\\/\\\/www.rememberme-forever.com\\\/de\\\/produkt\\\/katholische-feuerbestattungsurne-jesus-stillt-den-sturm-urne-aus-holz-fuer-die-asche-eines-erwachsenen\\\/#breadcrumb\"},\"inLanguage\":\"de\",\"potentialAction\":[{\"@type\":\"ReadAction\",\"target\":[\"https:\\\/\\\/www.rememberme-forever.com\\\/de\\\/produkt\\\/katholische-feuerbestattungsurne-jesus-stillt-den-sturm-urne-aus-holz-fuer-die-asche-eines-erwachsenen\\\/\"]}]},{\"@type\":\"ImageObject\",\"inLanguage\":\"de\",\"@id\":\"https:\\\/\\\/www.rememberme-forever.com\\\/de\\\/produkt\\\/katholische-feuerbestattungsurne-jesus-stillt-den-sturm-urne-aus-holz-fuer-die-asche-eines-erwachsenen\\\/#primaryimage\",\"url\":\"https:\\\/\\\/www.rememberme-forever.com\\\/wp-content\\\/uploads\\\/2026\\\/04\\\/catholic-decorative-urn-for-ashes-001.jpg\",\"contentUrl\":\"https:\\\/\\\/www.rememberme-forever.com\\\/wp-content\\\/uploads\\\/2026\\\/04\\\/catholic-decorative-urn-for-ashes-001.jpg\",\"width\":1007,\"height\":1024,\"caption\":\"Katholische Holzurne \u201eJesus stillt den Sturm\u201c \u2013 Feuerbestattungsurne f\u00fcr Erwachsene, schr\u00e4ge Ansicht\"},{\"@type\":\"BreadcrumbList\",\"@id\":\"https:\\\/\\\/www.rememberme-forever.com\\\/de\\\/produkt\\\/katholische-feuerbestattungsurne-jesus-stillt-den-sturm-urne-aus-holz-fuer-die-asche-eines-erwachsenen\\\/#breadcrumb\",\"itemListElement\":[{\"@type\":\"ListItem\",\"position\":1,\"name\":\"Home\",\"item\":\"https:\\\/\\\/www.rememberme-forever.com\\\/de\\\/startseite\\\/\"},{\"@type\":\"ListItem\",\"position\":2,\"name\":\"Shop\",\"item\":\"https:\\\/\\\/www.rememberme-forever.com\\\/de\\\/shop\\\/\"},{\"@type\":\"ListItem\",\"position\":3,\"name\":\"Katholische Feuerbestattungsurne \u201eJesus stillt den Sturm\u201c \u2013 Urne aus Holz f\u00fcr die Asche eines Erwachsenen\"}]},{\"@type\":\"WebSite\",\"@id\":\"https:\\\/\\\/www.rememberme-forever.com\\\/de\\\/#website\",\"url\":\"https:\\\/\\\/www.rememberme-forever.com\\\/de\\\/\",\"name\":\"Remember Forever\",\"description\":\"Cremation urns, funeral urns, urns for ashes\",\"publisher\":{\"@id\":\"https:\\\/\\\/www.rememberme-forever.com\\\/de\\\/#organization\"},\"potentialAction\":[{\"@type\":\"SearchAction\",\"target\":{\"@type\":\"EntryPoint\",\"urlTemplate\":\"https:\\\/\\\/www.rememberme-forever.com\\\/de\\\/?s={search_term_string}\"},\"query-input\":{\"@type\":\"PropertyValueSpecification\",\"valueRequired\":true,\"valueName\":\"search_term_string\"}}],\"inLanguage\":\"de\"},{\"@type\":\"Organization\",\"@id\":\"https:\\\/\\\/www.rememberme-forever.com\\\/de\\\/#organization\",\"name\":\"Remember Forever\",\"url\":\"https:\\\/\\\/www.rememberme-forever.com\\\/de\\\/\",\"logo\":{\"@type\":\"ImageObject\",\"inLanguage\":\"de\",\"@id\":\"https:\\\/\\\/www.rememberme-forever.com\\\/de\\\/#\\\/schema\\\/logo\\\/image\\\/\",\"url\":\"https:\\\/\\\/www.rememberme-forever.com\\\/wp-content\\\/uploads\\\/2023\\\/02\\\/logo.png\",\"contentUrl\":\"https:\\\/\\\/www.rememberme-forever.com\\\/wp-content\\\/uploads\\\/2023\\\/02\\\/logo.png\",\"width\":300,\"height\":56,\"caption\":\"Remember Forever\"},\"image\":{\"@id\":\"https:\\\/\\\/www.rememberme-forever.com\\\/de\\\/#\\\/schema\\\/logo\\\/image\\\/\"}}]}<\/script>\n<!-- \/ Yoast SEO plugin. -->","yoast_head_json":{"title":"Katholische Feuerbestattungsurne \u201eJesus stillt den Sturm\u201c \u2013 Urne aus Holz f\u00fcr die Asche eines Erwachsenen - Remember Forever","robots":{"index":"index","follow":"follow","max-snippet":"max-snippet:-1","max-image-preview":"max-image-preview:large","max-video-preview":"max-video-preview:-1"},"canonical":"https:\/\/www.rememberme-forever.com\/de\/produkt\/katholische-feuerbestattungsurne-jesus-stillt-den-sturm-urne-aus-holz-fuer-die-asche-eines-erwachsenen\/","og_locale":"de_DE","og_type":"article","og_title":"Katholische Feuerbestattungsurne \u201eJesus stillt den Sturm\u201c \u2013 Urne aus Holz f\u00fcr die Asche eines Erwachsenen - Remember Forever","og_description":"Gedenken Sie Ihres geliebten Menschen mit dieser bedeutungsvollen und wundersch\u00f6n gefertigten katholischen Feuerbestattungsurne, die die kraftvolle biblische Szene Jesus stillt den Sturm und die Wellen...","og_url":"https:\/\/www.rememberme-forever.com\/de\/produkt\/katholische-feuerbestattungsurne-jesus-stillt-den-sturm-urne-aus-holz-fuer-die-asche-eines-erwachsenen\/","og_site_name":"Remember Forever","article_modified_time":"2026-04-15T10:55:33+00:00","og_image":[{"width":1007,"height":1024,"url":"http:\/\/www.rememberme-forever.com\/wp-content\/uploads\/2026\/04\/catholic-decorative-urn-for-ashes-001.jpg","type":"image\/jpeg"}],"twitter_card":"summary_large_image","twitter_misc":{"Gesch\u00e4tzte Lesezeit":"2\u00a0Minute"},"schema":{"@context":"https:\/\/schema.org","@graph":[{"@type":"WebPage","@id":"https:\/\/www.rememberme-forever.com\/de\/produkt\/katholische-feuerbestattungsurne-jesus-stillt-den-sturm-urne-aus-holz-fuer-die-asche-eines-erwachsenen\/","url":"https:\/\/www.rememberme-forever.com\/de\/produkt\/katholische-feuerbestattungsurne-jesus-stillt-den-sturm-urne-aus-holz-fuer-die-asche-eines-erwachsenen\/","name":"Katholische Feuerbestattungsurne \u201eJesus stillt den Sturm\u201c \u2013 Urne aus Holz f\u00fcr die Asche eines Erwachsenen - Remember Forever","isPartOf":{"@id":"https:\/\/www.rememberme-forever.com\/de\/#website"},"primaryImageOfPage":{"@id":"https:\/\/www.rememberme-forever.com\/de\/produkt\/katholische-feuerbestattungsurne-jesus-stillt-den-sturm-urne-aus-holz-fuer-die-asche-eines-erwachsenen\/#primaryimage"},"image":{"@id":"https:\/\/www.rememberme-forever.com\/de\/produkt\/katholische-feuerbestattungsurne-jesus-stillt-den-sturm-urne-aus-holz-fuer-die-asche-eines-erwachsenen\/#primaryimage"},"thumbnailUrl":"https:\/\/www.rememberme-forever.com\/wp-content\/uploads\/2026\/04\/catholic-decorative-urn-for-ashes-001.jpg","datePublished":"2026-04-15T08:42:49+00:00","dateModified":"2026-04-15T10:55:33+00:00","breadcrumb":{"@id":"https:\/\/www.rememberme-forever.com\/de\/produkt\/katholische-feuerbestattungsurne-jesus-stillt-den-sturm-urne-aus-holz-fuer-die-asche-eines-erwachsenen\/#breadcrumb"},"inLanguage":"de","potentialAction":[{"@type":"ReadAction","target":["https:\/\/www.rememberme-forever.com\/de\/produkt\/katholische-feuerbestattungsurne-jesus-stillt-den-sturm-urne-aus-holz-fuer-die-asche-eines-erwachsenen\/"]}]},{"@type":"ImageObject","inLanguage":"de","@id":"https:\/\/www.rememberme-forever.com\/de\/produkt\/katholische-feuerbestattungsurne-jesus-stillt-den-sturm-urne-aus-holz-fuer-die-asche-eines-erwachsenen\/#primaryimage","url":"https:\/\/www.rememberme-forever.com\/wp-content\/uploads\/2026\/04\/catholic-decorative-urn-for-ashes-001.jpg","contentUrl":"https:\/\/www.rememberme-forever.com\/wp-content\/uploads\/2026\/04\/catholic-decorative-urn-for-ashes-001.jpg","width":1007,"height":1024,"caption":"Katholische Holzurne \u201eJesus stillt den Sturm\u201c \u2013 Feuerbestattungsurne f\u00fcr Erwachsene, schr\u00e4ge Ansicht"},{"@type":"BreadcrumbList","@id":"https:\/\/www.rememberme-forever.com\/de\/produkt\/katholische-feuerbestattungsurne-jesus-stillt-den-sturm-urne-aus-holz-fuer-die-asche-eines-erwachsenen\/#breadcrumb","itemListElement":[{"@type":"ListItem","position":1,"name":"Home","item":"https:\/\/www.rememberme-forever.com\/de\/startseite\/"},{"@type":"ListItem","position":2,"name":"Shop","item":"https:\/\/www.rememberme-forever.com\/de\/shop\/"},{"@type":"ListItem","position":3,"name":"Katholische Feuerbestattungsurne \u201eJesus stillt den Sturm\u201c \u2013 Urne aus Holz f\u00fcr die Asche eines Erwachsenen"}]},{"@type":"WebSite","@id":"https:\/\/www.rememberme-forever.com\/de\/#website","url":"https:\/\/www.rememberme-forever.com\/de\/","name":"Remember Forever","description":"Cremation urns, funeral urns, urns for ashes","publisher":{"@id":"https:\/\/www.rememberme-forever.com\/de\/#organization"},"potentialAction":[{"@type":"SearchAction","target":{"@type":"EntryPoint","urlTemplate":"https:\/\/www.rememberme-forever.com\/de\/?s={search_term_string}"},"query-input":{"@type":"PropertyValueSpecification","valueRequired":true,"valueName":"search_term_string"}}],"inLanguage":"de"},{"@type":"Organization","@id":"https:\/\/www.rememberme-forever.com\/de\/#organization","name":"Remember Forever","url":"https:\/\/www.rememberme-forever.com\/de\/","logo":{"@type":"ImageObject","inLanguage":"de","@id":"https:\/\/www.rememberme-forever.com\/de\/#\/schema\/logo\/image\/","url":"https:\/\/www.rememberme-forever.com\/wp-content\/uploads\/2023\/02\/logo.png","contentUrl":"https:\/\/www.rememberme-forever.com\/wp-content\/uploads\/2023\/02\/logo.png","width":300,"height":56,"caption":"Remember Forever"},"image":{"@id":"https:\/\/www.rememberme-forever.com\/de\/#\/schema\/logo\/image\/"}}]}},"acf":[],"_links":{"self":[{"href":"https:\/\/www.rememberme-forever.com\/de\/wp-json\/wp\/v2\/product\/29090","targetHints":{"allow":["GET"]}}],"collection":[{"href":"https:\/\/www.rememberme-forever.com\/de\/wp-json\/wp\/v2\/product"}],"about":[{"href":"https:\/\/www.rememberme-forever.com\/de\/wp-json\/wp\/v2\/types\/product"}],"wp:featuredmedia":[{"embeddable":true,"href":"https:\/\/www.rememberme-forever.com\/de\/wp-json\/wp\/v2\/media\/29074"}],"wp:attachment":[{"href":"https:\/\/www.rememberme-forever.com\/de\/wp-json\/wp\/v2\/media?parent=29090"}],"wp:term":[{"taxonomy":"product_brand","embeddable":true,"href":"https:\/\/www.rememberme-forever.com\/de\/wp-json\/wp\/v2\/product_brand?post=29090"},{"taxonomy":"product_cat","embeddable":true,"href":"https:\/\/www.rememberme-forever.com\/de\/wp-json\/wp\/v2\/product_cat?post=29090"},{"taxonomy":"product_tag","embeddable":true,"href":"https:\/\/www.rememberme-forever.com\/de\/wp-json\/wp\/v2\/product_tag?post=29090"}],"curies":[{"name":"wp","href":"https:\/\/api.w.org\/{rel}","templated":true}]}}