{"id":18398,"date":"2023-02-06T21:02:05","date_gmt":"2023-02-06T20:02:05","guid":{"rendered":"https:\/\/www.rememberme-forever.com\/sobre-nosotras\/"},"modified":"2025-09-11T11:11:43","modified_gmt":"2025-09-11T09:11:43","slug":"sobre-nosotras","status":"publish","type":"page","link":"https:\/\/www.rememberme-forever.com\/es\/sobre-nosotras\/","title":{"rendered":"Sobre nosotras"},"content":{"rendered":"\n<p>Entendemos lo importante que es para usted encontrar una hermosa urna de cremaci\u00f3n perfecta para alguien que acaba de perder. Es realmente frustrante no encontrar una urna apropiada para alguien que no solo fue muy especial en su vida, sino tambi\u00e9n a quien am\u00f3 profundamente. Nos especializamos en urnas de cremaci\u00f3n y contamos con una gran variedad para satisfacer las necesidades de quienes necesitan conmemorar la personalidad de alguien importante y cercano en sus vidas. Preparamos las urnas con sumo cuidado para asegurarnos de que no solo sean atractivas y \u00fanicas, sino tambi\u00e9n de alta calidad para que duren toda la vida.<\/p>\n\n\n\n<p>Las urnas que fabricamos son \u00fanicas y no son copias de otras fuentes. Nuestras urnas \u00fanicas vienen en una amplia variedad para que nuestros clientes puedan elegir f\u00e1cilmente la que se adapte a su personalidad y gustos. Sabemos que la mayor\u00eda de las personas buscan urnas art\u00edsticas que puedan conservarse como piezas de exhibici\u00f3n en lugares destacados de sus hogares. Comprendemos sus necesidades de exhibici\u00f3n y creamos formas y dise\u00f1os visualmente atractivos que invitan a los visitantes a admirar estas hermosas piezas. Para comodidad de nuestros estimados clientes, hemos dividido nuestra amplia gama de urnas de cremaci\u00f3n seg\u00fan el material utilizado. Esto permite a los clientes buscar f\u00e1cilmente la urna perfecta que se ajuste a sus necesidades.<\/p>\n\n\n\n<p>Los nombres de las categor\u00edas de urnas expuestas en nuestro sitio web son claros, de modo que usted sabe qu\u00e9 encontrar\u00e1 dentro de cada categor\u00eda. Por ejemplo, puede buscar urnas art\u00edsticas en la categor\u00eda \u00abUrnas art\u00edsticas\u00bb. Tambi\u00e9n disponemos de urnas de metal, cer\u00e1mica, piedra, biodegradables, de vidrio exclusivo, de aluminio y de madera para satisfacer todos los gustos de nuestros clientes. Tambi\u00e9n contamos con una categor\u00eda de urnas personalizadas, lo que significa que puede elegir el dise\u00f1o que desee. Si no encuentra lo que busca, puede contactarnos para obtener urnas personalizadas que fabricamos seg\u00fan sus instrucciones.<\/p>\n\n\n\n<p>Sabemos cu\u00e1nto aman las personas a sus mascotas y cu\u00e1nto las extra\u00f1an tras su fallecimiento. Fabricamos urnas especiales para mascotas que contienen un ata\u00fad y la estatua del perro, gato, p\u00e1jaro o cualquier otra mascota que hayan tenido. Nuestras urnas personalizadas se fabrican seg\u00fan la raza del perro o gato que vivi\u00f3 en la casa del cliente. Nuestra colecci\u00f3n de urnas exclusivas est\u00e1 dise\u00f1ada para satisfacer las necesidades de nuestros clientes. Son creadas por artesanos expertos con el objetivo de crear un recipiente que guarde recuerdos para toda la vida.<\/p>\n\n\n\n<figure class=\"wp-block-image size-full is-resized\"><img loading=\"lazy\" decoding=\"async\" width=\"300\" height=\"56\" src=\"http:\/\/www.rememberme-forever.com\/wp-content\/uploads\/2023\/02\/logo.png\" alt=\"\" class=\"wp-image-62\" style=\"width:246px;height:46px\"\/><\/figure>\n","protected":false},"excerpt":{"rendered":"<p>Entendemos lo importante que es para usted encontrar una hermosa urna de cremaci\u00f3n perfecta para alguien que acaba de perder. Es realmente frustrante no encontrar&#8230;<\/p>\n","protected":false},"author":1,"featured_media":0,"parent":0,"menu_order":0,"comment_status":"closed","ping_status":"closed","template":"","meta":{"_acf_changed":false,"footnotes":""},"class_list":["post-18398","page","type-page","status-publish","hentry"],"yoast_head":"<!-- This site is optimized with the Yoast SEO plugin v27.4 - https:\/\/yoast.com\/product\/yoast-seo-wordpress\/ -->\n<title>Sobre nosotras - Remember Forever<\/title>\n<meta name=\"robots\" content=\"index, follow, max-snippet:-1, max-image-preview:large, max-video-preview:-1\" \/>\n<link rel=\"canonical\" href=\"https:\/\/www.rememberme-forever.com\/es\/sobre-nosotras\/\" \/>\n<meta property=\"og:locale\" content=\"es_ES\" \/>\n<meta property=\"og:type\" content=\"article\" \/>\n<meta property=\"og:title\" content=\"Sobre nosotras - Remember Forever\" \/>\n<meta property=\"og:description\" content=\"Entendemos lo importante que es para usted encontrar una hermosa urna de cremaci\u00f3n perfecta para alguien que acaba de perder. Es realmente frustrante no encontrar...\" \/>\n<meta property=\"og:url\" content=\"https:\/\/www.rememberme-forever.com\/es\/sobre-nosotras\/\" \/>\n<meta property=\"og:site_name\" content=\"Remember Forever\" \/>\n<meta property=\"article:modified_time\" content=\"2025-09-11T09:11:43+00:00\" \/>\n<meta property=\"og:image\" content=\"https:\/\/www.rememberme-forever.com\/wp-content\/uploads\/2023\/02\/logo.png\" \/>\n\t<meta property=\"og:image:width\" content=\"300\" \/>\n\t<meta property=\"og:image:height\" content=\"56\" \/>\n\t<meta property=\"og:image:type\" content=\"image\/png\" \/>\n<meta name=\"twitter:card\" content=\"summary_large_image\" \/>\n<meta name=\"twitter:label1\" content=\"Tiempo de lectura\" \/>\n\t<meta name=\"twitter:data1\" content=\"2 minutos\" \/>\n<script type=\"application\/ld+json\" class=\"yoast-schema-graph\">{\"@context\":\"https:\\\/\\\/schema.org\",\"@graph\":[{\"@type\":\"WebPage\",\"@id\":\"https:\\\/\\\/www.rememberme-forever.com\\\/es\\\/sobre-nosotras\\\/\",\"url\":\"https:\\\/\\\/www.rememberme-forever.com\\\/es\\\/sobre-nosotras\\\/\",\"name\":\"Sobre nosotras - Remember Forever\",\"isPartOf\":{\"@id\":\"https:\\\/\\\/www.rememberme-forever.com\\\/es\\\/#website\"},\"primaryImageOfPage\":{\"@id\":\"https:\\\/\\\/www.rememberme-forever.com\\\/es\\\/sobre-nosotras\\\/#primaryimage\"},\"image\":{\"@id\":\"https:\\\/\\\/www.rememberme-forever.com\\\/es\\\/sobre-nosotras\\\/#primaryimage\"},\"thumbnailUrl\":\"http:\\\/\\\/www.rememberme-forever.com\\\/wp-content\\\/uploads\\\/2023\\\/02\\\/logo.png\",\"datePublished\":\"2023-02-06T20:02:05+00:00\",\"dateModified\":\"2025-09-11T09:11:43+00:00\",\"breadcrumb\":{\"@id\":\"https:\\\/\\\/www.rememberme-forever.com\\\/es\\\/sobre-nosotras\\\/#breadcrumb\"},\"inLanguage\":\"es\",\"potentialAction\":[{\"@type\":\"ReadAction\",\"target\":[\"https:\\\/\\\/www.rememberme-forever.com\\\/es\\\/sobre-nosotras\\\/\"]}]},{\"@type\":\"ImageObject\",\"inLanguage\":\"es\",\"@id\":\"https:\\\/\\\/www.rememberme-forever.com\\\/es\\\/sobre-nosotras\\\/#primaryimage\",\"url\":\"http:\\\/\\\/www.rememberme-forever.com\\\/wp-content\\\/uploads\\\/2023\\\/02\\\/logo.png\",\"contentUrl\":\"http:\\\/\\\/www.rememberme-forever.com\\\/wp-content\\\/uploads\\\/2023\\\/02\\\/logo.png\"},{\"@type\":\"BreadcrumbList\",\"@id\":\"https:\\\/\\\/www.rememberme-forever.com\\\/es\\\/sobre-nosotras\\\/#breadcrumb\",\"itemListElement\":[{\"@type\":\"ListItem\",\"position\":1,\"name\":\"Home\",\"item\":\"https:\\\/\\\/www.rememberme-forever.com\\\/es\\\/inicio\\\/\"},{\"@type\":\"ListItem\",\"position\":2,\"name\":\"Sobre nosotras\"}]},{\"@type\":\"WebSite\",\"@id\":\"https:\\\/\\\/www.rememberme-forever.com\\\/es\\\/#website\",\"url\":\"https:\\\/\\\/www.rememberme-forever.com\\\/es\\\/\",\"name\":\"Remember Forever\",\"description\":\"Cremation urns, funeral urns, urns for ashes\",\"publisher\":{\"@id\":\"https:\\\/\\\/www.rememberme-forever.com\\\/es\\\/#organization\"},\"potentialAction\":[{\"@type\":\"SearchAction\",\"target\":{\"@type\":\"EntryPoint\",\"urlTemplate\":\"https:\\\/\\\/www.rememberme-forever.com\\\/es\\\/?s={search_term_string}\"},\"query-input\":{\"@type\":\"PropertyValueSpecification\",\"valueRequired\":true,\"valueName\":\"search_term_string\"}}],\"inLanguage\":\"es\"},{\"@type\":\"Organization\",\"@id\":\"https:\\\/\\\/www.rememberme-forever.com\\\/es\\\/#organization\",\"name\":\"Remember Forever\",\"url\":\"https:\\\/\\\/www.rememberme-forever.com\\\/es\\\/\",\"logo\":{\"@type\":\"ImageObject\",\"inLanguage\":\"es\",\"@id\":\"https:\\\/\\\/www.rememberme-forever.com\\\/es\\\/#\\\/schema\\\/logo\\\/image\\\/\",\"url\":\"https:\\\/\\\/www.rememberme-forever.com\\\/wp-content\\\/uploads\\\/2023\\\/02\\\/logo.png\",\"contentUrl\":\"https:\\\/\\\/www.rememberme-forever.com\\\/wp-content\\\/uploads\\\/2023\\\/02\\\/logo.png\",\"width\":300,\"height\":56,\"caption\":\"Remember Forever\"},\"image\":{\"@id\":\"https:\\\/\\\/www.rememberme-forever.com\\\/es\\\/#\\\/schema\\\/logo\\\/image\\\/\"}}]}<\/script>\n<!-- \/ Yoast SEO plugin. -->","yoast_head_json":{"title":"Sobre nosotras - Remember Forever","robots":{"index":"index","follow":"follow","max-snippet":"max-snippet:-1","max-image-preview":"max-image-preview:large","max-video-preview":"max-video-preview:-1"},"canonical":"https:\/\/www.rememberme-forever.com\/es\/sobre-nosotras\/","og_locale":"es_ES","og_type":"article","og_title":"Sobre nosotras - Remember Forever","og_description":"Entendemos lo importante que es para usted encontrar una hermosa urna de cremaci\u00f3n perfecta para alguien que acaba de perder. Es realmente frustrante no encontrar...","og_url":"https:\/\/www.rememberme-forever.com\/es\/sobre-nosotras\/","og_site_name":"Remember Forever","article_modified_time":"2025-09-11T09:11:43+00:00","og_image":[{"width":300,"height":56,"url":"https:\/\/www.rememberme-forever.com\/wp-content\/uploads\/2023\/02\/logo.png","type":"image\/png"}],"twitter_card":"summary_large_image","twitter_misc":{"Tiempo de lectura":"2 minutos"},"schema":{"@context":"https:\/\/schema.org","@graph":[{"@type":"WebPage","@id":"https:\/\/www.rememberme-forever.com\/es\/sobre-nosotras\/","url":"https:\/\/www.rememberme-forever.com\/es\/sobre-nosotras\/","name":"Sobre nosotras - Remember Forever","isPartOf":{"@id":"https:\/\/www.rememberme-forever.com\/es\/#website"},"primaryImageOfPage":{"@id":"https:\/\/www.rememberme-forever.com\/es\/sobre-nosotras\/#primaryimage"},"image":{"@id":"https:\/\/www.rememberme-forever.com\/es\/sobre-nosotras\/#primaryimage"},"thumbnailUrl":"http:\/\/www.rememberme-forever.com\/wp-content\/uploads\/2023\/02\/logo.png","datePublished":"2023-02-06T20:02:05+00:00","dateModified":"2025-09-11T09:11:43+00:00","breadcrumb":{"@id":"https:\/\/www.rememberme-forever.com\/es\/sobre-nosotras\/#breadcrumb"},"inLanguage":"es","potentialAction":[{"@type":"ReadAction","target":["https:\/\/www.rememberme-forever.com\/es\/sobre-nosotras\/"]}]},{"@type":"ImageObject","inLanguage":"es","@id":"https:\/\/www.rememberme-forever.com\/es\/sobre-nosotras\/#primaryimage","url":"http:\/\/www.rememberme-forever.com\/wp-content\/uploads\/2023\/02\/logo.png","contentUrl":"http:\/\/www.rememberme-forever.com\/wp-content\/uploads\/2023\/02\/logo.png"},{"@type":"BreadcrumbList","@id":"https:\/\/www.rememberme-forever.com\/es\/sobre-nosotras\/#breadcrumb","itemListElement":[{"@type":"ListItem","position":1,"name":"Home","item":"https:\/\/www.rememberme-forever.com\/es\/inicio\/"},{"@type":"ListItem","position":2,"name":"Sobre nosotras"}]},{"@type":"WebSite","@id":"https:\/\/www.rememberme-forever.com\/es\/#website","url":"https:\/\/www.rememberme-forever.com\/es\/","name":"Remember Forever","description":"Cremation urns, funeral urns, urns for ashes","publisher":{"@id":"https:\/\/www.rememberme-forever.com\/es\/#organization"},"potentialAction":[{"@type":"SearchAction","target":{"@type":"EntryPoint","urlTemplate":"https:\/\/www.rememberme-forever.com\/es\/?s={search_term_string}"},"query-input":{"@type":"PropertyValueSpecification","valueRequired":true,"valueName":"search_term_string"}}],"inLanguage":"es"},{"@type":"Organization","@id":"https:\/\/www.rememberme-forever.com\/es\/#organization","name":"Remember Forever","url":"https:\/\/www.rememberme-forever.com\/es\/","logo":{"@type":"ImageObject","inLanguage":"es","@id":"https:\/\/www.rememberme-forever.com\/es\/#\/schema\/logo\/image\/","url":"https:\/\/www.rememberme-forever.com\/wp-content\/uploads\/2023\/02\/logo.png","contentUrl":"https:\/\/www.rememberme-forever.com\/wp-content\/uploads\/2023\/02\/logo.png","width":300,"height":56,"caption":"Remember Forever"},"image":{"@id":"https:\/\/www.rememberme-forever.com\/es\/#\/schema\/logo\/image\/"}}]}},"acf":[],"_links":{"self":[{"href":"https:\/\/www.rememberme-forever.com\/es\/wp-json\/wp\/v2\/pages\/18398","targetHints":{"allow":["GET"]}}],"collection":[{"href":"https:\/\/www.rememberme-forever.com\/es\/wp-json\/wp\/v2\/pages"}],"about":[{"href":"https:\/\/www.rememberme-forever.com\/es\/wp-json\/wp\/v2\/types\/page"}],"author":[{"embeddable":true,"href":"https:\/\/www.rememberme-forever.com\/es\/wp-json\/wp\/v2\/users\/1"}],"replies":[{"embeddable":true,"href":"https:\/\/www.rememberme-forever.com\/es\/wp-json\/wp\/v2\/comments?post=18398"}],"version-history":[{"count":2,"href":"https:\/\/www.rememberme-forever.com\/es\/wp-json\/wp\/v2\/pages\/18398\/revisions"}],"predecessor-version":[{"id":18400,"href":"https:\/\/www.rememberme-forever.com\/es\/wp-json\/wp\/v2\/pages\/18398\/revisions\/18400"}],"wp:attachment":[{"href":"https:\/\/www.rememberme-forever.com\/es\/wp-json\/wp\/v2\/media?parent=18398"}],"curies":[{"name":"wp","href":"https:\/\/api.w.org\/{rel}","templated":true}]}}