{"id":18412,"date":"2023-05-04T10:41:55","date_gmt":"2023-05-04T08:41:55","guid":{"rendered":"https:\/\/www.rememberme-forever.com\/uso-de-cookies\/"},"modified":"2025-09-11T12:16:01","modified_gmt":"2025-09-11T10:16:01","slug":"uso-de-cookies","status":"publish","type":"page","link":"https:\/\/www.rememberme-forever.com\/es\/uso-de-cookies\/","title":{"rendered":"Uso de cookies"},"content":{"rendered":"\n<p>POL\u00cdTICA DE PRIVACIDAD DE<\/p>\n\n\n\n<p>LA TIENDA EN L\u00cdNEA<\/p>\n\n\n\n<p>REMEMBER FOREVER<\/p>\n\n\n\n<figure class=\"wp-block-embed is-type-wp-embed is-provider-remember-forever wp-block-embed-remember-forever\"><div class=\"wp-block-embed__wrapper\">\n<blockquote class=\"wp-embedded-content\" data-secret=\"ZKZ553u12V\"><a href=\"https:\/\/www.rememberme-forever.com\/\">Home<\/a><\/blockquote><iframe loading=\"lazy\" class=\"wp-embedded-content\" sandbox=\"allow-scripts\" security=\"restricted\" style=\"position: absolute; visibility: hidden;\" title=\"&#8220;Home&#8221; &#8212; Remember Forever\" src=\"https:\/\/www.rememberme-forever.com\/embed\/#?secret=NQVcff5rIF#?secret=ZKZ553u12V\" data-secret=\"ZKZ553u12V\" width=\"600\" height=\"338\" frameborder=\"0\" marginwidth=\"0\" marginheight=\"0\" scrolling=\"no\"><\/iframe>\n<\/div><\/figure>\n\n\n\n<p>Informaci\u00f3n general<\/p>\n\n\n\n<p>Este documento especifica los principios de privacidad aplicables en la Tienda en L\u00ednea <a href=\"https:\/\/rememberme-forever.com\/\">https:\/\/rememberme-forever.com\/<\/a> (en lo sucesivo, la \u201cTienda en L\u00ednea\u201d). El Administrador de la Tienda en L\u00ednea es REMEMBER FOREVER Jolanta Szewczyk, Pu\u0142anki 107, 38-130 Frysztak, NIP:8191525142, REGON:369742767, +48 515 351 884, <a>info@rememberme-forever.com<\/a> .<\/p>\n\n\n\n<p>Informaci\u00f3n personal<\/p>\n\n\n\n<p>La informaci\u00f3n personal recopilada por el Administrador se tratar\u00e1 de conformidad con lo dispuesto en el Reglamento (UE) 2016\/679 del Parlamento Europeo y del Consejo, de 27 de abril de 2016, relativo a la protecci\u00f3n de las personas f\u00edsicas en lo que respecta al tratamiento de datos personales y a la libre circulaci\u00f3n de estos datos y por el que se deroga la Directiva 95\/46\/CE (RGPD), la vigente Ley polaca de Protecci\u00f3n de Datos y la Ley de Prestaci\u00f3n de Servicios Electr\u00f3nicos de 18 de julio de 2002.<\/p>\n\n\n\n<p>El Administrador recopila informaci\u00f3n proporcionada voluntariamente por los Clientes de la Tienda en L\u00ednea. No obstante, la aportaci\u00f3n de los datos personales marcados es condici\u00f3n para realizar un pedido; la consecuencia de no proporcionarlos ser\u00e1 la imposibilidad de encargar productos en la tienda.<\/p>\n\n\n\n<p>Adem\u00e1s, el Administrador puede registrar informaci\u00f3n sobre par\u00e1metros de conexi\u00f3n, como direcciones IP, con fines t\u00e9cnicos, de administraci\u00f3n del servidor y de recopilaci\u00f3n de informaci\u00f3n demogr\u00e1fica general y estad\u00edstica (por ejemplo, sobre la regi\u00f3n desde la que se realiza la conexi\u00f3n), as\u00ed como por motivos de seguridad.<\/p>\n\n\n\n<p>El Administrador adoptar\u00e1 esfuerzos adicionales para proteger la privacidad y la informaci\u00f3n sobre los Clientes de la Tienda en L\u00ednea que se le haya facilitado. El Administrador actuar\u00e1 con la debida diligencia al seleccionar y aplicar medidas t\u00e9cnicas adecuadas, incluidas de car\u00e1cter inform\u00e1tico y organizativo, para proteger los datos tratados y, en particular, para protegerlos frente al acceso no autorizado, la divulgaci\u00f3n, la p\u00e9rdida y la destrucci\u00f3n, la modificaci\u00f3n no autorizada y tambi\u00e9n frente a su tratamiento en incumplimiento de las disposiciones legales aplicables.<\/p>\n\n\n\n<p><\/p>\n\n\n\n<p>Los datos personales se tratar\u00e1n de conformidad con los principios del art. 5 del RGPD.<\/p>\n\n\n\n<p>Los datos personales ser\u00e1n:<\/p>\n\n\n\n<ul class=\"wp-block-list\">\n<li>tratados de manera l\u00edcita, leal y transparente en relaci\u00f3n con el interesado (\u201clicitud, lealtad y transparencia\u201d);<\/li>\n\n\n\n<li>recogidos con fines determinados, expl\u00edcitos y leg\u00edtimos, y no tratados ulteriormente de manera incompatible con dichos fines; el tratamiento ulterior con fines de archivo en inter\u00e9s p\u00fablico, fines de investigaci\u00f3n cient\u00edfica o hist\u00f3rica o fines estad\u00edsticos no se considerar\u00e1 incompatible con los fines iniciales de conformidad con el art\u00edculo 89, apartado 1, del RGPD (\u201climitaci\u00f3n de la finalidad\u201d);<\/li>\n\n\n\n<li>adecuados, pertinentes y limitados a lo necesario en relaci\u00f3n con los fines para los que son tratados (\u201cminimizaci\u00f3n de datos\u201d);<\/li>\n\n\n\n<li>exactos y, cuando sea necesario, actualizados (\u201cexactitud\u201d);<\/li>\n\n\n\n<li>mantenidos de forma que se permita la identificaci\u00f3n de los interesados durante no m\u00e1s tiempo del necesario para los fines del tratamiento; los datos personales podr\u00e1n conservarse por per\u00edodos m\u00e1s largos en la medida en que se traten exclusivamente con fines de archivo en inter\u00e9s p\u00fablico, fines de investigaci\u00f3n cient\u00edfica o hist\u00f3rica o fines estad\u00edsticos, de conformidad con el art\u00edculo 89, apartado 1, del RGPD, sujetos a la aplicaci\u00f3n de las medidas t\u00e9cnicas y organizativas apropiadas exigidas por este Reglamento para proteger los derechos y libertades del interesado (\u201climitaci\u00f3n del plazo de conservaci\u00f3n\u201d);<\/li>\n\n\n\n<li>tratados de manera que se garantice una seguridad adecuada de los datos personales, incluida la protecci\u00f3n contra el tratamiento no autorizado o il\u00edcito y contra su p\u00e9rdida, destrucci\u00f3n o da\u00f1o accidental, mediante la aplicaci\u00f3n de medidas t\u00e9cnicas u organizativas apropiadas (\u201cintegridad y confidencialidad\u201d).<\/li>\n<\/ul>\n\n\n\n<p>Como parte del uso por el Administrador de herramientas que apoyan su actividad actual, proporcionadas, por ejemplo, por Google, los Datos Personales del Cliente pueden transferirse a un pa\u00eds fuera del Espacio Econ\u00f3mico Europeo, en particular a los Estados Unidos de Am\u00e9rica (EE. UU.) u otro pa\u00eds en el que una entidad colaboradora mantenga herramientas para el tratamiento de Datos Personales en cooperaci\u00f3n con el Administrador.<\/p>\n\n\n\n<p>Base jur\u00eddica<\/p>\n\n\n\n<p>La base para el tratamiento de los Datos Personales del Cliente es, ante todo, la necesidad de ejecutar el contrato del que es parte o la necesidad de tomar medidas a petici\u00f3n suya antes de su celebraci\u00f3n (art\u00edculo 6, apartado 1, letra b), del RGPD).<\/p>\n\n\n\n<p>Tras otorgar un consentimiento separado, de conformidad con el art. 6, apdo. 1, letra a), del RGPD, los datos tambi\u00e9n podr\u00e1n tratarse con el fin de enviar informaci\u00f3n comercial por medios electr\u00f3nicos o realizar llamadas telef\u00f3nicas con fines de marketing directo, respectivamente en relaci\u00f3n con el art. 10, apdo. 2, de la Ley de 18 de julio de 2002 sobre la prestaci\u00f3n de servicios electr\u00f3nicos o el art. 172, apdo. 1, de la Ley de 16 de julio de 2004 (Ley de Telecomunicaciones).<\/p>\n\n\n\n<p>Los datos personales tambi\u00e9n podr\u00e1n tratarse de forma automatizada en forma de elaboraci\u00f3n de perfiles, siempre que el usuario preste su consentimiento con base en el art. 6, apdo. 1, letra a), del RGPD. La consecuencia de la elaboraci\u00f3n de perfiles ser\u00e1 la asignaci\u00f3n de un perfil a una persona determinada con el fin de tomar decisiones respecto de ella o analizar o prever sus preferencias, comportamientos y actitudes.<\/p>\n\n\n\n<p>Para otros fines, los Datos Personales del Cliente podr\u00e1n tratarse sobre la base de:<\/p>\n\n\n\n<ul class=\"wp-block-list\">\n<li>la legislaci\u00f3n aplicable cuando el tratamiento sea necesario para cumplir la obligaci\u00f3n legal del Administrador; por ejemplo, cuando, en virtud de la normativa fiscal o contable, el Administrador liquide los contratos de compraventa celebrados (art\u00edculo 6, apartado 1, letra c), del RGPD);<\/li>\n\n\n\n<li>la necesidad para fines distintos de los mencionados anteriormente derivados de intereses leg\u00edtimos perseguidos por el Administrador o por un tercero, en particular para la determinaci\u00f3n, el ejercicio o la defensa de reclamaciones, as\u00ed como an\u00e1lisis de mercado y estad\u00edsticos (art\u00edculo 6, apartado 1, letra f), del RGPD).<\/li>\n<\/ul>\n\n\n\n<p>Los datos personales tratados para fines relacionados con la compra se tratar\u00e1n durante el per\u00edodo necesario para completar la compra y el pedido, tras lo cual los datos sujetos a archivo se conservar\u00e1n por el per\u00edodo correspondiente al plazo de prescripci\u00f3n de las reclamaciones. Los datos personales tratados con fines de marketing amparados en una declaraci\u00f3n de consentimiento se tratar\u00e1n hasta que dicho consentimiento sea revocado.<\/p>\n\n\n\n<p>Destinatarios de los datos personales<\/p>\n\n\n\n<p>Los destinatarios de los datos personales del Comprador pueden ser entidades que ejecuten el pedido por encargo del Vendedor y lo gestionen, tales como: empresas de env\u00edo, empresas de contabilidad, proveedores de los bienes, servicios de montaje, proveedores de soluciones inform\u00e1ticas, entidades de procesamiento de pagos, bancos, empresas que prestan servicios de marketing, proveedores de servicios de almacenamiento, operadores de telecomunicaciones, despachos de abogados y autoridades estatales autorizadas.<\/p>\n\n\n\n<p>Sus derechos respecto a los datos personales que le conciernen<\/p>\n\n\n\n<p>Dado que los Clientes facilitan su informaci\u00f3n personal voluntariamente, tienen derecho de acceso a sus datos personales y derecho de rectificaci\u00f3n, supresi\u00f3n, limitaci\u00f3n del tratamiento, derecho a la portabilidad de los datos, derecho de oposici\u00f3n y derecho a retirar el consentimiento en cualquier momento.<\/p>\n\n\n\n<p>Si se considera que el tratamiento de datos personales infringe las disposiciones del RGPD, el interesado tiene derecho a presentar una reclamaci\u00f3n ante el Presidente de la Oficina de Protecci\u00f3n de Datos Personales (autoridad de control polaca).<\/p>\n\n\n\n<p>Las condiciones detalladas de los derechos anteriores se indican en los art\u00edculos 15 a 22 del RGPD.<\/p>\n\n\n\n<p>COOKIES<\/p>\n\n\n\n<p>Utilizamos cookies en nuestro sitio web. (Base jur\u00eddica: art\u00edculo 6, apartado 1, letra f), del RGPD).<\/p>\n\n\n\n<p>Al navegar por los sitios web de la Tienda en L\u00ednea se emplean archivos \u201ccookie\u201d, que son peque\u00f1os archivos de texto guardados en el dispositivo del Cliente en relaci\u00f3n con el uso de la Tienda en L\u00ednea. Se utilizan para mejorar la experiencia con los sitios web de la Tienda en L\u00ednea.<\/p>\n\n\n\n<p>Los archivos \u201ccookie\u201d utilizados por el Administrador son seguros para los dispositivos del Cliente. En particular, no es posible que, por esa v\u00eda, entren virus u otros programas no deseados o maliciosos en los dispositivos del Cliente. Estos archivos permiten identificar el software utilizado por el Cliente y ajustar la Tienda en L\u00ednea de manera individual para cada Cliente. Los archivos \u201ccookie\u201d a veces contienen informaci\u00f3n sobre el nombre de dominio de su origen, el tiempo durante el cual se conservan en el dispositivo y el valor asignado.<\/p>\n\n\n\n<p>El Administrador utiliza tres tipos de archivos \u201ccookie\u201d:<\/p>\n\n\n\n<ul class=\"wp-block-list\">\n<li>Cookies de sesi\u00f3n: se guardan en el dispositivo del Cliente de la Tienda en L\u00ednea y permanecen all\u00ed hasta que se cierra la sesi\u00f3n del navegador correspondiente. Luego, la informaci\u00f3n registrada se elimina permanentemente de la memoria del dispositivo del Cliente. El mecanismo de las cookies de sesi\u00f3n no permite descargar ninguna informaci\u00f3n personal o confidencial del dispositivo del Cliente.<\/li>\n\n\n\n<li>Cookies permanentes: se guardan en el dispositivo del Cliente de la Tienda en L\u00ednea y permanecen all\u00ed hasta que se eliminan. No se eliminan autom\u00e1ticamente al cerrar la sesi\u00f3n del navegador correspondiente ni al apagar el dispositivo. El mecanismo de las cookies permanentes no permite descargar ninguna informaci\u00f3n personal o confidencial del dispositivo del Cliente.<\/li>\n\n\n\n<li>Cookies \u201canal\u00edticas\u201d: permiten comprender mejor c\u00f3mo interact\u00faa el Cliente con el contenido de la Tienda y organizar mejor su dise\u00f1o. Las cookies \u201canal\u00edticas\u201d recopilan informaci\u00f3n sobre la manera en que el Cliente utiliza la Tienda, el tipo de sitio web desde el que fue redirigido, as\u00ed como el n\u00famero de visitas y el tiempo de la visita del Cliente en la Tienda. Esta informaci\u00f3n no registra datos personales espec\u00edficos del Cliente, sino que se utiliza para elaborar estad\u00edsticas sobre el uso de la Tienda.<\/li>\n<\/ul>\n\n\n\n<p>Los archivos \u201ccookie\u201d pueden ser utilizados por redes publicitarias, en particular por la red de Google, para mostrar anuncios ajustados a la forma en que el Cliente utiliza la Tienda en L\u00ednea. Con este fin, se puede conservar informaci\u00f3n sobre la ruta de navegaci\u00f3n del Cliente o el tiempo dedicado a un sitio web determinado.<\/p>\n\n\n\n<p>En lo que respecta a la informaci\u00f3n sobre las preferencias del Cliente recopilada por la red publicitaria de Google, el Cliente puede ver y editar la informaci\u00f3n relacionada con los archivos cookie mediante la siguiente herramienta: <a href=\"https:\/\/www.google.com\/ads\/preferences\/\">https:\/\/www.google.com\/ads\/preferences\/<\/a>.<\/p>\n\n\n\n<p>El Cliente puede, por s\u00ed mismo y en cualquier momento, cambiar la configuraci\u00f3n de los archivos \u201ccookie\u201d, especificando las condiciones de su almacenamiento y de su acceso al dispositivo del Cliente. La configuraci\u00f3n a que se refiere la frase anterior puede cambiarse por el Cliente a trav\u00e9s de la configuraci\u00f3n del navegador web o mediante la configuraci\u00f3n del servicio. En particular, dicha configuraci\u00f3n puede modificarse para bloquear el soporte autom\u00e1tico de archivos \u201ccookie\u201d en la configuraci\u00f3n del navegador web o para informar cada vez que se introduzcan en el dispositivo del Cliente. La informaci\u00f3n detallada sobre las posibilidades y formas de gestionar los archivos cookie est\u00e1 disponible en la configuraci\u00f3n del software (navegador web).<\/p>\n\n\n\n<p>Para saber c\u00f3mo gestionar las cookies, incluido c\u00f3mo desactivarlas en su navegador, puede utilizar la secci\u00f3n de ayuda de su navegador. Puede obtener m\u00e1s informaci\u00f3n presionando la tecla F1 mientras usa su navegador. Adem\u00e1s, encontrar\u00e1 consejos adecuados en las siguientes p\u00e1ginas, seg\u00fan el navegador que utilice:<\/p>\n\n\n\n<p>Firefox<\/p>\n\n\n\n<p>Chrome<\/p>\n\n\n\n<p>Safari<\/p>\n\n\n\n<p>Internet Explorer \/ Microsoft Edge<\/p>\n\n\n\n<p>El Cliente puede eliminar los archivos \u201ccookie\u201d en cualquier momento utilizando las funciones disponibles en el navegador web que utilice.<\/p>\n\n\n\n<p>La limitaci\u00f3n del uso de archivos \u201ccookie\u201d puede afectar a algunas funcionalidades disponibles en el sitio web de la Tienda en L\u00ednea.<\/p>\n\n\n\n<p>1.01.2024<\/p>\n","protected":false},"excerpt":{"rendered":"<p>POL\u00cdTICA DE PRIVACIDAD DE LA TIENDA EN L\u00cdNEA REMEMBER FOREVER Informaci\u00f3n general Este documento especifica los principios de privacidad aplicables en la Tienda en L\u00ednea&#8230;<\/p>\n","protected":false},"author":3,"featured_media":0,"parent":0,"menu_order":0,"comment_status":"closed","ping_status":"closed","template":"","meta":{"_acf_changed":false,"footnotes":""},"class_list":["post-18412","page","type-page","status-publish","hentry"],"yoast_head":"<!-- This site is optimized with the Yoast SEO plugin v27.4 - https:\/\/yoast.com\/product\/yoast-seo-wordpress\/ -->\n<title>Uso de cookies - Remember Forever<\/title>\n<meta name=\"robots\" content=\"index, follow, max-snippet:-1, max-image-preview:large, max-video-preview:-1\" \/>\n<link rel=\"canonical\" href=\"https:\/\/www.rememberme-forever.com\/es\/uso-de-cookies\/\" \/>\n<meta property=\"og:locale\" content=\"es_ES\" \/>\n<meta property=\"og:type\" content=\"article\" \/>\n<meta property=\"og:title\" content=\"Uso de cookies - Remember Forever\" \/>\n<meta property=\"og:description\" content=\"POL\u00cdTICA DE PRIVACIDAD DE LA TIENDA EN L\u00cdNEA REMEMBER FOREVER Informaci\u00f3n general Este documento especifica los principios de privacidad aplicables en la Tienda en L\u00ednea...\" \/>\n<meta property=\"og:url\" content=\"https:\/\/www.rememberme-forever.com\/es\/uso-de-cookies\/\" \/>\n<meta property=\"og:site_name\" content=\"Remember Forever\" \/>\n<meta property=\"article:modified_time\" content=\"2025-09-11T10:16:01+00:00\" \/>\n<meta name=\"twitter:card\" content=\"summary_large_image\" \/>\n<meta name=\"twitter:label1\" content=\"Tiempo de lectura\" \/>\n\t<meta name=\"twitter:data1\" content=\"9 minutos\" \/>\n<script type=\"application\/ld+json\" class=\"yoast-schema-graph\">{\"@context\":\"https:\\\/\\\/schema.org\",\"@graph\":[{\"@type\":\"WebPage\",\"@id\":\"https:\\\/\\\/www.rememberme-forever.com\\\/es\\\/uso-de-cookies\\\/\",\"url\":\"https:\\\/\\\/www.rememberme-forever.com\\\/es\\\/uso-de-cookies\\\/\",\"name\":\"Uso de cookies - Remember Forever\",\"isPartOf\":{\"@id\":\"https:\\\/\\\/www.rememberme-forever.com\\\/es\\\/#website\"},\"datePublished\":\"2023-05-04T08:41:55+00:00\",\"dateModified\":\"2025-09-11T10:16:01+00:00\",\"breadcrumb\":{\"@id\":\"https:\\\/\\\/www.rememberme-forever.com\\\/es\\\/uso-de-cookies\\\/#breadcrumb\"},\"inLanguage\":\"es\",\"potentialAction\":[{\"@type\":\"ReadAction\",\"target\":[\"https:\\\/\\\/www.rememberme-forever.com\\\/es\\\/uso-de-cookies\\\/\"]}]},{\"@type\":\"BreadcrumbList\",\"@id\":\"https:\\\/\\\/www.rememberme-forever.com\\\/es\\\/uso-de-cookies\\\/#breadcrumb\",\"itemListElement\":[{\"@type\":\"ListItem\",\"position\":1,\"name\":\"Home\",\"item\":\"https:\\\/\\\/www.rememberme-forever.com\\\/es\\\/inicio\\\/\"},{\"@type\":\"ListItem\",\"position\":2,\"name\":\"Uso de cookies\"}]},{\"@type\":\"WebSite\",\"@id\":\"https:\\\/\\\/www.rememberme-forever.com\\\/es\\\/#website\",\"url\":\"https:\\\/\\\/www.rememberme-forever.com\\\/es\\\/\",\"name\":\"Remember Forever\",\"description\":\"Cremation urns, funeral urns, urns for ashes\",\"publisher\":{\"@id\":\"https:\\\/\\\/www.rememberme-forever.com\\\/es\\\/#organization\"},\"potentialAction\":[{\"@type\":\"SearchAction\",\"target\":{\"@type\":\"EntryPoint\",\"urlTemplate\":\"https:\\\/\\\/www.rememberme-forever.com\\\/es\\\/?s={search_term_string}\"},\"query-input\":{\"@type\":\"PropertyValueSpecification\",\"valueRequired\":true,\"valueName\":\"search_term_string\"}}],\"inLanguage\":\"es\"},{\"@type\":\"Organization\",\"@id\":\"https:\\\/\\\/www.rememberme-forever.com\\\/es\\\/#organization\",\"name\":\"Remember Forever\",\"url\":\"https:\\\/\\\/www.rememberme-forever.com\\\/es\\\/\",\"logo\":{\"@type\":\"ImageObject\",\"inLanguage\":\"es\",\"@id\":\"https:\\\/\\\/www.rememberme-forever.com\\\/es\\\/#\\\/schema\\\/logo\\\/image\\\/\",\"url\":\"https:\\\/\\\/www.rememberme-forever.com\\\/wp-content\\\/uploads\\\/2023\\\/02\\\/logo.png\",\"contentUrl\":\"https:\\\/\\\/www.rememberme-forever.com\\\/wp-content\\\/uploads\\\/2023\\\/02\\\/logo.png\",\"width\":300,\"height\":56,\"caption\":\"Remember Forever\"},\"image\":{\"@id\":\"https:\\\/\\\/www.rememberme-forever.com\\\/es\\\/#\\\/schema\\\/logo\\\/image\\\/\"}}]}<\/script>\n<!-- \/ Yoast SEO plugin. -->","yoast_head_json":{"title":"Uso de cookies - Remember Forever","robots":{"index":"index","follow":"follow","max-snippet":"max-snippet:-1","max-image-preview":"max-image-preview:large","max-video-preview":"max-video-preview:-1"},"canonical":"https:\/\/www.rememberme-forever.com\/es\/uso-de-cookies\/","og_locale":"es_ES","og_type":"article","og_title":"Uso de cookies - Remember Forever","og_description":"POL\u00cdTICA DE PRIVACIDAD DE LA TIENDA EN L\u00cdNEA REMEMBER FOREVER Informaci\u00f3n general Este documento especifica los principios de privacidad aplicables en la Tienda en L\u00ednea...","og_url":"https:\/\/www.rememberme-forever.com\/es\/uso-de-cookies\/","og_site_name":"Remember Forever","article_modified_time":"2025-09-11T10:16:01+00:00","twitter_card":"summary_large_image","twitter_misc":{"Tiempo de lectura":"9 minutos"},"schema":{"@context":"https:\/\/schema.org","@graph":[{"@type":"WebPage","@id":"https:\/\/www.rememberme-forever.com\/es\/uso-de-cookies\/","url":"https:\/\/www.rememberme-forever.com\/es\/uso-de-cookies\/","name":"Uso de cookies - Remember Forever","isPartOf":{"@id":"https:\/\/www.rememberme-forever.com\/es\/#website"},"datePublished":"2023-05-04T08:41:55+00:00","dateModified":"2025-09-11T10:16:01+00:00","breadcrumb":{"@id":"https:\/\/www.rememberme-forever.com\/es\/uso-de-cookies\/#breadcrumb"},"inLanguage":"es","potentialAction":[{"@type":"ReadAction","target":["https:\/\/www.rememberme-forever.com\/es\/uso-de-cookies\/"]}]},{"@type":"BreadcrumbList","@id":"https:\/\/www.rememberme-forever.com\/es\/uso-de-cookies\/#breadcrumb","itemListElement":[{"@type":"ListItem","position":1,"name":"Home","item":"https:\/\/www.rememberme-forever.com\/es\/inicio\/"},{"@type":"ListItem","position":2,"name":"Uso de cookies"}]},{"@type":"WebSite","@id":"https:\/\/www.rememberme-forever.com\/es\/#website","url":"https:\/\/www.rememberme-forever.com\/es\/","name":"Remember Forever","description":"Cremation urns, funeral urns, urns for ashes","publisher":{"@id":"https:\/\/www.rememberme-forever.com\/es\/#organization"},"potentialAction":[{"@type":"SearchAction","target":{"@type":"EntryPoint","urlTemplate":"https:\/\/www.rememberme-forever.com\/es\/?s={search_term_string}"},"query-input":{"@type":"PropertyValueSpecification","valueRequired":true,"valueName":"search_term_string"}}],"inLanguage":"es"},{"@type":"Organization","@id":"https:\/\/www.rememberme-forever.com\/es\/#organization","name":"Remember Forever","url":"https:\/\/www.rememberme-forever.com\/es\/","logo":{"@type":"ImageObject","inLanguage":"es","@id":"https:\/\/www.rememberme-forever.com\/es\/#\/schema\/logo\/image\/","url":"https:\/\/www.rememberme-forever.com\/wp-content\/uploads\/2023\/02\/logo.png","contentUrl":"https:\/\/www.rememberme-forever.com\/wp-content\/uploads\/2023\/02\/logo.png","width":300,"height":56,"caption":"Remember Forever"},"image":{"@id":"https:\/\/www.rememberme-forever.com\/es\/#\/schema\/logo\/image\/"}}]}},"acf":[],"_links":{"self":[{"href":"https:\/\/www.rememberme-forever.com\/es\/wp-json\/wp\/v2\/pages\/18412","targetHints":{"allow":["GET"]}}],"collection":[{"href":"https:\/\/www.rememberme-forever.com\/es\/wp-json\/wp\/v2\/pages"}],"about":[{"href":"https:\/\/www.rememberme-forever.com\/es\/wp-json\/wp\/v2\/types\/page"}],"author":[{"embeddable":true,"href":"https:\/\/www.rememberme-forever.com\/es\/wp-json\/wp\/v2\/users\/3"}],"replies":[{"embeddable":true,"href":"https:\/\/www.rememberme-forever.com\/es\/wp-json\/wp\/v2\/comments?post=18412"}],"version-history":[{"count":3,"href":"https:\/\/www.rememberme-forever.com\/es\/wp-json\/wp\/v2\/pages\/18412\/revisions"}],"predecessor-version":[{"id":18416,"href":"https:\/\/www.rememberme-forever.com\/es\/wp-json\/wp\/v2\/pages\/18412\/revisions\/18416"}],"wp:attachment":[{"href":"https:\/\/www.rememberme-forever.com\/es\/wp-json\/wp\/v2\/media?parent=18412"}],"curies":[{"name":"wp","href":"https:\/\/api.w.org\/{rel}","templated":true}]}}