{"id":18417,"date":"2023-06-27T12:51:33","date_gmt":"2023-06-27T10:51:33","guid":{"rendered":"https:\/\/www.rememberme-forever.com\/faq\/"},"modified":"2025-09-11T12:23:05","modified_gmt":"2025-09-11T10:23:05","slug":"faq","status":"publish","type":"page","link":"https:\/\/www.rememberme-forever.com\/es\/faq\/","title":{"rendered":"FAQ"},"content":{"rendered":"\n<p>Aqu\u00ed encontrar\u00e1 las respuestas a algunas de las preguntas m\u00e1s frecuentes que recibimos. Si no encuentra su pregunta aqu\u00ed, p\u00f3ngase en contacto con nosotros.<\/p>\n\n\n\n<p><strong>Q: \u00bfLas cenizas de una persona adulta grande caben en la urna?<\/strong><\/p>\n\n\n\n<p>A: En la mayor\u00eda de los casos, s\u00ed. Los restos cremados ocupan entre 140 y 180 pulgadas c\u00fabicas. Si le preocupa si cabr\u00e1n, puede medir su volumen antes de comprar. El director funerario o el crematorio pueden orientarle sobre el tama\u00f1o de urna que necesitar\u00e1. En nuestro sitio web ofrecemos distintos tama\u00f1os de urnas funerarias, incluidas urnas de \u00e1ngel, ata\u00fades para cenizas y urnas para mascotas.<\/p>\n\n\n\n<p><strong>Q: \u00bfQu\u00e9 es una urna \u201ckeepsake\u201d (recuerdo)?<\/strong><\/p>\n\n\n\n<p>A: Las urnas \u201ckeepsake\u201d para cenizas son urnas de peque\u00f1o tama\u00f1o que contienen una cantidad reducida de cenizas cremadas. A menudo se usan junto con una urna de tama\u00f1o completo cuando las cenizas se comparten entre familiares y amigos.<\/p>\n\n\n\n<p><strong>Q: \u00bfUna urna de acero inoxidable se oxidar\u00e1 con el tiempo?<\/strong><\/p>\n\n\n\n<p>A: Las urnas de acero inoxidable est\u00e1n dise\u00f1adas para resistir la oxidaci\u00f3n y la corrosi\u00f3n. Sin embargo, es importante se\u00f1alar que ning\u00fan material es completamente inmune a los efectos del tiempo y los factores ambientales. Aunque el acero inoxidable es muy resistente al \u00f3xido, la exposici\u00f3n prolongada a condiciones adversas o la falta de mantenimiento pueden provocar corrosi\u00f3n superficial. Para garantizar la durabilidad de su urna de acero inoxidable, se recomienda limpiarla y mantenerla peri\u00f3dicamente siguiendo las instrucciones del fabricante.<\/p>\n\n\n\n<p><strong>Q: \u00bfTodas sus urnas esf\u00e9ricas son aptas para exterior?<\/strong><\/p>\n\n\n\n<p>A: No todas nuestras urnas son adecuadas para colocarse en el exterior. Si una urna est\u00e1 dise\u00f1ada para uso en exteriores, esta informaci\u00f3n se especificar\u00e1 en la descripci\u00f3n del producto. Las urnas para exterior deben estar debidamente preparadas y fabricadas con materiales cuidadosamente seleccionados que resistan todas las condiciones clim\u00e1ticas. En la categor\u00eda \u00abUrnas para exterior\u00bb encontrar\u00e1 todas las urnas que son resistentes a la intemperie y est\u00e1n hechas para perdurar.<\/p>\n\n\n\n<p><strong>Q: \u00bfMi urna de metal se oxidar\u00e1 o se deslustrar\u00e1?<\/strong><\/p>\n\n\n\n<p>A: Si se guarda en el interior, una urna de metal como lat\u00f3n, acero, bronce, peltre o chapada puede deslustrarse con el tiempo. Esto es com\u00fan en los productos met\u00e1licos. Si ocurre, existen limpiadores de metales que pueden restaurar el acabado original. Si se coloca en el exterior, en una tumba o en un nicho de columbario, el efecto puede producirse mucho m\u00e1s r\u00e1pido.<\/p>\n\n\n\n<p><strong>Q: \u00bfDebo sellar mi urna y c\u00f3mo hacerlo?<\/strong><\/p>\n\n\n\n<p>A: No es necesario sellar la urna, pero si lo desea, puede usar un sellador de silicona adquirido en una ferreter\u00eda. Antes de sellar, aplique una peque\u00f1a cantidad alrededor de la abertura. H\u00e1galo \u00fanicamente si no tiene previsto volver a abrirla.<\/p>\n\n\n\n<p><strong>Q: \u00bfQui\u00e9n pondr\u00e1 las cenizas dentro de la urna?<\/strong><\/p>\n\n\n\n<p>A: La mayor\u00eda de las familias pueden llenar la urna por s\u00ed mismas, ya que es un proceso sencillo y a menudo terap\u00e9utico. Sin embargo, entendemos que para algunas personas la tarea puede ser emocionalmente abrumadora y pueden necesitar ayuda o apoyo externos. La funeraria suele entregarle las cenizas en un contenedor pl\u00e1stico temporal, dentro del cual hay una bolsa con las cenizas. Esta bolsa puede transferirse directamente a la nueva urna u otro recipiente que elija, sin necesidad de tocar las cenizas. Alternativamente, puede pedir a su profesional funerario que llene la urna por usted.<\/p>\n\n\n\n<p><strong>Q: \u00bfC\u00f3mo limpio mi urna?<\/strong><\/p>\n\n\n\n<p>A: Una de las mejores maneras de limpiar su urna es simplemente pasar un pa\u00f1o suave.<\/p>\n\n\n\n<p><strong>Q: \u00bfPuedo colocar otros objetos dentro de la urna junto con las cenizas?<\/strong><\/p>\n\n\n\n<p>A: S\u00ed, puede a\u00f1adir objetos personales como carteras, anillos, tarjetas, cartas, fotos y m\u00e1s. No hay una forma correcta o incorrecta de participar cuando se trata de la cremaci\u00f3n. Muchas personas eligen la cremaci\u00f3n por las libertades que ofrece, y creemos que todo lo que le haga sentir mejor es lo correcto a la hora de honrar a su ser querido.<\/p>\n\n\n\n<p><strong>Q: \u00bfQu\u00e9 tipos de urnas est\u00e1n aprobados para viajar?<\/strong><\/p>\n\n\n\n<p>A: Viajar con una urna requiere seguir algunas pautas de la TSA (Administraci\u00f3n de Seguridad en el Transporte de EE. UU.). Todos los art\u00edculos de mano deben pasar por un dispositivo de rayos X. Existen varias urnas compatibles con rayos X, como las urnas de madera, cajas de pl\u00e1stico para cenizas o urnas para esparcir. Si elige una urna m\u00e1s gruesa y pesada, como de lat\u00f3n o m\u00e1rmol, puede ser mejor adquirir una urna temporal para llevar las cenizas en el equipaje de mano y facturar la urna permanente en el equipaje.<\/p>\n\n\n\n<p><strong>Q: \u00bfPuedo esparcir cenizas en un parque nacional?<\/strong><\/p>\n\n\n\n<p>A: Los restos cremados pueden esparcirse en la mayor\u00eda de los parques nacionales. Sin embargo, es importante tener en cuenta que cada parque tiene su propia normativa.<\/p>\n\n\n\n<p><strong>Q: \u00bfPuedo personalizar una urna?<\/strong><\/p>\n\n\n\n<p>A: \u00a1Por supuesto! Personalizar una urna puede ser una forma hermosa de honrar y recordar a su ser querido. Muchas urnas ofrecen opciones de personalizaci\u00f3n, como grabar el nombre, las fechas o un mensaje personal. Tambi\u00e9n puede elegir urnas con dise\u00f1os, motivos o materiales \u00fanicos que reflejen su personalidad o intereses. Adem\u00e1s, puede considerar a\u00f1adir toques personales como fotos, placas o s\u00edmbolos para personalizar a\u00fan m\u00e1s la urna.<\/p>\n\n\n\n<p><strong>Q: \u00bfC\u00f3mo elijo la urna adecuada para mi ser querido?<\/strong><\/p>\n\n\n\n<p>A: Elegir la urna adecuada es una decisi\u00f3n personal que depende de varios factores. Considere el tama\u00f1o de la urna, asegur\u00e1ndose de que tenga la capacidad suficiente para contener los restos cremados. Piense en el material y el dise\u00f1o que encajen con el estilo o las preferencias de su ser querido. Tambi\u00e9n puede considerar el prop\u00f3sito de la urna, por ejemplo, si se exhibir\u00e1 en casa, se colocar\u00e1 en un columbario o se utilizar\u00e1 para el esparcimiento. Tomarse su tiempo, explorar distintas opciones y consultar con familiares o con un profesional funerario puede ayudarle a tomar una decisi\u00f3n meditada.<\/p>\n\n\n\n<p><strong>Q: \u00bfPuedo comprar una urna en l\u00ednea?<\/strong><\/p>\n\n\n\n<p>A: S\u00ed, comprar una urna en l\u00ednea es una opci\u00f3n conveniente. Hay numerosos comercios en l\u00ednea de buena reputaci\u00f3n que ofrecen una amplia variedad de urnas. Al comprar en l\u00ednea, aseg\u00farese de leer las descripciones de los productos, las dimensiones y las opiniones de los clientes para garantizar que est\u00e1 seleccionando una urna de calidad. Tambi\u00e9n es importante considerar los plazos de env\u00edo, las pol\u00edticas de devoluciones y los servicios adicionales de personalizaci\u00f3n o grabado que ofrezca la tienda.<\/p>\n\n\n\n<p><strong>Q: \u00bfExisten opciones de urnas ecol\u00f3gicas?<\/strong><\/p>\n\n\n\n<p>A: S\u00ed, existen opciones de urnas ecol\u00f3gicas para quienes priorizan la sostenibilidad y el cuidado del medio ambiente. Las urnas biodegradables fabricadas con materiales como papel reciclado, sal, arena o fibras vegetales est\u00e1n dise\u00f1adas para descomponerse de forma natural cuando se entierran o se colocan en el agua. Estas urnas ofrecen una alternativa m\u00e1s respetuosa con el medio ambiente frente a materiales tradicionales como el metal o la cer\u00e1mica. Adem\u00e1s, hay urnas espec\u00edficamente dise\u00f1adas para ceremonias en el agua, que permiten liberar las cenizas y que se disuelvan gradualmente, minimizando su impacto ambiental.<\/p>\n\n\n\n<p><strong>Q: \u00bfPuedo comprar una urna antes de que surja la necesidad?<\/strong><\/p>\n\n\n\n<p>A: S\u00ed, es perfectamente v\u00e1lido comprar una urna antes de que sea necesaria. De hecho, planificar con antelaci\u00f3n puede aliviar parte del estr\u00e9s y de la toma de decisiones en un momento dif\u00edcil. Adquirir una urna por adelantado le permite explorar distintas opciones, tomarse el tiempo para elegir y asegurarse de contar con un recipiente adecuado para honrar los restos de su ser querido. Si decide comprarla por adelantado, es aconsejable informar a sus familiares o incluir sus deseos en sus planes de final de vida para que est\u00e9n al tanto de su decisi\u00f3n.<\/p>\n","protected":false},"excerpt":{"rendered":"<p>Aqu\u00ed encontrar\u00e1 las respuestas a algunas de las preguntas m\u00e1s frecuentes que recibimos. Si no encuentra su pregunta aqu\u00ed, p\u00f3ngase en contacto con nosotros. Q:&#8230;<\/p>\n","protected":false},"author":3,"featured_media":0,"parent":0,"menu_order":0,"comment_status":"closed","ping_status":"closed","template":"","meta":{"_acf_changed":false,"footnotes":""},"class_list":["post-18417","page","type-page","status-publish","hentry"],"yoast_head":"<!-- This site is optimized with the Yoast SEO plugin v27.4 - https:\/\/yoast.com\/product\/yoast-seo-wordpress\/ -->\n<title>FAQ - Remember Forever<\/title>\n<meta name=\"robots\" content=\"index, follow, max-snippet:-1, max-image-preview:large, max-video-preview:-1\" \/>\n<link rel=\"canonical\" href=\"https:\/\/www.rememberme-forever.com\/es\/faq\/\" \/>\n<meta property=\"og:locale\" content=\"es_ES\" \/>\n<meta property=\"og:type\" content=\"article\" \/>\n<meta property=\"og:title\" content=\"FAQ - Remember Forever\" \/>\n<meta property=\"og:description\" content=\"Aqu\u00ed encontrar\u00e1 las respuestas a algunas de las preguntas m\u00e1s frecuentes que recibimos. Si no encuentra su pregunta aqu\u00ed, p\u00f3ngase en contacto con nosotros. Q:...\" \/>\n<meta property=\"og:url\" content=\"https:\/\/www.rememberme-forever.com\/es\/faq\/\" \/>\n<meta property=\"og:site_name\" content=\"Remember Forever\" \/>\n<meta property=\"article:modified_time\" content=\"2025-09-11T10:23:05+00:00\" \/>\n<meta name=\"twitter:card\" content=\"summary_large_image\" \/>\n<meta name=\"twitter:label1\" content=\"Tiempo de lectura\" \/>\n\t<meta name=\"twitter:data1\" content=\"6 minutos\" \/>\n<script type=\"application\/ld+json\" class=\"yoast-schema-graph\">{\"@context\":\"https:\\\/\\\/schema.org\",\"@graph\":[{\"@type\":\"WebPage\",\"@id\":\"https:\\\/\\\/www.rememberme-forever.com\\\/es\\\/faq\\\/\",\"url\":\"https:\\\/\\\/www.rememberme-forever.com\\\/es\\\/faq\\\/\",\"name\":\"FAQ - Remember Forever\",\"isPartOf\":{\"@id\":\"https:\\\/\\\/www.rememberme-forever.com\\\/es\\\/#website\"},\"datePublished\":\"2023-06-27T10:51:33+00:00\",\"dateModified\":\"2025-09-11T10:23:05+00:00\",\"breadcrumb\":{\"@id\":\"https:\\\/\\\/www.rememberme-forever.com\\\/es\\\/faq\\\/#breadcrumb\"},\"inLanguage\":\"es\",\"potentialAction\":[{\"@type\":\"ReadAction\",\"target\":[\"https:\\\/\\\/www.rememberme-forever.com\\\/es\\\/faq\\\/\"]}]},{\"@type\":\"BreadcrumbList\",\"@id\":\"https:\\\/\\\/www.rememberme-forever.com\\\/es\\\/faq\\\/#breadcrumb\",\"itemListElement\":[{\"@type\":\"ListItem\",\"position\":1,\"name\":\"Home\",\"item\":\"https:\\\/\\\/www.rememberme-forever.com\\\/es\\\/inicio\\\/\"},{\"@type\":\"ListItem\",\"position\":2,\"name\":\"FAQ\"}]},{\"@type\":\"WebSite\",\"@id\":\"https:\\\/\\\/www.rememberme-forever.com\\\/es\\\/#website\",\"url\":\"https:\\\/\\\/www.rememberme-forever.com\\\/es\\\/\",\"name\":\"Remember Forever\",\"description\":\"Cremation urns, funeral urns, urns for ashes\",\"publisher\":{\"@id\":\"https:\\\/\\\/www.rememberme-forever.com\\\/es\\\/#organization\"},\"potentialAction\":[{\"@type\":\"SearchAction\",\"target\":{\"@type\":\"EntryPoint\",\"urlTemplate\":\"https:\\\/\\\/www.rememberme-forever.com\\\/es\\\/?s={search_term_string}\"},\"query-input\":{\"@type\":\"PropertyValueSpecification\",\"valueRequired\":true,\"valueName\":\"search_term_string\"}}],\"inLanguage\":\"es\"},{\"@type\":\"Organization\",\"@id\":\"https:\\\/\\\/www.rememberme-forever.com\\\/es\\\/#organization\",\"name\":\"Remember Forever\",\"url\":\"https:\\\/\\\/www.rememberme-forever.com\\\/es\\\/\",\"logo\":{\"@type\":\"ImageObject\",\"inLanguage\":\"es\",\"@id\":\"https:\\\/\\\/www.rememberme-forever.com\\\/es\\\/#\\\/schema\\\/logo\\\/image\\\/\",\"url\":\"https:\\\/\\\/www.rememberme-forever.com\\\/wp-content\\\/uploads\\\/2023\\\/02\\\/logo.png\",\"contentUrl\":\"https:\\\/\\\/www.rememberme-forever.com\\\/wp-content\\\/uploads\\\/2023\\\/02\\\/logo.png\",\"width\":300,\"height\":56,\"caption\":\"Remember Forever\"},\"image\":{\"@id\":\"https:\\\/\\\/www.rememberme-forever.com\\\/es\\\/#\\\/schema\\\/logo\\\/image\\\/\"}}]}<\/script>\n<!-- \/ Yoast SEO plugin. -->","yoast_head_json":{"title":"FAQ - Remember Forever","robots":{"index":"index","follow":"follow","max-snippet":"max-snippet:-1","max-image-preview":"max-image-preview:large","max-video-preview":"max-video-preview:-1"},"canonical":"https:\/\/www.rememberme-forever.com\/es\/faq\/","og_locale":"es_ES","og_type":"article","og_title":"FAQ - Remember Forever","og_description":"Aqu\u00ed encontrar\u00e1 las respuestas a algunas de las preguntas m\u00e1s frecuentes que recibimos. Si no encuentra su pregunta aqu\u00ed, p\u00f3ngase en contacto con nosotros. Q:...","og_url":"https:\/\/www.rememberme-forever.com\/es\/faq\/","og_site_name":"Remember Forever","article_modified_time":"2025-09-11T10:23:05+00:00","twitter_card":"summary_large_image","twitter_misc":{"Tiempo de lectura":"6 minutos"},"schema":{"@context":"https:\/\/schema.org","@graph":[{"@type":"WebPage","@id":"https:\/\/www.rememberme-forever.com\/es\/faq\/","url":"https:\/\/www.rememberme-forever.com\/es\/faq\/","name":"FAQ - Remember Forever","isPartOf":{"@id":"https:\/\/www.rememberme-forever.com\/es\/#website"},"datePublished":"2023-06-27T10:51:33+00:00","dateModified":"2025-09-11T10:23:05+00:00","breadcrumb":{"@id":"https:\/\/www.rememberme-forever.com\/es\/faq\/#breadcrumb"},"inLanguage":"es","potentialAction":[{"@type":"ReadAction","target":["https:\/\/www.rememberme-forever.com\/es\/faq\/"]}]},{"@type":"BreadcrumbList","@id":"https:\/\/www.rememberme-forever.com\/es\/faq\/#breadcrumb","itemListElement":[{"@type":"ListItem","position":1,"name":"Home","item":"https:\/\/www.rememberme-forever.com\/es\/inicio\/"},{"@type":"ListItem","position":2,"name":"FAQ"}]},{"@type":"WebSite","@id":"https:\/\/www.rememberme-forever.com\/es\/#website","url":"https:\/\/www.rememberme-forever.com\/es\/","name":"Remember Forever","description":"Cremation urns, funeral urns, urns for ashes","publisher":{"@id":"https:\/\/www.rememberme-forever.com\/es\/#organization"},"potentialAction":[{"@type":"SearchAction","target":{"@type":"EntryPoint","urlTemplate":"https:\/\/www.rememberme-forever.com\/es\/?s={search_term_string}"},"query-input":{"@type":"PropertyValueSpecification","valueRequired":true,"valueName":"search_term_string"}}],"inLanguage":"es"},{"@type":"Organization","@id":"https:\/\/www.rememberme-forever.com\/es\/#organization","name":"Remember Forever","url":"https:\/\/www.rememberme-forever.com\/es\/","logo":{"@type":"ImageObject","inLanguage":"es","@id":"https:\/\/www.rememberme-forever.com\/es\/#\/schema\/logo\/image\/","url":"https:\/\/www.rememberme-forever.com\/wp-content\/uploads\/2023\/02\/logo.png","contentUrl":"https:\/\/www.rememberme-forever.com\/wp-content\/uploads\/2023\/02\/logo.png","width":300,"height":56,"caption":"Remember Forever"},"image":{"@id":"https:\/\/www.rememberme-forever.com\/es\/#\/schema\/logo\/image\/"}}]}},"acf":[],"_links":{"self":[{"href":"https:\/\/www.rememberme-forever.com\/es\/wp-json\/wp\/v2\/pages\/18417","targetHints":{"allow":["GET"]}}],"collection":[{"href":"https:\/\/www.rememberme-forever.com\/es\/wp-json\/wp\/v2\/pages"}],"about":[{"href":"https:\/\/www.rememberme-forever.com\/es\/wp-json\/wp\/v2\/types\/page"}],"author":[{"embeddable":true,"href":"https:\/\/www.rememberme-forever.com\/es\/wp-json\/wp\/v2\/users\/3"}],"replies":[{"embeddable":true,"href":"https:\/\/www.rememberme-forever.com\/es\/wp-json\/wp\/v2\/comments?post=18417"}],"version-history":[{"count":2,"href":"https:\/\/www.rememberme-forever.com\/es\/wp-json\/wp\/v2\/pages\/18417\/revisions"}],"predecessor-version":[{"id":18419,"href":"https:\/\/www.rememberme-forever.com\/es\/wp-json\/wp\/v2\/pages\/18417\/revisions\/18419"}],"wp:attachment":[{"href":"https:\/\/www.rememberme-forever.com\/es\/wp-json\/wp\/v2\/media?parent=18417"}],"curies":[{"name":"wp","href":"https:\/\/api.w.org\/{rel}","templated":true}]}}