{"id":18420,"date":"2023-02-01T12:36:43","date_gmt":"2023-02-01T11:36:43","guid":{"rendered":"https:\/\/www.rememberme-forever.com\/inicio\/"},"modified":"2025-12-10T10:06:43","modified_gmt":"2025-12-10T09:06:43","slug":"inicio","status":"publish","type":"page","link":"https:\/\/www.rememberme-forever.com\/es\/","title":{"rendered":"Urnas de Cremaci\u00f3n para Cenizas Cremation Urns For Ashes"},"content":{"rendered":"","protected":false},"excerpt":{"rendered":"","protected":false},"author":1,"featured_media":23603,"parent":0,"menu_order":0,"comment_status":"closed","ping_status":"closed","template":"front-page.php","meta":{"_acf_changed":false,"footnotes":""},"class_list":["post-18420","page","type-page","status-publish","has-post-thumbnail","hentry"],"yoast_head":"<!-- This site is optimized with the Yoast SEO plugin v27.4 - https:\/\/yoast.com\/product\/yoast-seo-wordpress\/ -->\n<title>Urnas de Cremaci\u00f3n para Cenizas Cremation Urns For Ashes - Remember Forever<\/title>\n<meta name=\"description\" content=\"\ud83d\udc49 Urnas de Cremaci\u00f3n para Cenizas. \u2714\ufe0f Esta tienda online ofrece urnas de cremaci\u00f3n para cenizas humanas o de mascotas. Contenedores y recuerdos de cenizas absolutamente perfectos.\" \/>\n<meta name=\"robots\" content=\"index, follow, max-snippet:-1, max-image-preview:large, max-video-preview:-1\" \/>\n<link rel=\"canonical\" href=\"https:\/\/www.rememberme-forever.com\/es\/\" \/>\n<meta property=\"og:locale\" content=\"es_ES\" \/>\n<meta property=\"og:type\" content=\"article\" \/>\n<meta property=\"og:title\" content=\"Urnas de Cremaci\u00f3n para Cenizas Cremation Urns For Ashes - Remember Forever\" \/>\n<meta property=\"og:description\" content=\"\ud83d\udc49 Urnas de Cremaci\u00f3n para Cenizas. \u2714\ufe0f Esta tienda online ofrece urnas de cremaci\u00f3n para cenizas humanas o de mascotas. Contenedores y recuerdos de cenizas absolutamente perfectos.\" \/>\n<meta property=\"og:url\" content=\"https:\/\/www.rememberme-forever.com\/es\/\" \/>\n<meta property=\"og:site_name\" content=\"Remember Forever\" \/>\n<meta property=\"article:modified_time\" content=\"2025-12-10T09:06:43+00:00\" \/>\n<meta property=\"og:image\" content=\"https:\/\/www.rememberme-forever.com\/wp-content\/uploads\/2025\/12\/Cremation-Urns-For-Ashes.jpg\" \/>\n\t<meta property=\"og:image:width\" content=\"770\" \/>\n\t<meta property=\"og:image:height\" content=\"450\" \/>\n\t<meta property=\"og:image:type\" content=\"image\/jpeg\" \/>\n<meta name=\"twitter:card\" content=\"summary_large_image\" \/>\n<script type=\"application\/ld+json\" class=\"yoast-schema-graph\">{\"@context\":\"https:\\\/\\\/schema.org\",\"@graph\":[{\"@type\":\"WebPage\",\"@id\":\"https:\\\/\\\/www.rememberme-forever.com\\\/es\\\/\",\"url\":\"https:\\\/\\\/www.rememberme-forever.com\\\/es\\\/\",\"name\":\"Urnas de Cremaci\u00f3n para Cenizas Cremation Urns For Ashes - Remember Forever\",\"isPartOf\":{\"@id\":\"https:\\\/\\\/www.rememberme-forever.com\\\/es\\\/#website\"},\"primaryImageOfPage\":{\"@id\":\"https:\\\/\\\/www.rememberme-forever.com\\\/es\\\/#primaryimage\"},\"image\":{\"@id\":\"https:\\\/\\\/www.rememberme-forever.com\\\/es\\\/#primaryimage\"},\"thumbnailUrl\":\"https:\\\/\\\/www.rememberme-forever.com\\\/wp-content\\\/uploads\\\/2025\\\/12\\\/Cremation-Urns-For-Ashes.jpg\",\"datePublished\":\"2023-02-01T11:36:43+00:00\",\"dateModified\":\"2025-12-10T09:06:43+00:00\",\"description\":\"\ud83d\udc49 Urnas de Cremaci\u00f3n para Cenizas. \u2714\ufe0f Esta tienda online ofrece urnas de cremaci\u00f3n para cenizas humanas o de mascotas. Contenedores y recuerdos de cenizas absolutamente perfectos.\",\"breadcrumb\":{\"@id\":\"https:\\\/\\\/www.rememberme-forever.com\\\/es\\\/#breadcrumb\"},\"inLanguage\":\"es\",\"potentialAction\":[{\"@type\":\"ReadAction\",\"target\":[\"https:\\\/\\\/www.rememberme-forever.com\\\/es\\\/\"]}]},{\"@type\":\"ImageObject\",\"inLanguage\":\"es\",\"@id\":\"https:\\\/\\\/www.rememberme-forever.com\\\/es\\\/#primaryimage\",\"url\":\"https:\\\/\\\/www.rememberme-forever.com\\\/wp-content\\\/uploads\\\/2025\\\/12\\\/Cremation-Urns-For-Ashes.jpg\",\"contentUrl\":\"https:\\\/\\\/www.rememberme-forever.com\\\/wp-content\\\/uploads\\\/2025\\\/12\\\/Cremation-Urns-For-Ashes.jpg\",\"width\":770,\"height\":450,\"caption\":\"Urnas de cremaci\u00f3n para cenizas: urnas esf\u00e9ricas de acero inoxidable sobre bases de piedra con figuras art\u00edsticas.\"},{\"@type\":\"BreadcrumbList\",\"@id\":\"https:\\\/\\\/www.rememberme-forever.com\\\/es\\\/#breadcrumb\",\"itemListElement\":[{\"@type\":\"ListItem\",\"position\":1,\"name\":\"Home\",\"item\":\"https:\\\/\\\/www.rememberme-forever.com\\\/es\\\/inicio\\\/\"},{\"@type\":\"ListItem\",\"position\":2,\"name\":\"Urnas de Cremaci\u00f3n para Cenizas Cremation Urns For Ashes\"}]},{\"@type\":\"WebSite\",\"@id\":\"https:\\\/\\\/www.rememberme-forever.com\\\/es\\\/#website\",\"url\":\"https:\\\/\\\/www.rememberme-forever.com\\\/es\\\/\",\"name\":\"Remember Forever\",\"description\":\"Cremation urns, funeral urns, urns for ashes\",\"publisher\":{\"@id\":\"https:\\\/\\\/www.rememberme-forever.com\\\/es\\\/#organization\"},\"potentialAction\":[{\"@type\":\"SearchAction\",\"target\":{\"@type\":\"EntryPoint\",\"urlTemplate\":\"https:\\\/\\\/www.rememberme-forever.com\\\/es\\\/?s={search_term_string}\"},\"query-input\":{\"@type\":\"PropertyValueSpecification\",\"valueRequired\":true,\"valueName\":\"search_term_string\"}}],\"inLanguage\":\"es\"},{\"@type\":\"Organization\",\"@id\":\"https:\\\/\\\/www.rememberme-forever.com\\\/es\\\/#organization\",\"name\":\"Remember Forever\",\"url\":\"https:\\\/\\\/www.rememberme-forever.com\\\/es\\\/\",\"logo\":{\"@type\":\"ImageObject\",\"inLanguage\":\"es\",\"@id\":\"https:\\\/\\\/www.rememberme-forever.com\\\/es\\\/#\\\/schema\\\/logo\\\/image\\\/\",\"url\":\"https:\\\/\\\/www.rememberme-forever.com\\\/wp-content\\\/uploads\\\/2023\\\/02\\\/logo.png\",\"contentUrl\":\"https:\\\/\\\/www.rememberme-forever.com\\\/wp-content\\\/uploads\\\/2023\\\/02\\\/logo.png\",\"width\":300,\"height\":56,\"caption\":\"Remember Forever\"},\"image\":{\"@id\":\"https:\\\/\\\/www.rememberme-forever.com\\\/es\\\/#\\\/schema\\\/logo\\\/image\\\/\"}}]}<\/script>\n<!-- \/ Yoast SEO plugin. -->","yoast_head_json":{"title":"Urnas de Cremaci\u00f3n para Cenizas Cremation Urns For Ashes - Remember Forever","description":"\ud83d\udc49 Urnas de Cremaci\u00f3n para Cenizas. \u2714\ufe0f Esta tienda online ofrece urnas de cremaci\u00f3n para cenizas humanas o de mascotas. Contenedores y recuerdos de cenizas absolutamente perfectos.","robots":{"index":"index","follow":"follow","max-snippet":"max-snippet:-1","max-image-preview":"max-image-preview:large","max-video-preview":"max-video-preview:-1"},"canonical":"https:\/\/www.rememberme-forever.com\/es\/","og_locale":"es_ES","og_type":"article","og_title":"Urnas de Cremaci\u00f3n para Cenizas Cremation Urns For Ashes - Remember Forever","og_description":"\ud83d\udc49 Urnas de Cremaci\u00f3n para Cenizas. \u2714\ufe0f Esta tienda online ofrece urnas de cremaci\u00f3n para cenizas humanas o de mascotas. Contenedores y recuerdos de cenizas absolutamente perfectos.","og_url":"https:\/\/www.rememberme-forever.com\/es\/","og_site_name":"Remember Forever","article_modified_time":"2025-12-10T09:06:43+00:00","og_image":[{"width":770,"height":450,"url":"https:\/\/www.rememberme-forever.com\/wp-content\/uploads\/2025\/12\/Cremation-Urns-For-Ashes.jpg","type":"image\/jpeg"}],"twitter_card":"summary_large_image","schema":{"@context":"https:\/\/schema.org","@graph":[{"@type":"WebPage","@id":"https:\/\/www.rememberme-forever.com\/es\/","url":"https:\/\/www.rememberme-forever.com\/es\/","name":"Urnas de Cremaci\u00f3n para Cenizas Cremation Urns For Ashes - Remember Forever","isPartOf":{"@id":"https:\/\/www.rememberme-forever.com\/es\/#website"},"primaryImageOfPage":{"@id":"https:\/\/www.rememberme-forever.com\/es\/#primaryimage"},"image":{"@id":"https:\/\/www.rememberme-forever.com\/es\/#primaryimage"},"thumbnailUrl":"https:\/\/www.rememberme-forever.com\/wp-content\/uploads\/2025\/12\/Cremation-Urns-For-Ashes.jpg","datePublished":"2023-02-01T11:36:43+00:00","dateModified":"2025-12-10T09:06:43+00:00","description":"\ud83d\udc49 Urnas de Cremaci\u00f3n para Cenizas. \u2714\ufe0f Esta tienda online ofrece urnas de cremaci\u00f3n para cenizas humanas o de mascotas. Contenedores y recuerdos de cenizas absolutamente perfectos.","breadcrumb":{"@id":"https:\/\/www.rememberme-forever.com\/es\/#breadcrumb"},"inLanguage":"es","potentialAction":[{"@type":"ReadAction","target":["https:\/\/www.rememberme-forever.com\/es\/"]}]},{"@type":"ImageObject","inLanguage":"es","@id":"https:\/\/www.rememberme-forever.com\/es\/#primaryimage","url":"https:\/\/www.rememberme-forever.com\/wp-content\/uploads\/2025\/12\/Cremation-Urns-For-Ashes.jpg","contentUrl":"https:\/\/www.rememberme-forever.com\/wp-content\/uploads\/2025\/12\/Cremation-Urns-For-Ashes.jpg","width":770,"height":450,"caption":"Urnas de cremaci\u00f3n para cenizas: urnas esf\u00e9ricas de acero inoxidable sobre bases de piedra con figuras art\u00edsticas."},{"@type":"BreadcrumbList","@id":"https:\/\/www.rememberme-forever.com\/es\/#breadcrumb","itemListElement":[{"@type":"ListItem","position":1,"name":"Home","item":"https:\/\/www.rememberme-forever.com\/es\/inicio\/"},{"@type":"ListItem","position":2,"name":"Urnas de Cremaci\u00f3n para Cenizas Cremation Urns For Ashes"}]},{"@type":"WebSite","@id":"https:\/\/www.rememberme-forever.com\/es\/#website","url":"https:\/\/www.rememberme-forever.com\/es\/","name":"Remember Forever","description":"Cremation urns, funeral urns, urns for ashes","publisher":{"@id":"https:\/\/www.rememberme-forever.com\/es\/#organization"},"potentialAction":[{"@type":"SearchAction","target":{"@type":"EntryPoint","urlTemplate":"https:\/\/www.rememberme-forever.com\/es\/?s={search_term_string}"},"query-input":{"@type":"PropertyValueSpecification","valueRequired":true,"valueName":"search_term_string"}}],"inLanguage":"es"},{"@type":"Organization","@id":"https:\/\/www.rememberme-forever.com\/es\/#organization","name":"Remember Forever","url":"https:\/\/www.rememberme-forever.com\/es\/","logo":{"@type":"ImageObject","inLanguage":"es","@id":"https:\/\/www.rememberme-forever.com\/es\/#\/schema\/logo\/image\/","url":"https:\/\/www.rememberme-forever.com\/wp-content\/uploads\/2023\/02\/logo.png","contentUrl":"https:\/\/www.rememberme-forever.com\/wp-content\/uploads\/2023\/02\/logo.png","width":300,"height":56,"caption":"Remember Forever"},"image":{"@id":"https:\/\/www.rememberme-forever.com\/es\/#\/schema\/logo\/image\/"}}]}},"acf":[],"_links":{"self":[{"href":"https:\/\/www.rememberme-forever.com\/es\/wp-json\/wp\/v2\/pages\/18420","targetHints":{"allow":["GET"]}}],"collection":[{"href":"https:\/\/www.rememberme-forever.com\/es\/wp-json\/wp\/v2\/pages"}],"about":[{"href":"https:\/\/www.rememberme-forever.com\/es\/wp-json\/wp\/v2\/types\/page"}],"author":[{"embeddable":true,"href":"https:\/\/www.rememberme-forever.com\/es\/wp-json\/wp\/v2\/users\/1"}],"replies":[{"embeddable":true,"href":"https:\/\/www.rememberme-forever.com\/es\/wp-json\/wp\/v2\/comments?post=18420"}],"version-history":[{"count":4,"href":"https:\/\/www.rememberme-forever.com\/es\/wp-json\/wp\/v2\/pages\/18420\/revisions"}],"predecessor-version":[{"id":23690,"href":"https:\/\/www.rememberme-forever.com\/es\/wp-json\/wp\/v2\/pages\/18420\/revisions\/23690"}],"wp:featuredmedia":[{"embeddable":true,"href":"https:\/\/www.rememberme-forever.com\/es\/wp-json\/wp\/v2\/media\/23603"}],"wp:attachment":[{"href":"https:\/\/www.rememberme-forever.com\/es\/wp-json\/wp\/v2\/media?parent=18420"}],"curies":[{"name":"wp","href":"https:\/\/api.w.org\/{rel}","templated":true}]}}