{"id":18776,"date":"2023-03-28T12:51:44","date_gmt":"2023-03-28T10:51:44","guid":{"rendered":"https:\/\/www.rememberme-forever.com\/product\/hermosa-y-unica-urna-de-mango-para-cenizas-urna-de-madera-para-adultos-construccion-segmentada\/"},"modified":"2025-09-22T21:31:16","modified_gmt":"2025-09-22T19:31:16","slug":"hermosa-y-unica-urna-de-mango-para-cenizas-urna-de-madera-para-adultos-construccion-segmentada","status":"publish","type":"product","link":"https:\/\/www.rememberme-forever.com\/es\/producto\/hermosa-y-unica-urna-de-mango-para-cenizas-urna-de-madera-para-adultos-construccion-segmentada\/","title":{"rendered":"Hermosa y \u00fanica urna de mango para cenizas, urna de madera para adultos, construcci\u00f3n segmentada"},"content":{"rendered":"<div style=\"width: 100%; margin-bottom: 40px; height: max-content; padding-bottom: 60%; position: relative;\"><iframe style=\"position: absolute; top: 0; left: 0; width: 100%; height: 100%;\" src=\"https:\/\/rememberme-urns.com\/mango-urn-for-human-ashes\/\" frameborder=\"0\"><\/iframe><\/div>\n<div style=\"color: red; text-align: center; margin-bottom: 25px;\">\n<p>&gt;&gt; Foto giratoria &#8211; pulsar\/acercar &lt;&lt;<\/p>\n<\/div>\n<h2 style=\"text-align: center;\"><strong>Urna de mango para cenizas<\/strong><\/h2>\n<p style=\"text-align: center;\">E<strong>xclusiva urna de mango<\/strong> para cenizas, una opci\u00f3n hermosa y sostenible para honrar la memoria de un ser querido. Elaborada con madera de mango de alta calidad, esta urna de madera presenta una impresionante construcci\u00f3n segmentada que le da un aspecto distintivo y elegante. <\/p>\n<p style=\"text-align: center;\">Dise\u00f1ada para albergar las cenizas de un adulto, esta urna es un lugar ideal para el descanso final de los restos de su ser querido. F\u00e1cil de abrir y cerrar. El cierre s\u00f3lido garantiza que las cenizas se conserven de forma segura.  <\/p>\n<p style=\"text-align: center;\">Como detalle detallista, ofrecemos la opci\u00f3n de incluir un recuerdo con la urna, permiti\u00e9ndole guardar una peque\u00f1a cantidad de las cenizas de su ser querido u otros recuerdos. Adem\u00e1s, tambi\u00e9n ofrecemos una placa conmemorativa que puede personalizar con su propio texto, d\u00e1ndole un toque personal y significativo. <\/p>\n<p style=\"text-align: center;\">Con su exclusiva construcci\u00f3n segmentada y opciones de personalizaci\u00f3n, esta urna es un hermoso y apropiado homenaje a una vida plena.<\/p>\n<p>&nbsp;<\/p>\n<p style=\"text-align: center;\"><strong><em>Este producto est\u00e1 hecho de materiales naturales; la apariencia puede variar ligeramente.<\/em><\/strong><\/p>\n<p style=\"text-align: center;\">Si necesita una urna de cremaci\u00f3n m\u00e1s peque\u00f1a, consulte la<a href=\"https:\/\/www.rememberme-forever.com\/product\/unique-medium-size-mango-urn-cremation-urn-for-ashes\/\" target=\"_blank\" rel=\"noopener\"><strong>&gt;&gt; URNA MEDIANA DE MANGO. &lt;&lt;<\/strong><\/a> <\/p>\n<p>&nbsp;<\/p>\n<p><iframe loading=\"lazy\" title=\"Wooden Urns Part 1: Hand-Turning Wooden Urns For Human Ashes\" width=\"640\" height=\"360\" src=\"https:\/\/www.youtube.com\/embed\/aR267IUjwoc?feature=oembed\" frameborder=\"0\" allow=\"accelerometer; autoplay; clipboard-write; encrypted-media; gyroscope; picture-in-picture; web-share\" referrerpolicy=\"strict-origin-when-cross-origin\" allowfullscreen><\/iframe><\/p>\n<p>&nbsp;<\/p>\n<h3 style=\"text-align: center;\"><strong>PERSONALIZACI\u00d3N<\/strong><\/h3>\n<p style=\"text-align: center;\">Si elige una placa personalizada, incluya el texto en el marco de personalizaci\u00f3n del producto.<\/p>\n<p style=\"text-align: center;\">La placa conmemorativa personalizada debe personalizarse al realizar el pedido. (No se preocupe si no la incluye, siempre puede enviarnos un mensaje despu\u00e9s). <\/p>\n<p style=\"text-align: center;\">Revise atentamente el texto para el grabado antes de a\u00f1adir el art\u00edculo al carrito. Copiamos y grabamos la informaci\u00f3n exacta que recibimos con el pedido y no realizamos ning\u00fan cambio. <\/p>\n<p style=\"text-align: center;\"><strong>Revise el texto para asegurarse de que la ortograf\u00eda sea correcta.<\/strong><\/p>\n<p>&nbsp;<\/p>\n<p style=\"text-align: center;\"><em><strong>Si necesita una placa conmemorativa como recuerdo, agregue el texto en un segundo marco.<\/strong><\/em><\/p>\n<p><img loading=\"lazy\" decoding=\"async\" class=\"wp-image-572 aligncenter\" src=\"http:\/\/www.rememberme-forever.com\/wp-content\/uploads\/2023\/03\/Keepsake-Memorial-Plaque-295x300.jpg\" alt=\"Urna de madera para recuerdo\" width=\"232\" height=\"236\" srcset=\"https:\/\/www.rememberme-forever.com\/wp-content\/uploads\/2023\/03\/Keepsake-Memorial-Plaque-295x300.jpg 295w, https:\/\/www.rememberme-forever.com\/wp-content\/uploads\/2023\/03\/Keepsake-Memorial-Plaque-600x610.jpg 600w, https:\/\/www.rememberme-forever.com\/wp-content\/uploads\/2023\/03\/Keepsake-Memorial-Plaque-64x65.jpg 64w, https:\/\/www.rememberme-forever.com\/wp-content\/uploads\/2023\/03\/Keepsake-Memorial-Plaque.jpg 768w\" sizes=\"auto, (max-width: 232px) 100vw, 232px\" \/><\/p>\n<p>&nbsp;<\/p>\n<h3 style=\"text-align: center;\"><strong>\u00bfC\u00f3mo verter las cenizas en una urna?<\/strong><\/h3>\n<p><iframe loading=\"lazy\" title=\"How to fill and close an Urn with ashes from the crematorium- Instruction Video by Remember Forever\" width=\"640\" height=\"360\" src=\"https:\/\/www.youtube.com\/embed\/sPMMFygo0vQ?feature=oembed\" frameborder=\"0\" allow=\"accelerometer; autoplay; clipboard-write; encrypted-media; gyroscope; picture-in-picture; web-share\" referrerpolicy=\"strict-origin-when-cross-origin\" allowfullscreen><\/iframe><\/p>\n","protected":false},"excerpt":{"rendered":"<p><em><strong>Adecuada para albergar las cenizas de una persona con un peso corporal de hasta aproximadamente 104 kg. <\/strong><\/em><\/p>\n","protected":false},"featured_media":18777,"template":"","meta":{"_acf_changed":false},"product_brand":[],"product_cat":[2467],"product_tag":[3371],"class_list":{"0":"post-18776","1":"product","2":"type-product","3":"status-publish","4":"has-post-thumbnail","6":"product_cat-urnas-de-madera","7":"product_tag-gpsr-turned-wood","8":"product_shipping_class-2-4kg-es","10":"first","11":"instock","12":"featured","13":"taxable","14":"shipping-taxable","15":"purchasable","16":"product-type-variable"},"yoast_head":"<!-- This site is optimized with the Yoast SEO plugin v27.4 - https:\/\/yoast.com\/product\/yoast-seo-wordpress\/ -->\n<title>Hermosa y \u00fanica urna de mango para cenizas, urna de madera para adultos, construcci\u00f3n segmentada<\/title>\n<meta name=\"description\" content=\"Urna de mango \u00fanica para cenizas, una opci\u00f3n hermosa y sostenible para honrar la memoria de un ser querido. Elaborada con madera de mango de alta calidad.\" \/>\n<meta name=\"robots\" content=\"index, follow, max-snippet:-1, max-image-preview:large, max-video-preview:-1\" \/>\n<link rel=\"canonical\" href=\"https:\/\/www.rememberme-forever.com\/es\/producto\/hermosa-y-unica-urna-de-mango-para-cenizas-urna-de-madera-para-adultos-construccion-segmentada\/\" \/>\n<meta property=\"og:locale\" content=\"es_ES\" \/>\n<meta property=\"og:type\" content=\"article\" \/>\n<meta property=\"og:title\" content=\"Hermosa y \u00fanica urna de mango para cenizas, urna de madera para adultos, construcci\u00f3n segmentada\" \/>\n<meta property=\"og:description\" content=\"Urna de mango \u00fanica para cenizas, una opci\u00f3n hermosa y sostenible para honrar la memoria de un ser querido. Elaborada con madera de mango de alta calidad.\" \/>\n<meta property=\"og:url\" content=\"https:\/\/www.rememberme-forever.com\/es\/producto\/hermosa-y-unica-urna-de-mango-para-cenizas-urna-de-madera-para-adultos-construccion-segmentada\/\" \/>\n<meta property=\"og:site_name\" content=\"Remember Forever\" \/>\n<meta property=\"article:modified_time\" content=\"2025-09-22T19:31:16+00:00\" \/>\n<meta property=\"og:image\" content=\"https:\/\/www.rememberme-forever.com\/wp-content\/uploads\/2023\/03\/wooden-urn-mango-large-cremation-urn.jpg\" \/>\n\t<meta property=\"og:image:width\" content=\"2001\" \/>\n\t<meta property=\"og:image:height\" content=\"2034\" \/>\n\t<meta property=\"og:image:type\" content=\"image\/jpeg\" \/>\n<meta name=\"twitter:card\" content=\"summary_large_image\" \/>\n<meta name=\"twitter:label1\" content=\"Tiempo de lectura\" \/>\n\t<meta name=\"twitter:data1\" content=\"2 minutos\" \/>\n<script type=\"application\/ld+json\" class=\"yoast-schema-graph\">{\"@context\":\"https:\\\/\\\/schema.org\",\"@graph\":[{\"@type\":\"WebPage\",\"@id\":\"https:\\\/\\\/www.rememberme-forever.com\\\/es\\\/producto\\\/hermosa-y-unica-urna-de-mango-para-cenizas-urna-de-madera-para-adultos-construccion-segmentada\\\/\",\"url\":\"https:\\\/\\\/www.rememberme-forever.com\\\/es\\\/producto\\\/hermosa-y-unica-urna-de-mango-para-cenizas-urna-de-madera-para-adultos-construccion-segmentada\\\/\",\"name\":\"Hermosa y \u00fanica urna de mango para cenizas, urna de madera para adultos, construcci\u00f3n segmentada\",\"isPartOf\":{\"@id\":\"https:\\\/\\\/www.rememberme-forever.com\\\/es\\\/#website\"},\"primaryImageOfPage\":{\"@id\":\"https:\\\/\\\/www.rememberme-forever.com\\\/es\\\/producto\\\/hermosa-y-unica-urna-de-mango-para-cenizas-urna-de-madera-para-adultos-construccion-segmentada\\\/#primaryimage\"},\"image\":{\"@id\":\"https:\\\/\\\/www.rememberme-forever.com\\\/es\\\/producto\\\/hermosa-y-unica-urna-de-mango-para-cenizas-urna-de-madera-para-adultos-construccion-segmentada\\\/#primaryimage\"},\"thumbnailUrl\":\"https:\\\/\\\/www.rememberme-forever.com\\\/wp-content\\\/uploads\\\/2023\\\/03\\\/wooden-urn-mango-large-cremation-urn.jpg\",\"datePublished\":\"2023-03-28T10:51:44+00:00\",\"dateModified\":\"2025-09-22T19:31:16+00:00\",\"description\":\"Urna de mango \u00fanica para cenizas, una opci\u00f3n hermosa y sostenible para honrar la memoria de un ser querido. Elaborada con madera de mango de alta calidad.\",\"breadcrumb\":{\"@id\":\"https:\\\/\\\/www.rememberme-forever.com\\\/es\\\/producto\\\/hermosa-y-unica-urna-de-mango-para-cenizas-urna-de-madera-para-adultos-construccion-segmentada\\\/#breadcrumb\"},\"inLanguage\":\"es\",\"potentialAction\":[{\"@type\":\"ReadAction\",\"target\":[\"https:\\\/\\\/www.rememberme-forever.com\\\/es\\\/producto\\\/hermosa-y-unica-urna-de-mango-para-cenizas-urna-de-madera-para-adultos-construccion-segmentada\\\/\"]}]},{\"@type\":\"ImageObject\",\"inLanguage\":\"es\",\"@id\":\"https:\\\/\\\/www.rememberme-forever.com\\\/es\\\/producto\\\/hermosa-y-unica-urna-de-mango-para-cenizas-urna-de-madera-para-adultos-construccion-segmentada\\\/#primaryimage\",\"url\":\"https:\\\/\\\/www.rememberme-forever.com\\\/wp-content\\\/uploads\\\/2023\\\/03\\\/wooden-urn-mango-large-cremation-urn.jpg\",\"contentUrl\":\"https:\\\/\\\/www.rememberme-forever.com\\\/wp-content\\\/uploads\\\/2023\\\/03\\\/wooden-urn-mango-large-cremation-urn.jpg\",\"width\":2001,\"height\":2034,\"caption\":\"Urna de madera, juego de urnas de mango, urna grande y recuerdo, urnas de madera segmentadas\"},{\"@type\":\"BreadcrumbList\",\"@id\":\"https:\\\/\\\/www.rememberme-forever.com\\\/es\\\/producto\\\/hermosa-y-unica-urna-de-mango-para-cenizas-urna-de-madera-para-adultos-construccion-segmentada\\\/#breadcrumb\",\"itemListElement\":[{\"@type\":\"ListItem\",\"position\":1,\"name\":\"Home\",\"item\":\"https:\\\/\\\/www.rememberme-forever.com\\\/es\\\/inicio\\\/\"},{\"@type\":\"ListItem\",\"position\":2,\"name\":\"Comercio\",\"item\":\"https:\\\/\\\/www.rememberme-forever.com\\\/es\\\/shop\\\/\"},{\"@type\":\"ListItem\",\"position\":3,\"name\":\"Hermosa y \u00fanica urna de mango para cenizas, urna de madera para adultos, construcci\u00f3n segmentada\"}]},{\"@type\":\"WebSite\",\"@id\":\"https:\\\/\\\/www.rememberme-forever.com\\\/es\\\/#website\",\"url\":\"https:\\\/\\\/www.rememberme-forever.com\\\/es\\\/\",\"name\":\"Remember Forever\",\"description\":\"Cremation urns, funeral urns, urns for ashes\",\"publisher\":{\"@id\":\"https:\\\/\\\/www.rememberme-forever.com\\\/es\\\/#organization\"},\"potentialAction\":[{\"@type\":\"SearchAction\",\"target\":{\"@type\":\"EntryPoint\",\"urlTemplate\":\"https:\\\/\\\/www.rememberme-forever.com\\\/es\\\/?s={search_term_string}\"},\"query-input\":{\"@type\":\"PropertyValueSpecification\",\"valueRequired\":true,\"valueName\":\"search_term_string\"}}],\"inLanguage\":\"es\"},{\"@type\":\"Organization\",\"@id\":\"https:\\\/\\\/www.rememberme-forever.com\\\/es\\\/#organization\",\"name\":\"Remember Forever\",\"url\":\"https:\\\/\\\/www.rememberme-forever.com\\\/es\\\/\",\"logo\":{\"@type\":\"ImageObject\",\"inLanguage\":\"es\",\"@id\":\"https:\\\/\\\/www.rememberme-forever.com\\\/es\\\/#\\\/schema\\\/logo\\\/image\\\/\",\"url\":\"https:\\\/\\\/www.rememberme-forever.com\\\/wp-content\\\/uploads\\\/2023\\\/02\\\/logo.png\",\"contentUrl\":\"https:\\\/\\\/www.rememberme-forever.com\\\/wp-content\\\/uploads\\\/2023\\\/02\\\/logo.png\",\"width\":300,\"height\":56,\"caption\":\"Remember Forever\"},\"image\":{\"@id\":\"https:\\\/\\\/www.rememberme-forever.com\\\/es\\\/#\\\/schema\\\/logo\\\/image\\\/\"}}]}<\/script>\n<!-- \/ Yoast SEO plugin. -->","yoast_head_json":{"title":"Hermosa y \u00fanica urna de mango para cenizas, urna de madera para adultos, construcci\u00f3n segmentada","description":"Urna de mango \u00fanica para cenizas, una opci\u00f3n hermosa y sostenible para honrar la memoria de un ser querido. Elaborada con madera de mango de alta calidad.","robots":{"index":"index","follow":"follow","max-snippet":"max-snippet:-1","max-image-preview":"max-image-preview:large","max-video-preview":"max-video-preview:-1"},"canonical":"https:\/\/www.rememberme-forever.com\/es\/producto\/hermosa-y-unica-urna-de-mango-para-cenizas-urna-de-madera-para-adultos-construccion-segmentada\/","og_locale":"es_ES","og_type":"article","og_title":"Hermosa y \u00fanica urna de mango para cenizas, urna de madera para adultos, construcci\u00f3n segmentada","og_description":"Urna de mango \u00fanica para cenizas, una opci\u00f3n hermosa y sostenible para honrar la memoria de un ser querido. Elaborada con madera de mango de alta calidad.","og_url":"https:\/\/www.rememberme-forever.com\/es\/producto\/hermosa-y-unica-urna-de-mango-para-cenizas-urna-de-madera-para-adultos-construccion-segmentada\/","og_site_name":"Remember Forever","article_modified_time":"2025-09-22T19:31:16+00:00","og_image":[{"width":2001,"height":2034,"url":"https:\/\/www.rememberme-forever.com\/wp-content\/uploads\/2023\/03\/wooden-urn-mango-large-cremation-urn.jpg","type":"image\/jpeg"}],"twitter_card":"summary_large_image","twitter_misc":{"Tiempo de lectura":"2 minutos"},"schema":{"@context":"https:\/\/schema.org","@graph":[{"@type":"WebPage","@id":"https:\/\/www.rememberme-forever.com\/es\/producto\/hermosa-y-unica-urna-de-mango-para-cenizas-urna-de-madera-para-adultos-construccion-segmentada\/","url":"https:\/\/www.rememberme-forever.com\/es\/producto\/hermosa-y-unica-urna-de-mango-para-cenizas-urna-de-madera-para-adultos-construccion-segmentada\/","name":"Hermosa y \u00fanica urna de mango para cenizas, urna de madera para adultos, construcci\u00f3n segmentada","isPartOf":{"@id":"https:\/\/www.rememberme-forever.com\/es\/#website"},"primaryImageOfPage":{"@id":"https:\/\/www.rememberme-forever.com\/es\/producto\/hermosa-y-unica-urna-de-mango-para-cenizas-urna-de-madera-para-adultos-construccion-segmentada\/#primaryimage"},"image":{"@id":"https:\/\/www.rememberme-forever.com\/es\/producto\/hermosa-y-unica-urna-de-mango-para-cenizas-urna-de-madera-para-adultos-construccion-segmentada\/#primaryimage"},"thumbnailUrl":"https:\/\/www.rememberme-forever.com\/wp-content\/uploads\/2023\/03\/wooden-urn-mango-large-cremation-urn.jpg","datePublished":"2023-03-28T10:51:44+00:00","dateModified":"2025-09-22T19:31:16+00:00","description":"Urna de mango \u00fanica para cenizas, una opci\u00f3n hermosa y sostenible para honrar la memoria de un ser querido. Elaborada con madera de mango de alta calidad.","breadcrumb":{"@id":"https:\/\/www.rememberme-forever.com\/es\/producto\/hermosa-y-unica-urna-de-mango-para-cenizas-urna-de-madera-para-adultos-construccion-segmentada\/#breadcrumb"},"inLanguage":"es","potentialAction":[{"@type":"ReadAction","target":["https:\/\/www.rememberme-forever.com\/es\/producto\/hermosa-y-unica-urna-de-mango-para-cenizas-urna-de-madera-para-adultos-construccion-segmentada\/"]}]},{"@type":"ImageObject","inLanguage":"es","@id":"https:\/\/www.rememberme-forever.com\/es\/producto\/hermosa-y-unica-urna-de-mango-para-cenizas-urna-de-madera-para-adultos-construccion-segmentada\/#primaryimage","url":"https:\/\/www.rememberme-forever.com\/wp-content\/uploads\/2023\/03\/wooden-urn-mango-large-cremation-urn.jpg","contentUrl":"https:\/\/www.rememberme-forever.com\/wp-content\/uploads\/2023\/03\/wooden-urn-mango-large-cremation-urn.jpg","width":2001,"height":2034,"caption":"Urna de madera, juego de urnas de mango, urna grande y recuerdo, urnas de madera segmentadas"},{"@type":"BreadcrumbList","@id":"https:\/\/www.rememberme-forever.com\/es\/producto\/hermosa-y-unica-urna-de-mango-para-cenizas-urna-de-madera-para-adultos-construccion-segmentada\/#breadcrumb","itemListElement":[{"@type":"ListItem","position":1,"name":"Home","item":"https:\/\/www.rememberme-forever.com\/es\/inicio\/"},{"@type":"ListItem","position":2,"name":"Comercio","item":"https:\/\/www.rememberme-forever.com\/es\/shop\/"},{"@type":"ListItem","position":3,"name":"Hermosa y \u00fanica urna de mango para cenizas, urna de madera para adultos, construcci\u00f3n segmentada"}]},{"@type":"WebSite","@id":"https:\/\/www.rememberme-forever.com\/es\/#website","url":"https:\/\/www.rememberme-forever.com\/es\/","name":"Remember Forever","description":"Cremation urns, funeral urns, urns for ashes","publisher":{"@id":"https:\/\/www.rememberme-forever.com\/es\/#organization"},"potentialAction":[{"@type":"SearchAction","target":{"@type":"EntryPoint","urlTemplate":"https:\/\/www.rememberme-forever.com\/es\/?s={search_term_string}"},"query-input":{"@type":"PropertyValueSpecification","valueRequired":true,"valueName":"search_term_string"}}],"inLanguage":"es"},{"@type":"Organization","@id":"https:\/\/www.rememberme-forever.com\/es\/#organization","name":"Remember Forever","url":"https:\/\/www.rememberme-forever.com\/es\/","logo":{"@type":"ImageObject","inLanguage":"es","@id":"https:\/\/www.rememberme-forever.com\/es\/#\/schema\/logo\/image\/","url":"https:\/\/www.rememberme-forever.com\/wp-content\/uploads\/2023\/02\/logo.png","contentUrl":"https:\/\/www.rememberme-forever.com\/wp-content\/uploads\/2023\/02\/logo.png","width":300,"height":56,"caption":"Remember Forever"},"image":{"@id":"https:\/\/www.rememberme-forever.com\/es\/#\/schema\/logo\/image\/"}}]}},"acf":[],"_links":{"self":[{"href":"https:\/\/www.rememberme-forever.com\/es\/wp-json\/wp\/v2\/product\/18776","targetHints":{"allow":["GET"]}}],"collection":[{"href":"https:\/\/www.rememberme-forever.com\/es\/wp-json\/wp\/v2\/product"}],"about":[{"href":"https:\/\/www.rememberme-forever.com\/es\/wp-json\/wp\/v2\/types\/product"}],"wp:featuredmedia":[{"embeddable":true,"href":"https:\/\/www.rememberme-forever.com\/es\/wp-json\/wp\/v2\/media\/18777"}],"wp:attachment":[{"href":"https:\/\/www.rememberme-forever.com\/es\/wp-json\/wp\/v2\/media?parent=18776"}],"wp:term":[{"taxonomy":"product_brand","embeddable":true,"href":"https:\/\/www.rememberme-forever.com\/es\/wp-json\/wp\/v2\/product_brand?post=18776"},{"taxonomy":"product_cat","embeddable":true,"href":"https:\/\/www.rememberme-forever.com\/es\/wp-json\/wp\/v2\/product_cat?post=18776"},{"taxonomy":"product_tag","embeddable":true,"href":"https:\/\/www.rememberme-forever.com\/es\/wp-json\/wp\/v2\/product_tag?post=18776"}],"curies":[{"name":"wp","href":"https:\/\/api.w.org\/{rel}","templated":true}]}}