{"id":18915,"date":"2023-03-29T08:08:52","date_gmt":"2023-03-29T06:08:52","guid":{"rendered":"https:\/\/www.rememberme-forever.com\/product\/urna-de-mango-mediana-unica-urna-de-cremacion-para-cenizasunique-medium-size-mango-urn-cremation-urn-for-ashes\/"},"modified":"2025-09-23T15:48:09","modified_gmt":"2025-09-23T13:48:09","slug":"urna-de-mango-mediana-unica-urna-de-cremacion-para-cenizasunique-medium-size-mango-urn-cremation-urn-for-ashes","status":"publish","type":"product","link":"https:\/\/www.rememberme-forever.com\/es\/producto\/urna-de-mango-mediana-unica-urna-de-cremacion-para-cenizasunique-medium-size-mango-urn-cremation-urn-for-ashes\/","title":{"rendered":"Urna de Mango Mediana \u00danica, Urna de Cremaci\u00f3n para CenizasUnique Medium Size Mango Urn, Cremation Urn For Ashes"},"content":{"rendered":"<div style=\"width: 100%; margin-bottom: 40px; height: max-content; padding-bottom: 60%; position: relative;\"><iframe style=\"position: absolute; top: 0; left: 0; width: 100%; height: 100%;\" src=\"https:\/\/rememberme-urns.com\/medium-wooden-urn-mango\/\" frameborder=\"0\"><\/iframe><\/div>\n<div style=\"color: red; text-align: center; margin-bottom: 25px;\">\n<p>&gt;&gt; Foto giratoria &#8211; pulsar\/acercar &lt;&lt;<\/p>\n<\/div>\n<h2 style=\"text-align: center;\">Urna de Mango Mediana \u00danica<\/h2>\n<p style=\"text-align: center;\"><strong>La Urna de Mango Mediana \u00danica<\/strong> es una forma impactante y conmovedora de honrar a su ser querido. Esta urna de cremaci\u00f3n est\u00e1 hecha de madera de mango de alta calidad, conocida por su durabilidad y sus colores naturales \u00fanicos. Su construcci\u00f3n segmentada crea un hermoso dise\u00f1o elegante y atemporal.<\/p>\n<p style=\"text-align: center;\">Esta urna de tama\u00f1o mediano es apta para contener las cenizas de una persona con un peso corporal de hasta 50 kg aproximadamente. Incluye una urna de recuerdo y una placa conmemorativa que puede personalizar con su propio texto.<\/p>\n<p style=\"text-align: center;\">La placa est\u00e1 hecha de laminado de alta calidad, dise\u00f1ado para durar, lo que garantiza que su mensaje se conservar\u00e1 durante a\u00f1os.<\/p>\n<p>&nbsp;<\/p>\n<p style=\"text-align: center;\"><strong><em>Este producto est\u00e1 hecho de materiales naturales; la apariencia puede variar ligeramente.<\/em><\/strong><\/p>\n<p style=\"text-align: center;\">Si necesita una urna de cremaci\u00f3n m\u00e1s grande, consulte la secci\u00f3n<a href=\"https:\/\/www.rememberme-forever.com\/es\/producto\/hermosa-y-unica-urna-de-mango-para-cenizas-urna-de-madera-para-adultos-construccion-segmentada\/\" target=\"_blank\" rel=\"noopener\"><strong>&gt;&gt; URNA DE MANGO GRANDE.&lt;&lt;<\/strong><\/a><\/p>\n<p>&nbsp;<\/p>\n<p><iframe loading=\"lazy\" title=\"Wooden Urns Part 1: Hand-Turning Wooden Urns For Human Ashes\" width=\"640\" height=\"360\" src=\"https:\/\/www.youtube.com\/embed\/aR267IUjwoc?feature=oembed\" frameborder=\"0\" allow=\"accelerometer; autoplay; clipboard-write; encrypted-media; gyroscope; picture-in-picture; web-share\" referrerpolicy=\"strict-origin-when-cross-origin\" allowfullscreen><\/iframe><\/p>\n<p>&nbsp;<\/p>\n<h3 style=\"text-align: center;\"><strong>PERSONALIZACI\u00d3N<\/strong><\/h3>\n<p>&nbsp;<\/p>\n<p style=\"text-align: center;\">Si elige una placa personalizada, incluya el texto en el marco de personalizaci\u00f3n del producto.<\/p>\n<p style=\"text-align: center;\">La placa conmemorativa personalizada debe personalizarse al realizar el pedido. (No se preocupe si no la incluye, siempre puede enviarnos un mensaje despu\u00e9s).<\/p>\n<p style=\"text-align: center;\">Revise atentamente el texto para el grabado antes de a\u00f1adir el art\u00edculo al carrito. Copiamos y grabamos la informaci\u00f3n exacta que recibimos con el pedido y no realizamos ning\u00fan cambio.<\/p>\n<p style=\"text-align: center;\"><strong>Revise el texto para asegurarse de que la ortograf\u00eda sea correcta.<\/strong><\/p>\n<p>&nbsp;<\/p>\n<p>&nbsp;<\/p>\n<p style=\"text-align: center;\"><strong><em>Si necesita una placa conmemorativa para su recuerdo, \u00a1agregue el texto en un segundo marco!<\/em><\/strong><\/p>\n<p style=\"text-align: center;\">(Solo con tapa plana)<\/p>\n<p>&nbsp;<\/p>\n<p><img loading=\"lazy\" decoding=\"async\" class=\"wp-image-572 aligncenter\" src=\"http:\/\/www.rememberme-forever.com\/wp-content\/uploads\/2023\/03\/Keepsake-Memorial-Plaque-295x300.jpg\" alt=\"Urna de madera para recuerdo\" width=\"235\" height=\"239\" srcset=\"https:\/\/www.rememberme-forever.com\/wp-content\/uploads\/2023\/03\/Keepsake-Memorial-Plaque-295x300.jpg 295w, https:\/\/www.rememberme-forever.com\/wp-content\/uploads\/2023\/03\/Keepsake-Memorial-Plaque-600x610.jpg 600w, https:\/\/www.rememberme-forever.com\/wp-content\/uploads\/2023\/03\/Keepsake-Memorial-Plaque-64x65.jpg 64w, https:\/\/www.rememberme-forever.com\/wp-content\/uploads\/2023\/03\/Keepsake-Memorial-Plaque.jpg 768w\" sizes=\"auto, (max-width: 235px) 100vw, 235px\" \/><\/p>\n<p>&nbsp;<\/p>\n<h3 style=\"text-align: center;\"><strong>\u00bfC\u00f3mo verter las cenizas en una urna?<\/strong><\/h3>\n<p><iframe loading=\"lazy\" title=\"How to fill and close an Urn with ashes from the crematorium- Instruction Video by Remember Forever\" width=\"640\" height=\"360\" src=\"https:\/\/www.youtube.com\/embed\/sPMMFygo0vQ?feature=oembed\" frameborder=\"0\" allow=\"accelerometer; autoplay; clipboard-write; encrypted-media; gyroscope; picture-in-picture; web-share\" referrerpolicy=\"strict-origin-when-cross-origin\" allowfullscreen><\/iframe><\/p>\n","protected":false},"excerpt":{"rendered":"<p>Una urna absolutamente maravillosa para un ser querido. Tonos naturales y \u00fanicos de madera de mango.<\/p>\n<p>&nbsp;<\/p>\n<p><strong>Adecuada para cenizas de una persona con un peso corporal de hasta aprox. 50 kg. <\/strong><\/p>\n","protected":false},"featured_media":18916,"comment_status":"open","ping_status":"closed","template":"","meta":{"_acf_changed":false},"product_brand":[],"product_cat":[2467],"product_tag":[3371],"class_list":{"0":"post-18915","1":"product","2":"type-product","3":"status-publish","4":"has-post-thumbnail","6":"product_cat-urnas-de-madera","7":"product_tag-gpsr-turned-wood","8":"product_shipping_class-2-4kg-es","10":"first","11":"instock","12":"featured","13":"taxable","14":"shipping-taxable","15":"purchasable","16":"product-type-variable"},"yoast_head":"<!-- This site is optimized with the Yoast SEO plugin v27.5 - https:\/\/yoast.com\/product\/yoast-seo-wordpress\/ -->\n<title>Urna de Mango Mediana \u00danica, Urna de Cremaci\u00f3n para CenizasUnique Medium Size Mango Urn, Cremation Urn For Ashes<\/title>\n<meta name=\"description\" content=\"La Urna \u00danica de Mango de Tama\u00f1o Mediano es una forma impactante y conmovedora de conmemorar a su ser querido.\" \/>\n<meta name=\"robots\" content=\"index, follow, max-snippet:-1, max-image-preview:large, max-video-preview:-1\" \/>\n<link rel=\"canonical\" href=\"https:\/\/www.rememberme-forever.com\/es\/producto\/urna-de-mango-mediana-unica-urna-de-cremacion-para-cenizasunique-medium-size-mango-urn-cremation-urn-for-ashes\/\" \/>\n<meta property=\"og:locale\" content=\"es_ES\" \/>\n<meta property=\"og:type\" content=\"article\" \/>\n<meta property=\"og:title\" content=\"Urna de Mango Mediana \u00danica, Urna de Cremaci\u00f3n para CenizasUnique Medium Size Mango Urn, Cremation Urn For Ashes\" \/>\n<meta property=\"og:description\" content=\"La Urna \u00danica de Mango de Tama\u00f1o Mediano es una forma impactante y conmovedora de conmemorar a su ser querido.\" \/>\n<meta property=\"og:url\" content=\"https:\/\/www.rememberme-forever.com\/es\/producto\/urna-de-mango-mediana-unica-urna-de-cremacion-para-cenizasunique-medium-size-mango-urn-cremation-urn-for-ashes\/\" \/>\n<meta property=\"og:site_name\" content=\"Remember Forever\" \/>\n<meta property=\"article:modified_time\" content=\"2025-09-23T13:48:09+00:00\" \/>\n<meta property=\"og:image\" content=\"http:\/\/www.rememberme-forever.com\/wp-content\/uploads\/2023\/03\/medium-urn-and-keepsake.jpg\" \/>\n\t<meta property=\"og:image:width\" content=\"768\" \/>\n\t<meta property=\"og:image:height\" content=\"781\" \/>\n\t<meta property=\"og:image:type\" content=\"image\/jpeg\" \/>\n<meta name=\"twitter:card\" content=\"summary_large_image\" \/>\n<meta name=\"twitter:label1\" content=\"Tiempo de lectura\" \/>\n\t<meta name=\"twitter:data1\" content=\"2 minutos\" \/>\n<script type=\"application\/ld+json\" class=\"yoast-schema-graph\">{\"@context\":\"https:\\\/\\\/schema.org\",\"@graph\":[{\"@type\":\"WebPage\",\"@id\":\"https:\\\/\\\/www.rememberme-forever.com\\\/es\\\/producto\\\/urna-de-mango-mediana-unica-urna-de-cremacion-para-cenizasunique-medium-size-mango-urn-cremation-urn-for-ashes\\\/\",\"url\":\"https:\\\/\\\/www.rememberme-forever.com\\\/es\\\/producto\\\/urna-de-mango-mediana-unica-urna-de-cremacion-para-cenizasunique-medium-size-mango-urn-cremation-urn-for-ashes\\\/\",\"name\":\"Urna de Mango Mediana \u00danica, Urna de Cremaci\u00f3n para CenizasUnique Medium Size Mango Urn, Cremation Urn For Ashes\",\"isPartOf\":{\"@id\":\"https:\\\/\\\/www.rememberme-forever.com\\\/es\\\/#website\"},\"primaryImageOfPage\":{\"@id\":\"https:\\\/\\\/www.rememberme-forever.com\\\/es\\\/producto\\\/urna-de-mango-mediana-unica-urna-de-cremacion-para-cenizasunique-medium-size-mango-urn-cremation-urn-for-ashes\\\/#primaryimage\"},\"image\":{\"@id\":\"https:\\\/\\\/www.rememberme-forever.com\\\/es\\\/producto\\\/urna-de-mango-mediana-unica-urna-de-cremacion-para-cenizasunique-medium-size-mango-urn-cremation-urn-for-ashes\\\/#primaryimage\"},\"thumbnailUrl\":\"https:\\\/\\\/www.rememberme-forever.com\\\/wp-content\\\/uploads\\\/2023\\\/03\\\/medium-urn-and-keepsake.jpg\",\"datePublished\":\"2023-03-29T06:08:52+00:00\",\"dateModified\":\"2025-09-23T13:48:09+00:00\",\"description\":\"La Urna \u00danica de Mango de Tama\u00f1o Mediano es una forma impactante y conmovedora de conmemorar a su ser querido.\",\"breadcrumb\":{\"@id\":\"https:\\\/\\\/www.rememberme-forever.com\\\/es\\\/producto\\\/urna-de-mango-mediana-unica-urna-de-cremacion-para-cenizasunique-medium-size-mango-urn-cremation-urn-for-ashes\\\/#breadcrumb\"},\"inLanguage\":\"es\",\"potentialAction\":[{\"@type\":\"ReadAction\",\"target\":[\"https:\\\/\\\/www.rememberme-forever.com\\\/es\\\/producto\\\/urna-de-mango-mediana-unica-urna-de-cremacion-para-cenizasunique-medium-size-mango-urn-cremation-urn-for-ashes\\\/\"]}]},{\"@type\":\"ImageObject\",\"inLanguage\":\"es\",\"@id\":\"https:\\\/\\\/www.rememberme-forever.com\\\/es\\\/producto\\\/urna-de-mango-mediana-unica-urna-de-cremacion-para-cenizasunique-medium-size-mango-urn-cremation-urn-for-ashes\\\/#primaryimage\",\"url\":\"https:\\\/\\\/www.rememberme-forever.com\\\/wp-content\\\/uploads\\\/2023\\\/03\\\/medium-urn-and-keepsake.jpg\",\"contentUrl\":\"https:\\\/\\\/www.rememberme-forever.com\\\/wp-content\\\/uploads\\\/2023\\\/03\\\/medium-urn-and-keepsake.jpg\",\"width\":768,\"height\":781,\"caption\":\"medium urn and keepsake\"},{\"@type\":\"BreadcrumbList\",\"@id\":\"https:\\\/\\\/www.rememberme-forever.com\\\/es\\\/producto\\\/urna-de-mango-mediana-unica-urna-de-cremacion-para-cenizasunique-medium-size-mango-urn-cremation-urn-for-ashes\\\/#breadcrumb\",\"itemListElement\":[{\"@type\":\"ListItem\",\"position\":1,\"name\":\"Home\",\"item\":\"https:\\\/\\\/www.rememberme-forever.com\\\/es\\\/inicio\\\/\"},{\"@type\":\"ListItem\",\"position\":2,\"name\":\"Comercio\",\"item\":\"https:\\\/\\\/www.rememberme-forever.com\\\/es\\\/shop\\\/\"},{\"@type\":\"ListItem\",\"position\":3,\"name\":\"Urna de Mango Mediana \u00danica, Urna de Cremaci\u00f3n para CenizasUnique Medium Size Mango Urn, Cremation Urn For Ashes\"}]},{\"@type\":\"WebSite\",\"@id\":\"https:\\\/\\\/www.rememberme-forever.com\\\/es\\\/#website\",\"url\":\"https:\\\/\\\/www.rememberme-forever.com\\\/es\\\/\",\"name\":\"Remember Forever\",\"description\":\"Cremation urns, funeral urns, urns for ashes\",\"publisher\":{\"@id\":\"https:\\\/\\\/www.rememberme-forever.com\\\/es\\\/#organization\"},\"potentialAction\":[{\"@type\":\"SearchAction\",\"target\":{\"@type\":\"EntryPoint\",\"urlTemplate\":\"https:\\\/\\\/www.rememberme-forever.com\\\/es\\\/?s={search_term_string}\"},\"query-input\":{\"@type\":\"PropertyValueSpecification\",\"valueRequired\":true,\"valueName\":\"search_term_string\"}}],\"inLanguage\":\"es\"},{\"@type\":\"Organization\",\"@id\":\"https:\\\/\\\/www.rememberme-forever.com\\\/es\\\/#organization\",\"name\":\"Remember Forever\",\"url\":\"https:\\\/\\\/www.rememberme-forever.com\\\/es\\\/\",\"logo\":{\"@type\":\"ImageObject\",\"inLanguage\":\"es\",\"@id\":\"https:\\\/\\\/www.rememberme-forever.com\\\/es\\\/#\\\/schema\\\/logo\\\/image\\\/\",\"url\":\"https:\\\/\\\/www.rememberme-forever.com\\\/wp-content\\\/uploads\\\/2023\\\/02\\\/logo.png\",\"contentUrl\":\"https:\\\/\\\/www.rememberme-forever.com\\\/wp-content\\\/uploads\\\/2023\\\/02\\\/logo.png\",\"width\":300,\"height\":56,\"caption\":\"Remember Forever\"},\"image\":{\"@id\":\"https:\\\/\\\/www.rememberme-forever.com\\\/es\\\/#\\\/schema\\\/logo\\\/image\\\/\"}}]}<\/script>\n<!-- \/ Yoast SEO plugin. -->","yoast_head_json":{"title":"Urna de Mango Mediana \u00danica, Urna de Cremaci\u00f3n para CenizasUnique Medium Size Mango Urn, Cremation Urn For Ashes","description":"La Urna \u00danica de Mango de Tama\u00f1o Mediano es una forma impactante y conmovedora de conmemorar a su ser querido.","robots":{"index":"index","follow":"follow","max-snippet":"max-snippet:-1","max-image-preview":"max-image-preview:large","max-video-preview":"max-video-preview:-1"},"canonical":"https:\/\/www.rememberme-forever.com\/es\/producto\/urna-de-mango-mediana-unica-urna-de-cremacion-para-cenizasunique-medium-size-mango-urn-cremation-urn-for-ashes\/","og_locale":"es_ES","og_type":"article","og_title":"Urna de Mango Mediana \u00danica, Urna de Cremaci\u00f3n para CenizasUnique Medium Size Mango Urn, Cremation Urn For Ashes","og_description":"La Urna \u00danica de Mango de Tama\u00f1o Mediano es una forma impactante y conmovedora de conmemorar a su ser querido.","og_url":"https:\/\/www.rememberme-forever.com\/es\/producto\/urna-de-mango-mediana-unica-urna-de-cremacion-para-cenizasunique-medium-size-mango-urn-cremation-urn-for-ashes\/","og_site_name":"Remember Forever","article_modified_time":"2025-09-23T13:48:09+00:00","og_image":[{"width":768,"height":781,"url":"http:\/\/www.rememberme-forever.com\/wp-content\/uploads\/2023\/03\/medium-urn-and-keepsake.jpg","type":"image\/jpeg"}],"twitter_card":"summary_large_image","twitter_misc":{"Tiempo de lectura":"2 minutos"},"schema":{"@context":"https:\/\/schema.org","@graph":[{"@type":"WebPage","@id":"https:\/\/www.rememberme-forever.com\/es\/producto\/urna-de-mango-mediana-unica-urna-de-cremacion-para-cenizasunique-medium-size-mango-urn-cremation-urn-for-ashes\/","url":"https:\/\/www.rememberme-forever.com\/es\/producto\/urna-de-mango-mediana-unica-urna-de-cremacion-para-cenizasunique-medium-size-mango-urn-cremation-urn-for-ashes\/","name":"Urna de Mango Mediana \u00danica, Urna de Cremaci\u00f3n para CenizasUnique Medium Size Mango Urn, Cremation Urn For Ashes","isPartOf":{"@id":"https:\/\/www.rememberme-forever.com\/es\/#website"},"primaryImageOfPage":{"@id":"https:\/\/www.rememberme-forever.com\/es\/producto\/urna-de-mango-mediana-unica-urna-de-cremacion-para-cenizasunique-medium-size-mango-urn-cremation-urn-for-ashes\/#primaryimage"},"image":{"@id":"https:\/\/www.rememberme-forever.com\/es\/producto\/urna-de-mango-mediana-unica-urna-de-cremacion-para-cenizasunique-medium-size-mango-urn-cremation-urn-for-ashes\/#primaryimage"},"thumbnailUrl":"https:\/\/www.rememberme-forever.com\/wp-content\/uploads\/2023\/03\/medium-urn-and-keepsake.jpg","datePublished":"2023-03-29T06:08:52+00:00","dateModified":"2025-09-23T13:48:09+00:00","description":"La Urna \u00danica de Mango de Tama\u00f1o Mediano es una forma impactante y conmovedora de conmemorar a su ser querido.","breadcrumb":{"@id":"https:\/\/www.rememberme-forever.com\/es\/producto\/urna-de-mango-mediana-unica-urna-de-cremacion-para-cenizasunique-medium-size-mango-urn-cremation-urn-for-ashes\/#breadcrumb"},"inLanguage":"es","potentialAction":[{"@type":"ReadAction","target":["https:\/\/www.rememberme-forever.com\/es\/producto\/urna-de-mango-mediana-unica-urna-de-cremacion-para-cenizasunique-medium-size-mango-urn-cremation-urn-for-ashes\/"]}]},{"@type":"ImageObject","inLanguage":"es","@id":"https:\/\/www.rememberme-forever.com\/es\/producto\/urna-de-mango-mediana-unica-urna-de-cremacion-para-cenizasunique-medium-size-mango-urn-cremation-urn-for-ashes\/#primaryimage","url":"https:\/\/www.rememberme-forever.com\/wp-content\/uploads\/2023\/03\/medium-urn-and-keepsake.jpg","contentUrl":"https:\/\/www.rememberme-forever.com\/wp-content\/uploads\/2023\/03\/medium-urn-and-keepsake.jpg","width":768,"height":781,"caption":"medium urn and keepsake"},{"@type":"BreadcrumbList","@id":"https:\/\/www.rememberme-forever.com\/es\/producto\/urna-de-mango-mediana-unica-urna-de-cremacion-para-cenizasunique-medium-size-mango-urn-cremation-urn-for-ashes\/#breadcrumb","itemListElement":[{"@type":"ListItem","position":1,"name":"Home","item":"https:\/\/www.rememberme-forever.com\/es\/inicio\/"},{"@type":"ListItem","position":2,"name":"Comercio","item":"https:\/\/www.rememberme-forever.com\/es\/shop\/"},{"@type":"ListItem","position":3,"name":"Urna de Mango Mediana \u00danica, Urna de Cremaci\u00f3n para CenizasUnique Medium Size Mango Urn, Cremation Urn For Ashes"}]},{"@type":"WebSite","@id":"https:\/\/www.rememberme-forever.com\/es\/#website","url":"https:\/\/www.rememberme-forever.com\/es\/","name":"Remember Forever","description":"Cremation urns, funeral urns, urns for ashes","publisher":{"@id":"https:\/\/www.rememberme-forever.com\/es\/#organization"},"potentialAction":[{"@type":"SearchAction","target":{"@type":"EntryPoint","urlTemplate":"https:\/\/www.rememberme-forever.com\/es\/?s={search_term_string}"},"query-input":{"@type":"PropertyValueSpecification","valueRequired":true,"valueName":"search_term_string"}}],"inLanguage":"es"},{"@type":"Organization","@id":"https:\/\/www.rememberme-forever.com\/es\/#organization","name":"Remember Forever","url":"https:\/\/www.rememberme-forever.com\/es\/","logo":{"@type":"ImageObject","inLanguage":"es","@id":"https:\/\/www.rememberme-forever.com\/es\/#\/schema\/logo\/image\/","url":"https:\/\/www.rememberme-forever.com\/wp-content\/uploads\/2023\/02\/logo.png","contentUrl":"https:\/\/www.rememberme-forever.com\/wp-content\/uploads\/2023\/02\/logo.png","width":300,"height":56,"caption":"Remember Forever"},"image":{"@id":"https:\/\/www.rememberme-forever.com\/es\/#\/schema\/logo\/image\/"}}]}},"acf":[],"_links":{"self":[{"href":"https:\/\/www.rememberme-forever.com\/es\/wp-json\/wp\/v2\/product\/18915","targetHints":{"allow":["GET"]}}],"collection":[{"href":"https:\/\/www.rememberme-forever.com\/es\/wp-json\/wp\/v2\/product"}],"about":[{"href":"https:\/\/www.rememberme-forever.com\/es\/wp-json\/wp\/v2\/types\/product"}],"replies":[{"embeddable":true,"href":"https:\/\/www.rememberme-forever.com\/es\/wp-json\/wp\/v2\/comments?post=18915"}],"wp:featuredmedia":[{"embeddable":true,"href":"https:\/\/www.rememberme-forever.com\/es\/wp-json\/wp\/v2\/media\/18916"}],"wp:attachment":[{"href":"https:\/\/www.rememberme-forever.com\/es\/wp-json\/wp\/v2\/media?parent=18915"}],"wp:term":[{"taxonomy":"product_brand","embeddable":true,"href":"https:\/\/www.rememberme-forever.com\/es\/wp-json\/wp\/v2\/product_brand?post=18915"},{"taxonomy":"product_cat","embeddable":true,"href":"https:\/\/www.rememberme-forever.com\/es\/wp-json\/wp\/v2\/product_cat?post=18915"},{"taxonomy":"product_tag","embeddable":true,"href":"https:\/\/www.rememberme-forever.com\/es\/wp-json\/wp\/v2\/product_tag?post=18915"}],"curies":[{"name":"wp","href":"https:\/\/api.w.org\/{rel}","templated":true}]}}