{"id":18938,"date":"2023-03-29T09:50:33","date_gmt":"2023-03-29T07:50:33","guid":{"rendered":"https:\/\/www.rememberme-forever.com\/product\/recuerdo-madera-de-mango-urna-pequena-para-cenizas\/"},"modified":"2025-09-24T09:20:44","modified_gmt":"2025-09-24T07:20:44","slug":"recuerdo-madera-de-mango-urna-pequena-para-cenizas","status":"publish","type":"product","link":"https:\/\/www.rememberme-forever.com\/es\/producto\/recuerdo-madera-de-mango-urna-pequena-para-cenizas\/","title":{"rendered":"Recuerdo &#8211; Madera de Mango, Urna Peque\u00f1a para Cenizas"},"content":{"rendered":"<div style=\"width: 100%; margin-bottom: 40px; height: max-content; padding-bottom: 60%; position: relative;\"><iframe style=\"position: absolute; top: 0; left: 0; width: 100%; height: 100%;\" src=\"https:\/\/rememberme-urns.com\/mango-keepsakes-set\/\" frameborder=\"0\"><\/iframe><\/div>\n<div style=\"color: red; text-align: center; margin-bottom: 25px;\">\n<p>&gt;&gt; Foto giratoria &#8211; pulsar\/acercar &lt;&lt;<\/p>\n<\/div>\n<h2 style=\"text-align: center;\">Recuerdo de madera de mango<\/h2>\n<p style=\"text-align: center;\"><strong>La Urna Peque\u00f1a de Madera de Mango <\/strong>es una forma pr\u00e1ctica y significativa de conservar una peque\u00f1a porci\u00f3n de las cenizas de su ser querido. Esta urna, bellamente elaborada, est\u00e1 hecha de madera de mango de alta calidad, conocida por su durabilidad y sus colores naturales \u00fanicos.<\/p>\n<p style=\"text-align: center;\">Su peque\u00f1o tama\u00f1o la hace perfecta para guardar una peque\u00f1a porci\u00f3n de cenizas y est\u00e1 dise\u00f1ada para ser un recuerdo que pueda transmitirse de generaci\u00f3n en generaci\u00f3n. Su tama\u00f1o compacto tambi\u00e9n facilita su transporte o exhibici\u00f3n en un lugar especial de su hogar.<\/p>\n<p style=\"text-align: center;\"><strong><em>Este producto est\u00e1 hecho de materiales naturales; la apariencia puede variar ligeramente.<\/em><\/strong><\/p>\n<p>&nbsp;<\/p>\n<p><iframe loading=\"lazy\" title=\"Wooden Urns Part 2:  Keepsake Urns, Small Urns For Human Ashes, Keepsakes\" width=\"640\" height=\"360\" src=\"https:\/\/www.youtube.com\/embed\/676L7IzBOWk?feature=oembed\" frameborder=\"0\" allow=\"accelerometer; autoplay; clipboard-write; encrypted-media; gyroscope; picture-in-picture; web-share\" referrerpolicy=\"strict-origin-when-cross-origin\" allowfullscreen><\/iframe><\/p>\n<p>&nbsp;<\/p>\n<h3 style=\"text-align: center;\"><strong>PERSONALIZACI\u00d3N<\/strong><em>(\u00a1solo con tapa plana!)<\/em><\/h3>\n<p>&nbsp;<\/p>\n<p style=\"text-align: center;\">Si elige una placa personalizada, incluya el texto en el marco de personalizaci\u00f3n del producto.<\/p>\n<p style=\"text-align: center;\">La placa conmemorativa personalizada debe personalizarse al realizar el pedido. (No se preocupe si no la incluye, siempre puede enviarnos un mensaje despu\u00e9s).<\/p>\n<p style=\"text-align: center;\">Revise atentamente el texto para el grabado antes de a\u00f1adir el art\u00edculo al carrito. Copiamos y grabamos la informaci\u00f3n exacta que recibimos con el pedido y no realizamos ning\u00fan cambio.<\/p>\n<p style=\"text-align: center;\"><strong>Revise el texto para asegurarse de que la ortograf\u00eda sea correcta.<\/strong><\/p>\n<h3 style=\"text-align: center;\"><\/h3>\n","protected":false},"excerpt":{"rendered":"<p>Impresionante urna peque\u00f1a de recuerdo para una peque\u00f1a porci\u00f3n de cenizas. Perfecta para guardar una peque\u00f1a porci\u00f3n de las cenizas de un ser querido.<\/p>\n","protected":false},"featured_media":24508,"template":"","meta":{"_acf_changed":false},"product_brand":[1991],"product_cat":[2450,2467],"product_tag":[3329],"class_list":{"0":"post-18938","1":"product","2":"type-product","3":"status-publish","4":"has-post-thumbnail","6":"product_brand-remember-forever","7":"product_cat-recuerdos","8":"product_cat-urnas-de-madera","9":"product_tag-gpsr-keepsake-urns","10":"product_shipping_class-1-2-kg-es","12":"first","13":"instock","14":"taxable","15":"shipping-taxable","16":"purchasable","17":"product-type-variable"},"yoast_head":"<!-- This site is optimized with the Yoast SEO plugin v27.4 - https:\/\/yoast.com\/product\/yoast-seo-wordpress\/ -->\n<title>Recuerdo - Madera de Mango, Urna Peque\u00f1a para Cenizas<\/title>\n<meta name=\"description\" content=\"La Urna Peque\u00f1a de Madera de Mango es una forma pr\u00e1ctica y significativa de conservar una peque\u00f1a porci\u00f3n de las cenizas de su ser querido.\" \/>\n<meta name=\"robots\" content=\"index, follow, max-snippet:-1, max-image-preview:large, max-video-preview:-1\" \/>\n<link rel=\"canonical\" href=\"https:\/\/www.rememberme-forever.com\/es\/producto\/recuerdo-madera-de-mango-urna-pequena-para-cenizas\/\" \/>\n<meta property=\"og:locale\" content=\"es_ES\" \/>\n<meta property=\"og:type\" content=\"article\" \/>\n<meta property=\"og:title\" content=\"Recuerdo - Madera de Mango, Urna Peque\u00f1a para Cenizas\" \/>\n<meta property=\"og:description\" content=\"La Urna Peque\u00f1a de Madera de Mango es una forma pr\u00e1ctica y significativa de conservar una peque\u00f1a porci\u00f3n de las cenizas de su ser querido.\" \/>\n<meta property=\"og:url\" content=\"https:\/\/www.rememberme-forever.com\/es\/producto\/recuerdo-madera-de-mango-urna-pequena-para-cenizas\/\" \/>\n<meta property=\"og:site_name\" content=\"Remember Forever\" \/>\n<meta property=\"article:modified_time\" content=\"2025-09-24T07:20:44+00:00\" \/>\n<meta property=\"og:image\" content=\"http:\/\/www.rememberme-forever.com\/wp-content\/uploads\/2023\/03\/Keepsake-Memorial-Plaque.jpg\" \/>\n\t<meta property=\"og:image:width\" content=\"768\" \/>\n\t<meta property=\"og:image:height\" content=\"781\" \/>\n\t<meta property=\"og:image:type\" content=\"image\/jpeg\" \/>\n<meta name=\"twitter:card\" content=\"summary_large_image\" \/>\n<meta name=\"twitter:label1\" content=\"Tiempo de lectura\" \/>\n\t<meta name=\"twitter:data1\" content=\"2 minutos\" \/>\n<script type=\"application\/ld+json\" class=\"yoast-schema-graph\">{\"@context\":\"https:\\\/\\\/schema.org\",\"@graph\":[{\"@type\":\"WebPage\",\"@id\":\"https:\\\/\\\/www.rememberme-forever.com\\\/es\\\/producto\\\/recuerdo-madera-de-mango-urna-pequena-para-cenizas\\\/\",\"url\":\"https:\\\/\\\/www.rememberme-forever.com\\\/es\\\/producto\\\/recuerdo-madera-de-mango-urna-pequena-para-cenizas\\\/\",\"name\":\"Recuerdo - Madera de Mango, Urna Peque\u00f1a para Cenizas\",\"isPartOf\":{\"@id\":\"https:\\\/\\\/www.rememberme-forever.com\\\/es\\\/#website\"},\"primaryImageOfPage\":{\"@id\":\"https:\\\/\\\/www.rememberme-forever.com\\\/es\\\/producto\\\/recuerdo-madera-de-mango-urna-pequena-para-cenizas\\\/#primaryimage\"},\"image\":{\"@id\":\"https:\\\/\\\/www.rememberme-forever.com\\\/es\\\/producto\\\/recuerdo-madera-de-mango-urna-pequena-para-cenizas\\\/#primaryimage\"},\"thumbnailUrl\":\"https:\\\/\\\/www.rememberme-forever.com\\\/wp-content\\\/uploads\\\/2023\\\/03\\\/Keepsake-Memorial-Plaque.jpg\",\"datePublished\":\"2023-03-29T07:50:33+00:00\",\"dateModified\":\"2025-09-24T07:20:44+00:00\",\"description\":\"La Urna Peque\u00f1a de Madera de Mango es una forma pr\u00e1ctica y significativa de conservar una peque\u00f1a porci\u00f3n de las cenizas de su ser querido.\",\"breadcrumb\":{\"@id\":\"https:\\\/\\\/www.rememberme-forever.com\\\/es\\\/producto\\\/recuerdo-madera-de-mango-urna-pequena-para-cenizas\\\/#breadcrumb\"},\"inLanguage\":\"es\",\"potentialAction\":[{\"@type\":\"ReadAction\",\"target\":[\"https:\\\/\\\/www.rememberme-forever.com\\\/es\\\/producto\\\/recuerdo-madera-de-mango-urna-pequena-para-cenizas\\\/\"]}]},{\"@type\":\"ImageObject\",\"inLanguage\":\"es\",\"@id\":\"https:\\\/\\\/www.rememberme-forever.com\\\/es\\\/producto\\\/recuerdo-madera-de-mango-urna-pequena-para-cenizas\\\/#primaryimage\",\"url\":\"https:\\\/\\\/www.rememberme-forever.com\\\/wp-content\\\/uploads\\\/2023\\\/03\\\/Keepsake-Memorial-Plaque.jpg\",\"contentUrl\":\"https:\\\/\\\/www.rememberme-forever.com\\\/wp-content\\\/uploads\\\/2023\\\/03\\\/Keepsake-Memorial-Plaque.jpg\",\"width\":768,\"height\":781,\"caption\":\"keepsake\"},{\"@type\":\"BreadcrumbList\",\"@id\":\"https:\\\/\\\/www.rememberme-forever.com\\\/es\\\/producto\\\/recuerdo-madera-de-mango-urna-pequena-para-cenizas\\\/#breadcrumb\",\"itemListElement\":[{\"@type\":\"ListItem\",\"position\":1,\"name\":\"Home\",\"item\":\"https:\\\/\\\/www.rememberme-forever.com\\\/es\\\/inicio\\\/\"},{\"@type\":\"ListItem\",\"position\":2,\"name\":\"Comercio\",\"item\":\"https:\\\/\\\/www.rememberme-forever.com\\\/es\\\/shop\\\/\"},{\"@type\":\"ListItem\",\"position\":3,\"name\":\"Recuerdo &#8211; Madera de Mango, Urna Peque\u00f1a para Cenizas\"}]},{\"@type\":\"WebSite\",\"@id\":\"https:\\\/\\\/www.rememberme-forever.com\\\/es\\\/#website\",\"url\":\"https:\\\/\\\/www.rememberme-forever.com\\\/es\\\/\",\"name\":\"Remember Forever\",\"description\":\"Cremation urns, funeral urns, urns for ashes\",\"publisher\":{\"@id\":\"https:\\\/\\\/www.rememberme-forever.com\\\/es\\\/#organization\"},\"potentialAction\":[{\"@type\":\"SearchAction\",\"target\":{\"@type\":\"EntryPoint\",\"urlTemplate\":\"https:\\\/\\\/www.rememberme-forever.com\\\/es\\\/?s={search_term_string}\"},\"query-input\":{\"@type\":\"PropertyValueSpecification\",\"valueRequired\":true,\"valueName\":\"search_term_string\"}}],\"inLanguage\":\"es\"},{\"@type\":\"Organization\",\"@id\":\"https:\\\/\\\/www.rememberme-forever.com\\\/es\\\/#organization\",\"name\":\"Remember Forever\",\"url\":\"https:\\\/\\\/www.rememberme-forever.com\\\/es\\\/\",\"logo\":{\"@type\":\"ImageObject\",\"inLanguage\":\"es\",\"@id\":\"https:\\\/\\\/www.rememberme-forever.com\\\/es\\\/#\\\/schema\\\/logo\\\/image\\\/\",\"url\":\"https:\\\/\\\/www.rememberme-forever.com\\\/wp-content\\\/uploads\\\/2023\\\/02\\\/logo.png\",\"contentUrl\":\"https:\\\/\\\/www.rememberme-forever.com\\\/wp-content\\\/uploads\\\/2023\\\/02\\\/logo.png\",\"width\":300,\"height\":56,\"caption\":\"Remember Forever\"},\"image\":{\"@id\":\"https:\\\/\\\/www.rememberme-forever.com\\\/es\\\/#\\\/schema\\\/logo\\\/image\\\/\"}}]}<\/script>\n<!-- \/ Yoast SEO plugin. -->","yoast_head_json":{"title":"Recuerdo - Madera de Mango, Urna Peque\u00f1a para Cenizas","description":"La Urna Peque\u00f1a de Madera de Mango es una forma pr\u00e1ctica y significativa de conservar una peque\u00f1a porci\u00f3n de las cenizas de su ser querido.","robots":{"index":"index","follow":"follow","max-snippet":"max-snippet:-1","max-image-preview":"max-image-preview:large","max-video-preview":"max-video-preview:-1"},"canonical":"https:\/\/www.rememberme-forever.com\/es\/producto\/recuerdo-madera-de-mango-urna-pequena-para-cenizas\/","og_locale":"es_ES","og_type":"article","og_title":"Recuerdo - Madera de Mango, Urna Peque\u00f1a para Cenizas","og_description":"La Urna Peque\u00f1a de Madera de Mango es una forma pr\u00e1ctica y significativa de conservar una peque\u00f1a porci\u00f3n de las cenizas de su ser querido.","og_url":"https:\/\/www.rememberme-forever.com\/es\/producto\/recuerdo-madera-de-mango-urna-pequena-para-cenizas\/","og_site_name":"Remember Forever","article_modified_time":"2025-09-24T07:20:44+00:00","og_image":[{"width":768,"height":781,"url":"http:\/\/www.rememberme-forever.com\/wp-content\/uploads\/2023\/03\/Keepsake-Memorial-Plaque.jpg","type":"image\/jpeg"}],"twitter_card":"summary_large_image","twitter_misc":{"Tiempo de lectura":"2 minutos"},"schema":{"@context":"https:\/\/schema.org","@graph":[{"@type":"WebPage","@id":"https:\/\/www.rememberme-forever.com\/es\/producto\/recuerdo-madera-de-mango-urna-pequena-para-cenizas\/","url":"https:\/\/www.rememberme-forever.com\/es\/producto\/recuerdo-madera-de-mango-urna-pequena-para-cenizas\/","name":"Recuerdo - Madera de Mango, Urna Peque\u00f1a para Cenizas","isPartOf":{"@id":"https:\/\/www.rememberme-forever.com\/es\/#website"},"primaryImageOfPage":{"@id":"https:\/\/www.rememberme-forever.com\/es\/producto\/recuerdo-madera-de-mango-urna-pequena-para-cenizas\/#primaryimage"},"image":{"@id":"https:\/\/www.rememberme-forever.com\/es\/producto\/recuerdo-madera-de-mango-urna-pequena-para-cenizas\/#primaryimage"},"thumbnailUrl":"https:\/\/www.rememberme-forever.com\/wp-content\/uploads\/2023\/03\/Keepsake-Memorial-Plaque.jpg","datePublished":"2023-03-29T07:50:33+00:00","dateModified":"2025-09-24T07:20:44+00:00","description":"La Urna Peque\u00f1a de Madera de Mango es una forma pr\u00e1ctica y significativa de conservar una peque\u00f1a porci\u00f3n de las cenizas de su ser querido.","breadcrumb":{"@id":"https:\/\/www.rememberme-forever.com\/es\/producto\/recuerdo-madera-de-mango-urna-pequena-para-cenizas\/#breadcrumb"},"inLanguage":"es","potentialAction":[{"@type":"ReadAction","target":["https:\/\/www.rememberme-forever.com\/es\/producto\/recuerdo-madera-de-mango-urna-pequena-para-cenizas\/"]}]},{"@type":"ImageObject","inLanguage":"es","@id":"https:\/\/www.rememberme-forever.com\/es\/producto\/recuerdo-madera-de-mango-urna-pequena-para-cenizas\/#primaryimage","url":"https:\/\/www.rememberme-forever.com\/wp-content\/uploads\/2023\/03\/Keepsake-Memorial-Plaque.jpg","contentUrl":"https:\/\/www.rememberme-forever.com\/wp-content\/uploads\/2023\/03\/Keepsake-Memorial-Plaque.jpg","width":768,"height":781,"caption":"keepsake"},{"@type":"BreadcrumbList","@id":"https:\/\/www.rememberme-forever.com\/es\/producto\/recuerdo-madera-de-mango-urna-pequena-para-cenizas\/#breadcrumb","itemListElement":[{"@type":"ListItem","position":1,"name":"Home","item":"https:\/\/www.rememberme-forever.com\/es\/inicio\/"},{"@type":"ListItem","position":2,"name":"Comercio","item":"https:\/\/www.rememberme-forever.com\/es\/shop\/"},{"@type":"ListItem","position":3,"name":"Recuerdo &#8211; Madera de Mango, Urna Peque\u00f1a para Cenizas"}]},{"@type":"WebSite","@id":"https:\/\/www.rememberme-forever.com\/es\/#website","url":"https:\/\/www.rememberme-forever.com\/es\/","name":"Remember Forever","description":"Cremation urns, funeral urns, urns for ashes","publisher":{"@id":"https:\/\/www.rememberme-forever.com\/es\/#organization"},"potentialAction":[{"@type":"SearchAction","target":{"@type":"EntryPoint","urlTemplate":"https:\/\/www.rememberme-forever.com\/es\/?s={search_term_string}"},"query-input":{"@type":"PropertyValueSpecification","valueRequired":true,"valueName":"search_term_string"}}],"inLanguage":"es"},{"@type":"Organization","@id":"https:\/\/www.rememberme-forever.com\/es\/#organization","name":"Remember Forever","url":"https:\/\/www.rememberme-forever.com\/es\/","logo":{"@type":"ImageObject","inLanguage":"es","@id":"https:\/\/www.rememberme-forever.com\/es\/#\/schema\/logo\/image\/","url":"https:\/\/www.rememberme-forever.com\/wp-content\/uploads\/2023\/02\/logo.png","contentUrl":"https:\/\/www.rememberme-forever.com\/wp-content\/uploads\/2023\/02\/logo.png","width":300,"height":56,"caption":"Remember Forever"},"image":{"@id":"https:\/\/www.rememberme-forever.com\/es\/#\/schema\/logo\/image\/"}}]}},"acf":[],"_links":{"self":[{"href":"https:\/\/www.rememberme-forever.com\/es\/wp-json\/wp\/v2\/product\/18938","targetHints":{"allow":["GET"]}}],"collection":[{"href":"https:\/\/www.rememberme-forever.com\/es\/wp-json\/wp\/v2\/product"}],"about":[{"href":"https:\/\/www.rememberme-forever.com\/es\/wp-json\/wp\/v2\/types\/product"}],"wp:featuredmedia":[{"embeddable":true,"href":"https:\/\/www.rememberme-forever.com\/es\/wp-json\/wp\/v2\/media\/24508"}],"wp:attachment":[{"href":"https:\/\/www.rememberme-forever.com\/es\/wp-json\/wp\/v2\/media?parent=18938"}],"wp:term":[{"taxonomy":"product_brand","embeddable":true,"href":"https:\/\/www.rememberme-forever.com\/es\/wp-json\/wp\/v2\/product_brand?post=18938"},{"taxonomy":"product_cat","embeddable":true,"href":"https:\/\/www.rememberme-forever.com\/es\/wp-json\/wp\/v2\/product_cat?post=18938"},{"taxonomy":"product_tag","embeddable":true,"href":"https:\/\/www.rememberme-forever.com\/es\/wp-json\/wp\/v2\/product_tag?post=18938"}],"curies":[{"name":"wp","href":"https:\/\/api.w.org\/{rel}","templated":true}]}}