{"id":19004,"date":"2023-04-05T09:47:35","date_gmt":"2023-04-05T07:47:35","guid":{"rendered":"https:\/\/www.rememberme-forever.com\/product\/urna-globo-terraqueo-para-cenizas-acabado-artistico-pintado-a-mano\/"},"modified":"2025-09-24T12:29:15","modified_gmt":"2025-09-24T10:29:15","slug":"urna-globo-terraqueo-para-cenizas-acabado-artistico-pintado-a-mano","status":"publish","type":"product","link":"https:\/\/www.rememberme-forever.com\/es\/producto\/urna-globo-terraqueo-para-cenizas-acabado-artistico-pintado-a-mano\/","title":{"rendered":"Urna Globo Terr\u00e1queo para cenizas, acabado art\u00edstico pintado a mano"},"content":{"rendered":"<div style=\"width: 100%; margin-bottom: 40px; height: max-content; padding-bottom: 60%; position: relative;\"><iframe style=\"position: absolute; top: 0; left: 0; width: 100%; height: 100%;\" src=\"https:\/\/rememberme-urns.com\/earth-urn\/\" frameborder=\"0\"><\/iframe><\/div>\n<div style=\"color: red; text-align: center; margin-bottom: 25px;\">\n<p>&gt;&gt; Foto giratoria &#8211; pulsar\/acercar &lt;&lt;<\/p>\n<\/div>\n<h2 style=\"text-align: center;\">Urna Globo Terr\u00e1queo para cenizas<\/h2>\n<p style=\"text-align: center;\">Presentamos nuestra<strong> Urna Globo Terr\u00e1queo<\/strong> para cenizas, una forma impresionante y \u00fanica de honrar la memoria de un ser querido. Esta urna no es solo un recipiente para cenizas, sino tambi\u00e9n una obra de arte. Cada urna est\u00e1 pintada a mano individualmente por artesanos expertos.<\/p>\n<p style=\"text-align: center;\">The Earth Globe Urn is crafted with the highest quality materials, including a durable stainless-steel sphere insert that securely holds the ashes. The globe design represents the global unity and connection of all humanity, making it a fitting tribute for anyone who loved to travel, explore, or had a passion for global issues.<\/p>\n<p><iframe loading=\"lazy\" title=\"Earth Urn For Ashes, Hand Painted Decorative Stainless Steel Urn, World Globe Urn\" width=\"640\" height=\"360\" src=\"https:\/\/www.youtube.com\/embed\/jlK1_Ucqyo4?feature=oembed\" frameborder=\"0\" allow=\"accelerometer; autoplay; clipboard-write; encrypted-media; gyroscope; picture-in-picture; web-share\" referrerpolicy=\"strict-origin-when-cross-origin\" allowfullscreen><\/iframe><\/p>\n<p style=\"text-align: center;\">Los intrincados detalles del acabado pintado a mano representan la belleza natural de nuestro planeta, con vibrantes azules y verdes que capturan la esencia de los oc\u00e9anos y bosques de la Tierra. Es un homenaje ideal para quienes aman la naturaleza y aprecian su impresionante belleza.<\/p>\n<p style=\"text-align: center;\">Esta urna es una forma \u00fanica y significativa de preservar el recuerdo de su ser querido. Sirve como recordatorio de que su esp\u00edritu siempre estar\u00e1 conectado con el mundo que tanto am\u00f3. La Urna Globo Terr\u00e1queo es un lugar de descanso final ideal para quienes sintieron pasi\u00f3n por la exploraci\u00f3n y un profundo aprecio por el planeta que llamamos hogar.<\/p>\n<p>&nbsp;<\/p>\n<p style=\"text-align: center;\"><em><strong>Este producto est\u00e1 pintado a mano; la apariencia puede variar ligeramente.<\/strong><\/em><\/p>\n<p>&nbsp;<\/p>\n<p style=\"text-align: center;\"><strong>Inserto de acero inoxidable:<\/strong><\/p>\n<p><img loading=\"lazy\" decoding=\"async\" class=\" wp-image-1080 aligncenter\" src=\"http:\/\/www.rememberme-forever.com\/wp-content\/uploads\/2023\/04\/planet-urn-inside-stainless-steel-insert-300x300.jpg\" alt=\"Urna planetaria dentro de un inserto de acero inoxidable\" width=\"218\" height=\"218\" srcset=\"https:\/\/www.rememberme-forever.com\/wp-content\/uploads\/2023\/04\/planet-urn-inside-stainless-steel-insert-300x300.jpg 300w, https:\/\/www.rememberme-forever.com\/wp-content\/uploads\/2023\/04\/planet-urn-inside-stainless-steel-insert-150x150.jpg 150w, https:\/\/www.rememberme-forever.com\/wp-content\/uploads\/2023\/04\/planet-urn-inside-stainless-steel-insert-600x600.jpg 600w, https:\/\/www.rememberme-forever.com\/wp-content\/uploads\/2023\/04\/planet-urn-inside-stainless-steel-insert-100x100.jpg 100w, https:\/\/www.rememberme-forever.com\/wp-content\/uploads\/2023\/04\/planet-urn-inside-stainless-steel-insert-64x64.jpg 64w, https:\/\/www.rememberme-forever.com\/wp-content\/uploads\/2023\/04\/planet-urn-inside-stainless-steel-insert.jpg 768w\" sizes=\"auto, (max-width: 218px) 100vw, 218px\" \/><\/p>\n<p>&nbsp;<\/p>\n<h3 style=\"text-align: center;\"><strong>PERSONALIZACI\u00d3N<\/strong><\/h3>\n<p style=\"text-align: center;\">La placa conmemorativa personalizada debe personalizarse al realizar el pedido. (No se preocupe si no la incluye, siempre puede enviarnos un mensaje despu\u00e9s).<\/p>\n<p style=\"text-align: center;\">Revise atentamente el texto del grabado antes de a\u00f1adir el art\u00edculo al carrito. Copiamos y grabamos la informaci\u00f3n exacta que recibimos con el pedido y no realizamos ning\u00fan cambio.<\/p>\n<p style=\"text-align: center;\"><strong>Revise el texto para asegurarse de que la ortograf\u00eda sea correcta.<\/strong><\/p>\n<p><img loading=\"lazy\" decoding=\"async\" class=\" wp-image-1447 aligncenter\" src=\"http:\/\/www.rememberme-forever.com\/wp-content\/uploads\/2023\/04\/memorial-plaque-cremation-urn-gold-300x150.jpg\" alt=\"Placa conmemorativa urna de cremaci\u00f3n dorada\" width=\"208\" height=\"104\" srcset=\"https:\/\/www.rememberme-forever.com\/wp-content\/uploads\/2023\/04\/memorial-plaque-cremation-urn-gold-300x150.jpg 300w, https:\/\/www.rememberme-forever.com\/wp-content\/uploads\/2023\/04\/memorial-plaque-cremation-urn-gold-64x32.jpg 64w, https:\/\/www.rememberme-forever.com\/wp-content\/uploads\/2023\/04\/memorial-plaque-cremation-urn-gold.jpg 448w\" sizes=\"auto, (max-width: 208px) 100vw, 208px\" \/><\/p>\n<p style=\"text-align: center;\">\ud83d\udc49 Tenga en cuenta que el dise\u00f1o de nuestra urna con forma de Tierra ofrece una representaci\u00f3n generalizada de pa\u00edses e islas, con el objetivo de simbolizar la belleza y la interconexi\u00f3n de nuestro planeta en su conjunto. Aunque no represente todos los continentes o islas, es un conmovedor recordatorio de la unidad de nuestra comunidad global y un maravilloso lugar de descanso para su ser querido, conmemorando su vida y legado.<\/p>\n","protected":false},"excerpt":{"rendered":"<p>Hermosa urna de cremaci\u00f3n con forma de globo terr\u00e1queo, hecha de ABS con inserto de acero inoxidable.<\/p>\n<p><strong>Apta para un peso corporal de aproximadamente 102 kg o menos.<\/strong><\/p>\n","protected":false},"featured_media":19010,"template":"","meta":{"_acf_changed":false},"product_brand":[1991],"product_cat":[2462,2442,2455],"product_tag":[3330],"class_list":{"0":"post-19004","1":"product","2":"type-product","3":"status-publish","4":"has-post-thumbnail","6":"product_brand-remember-forever","7":"product_cat-planetas","8":"product_cat-urnas-artisticas","9":"product_cat-urnas-tematicas","10":"product_tag-gpsr-metal-insert-abs_outside","11":"product_shipping_class-2-4kg-es","13":"first","14":"instock","15":"taxable","16":"shipping-taxable","17":"purchasable","18":"product-type-simple"},"yoast_head":"<!-- This site is optimized with the Yoast SEO plugin v27.4 - https:\/\/yoast.com\/product\/yoast-seo-wordpress\/ -->\n<title>Urna Globo Terr\u00e1queo para cenizas, acabado art\u00edstico pintado a mano<\/title>\n<meta name=\"description\" content=\"Presentamos nuestra urna de cenizas con forma de globo terr\u00e1queo, una forma \u00fanica de honrar la memoria de su ser querido. Esta urna no es solo un recipiente para cenizas, sino tambi\u00e9n una obra de arte.\" \/>\n<meta name=\"robots\" content=\"index, follow, max-snippet:-1, max-image-preview:large, max-video-preview:-1\" \/>\n<link rel=\"canonical\" href=\"https:\/\/www.rememberme-forever.com\/es\/producto\/urna-globo-terraqueo-para-cenizas-acabado-artistico-pintado-a-mano\/\" \/>\n<meta property=\"og:locale\" content=\"es_ES\" \/>\n<meta property=\"og:type\" content=\"article\" \/>\n<meta property=\"og:title\" content=\"Urna Globo Terr\u00e1queo para cenizas, acabado art\u00edstico pintado a mano\" \/>\n<meta property=\"og:description\" content=\"Presentamos nuestra urna de cenizas con forma de globo terr\u00e1queo, una forma \u00fanica de honrar la memoria de su ser querido. Esta urna no es solo un recipiente para cenizas, sino tambi\u00e9n una obra de arte.\" \/>\n<meta property=\"og:url\" content=\"https:\/\/www.rememberme-forever.com\/es\/producto\/urna-globo-terraqueo-para-cenizas-acabado-artistico-pintado-a-mano\/\" \/>\n<meta property=\"og:site_name\" content=\"Remember Forever\" \/>\n<meta property=\"article:modified_time\" content=\"2025-09-24T10:29:15+00:00\" \/>\n<meta property=\"og:image\" content=\"http:\/\/www.rememberme-forever.com\/wp-content\/uploads\/2023\/04\/earth-globe-urn-for-ashes.jpg\" \/>\n\t<meta property=\"og:image:width\" content=\"768\" \/>\n\t<meta property=\"og:image:height\" content=\"768\" \/>\n\t<meta property=\"og:image:type\" content=\"image\/jpeg\" \/>\n<meta name=\"twitter:card\" content=\"summary_large_image\" \/>\n<meta name=\"twitter:label1\" content=\"Tiempo de lectura\" \/>\n\t<meta name=\"twitter:data1\" content=\"3 minutos\" \/>\n<script type=\"application\/ld+json\" class=\"yoast-schema-graph\">{\"@context\":\"https:\\\/\\\/schema.org\",\"@graph\":[{\"@type\":\"WebPage\",\"@id\":\"https:\\\/\\\/www.rememberme-forever.com\\\/es\\\/producto\\\/urna-globo-terraqueo-para-cenizas-acabado-artistico-pintado-a-mano\\\/\",\"url\":\"https:\\\/\\\/www.rememberme-forever.com\\\/es\\\/producto\\\/urna-globo-terraqueo-para-cenizas-acabado-artistico-pintado-a-mano\\\/\",\"name\":\"Urna Globo Terr\u00e1queo para cenizas, acabado art\u00edstico pintado a mano\",\"isPartOf\":{\"@id\":\"https:\\\/\\\/www.rememberme-forever.com\\\/es\\\/#website\"},\"primaryImageOfPage\":{\"@id\":\"https:\\\/\\\/www.rememberme-forever.com\\\/es\\\/producto\\\/urna-globo-terraqueo-para-cenizas-acabado-artistico-pintado-a-mano\\\/#primaryimage\"},\"image\":{\"@id\":\"https:\\\/\\\/www.rememberme-forever.com\\\/es\\\/producto\\\/urna-globo-terraqueo-para-cenizas-acabado-artistico-pintado-a-mano\\\/#primaryimage\"},\"thumbnailUrl\":\"https:\\\/\\\/www.rememberme-forever.com\\\/wp-content\\\/uploads\\\/2023\\\/04\\\/earth-globe-urn-for-ashes.jpg\",\"datePublished\":\"2023-04-05T07:47:35+00:00\",\"dateModified\":\"2025-09-24T10:29:15+00:00\",\"description\":\"Presentamos nuestra urna de cenizas con forma de globo terr\u00e1queo, una forma \u00fanica de honrar la memoria de su ser querido. Esta urna no es solo un recipiente para cenizas, sino tambi\u00e9n una obra de arte.\",\"breadcrumb\":{\"@id\":\"https:\\\/\\\/www.rememberme-forever.com\\\/es\\\/producto\\\/urna-globo-terraqueo-para-cenizas-acabado-artistico-pintado-a-mano\\\/#breadcrumb\"},\"inLanguage\":\"es\",\"potentialAction\":[{\"@type\":\"ReadAction\",\"target\":[\"https:\\\/\\\/www.rememberme-forever.com\\\/es\\\/producto\\\/urna-globo-terraqueo-para-cenizas-acabado-artistico-pintado-a-mano\\\/\"]}]},{\"@type\":\"ImageObject\",\"inLanguage\":\"es\",\"@id\":\"https:\\\/\\\/www.rememberme-forever.com\\\/es\\\/producto\\\/urna-globo-terraqueo-para-cenizas-acabado-artistico-pintado-a-mano\\\/#primaryimage\",\"url\":\"https:\\\/\\\/www.rememberme-forever.com\\\/wp-content\\\/uploads\\\/2023\\\/04\\\/earth-globe-urn-for-ashes.jpg\",\"contentUrl\":\"https:\\\/\\\/www.rememberme-forever.com\\\/wp-content\\\/uploads\\\/2023\\\/04\\\/earth-globe-urn-for-ashes.jpg\",\"width\":768,\"height\":768,\"caption\":\"earth globe urn for ashes\"},{\"@type\":\"BreadcrumbList\",\"@id\":\"https:\\\/\\\/www.rememberme-forever.com\\\/es\\\/producto\\\/urna-globo-terraqueo-para-cenizas-acabado-artistico-pintado-a-mano\\\/#breadcrumb\",\"itemListElement\":[{\"@type\":\"ListItem\",\"position\":1,\"name\":\"Home\",\"item\":\"https:\\\/\\\/www.rememberme-forever.com\\\/es\\\/inicio\\\/\"},{\"@type\":\"ListItem\",\"position\":2,\"name\":\"Comercio\",\"item\":\"https:\\\/\\\/www.rememberme-forever.com\\\/es\\\/shop\\\/\"},{\"@type\":\"ListItem\",\"position\":3,\"name\":\"Urna Globo Terr\u00e1queo para cenizas, acabado art\u00edstico pintado a mano\"}]},{\"@type\":\"WebSite\",\"@id\":\"https:\\\/\\\/www.rememberme-forever.com\\\/es\\\/#website\",\"url\":\"https:\\\/\\\/www.rememberme-forever.com\\\/es\\\/\",\"name\":\"Remember Forever\",\"description\":\"Cremation urns, funeral urns, urns for ashes\",\"publisher\":{\"@id\":\"https:\\\/\\\/www.rememberme-forever.com\\\/es\\\/#organization\"},\"potentialAction\":[{\"@type\":\"SearchAction\",\"target\":{\"@type\":\"EntryPoint\",\"urlTemplate\":\"https:\\\/\\\/www.rememberme-forever.com\\\/es\\\/?s={search_term_string}\"},\"query-input\":{\"@type\":\"PropertyValueSpecification\",\"valueRequired\":true,\"valueName\":\"search_term_string\"}}],\"inLanguage\":\"es\"},{\"@type\":\"Organization\",\"@id\":\"https:\\\/\\\/www.rememberme-forever.com\\\/es\\\/#organization\",\"name\":\"Remember Forever\",\"url\":\"https:\\\/\\\/www.rememberme-forever.com\\\/es\\\/\",\"logo\":{\"@type\":\"ImageObject\",\"inLanguage\":\"es\",\"@id\":\"https:\\\/\\\/www.rememberme-forever.com\\\/es\\\/#\\\/schema\\\/logo\\\/image\\\/\",\"url\":\"https:\\\/\\\/www.rememberme-forever.com\\\/wp-content\\\/uploads\\\/2023\\\/02\\\/logo.png\",\"contentUrl\":\"https:\\\/\\\/www.rememberme-forever.com\\\/wp-content\\\/uploads\\\/2023\\\/02\\\/logo.png\",\"width\":300,\"height\":56,\"caption\":\"Remember Forever\"},\"image\":{\"@id\":\"https:\\\/\\\/www.rememberme-forever.com\\\/es\\\/#\\\/schema\\\/logo\\\/image\\\/\"}}]}<\/script>\n<!-- \/ Yoast SEO plugin. -->","yoast_head_json":{"title":"Urna Globo Terr\u00e1queo para cenizas, acabado art\u00edstico pintado a mano","description":"Presentamos nuestra urna de cenizas con forma de globo terr\u00e1queo, una forma \u00fanica de honrar la memoria de su ser querido. Esta urna no es solo un recipiente para cenizas, sino tambi\u00e9n una obra de arte.","robots":{"index":"index","follow":"follow","max-snippet":"max-snippet:-1","max-image-preview":"max-image-preview:large","max-video-preview":"max-video-preview:-1"},"canonical":"https:\/\/www.rememberme-forever.com\/es\/producto\/urna-globo-terraqueo-para-cenizas-acabado-artistico-pintado-a-mano\/","og_locale":"es_ES","og_type":"article","og_title":"Urna Globo Terr\u00e1queo para cenizas, acabado art\u00edstico pintado a mano","og_description":"Presentamos nuestra urna de cenizas con forma de globo terr\u00e1queo, una forma \u00fanica de honrar la memoria de su ser querido. Esta urna no es solo un recipiente para cenizas, sino tambi\u00e9n una obra de arte.","og_url":"https:\/\/www.rememberme-forever.com\/es\/producto\/urna-globo-terraqueo-para-cenizas-acabado-artistico-pintado-a-mano\/","og_site_name":"Remember Forever","article_modified_time":"2025-09-24T10:29:15+00:00","og_image":[{"width":768,"height":768,"url":"http:\/\/www.rememberme-forever.com\/wp-content\/uploads\/2023\/04\/earth-globe-urn-for-ashes.jpg","type":"image\/jpeg"}],"twitter_card":"summary_large_image","twitter_misc":{"Tiempo de lectura":"3 minutos"},"schema":{"@context":"https:\/\/schema.org","@graph":[{"@type":"WebPage","@id":"https:\/\/www.rememberme-forever.com\/es\/producto\/urna-globo-terraqueo-para-cenizas-acabado-artistico-pintado-a-mano\/","url":"https:\/\/www.rememberme-forever.com\/es\/producto\/urna-globo-terraqueo-para-cenizas-acabado-artistico-pintado-a-mano\/","name":"Urna Globo Terr\u00e1queo para cenizas, acabado art\u00edstico pintado a mano","isPartOf":{"@id":"https:\/\/www.rememberme-forever.com\/es\/#website"},"primaryImageOfPage":{"@id":"https:\/\/www.rememberme-forever.com\/es\/producto\/urna-globo-terraqueo-para-cenizas-acabado-artistico-pintado-a-mano\/#primaryimage"},"image":{"@id":"https:\/\/www.rememberme-forever.com\/es\/producto\/urna-globo-terraqueo-para-cenizas-acabado-artistico-pintado-a-mano\/#primaryimage"},"thumbnailUrl":"https:\/\/www.rememberme-forever.com\/wp-content\/uploads\/2023\/04\/earth-globe-urn-for-ashes.jpg","datePublished":"2023-04-05T07:47:35+00:00","dateModified":"2025-09-24T10:29:15+00:00","description":"Presentamos nuestra urna de cenizas con forma de globo terr\u00e1queo, una forma \u00fanica de honrar la memoria de su ser querido. Esta urna no es solo un recipiente para cenizas, sino tambi\u00e9n una obra de arte.","breadcrumb":{"@id":"https:\/\/www.rememberme-forever.com\/es\/producto\/urna-globo-terraqueo-para-cenizas-acabado-artistico-pintado-a-mano\/#breadcrumb"},"inLanguage":"es","potentialAction":[{"@type":"ReadAction","target":["https:\/\/www.rememberme-forever.com\/es\/producto\/urna-globo-terraqueo-para-cenizas-acabado-artistico-pintado-a-mano\/"]}]},{"@type":"ImageObject","inLanguage":"es","@id":"https:\/\/www.rememberme-forever.com\/es\/producto\/urna-globo-terraqueo-para-cenizas-acabado-artistico-pintado-a-mano\/#primaryimage","url":"https:\/\/www.rememberme-forever.com\/wp-content\/uploads\/2023\/04\/earth-globe-urn-for-ashes.jpg","contentUrl":"https:\/\/www.rememberme-forever.com\/wp-content\/uploads\/2023\/04\/earth-globe-urn-for-ashes.jpg","width":768,"height":768,"caption":"earth globe urn for ashes"},{"@type":"BreadcrumbList","@id":"https:\/\/www.rememberme-forever.com\/es\/producto\/urna-globo-terraqueo-para-cenizas-acabado-artistico-pintado-a-mano\/#breadcrumb","itemListElement":[{"@type":"ListItem","position":1,"name":"Home","item":"https:\/\/www.rememberme-forever.com\/es\/inicio\/"},{"@type":"ListItem","position":2,"name":"Comercio","item":"https:\/\/www.rememberme-forever.com\/es\/shop\/"},{"@type":"ListItem","position":3,"name":"Urna Globo Terr\u00e1queo para cenizas, acabado art\u00edstico pintado a mano"}]},{"@type":"WebSite","@id":"https:\/\/www.rememberme-forever.com\/es\/#website","url":"https:\/\/www.rememberme-forever.com\/es\/","name":"Remember Forever","description":"Cremation urns, funeral urns, urns for ashes","publisher":{"@id":"https:\/\/www.rememberme-forever.com\/es\/#organization"},"potentialAction":[{"@type":"SearchAction","target":{"@type":"EntryPoint","urlTemplate":"https:\/\/www.rememberme-forever.com\/es\/?s={search_term_string}"},"query-input":{"@type":"PropertyValueSpecification","valueRequired":true,"valueName":"search_term_string"}}],"inLanguage":"es"},{"@type":"Organization","@id":"https:\/\/www.rememberme-forever.com\/es\/#organization","name":"Remember Forever","url":"https:\/\/www.rememberme-forever.com\/es\/","logo":{"@type":"ImageObject","inLanguage":"es","@id":"https:\/\/www.rememberme-forever.com\/es\/#\/schema\/logo\/image\/","url":"https:\/\/www.rememberme-forever.com\/wp-content\/uploads\/2023\/02\/logo.png","contentUrl":"https:\/\/www.rememberme-forever.com\/wp-content\/uploads\/2023\/02\/logo.png","width":300,"height":56,"caption":"Remember Forever"},"image":{"@id":"https:\/\/www.rememberme-forever.com\/es\/#\/schema\/logo\/image\/"}}]}},"acf":[],"_links":{"self":[{"href":"https:\/\/www.rememberme-forever.com\/es\/wp-json\/wp\/v2\/product\/19004","targetHints":{"allow":["GET"]}}],"collection":[{"href":"https:\/\/www.rememberme-forever.com\/es\/wp-json\/wp\/v2\/product"}],"about":[{"href":"https:\/\/www.rememberme-forever.com\/es\/wp-json\/wp\/v2\/types\/product"}],"wp:featuredmedia":[{"embeddable":true,"href":"https:\/\/www.rememberme-forever.com\/es\/wp-json\/wp\/v2\/media\/19010"}],"wp:attachment":[{"href":"https:\/\/www.rememberme-forever.com\/es\/wp-json\/wp\/v2\/media?parent=19004"}],"wp:term":[{"taxonomy":"product_brand","embeddable":true,"href":"https:\/\/www.rememberme-forever.com\/es\/wp-json\/wp\/v2\/product_brand?post=19004"},{"taxonomy":"product_cat","embeddable":true,"href":"https:\/\/www.rememberme-forever.com\/es\/wp-json\/wp\/v2\/product_cat?post=19004"},{"taxonomy":"product_tag","embeddable":true,"href":"https:\/\/www.rememberme-forever.com\/es\/wp-json\/wp\/v2\/product_tag?post=19004"}],"curies":[{"name":"wp","href":"https:\/\/api.w.org\/{rel}","templated":true}]}}