{"id":19250,"date":"2024-08-07T10:05:47","date_gmt":"2024-08-07T08:05:47","guid":{"rendered":"https:\/\/www.rememberme-forever.com\/product\/urna-tematica-para-cocinero\/"},"modified":"2025-09-25T15:52:28","modified_gmt":"2025-09-25T13:52:28","slug":"urna-tematica-para-cocinero","status":"publish","type":"product","link":"https:\/\/www.rememberme-forever.com\/es\/producto\/urna-tematica-para-cocinero\/","title":{"rendered":"Urna tem\u00e1tica para cocinero"},"content":{"rendered":"<p style=\"text-align: center;\">Honrar la memoria de alguien que dedic\u00f3 su vida a la cocina requiere una urna especial. <strong>Nuestra Urna para Cocinero <\/strong>est\u00e1 dise\u00f1ada para celebrar el arte culinario y la pasi\u00f3n de su ser querido.<\/p>\n<h3 style=\"text-align: center;\">Dise\u00f1o elegante y personalizable<\/h3>\n<p style=\"text-align: center;\">Esta urna presenta un acabado de caoba pulida, que le da una apariencia atemporal y elegante. Los bordes ligeramente redondeados le dan un toque de elegancia moderna. El frente de la urna est\u00e1 adornado con un intrincado grabado de utensilios de cocina, que simboliza el amor por la cocina. Adem\u00e1s, una placa conmemorativa personalizada permite incluir textos personalizados, como el nombre de su ser querido, fechas importantes o un mensaje emotivo, lo que convierte a esta urna en un homenaje \u00fanico y significativo.<\/p>\n<h3 style=\"text-align: center;\">Artesan\u00eda de alta calidad<\/h3>\n<p style=\"text-align: center;\">Fabricada en madera maciza, esta urna combina durabilidad con atractivo est\u00e9tico. El intenso color caoba realza la belleza natural de la madera, brind\u00e1ndole un aspecto c\u00e1lido y elegante. Su experta artesan\u00eda garantiza que esta urna servir\u00e1 como un homenaje duradero, preservando el recuerdo de su ser querido con gracia y dignidad.<\/p>\n<h3 style=\"text-align: center;\">Simbolismo y significado emocional<\/h3>\n<p style=\"text-align: center;\">Los utensilios de cocina grabados en la urna simbolizan la alegr\u00eda y la creatividad que se encuentran en la cocina. Este elemento de dise\u00f1o sirve como un reconfortante recordatorio de la pasi\u00f3n de su ser querido por las artes culinarias y la felicidad que trajo a otros a trav\u00e9s de sus platos. La urna no es solo un recipiente para cenizas, sino una preciada obra de arte que honra su legado.<\/p>\n<h3 style=\"text-align: center;\">Un homenaje conmovedor para un chef<\/h3>\n<p style=\"text-align: center;\">Elegir la urna adecuada es una parte esencial del proceso de duelo. Nuestra <strong>Urna para Cocinero <\/strong>ofrece la combinaci\u00f3n perfecta de belleza, artesan\u00eda y significado emocional. Su dise\u00f1o \u00fanico y las opciones de personalizaci\u00f3n garantizan que sirva como un homenaje apropiado a su ser querido, reflejando su amor por la cocina y proporcionando un recuerdo duradero y significativo.<\/p>\n<p>&nbsp;<\/p>\n<h3 style=\"text-align: center;\"><strong>PERSONALIZACI\u00d3N<\/strong><\/h3>\n<p style=\"text-align: center;\">Si elige una placa personalizada, incluya el texto en el marco de personalizaci\u00f3n del producto.<\/p>\n<p style=\"text-align: center;\">La placa conmemorativa personalizada debe personalizarse al realizar el pedido. (No se preocupe si no la incluye, siempre puede enviarnos un mensaje despu\u00e9s).<\/p>\n<p style=\"text-align: center;\">Revise atentamente el texto del grabado antes de a\u00f1adir el art\u00edculo al carrito. Copiamos y grabamos la informaci\u00f3n exacta que recibimos con el pedido y no realizamos ning\u00fan cambio.<\/p>\n<p style=\"text-align: center;\"><strong>Revise el texto para asegurarse de que la ortograf\u00eda sea correcta.<\/strong><\/p>\n<p>&nbsp;<\/p>\n","protected":false},"excerpt":{"rendered":"<p><strong>Adecuada para contener las cenizas de una persona de hasta aprox. 138 kg o 305 lb <\/strong><\/p>\n","protected":false},"featured_media":19251,"comment_status":"closed","ping_status":"closed","template":"","meta":{"_acf_changed":false},"product_brand":[],"product_cat":[2463,2455],"product_tag":[3309],"class_list":{"0":"post-19250","1":"product","2":"type-product","3":"status-publish","4":"has-post-thumbnail","6":"product_cat-urnas-de-profesion","7":"product_cat-urnas-tematicas","8":"product_tag-gpsr-all-wood-urns","9":"product_shipping_class-2-4kg-es","11":"first","12":"instock","13":"taxable","14":"shipping-taxable","15":"purchasable","16":"product-type-variable"},"yoast_head":"<!-- This site is optimized with the Yoast SEO plugin v27.5 - https:\/\/yoast.com\/product\/yoast-seo-wordpress\/ -->\n<title>Urna tem\u00e1tica para cocinero<\/title>\n<meta name=\"description\" content=\"Honrar la memoria de alguien que dedic\u00f3 su vida a la cocina requiere una urna especial. Nuestra Urna para Cocinero est\u00e1 dise\u00f1ada para...\" \/>\n<meta name=\"robots\" content=\"index, follow, max-snippet:-1, max-image-preview:large, max-video-preview:-1\" \/>\n<link rel=\"canonical\" href=\"https:\/\/www.rememberme-forever.com\/es\/producto\/urna-tematica-para-cocinero\/\" \/>\n<meta property=\"og:locale\" content=\"es_ES\" \/>\n<meta property=\"og:type\" content=\"article\" \/>\n<meta property=\"og:title\" content=\"Urna tem\u00e1tica para cocinero\" \/>\n<meta property=\"og:description\" content=\"Honrar la memoria de alguien que dedic\u00f3 su vida a la cocina requiere una urna especial. Nuestra Urna para Cocinero est\u00e1 dise\u00f1ada para...\" \/>\n<meta property=\"og:url\" content=\"https:\/\/www.rememberme-forever.com\/es\/producto\/urna-tematica-para-cocinero\/\" \/>\n<meta property=\"og:site_name\" content=\"Remember Forever\" \/>\n<meta property=\"article:modified_time\" content=\"2025-09-25T13:52:28+00:00\" \/>\n<meta property=\"og:image\" content=\"http:\/\/www.rememberme-forever.com\/wp-content\/uploads\/2024\/08\/DN21_cook_1.jpg\" \/>\n\t<meta property=\"og:image:width\" content=\"1007\" \/>\n\t<meta property=\"og:image:height\" content=\"1024\" \/>\n\t<meta property=\"og:image:type\" content=\"image\/jpeg\" \/>\n<meta name=\"twitter:card\" content=\"summary_large_image\" \/>\n<meta name=\"twitter:label1\" content=\"Tiempo de lectura\" \/>\n\t<meta name=\"twitter:data1\" content=\"2 minutos\" \/>\n<script type=\"application\/ld+json\" class=\"yoast-schema-graph\">{\"@context\":\"https:\\\/\\\/schema.org\",\"@graph\":[{\"@type\":\"WebPage\",\"@id\":\"https:\\\/\\\/www.rememberme-forever.com\\\/es\\\/producto\\\/urna-tematica-para-cocinero\\\/\",\"url\":\"https:\\\/\\\/www.rememberme-forever.com\\\/es\\\/producto\\\/urna-tematica-para-cocinero\\\/\",\"name\":\"Urna tem\u00e1tica para cocinero\",\"isPartOf\":{\"@id\":\"https:\\\/\\\/www.rememberme-forever.com\\\/es\\\/#website\"},\"primaryImageOfPage\":{\"@id\":\"https:\\\/\\\/www.rememberme-forever.com\\\/es\\\/producto\\\/urna-tematica-para-cocinero\\\/#primaryimage\"},\"image\":{\"@id\":\"https:\\\/\\\/www.rememberme-forever.com\\\/es\\\/producto\\\/urna-tematica-para-cocinero\\\/#primaryimage\"},\"thumbnailUrl\":\"https:\\\/\\\/www.rememberme-forever.com\\\/wp-content\\\/uploads\\\/2024\\\/08\\\/DN21_cook_1.jpg\",\"datePublished\":\"2024-08-07T08:05:47+00:00\",\"dateModified\":\"2025-09-25T13:52:28+00:00\",\"description\":\"Honrar la memoria de alguien que dedic\u00f3 su vida a la cocina requiere una urna especial. Nuestra Urna para Cocinero est\u00e1 dise\u00f1ada para...\",\"breadcrumb\":{\"@id\":\"https:\\\/\\\/www.rememberme-forever.com\\\/es\\\/producto\\\/urna-tematica-para-cocinero\\\/#breadcrumb\"},\"inLanguage\":\"es\",\"potentialAction\":[{\"@type\":\"ReadAction\",\"target\":[\"https:\\\/\\\/www.rememberme-forever.com\\\/es\\\/producto\\\/urna-tematica-para-cocinero\\\/\"]}]},{\"@type\":\"ImageObject\",\"inLanguage\":\"es\",\"@id\":\"https:\\\/\\\/www.rememberme-forever.com\\\/es\\\/producto\\\/urna-tematica-para-cocinero\\\/#primaryimage\",\"url\":\"https:\\\/\\\/www.rememberme-forever.com\\\/wp-content\\\/uploads\\\/2024\\\/08\\\/DN21_cook_1.jpg\",\"contentUrl\":\"https:\\\/\\\/www.rememberme-forever.com\\\/wp-content\\\/uploads\\\/2024\\\/08\\\/DN21_cook_1.jpg\",\"width\":1007,\"height\":1024,\"caption\":\"Theme urn for a cook\"},{\"@type\":\"BreadcrumbList\",\"@id\":\"https:\\\/\\\/www.rememberme-forever.com\\\/es\\\/producto\\\/urna-tematica-para-cocinero\\\/#breadcrumb\",\"itemListElement\":[{\"@type\":\"ListItem\",\"position\":1,\"name\":\"Home\",\"item\":\"https:\\\/\\\/www.rememberme-forever.com\\\/es\\\/inicio\\\/\"},{\"@type\":\"ListItem\",\"position\":2,\"name\":\"Comercio\",\"item\":\"https:\\\/\\\/www.rememberme-forever.com\\\/es\\\/shop\\\/\"},{\"@type\":\"ListItem\",\"position\":3,\"name\":\"Urna tem\u00e1tica para cocinero\"}]},{\"@type\":\"WebSite\",\"@id\":\"https:\\\/\\\/www.rememberme-forever.com\\\/es\\\/#website\",\"url\":\"https:\\\/\\\/www.rememberme-forever.com\\\/es\\\/\",\"name\":\"Remember Forever\",\"description\":\"Cremation urns, funeral urns, urns for ashes\",\"publisher\":{\"@id\":\"https:\\\/\\\/www.rememberme-forever.com\\\/es\\\/#organization\"},\"potentialAction\":[{\"@type\":\"SearchAction\",\"target\":{\"@type\":\"EntryPoint\",\"urlTemplate\":\"https:\\\/\\\/www.rememberme-forever.com\\\/es\\\/?s={search_term_string}\"},\"query-input\":{\"@type\":\"PropertyValueSpecification\",\"valueRequired\":true,\"valueName\":\"search_term_string\"}}],\"inLanguage\":\"es\"},{\"@type\":\"Organization\",\"@id\":\"https:\\\/\\\/www.rememberme-forever.com\\\/es\\\/#organization\",\"name\":\"Remember Forever\",\"url\":\"https:\\\/\\\/www.rememberme-forever.com\\\/es\\\/\",\"logo\":{\"@type\":\"ImageObject\",\"inLanguage\":\"es\",\"@id\":\"https:\\\/\\\/www.rememberme-forever.com\\\/es\\\/#\\\/schema\\\/logo\\\/image\\\/\",\"url\":\"https:\\\/\\\/www.rememberme-forever.com\\\/wp-content\\\/uploads\\\/2023\\\/02\\\/logo.png\",\"contentUrl\":\"https:\\\/\\\/www.rememberme-forever.com\\\/wp-content\\\/uploads\\\/2023\\\/02\\\/logo.png\",\"width\":300,\"height\":56,\"caption\":\"Remember Forever\"},\"image\":{\"@id\":\"https:\\\/\\\/www.rememberme-forever.com\\\/es\\\/#\\\/schema\\\/logo\\\/image\\\/\"}}]}<\/script>\n<!-- \/ Yoast SEO plugin. -->","yoast_head_json":{"title":"Urna tem\u00e1tica para cocinero","description":"Honrar la memoria de alguien que dedic\u00f3 su vida a la cocina requiere una urna especial. Nuestra Urna para Cocinero est\u00e1 dise\u00f1ada para...","robots":{"index":"index","follow":"follow","max-snippet":"max-snippet:-1","max-image-preview":"max-image-preview:large","max-video-preview":"max-video-preview:-1"},"canonical":"https:\/\/www.rememberme-forever.com\/es\/producto\/urna-tematica-para-cocinero\/","og_locale":"es_ES","og_type":"article","og_title":"Urna tem\u00e1tica para cocinero","og_description":"Honrar la memoria de alguien que dedic\u00f3 su vida a la cocina requiere una urna especial. Nuestra Urna para Cocinero est\u00e1 dise\u00f1ada para...","og_url":"https:\/\/www.rememberme-forever.com\/es\/producto\/urna-tematica-para-cocinero\/","og_site_name":"Remember Forever","article_modified_time":"2025-09-25T13:52:28+00:00","og_image":[{"width":1007,"height":1024,"url":"http:\/\/www.rememberme-forever.com\/wp-content\/uploads\/2024\/08\/DN21_cook_1.jpg","type":"image\/jpeg"}],"twitter_card":"summary_large_image","twitter_misc":{"Tiempo de lectura":"2 minutos"},"schema":{"@context":"https:\/\/schema.org","@graph":[{"@type":"WebPage","@id":"https:\/\/www.rememberme-forever.com\/es\/producto\/urna-tematica-para-cocinero\/","url":"https:\/\/www.rememberme-forever.com\/es\/producto\/urna-tematica-para-cocinero\/","name":"Urna tem\u00e1tica para cocinero","isPartOf":{"@id":"https:\/\/www.rememberme-forever.com\/es\/#website"},"primaryImageOfPage":{"@id":"https:\/\/www.rememberme-forever.com\/es\/producto\/urna-tematica-para-cocinero\/#primaryimage"},"image":{"@id":"https:\/\/www.rememberme-forever.com\/es\/producto\/urna-tematica-para-cocinero\/#primaryimage"},"thumbnailUrl":"https:\/\/www.rememberme-forever.com\/wp-content\/uploads\/2024\/08\/DN21_cook_1.jpg","datePublished":"2024-08-07T08:05:47+00:00","dateModified":"2025-09-25T13:52:28+00:00","description":"Honrar la memoria de alguien que dedic\u00f3 su vida a la cocina requiere una urna especial. Nuestra Urna para Cocinero est\u00e1 dise\u00f1ada para...","breadcrumb":{"@id":"https:\/\/www.rememberme-forever.com\/es\/producto\/urna-tematica-para-cocinero\/#breadcrumb"},"inLanguage":"es","potentialAction":[{"@type":"ReadAction","target":["https:\/\/www.rememberme-forever.com\/es\/producto\/urna-tematica-para-cocinero\/"]}]},{"@type":"ImageObject","inLanguage":"es","@id":"https:\/\/www.rememberme-forever.com\/es\/producto\/urna-tematica-para-cocinero\/#primaryimage","url":"https:\/\/www.rememberme-forever.com\/wp-content\/uploads\/2024\/08\/DN21_cook_1.jpg","contentUrl":"https:\/\/www.rememberme-forever.com\/wp-content\/uploads\/2024\/08\/DN21_cook_1.jpg","width":1007,"height":1024,"caption":"Theme urn for a cook"},{"@type":"BreadcrumbList","@id":"https:\/\/www.rememberme-forever.com\/es\/producto\/urna-tematica-para-cocinero\/#breadcrumb","itemListElement":[{"@type":"ListItem","position":1,"name":"Home","item":"https:\/\/www.rememberme-forever.com\/es\/inicio\/"},{"@type":"ListItem","position":2,"name":"Comercio","item":"https:\/\/www.rememberme-forever.com\/es\/shop\/"},{"@type":"ListItem","position":3,"name":"Urna tem\u00e1tica para cocinero"}]},{"@type":"WebSite","@id":"https:\/\/www.rememberme-forever.com\/es\/#website","url":"https:\/\/www.rememberme-forever.com\/es\/","name":"Remember Forever","description":"Cremation urns, funeral urns, urns for ashes","publisher":{"@id":"https:\/\/www.rememberme-forever.com\/es\/#organization"},"potentialAction":[{"@type":"SearchAction","target":{"@type":"EntryPoint","urlTemplate":"https:\/\/www.rememberme-forever.com\/es\/?s={search_term_string}"},"query-input":{"@type":"PropertyValueSpecification","valueRequired":true,"valueName":"search_term_string"}}],"inLanguage":"es"},{"@type":"Organization","@id":"https:\/\/www.rememberme-forever.com\/es\/#organization","name":"Remember Forever","url":"https:\/\/www.rememberme-forever.com\/es\/","logo":{"@type":"ImageObject","inLanguage":"es","@id":"https:\/\/www.rememberme-forever.com\/es\/#\/schema\/logo\/image\/","url":"https:\/\/www.rememberme-forever.com\/wp-content\/uploads\/2023\/02\/logo.png","contentUrl":"https:\/\/www.rememberme-forever.com\/wp-content\/uploads\/2023\/02\/logo.png","width":300,"height":56,"caption":"Remember Forever"},"image":{"@id":"https:\/\/www.rememberme-forever.com\/es\/#\/schema\/logo\/image\/"}}]}},"acf":[],"_links":{"self":[{"href":"https:\/\/www.rememberme-forever.com\/es\/wp-json\/wp\/v2\/product\/19250","targetHints":{"allow":["GET"]}}],"collection":[{"href":"https:\/\/www.rememberme-forever.com\/es\/wp-json\/wp\/v2\/product"}],"about":[{"href":"https:\/\/www.rememberme-forever.com\/es\/wp-json\/wp\/v2\/types\/product"}],"replies":[{"embeddable":true,"href":"https:\/\/www.rememberme-forever.com\/es\/wp-json\/wp\/v2\/comments?post=19250"}],"wp:featuredmedia":[{"embeddable":true,"href":"https:\/\/www.rememberme-forever.com\/es\/wp-json\/wp\/v2\/media\/19251"}],"wp:attachment":[{"href":"https:\/\/www.rememberme-forever.com\/es\/wp-json\/wp\/v2\/media?parent=19250"}],"wp:term":[{"taxonomy":"product_brand","embeddable":true,"href":"https:\/\/www.rememberme-forever.com\/es\/wp-json\/wp\/v2\/product_brand?post=19250"},{"taxonomy":"product_cat","embeddable":true,"href":"https:\/\/www.rememberme-forever.com\/es\/wp-json\/wp\/v2\/product_cat?post=19250"},{"taxonomy":"product_tag","embeddable":true,"href":"https:\/\/www.rememberme-forever.com\/es\/wp-json\/wp\/v2\/product_tag?post=19250"}],"curies":[{"name":"wp","href":"https:\/\/api.w.org\/{rel}","templated":true}]}}