{"id":19344,"date":"2023-04-04T10:33:49","date_gmt":"2023-04-04T08:33:49","guid":{"rendered":"https:\/\/www.rememberme-forever.com\/product\/urna-funeraria-de-nogal-para-adultos-urna-grande-de-madera\/"},"modified":"2025-09-26T11:40:19","modified_gmt":"2025-09-26T09:40:19","slug":"urna-funeraria-de-nogal-para-adultos-urna-grande-de-madera","status":"publish","type":"product","link":"https:\/\/www.rememberme-forever.com\/es\/producto\/urna-funeraria-de-nogal-para-adultos-urna-grande-de-madera\/","title":{"rendered":"Urna funeraria de nogal para adultos, urna grande de madera"},"content":{"rendered":"<div style=\"width: 100%; margin-bottom: 40px; height: max-content; padding-bottom: 60%; position: relative;\"><iframe style=\"position: absolute; top: 0; left: 0; width: 100%; height: 100%;\" src=\"https:\/\/rememberme-urns.com\/walnut-cremation-urn-large-size\/\" frameborder=\"0\"><\/iframe><\/div>\n<div style=\"color: red; text-align: center; margin-bottom: 25px;\">\n<p>&gt;&gt; Foto giratoria &#8211; pulsar\/acercar &lt;&lt;<\/p>\n<\/div>\n<h2 style=\"text-align: center;\"><strong>Urna funeraria de nogal<\/strong><\/h2>\n<p style=\"text-align: center;\">Le presentamos nuestra urna <strong>funeraria de nogal,<\/strong> bellamente elaborada y dise\u00f1ada para honrar la memoria de su ser querido. Esta urna de madera de gran tama\u00f1o est\u00e1 elaborada con maestr\u00eda con madera de nogal de alta calidad, reconocida por su durabilidad, resistencia y belleza natural.<\/p>\n<p style=\"text-align: center;\">El exterior de la urna presenta un acabado liso y barnizado que realza los elegantes y ricos tonos de la madera de nogal.<\/p>\n<p style=\"text-align: center;\">Esta urna para adultos cuenta con un espacioso interior que puede albergar c\u00f3modamente las cenizas de un ser querido que haya pesado hasta 116 kg.<\/p>\n<p style=\"text-align: center;\">Nuestra urna funeraria de nogal est\u00e1 dise\u00f1ada con cuidado y atenci\u00f3n al detalle, lo que la convierte en un homenaje atemporal y perfecto a la vida de su ser querido. Es ideal para exhibir en casa, en un nicho o en un cementerio. Adem\u00e1s, la urna incluye un servicio opcional de grabado personalizado, que le permite personalizarla con el nombre de su ser querido, las fechas y un mensaje significativo en la placa conmemorativa especial.<\/p>\n<p>&nbsp;<\/p>\n<p style=\"text-align: center;\"><strong><em>Este producto est\u00e1 hecho de materiales naturales; la apariencia puede variar ligeramente.<\/em><\/strong><\/p>\n<p>&nbsp;<\/p>\n<h3 style=\"text-align: center;\"><strong>PERSONALIZACI\u00d3N<\/strong><\/h3>\n<p style=\"text-align: center;\">Si elige una placa personalizada, incluya el texto en el marco de personalizaci\u00f3n del producto.<\/p>\n<p style=\"text-align: center;\">La placa conmemorativa personalizada debe personalizarse al realizar el pedido. (No se preocupe si no la incluye, siempre puede enviarnos un mensaje despu\u00e9s).<\/p>\n<p style=\"text-align: center;\"><img loading=\"lazy\" decoding=\"async\" class=\"alignnone wp-image-935\" src=\"http:\/\/www.rememberme-forever.com\/wp-content\/uploads\/2023\/04\/engraved-memorial-wood-urn-for-ashes-295x300.jpg\" alt=\"Urna de madera grabada para cenizas\" width=\"200\" height=\"204\" srcset=\"https:\/\/www.rememberme-forever.com\/wp-content\/uploads\/2023\/04\/engraved-memorial-wood-urn-for-ashes-295x300.jpg 295w, https:\/\/www.rememberme-forever.com\/wp-content\/uploads\/2023\/04\/engraved-memorial-wood-urn-for-ashes-600x610.jpg 600w, https:\/\/www.rememberme-forever.com\/wp-content\/uploads\/2023\/04\/engraved-memorial-wood-urn-for-ashes-64x65.jpg 64w, https:\/\/www.rememberme-forever.com\/wp-content\/uploads\/2023\/04\/engraved-memorial-wood-urn-for-ashes.jpg 768w\" sizes=\"auto, (max-width: 200px) 100vw, 200px\" \/><\/p>\n<p>&nbsp;<\/p>\n<p style=\"text-align: center;\">Revise atentamente el texto del grabado antes de a\u00f1adir el art\u00edculo al carrito. Copiamos y grabamos la informaci\u00f3n exacta que recibimos con el pedido y no realizamos ning\u00fan cambio.<\/p>\n<p style=\"text-align: center;\"><strong>Revise el texto para asegurarse de que la ortograf\u00eda sea correcta.<\/strong><\/p>\n<p>&nbsp;<\/p>\n<p style=\"text-align: center;\"><em><strong>Si necesita una placa conmemorativa como recuerdo, agregue el texto en un segundo marco.<\/strong><\/em><\/p>\n<p>&nbsp;<\/p>\n<p><img loading=\"lazy\" decoding=\"async\" class=\" wp-image-939 aligncenter\" src=\"http:\/\/www.rememberme-forever.com\/wp-content\/uploads\/2023\/04\/personalized-keepsake-walnut-urn-295x300.jpg\" alt=\"Urna de nogal personalizada para recuerdo\" width=\"150\" height=\"153\" srcset=\"https:\/\/www.rememberme-forever.com\/wp-content\/uploads\/2023\/04\/personalized-keepsake-walnut-urn-295x300.jpg 295w, https:\/\/www.rememberme-forever.com\/wp-content\/uploads\/2023\/04\/personalized-keepsake-walnut-urn-600x610.jpg 600w, https:\/\/www.rememberme-forever.com\/wp-content\/uploads\/2023\/04\/personalized-keepsake-walnut-urn-64x65.jpg 64w, https:\/\/www.rememberme-forever.com\/wp-content\/uploads\/2023\/04\/personalized-keepsake-walnut-urn.jpg 768w\" sizes=\"auto, (max-width: 150px) 100vw, 150px\" \/><\/p>\n<p>&nbsp;<\/p>\n<h3 style=\"text-align: center;\"><strong>\u00bfC\u00f3mo verter las cenizas en una urna?<\/strong><\/h3>\n<p style=\"text-align: center;\"><iframe loading=\"lazy\" title=\"C\u00f3mo llenar y cerrar una urna con cenizas del crematorio: Video instructivo de Remember Forever\" src=\"https:\/\/www.youtube.com\/embed\/sPMMFygo0vQ?feature=oembed\" width=\"640\" height=\"360\" frameborder=\"0\" allowfullscreen=\"allowfullscreen\" data-mce-fragment=\"1\"><\/iframe><\/p>\n","protected":false},"excerpt":{"rendered":"<p>Hermosa urna de nogal natural para cenizas.<\/p>\n<p><strong> Suitable to hold ashes of an person body weight upto approx. 256 lbs or 116Kg. <\/strong><\/p>\n","protected":false},"featured_media":19351,"template":"","meta":{"_acf_changed":false},"product_brand":[],"product_cat":[2467],"product_tag":[3371],"class_list":{"0":"post-19344","1":"product","2":"type-product","3":"status-publish","4":"has-post-thumbnail","6":"product_cat-urnas-de-madera","7":"product_tag-gpsr-turned-wood","8":"product_shipping_class-2-4kg-es","10":"first","11":"instock","12":"taxable","13":"shipping-taxable","14":"purchasable","15":"product-type-variable"},"yoast_head":"<!-- This site is optimized with the Yoast SEO plugin v27.4 - https:\/\/yoast.com\/product\/yoast-seo-wordpress\/ -->\n<title>Urna funeraria de nogal para adultos, urna grande de madera<\/title>\n<meta name=\"description\" content=\"Presentamos nuestra urna de cremaci\u00f3n de nogal, bellamente elaborada y dise\u00f1ada para honrar la memoria de su ser querido. Impresionante urna de madera torneada a mano para cenizas.\" \/>\n<meta name=\"robots\" content=\"index, follow, max-snippet:-1, max-image-preview:large, max-video-preview:-1\" \/>\n<link rel=\"canonical\" href=\"https:\/\/www.rememberme-forever.com\/es\/producto\/urna-funeraria-de-nogal-para-adultos-urna-grande-de-madera\/\" \/>\n<meta property=\"og:locale\" content=\"es_ES\" \/>\n<meta property=\"og:type\" content=\"article\" \/>\n<meta property=\"og:title\" content=\"Urna funeraria de nogal para adultos, urna grande de madera\" \/>\n<meta property=\"og:description\" content=\"Presentamos nuestra urna de cremaci\u00f3n de nogal, bellamente elaborada y dise\u00f1ada para honrar la memoria de su ser querido. Impresionante urna de madera torneada a mano para cenizas.\" \/>\n<meta property=\"og:url\" content=\"https:\/\/www.rememberme-forever.com\/es\/producto\/urna-funeraria-de-nogal-para-adultos-urna-grande-de-madera\/\" \/>\n<meta property=\"og:site_name\" content=\"Remember Forever\" \/>\n<meta property=\"article:modified_time\" content=\"2025-09-26T09:40:19+00:00\" \/>\n<meta property=\"og:image\" content=\"http:\/\/www.rememberme-forever.com\/wp-content\/uploads\/2023\/04\/walnut-cremation-urn-for-adult.jpg\" \/>\n\t<meta property=\"og:image:width\" content=\"768\" \/>\n\t<meta property=\"og:image:height\" content=\"781\" \/>\n\t<meta property=\"og:image:type\" content=\"image\/jpeg\" \/>\n<meta name=\"twitter:card\" content=\"summary_large_image\" \/>\n<meta name=\"twitter:label1\" content=\"Tiempo de lectura\" \/>\n\t<meta name=\"twitter:data1\" content=\"2 minutos\" \/>\n<script type=\"application\/ld+json\" class=\"yoast-schema-graph\">{\"@context\":\"https:\\\/\\\/schema.org\",\"@graph\":[{\"@type\":\"WebPage\",\"@id\":\"https:\\\/\\\/www.rememberme-forever.com\\\/es\\\/producto\\\/urna-funeraria-de-nogal-para-adultos-urna-grande-de-madera\\\/\",\"url\":\"https:\\\/\\\/www.rememberme-forever.com\\\/es\\\/producto\\\/urna-funeraria-de-nogal-para-adultos-urna-grande-de-madera\\\/\",\"name\":\"Urna funeraria de nogal para adultos, urna grande de madera\",\"isPartOf\":{\"@id\":\"https:\\\/\\\/www.rememberme-forever.com\\\/es\\\/#website\"},\"primaryImageOfPage\":{\"@id\":\"https:\\\/\\\/www.rememberme-forever.com\\\/es\\\/producto\\\/urna-funeraria-de-nogal-para-adultos-urna-grande-de-madera\\\/#primaryimage\"},\"image\":{\"@id\":\"https:\\\/\\\/www.rememberme-forever.com\\\/es\\\/producto\\\/urna-funeraria-de-nogal-para-adultos-urna-grande-de-madera\\\/#primaryimage\"},\"thumbnailUrl\":\"https:\\\/\\\/www.rememberme-forever.com\\\/wp-content\\\/uploads\\\/2023\\\/04\\\/walnut-cremation-urn-for-adult.jpg\",\"datePublished\":\"2023-04-04T08:33:49+00:00\",\"dateModified\":\"2025-09-26T09:40:19+00:00\",\"description\":\"Presentamos nuestra urna de cremaci\u00f3n de nogal, bellamente elaborada y dise\u00f1ada para honrar la memoria de su ser querido. Impresionante urna de madera torneada a mano para cenizas.\",\"breadcrumb\":{\"@id\":\"https:\\\/\\\/www.rememberme-forever.com\\\/es\\\/producto\\\/urna-funeraria-de-nogal-para-adultos-urna-grande-de-madera\\\/#breadcrumb\"},\"inLanguage\":\"es\",\"potentialAction\":[{\"@type\":\"ReadAction\",\"target\":[\"https:\\\/\\\/www.rememberme-forever.com\\\/es\\\/producto\\\/urna-funeraria-de-nogal-para-adultos-urna-grande-de-madera\\\/\"]}]},{\"@type\":\"ImageObject\",\"inLanguage\":\"es\",\"@id\":\"https:\\\/\\\/www.rememberme-forever.com\\\/es\\\/producto\\\/urna-funeraria-de-nogal-para-adultos-urna-grande-de-madera\\\/#primaryimage\",\"url\":\"https:\\\/\\\/www.rememberme-forever.com\\\/wp-content\\\/uploads\\\/2023\\\/04\\\/walnut-cremation-urn-for-adult.jpg\",\"contentUrl\":\"https:\\\/\\\/www.rememberme-forever.com\\\/wp-content\\\/uploads\\\/2023\\\/04\\\/walnut-cremation-urn-for-adult.jpg\",\"width\":768,\"height\":781,\"caption\":\"walnut cremation urn for adult\"},{\"@type\":\"BreadcrumbList\",\"@id\":\"https:\\\/\\\/www.rememberme-forever.com\\\/es\\\/producto\\\/urna-funeraria-de-nogal-para-adultos-urna-grande-de-madera\\\/#breadcrumb\",\"itemListElement\":[{\"@type\":\"ListItem\",\"position\":1,\"name\":\"Home\",\"item\":\"https:\\\/\\\/www.rememberme-forever.com\\\/es\\\/inicio\\\/\"},{\"@type\":\"ListItem\",\"position\":2,\"name\":\"Comercio\",\"item\":\"https:\\\/\\\/www.rememberme-forever.com\\\/es\\\/shop\\\/\"},{\"@type\":\"ListItem\",\"position\":3,\"name\":\"Urna funeraria de nogal para adultos, urna grande de madera\"}]},{\"@type\":\"WebSite\",\"@id\":\"https:\\\/\\\/www.rememberme-forever.com\\\/es\\\/#website\",\"url\":\"https:\\\/\\\/www.rememberme-forever.com\\\/es\\\/\",\"name\":\"Remember Forever\",\"description\":\"Cremation urns, funeral urns, urns for ashes\",\"publisher\":{\"@id\":\"https:\\\/\\\/www.rememberme-forever.com\\\/es\\\/#organization\"},\"potentialAction\":[{\"@type\":\"SearchAction\",\"target\":{\"@type\":\"EntryPoint\",\"urlTemplate\":\"https:\\\/\\\/www.rememberme-forever.com\\\/es\\\/?s={search_term_string}\"},\"query-input\":{\"@type\":\"PropertyValueSpecification\",\"valueRequired\":true,\"valueName\":\"search_term_string\"}}],\"inLanguage\":\"es\"},{\"@type\":\"Organization\",\"@id\":\"https:\\\/\\\/www.rememberme-forever.com\\\/es\\\/#organization\",\"name\":\"Remember Forever\",\"url\":\"https:\\\/\\\/www.rememberme-forever.com\\\/es\\\/\",\"logo\":{\"@type\":\"ImageObject\",\"inLanguage\":\"es\",\"@id\":\"https:\\\/\\\/www.rememberme-forever.com\\\/es\\\/#\\\/schema\\\/logo\\\/image\\\/\",\"url\":\"https:\\\/\\\/www.rememberme-forever.com\\\/wp-content\\\/uploads\\\/2023\\\/02\\\/logo.png\",\"contentUrl\":\"https:\\\/\\\/www.rememberme-forever.com\\\/wp-content\\\/uploads\\\/2023\\\/02\\\/logo.png\",\"width\":300,\"height\":56,\"caption\":\"Remember Forever\"},\"image\":{\"@id\":\"https:\\\/\\\/www.rememberme-forever.com\\\/es\\\/#\\\/schema\\\/logo\\\/image\\\/\"}}]}<\/script>\n<!-- \/ Yoast SEO plugin. -->","yoast_head_json":{"title":"Urna funeraria de nogal para adultos, urna grande de madera","description":"Presentamos nuestra urna de cremaci\u00f3n de nogal, bellamente elaborada y dise\u00f1ada para honrar la memoria de su ser querido. Impresionante urna de madera torneada a mano para cenizas.","robots":{"index":"index","follow":"follow","max-snippet":"max-snippet:-1","max-image-preview":"max-image-preview:large","max-video-preview":"max-video-preview:-1"},"canonical":"https:\/\/www.rememberme-forever.com\/es\/producto\/urna-funeraria-de-nogal-para-adultos-urna-grande-de-madera\/","og_locale":"es_ES","og_type":"article","og_title":"Urna funeraria de nogal para adultos, urna grande de madera","og_description":"Presentamos nuestra urna de cremaci\u00f3n de nogal, bellamente elaborada y dise\u00f1ada para honrar la memoria de su ser querido. Impresionante urna de madera torneada a mano para cenizas.","og_url":"https:\/\/www.rememberme-forever.com\/es\/producto\/urna-funeraria-de-nogal-para-adultos-urna-grande-de-madera\/","og_site_name":"Remember Forever","article_modified_time":"2025-09-26T09:40:19+00:00","og_image":[{"width":768,"height":781,"url":"http:\/\/www.rememberme-forever.com\/wp-content\/uploads\/2023\/04\/walnut-cremation-urn-for-adult.jpg","type":"image\/jpeg"}],"twitter_card":"summary_large_image","twitter_misc":{"Tiempo de lectura":"2 minutos"},"schema":{"@context":"https:\/\/schema.org","@graph":[{"@type":"WebPage","@id":"https:\/\/www.rememberme-forever.com\/es\/producto\/urna-funeraria-de-nogal-para-adultos-urna-grande-de-madera\/","url":"https:\/\/www.rememberme-forever.com\/es\/producto\/urna-funeraria-de-nogal-para-adultos-urna-grande-de-madera\/","name":"Urna funeraria de nogal para adultos, urna grande de madera","isPartOf":{"@id":"https:\/\/www.rememberme-forever.com\/es\/#website"},"primaryImageOfPage":{"@id":"https:\/\/www.rememberme-forever.com\/es\/producto\/urna-funeraria-de-nogal-para-adultos-urna-grande-de-madera\/#primaryimage"},"image":{"@id":"https:\/\/www.rememberme-forever.com\/es\/producto\/urna-funeraria-de-nogal-para-adultos-urna-grande-de-madera\/#primaryimage"},"thumbnailUrl":"https:\/\/www.rememberme-forever.com\/wp-content\/uploads\/2023\/04\/walnut-cremation-urn-for-adult.jpg","datePublished":"2023-04-04T08:33:49+00:00","dateModified":"2025-09-26T09:40:19+00:00","description":"Presentamos nuestra urna de cremaci\u00f3n de nogal, bellamente elaborada y dise\u00f1ada para honrar la memoria de su ser querido. Impresionante urna de madera torneada a mano para cenizas.","breadcrumb":{"@id":"https:\/\/www.rememberme-forever.com\/es\/producto\/urna-funeraria-de-nogal-para-adultos-urna-grande-de-madera\/#breadcrumb"},"inLanguage":"es","potentialAction":[{"@type":"ReadAction","target":["https:\/\/www.rememberme-forever.com\/es\/producto\/urna-funeraria-de-nogal-para-adultos-urna-grande-de-madera\/"]}]},{"@type":"ImageObject","inLanguage":"es","@id":"https:\/\/www.rememberme-forever.com\/es\/producto\/urna-funeraria-de-nogal-para-adultos-urna-grande-de-madera\/#primaryimage","url":"https:\/\/www.rememberme-forever.com\/wp-content\/uploads\/2023\/04\/walnut-cremation-urn-for-adult.jpg","contentUrl":"https:\/\/www.rememberme-forever.com\/wp-content\/uploads\/2023\/04\/walnut-cremation-urn-for-adult.jpg","width":768,"height":781,"caption":"walnut cremation urn for adult"},{"@type":"BreadcrumbList","@id":"https:\/\/www.rememberme-forever.com\/es\/producto\/urna-funeraria-de-nogal-para-adultos-urna-grande-de-madera\/#breadcrumb","itemListElement":[{"@type":"ListItem","position":1,"name":"Home","item":"https:\/\/www.rememberme-forever.com\/es\/inicio\/"},{"@type":"ListItem","position":2,"name":"Comercio","item":"https:\/\/www.rememberme-forever.com\/es\/shop\/"},{"@type":"ListItem","position":3,"name":"Urna funeraria de nogal para adultos, urna grande de madera"}]},{"@type":"WebSite","@id":"https:\/\/www.rememberme-forever.com\/es\/#website","url":"https:\/\/www.rememberme-forever.com\/es\/","name":"Remember Forever","description":"Cremation urns, funeral urns, urns for ashes","publisher":{"@id":"https:\/\/www.rememberme-forever.com\/es\/#organization"},"potentialAction":[{"@type":"SearchAction","target":{"@type":"EntryPoint","urlTemplate":"https:\/\/www.rememberme-forever.com\/es\/?s={search_term_string}"},"query-input":{"@type":"PropertyValueSpecification","valueRequired":true,"valueName":"search_term_string"}}],"inLanguage":"es"},{"@type":"Organization","@id":"https:\/\/www.rememberme-forever.com\/es\/#organization","name":"Remember Forever","url":"https:\/\/www.rememberme-forever.com\/es\/","logo":{"@type":"ImageObject","inLanguage":"es","@id":"https:\/\/www.rememberme-forever.com\/es\/#\/schema\/logo\/image\/","url":"https:\/\/www.rememberme-forever.com\/wp-content\/uploads\/2023\/02\/logo.png","contentUrl":"https:\/\/www.rememberme-forever.com\/wp-content\/uploads\/2023\/02\/logo.png","width":300,"height":56,"caption":"Remember Forever"},"image":{"@id":"https:\/\/www.rememberme-forever.com\/es\/#\/schema\/logo\/image\/"}}]}},"acf":[],"_links":{"self":[{"href":"https:\/\/www.rememberme-forever.com\/es\/wp-json\/wp\/v2\/product\/19344","targetHints":{"allow":["GET"]}}],"collection":[{"href":"https:\/\/www.rememberme-forever.com\/es\/wp-json\/wp\/v2\/product"}],"about":[{"href":"https:\/\/www.rememberme-forever.com\/es\/wp-json\/wp\/v2\/types\/product"}],"wp:featuredmedia":[{"embeddable":true,"href":"https:\/\/www.rememberme-forever.com\/es\/wp-json\/wp\/v2\/media\/19351"}],"wp:attachment":[{"href":"https:\/\/www.rememberme-forever.com\/es\/wp-json\/wp\/v2\/media?parent=19344"}],"wp:term":[{"taxonomy":"product_brand","embeddable":true,"href":"https:\/\/www.rememberme-forever.com\/es\/wp-json\/wp\/v2\/product_brand?post=19344"},{"taxonomy":"product_cat","embeddable":true,"href":"https:\/\/www.rememberme-forever.com\/es\/wp-json\/wp\/v2\/product_cat?post=19344"},{"taxonomy":"product_tag","embeddable":true,"href":"https:\/\/www.rememberme-forever.com\/es\/wp-json\/wp\/v2\/product_tag?post=19344"}],"curies":[{"name":"wp","href":"https:\/\/api.w.org\/{rel}","templated":true}]}}