{"id":19433,"date":"2023-06-20T09:00:44","date_gmt":"2023-06-20T07:00:44","guid":{"rendered":"https:\/\/www.rememberme-forever.com\/product\/urna-artistica-para-dos\/"},"modified":"2025-09-26T15:45:38","modified_gmt":"2025-09-26T13:45:38","slug":"urna-artistica-para-dos","status":"publish","type":"product","link":"https:\/\/www.rememberme-forever.com\/es\/producto\/urna-artistica-para-dos\/","title":{"rendered":"Urna art\u00edstica para dos"},"content":{"rendered":"<div style=\"width: 100%; margin-bottom: 40px; height: max-content; padding-bottom: 60%; position: relative;\"><iframe style=\"position: absolute; top: 0; left: 0; width: 100%; height: 100%;\" src=\"https:\/\/rememberme-urns.com\/artistic-hand-painted-companion-urn\/\" frameborder=\"0\"><\/iframe><\/div>\n<div style=\"color: red; text-align: center; margin-bottom: 25px;\">\n<p>&gt;&gt; Foto giratoria &#8211; pulsar\/acercar &lt;&lt;<\/p>\n<\/div>\n<h2 style=\"text-align: center;\">Urna art\u00edstica para dos<\/h2>\n<p style=\"text-align: center;\">Presentamos la <strong>Urna Art\u00edstica para Dos<\/strong>: una urna grande, bellamente pintada a mano, dise\u00f1ada para albergar las cenizas de dos personas. Esta urna \u00fanica y decorativa sirve como un homenaje al v\u00ednculo eterno que comparten. Elaborada con meticulosa atenci\u00f3n al detalle, presenta una impresionante combinaci\u00f3n de una esfera de acero inoxidable y una lujosa base de m\u00e1rmol.<\/p>\n<p style=\"text-align: center;\">El dise\u00f1o art\u00edstico de esta urna es verdaderamente cautivador. Cada urna est\u00e1 cuidadosamente pintada a mano por h\u00e1biles artesanos, creando una obra maestra \u00fanica. Los colores vibrantes y los intrincados patrones realzan el atractivo est\u00e9tico de la urna, convirti\u00e9ndola en una pieza conmemorativa verdaderamente excepcional. La atenci\u00f3n al detalle en el proceso de pintado garantiza que cada urna sea una obra de arte \u00fanica, que refleja la individualidad y los recuerdos de los seres queridos fallecidos.<\/p>\n<p style=\"text-align: center;\">Hecha de acero inoxidable de alta calidad, la esfera no solo es visualmente impactante, sino tambi\u00e9n duradera y resistente a la corrosi\u00f3n. La base de m\u00e1rmol a\u00f1ade un toque de elegancia y estabilidad a la urna, simbolizando la fuerza y \u200b\u200bla resistencia del v\u00ednculo entre ambas personas.<\/p>\n<p style=\"text-align: center;\">El espacioso interior de la urna acompa\u00f1ante puede albergar las cenizas de dos personas, ofreciendo un lugar de descanso tranquilo para sus restos. El cierre de seguridad con rosca en la base garantiza la conservaci\u00f3n segura de las cenizas.<\/p>\n<p style=\"text-align: center;\">La Urna Art\u00edstica de Compa\u00f1\u00eda para Dos es un emotivo homenaje a los preciados recuerdos y al amor eterno que comparten. Su exquisita artesan\u00eda, dise\u00f1o art\u00edstico y materiales duraderos la convierten en una opci\u00f3n atemporal y hermosa para honrar la vida y el legado de sus seres queridos.<\/p>\n<p>&nbsp;<\/p>\n<h3 style=\"text-align: center;\"><strong>PERSONALIZACI\u00d3N<\/strong><\/h3>\n<p style=\"text-align: center;\">La placa conmemorativa personalizada debe personalizarse al realizar el pedido. (No se preocupe si no la incluye, siempre puede enviarnos un mensaje despu\u00e9s).<\/p>\n<p><img loading=\"lazy\" decoding=\"async\" class=\"wp-image-1449 aligncenter\" src=\"http:\/\/www.rememberme-forever.com\/wp-content\/uploads\/2023\/04\/memorial-plaque-cremation-urn-silver-300x153.jpg\" alt=\"Urna de cremaci\u00f3n con placa conmemorativa plateada\" width=\"188\" height=\"96\" srcset=\"https:\/\/www.rememberme-forever.com\/wp-content\/uploads\/2023\/04\/memorial-plaque-cremation-urn-silver-300x153.jpg 300w, https:\/\/www.rememberme-forever.com\/wp-content\/uploads\/2023\/04\/memorial-plaque-cremation-urn-silver-64x33.jpg 64w, https:\/\/www.rememberme-forever.com\/wp-content\/uploads\/2023\/04\/memorial-plaque-cremation-urn-silver.jpg 448w\" sizes=\"auto, (max-width: 188px) 100vw, 188px\" \/><\/p>\n<p style=\"text-align: center;\">Revise atentamente el texto del grabado antes de a\u00f1adir el art\u00edculo al carrito. Copiamos y grabamos la informaci\u00f3n exacta que recibimos con el pedido y no realizamos ning\u00fan cambio.<\/p>\n<p style=\"text-align: center;\"><strong>Revise el texto para asegurarse de que la ortograf\u00eda sea correcta.<\/strong><\/p>\n<p style=\"text-align: center;\" align=\"center\"><span style=\"color: red;\">Informaci\u00f3n importante: <\/span><\/p>\n<p style=\"text-align: center;\" align=\"center\"><span style=\"color: red;\">Esta urna se fabrica bajo pedido, con un plazo de producci\u00f3n t\u00edpico de 6 a 10 d\u00edas h\u00e1biles.<\/span><\/p>\n","protected":false},"excerpt":{"rendered":"<p><strong>Esta urna de acero inoxidable tambi\u00e9n puede utilizarse para las cenizas de un adulto o de dos personas.<\/strong><\/p>\n<p>\u2705 Esta urna no es apta para exteriores. Descubra nuestras <a href=\"https:\/\/www.rememberme-forever.com\/product-category\/outdoor-urns\/\" target=\"_blank\" rel=\"noopener\"><strong>urnas para exteriores. &gt;&gt;<\/strong><\/a><\/p>\n<p>\u2705 Plazo de entrega: 10 d\u00edas h\u00e1biles. <span class=\"HwtZe\" lang=\"en\"><span class=\"jCAhz ChMk0b\"><span class=\"ryNqvb\">(Hecho bajo pedido).<\/span><\/span><\/span><\/p>\n<div class=\"UdTY9 WdefRb\" aria-hidden=\"true\" data-location=\"2\"><\/div>\n","protected":false},"featured_media":19444,"template":"","meta":{"_acf_changed":false},"product_brand":[1991],"product_cat":[2446,2442],"product_tag":[3292],"class_list":{"0":"post-19433","1":"product","2":"type-product","3":"status-publish","4":"has-post-thumbnail","6":"product_brand-remember-forever","7":"product_cat-urnas-acompanantes","8":"product_cat-urnas-artisticas","9":"product_tag-gpsr-metal_stonebase","10":"product_shipping_class-2-4kg-es","12":"first","13":"instock","14":"sold-individually","15":"taxable","16":"shipping-taxable","17":"purchasable","18":"product-type-variable"},"yoast_head":"<!-- This site is optimized with the Yoast SEO plugin v27.4 - https:\/\/yoast.com\/product\/yoast-seo-wordpress\/ -->\n<title>Urna art\u00edstica para dos<\/title>\n<meta name=\"description\" content=\"Presentamos la Urna Art\u00edstica de Acompa\u00f1amiento para Dos: una urna grande, bellamente pintada a mano, dise\u00f1ada para albergar las cenizas de dos personas.\" \/>\n<meta name=\"robots\" content=\"index, follow, max-snippet:-1, max-image-preview:large, max-video-preview:-1\" \/>\n<link rel=\"canonical\" href=\"https:\/\/www.rememberme-forever.com\/es\/producto\/urna-artistica-para-dos\/\" \/>\n<meta property=\"og:locale\" content=\"es_ES\" \/>\n<meta property=\"og:type\" content=\"article\" \/>\n<meta property=\"og:title\" content=\"Urna art\u00edstica para dos\" \/>\n<meta property=\"og:description\" content=\"Presentamos la Urna Art\u00edstica de Acompa\u00f1amiento para Dos: una urna grande, bellamente pintada a mano, dise\u00f1ada para albergar las cenizas de dos personas.\" \/>\n<meta property=\"og:url\" content=\"https:\/\/www.rememberme-forever.com\/es\/producto\/urna-artistica-para-dos\/\" \/>\n<meta property=\"og:site_name\" content=\"Remember Forever\" \/>\n<meta property=\"article:modified_time\" content=\"2025-09-26T13:45:38+00:00\" \/>\n<meta property=\"og:image\" content=\"http:\/\/www.rememberme-forever.com\/wp-content\/uploads\/2025\/01\/art-companion-urn-ver3_0001.jpg\" \/>\n\t<meta property=\"og:image:width\" content=\"1007\" \/>\n\t<meta property=\"og:image:height\" content=\"1024\" \/>\n\t<meta property=\"og:image:type\" content=\"image\/jpeg\" \/>\n<meta name=\"twitter:card\" content=\"summary_large_image\" \/>\n<meta name=\"twitter:label1\" content=\"Tiempo de lectura\" \/>\n\t<meta name=\"twitter:data1\" content=\"2 minutos\" \/>\n<script type=\"application\/ld+json\" class=\"yoast-schema-graph\">{\"@context\":\"https:\\\/\\\/schema.org\",\"@graph\":[{\"@type\":\"WebPage\",\"@id\":\"https:\\\/\\\/www.rememberme-forever.com\\\/es\\\/producto\\\/urna-artistica-para-dos\\\/\",\"url\":\"https:\\\/\\\/www.rememberme-forever.com\\\/es\\\/producto\\\/urna-artistica-para-dos\\\/\",\"name\":\"Urna art\u00edstica para dos\",\"isPartOf\":{\"@id\":\"https:\\\/\\\/www.rememberme-forever.com\\\/es\\\/#website\"},\"primaryImageOfPage\":{\"@id\":\"https:\\\/\\\/www.rememberme-forever.com\\\/es\\\/producto\\\/urna-artistica-para-dos\\\/#primaryimage\"},\"image\":{\"@id\":\"https:\\\/\\\/www.rememberme-forever.com\\\/es\\\/producto\\\/urna-artistica-para-dos\\\/#primaryimage\"},\"thumbnailUrl\":\"https:\\\/\\\/www.rememberme-forever.com\\\/wp-content\\\/uploads\\\/2025\\\/01\\\/art-companion-urn-ver3_0001.jpg\",\"datePublished\":\"2023-06-20T07:00:44+00:00\",\"dateModified\":\"2025-09-26T13:45:38+00:00\",\"description\":\"Presentamos la Urna Art\u00edstica de Acompa\u00f1amiento para Dos: una urna grande, bellamente pintada a mano, dise\u00f1ada para albergar las cenizas de dos personas.\",\"breadcrumb\":{\"@id\":\"https:\\\/\\\/www.rememberme-forever.com\\\/es\\\/producto\\\/urna-artistica-para-dos\\\/#breadcrumb\"},\"inLanguage\":\"es\",\"potentialAction\":[{\"@type\":\"ReadAction\",\"target\":[\"https:\\\/\\\/www.rememberme-forever.com\\\/es\\\/producto\\\/urna-artistica-para-dos\\\/\"]}]},{\"@type\":\"ImageObject\",\"inLanguage\":\"es\",\"@id\":\"https:\\\/\\\/www.rememberme-forever.com\\\/es\\\/producto\\\/urna-artistica-para-dos\\\/#primaryimage\",\"url\":\"https:\\\/\\\/www.rememberme-forever.com\\\/wp-content\\\/uploads\\\/2025\\\/01\\\/art-companion-urn-ver3_0001.jpg\",\"contentUrl\":\"https:\\\/\\\/www.rememberme-forever.com\\\/wp-content\\\/uploads\\\/2025\\\/01\\\/art-companion-urn-ver3_0001.jpg\",\"width\":1007,\"height\":1024,\"caption\":\"Artistic companion urn for two\"},{\"@type\":\"BreadcrumbList\",\"@id\":\"https:\\\/\\\/www.rememberme-forever.com\\\/es\\\/producto\\\/urna-artistica-para-dos\\\/#breadcrumb\",\"itemListElement\":[{\"@type\":\"ListItem\",\"position\":1,\"name\":\"Home\",\"item\":\"https:\\\/\\\/www.rememberme-forever.com\\\/es\\\/inicio\\\/\"},{\"@type\":\"ListItem\",\"position\":2,\"name\":\"Comercio\",\"item\":\"https:\\\/\\\/www.rememberme-forever.com\\\/es\\\/shop\\\/\"},{\"@type\":\"ListItem\",\"position\":3,\"name\":\"Urna art\u00edstica para dos\"}]},{\"@type\":\"WebSite\",\"@id\":\"https:\\\/\\\/www.rememberme-forever.com\\\/es\\\/#website\",\"url\":\"https:\\\/\\\/www.rememberme-forever.com\\\/es\\\/\",\"name\":\"Remember Forever\",\"description\":\"Cremation urns, funeral urns, urns for ashes\",\"publisher\":{\"@id\":\"https:\\\/\\\/www.rememberme-forever.com\\\/es\\\/#organization\"},\"potentialAction\":[{\"@type\":\"SearchAction\",\"target\":{\"@type\":\"EntryPoint\",\"urlTemplate\":\"https:\\\/\\\/www.rememberme-forever.com\\\/es\\\/?s={search_term_string}\"},\"query-input\":{\"@type\":\"PropertyValueSpecification\",\"valueRequired\":true,\"valueName\":\"search_term_string\"}}],\"inLanguage\":\"es\"},{\"@type\":\"Organization\",\"@id\":\"https:\\\/\\\/www.rememberme-forever.com\\\/es\\\/#organization\",\"name\":\"Remember Forever\",\"url\":\"https:\\\/\\\/www.rememberme-forever.com\\\/es\\\/\",\"logo\":{\"@type\":\"ImageObject\",\"inLanguage\":\"es\",\"@id\":\"https:\\\/\\\/www.rememberme-forever.com\\\/es\\\/#\\\/schema\\\/logo\\\/image\\\/\",\"url\":\"https:\\\/\\\/www.rememberme-forever.com\\\/wp-content\\\/uploads\\\/2023\\\/02\\\/logo.png\",\"contentUrl\":\"https:\\\/\\\/www.rememberme-forever.com\\\/wp-content\\\/uploads\\\/2023\\\/02\\\/logo.png\",\"width\":300,\"height\":56,\"caption\":\"Remember Forever\"},\"image\":{\"@id\":\"https:\\\/\\\/www.rememberme-forever.com\\\/es\\\/#\\\/schema\\\/logo\\\/image\\\/\"}}]}<\/script>\n<!-- \/ Yoast SEO plugin. -->","yoast_head_json":{"title":"Urna art\u00edstica para dos","description":"Presentamos la Urna Art\u00edstica de Acompa\u00f1amiento para Dos: una urna grande, bellamente pintada a mano, dise\u00f1ada para albergar las cenizas de dos personas.","robots":{"index":"index","follow":"follow","max-snippet":"max-snippet:-1","max-image-preview":"max-image-preview:large","max-video-preview":"max-video-preview:-1"},"canonical":"https:\/\/www.rememberme-forever.com\/es\/producto\/urna-artistica-para-dos\/","og_locale":"es_ES","og_type":"article","og_title":"Urna art\u00edstica para dos","og_description":"Presentamos la Urna Art\u00edstica de Acompa\u00f1amiento para Dos: una urna grande, bellamente pintada a mano, dise\u00f1ada para albergar las cenizas de dos personas.","og_url":"https:\/\/www.rememberme-forever.com\/es\/producto\/urna-artistica-para-dos\/","og_site_name":"Remember Forever","article_modified_time":"2025-09-26T13:45:38+00:00","og_image":[{"width":1007,"height":1024,"url":"http:\/\/www.rememberme-forever.com\/wp-content\/uploads\/2025\/01\/art-companion-urn-ver3_0001.jpg","type":"image\/jpeg"}],"twitter_card":"summary_large_image","twitter_misc":{"Tiempo de lectura":"2 minutos"},"schema":{"@context":"https:\/\/schema.org","@graph":[{"@type":"WebPage","@id":"https:\/\/www.rememberme-forever.com\/es\/producto\/urna-artistica-para-dos\/","url":"https:\/\/www.rememberme-forever.com\/es\/producto\/urna-artistica-para-dos\/","name":"Urna art\u00edstica para dos","isPartOf":{"@id":"https:\/\/www.rememberme-forever.com\/es\/#website"},"primaryImageOfPage":{"@id":"https:\/\/www.rememberme-forever.com\/es\/producto\/urna-artistica-para-dos\/#primaryimage"},"image":{"@id":"https:\/\/www.rememberme-forever.com\/es\/producto\/urna-artistica-para-dos\/#primaryimage"},"thumbnailUrl":"https:\/\/www.rememberme-forever.com\/wp-content\/uploads\/2025\/01\/art-companion-urn-ver3_0001.jpg","datePublished":"2023-06-20T07:00:44+00:00","dateModified":"2025-09-26T13:45:38+00:00","description":"Presentamos la Urna Art\u00edstica de Acompa\u00f1amiento para Dos: una urna grande, bellamente pintada a mano, dise\u00f1ada para albergar las cenizas de dos personas.","breadcrumb":{"@id":"https:\/\/www.rememberme-forever.com\/es\/producto\/urna-artistica-para-dos\/#breadcrumb"},"inLanguage":"es","potentialAction":[{"@type":"ReadAction","target":["https:\/\/www.rememberme-forever.com\/es\/producto\/urna-artistica-para-dos\/"]}]},{"@type":"ImageObject","inLanguage":"es","@id":"https:\/\/www.rememberme-forever.com\/es\/producto\/urna-artistica-para-dos\/#primaryimage","url":"https:\/\/www.rememberme-forever.com\/wp-content\/uploads\/2025\/01\/art-companion-urn-ver3_0001.jpg","contentUrl":"https:\/\/www.rememberme-forever.com\/wp-content\/uploads\/2025\/01\/art-companion-urn-ver3_0001.jpg","width":1007,"height":1024,"caption":"Artistic companion urn for two"},{"@type":"BreadcrumbList","@id":"https:\/\/www.rememberme-forever.com\/es\/producto\/urna-artistica-para-dos\/#breadcrumb","itemListElement":[{"@type":"ListItem","position":1,"name":"Home","item":"https:\/\/www.rememberme-forever.com\/es\/inicio\/"},{"@type":"ListItem","position":2,"name":"Comercio","item":"https:\/\/www.rememberme-forever.com\/es\/shop\/"},{"@type":"ListItem","position":3,"name":"Urna art\u00edstica para dos"}]},{"@type":"WebSite","@id":"https:\/\/www.rememberme-forever.com\/es\/#website","url":"https:\/\/www.rememberme-forever.com\/es\/","name":"Remember Forever","description":"Cremation urns, funeral urns, urns for ashes","publisher":{"@id":"https:\/\/www.rememberme-forever.com\/es\/#organization"},"potentialAction":[{"@type":"SearchAction","target":{"@type":"EntryPoint","urlTemplate":"https:\/\/www.rememberme-forever.com\/es\/?s={search_term_string}"},"query-input":{"@type":"PropertyValueSpecification","valueRequired":true,"valueName":"search_term_string"}}],"inLanguage":"es"},{"@type":"Organization","@id":"https:\/\/www.rememberme-forever.com\/es\/#organization","name":"Remember Forever","url":"https:\/\/www.rememberme-forever.com\/es\/","logo":{"@type":"ImageObject","inLanguage":"es","@id":"https:\/\/www.rememberme-forever.com\/es\/#\/schema\/logo\/image\/","url":"https:\/\/www.rememberme-forever.com\/wp-content\/uploads\/2023\/02\/logo.png","contentUrl":"https:\/\/www.rememberme-forever.com\/wp-content\/uploads\/2023\/02\/logo.png","width":300,"height":56,"caption":"Remember Forever"},"image":{"@id":"https:\/\/www.rememberme-forever.com\/es\/#\/schema\/logo\/image\/"}}]}},"acf":[],"_links":{"self":[{"href":"https:\/\/www.rememberme-forever.com\/es\/wp-json\/wp\/v2\/product\/19433","targetHints":{"allow":["GET"]}}],"collection":[{"href":"https:\/\/www.rememberme-forever.com\/es\/wp-json\/wp\/v2\/product"}],"about":[{"href":"https:\/\/www.rememberme-forever.com\/es\/wp-json\/wp\/v2\/types\/product"}],"wp:featuredmedia":[{"embeddable":true,"href":"https:\/\/www.rememberme-forever.com\/es\/wp-json\/wp\/v2\/media\/19444"}],"wp:attachment":[{"href":"https:\/\/www.rememberme-forever.com\/es\/wp-json\/wp\/v2\/media?parent=19433"}],"wp:term":[{"taxonomy":"product_brand","embeddable":true,"href":"https:\/\/www.rememberme-forever.com\/es\/wp-json\/wp\/v2\/product_brand?post=19433"},{"taxonomy":"product_cat","embeddable":true,"href":"https:\/\/www.rememberme-forever.com\/es\/wp-json\/wp\/v2\/product_cat?post=19433"},{"taxonomy":"product_tag","embeddable":true,"href":"https:\/\/www.rememberme-forever.com\/es\/wp-json\/wp\/v2\/product_tag?post=19433"}],"curies":[{"name":"wp","href":"https:\/\/api.w.org\/{rel}","templated":true}]}}