{"id":19657,"date":"2025-04-15T11:28:17","date_gmt":"2025-04-15T09:28:17","guid":{"rendered":"https:\/\/www.rememberme-forever.com\/product\/urna-de-futbol-para-cenizas-con-un-jugador-de-futbol-urna-para-aficionados-y-jugadores-de-futbol\/"},"modified":"2025-09-29T15:04:24","modified_gmt":"2025-09-29T13:04:24","slug":"urna-de-futbol-para-cenizas-con-un-jugador-de-futbol-urna-para-aficionados-y-jugadores-de-futbol","status":"publish","type":"product","link":"https:\/\/www.rememberme-forever.com\/es\/producto\/urna-de-futbol-para-cenizas-con-un-jugador-de-futbol-urna-para-aficionados-y-jugadores-de-futbol\/","title":{"rendered":"Urna de f\u00fatbol para cenizas con un jugador de f\u00fatbol. Urna para aficionados y jugadores de f\u00fatbol."},"content":{"rendered":"<p class=\"\" align=\"center\" data-start=\"70\" data-end=\"421\">Si a tu ser querido le encantaba el f\u00fatbol: jugaba, animaba o simplemente viv\u00eda el deporte, esta urna ser\u00e1 una hermosa manera de conmemorar su pasi\u00f3n. Es <strong data-start=\"228\" data-end=\"266\">una urna de madera con forma de caja, <\/strong>disponible en elegantes colores <strong data-start=\"290\" data-end=\"320\">blanco o negro,<\/strong> con <strong data-start=\"324\" data-end=\"359\">bordes ligeramente redondeados<\/strong> que le dan un toque moderno y c\u00e1lido.<\/p>\n<p class=\"\" align=\"center\" data-start=\"423\" data-end=\"742\">La parte frontal<strong data-start=\"447\" data-end=\"480\"> presenta una silueta grabada del futbolista,<\/strong> din\u00e1mica y emotiva, como su vida. <strong data-start=\"542\" data-end=\"605\">Justo encima del grabado, hay una placa<\/strong> personalizada donde se puede incluir el nombre, las fechas y una breve despedida o frase. Esto convierte a la urna en un s\u00edmbolo verdaderamente personal de recuerdo.<\/p>\n<p class=\"\" align=\"center\" data-start=\"744\" data-end=\"869\">Las cenizas se depositan desde abajo, <strong data-start=\"776\" data-end=\"822\">a trav\u00e9s de un fondo extra\u00edble<\/strong> y s\u00f3lidamente atornillado que garantiza un almacenamiento seguro.<\/p>\n<p class=\"\" align=\"center\" data-start=\"871\" data-end=\"1044\">Esto es m\u00e1s que una urna. Es un <strong data-start=\"894\" data-end=\"913\">homenaje tem\u00e1tico a la pasi\u00f3n,<\/strong> la energ\u00eda y el esp\u00edritu deportivo. Creada para quienes amaron el f\u00fatbol con todo su coraz\u00f3n, y as\u00ed ser\u00e1n recordados.<\/p>\n<div style=\"width: 100%; margin-bottom: 40px; height: max-content; padding-bottom: 60%; position: relative;\"><iframe style=\"position: absolute; top: 0; left: 0; width: 100%; height: 100%;\" src=\"https:\/\/rememberme-urns.com\/urn-for-a-soccer-player\/\" frameborder=\"0\"><\/iframe><\/div>\n<div style=\"color: red; text-align: center; margin-bottom: 25px;\">\n<p>&gt;&gt; Foto giratoria &#8211; pulsar\/acercar &lt;&lt;<\/p>\n<\/div>\n<div align=\"center\"><\/div>\n<p style=\"text-align: center;\"><strong>\u25ba PERSONALIZACI\u00d3N \u25c4<\/strong><\/p>\n<p style=\"text-align: center;\">\u2714\ufe0f Si elige una placa personalizada, introduzca el texto en el lugar correspondiente o env\u00edenos un mensaje.<\/p>\n<p style=\"text-align: center;\">\u2714\ufe0f La placa conmemorativa personalizada debe personalizarse durante el proceso de pedido. (No se preocupe si lo olvida, siempre puede enviarnos un mensaje m\u00e1s tarde).<\/p>\n<p style=\"text-align: center;\"><b>Las limitaciones de texto son las siguientes:<\/b><\/p>\n<p style=\"text-align: center;\"><span style=\"color: var(--text-color); font-size: 14px;\">Nombre(s) (m\u00e1ximo 35 caracteres)<\/span><\/p>\n<p style=\"text-align: center;\"><span style=\"color: var(--text-color); font-size: 14px;\">Fecha de nacimiento y fallecimiento (m\u00e1ximo 35 caracteres)<\/span><\/p>\n<p style=\"text-align: center;\"><span style=\"color: var(--text-color); font-size: 14px;\">Tercera l\u00ednea (m\u00e1ximo 35 caracteres)<\/span><\/p>\n<div style=\"text-align: center;\"><\/div>\n<p style=\"text-align: center;\">\u2714\ufe0f Por favor, <strong>revise el texto del grabado<\/strong> antes de a\u00f1adir el producto a su carrito. Copiamos y grabamos exactamente la informaci\u00f3n que recibimos con el pedido y no realizamos ning\u00fan cambio por nuestra parte.<\/p>\n<p style=\"text-align: center;\">\u2714\ufe0f Revise el texto para asegurarse de que la ortograf\u00eda sea correcta.<\/p>\n<p style=\"text-align: center;\">\u2714\ufe0f<strong> NO <\/strong>introduzca la informaci\u00f3n del grabado si compra la opci\u00f3n \u00abUrna sin placa\u00bb.<\/p>\n","protected":false},"excerpt":{"rendered":"<p>Si a tu ser querido le encantaba el f\u00fatbol: jugaba, animaba o simplemente viv\u00eda el deporte, esta urna ser\u00e1 una hermosa manera de conmemorar su&#8230;<\/p>\n","protected":false},"featured_media":19658,"template":"","meta":{"_acf_changed":false},"product_brand":[],"product_cat":[2465,2455],"product_tag":[3309],"class_list":{"0":"post-19657","1":"product","2":"type-product","3":"status-publish","4":"has-post-thumbnail","6":"product_cat-urnas-deportivas","7":"product_cat-urnas-tematicas","8":"product_tag-gpsr-all-wood-urns","9":"product_shipping_class-2-4kg-es","11":"first","12":"instock","13":"taxable","14":"shipping-taxable","15":"purchasable","16":"product-type-variable"},"yoast_head":"<!-- This site is optimized with the Yoast SEO plugin v27.4 - https:\/\/yoast.com\/product\/yoast-seo-wordpress\/ -->\n<title>Urna de f\u00fatbol para cenizas con un jugador de f\u00fatbol. Urna para aficionados y jugadores de f\u00fatbol.<\/title>\n<meta name=\"robots\" content=\"index, follow, max-snippet:-1, max-image-preview:large, max-video-preview:-1\" \/>\n<link rel=\"canonical\" href=\"https:\/\/www.rememberme-forever.com\/es\/producto\/urna-de-futbol-para-cenizas-con-un-jugador-de-futbol-urna-para-aficionados-y-jugadores-de-futbol\/\" \/>\n<meta property=\"og:locale\" content=\"es_ES\" \/>\n<meta property=\"og:type\" content=\"article\" \/>\n<meta property=\"og:title\" content=\"Urna de f\u00fatbol para cenizas con un jugador de f\u00fatbol. Urna para aficionados y jugadores de f\u00fatbol.\" \/>\n<meta property=\"og:description\" content=\"Si a tu ser querido le encantaba el f\u00fatbol: jugaba, animaba o simplemente viv\u00eda el deporte, esta urna ser\u00e1 una hermosa manera de conmemorar su...\" \/>\n<meta property=\"og:url\" content=\"https:\/\/www.rememberme-forever.com\/es\/producto\/urna-de-futbol-para-cenizas-con-un-jugador-de-futbol-urna-para-aficionados-y-jugadores-de-futbol\/\" \/>\n<meta property=\"og:site_name\" content=\"Remember Forever\" \/>\n<meta property=\"article:modified_time\" content=\"2025-09-29T13:04:24+00:00\" \/>\n<meta property=\"og:image\" content=\"http:\/\/www.rememberme-forever.com\/wp-content\/uploads\/2025\/04\/soccer-black-urn_0001.jpg\" \/>\n\t<meta property=\"og:image:width\" content=\"1007\" \/>\n\t<meta property=\"og:image:height\" content=\"1024\" \/>\n\t<meta property=\"og:image:type\" content=\"image\/jpeg\" \/>\n<meta name=\"twitter:card\" content=\"summary_large_image\" \/>\n<meta name=\"twitter:label1\" content=\"Tiempo de lectura\" \/>\n\t<meta name=\"twitter:data1\" content=\"2 minutos\" \/>\n<script type=\"application\/ld+json\" class=\"yoast-schema-graph\">{\"@context\":\"https:\\\/\\\/schema.org\",\"@graph\":[{\"@type\":\"WebPage\",\"@id\":\"https:\\\/\\\/www.rememberme-forever.com\\\/es\\\/producto\\\/urna-de-futbol-para-cenizas-con-un-jugador-de-futbol-urna-para-aficionados-y-jugadores-de-futbol\\\/\",\"url\":\"https:\\\/\\\/www.rememberme-forever.com\\\/es\\\/producto\\\/urna-de-futbol-para-cenizas-con-un-jugador-de-futbol-urna-para-aficionados-y-jugadores-de-futbol\\\/\",\"name\":\"Urna de f\u00fatbol para cenizas con un jugador de f\u00fatbol. Urna para aficionados y jugadores de f\u00fatbol.\",\"isPartOf\":{\"@id\":\"https:\\\/\\\/www.rememberme-forever.com\\\/es\\\/#website\"},\"primaryImageOfPage\":{\"@id\":\"https:\\\/\\\/www.rememberme-forever.com\\\/es\\\/producto\\\/urna-de-futbol-para-cenizas-con-un-jugador-de-futbol-urna-para-aficionados-y-jugadores-de-futbol\\\/#primaryimage\"},\"image\":{\"@id\":\"https:\\\/\\\/www.rememberme-forever.com\\\/es\\\/producto\\\/urna-de-futbol-para-cenizas-con-un-jugador-de-futbol-urna-para-aficionados-y-jugadores-de-futbol\\\/#primaryimage\"},\"thumbnailUrl\":\"https:\\\/\\\/www.rememberme-forever.com\\\/wp-content\\\/uploads\\\/2025\\\/04\\\/soccer-black-urn_0001.jpg\",\"datePublished\":\"2025-04-15T09:28:17+00:00\",\"dateModified\":\"2025-09-29T13:04:24+00:00\",\"breadcrumb\":{\"@id\":\"https:\\\/\\\/www.rememberme-forever.com\\\/es\\\/producto\\\/urna-de-futbol-para-cenizas-con-un-jugador-de-futbol-urna-para-aficionados-y-jugadores-de-futbol\\\/#breadcrumb\"},\"inLanguage\":\"es\",\"potentialAction\":[{\"@type\":\"ReadAction\",\"target\":[\"https:\\\/\\\/www.rememberme-forever.com\\\/es\\\/producto\\\/urna-de-futbol-para-cenizas-con-un-jugador-de-futbol-urna-para-aficionados-y-jugadores-de-futbol\\\/\"]}]},{\"@type\":\"ImageObject\",\"inLanguage\":\"es\",\"@id\":\"https:\\\/\\\/www.rememberme-forever.com\\\/es\\\/producto\\\/urna-de-futbol-para-cenizas-con-un-jugador-de-futbol-urna-para-aficionados-y-jugadores-de-futbol\\\/#primaryimage\",\"url\":\"https:\\\/\\\/www.rememberme-forever.com\\\/wp-content\\\/uploads\\\/2025\\\/04\\\/soccer-black-urn_0001.jpg\",\"contentUrl\":\"https:\\\/\\\/www.rememberme-forever.com\\\/wp-content\\\/uploads\\\/2025\\\/04\\\/soccer-black-urn_0001.jpg\",\"width\":1007,\"height\":1024,\"caption\":\"soccer urn, football urn\"},{\"@type\":\"BreadcrumbList\",\"@id\":\"https:\\\/\\\/www.rememberme-forever.com\\\/es\\\/producto\\\/urna-de-futbol-para-cenizas-con-un-jugador-de-futbol-urna-para-aficionados-y-jugadores-de-futbol\\\/#breadcrumb\",\"itemListElement\":[{\"@type\":\"ListItem\",\"position\":1,\"name\":\"Home\",\"item\":\"https:\\\/\\\/www.rememberme-forever.com\\\/es\\\/inicio\\\/\"},{\"@type\":\"ListItem\",\"position\":2,\"name\":\"Comercio\",\"item\":\"https:\\\/\\\/www.rememberme-forever.com\\\/es\\\/shop\\\/\"},{\"@type\":\"ListItem\",\"position\":3,\"name\":\"Urna de f\u00fatbol para cenizas con un jugador de f\u00fatbol. Urna para aficionados y jugadores de f\u00fatbol.\"}]},{\"@type\":\"WebSite\",\"@id\":\"https:\\\/\\\/www.rememberme-forever.com\\\/es\\\/#website\",\"url\":\"https:\\\/\\\/www.rememberme-forever.com\\\/es\\\/\",\"name\":\"Remember Forever\",\"description\":\"Cremation urns, funeral urns, urns for ashes\",\"publisher\":{\"@id\":\"https:\\\/\\\/www.rememberme-forever.com\\\/es\\\/#organization\"},\"potentialAction\":[{\"@type\":\"SearchAction\",\"target\":{\"@type\":\"EntryPoint\",\"urlTemplate\":\"https:\\\/\\\/www.rememberme-forever.com\\\/es\\\/?s={search_term_string}\"},\"query-input\":{\"@type\":\"PropertyValueSpecification\",\"valueRequired\":true,\"valueName\":\"search_term_string\"}}],\"inLanguage\":\"es\"},{\"@type\":\"Organization\",\"@id\":\"https:\\\/\\\/www.rememberme-forever.com\\\/es\\\/#organization\",\"name\":\"Remember Forever\",\"url\":\"https:\\\/\\\/www.rememberme-forever.com\\\/es\\\/\",\"logo\":{\"@type\":\"ImageObject\",\"inLanguage\":\"es\",\"@id\":\"https:\\\/\\\/www.rememberme-forever.com\\\/es\\\/#\\\/schema\\\/logo\\\/image\\\/\",\"url\":\"https:\\\/\\\/www.rememberme-forever.com\\\/wp-content\\\/uploads\\\/2023\\\/02\\\/logo.png\",\"contentUrl\":\"https:\\\/\\\/www.rememberme-forever.com\\\/wp-content\\\/uploads\\\/2023\\\/02\\\/logo.png\",\"width\":300,\"height\":56,\"caption\":\"Remember Forever\"},\"image\":{\"@id\":\"https:\\\/\\\/www.rememberme-forever.com\\\/es\\\/#\\\/schema\\\/logo\\\/image\\\/\"}}]}<\/script>\n<!-- \/ Yoast SEO plugin. -->","yoast_head_json":{"title":"Urna de f\u00fatbol para cenizas con un jugador de f\u00fatbol. Urna para aficionados y jugadores de f\u00fatbol.","robots":{"index":"index","follow":"follow","max-snippet":"max-snippet:-1","max-image-preview":"max-image-preview:large","max-video-preview":"max-video-preview:-1"},"canonical":"https:\/\/www.rememberme-forever.com\/es\/producto\/urna-de-futbol-para-cenizas-con-un-jugador-de-futbol-urna-para-aficionados-y-jugadores-de-futbol\/","og_locale":"es_ES","og_type":"article","og_title":"Urna de f\u00fatbol para cenizas con un jugador de f\u00fatbol. Urna para aficionados y jugadores de f\u00fatbol.","og_description":"Si a tu ser querido le encantaba el f\u00fatbol: jugaba, animaba o simplemente viv\u00eda el deporte, esta urna ser\u00e1 una hermosa manera de conmemorar su...","og_url":"https:\/\/www.rememberme-forever.com\/es\/producto\/urna-de-futbol-para-cenizas-con-un-jugador-de-futbol-urna-para-aficionados-y-jugadores-de-futbol\/","og_site_name":"Remember Forever","article_modified_time":"2025-09-29T13:04:24+00:00","og_image":[{"width":1007,"height":1024,"url":"http:\/\/www.rememberme-forever.com\/wp-content\/uploads\/2025\/04\/soccer-black-urn_0001.jpg","type":"image\/jpeg"}],"twitter_card":"summary_large_image","twitter_misc":{"Tiempo de lectura":"2 minutos"},"schema":{"@context":"https:\/\/schema.org","@graph":[{"@type":"WebPage","@id":"https:\/\/www.rememberme-forever.com\/es\/producto\/urna-de-futbol-para-cenizas-con-un-jugador-de-futbol-urna-para-aficionados-y-jugadores-de-futbol\/","url":"https:\/\/www.rememberme-forever.com\/es\/producto\/urna-de-futbol-para-cenizas-con-un-jugador-de-futbol-urna-para-aficionados-y-jugadores-de-futbol\/","name":"Urna de f\u00fatbol para cenizas con un jugador de f\u00fatbol. Urna para aficionados y jugadores de f\u00fatbol.","isPartOf":{"@id":"https:\/\/www.rememberme-forever.com\/es\/#website"},"primaryImageOfPage":{"@id":"https:\/\/www.rememberme-forever.com\/es\/producto\/urna-de-futbol-para-cenizas-con-un-jugador-de-futbol-urna-para-aficionados-y-jugadores-de-futbol\/#primaryimage"},"image":{"@id":"https:\/\/www.rememberme-forever.com\/es\/producto\/urna-de-futbol-para-cenizas-con-un-jugador-de-futbol-urna-para-aficionados-y-jugadores-de-futbol\/#primaryimage"},"thumbnailUrl":"https:\/\/www.rememberme-forever.com\/wp-content\/uploads\/2025\/04\/soccer-black-urn_0001.jpg","datePublished":"2025-04-15T09:28:17+00:00","dateModified":"2025-09-29T13:04:24+00:00","breadcrumb":{"@id":"https:\/\/www.rememberme-forever.com\/es\/producto\/urna-de-futbol-para-cenizas-con-un-jugador-de-futbol-urna-para-aficionados-y-jugadores-de-futbol\/#breadcrumb"},"inLanguage":"es","potentialAction":[{"@type":"ReadAction","target":["https:\/\/www.rememberme-forever.com\/es\/producto\/urna-de-futbol-para-cenizas-con-un-jugador-de-futbol-urna-para-aficionados-y-jugadores-de-futbol\/"]}]},{"@type":"ImageObject","inLanguage":"es","@id":"https:\/\/www.rememberme-forever.com\/es\/producto\/urna-de-futbol-para-cenizas-con-un-jugador-de-futbol-urna-para-aficionados-y-jugadores-de-futbol\/#primaryimage","url":"https:\/\/www.rememberme-forever.com\/wp-content\/uploads\/2025\/04\/soccer-black-urn_0001.jpg","contentUrl":"https:\/\/www.rememberme-forever.com\/wp-content\/uploads\/2025\/04\/soccer-black-urn_0001.jpg","width":1007,"height":1024,"caption":"soccer urn, football urn"},{"@type":"BreadcrumbList","@id":"https:\/\/www.rememberme-forever.com\/es\/producto\/urna-de-futbol-para-cenizas-con-un-jugador-de-futbol-urna-para-aficionados-y-jugadores-de-futbol\/#breadcrumb","itemListElement":[{"@type":"ListItem","position":1,"name":"Home","item":"https:\/\/www.rememberme-forever.com\/es\/inicio\/"},{"@type":"ListItem","position":2,"name":"Comercio","item":"https:\/\/www.rememberme-forever.com\/es\/shop\/"},{"@type":"ListItem","position":3,"name":"Urna de f\u00fatbol para cenizas con un jugador de f\u00fatbol. Urna para aficionados y jugadores de f\u00fatbol."}]},{"@type":"WebSite","@id":"https:\/\/www.rememberme-forever.com\/es\/#website","url":"https:\/\/www.rememberme-forever.com\/es\/","name":"Remember Forever","description":"Cremation urns, funeral urns, urns for ashes","publisher":{"@id":"https:\/\/www.rememberme-forever.com\/es\/#organization"},"potentialAction":[{"@type":"SearchAction","target":{"@type":"EntryPoint","urlTemplate":"https:\/\/www.rememberme-forever.com\/es\/?s={search_term_string}"},"query-input":{"@type":"PropertyValueSpecification","valueRequired":true,"valueName":"search_term_string"}}],"inLanguage":"es"},{"@type":"Organization","@id":"https:\/\/www.rememberme-forever.com\/es\/#organization","name":"Remember Forever","url":"https:\/\/www.rememberme-forever.com\/es\/","logo":{"@type":"ImageObject","inLanguage":"es","@id":"https:\/\/www.rememberme-forever.com\/es\/#\/schema\/logo\/image\/","url":"https:\/\/www.rememberme-forever.com\/wp-content\/uploads\/2023\/02\/logo.png","contentUrl":"https:\/\/www.rememberme-forever.com\/wp-content\/uploads\/2023\/02\/logo.png","width":300,"height":56,"caption":"Remember Forever"},"image":{"@id":"https:\/\/www.rememberme-forever.com\/es\/#\/schema\/logo\/image\/"}}]}},"acf":[],"_links":{"self":[{"href":"https:\/\/www.rememberme-forever.com\/es\/wp-json\/wp\/v2\/product\/19657","targetHints":{"allow":["GET"]}}],"collection":[{"href":"https:\/\/www.rememberme-forever.com\/es\/wp-json\/wp\/v2\/product"}],"about":[{"href":"https:\/\/www.rememberme-forever.com\/es\/wp-json\/wp\/v2\/types\/product"}],"wp:featuredmedia":[{"embeddable":true,"href":"https:\/\/www.rememberme-forever.com\/es\/wp-json\/wp\/v2\/media\/19658"}],"wp:attachment":[{"href":"https:\/\/www.rememberme-forever.com\/es\/wp-json\/wp\/v2\/media?parent=19657"}],"wp:term":[{"taxonomy":"product_brand","embeddable":true,"href":"https:\/\/www.rememberme-forever.com\/es\/wp-json\/wp\/v2\/product_brand?post=19657"},{"taxonomy":"product_cat","embeddable":true,"href":"https:\/\/www.rememberme-forever.com\/es\/wp-json\/wp\/v2\/product_cat?post=19657"},{"taxonomy":"product_tag","embeddable":true,"href":"https:\/\/www.rememberme-forever.com\/es\/wp-json\/wp\/v2\/product_tag?post=19657"}],"curies":[{"name":"wp","href":"https:\/\/api.w.org\/{rel}","templated":true}]}}