{"id":19766,"date":"2023-04-06T10:29:59","date_gmt":"2023-04-06T08:29:59","guid":{"rendered":"https:\/\/www.rememberme-forever.com\/product\/urna-funeraria-de-granito-negro-para-cenizas-de-adultos\/"},"modified":"2025-10-01T08:53:02","modified_gmt":"2025-10-01T06:53:02","slug":"urna-funeraria-de-granito-negro-para-cenizas-de-adultos","status":"publish","type":"product","link":"https:\/\/www.rememberme-forever.com\/es\/producto\/urna-funeraria-de-granito-negro-para-cenizas-de-adultos\/","title":{"rendered":"Urna funeraria de granito negro para cenizas de adultos"},"content":{"rendered":"<div style=\"width: 100%; margin-bottom: 40px; height: max-content; padding-bottom: 60%; position: relative;\"><iframe style=\"position: absolute; top: 0; left: 0; width: 100%; height: 100%;\" src=\"https:\/\/rememberme-urns.com\/black-composite-urn\/\" frameborder=\"0\"><\/iframe><\/div>\n<div style=\"color: red; text-align: center; margin-bottom: 25px;\">\n<p>&gt;&gt; Foto giratoria &#8211; pulsar\/acercar &lt;&lt;<\/p>\n<\/div>\n<h2 style=\"text-align: center;\">Urna funeraria de granito negro para cenizas de adultos<\/h2>\n<p style=\"text-align: center;\">Presentamos nuestra exquisita urna f<strong>uneraria de granito negro,<\/strong> el recipiente perfecto para honrar y atesorar la memoria de su ser querido. Con su elegante y pulido exterior, esta urna irradia una sensaci\u00f3n de elegancia y sofisticaci\u00f3n que sin duda complementar\u00e1 cualquier servicio conmemorativo o funeral.<\/p>\n<p style=\"text-align: center;\">Fabricada con granito de la m\u00e1s alta calidad, esta urna es resistente y duradera, garantizando que las cenizas de su ser querido permanezcan seguras durante a\u00f1os. La urna est\u00e1 dise\u00f1ada para albergar las cenizas de un adulto, ofreciendo amplio espacio para acomodar los restos de su ser querido.<\/p>\n<p style=\"text-align: center;\">Adem\u00e1s de su impresionante acabado en granito negro, esta urna est\u00e1 adornada con hermosas rosas, que a\u00f1aden un toque de belleza natural y simbolismo al lugar de descanso final de su ser querido. Tambi\u00e9n se incluye una placa conmemorativa que le permite personalizar la urna con el nombre de su ser querido, fechas o un mensaje conmovedor.<\/p>\n<p style=\"text-align: center;\">Si desea un toque extra de simbolismo religioso, puede a\u00f1adir una cruz dorada opcional a la urna. La cruz sirve como un conmovedor recordatorio de la fe de su ser querido y el consuelo que puede brindarle en estos momentos dif\u00edciles.<\/p>\n<p style=\"text-align: center;\">Esta urna de cremaci\u00f3n de granito negro con rosas y placa conmemorativa es un homenaje atemporal y \u00fanico a la vida de su ser querido, ofreciendo una forma hermosa y duradera de honrar su memoria.<\/p>\n<h3><\/h3>\n<p style=\"text-align: center;\"><em><strong>Se puede a\u00f1adir una cruz dorada opcional a cada urna para que la pueda armar usted mismo.<\/strong><\/em><\/p>\n<p>&nbsp;<\/p>\n<h3 style=\"text-align: center;\"><strong>PERSONALIZACI\u00d3N<\/strong><\/h3>\n<p style=\"text-align: center;\">La placa conmemorativa personalizada debe personalizarse al realizar el pedido. (No se preocupe si no la incluye, siempre puede enviarnos un mensaje despu\u00e9s).<\/p>\n<p style=\"text-align: center;\">Revise atentamente el texto del grabado antes de a\u00f1adir el art\u00edculo al carrito. Copiamos y grabamos la informaci\u00f3n exacta que recibimos con el pedido y no realizamos ning\u00fan cambio.<\/p>\n<p style=\"text-align: center;\"><strong>Revise el texto para asegurarse de que la ortograf\u00eda sea correcta.<\/strong><\/p>\n<p><img loading=\"lazy\" decoding=\"async\" class=\" wp-image-1447 aligncenter\" src=\"http:\/\/www.rememberme-forever.com\/wp-content\/uploads\/2023\/04\/memorial-plaque-cremation-urn-gold-300x150.jpg\" alt=\"Placa conmemorativa urna de cremaci\u00f3n dorada\" width=\"218\" height=\"109\" srcset=\"https:\/\/www.rememberme-forever.com\/wp-content\/uploads\/2023\/04\/memorial-plaque-cremation-urn-gold-300x150.jpg 300w, https:\/\/www.rememberme-forever.com\/wp-content\/uploads\/2023\/04\/memorial-plaque-cremation-urn-gold-64x32.jpg 64w, https:\/\/www.rememberme-forever.com\/wp-content\/uploads\/2023\/04\/memorial-plaque-cremation-urn-gold.jpg 448w\" sizes=\"auto, (max-width: 218px) 100vw, 218px\" \/><\/p>\n","protected":false},"excerpt":{"rendered":"<p>Urna negra de granito de forma cl\u00e1sica. Hermosa urna de cremaci\u00f3n para cenizas de adultos para el entierro.<\/p>\n<p><strong>Adecuada para contener las cenizas de una persona de hasta aprox. 138 kg o 305 lb <\/strong><\/p>\n","protected":false},"featured_media":19767,"template":"","meta":{"_acf_changed":false},"product_brand":[1991],"product_cat":[2447],"product_tag":[3319],"class_list":{"0":"post-19766","1":"product","2":"type-product","3":"status-publish","4":"has-post-thumbnail","6":"product_brand-remember-forever","7":"product_cat-urnas-compuestas","8":"product_tag-gpsr-composite-urns","9":"product_shipping_class-5-10kg-es","11":"first","12":"instock","13":"taxable","14":"shipping-taxable","15":"purchasable","16":"product-type-simple"},"yoast_head":"<!-- This site is optimized with the Yoast SEO plugin v27.4 - https:\/\/yoast.com\/product\/yoast-seo-wordpress\/ -->\n<title>Urna funeraria de granito negro para cenizas de adultos<\/title>\n<meta name=\"description\" content=\"Presentamos nuestra exquisita urna de cremaci\u00f3n de granito negro, el recipiente perfecto para honrar y atesorar la memoria de su ser querido.\" \/>\n<meta name=\"robots\" content=\"index, follow, max-snippet:-1, max-image-preview:large, max-video-preview:-1\" \/>\n<link rel=\"canonical\" href=\"https:\/\/www.rememberme-forever.com\/es\/producto\/urna-funeraria-de-granito-negro-para-cenizas-de-adultos\/\" \/>\n<meta property=\"og:locale\" content=\"es_ES\" \/>\n<meta property=\"og:type\" content=\"article\" \/>\n<meta property=\"og:title\" content=\"Urna funeraria de granito negro para cenizas de adultos\" \/>\n<meta property=\"og:description\" content=\"Presentamos nuestra exquisita urna de cremaci\u00f3n de granito negro, el recipiente perfecto para honrar y atesorar la memoria de su ser querido.\" \/>\n<meta property=\"og:url\" content=\"https:\/\/www.rememberme-forever.com\/es\/producto\/urna-funeraria-de-granito-negro-para-cenizas-de-adultos\/\" \/>\n<meta property=\"og:site_name\" content=\"Remember Forever\" \/>\n<meta property=\"article:modified_time\" content=\"2025-10-01T06:53:02+00:00\" \/>\n<meta property=\"og:image\" content=\"http:\/\/www.rememberme-forever.com\/wp-content\/uploads\/2023\/04\/engraved-black-cremation-urn.jpg\" \/>\n\t<meta property=\"og:image:width\" content=\"768\" \/>\n\t<meta property=\"og:image:height\" content=\"781\" \/>\n\t<meta property=\"og:image:type\" content=\"image\/jpeg\" \/>\n<meta name=\"twitter:card\" content=\"summary_large_image\" \/>\n<meta name=\"twitter:label1\" content=\"Tiempo de lectura\" \/>\n\t<meta name=\"twitter:data1\" content=\"2 minutos\" \/>\n<script type=\"application\/ld+json\" class=\"yoast-schema-graph\">{\"@context\":\"https:\\\/\\\/schema.org\",\"@graph\":[{\"@type\":\"WebPage\",\"@id\":\"https:\\\/\\\/www.rememberme-forever.com\\\/es\\\/producto\\\/urna-funeraria-de-granito-negro-para-cenizas-de-adultos\\\/\",\"url\":\"https:\\\/\\\/www.rememberme-forever.com\\\/es\\\/producto\\\/urna-funeraria-de-granito-negro-para-cenizas-de-adultos\\\/\",\"name\":\"Urna funeraria de granito negro para cenizas de adultos\",\"isPartOf\":{\"@id\":\"https:\\\/\\\/www.rememberme-forever.com\\\/es\\\/#website\"},\"primaryImageOfPage\":{\"@id\":\"https:\\\/\\\/www.rememberme-forever.com\\\/es\\\/producto\\\/urna-funeraria-de-granito-negro-para-cenizas-de-adultos\\\/#primaryimage\"},\"image\":{\"@id\":\"https:\\\/\\\/www.rememberme-forever.com\\\/es\\\/producto\\\/urna-funeraria-de-granito-negro-para-cenizas-de-adultos\\\/#primaryimage\"},\"thumbnailUrl\":\"https:\\\/\\\/www.rememberme-forever.com\\\/wp-content\\\/uploads\\\/2023\\\/04\\\/engraved-black-cremation-urn.jpg\",\"datePublished\":\"2023-04-06T08:29:59+00:00\",\"dateModified\":\"2025-10-01T06:53:02+00:00\",\"description\":\"Presentamos nuestra exquisita urna de cremaci\u00f3n de granito negro, el recipiente perfecto para honrar y atesorar la memoria de su ser querido.\",\"breadcrumb\":{\"@id\":\"https:\\\/\\\/www.rememberme-forever.com\\\/es\\\/producto\\\/urna-funeraria-de-granito-negro-para-cenizas-de-adultos\\\/#breadcrumb\"},\"inLanguage\":\"es\",\"potentialAction\":[{\"@type\":\"ReadAction\",\"target\":[\"https:\\\/\\\/www.rememberme-forever.com\\\/es\\\/producto\\\/urna-funeraria-de-granito-negro-para-cenizas-de-adultos\\\/\"]}]},{\"@type\":\"ImageObject\",\"inLanguage\":\"es\",\"@id\":\"https:\\\/\\\/www.rememberme-forever.com\\\/es\\\/producto\\\/urna-funeraria-de-granito-negro-para-cenizas-de-adultos\\\/#primaryimage\",\"url\":\"https:\\\/\\\/www.rememberme-forever.com\\\/wp-content\\\/uploads\\\/2023\\\/04\\\/engraved-black-cremation-urn.jpg\",\"contentUrl\":\"https:\\\/\\\/www.rememberme-forever.com\\\/wp-content\\\/uploads\\\/2023\\\/04\\\/engraved-black-cremation-urn.jpg\",\"width\":768,\"height\":781,\"caption\":\"Black granite cremation urn for adult ashes for burial, engraved black cremation urn\"},{\"@type\":\"BreadcrumbList\",\"@id\":\"https:\\\/\\\/www.rememberme-forever.com\\\/es\\\/producto\\\/urna-funeraria-de-granito-negro-para-cenizas-de-adultos\\\/#breadcrumb\",\"itemListElement\":[{\"@type\":\"ListItem\",\"position\":1,\"name\":\"Home\",\"item\":\"https:\\\/\\\/www.rememberme-forever.com\\\/es\\\/inicio\\\/\"},{\"@type\":\"ListItem\",\"position\":2,\"name\":\"Comercio\",\"item\":\"https:\\\/\\\/www.rememberme-forever.com\\\/es\\\/shop\\\/\"},{\"@type\":\"ListItem\",\"position\":3,\"name\":\"Urna funeraria de granito negro para cenizas de adultos\"}]},{\"@type\":\"WebSite\",\"@id\":\"https:\\\/\\\/www.rememberme-forever.com\\\/es\\\/#website\",\"url\":\"https:\\\/\\\/www.rememberme-forever.com\\\/es\\\/\",\"name\":\"Remember Forever\",\"description\":\"Cremation urns, funeral urns, urns for ashes\",\"publisher\":{\"@id\":\"https:\\\/\\\/www.rememberme-forever.com\\\/es\\\/#organization\"},\"potentialAction\":[{\"@type\":\"SearchAction\",\"target\":{\"@type\":\"EntryPoint\",\"urlTemplate\":\"https:\\\/\\\/www.rememberme-forever.com\\\/es\\\/?s={search_term_string}\"},\"query-input\":{\"@type\":\"PropertyValueSpecification\",\"valueRequired\":true,\"valueName\":\"search_term_string\"}}],\"inLanguage\":\"es\"},{\"@type\":\"Organization\",\"@id\":\"https:\\\/\\\/www.rememberme-forever.com\\\/es\\\/#organization\",\"name\":\"Remember Forever\",\"url\":\"https:\\\/\\\/www.rememberme-forever.com\\\/es\\\/\",\"logo\":{\"@type\":\"ImageObject\",\"inLanguage\":\"es\",\"@id\":\"https:\\\/\\\/www.rememberme-forever.com\\\/es\\\/#\\\/schema\\\/logo\\\/image\\\/\",\"url\":\"https:\\\/\\\/www.rememberme-forever.com\\\/wp-content\\\/uploads\\\/2023\\\/02\\\/logo.png\",\"contentUrl\":\"https:\\\/\\\/www.rememberme-forever.com\\\/wp-content\\\/uploads\\\/2023\\\/02\\\/logo.png\",\"width\":300,\"height\":56,\"caption\":\"Remember Forever\"},\"image\":{\"@id\":\"https:\\\/\\\/www.rememberme-forever.com\\\/es\\\/#\\\/schema\\\/logo\\\/image\\\/\"}}]}<\/script>\n<!-- \/ Yoast SEO plugin. -->","yoast_head_json":{"title":"Urna funeraria de granito negro para cenizas de adultos","description":"Presentamos nuestra exquisita urna de cremaci\u00f3n de granito negro, el recipiente perfecto para honrar y atesorar la memoria de su ser querido.","robots":{"index":"index","follow":"follow","max-snippet":"max-snippet:-1","max-image-preview":"max-image-preview:large","max-video-preview":"max-video-preview:-1"},"canonical":"https:\/\/www.rememberme-forever.com\/es\/producto\/urna-funeraria-de-granito-negro-para-cenizas-de-adultos\/","og_locale":"es_ES","og_type":"article","og_title":"Urna funeraria de granito negro para cenizas de adultos","og_description":"Presentamos nuestra exquisita urna de cremaci\u00f3n de granito negro, el recipiente perfecto para honrar y atesorar la memoria de su ser querido.","og_url":"https:\/\/www.rememberme-forever.com\/es\/producto\/urna-funeraria-de-granito-negro-para-cenizas-de-adultos\/","og_site_name":"Remember Forever","article_modified_time":"2025-10-01T06:53:02+00:00","og_image":[{"width":768,"height":781,"url":"http:\/\/www.rememberme-forever.com\/wp-content\/uploads\/2023\/04\/engraved-black-cremation-urn.jpg","type":"image\/jpeg"}],"twitter_card":"summary_large_image","twitter_misc":{"Tiempo de lectura":"2 minutos"},"schema":{"@context":"https:\/\/schema.org","@graph":[{"@type":"WebPage","@id":"https:\/\/www.rememberme-forever.com\/es\/producto\/urna-funeraria-de-granito-negro-para-cenizas-de-adultos\/","url":"https:\/\/www.rememberme-forever.com\/es\/producto\/urna-funeraria-de-granito-negro-para-cenizas-de-adultos\/","name":"Urna funeraria de granito negro para cenizas de adultos","isPartOf":{"@id":"https:\/\/www.rememberme-forever.com\/es\/#website"},"primaryImageOfPage":{"@id":"https:\/\/www.rememberme-forever.com\/es\/producto\/urna-funeraria-de-granito-negro-para-cenizas-de-adultos\/#primaryimage"},"image":{"@id":"https:\/\/www.rememberme-forever.com\/es\/producto\/urna-funeraria-de-granito-negro-para-cenizas-de-adultos\/#primaryimage"},"thumbnailUrl":"https:\/\/www.rememberme-forever.com\/wp-content\/uploads\/2023\/04\/engraved-black-cremation-urn.jpg","datePublished":"2023-04-06T08:29:59+00:00","dateModified":"2025-10-01T06:53:02+00:00","description":"Presentamos nuestra exquisita urna de cremaci\u00f3n de granito negro, el recipiente perfecto para honrar y atesorar la memoria de su ser querido.","breadcrumb":{"@id":"https:\/\/www.rememberme-forever.com\/es\/producto\/urna-funeraria-de-granito-negro-para-cenizas-de-adultos\/#breadcrumb"},"inLanguage":"es","potentialAction":[{"@type":"ReadAction","target":["https:\/\/www.rememberme-forever.com\/es\/producto\/urna-funeraria-de-granito-negro-para-cenizas-de-adultos\/"]}]},{"@type":"ImageObject","inLanguage":"es","@id":"https:\/\/www.rememberme-forever.com\/es\/producto\/urna-funeraria-de-granito-negro-para-cenizas-de-adultos\/#primaryimage","url":"https:\/\/www.rememberme-forever.com\/wp-content\/uploads\/2023\/04\/engraved-black-cremation-urn.jpg","contentUrl":"https:\/\/www.rememberme-forever.com\/wp-content\/uploads\/2023\/04\/engraved-black-cremation-urn.jpg","width":768,"height":781,"caption":"Black granite cremation urn for adult ashes for burial, engraved black cremation urn"},{"@type":"BreadcrumbList","@id":"https:\/\/www.rememberme-forever.com\/es\/producto\/urna-funeraria-de-granito-negro-para-cenizas-de-adultos\/#breadcrumb","itemListElement":[{"@type":"ListItem","position":1,"name":"Home","item":"https:\/\/www.rememberme-forever.com\/es\/inicio\/"},{"@type":"ListItem","position":2,"name":"Comercio","item":"https:\/\/www.rememberme-forever.com\/es\/shop\/"},{"@type":"ListItem","position":3,"name":"Urna funeraria de granito negro para cenizas de adultos"}]},{"@type":"WebSite","@id":"https:\/\/www.rememberme-forever.com\/es\/#website","url":"https:\/\/www.rememberme-forever.com\/es\/","name":"Remember Forever","description":"Cremation urns, funeral urns, urns for ashes","publisher":{"@id":"https:\/\/www.rememberme-forever.com\/es\/#organization"},"potentialAction":[{"@type":"SearchAction","target":{"@type":"EntryPoint","urlTemplate":"https:\/\/www.rememberme-forever.com\/es\/?s={search_term_string}"},"query-input":{"@type":"PropertyValueSpecification","valueRequired":true,"valueName":"search_term_string"}}],"inLanguage":"es"},{"@type":"Organization","@id":"https:\/\/www.rememberme-forever.com\/es\/#organization","name":"Remember Forever","url":"https:\/\/www.rememberme-forever.com\/es\/","logo":{"@type":"ImageObject","inLanguage":"es","@id":"https:\/\/www.rememberme-forever.com\/es\/#\/schema\/logo\/image\/","url":"https:\/\/www.rememberme-forever.com\/wp-content\/uploads\/2023\/02\/logo.png","contentUrl":"https:\/\/www.rememberme-forever.com\/wp-content\/uploads\/2023\/02\/logo.png","width":300,"height":56,"caption":"Remember Forever"},"image":{"@id":"https:\/\/www.rememberme-forever.com\/es\/#\/schema\/logo\/image\/"}}]}},"acf":[],"_links":{"self":[{"href":"https:\/\/www.rememberme-forever.com\/es\/wp-json\/wp\/v2\/product\/19766","targetHints":{"allow":["GET"]}}],"collection":[{"href":"https:\/\/www.rememberme-forever.com\/es\/wp-json\/wp\/v2\/product"}],"about":[{"href":"https:\/\/www.rememberme-forever.com\/es\/wp-json\/wp\/v2\/types\/product"}],"wp:featuredmedia":[{"embeddable":true,"href":"https:\/\/www.rememberme-forever.com\/es\/wp-json\/wp\/v2\/media\/19767"}],"wp:attachment":[{"href":"https:\/\/www.rememberme-forever.com\/es\/wp-json\/wp\/v2\/media?parent=19766"}],"wp:term":[{"taxonomy":"product_brand","embeddable":true,"href":"https:\/\/www.rememberme-forever.com\/es\/wp-json\/wp\/v2\/product_brand?post=19766"},{"taxonomy":"product_cat","embeddable":true,"href":"https:\/\/www.rememberme-forever.com\/es\/wp-json\/wp\/v2\/product_cat?post=19766"},{"taxonomy":"product_tag","embeddable":true,"href":"https:\/\/www.rememberme-forever.com\/es\/wp-json\/wp\/v2\/product_tag?post=19766"}],"curies":[{"name":"wp","href":"https:\/\/api.w.org\/{rel}","templated":true}]}}