{"id":19882,"date":"2025-02-07T09:11:44","date_gmt":"2025-02-07T08:11:44","guid":{"rendered":"https:\/\/www.rememberme-forever.com\/product\/urna-de-madera-con-clave-de-sol-urna-para-musico-con-notas-urna-con-partitura\/"},"modified":"2025-10-02T10:26:51","modified_gmt":"2025-10-02T08:26:51","slug":"urna-de-madera-con-clave-de-sol-urna-para-musico-con-notas-urna-con-partitura","status":"publish","type":"product","link":"https:\/\/www.rememberme-forever.com\/es\/producto\/urna-de-madera-con-clave-de-sol-urna-para-musico-con-notas-urna-con-partitura\/","title":{"rendered":"Urna de madera con clave de sol. Urna para m\u00fasico con notas. Urna con partitura."},"content":{"rendered":"<p style=\"text-align: center;\">Urna de madera con clave de sol: Urna funeraria para m\u00fasicos con notas grabadas e inscripci\u00f3n personalizada. Celebre la vida y el legado de un amante de la m\u00fasica con esta urna de madera con clave de sol, un homenaje bellamente elaborado a quienes apasionaron la melod\u00eda y la armon\u00eda. Fabricada en madera maciza de alta calidad, esta urna en forma de caja con bordes suavemente redondeados combina elegancia con un simbolismo profundo. El frente est\u00e1 adornado con una clave de sol y una partitura finamente grabadas, que representan una vida llena de ritmo, pasi\u00f3n y creatividad. Una inscripci\u00f3n personalizable permite personalizar la urna con un nombre, fechas o un mensaje especial, convirti\u00e9ndola en un recuerdo \u00fanico y significativo.<\/p>\n<div style=\"width: 100%; margin-bottom: 40px; height: max-content; padding-bottom: 60%; position: relative;\"><iframe style=\"position: absolute; top: 0; left: 0; width: 100%; height: 100%;\" src=\"https:\/\/rememberme-urns.com\/music-urn-tith-treble-clef\/\" frameborder=\"0\"><\/iframe><\/div>\n<div style=\"color: red; text-align: center; margin-bottom: 25px;\">\n<p>&gt;&gt; Foto giratoria &#8211; pulsar\/acercar &lt;&lt;<\/p>\n<\/div>\n<h3 style=\"text-align: center;\"><strong>Caracter\u00edsticas principales:<\/strong><\/h3>\n<ul>\n<li style=\"text-align: center;\">Clave de sol y notas musicales grabadas: Un homenaje atemporal a un m\u00fasico, cantante, compositor o entusiasta de la m\u00fasica.<\/li>\n<li style=\"text-align: center;\">Construcci\u00f3n en madera maciza de primera calidad: Duradera y elegantemente elaborada, garantiza un recuerdo duradero.<\/li>\n<li style=\"text-align: center;\">Placa conmemorativa personalizada: Grabado personalizado disponible para nombres, fechas o una emotiva inscripci\u00f3n.<\/li>\n<li style=\"text-align: center;\">Forma de caja moderna con bordes redondeados: Un dise\u00f1o elegante y sofisticado que se integra a la perfecci\u00f3n en cualquier espacio.<\/li>\n<li style=\"text-align: center;\">Capacidad para un adulto: Espacio suficiente para guardar las cenizas de un adulto.<\/li>\n<li style=\"text-align: center;\">Cierre seguro con apertura inferior: Garantiza un almacenamiento seguro y respetuoso de las cenizas.<\/li>\n<\/ul>\n<p style=\"text-align: center;\">La m\u00fasica perdura para siempre, como los recuerdos de un ser querido. La clave de sol grabada y la partitura simbolizan una melod\u00eda eterna, una canci\u00f3n que nunca se desvanece. Ya sea exhibida en casa, colocada en un espacio conmemorativo o utilizada para un entierro, esta urna sirve como un homenaje perdurable a una vida llena de m\u00fasica e inspiraci\u00f3n.<\/p>\n<p style=\"text-align: center;\"><strong>Una hermosa despedida para un alma cuya melod\u00eda nunca ser\u00e1 olvidada.<\/strong><\/p>\n<p>&nbsp;<\/p>\n<p style=\"text-align: center;\"><strong>\u25ba PERSONALIZACI\u00d3N \u25c4<\/strong><\/p>\n<p style=\"text-align: center;\">\u2714\ufe0f Si elige una placa personalizada, introduzca el texto en el lugar correspondiente o env\u00edenos un mensaje.<\/p>\n<p style=\"text-align: center;\">\u2714\ufe0f La placa conmemorativa personalizada debe personalizarse durante el proceso de pedido. (No se preocupe si lo olvida, siempre puede enviarnos un mensaje m\u00e1s tarde).<\/p>\n<p style=\"text-align: center;\"><strong>Las limitaciones de texto son las siguientes:<\/strong><\/p>\n<ul>\n<li style=\"text-align: center;\">Nombre(s) (m\u00e1ximo 35 caracteres)<\/li>\n<li style=\"text-align: center;\">Fecha de nacimiento y fallecimiento (m\u00e1ximo 35 caracteres)<\/li>\n<li style=\"text-align: center;\">Tercera l\u00ednea (m\u00e1ximo 35 caracteres)<\/li>\n<\/ul>\n<p style=\"text-align: center;\">\u2714\ufe0f Por favor, <strong>revise el texto del grabado<\/strong> antes de a\u00f1adir el producto a su carrito. Copiamos y grabamos exactamente la informaci\u00f3n que recibimos con el pedido y no realizamos ning\u00fan cambio por nuestra parte.<\/p>\n<p style=\"text-align: center;\">\u2714\ufe0f Revise el texto para asegurarse de que la ortograf\u00eda sea correcta.<\/p>\n<p style=\"text-align: center;\">\u2714\ufe0f<strong> NO <\/strong>introduzca la informaci\u00f3n del grabado si compra la opci\u00f3n \u00abUrna sin placa\u00bb.<\/p>\n","protected":false},"excerpt":{"rendered":"<p>Urna de madera con clave de sol: Urna funeraria para m\u00fasicos con notas grabadas e inscripci\u00f3n personalizada. Celebre la vida y el legado de un&#8230;<\/p>\n","protected":false},"featured_media":19883,"template":"","meta":{"_acf_changed":false},"product_brand":[],"product_cat":[2461,2455],"product_tag":[3309],"class_list":{"0":"post-19882","1":"product","2":"type-product","3":"status-publish","4":"has-post-thumbnail","6":"product_cat-urnas-de-musica","7":"product_cat-urnas-tematicas","8":"product_tag-gpsr-all-wood-urns","9":"product_shipping_class-2-4kg-es","11":"first","12":"instock","13":"taxable","14":"shipping-taxable","15":"purchasable","16":"product-type-variable"},"yoast_head":"<!-- This site is optimized with the Yoast SEO plugin v27.4 - https:\/\/yoast.com\/product\/yoast-seo-wordpress\/ -->\n<title>Urna de madera con clave de sol. Urna para m\u00fasico con notas. Urna con partitura.<\/title>\n<meta name=\"robots\" content=\"index, follow, max-snippet:-1, max-image-preview:large, max-video-preview:-1\" \/>\n<link rel=\"canonical\" href=\"https:\/\/www.rememberme-forever.com\/es\/producto\/urna-de-madera-con-clave-de-sol-urna-para-musico-con-notas-urna-con-partitura\/\" \/>\n<meta property=\"og:locale\" content=\"es_ES\" \/>\n<meta property=\"og:type\" content=\"article\" \/>\n<meta property=\"og:title\" content=\"Urna de madera con clave de sol. Urna para m\u00fasico con notas. Urna con partitura.\" \/>\n<meta property=\"og:description\" content=\"Urna de madera con clave de sol: Urna funeraria para m\u00fasicos con notas grabadas e inscripci\u00f3n personalizada. Celebre la vida y el legado de un...\" \/>\n<meta property=\"og:url\" content=\"https:\/\/www.rememberme-forever.com\/es\/producto\/urna-de-madera-con-clave-de-sol-urna-para-musico-con-notas-urna-con-partitura\/\" \/>\n<meta property=\"og:site_name\" content=\"Remember Forever\" \/>\n<meta property=\"article:modified_time\" content=\"2025-10-02T08:26:51+00:00\" \/>\n<meta property=\"og:image\" content=\"http:\/\/www.rememberme-forever.com\/wp-content\/uploads\/2025\/02\/black-urn-treble-clef_0001.jpg\" \/>\n\t<meta property=\"og:image:width\" content=\"1007\" \/>\n\t<meta property=\"og:image:height\" content=\"1024\" \/>\n\t<meta property=\"og:image:type\" content=\"image\/jpeg\" \/>\n<meta name=\"twitter:card\" content=\"summary_large_image\" \/>\n<meta name=\"twitter:label1\" content=\"Tiempo de lectura\" \/>\n\t<meta name=\"twitter:data1\" content=\"3 minutos\" \/>\n<script type=\"application\/ld+json\" class=\"yoast-schema-graph\">{\"@context\":\"https:\\\/\\\/schema.org\",\"@graph\":[{\"@type\":\"WebPage\",\"@id\":\"https:\\\/\\\/www.rememberme-forever.com\\\/es\\\/producto\\\/urna-de-madera-con-clave-de-sol-urna-para-musico-con-notas-urna-con-partitura\\\/\",\"url\":\"https:\\\/\\\/www.rememberme-forever.com\\\/es\\\/producto\\\/urna-de-madera-con-clave-de-sol-urna-para-musico-con-notas-urna-con-partitura\\\/\",\"name\":\"Urna de madera con clave de sol. Urna para m\u00fasico con notas. Urna con partitura.\",\"isPartOf\":{\"@id\":\"https:\\\/\\\/www.rememberme-forever.com\\\/es\\\/#website\"},\"primaryImageOfPage\":{\"@id\":\"https:\\\/\\\/www.rememberme-forever.com\\\/es\\\/producto\\\/urna-de-madera-con-clave-de-sol-urna-para-musico-con-notas-urna-con-partitura\\\/#primaryimage\"},\"image\":{\"@id\":\"https:\\\/\\\/www.rememberme-forever.com\\\/es\\\/producto\\\/urna-de-madera-con-clave-de-sol-urna-para-musico-con-notas-urna-con-partitura\\\/#primaryimage\"},\"thumbnailUrl\":\"https:\\\/\\\/www.rememberme-forever.com\\\/wp-content\\\/uploads\\\/2025\\\/02\\\/black-urn-treble-clef_0001.jpg\",\"datePublished\":\"2025-02-07T08:11:44+00:00\",\"dateModified\":\"2025-10-02T08:26:51+00:00\",\"breadcrumb\":{\"@id\":\"https:\\\/\\\/www.rememberme-forever.com\\\/es\\\/producto\\\/urna-de-madera-con-clave-de-sol-urna-para-musico-con-notas-urna-con-partitura\\\/#breadcrumb\"},\"inLanguage\":\"es\",\"potentialAction\":[{\"@type\":\"ReadAction\",\"target\":[\"https:\\\/\\\/www.rememberme-forever.com\\\/es\\\/producto\\\/urna-de-madera-con-clave-de-sol-urna-para-musico-con-notas-urna-con-partitura\\\/\"]}]},{\"@type\":\"ImageObject\",\"inLanguage\":\"es\",\"@id\":\"https:\\\/\\\/www.rememberme-forever.com\\\/es\\\/producto\\\/urna-de-madera-con-clave-de-sol-urna-para-musico-con-notas-urna-con-partitura\\\/#primaryimage\",\"url\":\"https:\\\/\\\/www.rememberme-forever.com\\\/wp-content\\\/uploads\\\/2025\\\/02\\\/black-urn-treble-clef_0001.jpg\",\"contentUrl\":\"https:\\\/\\\/www.rememberme-forever.com\\\/wp-content\\\/uploads\\\/2025\\\/02\\\/black-urn-treble-clef_0001.jpg\",\"width\":1007,\"height\":1024,\"caption\":\"urn with treble clef\"},{\"@type\":\"BreadcrumbList\",\"@id\":\"https:\\\/\\\/www.rememberme-forever.com\\\/es\\\/producto\\\/urna-de-madera-con-clave-de-sol-urna-para-musico-con-notas-urna-con-partitura\\\/#breadcrumb\",\"itemListElement\":[{\"@type\":\"ListItem\",\"position\":1,\"name\":\"Home\",\"item\":\"https:\\\/\\\/www.rememberme-forever.com\\\/es\\\/inicio\\\/\"},{\"@type\":\"ListItem\",\"position\":2,\"name\":\"Comercio\",\"item\":\"https:\\\/\\\/www.rememberme-forever.com\\\/es\\\/shop\\\/\"},{\"@type\":\"ListItem\",\"position\":3,\"name\":\"Urna de madera con clave de sol. Urna para m\u00fasico con notas. Urna con partitura.\"}]},{\"@type\":\"WebSite\",\"@id\":\"https:\\\/\\\/www.rememberme-forever.com\\\/es\\\/#website\",\"url\":\"https:\\\/\\\/www.rememberme-forever.com\\\/es\\\/\",\"name\":\"Remember Forever\",\"description\":\"Cremation urns, funeral urns, urns for ashes\",\"publisher\":{\"@id\":\"https:\\\/\\\/www.rememberme-forever.com\\\/es\\\/#organization\"},\"potentialAction\":[{\"@type\":\"SearchAction\",\"target\":{\"@type\":\"EntryPoint\",\"urlTemplate\":\"https:\\\/\\\/www.rememberme-forever.com\\\/es\\\/?s={search_term_string}\"},\"query-input\":{\"@type\":\"PropertyValueSpecification\",\"valueRequired\":true,\"valueName\":\"search_term_string\"}}],\"inLanguage\":\"es\"},{\"@type\":\"Organization\",\"@id\":\"https:\\\/\\\/www.rememberme-forever.com\\\/es\\\/#organization\",\"name\":\"Remember Forever\",\"url\":\"https:\\\/\\\/www.rememberme-forever.com\\\/es\\\/\",\"logo\":{\"@type\":\"ImageObject\",\"inLanguage\":\"es\",\"@id\":\"https:\\\/\\\/www.rememberme-forever.com\\\/es\\\/#\\\/schema\\\/logo\\\/image\\\/\",\"url\":\"https:\\\/\\\/www.rememberme-forever.com\\\/wp-content\\\/uploads\\\/2023\\\/02\\\/logo.png\",\"contentUrl\":\"https:\\\/\\\/www.rememberme-forever.com\\\/wp-content\\\/uploads\\\/2023\\\/02\\\/logo.png\",\"width\":300,\"height\":56,\"caption\":\"Remember Forever\"},\"image\":{\"@id\":\"https:\\\/\\\/www.rememberme-forever.com\\\/es\\\/#\\\/schema\\\/logo\\\/image\\\/\"}}]}<\/script>\n<!-- \/ Yoast SEO plugin. -->","yoast_head_json":{"title":"Urna de madera con clave de sol. Urna para m\u00fasico con notas. Urna con partitura.","robots":{"index":"index","follow":"follow","max-snippet":"max-snippet:-1","max-image-preview":"max-image-preview:large","max-video-preview":"max-video-preview:-1"},"canonical":"https:\/\/www.rememberme-forever.com\/es\/producto\/urna-de-madera-con-clave-de-sol-urna-para-musico-con-notas-urna-con-partitura\/","og_locale":"es_ES","og_type":"article","og_title":"Urna de madera con clave de sol. Urna para m\u00fasico con notas. Urna con partitura.","og_description":"Urna de madera con clave de sol: Urna funeraria para m\u00fasicos con notas grabadas e inscripci\u00f3n personalizada. Celebre la vida y el legado de un...","og_url":"https:\/\/www.rememberme-forever.com\/es\/producto\/urna-de-madera-con-clave-de-sol-urna-para-musico-con-notas-urna-con-partitura\/","og_site_name":"Remember Forever","article_modified_time":"2025-10-02T08:26:51+00:00","og_image":[{"width":1007,"height":1024,"url":"http:\/\/www.rememberme-forever.com\/wp-content\/uploads\/2025\/02\/black-urn-treble-clef_0001.jpg","type":"image\/jpeg"}],"twitter_card":"summary_large_image","twitter_misc":{"Tiempo de lectura":"3 minutos"},"schema":{"@context":"https:\/\/schema.org","@graph":[{"@type":"WebPage","@id":"https:\/\/www.rememberme-forever.com\/es\/producto\/urna-de-madera-con-clave-de-sol-urna-para-musico-con-notas-urna-con-partitura\/","url":"https:\/\/www.rememberme-forever.com\/es\/producto\/urna-de-madera-con-clave-de-sol-urna-para-musico-con-notas-urna-con-partitura\/","name":"Urna de madera con clave de sol. Urna para m\u00fasico con notas. Urna con partitura.","isPartOf":{"@id":"https:\/\/www.rememberme-forever.com\/es\/#website"},"primaryImageOfPage":{"@id":"https:\/\/www.rememberme-forever.com\/es\/producto\/urna-de-madera-con-clave-de-sol-urna-para-musico-con-notas-urna-con-partitura\/#primaryimage"},"image":{"@id":"https:\/\/www.rememberme-forever.com\/es\/producto\/urna-de-madera-con-clave-de-sol-urna-para-musico-con-notas-urna-con-partitura\/#primaryimage"},"thumbnailUrl":"https:\/\/www.rememberme-forever.com\/wp-content\/uploads\/2025\/02\/black-urn-treble-clef_0001.jpg","datePublished":"2025-02-07T08:11:44+00:00","dateModified":"2025-10-02T08:26:51+00:00","breadcrumb":{"@id":"https:\/\/www.rememberme-forever.com\/es\/producto\/urna-de-madera-con-clave-de-sol-urna-para-musico-con-notas-urna-con-partitura\/#breadcrumb"},"inLanguage":"es","potentialAction":[{"@type":"ReadAction","target":["https:\/\/www.rememberme-forever.com\/es\/producto\/urna-de-madera-con-clave-de-sol-urna-para-musico-con-notas-urna-con-partitura\/"]}]},{"@type":"ImageObject","inLanguage":"es","@id":"https:\/\/www.rememberme-forever.com\/es\/producto\/urna-de-madera-con-clave-de-sol-urna-para-musico-con-notas-urna-con-partitura\/#primaryimage","url":"https:\/\/www.rememberme-forever.com\/wp-content\/uploads\/2025\/02\/black-urn-treble-clef_0001.jpg","contentUrl":"https:\/\/www.rememberme-forever.com\/wp-content\/uploads\/2025\/02\/black-urn-treble-clef_0001.jpg","width":1007,"height":1024,"caption":"urn with treble clef"},{"@type":"BreadcrumbList","@id":"https:\/\/www.rememberme-forever.com\/es\/producto\/urna-de-madera-con-clave-de-sol-urna-para-musico-con-notas-urna-con-partitura\/#breadcrumb","itemListElement":[{"@type":"ListItem","position":1,"name":"Home","item":"https:\/\/www.rememberme-forever.com\/es\/inicio\/"},{"@type":"ListItem","position":2,"name":"Comercio","item":"https:\/\/www.rememberme-forever.com\/es\/shop\/"},{"@type":"ListItem","position":3,"name":"Urna de madera con clave de sol. Urna para m\u00fasico con notas. Urna con partitura."}]},{"@type":"WebSite","@id":"https:\/\/www.rememberme-forever.com\/es\/#website","url":"https:\/\/www.rememberme-forever.com\/es\/","name":"Remember Forever","description":"Cremation urns, funeral urns, urns for ashes","publisher":{"@id":"https:\/\/www.rememberme-forever.com\/es\/#organization"},"potentialAction":[{"@type":"SearchAction","target":{"@type":"EntryPoint","urlTemplate":"https:\/\/www.rememberme-forever.com\/es\/?s={search_term_string}"},"query-input":{"@type":"PropertyValueSpecification","valueRequired":true,"valueName":"search_term_string"}}],"inLanguage":"es"},{"@type":"Organization","@id":"https:\/\/www.rememberme-forever.com\/es\/#organization","name":"Remember Forever","url":"https:\/\/www.rememberme-forever.com\/es\/","logo":{"@type":"ImageObject","inLanguage":"es","@id":"https:\/\/www.rememberme-forever.com\/es\/#\/schema\/logo\/image\/","url":"https:\/\/www.rememberme-forever.com\/wp-content\/uploads\/2023\/02\/logo.png","contentUrl":"https:\/\/www.rememberme-forever.com\/wp-content\/uploads\/2023\/02\/logo.png","width":300,"height":56,"caption":"Remember Forever"},"image":{"@id":"https:\/\/www.rememberme-forever.com\/es\/#\/schema\/logo\/image\/"}}]}},"acf":[],"_links":{"self":[{"href":"https:\/\/www.rememberme-forever.com\/es\/wp-json\/wp\/v2\/product\/19882","targetHints":{"allow":["GET"]}}],"collection":[{"href":"https:\/\/www.rememberme-forever.com\/es\/wp-json\/wp\/v2\/product"}],"about":[{"href":"https:\/\/www.rememberme-forever.com\/es\/wp-json\/wp\/v2\/types\/product"}],"wp:featuredmedia":[{"embeddable":true,"href":"https:\/\/www.rememberme-forever.com\/es\/wp-json\/wp\/v2\/media\/19883"}],"wp:attachment":[{"href":"https:\/\/www.rememberme-forever.com\/es\/wp-json\/wp\/v2\/media?parent=19882"}],"wp:term":[{"taxonomy":"product_brand","embeddable":true,"href":"https:\/\/www.rememberme-forever.com\/es\/wp-json\/wp\/v2\/product_brand?post=19882"},{"taxonomy":"product_cat","embeddable":true,"href":"https:\/\/www.rememberme-forever.com\/es\/wp-json\/wp\/v2\/product_cat?post=19882"},{"taxonomy":"product_tag","embeddable":true,"href":"https:\/\/www.rememberme-forever.com\/es\/wp-json\/wp\/v2\/product_tag?post=19882"}],"curies":[{"name":"wp","href":"https:\/\/api.w.org\/{rel}","templated":true}]}}