{"id":19907,"date":"2023-04-05T08:50:32","date_gmt":"2023-04-05T06:50:32","guid":{"rendered":"https:\/\/www.rememberme-forever.com\/product\/urna-rustica-diseno-natural-agrietado-urna-de-acero-inoxidable-pintada-con-decoupage\/"},"modified":"2025-10-27T09:41:49","modified_gmt":"2025-10-27T08:41:49","slug":"urna-rustica-diseno-natural-agrietado-urna-de-acero-inoxidable-pintada-con-decoupage","status":"publish","type":"product","link":"https:\/\/www.rememberme-forever.com\/es\/producto\/urna-rustica-diseno-natural-agrietado-urna-de-acero-inoxidable-pintada-con-decoupage\/","title":{"rendered":"Urna r\u00fastica &#8211; Dise\u00f1o natural agrietado, urna de acero inoxidable pintada con decoupage"},"content":{"rendered":"<div style=\"width: 100%; margin-bottom: 40px; height: max-content; padding-bottom: 60%; position: relative;\"><iframe style=\"position: absolute; top: 0; left: 0; width: 100%; height: 100%;\" src=\"https:\/\/rememberme-urns.com\/black-rustic-urn-crackle\/\" frameborder=\"0\"><\/iframe><\/div>\n<div style=\"color: red; text-align: center; margin-bottom: 25px;\">\n<p>&gt;&gt; Foto giratoria &#8211; pulsar\/acercar &lt;&lt;<\/p>\n<\/div>\n<h2 style=\"text-align: center;\">Urna r\u00fastica &#8211; Urna de acero inoxidable pintada con decoupage<\/h2>\n<p style=\"text-align: center;\">Presentamos nuestra urna r\u00fastica \u00fanica, una pieza impresionante que sin duda atraer\u00e1 la atenci\u00f3n de quienes aprecian la belleza natural y un dise\u00f1o \u00fanico. La urna est\u00e1 hecha de acero inoxidable de alta calidad, pintada por expertos para imitar una textura natural agrietada que realza su encanto r\u00fastico.<\/p>\n<p style=\"text-align: center;\">En la base reposa una hermosa esfera de color negro con grietas pintadas con decoupage. La esfera se mantiene firmemente en su lugar gracias a una robusta base de m\u00e1rmol, lo que proporciona una base estable para esta hermosa urna.<\/p>\n<p style=\"text-align: center;\">Esta urna r\u00fastica es el lugar perfecto para el descanso final de su ser querido, ofreciendo un hermoso y duradero homenaje a su memoria. Ya sea expuesta en su hogar o colocada en un lugar especial en un cementerio, esta urna ser\u00e1 un recordatorio constante del amor y los recuerdos compartidos con su ser querido.<\/p>\n<p style=\"text-align: center;\">El dise\u00f1o natural agrietado de esta urna garantiza que no haya dos piezas exactamente iguales, haciendo que cada una sea verdaderamente \u00fanica. Puede estar seguro de que recibir\u00e1 una urna \u00fanica e inigualable.<\/p>\n<p><iframe loading=\"lazy\" title=\"Artistic Urns For Ashes, Sphere - Shaped Unique Cremation Urns\" width=\"640\" height=\"360\" src=\"https:\/\/www.youtube.com\/embed\/QU30c5K8Nb8?start=38&#038;feature=oembed\" frameborder=\"0\" allow=\"accelerometer; autoplay; clipboard-write; encrypted-media; gyroscope; picture-in-picture; web-share\" referrerpolicy=\"strict-origin-when-cross-origin\" allowfullscreen><\/iframe><\/p>\n<p style=\"text-align: center;\">Como exquisita obra de arte, esta urna no solo es el lugar de descanso final para las cenizas de un ser querido, sino tambi\u00e9n una adici\u00f3n impactante y significativa a cualquier espacio. Esta urna r\u00fastica para cenizas es una pieza verdaderamente \u00fanica que ser\u00e1 atesorada por generaciones.<\/p>\n<p>&nbsp;<\/p>\n<p style=\"text-align: center;\">\u2611\ufe0f Las esquinas de la base de m\u00e1rmol pueden ser redondeadas o rectas, seg\u00fan nuestro stock. Si tiene alguna preferencia sobre las esquinas de la base, cont\u00e1ctenos antes de realizar la compra.<\/p>\n<p>&nbsp;<\/p>\n<p style=\"text-align: center;\"><em><strong>Este producto est\u00e1 pintado a mano; la apariencia puede variar ligeramente.<\/strong><\/em><\/p>\n<p>&nbsp;<\/p>\n<p style=\"text-align: center;\"><strong>Urna de apertura inferior:<\/strong><\/p>\n<p><img loading=\"lazy\" decoding=\"async\" class=\" wp-image-1000 aligncenter\" src=\"http:\/\/www.rememberme-forever.com\/wp-content\/uploads\/2023\/04\/steel-urn-opening-295x300.jpg\" alt=\"Abertura de urna de acero\" width=\"179\" height=\"182\" srcset=\"https:\/\/www.rememberme-forever.com\/wp-content\/uploads\/2023\/04\/steel-urn-opening-295x300.jpg 295w, https:\/\/www.rememberme-forever.com\/wp-content\/uploads\/2023\/04\/steel-urn-opening-768x781.jpg 768w, https:\/\/www.rememberme-forever.com\/wp-content\/uploads\/2023\/04\/steel-urn-opening-600x610.jpg 600w, https:\/\/www.rememberme-forever.com\/wp-content\/uploads\/2023\/04\/steel-urn-opening-64x65.jpg 64w, https:\/\/www.rememberme-forever.com\/wp-content\/uploads\/2023\/04\/steel-urn-opening.jpg 1007w\" sizes=\"auto, (max-width: 179px) 100vw, 179px\" \/><\/p>\n<p>&nbsp;<\/p>\n<h3 style=\"text-align: center;\"><strong>PERSONALIZACI\u00d3N<\/strong><\/h3>\n<p style=\"text-align: center;\">La placa conmemorativa personalizada debe personalizarse al realizar el pedido. (No se preocupe si no la incluye, siempre puede enviarnos un mensaje despu\u00e9s).<\/p>\n<p style=\"text-align: center;\">Revise atentamente el texto del grabado antes de a\u00f1adir el art\u00edculo al carrito. Copiamos y grabamos la informaci\u00f3n exacta que recibimos con el pedido y no realizamos ning\u00fan cambio.<\/p>\n<p style=\"text-align: center;\"><strong>Por favor, revise el texto para asegurarse de que la ortograf\u00eda sea correcta.<\/strong><\/p>\n<p>&nbsp;<\/p>\n<h3 style=\"text-align: center;\"><strong>\u00bfC\u00f3mo verter las cenizas en una urna?<\/strong><\/h3>\n<p><iframe loading=\"lazy\" title=\"How to Fill An Urn | How to Transfer Ashes in an Urn -  Always in my Heart Stainless Steel Urn\" width=\"640\" height=\"360\" src=\"https:\/\/www.youtube.com\/embed\/RJpJECh-Mns?start=22&#038;feature=oembed\" frameborder=\"0\" allow=\"accelerometer; autoplay; clipboard-write; encrypted-media; gyroscope; picture-in-picture; web-share\" referrerpolicy=\"strict-origin-when-cross-origin\" allowfullscreen><\/iframe><\/p>\n","protected":false},"excerpt":{"rendered":"<p>Urna de acero inoxidable para cenizas, art\u00edsticamente pintada a mano. Una de las urnas m\u00e1s hermosas.<\/p>\n<p><strong>Adecuada para contener las cenizas de una persona con un peso corporal de hasta aprox. 102 kg. <\/strong><\/p>\n<p>\u2705 Esta urna no es apta para exteriores. Descubra nuestras <a href=\"https:\/\/www.rememberme-forever.com\/product-category\/outdoor-urns\/\" target=\"_blank\" rel=\"noopener\"><br \/>\n<strong>urnas para exteriores. &gt;&gt;<\/strong><br \/>\n<\/a><\/p>\n","protected":false},"featured_media":19908,"template":"","meta":{"_acf_changed":false},"product_brand":[1991],"product_cat":[2442,2451],"product_tag":[3292],"class_list":{"0":"post-19907","1":"product","2":"type-product","3":"status-publish","4":"has-post-thumbnail","6":"product_brand-remember-forever","7":"product_cat-urnas-artisticas","8":"product_cat-urnas-de-metal","9":"product_tag-gpsr-metal_stonebase","10":"product_shipping_class-4-5-kg-es","12":"first","13":"instock","14":"taxable","15":"shipping-taxable","16":"purchasable","17":"product-type-variable"},"yoast_head":"<!-- This site is optimized with the Yoast SEO plugin v27.4 - https:\/\/yoast.com\/product\/yoast-seo-wordpress\/ -->\n<title>Urna r\u00fastica - Dise\u00f1o natural agrietado, urna de acero inoxidable pintada con decoupage<\/title>\n<meta name=\"description\" content=\"Presentamos nuestra urna r\u00fastica \u00fanica, una pieza impresionante que sin duda llamar\u00e1 la atenci\u00f3n de quienes aprecian la belleza natural y el dise\u00f1o \u00fanico.\" \/>\n<meta name=\"robots\" content=\"index, follow, max-snippet:-1, max-image-preview:large, max-video-preview:-1\" \/>\n<link rel=\"canonical\" href=\"https:\/\/www.rememberme-forever.com\/es\/producto\/urna-rustica-diseno-natural-agrietado-urna-de-acero-inoxidable-pintada-con-decoupage\/\" \/>\n<meta property=\"og:locale\" content=\"es_ES\" \/>\n<meta property=\"og:type\" content=\"article\" \/>\n<meta property=\"og:title\" content=\"Urna r\u00fastica - Dise\u00f1o natural agrietado, urna de acero inoxidable pintada con decoupage\" \/>\n<meta property=\"og:description\" content=\"Presentamos nuestra urna r\u00fastica \u00fanica, una pieza impresionante que sin duda llamar\u00e1 la atenci\u00f3n de quienes aprecian la belleza natural y el dise\u00f1o \u00fanico.\" \/>\n<meta property=\"og:url\" content=\"https:\/\/www.rememberme-forever.com\/es\/producto\/urna-rustica-diseno-natural-agrietado-urna-de-acero-inoxidable-pintada-con-decoupage\/\" \/>\n<meta property=\"og:site_name\" content=\"Remember Forever\" \/>\n<meta property=\"article:modified_time\" content=\"2025-10-27T08:41:49+00:00\" \/>\n<meta property=\"og:image\" content=\"http:\/\/www.rememberme-forever.com\/wp-content\/uploads\/2023\/04\/black-rustic-urn.jpg\" \/>\n\t<meta property=\"og:image:width\" content=\"768\" \/>\n\t<meta property=\"og:image:height\" content=\"768\" \/>\n\t<meta property=\"og:image:type\" content=\"image\/jpeg\" \/>\n<meta name=\"twitter:card\" content=\"summary_large_image\" \/>\n<meta name=\"twitter:label1\" content=\"Tiempo de lectura\" \/>\n\t<meta name=\"twitter:data1\" content=\"2 minutos\" \/>\n<script type=\"application\/ld+json\" class=\"yoast-schema-graph\">{\"@context\":\"https:\\\/\\\/schema.org\",\"@graph\":[{\"@type\":\"WebPage\",\"@id\":\"https:\\\/\\\/www.rememberme-forever.com\\\/es\\\/producto\\\/urna-rustica-diseno-natural-agrietado-urna-de-acero-inoxidable-pintada-con-decoupage\\\/\",\"url\":\"https:\\\/\\\/www.rememberme-forever.com\\\/es\\\/producto\\\/urna-rustica-diseno-natural-agrietado-urna-de-acero-inoxidable-pintada-con-decoupage\\\/\",\"name\":\"Urna r\u00fastica - Dise\u00f1o natural agrietado, urna de acero inoxidable pintada con decoupage\",\"isPartOf\":{\"@id\":\"https:\\\/\\\/www.rememberme-forever.com\\\/es\\\/#website\"},\"primaryImageOfPage\":{\"@id\":\"https:\\\/\\\/www.rememberme-forever.com\\\/es\\\/producto\\\/urna-rustica-diseno-natural-agrietado-urna-de-acero-inoxidable-pintada-con-decoupage\\\/#primaryimage\"},\"image\":{\"@id\":\"https:\\\/\\\/www.rememberme-forever.com\\\/es\\\/producto\\\/urna-rustica-diseno-natural-agrietado-urna-de-acero-inoxidable-pintada-con-decoupage\\\/#primaryimage\"},\"thumbnailUrl\":\"https:\\\/\\\/www.rememberme-forever.com\\\/wp-content\\\/uploads\\\/2023\\\/04\\\/black-rustic-urn.jpg\",\"datePublished\":\"2023-04-05T06:50:32+00:00\",\"dateModified\":\"2025-10-27T08:41:49+00:00\",\"description\":\"Presentamos nuestra urna r\u00fastica \u00fanica, una pieza impresionante que sin duda llamar\u00e1 la atenci\u00f3n de quienes aprecian la belleza natural y el dise\u00f1o \u00fanico.\",\"breadcrumb\":{\"@id\":\"https:\\\/\\\/www.rememberme-forever.com\\\/es\\\/producto\\\/urna-rustica-diseno-natural-agrietado-urna-de-acero-inoxidable-pintada-con-decoupage\\\/#breadcrumb\"},\"inLanguage\":\"es\",\"potentialAction\":[{\"@type\":\"ReadAction\",\"target\":[\"https:\\\/\\\/www.rememberme-forever.com\\\/es\\\/producto\\\/urna-rustica-diseno-natural-agrietado-urna-de-acero-inoxidable-pintada-con-decoupage\\\/\"]}]},{\"@type\":\"ImageObject\",\"inLanguage\":\"es\",\"@id\":\"https:\\\/\\\/www.rememberme-forever.com\\\/es\\\/producto\\\/urna-rustica-diseno-natural-agrietado-urna-de-acero-inoxidable-pintada-con-decoupage\\\/#primaryimage\",\"url\":\"https:\\\/\\\/www.rememberme-forever.com\\\/wp-content\\\/uploads\\\/2023\\\/04\\\/black-rustic-urn.jpg\",\"contentUrl\":\"https:\\\/\\\/www.rememberme-forever.com\\\/wp-content\\\/uploads\\\/2023\\\/04\\\/black-rustic-urn.jpg\",\"width\":768,\"height\":768,\"caption\":\"black rustic urn\"},{\"@type\":\"BreadcrumbList\",\"@id\":\"https:\\\/\\\/www.rememberme-forever.com\\\/es\\\/producto\\\/urna-rustica-diseno-natural-agrietado-urna-de-acero-inoxidable-pintada-con-decoupage\\\/#breadcrumb\",\"itemListElement\":[{\"@type\":\"ListItem\",\"position\":1,\"name\":\"Home\",\"item\":\"https:\\\/\\\/www.rememberme-forever.com\\\/es\\\/inicio\\\/\"},{\"@type\":\"ListItem\",\"position\":2,\"name\":\"Comercio\",\"item\":\"https:\\\/\\\/www.rememberme-forever.com\\\/es\\\/shop\\\/\"},{\"@type\":\"ListItem\",\"position\":3,\"name\":\"Urna r\u00fastica &#8211; Dise\u00f1o natural agrietado, urna de acero inoxidable pintada con decoupage\"}]},{\"@type\":\"WebSite\",\"@id\":\"https:\\\/\\\/www.rememberme-forever.com\\\/es\\\/#website\",\"url\":\"https:\\\/\\\/www.rememberme-forever.com\\\/es\\\/\",\"name\":\"Remember Forever\",\"description\":\"Cremation urns, funeral urns, urns for ashes\",\"publisher\":{\"@id\":\"https:\\\/\\\/www.rememberme-forever.com\\\/es\\\/#organization\"},\"potentialAction\":[{\"@type\":\"SearchAction\",\"target\":{\"@type\":\"EntryPoint\",\"urlTemplate\":\"https:\\\/\\\/www.rememberme-forever.com\\\/es\\\/?s={search_term_string}\"},\"query-input\":{\"@type\":\"PropertyValueSpecification\",\"valueRequired\":true,\"valueName\":\"search_term_string\"}}],\"inLanguage\":\"es\"},{\"@type\":\"Organization\",\"@id\":\"https:\\\/\\\/www.rememberme-forever.com\\\/es\\\/#organization\",\"name\":\"Remember Forever\",\"url\":\"https:\\\/\\\/www.rememberme-forever.com\\\/es\\\/\",\"logo\":{\"@type\":\"ImageObject\",\"inLanguage\":\"es\",\"@id\":\"https:\\\/\\\/www.rememberme-forever.com\\\/es\\\/#\\\/schema\\\/logo\\\/image\\\/\",\"url\":\"https:\\\/\\\/www.rememberme-forever.com\\\/wp-content\\\/uploads\\\/2023\\\/02\\\/logo.png\",\"contentUrl\":\"https:\\\/\\\/www.rememberme-forever.com\\\/wp-content\\\/uploads\\\/2023\\\/02\\\/logo.png\",\"width\":300,\"height\":56,\"caption\":\"Remember Forever\"},\"image\":{\"@id\":\"https:\\\/\\\/www.rememberme-forever.com\\\/es\\\/#\\\/schema\\\/logo\\\/image\\\/\"}}]}<\/script>\n<!-- \/ Yoast SEO plugin. -->","yoast_head_json":{"title":"Urna r\u00fastica - Dise\u00f1o natural agrietado, urna de acero inoxidable pintada con decoupage","description":"Presentamos nuestra urna r\u00fastica \u00fanica, una pieza impresionante que sin duda llamar\u00e1 la atenci\u00f3n de quienes aprecian la belleza natural y el dise\u00f1o \u00fanico.","robots":{"index":"index","follow":"follow","max-snippet":"max-snippet:-1","max-image-preview":"max-image-preview:large","max-video-preview":"max-video-preview:-1"},"canonical":"https:\/\/www.rememberme-forever.com\/es\/producto\/urna-rustica-diseno-natural-agrietado-urna-de-acero-inoxidable-pintada-con-decoupage\/","og_locale":"es_ES","og_type":"article","og_title":"Urna r\u00fastica - Dise\u00f1o natural agrietado, urna de acero inoxidable pintada con decoupage","og_description":"Presentamos nuestra urna r\u00fastica \u00fanica, una pieza impresionante que sin duda llamar\u00e1 la atenci\u00f3n de quienes aprecian la belleza natural y el dise\u00f1o \u00fanico.","og_url":"https:\/\/www.rememberme-forever.com\/es\/producto\/urna-rustica-diseno-natural-agrietado-urna-de-acero-inoxidable-pintada-con-decoupage\/","og_site_name":"Remember Forever","article_modified_time":"2025-10-27T08:41:49+00:00","og_image":[{"width":768,"height":768,"url":"http:\/\/www.rememberme-forever.com\/wp-content\/uploads\/2023\/04\/black-rustic-urn.jpg","type":"image\/jpeg"}],"twitter_card":"summary_large_image","twitter_misc":{"Tiempo de lectura":"2 minutos"},"schema":{"@context":"https:\/\/schema.org","@graph":[{"@type":"WebPage","@id":"https:\/\/www.rememberme-forever.com\/es\/producto\/urna-rustica-diseno-natural-agrietado-urna-de-acero-inoxidable-pintada-con-decoupage\/","url":"https:\/\/www.rememberme-forever.com\/es\/producto\/urna-rustica-diseno-natural-agrietado-urna-de-acero-inoxidable-pintada-con-decoupage\/","name":"Urna r\u00fastica - Dise\u00f1o natural agrietado, urna de acero inoxidable pintada con decoupage","isPartOf":{"@id":"https:\/\/www.rememberme-forever.com\/es\/#website"},"primaryImageOfPage":{"@id":"https:\/\/www.rememberme-forever.com\/es\/producto\/urna-rustica-diseno-natural-agrietado-urna-de-acero-inoxidable-pintada-con-decoupage\/#primaryimage"},"image":{"@id":"https:\/\/www.rememberme-forever.com\/es\/producto\/urna-rustica-diseno-natural-agrietado-urna-de-acero-inoxidable-pintada-con-decoupage\/#primaryimage"},"thumbnailUrl":"https:\/\/www.rememberme-forever.com\/wp-content\/uploads\/2023\/04\/black-rustic-urn.jpg","datePublished":"2023-04-05T06:50:32+00:00","dateModified":"2025-10-27T08:41:49+00:00","description":"Presentamos nuestra urna r\u00fastica \u00fanica, una pieza impresionante que sin duda llamar\u00e1 la atenci\u00f3n de quienes aprecian la belleza natural y el dise\u00f1o \u00fanico.","breadcrumb":{"@id":"https:\/\/www.rememberme-forever.com\/es\/producto\/urna-rustica-diseno-natural-agrietado-urna-de-acero-inoxidable-pintada-con-decoupage\/#breadcrumb"},"inLanguage":"es","potentialAction":[{"@type":"ReadAction","target":["https:\/\/www.rememberme-forever.com\/es\/producto\/urna-rustica-diseno-natural-agrietado-urna-de-acero-inoxidable-pintada-con-decoupage\/"]}]},{"@type":"ImageObject","inLanguage":"es","@id":"https:\/\/www.rememberme-forever.com\/es\/producto\/urna-rustica-diseno-natural-agrietado-urna-de-acero-inoxidable-pintada-con-decoupage\/#primaryimage","url":"https:\/\/www.rememberme-forever.com\/wp-content\/uploads\/2023\/04\/black-rustic-urn.jpg","contentUrl":"https:\/\/www.rememberme-forever.com\/wp-content\/uploads\/2023\/04\/black-rustic-urn.jpg","width":768,"height":768,"caption":"black rustic urn"},{"@type":"BreadcrumbList","@id":"https:\/\/www.rememberme-forever.com\/es\/producto\/urna-rustica-diseno-natural-agrietado-urna-de-acero-inoxidable-pintada-con-decoupage\/#breadcrumb","itemListElement":[{"@type":"ListItem","position":1,"name":"Home","item":"https:\/\/www.rememberme-forever.com\/es\/inicio\/"},{"@type":"ListItem","position":2,"name":"Comercio","item":"https:\/\/www.rememberme-forever.com\/es\/shop\/"},{"@type":"ListItem","position":3,"name":"Urna r\u00fastica &#8211; Dise\u00f1o natural agrietado, urna de acero inoxidable pintada con decoupage"}]},{"@type":"WebSite","@id":"https:\/\/www.rememberme-forever.com\/es\/#website","url":"https:\/\/www.rememberme-forever.com\/es\/","name":"Remember Forever","description":"Cremation urns, funeral urns, urns for ashes","publisher":{"@id":"https:\/\/www.rememberme-forever.com\/es\/#organization"},"potentialAction":[{"@type":"SearchAction","target":{"@type":"EntryPoint","urlTemplate":"https:\/\/www.rememberme-forever.com\/es\/?s={search_term_string}"},"query-input":{"@type":"PropertyValueSpecification","valueRequired":true,"valueName":"search_term_string"}}],"inLanguage":"es"},{"@type":"Organization","@id":"https:\/\/www.rememberme-forever.com\/es\/#organization","name":"Remember Forever","url":"https:\/\/www.rememberme-forever.com\/es\/","logo":{"@type":"ImageObject","inLanguage":"es","@id":"https:\/\/www.rememberme-forever.com\/es\/#\/schema\/logo\/image\/","url":"https:\/\/www.rememberme-forever.com\/wp-content\/uploads\/2023\/02\/logo.png","contentUrl":"https:\/\/www.rememberme-forever.com\/wp-content\/uploads\/2023\/02\/logo.png","width":300,"height":56,"caption":"Remember Forever"},"image":{"@id":"https:\/\/www.rememberme-forever.com\/es\/#\/schema\/logo\/image\/"}}]}},"acf":[],"_links":{"self":[{"href":"https:\/\/www.rememberme-forever.com\/es\/wp-json\/wp\/v2\/product\/19907","targetHints":{"allow":["GET"]}}],"collection":[{"href":"https:\/\/www.rememberme-forever.com\/es\/wp-json\/wp\/v2\/product"}],"about":[{"href":"https:\/\/www.rememberme-forever.com\/es\/wp-json\/wp\/v2\/types\/product"}],"wp:featuredmedia":[{"embeddable":true,"href":"https:\/\/www.rememberme-forever.com\/es\/wp-json\/wp\/v2\/media\/19908"}],"wp:attachment":[{"href":"https:\/\/www.rememberme-forever.com\/es\/wp-json\/wp\/v2\/media?parent=19907"}],"wp:term":[{"taxonomy":"product_brand","embeddable":true,"href":"https:\/\/www.rememberme-forever.com\/es\/wp-json\/wp\/v2\/product_brand?post=19907"},{"taxonomy":"product_cat","embeddable":true,"href":"https:\/\/www.rememberme-forever.com\/es\/wp-json\/wp\/v2\/product_cat?post=19907"},{"taxonomy":"product_tag","embeddable":true,"href":"https:\/\/www.rememberme-forever.com\/es\/wp-json\/wp\/v2\/product_tag?post=19907"}],"curies":[{"name":"wp","href":"https:\/\/api.w.org\/{rel}","templated":true}]}}