{"id":20160,"date":"2023-04-11T08:20:17","date_gmt":"2023-04-11T06:20:17","guid":{"rendered":"https:\/\/www.rememberme-forever.com\/product\/urna-de-cremacion-para-bebes-con-figura-de-doble-corazon\/"},"modified":"2025-10-13T13:16:40","modified_gmt":"2025-10-13T11:16:40","slug":"urna-de-cremacion-para-bebes-con-figura-de-doble-corazon","status":"publish","type":"product","link":"https:\/\/www.rememberme-forever.com\/es\/producto\/urna-de-cremacion-para-bebes-con-figura-de-doble-corazon\/","title":{"rendered":"Urna de cremaci\u00f3n para beb\u00e9s con figura de doble coraz\u00f3n"},"content":{"rendered":"<h2 style=\"text-align: center;\">Urna de cremaci\u00f3n para beb\u00e9s con figura de doble coraz\u00f3n<\/h2>\n<blockquote>\n<p style=\"text-align: center;\">Le presentamos nuestra Urna de cremaci\u00f3n para beb\u00e9s con figura de doble coraz\u00f3n, un homenaje cari\u00f1oso y sincero a su peque\u00f1o. Esta urna cuenta con una esfera de acero inoxidable que reposa elegantemente sobre una s\u00f3lida base de m\u00e1rmol, adornada con una figura de doble coraz\u00f3n de hermoso dise\u00f1o que simboliza el amor eterno que siente por su beb\u00e9.<\/p>\n<p style=\"text-align: center;\">La esfera est\u00e1 fabricada en acero inoxidable de alta calidad, pulida hasta obtener un brillo resplandeciente y resistente al deslustre y la corrosi\u00f3n, lo que garantiza su durabilidad para generaciones futuras. La figura de doble coraz\u00f3n es un s\u00edmbolo conmovedor del amor que comparten usted y su beb\u00e9, representando el v\u00ednculo inquebrantable que nunca se desvanecer\u00e1.<\/p>\n<p><iframe loading=\"lazy\" title=\"Urn For Baby - Cremation Urns For Babies Ashes, Child Urn, Infant Cremation Urn\" width=\"640\" height=\"360\" src=\"https:\/\/www.youtube.com\/embed\/5GprENYjTGs?feature=oembed\" frameborder=\"0\" allow=\"accelerometer; autoplay; clipboard-write; encrypted-media; gyroscope; picture-in-picture; web-share\" referrerpolicy=\"strict-origin-when-cross-origin\" allowfullscreen><\/iframe><\/p>\n<p style=\"text-align: center;\">La base de m\u00e1rmol proporciona una base s\u00f3lida y robusta, con una superficie lisa y pulida que realza la belleza de la urna. La base tambi\u00e9n incluye una placa conmemorativa donde puede grabar un mensaje personalizado o el nombre y las fechas de su peque\u00f1o para honrar su memoria.<\/p>\n<p style=\"text-align: center;\">Esta urna de cremaci\u00f3n para beb\u00e9s es una forma atemporal y elegante de recordar y atesorar la vida de su amado beb\u00e9, proporcionando un lugar de descanso tranquilo y digno para sus cenizas. Es perfecta para exhibir en su hogar, permiti\u00e9ndole mantener a su beb\u00e9 cerca de su coraz\u00f3n y brindarle consuelo y alivio en momentos de duelo.<\/p>\n<p style=\"text-align: center;\">Con su dise\u00f1o \u00fanico y su excepcional artesan\u00eda, nuestra Urna de Cremaci\u00f3n para Beb\u00e9s con Doble Coraz\u00f3n es una forma hermosa y significativa de honrar la memoria de su querido peque\u00f1o. Sirve como un recordatorio constante del amor que compartieron y que siempre atesorar\u00e1n.<\/p>\n<\/blockquote>\n<p>&nbsp;<\/p>\n<h3 style=\"text-align: center;\"><strong>PERSONALIZACI\u00d3N<\/strong><\/h3>\n<p style=\"text-align: center;\">La placa conmemorativa personalizada debe personalizarse al realizar el pedido. (No se preocupe si no la incluye, siempre puede enviarnos un mensaje despu\u00e9s).<\/p>\n<p style=\"text-align: center;\">Revise atentamente el texto del grabado antes de a\u00f1adir el art\u00edculo al carrito. Copiamos y grabamos la informaci\u00f3n exacta que recibimos con el pedido y no realizamos ning\u00fan cambio.<\/p>\n<p style=\"text-align: center;\"><strong>Revise el texto para asegurarse de que la ortograf\u00eda sea correcta.<\/strong><\/p>\n<p style=\"text-align: center;\"><img loading=\"lazy\" decoding=\"async\" class=\"alignnone wp-image-1318\" src=\"http:\/\/www.rememberme-forever.com\/wp-content\/uploads\/2023\/04\/unique-child-cremation-urn-295x300.jpg\" alt=\"Urna de cremaci\u00f3n infantil \u00fanica\" width=\"163\" height=\"165\" srcset=\"https:\/\/www.rememberme-forever.com\/wp-content\/uploads\/2023\/04\/unique-child-cremation-urn-295x300.jpg 295w, https:\/\/www.rememberme-forever.com\/wp-content\/uploads\/2023\/04\/unique-child-cremation-urn-600x610.jpg 600w, https:\/\/www.rememberme-forever.com\/wp-content\/uploads\/2023\/04\/unique-child-cremation-urn-100x100.jpg 100w, https:\/\/www.rememberme-forever.com\/wp-content\/uploads\/2023\/04\/unique-child-cremation-urn-64x65.jpg 64w, https:\/\/www.rememberme-forever.com\/wp-content\/uploads\/2023\/04\/unique-child-cremation-urn.jpg 768w\" sizes=\"auto, (max-width: 163px) 100vw, 163px\" \/><\/p>\n<p>&nbsp;<\/p>\n<h2 class=\"style-scope ytd-watch-metadata\" style=\"text-align: center;\">\u00bfC\u00f3mo transferir las cenizas a la urna?<\/h2>\n<p><iframe loading=\"lazy\" title=\"How to transfer the ashes to Urn? - Teddy Bear Stainless Steel Child Urn - Instruction\" width=\"640\" height=\"360\" src=\"https:\/\/www.youtube.com\/embed\/q-D4S2FGLGc?feature=oembed\" frameborder=\"0\" allow=\"accelerometer; autoplay; clipboard-write; encrypted-media; gyroscope; picture-in-picture; web-share\" referrerpolicy=\"strict-origin-when-cross-origin\" allowfullscreen><\/iframe><\/p>\n","protected":false},"excerpt":{"rendered":"<p><strong>Peso aproximado = Tama\u00f1o aproximado en pulgadas c\u00fabicas<\/strong><br \/>\n<strong>79 lb (0-30 kg) = 79 pulgadas c\u00fabicas<\/strong><\/p>\n<p>\u2705 Esta urna no es apta para exteriores. Descubra nuestras <a href=\"https:\/\/www.rememberme-forever.com\/product-category\/outdoor-urns\/\" target=\"_blank\" rel=\"noopener\"><br \/>\n<strong>urnas para exteriores. &gt;&gt;<\/strong><br \/>\n<\/a><\/p>\n","protected":false},"featured_media":20161,"template":"","meta":{"_acf_changed":false},"product_brand":[1991],"product_cat":[2445],"product_tag":[3292],"class_list":{"0":"post-20160","1":"product","2":"type-product","3":"status-publish","4":"has-post-thumbnail","6":"product_brand-remember-forever","7":"product_cat-urnas-para-ninos","8":"product_tag-gpsr-metal_stonebase","9":"product_shipping_class-4-5-kg-es","11":"first","12":"instock","13":"taxable","14":"shipping-taxable","15":"purchasable","16":"product-type-variable"},"yoast_head":"<!-- This site is optimized with the Yoast SEO plugin v27.4 - https:\/\/yoast.com\/product\/yoast-seo-wordpress\/ -->\n<title>Urna de cremaci\u00f3n para beb\u00e9s con figura de doble coraz\u00f3n<\/title>\n<meta name=\"description\" content=\"Presentamos nuestra Urna de Cremaci\u00f3n para Beb\u00e9s con Doble Coraz\u00f3n, un homenaje cari\u00f1oso y sincero a su querido peque\u00f1o. Urna infantil \u00fanica para cenizas.\" \/>\n<meta name=\"robots\" content=\"index, follow, max-snippet:-1, max-image-preview:large, max-video-preview:-1\" \/>\n<link rel=\"canonical\" href=\"https:\/\/www.rememberme-forever.com\/es\/producto\/urna-de-cremacion-para-bebes-con-figura-de-doble-corazon\/\" \/>\n<meta property=\"og:locale\" content=\"es_ES\" \/>\n<meta property=\"og:type\" content=\"article\" \/>\n<meta property=\"og:title\" content=\"Urna de cremaci\u00f3n para beb\u00e9s con figura de doble coraz\u00f3n\" \/>\n<meta property=\"og:description\" content=\"Presentamos nuestra Urna de Cremaci\u00f3n para Beb\u00e9s con Doble Coraz\u00f3n, un homenaje cari\u00f1oso y sincero a su querido peque\u00f1o. Urna infantil \u00fanica para cenizas.\" \/>\n<meta property=\"og:url\" content=\"https:\/\/www.rememberme-forever.com\/es\/producto\/urna-de-cremacion-para-bebes-con-figura-de-doble-corazon\/\" \/>\n<meta property=\"og:site_name\" content=\"Remember Forever\" \/>\n<meta property=\"article:modified_time\" content=\"2025-10-13T11:16:40+00:00\" \/>\n<meta property=\"og:image\" content=\"http:\/\/www.rememberme-forever.com\/wp-content\/uploads\/2023\/04\/child-urn-with-hearts.jpg\" \/>\n\t<meta property=\"og:image:width\" content=\"768\" \/>\n\t<meta property=\"og:image:height\" content=\"768\" \/>\n\t<meta property=\"og:image:type\" content=\"image\/jpeg\" \/>\n<meta name=\"twitter:card\" content=\"summary_large_image\" \/>\n<meta name=\"twitter:label1\" content=\"Tiempo de lectura\" \/>\n\t<meta name=\"twitter:data1\" content=\"1 minuto\" \/>\n<script type=\"application\/ld+json\" class=\"yoast-schema-graph\">{\"@context\":\"https:\\\/\\\/schema.org\",\"@graph\":[{\"@type\":\"WebPage\",\"@id\":\"https:\\\/\\\/www.rememberme-forever.com\\\/es\\\/producto\\\/urna-de-cremacion-para-bebes-con-figura-de-doble-corazon\\\/\",\"url\":\"https:\\\/\\\/www.rememberme-forever.com\\\/es\\\/producto\\\/urna-de-cremacion-para-bebes-con-figura-de-doble-corazon\\\/\",\"name\":\"Urna de cremaci\u00f3n para beb\u00e9s con figura de doble coraz\u00f3n\",\"isPartOf\":{\"@id\":\"https:\\\/\\\/www.rememberme-forever.com\\\/es\\\/#website\"},\"primaryImageOfPage\":{\"@id\":\"https:\\\/\\\/www.rememberme-forever.com\\\/es\\\/producto\\\/urna-de-cremacion-para-bebes-con-figura-de-doble-corazon\\\/#primaryimage\"},\"image\":{\"@id\":\"https:\\\/\\\/www.rememberme-forever.com\\\/es\\\/producto\\\/urna-de-cremacion-para-bebes-con-figura-de-doble-corazon\\\/#primaryimage\"},\"thumbnailUrl\":\"https:\\\/\\\/www.rememberme-forever.com\\\/wp-content\\\/uploads\\\/2023\\\/04\\\/child-urn-with-hearts.jpg\",\"datePublished\":\"2023-04-11T06:20:17+00:00\",\"dateModified\":\"2025-10-13T11:16:40+00:00\",\"description\":\"Presentamos nuestra Urna de Cremaci\u00f3n para Beb\u00e9s con Doble Coraz\u00f3n, un homenaje cari\u00f1oso y sincero a su querido peque\u00f1o. Urna infantil \u00fanica para cenizas.\",\"breadcrumb\":{\"@id\":\"https:\\\/\\\/www.rememberme-forever.com\\\/es\\\/producto\\\/urna-de-cremacion-para-bebes-con-figura-de-doble-corazon\\\/#breadcrumb\"},\"inLanguage\":\"es\",\"potentialAction\":[{\"@type\":\"ReadAction\",\"target\":[\"https:\\\/\\\/www.rememberme-forever.com\\\/es\\\/producto\\\/urna-de-cremacion-para-bebes-con-figura-de-doble-corazon\\\/\"]}]},{\"@type\":\"ImageObject\",\"inLanguage\":\"es\",\"@id\":\"https:\\\/\\\/www.rememberme-forever.com\\\/es\\\/producto\\\/urna-de-cremacion-para-bebes-con-figura-de-doble-corazon\\\/#primaryimage\",\"url\":\"https:\\\/\\\/www.rememberme-forever.com\\\/wp-content\\\/uploads\\\/2023\\\/04\\\/child-urn-with-hearts.jpg\",\"contentUrl\":\"https:\\\/\\\/www.rememberme-forever.com\\\/wp-content\\\/uploads\\\/2023\\\/04\\\/child-urn-with-hearts.jpg\",\"width\":768,\"height\":768,\"caption\":\"child urn with hearts, infant cremation urn\"},{\"@type\":\"BreadcrumbList\",\"@id\":\"https:\\\/\\\/www.rememberme-forever.com\\\/es\\\/producto\\\/urna-de-cremacion-para-bebes-con-figura-de-doble-corazon\\\/#breadcrumb\",\"itemListElement\":[{\"@type\":\"ListItem\",\"position\":1,\"name\":\"Home\",\"item\":\"https:\\\/\\\/www.rememberme-forever.com\\\/es\\\/inicio\\\/\"},{\"@type\":\"ListItem\",\"position\":2,\"name\":\"Comercio\",\"item\":\"https:\\\/\\\/www.rememberme-forever.com\\\/es\\\/shop\\\/\"},{\"@type\":\"ListItem\",\"position\":3,\"name\":\"Urna de cremaci\u00f3n para beb\u00e9s con figura de doble coraz\u00f3n\"}]},{\"@type\":\"WebSite\",\"@id\":\"https:\\\/\\\/www.rememberme-forever.com\\\/es\\\/#website\",\"url\":\"https:\\\/\\\/www.rememberme-forever.com\\\/es\\\/\",\"name\":\"Remember Forever\",\"description\":\"Cremation urns, funeral urns, urns for ashes\",\"publisher\":{\"@id\":\"https:\\\/\\\/www.rememberme-forever.com\\\/es\\\/#organization\"},\"potentialAction\":[{\"@type\":\"SearchAction\",\"target\":{\"@type\":\"EntryPoint\",\"urlTemplate\":\"https:\\\/\\\/www.rememberme-forever.com\\\/es\\\/?s={search_term_string}\"},\"query-input\":{\"@type\":\"PropertyValueSpecification\",\"valueRequired\":true,\"valueName\":\"search_term_string\"}}],\"inLanguage\":\"es\"},{\"@type\":\"Organization\",\"@id\":\"https:\\\/\\\/www.rememberme-forever.com\\\/es\\\/#organization\",\"name\":\"Remember Forever\",\"url\":\"https:\\\/\\\/www.rememberme-forever.com\\\/es\\\/\",\"logo\":{\"@type\":\"ImageObject\",\"inLanguage\":\"es\",\"@id\":\"https:\\\/\\\/www.rememberme-forever.com\\\/es\\\/#\\\/schema\\\/logo\\\/image\\\/\",\"url\":\"https:\\\/\\\/www.rememberme-forever.com\\\/wp-content\\\/uploads\\\/2023\\\/02\\\/logo.png\",\"contentUrl\":\"https:\\\/\\\/www.rememberme-forever.com\\\/wp-content\\\/uploads\\\/2023\\\/02\\\/logo.png\",\"width\":300,\"height\":56,\"caption\":\"Remember Forever\"},\"image\":{\"@id\":\"https:\\\/\\\/www.rememberme-forever.com\\\/es\\\/#\\\/schema\\\/logo\\\/image\\\/\"}}]}<\/script>\n<!-- \/ Yoast SEO plugin. -->","yoast_head_json":{"title":"Urna de cremaci\u00f3n para beb\u00e9s con figura de doble coraz\u00f3n","description":"Presentamos nuestra Urna de Cremaci\u00f3n para Beb\u00e9s con Doble Coraz\u00f3n, un homenaje cari\u00f1oso y sincero a su querido peque\u00f1o. Urna infantil \u00fanica para cenizas.","robots":{"index":"index","follow":"follow","max-snippet":"max-snippet:-1","max-image-preview":"max-image-preview:large","max-video-preview":"max-video-preview:-1"},"canonical":"https:\/\/www.rememberme-forever.com\/es\/producto\/urna-de-cremacion-para-bebes-con-figura-de-doble-corazon\/","og_locale":"es_ES","og_type":"article","og_title":"Urna de cremaci\u00f3n para beb\u00e9s con figura de doble coraz\u00f3n","og_description":"Presentamos nuestra Urna de Cremaci\u00f3n para Beb\u00e9s con Doble Coraz\u00f3n, un homenaje cari\u00f1oso y sincero a su querido peque\u00f1o. Urna infantil \u00fanica para cenizas.","og_url":"https:\/\/www.rememberme-forever.com\/es\/producto\/urna-de-cremacion-para-bebes-con-figura-de-doble-corazon\/","og_site_name":"Remember Forever","article_modified_time":"2025-10-13T11:16:40+00:00","og_image":[{"width":768,"height":768,"url":"http:\/\/www.rememberme-forever.com\/wp-content\/uploads\/2023\/04\/child-urn-with-hearts.jpg","type":"image\/jpeg"}],"twitter_card":"summary_large_image","twitter_misc":{"Tiempo de lectura":"1 minuto"},"schema":{"@context":"https:\/\/schema.org","@graph":[{"@type":"WebPage","@id":"https:\/\/www.rememberme-forever.com\/es\/producto\/urna-de-cremacion-para-bebes-con-figura-de-doble-corazon\/","url":"https:\/\/www.rememberme-forever.com\/es\/producto\/urna-de-cremacion-para-bebes-con-figura-de-doble-corazon\/","name":"Urna de cremaci\u00f3n para beb\u00e9s con figura de doble coraz\u00f3n","isPartOf":{"@id":"https:\/\/www.rememberme-forever.com\/es\/#website"},"primaryImageOfPage":{"@id":"https:\/\/www.rememberme-forever.com\/es\/producto\/urna-de-cremacion-para-bebes-con-figura-de-doble-corazon\/#primaryimage"},"image":{"@id":"https:\/\/www.rememberme-forever.com\/es\/producto\/urna-de-cremacion-para-bebes-con-figura-de-doble-corazon\/#primaryimage"},"thumbnailUrl":"https:\/\/www.rememberme-forever.com\/wp-content\/uploads\/2023\/04\/child-urn-with-hearts.jpg","datePublished":"2023-04-11T06:20:17+00:00","dateModified":"2025-10-13T11:16:40+00:00","description":"Presentamos nuestra Urna de Cremaci\u00f3n para Beb\u00e9s con Doble Coraz\u00f3n, un homenaje cari\u00f1oso y sincero a su querido peque\u00f1o. Urna infantil \u00fanica para cenizas.","breadcrumb":{"@id":"https:\/\/www.rememberme-forever.com\/es\/producto\/urna-de-cremacion-para-bebes-con-figura-de-doble-corazon\/#breadcrumb"},"inLanguage":"es","potentialAction":[{"@type":"ReadAction","target":["https:\/\/www.rememberme-forever.com\/es\/producto\/urna-de-cremacion-para-bebes-con-figura-de-doble-corazon\/"]}]},{"@type":"ImageObject","inLanguage":"es","@id":"https:\/\/www.rememberme-forever.com\/es\/producto\/urna-de-cremacion-para-bebes-con-figura-de-doble-corazon\/#primaryimage","url":"https:\/\/www.rememberme-forever.com\/wp-content\/uploads\/2023\/04\/child-urn-with-hearts.jpg","contentUrl":"https:\/\/www.rememberme-forever.com\/wp-content\/uploads\/2023\/04\/child-urn-with-hearts.jpg","width":768,"height":768,"caption":"child urn with hearts, infant cremation urn"},{"@type":"BreadcrumbList","@id":"https:\/\/www.rememberme-forever.com\/es\/producto\/urna-de-cremacion-para-bebes-con-figura-de-doble-corazon\/#breadcrumb","itemListElement":[{"@type":"ListItem","position":1,"name":"Home","item":"https:\/\/www.rememberme-forever.com\/es\/inicio\/"},{"@type":"ListItem","position":2,"name":"Comercio","item":"https:\/\/www.rememberme-forever.com\/es\/shop\/"},{"@type":"ListItem","position":3,"name":"Urna de cremaci\u00f3n para beb\u00e9s con figura de doble coraz\u00f3n"}]},{"@type":"WebSite","@id":"https:\/\/www.rememberme-forever.com\/es\/#website","url":"https:\/\/www.rememberme-forever.com\/es\/","name":"Remember Forever","description":"Cremation urns, funeral urns, urns for ashes","publisher":{"@id":"https:\/\/www.rememberme-forever.com\/es\/#organization"},"potentialAction":[{"@type":"SearchAction","target":{"@type":"EntryPoint","urlTemplate":"https:\/\/www.rememberme-forever.com\/es\/?s={search_term_string}"},"query-input":{"@type":"PropertyValueSpecification","valueRequired":true,"valueName":"search_term_string"}}],"inLanguage":"es"},{"@type":"Organization","@id":"https:\/\/www.rememberme-forever.com\/es\/#organization","name":"Remember Forever","url":"https:\/\/www.rememberme-forever.com\/es\/","logo":{"@type":"ImageObject","inLanguage":"es","@id":"https:\/\/www.rememberme-forever.com\/es\/#\/schema\/logo\/image\/","url":"https:\/\/www.rememberme-forever.com\/wp-content\/uploads\/2023\/02\/logo.png","contentUrl":"https:\/\/www.rememberme-forever.com\/wp-content\/uploads\/2023\/02\/logo.png","width":300,"height":56,"caption":"Remember Forever"},"image":{"@id":"https:\/\/www.rememberme-forever.com\/es\/#\/schema\/logo\/image\/"}}]}},"acf":[],"_links":{"self":[{"href":"https:\/\/www.rememberme-forever.com\/es\/wp-json\/wp\/v2\/product\/20160","targetHints":{"allow":["GET"]}}],"collection":[{"href":"https:\/\/www.rememberme-forever.com\/es\/wp-json\/wp\/v2\/product"}],"about":[{"href":"https:\/\/www.rememberme-forever.com\/es\/wp-json\/wp\/v2\/types\/product"}],"wp:featuredmedia":[{"embeddable":true,"href":"https:\/\/www.rememberme-forever.com\/es\/wp-json\/wp\/v2\/media\/20161"}],"wp:attachment":[{"href":"https:\/\/www.rememberme-forever.com\/es\/wp-json\/wp\/v2\/media?parent=20160"}],"wp:term":[{"taxonomy":"product_brand","embeddable":true,"href":"https:\/\/www.rememberme-forever.com\/es\/wp-json\/wp\/v2\/product_brand?post=20160"},{"taxonomy":"product_cat","embeddable":true,"href":"https:\/\/www.rememberme-forever.com\/es\/wp-json\/wp\/v2\/product_cat?post=20160"},{"taxonomy":"product_tag","embeddable":true,"href":"https:\/\/www.rememberme-forever.com\/es\/wp-json\/wp\/v2\/product_tag?post=20160"}],"curies":[{"name":"wp","href":"https:\/\/api.w.org\/{rel}","templated":true}]}}