{"id":20327,"date":"2025-10-06T13:05:34","date_gmt":"2025-10-06T11:05:34","guid":{"rendered":"https:\/\/www.rememberme-forever.com\/product\/una-urna-tematica-para-el-cazador-y-la-presa-2\/"},"modified":"2025-10-15T08:58:33","modified_gmt":"2025-10-15T06:58:33","slug":"una-urna-tematica-para-el-cazador-y-la-presa-2","status":"publish","type":"product","link":"https:\/\/www.rememberme-forever.com\/es\/producto\/una-urna-tematica-para-el-cazador-y-la-presa-2\/","title":{"rendered":"Una urna tem\u00e1tica para el cazador y la presa"},"content":{"rendered":"<div style=\"text-align: center;\">\n<p class=\"MsoNormal\"><span style=\"font-weight: normal;\"><span style=\"font-size: 14px;\">La urna de cremaci\u00f3n con motivo de cazador es una opci\u00f3n \u00fanica para quienes sienten pasi\u00f3n por la caza y sienten una conexi\u00f3n con el bosque. El cuerpo est\u00e1 fabricado en acero inoxidable cepillado y la tapa es de madera oscura, lo que le da al conjunto un aspecto moderno y elegante. <\/span><\/span><\/p>\n<p class=\"MsoNormal\"><span style=\"font-weight: normal;\"><span style=\"font-size: 14px;\">El frente est\u00e1 decorado con un gr\u00e1fico circular que representa a un cazador entre los \u00e1rboles, s\u00edmbolo de valent\u00eda, paz y cercan\u00eda a la naturaleza. La tapa puede incorporar una placa de grabado opcional (nombre, fechas, una breve dedicatoria). La capacidad est\u00e1 dise\u00f1ada para las cenizas de un adulto. Es una urna que combina la durabilidad de los materiales con una forma de conmemoraci\u00f3n sutil y simb\u00f3lica. <\/span><\/span><\/p>\n<\/div>\n<div style=\"width: 100%; margin-bottom: 40px; height: max-content; padding-bottom: 60%; position: relative;\"><iframe style=\"position: absolute; top: 0; left: 0; width: 100%; height: 100%;\" src=\"https:\/\/rememberme-urns.com\/theme-urn-for-a-hunter\/\" frameborder=\"0\"><\/iframe><\/div>\n<div style=\"color: red; text-align: center; margin-bottom: 25px;\">\n<p>&gt;&gt; Foto giratoria &#8211; pulsar\/acercar &lt;&lt;<\/p>\n<\/div>\n<p style=\"text-align: center;\"><strong>\u25ba PERSONALIZACI\u00d3N \u25c4<\/strong><\/p>\n<p style=\"text-align: center;\">\u2714\ufe0f Si elige una placa personalizada, introduzca el texto en el lugar correspondiente o env\u00edenos un mensaje.<\/p>\n<p style=\"text-align: center;\">\u2714\ufe0f La placa conmemorativa personalizada debe personalizarse durante el proceso de pedido. (No se preocupe si lo olvida, siempre puede enviarnos un mensaje m\u00e1s tarde).<\/p>\n<p style=\"text-align: center;\"><b>Las limitaciones de texto son las siguientes:<\/b><\/p>\n<p style=\"text-align: center;\"><span style=\"color: var(--text-color); font-size: 14px;\">Nombre(s): hasta 24 caracteres<\/span><\/p>\n<p style=\"text-align: center;\"><span style=\"color: var(--text-color); font-size: 14px;\">Fecha de nacimiento y fallecimiento: hasta 24 caracteres<\/span><\/p>\n<p style=\"text-align: center;\"><span style=\"color: var(--text-color); font-size: 14px;\">Tercera l\u00ednea: hasta 24 caracteres<\/span><\/p>\n<p style=\"text-align: center;\"><span style=\"font-size: 14px;\">Cuarta l\u00ednea: hasta 24 caracteres<\/span><\/p>\n<p style=\"text-align: center;\"><span style=\"font-size: 14px;\">Quinta l\u00ednea: hasta 24 caracteres<\/span><\/p>\n<div style=\"text-align: center;\"><\/div>\n<p style=\"text-align: center;\">\u2714\ufe0f Por favor, <strong>revise el texto del grabado<\/strong> antes de a\u00f1adir el producto a su carrito. Copiamos y grabamos exactamente la informaci\u00f3n que recibimos con el pedido y no realizamos ning\u00fan cambio por nuestra parte.<\/p>\n<p style=\"text-align: center;\">\u2714\ufe0f Revise el texto para asegurarse de que la ortograf\u00eda sea correcta.<\/p>\n<p style=\"text-align: center;\">\u2714\ufe0f<strong> NO <\/strong>introduzca la informaci\u00f3n del grabado si compra la opci\u00f3n \u00abUrna sin placa\u00bb.<\/p>\n","protected":false},"excerpt":{"rendered":"<p>La urna de cremaci\u00f3n con motivo de cazador es una opci\u00f3n \u00fanica para quienes sienten pasi\u00f3n por la caza y sienten una conexi\u00f3n con el&#8230;<\/p>\n","protected":false},"featured_media":18789,"comment_status":"closed","ping_status":"closed","template":"","meta":{"_acf_changed":false},"product_brand":[],"product_cat":[2463,2455],"product_tag":[3351],"class_list":{"0":"post-20327","1":"product","2":"type-product","3":"status-publish","4":"has-post-thumbnail","6":"product_cat-urnas-de-profesion","7":"product_cat-urnas-tematicas","8":"product_tag-gpsr-metal_wood_cover","9":"product_shipping_class-2-4kg-es","11":"first","12":"instock","13":"taxable","14":"shipping-taxable","15":"purchasable","16":"product-type-simple"},"yoast_head":"<!-- This site is optimized with the Yoast SEO plugin v27.5 - https:\/\/yoast.com\/product\/yoast-seo-wordpress\/ -->\n<title>Una urna tem\u00e1tica para el cazador y la presa - Remember Forever<\/title>\n<meta name=\"robots\" content=\"index, follow, max-snippet:-1, max-image-preview:large, max-video-preview:-1\" \/>\n<link rel=\"canonical\" href=\"https:\/\/www.rememberme-forever.com\/es\/producto\/una-urna-tematica-para-el-cazador-y-la-presa-2\/\" \/>\n<meta property=\"og:locale\" content=\"es_ES\" \/>\n<meta property=\"og:type\" content=\"article\" \/>\n<meta property=\"og:title\" content=\"Una urna tem\u00e1tica para el cazador y la presa - Remember Forever\" \/>\n<meta property=\"og:description\" content=\"La urna de cremaci\u00f3n con motivo de cazador es una opci\u00f3n \u00fanica para quienes sienten pasi\u00f3n por la caza y sienten una conexi\u00f3n con el...\" \/>\n<meta property=\"og:url\" content=\"https:\/\/www.rememberme-forever.com\/es\/producto\/una-urna-tematica-para-el-cazador-y-la-presa-2\/\" \/>\n<meta property=\"og:site_name\" content=\"Remember Forever\" \/>\n<meta property=\"article:modified_time\" content=\"2025-10-15T06:58:33+00:00\" \/>\n<meta property=\"og:image\" content=\"http:\/\/www.rememberme-forever.com\/wp-content\/uploads\/2025\/09\/urn-for-a-hunter_0001.jpg\" \/>\n\t<meta property=\"og:image:width\" content=\"1007\" \/>\n\t<meta property=\"og:image:height\" content=\"1024\" \/>\n\t<meta property=\"og:image:type\" content=\"image\/jpeg\" \/>\n<meta name=\"twitter:card\" content=\"summary_large_image\" \/>\n<meta name=\"twitter:label1\" content=\"Tiempo de lectura\" \/>\n\t<meta name=\"twitter:data1\" content=\"2 minutos\" \/>\n<script type=\"application\/ld+json\" class=\"yoast-schema-graph\">{\"@context\":\"https:\\\/\\\/schema.org\",\"@graph\":[{\"@type\":\"WebPage\",\"@id\":\"https:\\\/\\\/www.rememberme-forever.com\\\/es\\\/producto\\\/una-urna-tematica-para-el-cazador-y-la-presa-2\\\/\",\"url\":\"https:\\\/\\\/www.rememberme-forever.com\\\/es\\\/producto\\\/una-urna-tematica-para-el-cazador-y-la-presa-2\\\/\",\"name\":\"Una urna tem\u00e1tica para el cazador y la presa - Remember Forever\",\"isPartOf\":{\"@id\":\"https:\\\/\\\/www.rememberme-forever.com\\\/es\\\/#website\"},\"primaryImageOfPage\":{\"@id\":\"https:\\\/\\\/www.rememberme-forever.com\\\/es\\\/producto\\\/una-urna-tematica-para-el-cazador-y-la-presa-2\\\/#primaryimage\"},\"image\":{\"@id\":\"https:\\\/\\\/www.rememberme-forever.com\\\/es\\\/producto\\\/una-urna-tematica-para-el-cazador-y-la-presa-2\\\/#primaryimage\"},\"thumbnailUrl\":\"https:\\\/\\\/www.rememberme-forever.com\\\/wp-content\\\/uploads\\\/2025\\\/09\\\/urn-for-a-hunter_0001.jpg\",\"datePublished\":\"2025-10-06T11:05:34+00:00\",\"dateModified\":\"2025-10-15T06:58:33+00:00\",\"breadcrumb\":{\"@id\":\"https:\\\/\\\/www.rememberme-forever.com\\\/es\\\/producto\\\/una-urna-tematica-para-el-cazador-y-la-presa-2\\\/#breadcrumb\"},\"inLanguage\":\"es\",\"potentialAction\":[{\"@type\":\"ReadAction\",\"target\":[\"https:\\\/\\\/www.rememberme-forever.com\\\/es\\\/producto\\\/una-urna-tematica-para-el-cazador-y-la-presa-2\\\/\"]}]},{\"@type\":\"ImageObject\",\"inLanguage\":\"es\",\"@id\":\"https:\\\/\\\/www.rememberme-forever.com\\\/es\\\/producto\\\/una-urna-tematica-para-el-cazador-y-la-presa-2\\\/#primaryimage\",\"url\":\"https:\\\/\\\/www.rememberme-forever.com\\\/wp-content\\\/uploads\\\/2025\\\/09\\\/urn-for-a-hunter_0001.jpg\",\"contentUrl\":\"https:\\\/\\\/www.rememberme-forever.com\\\/wp-content\\\/uploads\\\/2025\\\/09\\\/urn-for-a-hunter_0001.jpg\",\"width\":1007,\"height\":1024,\"caption\":\"Urna de cremaci\u00f3n de acero inoxidable con tapa de madera oscura y emblema de cazador en el bosque: vista de tres cuartos a la izquierda.\"},{\"@type\":\"BreadcrumbList\",\"@id\":\"https:\\\/\\\/www.rememberme-forever.com\\\/es\\\/producto\\\/una-urna-tematica-para-el-cazador-y-la-presa-2\\\/#breadcrumb\",\"itemListElement\":[{\"@type\":\"ListItem\",\"position\":1,\"name\":\"Home\",\"item\":\"https:\\\/\\\/www.rememberme-forever.com\\\/es\\\/inicio\\\/\"},{\"@type\":\"ListItem\",\"position\":2,\"name\":\"Comercio\",\"item\":\"https:\\\/\\\/www.rememberme-forever.com\\\/es\\\/shop\\\/\"},{\"@type\":\"ListItem\",\"position\":3,\"name\":\"Una urna tem\u00e1tica para el cazador y la presa\"}]},{\"@type\":\"WebSite\",\"@id\":\"https:\\\/\\\/www.rememberme-forever.com\\\/es\\\/#website\",\"url\":\"https:\\\/\\\/www.rememberme-forever.com\\\/es\\\/\",\"name\":\"Remember Forever\",\"description\":\"Cremation urns, funeral urns, urns for ashes\",\"publisher\":{\"@id\":\"https:\\\/\\\/www.rememberme-forever.com\\\/es\\\/#organization\"},\"potentialAction\":[{\"@type\":\"SearchAction\",\"target\":{\"@type\":\"EntryPoint\",\"urlTemplate\":\"https:\\\/\\\/www.rememberme-forever.com\\\/es\\\/?s={search_term_string}\"},\"query-input\":{\"@type\":\"PropertyValueSpecification\",\"valueRequired\":true,\"valueName\":\"search_term_string\"}}],\"inLanguage\":\"es\"},{\"@type\":\"Organization\",\"@id\":\"https:\\\/\\\/www.rememberme-forever.com\\\/es\\\/#organization\",\"name\":\"Remember Forever\",\"url\":\"https:\\\/\\\/www.rememberme-forever.com\\\/es\\\/\",\"logo\":{\"@type\":\"ImageObject\",\"inLanguage\":\"es\",\"@id\":\"https:\\\/\\\/www.rememberme-forever.com\\\/es\\\/#\\\/schema\\\/logo\\\/image\\\/\",\"url\":\"https:\\\/\\\/www.rememberme-forever.com\\\/wp-content\\\/uploads\\\/2023\\\/02\\\/logo.png\",\"contentUrl\":\"https:\\\/\\\/www.rememberme-forever.com\\\/wp-content\\\/uploads\\\/2023\\\/02\\\/logo.png\",\"width\":300,\"height\":56,\"caption\":\"Remember Forever\"},\"image\":{\"@id\":\"https:\\\/\\\/www.rememberme-forever.com\\\/es\\\/#\\\/schema\\\/logo\\\/image\\\/\"}}]}<\/script>\n<!-- \/ Yoast SEO plugin. -->","yoast_head_json":{"title":"Una urna tem\u00e1tica para el cazador y la presa - Remember Forever","robots":{"index":"index","follow":"follow","max-snippet":"max-snippet:-1","max-image-preview":"max-image-preview:large","max-video-preview":"max-video-preview:-1"},"canonical":"https:\/\/www.rememberme-forever.com\/es\/producto\/una-urna-tematica-para-el-cazador-y-la-presa-2\/","og_locale":"es_ES","og_type":"article","og_title":"Una urna tem\u00e1tica para el cazador y la presa - Remember Forever","og_description":"La urna de cremaci\u00f3n con motivo de cazador es una opci\u00f3n \u00fanica para quienes sienten pasi\u00f3n por la caza y sienten una conexi\u00f3n con el...","og_url":"https:\/\/www.rememberme-forever.com\/es\/producto\/una-urna-tematica-para-el-cazador-y-la-presa-2\/","og_site_name":"Remember Forever","article_modified_time":"2025-10-15T06:58:33+00:00","og_image":[{"width":1007,"height":1024,"url":"http:\/\/www.rememberme-forever.com\/wp-content\/uploads\/2025\/09\/urn-for-a-hunter_0001.jpg","type":"image\/jpeg"}],"twitter_card":"summary_large_image","twitter_misc":{"Tiempo de lectura":"2 minutos"},"schema":{"@context":"https:\/\/schema.org","@graph":[{"@type":"WebPage","@id":"https:\/\/www.rememberme-forever.com\/es\/producto\/una-urna-tematica-para-el-cazador-y-la-presa-2\/","url":"https:\/\/www.rememberme-forever.com\/es\/producto\/una-urna-tematica-para-el-cazador-y-la-presa-2\/","name":"Una urna tem\u00e1tica para el cazador y la presa - Remember Forever","isPartOf":{"@id":"https:\/\/www.rememberme-forever.com\/es\/#website"},"primaryImageOfPage":{"@id":"https:\/\/www.rememberme-forever.com\/es\/producto\/una-urna-tematica-para-el-cazador-y-la-presa-2\/#primaryimage"},"image":{"@id":"https:\/\/www.rememberme-forever.com\/es\/producto\/una-urna-tematica-para-el-cazador-y-la-presa-2\/#primaryimage"},"thumbnailUrl":"https:\/\/www.rememberme-forever.com\/wp-content\/uploads\/2025\/09\/urn-for-a-hunter_0001.jpg","datePublished":"2025-10-06T11:05:34+00:00","dateModified":"2025-10-15T06:58:33+00:00","breadcrumb":{"@id":"https:\/\/www.rememberme-forever.com\/es\/producto\/una-urna-tematica-para-el-cazador-y-la-presa-2\/#breadcrumb"},"inLanguage":"es","potentialAction":[{"@type":"ReadAction","target":["https:\/\/www.rememberme-forever.com\/es\/producto\/una-urna-tematica-para-el-cazador-y-la-presa-2\/"]}]},{"@type":"ImageObject","inLanguage":"es","@id":"https:\/\/www.rememberme-forever.com\/es\/producto\/una-urna-tematica-para-el-cazador-y-la-presa-2\/#primaryimage","url":"https:\/\/www.rememberme-forever.com\/wp-content\/uploads\/2025\/09\/urn-for-a-hunter_0001.jpg","contentUrl":"https:\/\/www.rememberme-forever.com\/wp-content\/uploads\/2025\/09\/urn-for-a-hunter_0001.jpg","width":1007,"height":1024,"caption":"Urna de cremaci\u00f3n de acero inoxidable con tapa de madera oscura y emblema de cazador en el bosque: vista de tres cuartos a la izquierda."},{"@type":"BreadcrumbList","@id":"https:\/\/www.rememberme-forever.com\/es\/producto\/una-urna-tematica-para-el-cazador-y-la-presa-2\/#breadcrumb","itemListElement":[{"@type":"ListItem","position":1,"name":"Home","item":"https:\/\/www.rememberme-forever.com\/es\/inicio\/"},{"@type":"ListItem","position":2,"name":"Comercio","item":"https:\/\/www.rememberme-forever.com\/es\/shop\/"},{"@type":"ListItem","position":3,"name":"Una urna tem\u00e1tica para el cazador y la presa"}]},{"@type":"WebSite","@id":"https:\/\/www.rememberme-forever.com\/es\/#website","url":"https:\/\/www.rememberme-forever.com\/es\/","name":"Remember Forever","description":"Cremation urns, funeral urns, urns for ashes","publisher":{"@id":"https:\/\/www.rememberme-forever.com\/es\/#organization"},"potentialAction":[{"@type":"SearchAction","target":{"@type":"EntryPoint","urlTemplate":"https:\/\/www.rememberme-forever.com\/es\/?s={search_term_string}"},"query-input":{"@type":"PropertyValueSpecification","valueRequired":true,"valueName":"search_term_string"}}],"inLanguage":"es"},{"@type":"Organization","@id":"https:\/\/www.rememberme-forever.com\/es\/#organization","name":"Remember Forever","url":"https:\/\/www.rememberme-forever.com\/es\/","logo":{"@type":"ImageObject","inLanguage":"es","@id":"https:\/\/www.rememberme-forever.com\/es\/#\/schema\/logo\/image\/","url":"https:\/\/www.rememberme-forever.com\/wp-content\/uploads\/2023\/02\/logo.png","contentUrl":"https:\/\/www.rememberme-forever.com\/wp-content\/uploads\/2023\/02\/logo.png","width":300,"height":56,"caption":"Remember Forever"},"image":{"@id":"https:\/\/www.rememberme-forever.com\/es\/#\/schema\/logo\/image\/"}}]}},"acf":[],"_links":{"self":[{"href":"https:\/\/www.rememberme-forever.com\/es\/wp-json\/wp\/v2\/product\/20327","targetHints":{"allow":["GET"]}}],"collection":[{"href":"https:\/\/www.rememberme-forever.com\/es\/wp-json\/wp\/v2\/product"}],"about":[{"href":"https:\/\/www.rememberme-forever.com\/es\/wp-json\/wp\/v2\/types\/product"}],"replies":[{"embeddable":true,"href":"https:\/\/www.rememberme-forever.com\/es\/wp-json\/wp\/v2\/comments?post=20327"}],"wp:featuredmedia":[{"embeddable":true,"href":"https:\/\/www.rememberme-forever.com\/es\/wp-json\/wp\/v2\/media\/18789"}],"wp:attachment":[{"href":"https:\/\/www.rememberme-forever.com\/es\/wp-json\/wp\/v2\/media?parent=20327"}],"wp:term":[{"taxonomy":"product_brand","embeddable":true,"href":"https:\/\/www.rememberme-forever.com\/es\/wp-json\/wp\/v2\/product_brand?post=20327"},{"taxonomy":"product_cat","embeddable":true,"href":"https:\/\/www.rememberme-forever.com\/es\/wp-json\/wp\/v2\/product_cat?post=20327"},{"taxonomy":"product_tag","embeddable":true,"href":"https:\/\/www.rememberme-forever.com\/es\/wp-json\/wp\/v2\/product_tag?post=20327"}],"curies":[{"name":"wp","href":"https:\/\/api.w.org\/{rel}","templated":true}]}}