{"id":20537,"date":"2023-04-20T10:55:50","date_gmt":"2023-04-20T08:55:50","guid":{"rendered":"https:\/\/www.rememberme-forever.com\/product\/urna-inusual-para-cenizas-humanas\/"},"modified":"2025-10-15T15:34:56","modified_gmt":"2025-10-15T13:34:56","slug":"urna-inusual-para-cenizas-humanas","status":"publish","type":"product","link":"https:\/\/www.rememberme-forever.com\/es\/producto\/urna-inusual-para-cenizas-humanas\/","title":{"rendered":"Urna inusual para cenizas humanas"},"content":{"rendered":"<div style=\"width: 100%; margin-bottom: 30px; height: max-content; padding-bottom: 60%; position: relative;\"><iframe style=\"position: absolute; top: 0; left: 0; width: 100%; height: 100%;\" src=\"https:\/\/rememberme-urns.com\/unique-ceramic-urn\/\" frameborder=\"0\"><\/iframe><\/div>\n<div style=\"color: red; text-align: center; margin-bottom: 25px;\">\n<p>&gt;&gt; Foto giratoria &#8211; pulsar\/acercar &lt;&lt;<\/p>\n<\/div>\n<h2 style=\"text-align: center;\">Urna inusual para cenizas humanas, urna de cer\u00e1mica para cenizas<\/h2>\n<p style=\"text-align: center;\">Esta urna inusual de cer\u00e1mica para cenizas humanas es una hermosa manera de honrar la memoria de un ser querido. Hecha de cer\u00e1mica de alta calidad, esta urna tiene un acabado suave y elegante. Su dise\u00f1o es realmente especial: est\u00e1 disponible con un coraz\u00f3n o una cruz. Ambos dise\u00f1os, sencillos pero impactantes, ofrecen una hermosa manera de recordar a su ser querido.<\/p>\n<p style=\"text-align: center;\">Esta urna cuenta con una abertura inferior que se cierra con una tapa de rosca, lo que garantiza que las cenizas permanezcan seguras. Adem\u00e1s, se puede personalizar con una placa conmemorativa con su propio texto, convirti\u00e9ndola en un homenaje verdaderamente \u00fanico y especial para su ser querido.<\/p>\n<p style=\"text-align: center;\">Las urnas de cer\u00e1mica son cada vez m\u00e1s populares debido a su durabilidad y belleza atemporal. Esta urna en particular no es la excepci\u00f3n: su dise\u00f1o cl\u00e1sico complementar\u00e1 cualquier decoraci\u00f3n y su robusta construcci\u00f3n le brindar\u00e1 un homenaje duradero a su ser querido.<\/p>\n<p style=\"text-align: center;\">Esta singular urna de cer\u00e1mica para cenizas humanas es una forma hermosa y significativa de celebrar la vida de un ser querido. Servir\u00e1 como un conmovedor recuerdo de los preciados recuerdos compartidos y brindar\u00e1 consuelo y consuelo en momentos dif\u00edciles.<\/p>\n<p>&nbsp;<\/p>\n<h3 style=\"text-align: center;\"><strong>PERSONALIZACI\u00d3N<\/strong><\/h3>\n<p style=\"text-align: center;\">Si elige una placa personalizada, incluya el texto en el marco de personalizaci\u00f3n del producto.<\/p>\n<p style=\"text-align: center;\">La placa conmemorativa personalizada debe personalizarse al realizar el pedido. (No se preocupe si no la incluye, siempre puede enviarnos un mensaje despu\u00e9s).<\/p>\n<p style=\"text-align: center;\">Revise atentamente el texto del grabado antes de a\u00f1adir el art\u00edculo al carrito. Copiamos y grabamos la informaci\u00f3n exacta que recibimos con el pedido y no realizamos ning\u00fan cambio.<\/p>\n<p style=\"text-align: center;\"><strong>Revise el texto para asegurarse de que la ortograf\u00eda sea correcta.<\/strong><\/p>\n<p><img loading=\"lazy\" decoding=\"async\" class=\" wp-image-1449 aligncenter\" src=\"http:\/\/www.rememberme-forever.com\/wp-content\/uploads\/2023\/04\/memorial-plaque-cremation-urn-silver-300x153.jpg\" alt=\"Urna de cremaci\u00f3n con placa conmemorativa plateada\" width=\"251\" height=\"128\" srcset=\"https:\/\/www.rememberme-forever.com\/wp-content\/uploads\/2023\/04\/memorial-plaque-cremation-urn-silver-300x153.jpg 300w, https:\/\/www.rememberme-forever.com\/wp-content\/uploads\/2023\/04\/memorial-plaque-cremation-urn-silver-64x33.jpg 64w, https:\/\/www.rememberme-forever.com\/wp-content\/uploads\/2023\/04\/memorial-plaque-cremation-urn-silver.jpg 448w\" sizes=\"auto, (max-width: 251px) 100vw, 251px\" \/><\/p>\n","protected":false},"excerpt":{"rendered":"<p><em><strong>Adecuada para cenizas de hasta aprox. 137 kg (305 lb).<\/strong><\/em><\/p>\n","protected":false},"featured_media":20538,"comment_status":"open","ping_status":"closed","template":"","meta":{"_acf_changed":false},"product_brand":[1991],"product_cat":[2442,2444],"product_tag":[3314],"class_list":{"0":"post-20537","1":"product","2":"type-product","3":"status-publish","4":"has-post-thumbnail","6":"product_brand-remember-forever","7":"product_cat-urnas-artisticas","8":"product_cat-urnas-de-ceramica","9":"product_tag-gpsr-ceramic-urns","10":"product_shipping_class-2-4kg-es","12":"first","13":"instock","14":"taxable","15":"shipping-taxable","16":"purchasable","17":"product-type-variable"},"yoast_head":"<!-- This site is optimized with the Yoast SEO plugin v27.5 - https:\/\/yoast.com\/product\/yoast-seo-wordpress\/ -->\n<title>Urna inusual para cenizas humanas<\/title>\n<meta name=\"description\" content=\"Esta singular urna de cer\u00e1mica para cenizas humanas es una hermosa manera de honrar la memoria de un ser querido. Hecha de cer\u00e1mica de alta calidad.\" \/>\n<meta name=\"robots\" content=\"index, follow, max-snippet:-1, max-image-preview:large, max-video-preview:-1\" \/>\n<link rel=\"canonical\" href=\"https:\/\/www.rememberme-forever.com\/es\/producto\/urna-inusual-para-cenizas-humanas\/\" \/>\n<meta property=\"og:locale\" content=\"es_ES\" \/>\n<meta property=\"og:type\" content=\"article\" \/>\n<meta property=\"og:title\" content=\"Urna inusual para cenizas humanas\" \/>\n<meta property=\"og:description\" content=\"Esta singular urna de cer\u00e1mica para cenizas humanas es una hermosa manera de honrar la memoria de un ser querido. Hecha de cer\u00e1mica de alta calidad.\" \/>\n<meta property=\"og:url\" content=\"https:\/\/www.rememberme-forever.com\/es\/producto\/urna-inusual-para-cenizas-humanas\/\" \/>\n<meta property=\"og:site_name\" content=\"Remember Forever\" \/>\n<meta property=\"article:modified_time\" content=\"2025-10-15T13:34:56+00:00\" \/>\n<meta property=\"og:image\" content=\"http:\/\/www.rememberme-forever.com\/wp-content\/uploads\/2023\/04\/unusual-urn-for-human-ashes.jpg\" \/>\n\t<meta property=\"og:image:width\" content=\"768\" \/>\n\t<meta property=\"og:image:height\" content=\"768\" \/>\n\t<meta property=\"og:image:type\" content=\"image\/jpeg\" \/>\n<meta name=\"twitter:card\" content=\"summary_large_image\" \/>\n<meta name=\"twitter:label1\" content=\"Tiempo de lectura\" \/>\n\t<meta name=\"twitter:data1\" content=\"2 minutos\" \/>\n<script type=\"application\/ld+json\" class=\"yoast-schema-graph\">{\"@context\":\"https:\\\/\\\/schema.org\",\"@graph\":[{\"@type\":\"WebPage\",\"@id\":\"https:\\\/\\\/www.rememberme-forever.com\\\/es\\\/producto\\\/urna-inusual-para-cenizas-humanas\\\/\",\"url\":\"https:\\\/\\\/www.rememberme-forever.com\\\/es\\\/producto\\\/urna-inusual-para-cenizas-humanas\\\/\",\"name\":\"Urna inusual para cenizas humanas\",\"isPartOf\":{\"@id\":\"https:\\\/\\\/www.rememberme-forever.com\\\/es\\\/#website\"},\"primaryImageOfPage\":{\"@id\":\"https:\\\/\\\/www.rememberme-forever.com\\\/es\\\/producto\\\/urna-inusual-para-cenizas-humanas\\\/#primaryimage\"},\"image\":{\"@id\":\"https:\\\/\\\/www.rememberme-forever.com\\\/es\\\/producto\\\/urna-inusual-para-cenizas-humanas\\\/#primaryimage\"},\"thumbnailUrl\":\"https:\\\/\\\/www.rememberme-forever.com\\\/wp-content\\\/uploads\\\/2023\\\/04\\\/unusual-urn-for-human-ashes.jpg\",\"datePublished\":\"2023-04-20T08:55:50+00:00\",\"dateModified\":\"2025-10-15T13:34:56+00:00\",\"description\":\"Esta singular urna de cer\u00e1mica para cenizas humanas es una hermosa manera de honrar la memoria de un ser querido. Hecha de cer\u00e1mica de alta calidad.\",\"breadcrumb\":{\"@id\":\"https:\\\/\\\/www.rememberme-forever.com\\\/es\\\/producto\\\/urna-inusual-para-cenizas-humanas\\\/#breadcrumb\"},\"inLanguage\":\"es\",\"potentialAction\":[{\"@type\":\"ReadAction\",\"target\":[\"https:\\\/\\\/www.rememberme-forever.com\\\/es\\\/producto\\\/urna-inusual-para-cenizas-humanas\\\/\"]}]},{\"@type\":\"ImageObject\",\"inLanguage\":\"es\",\"@id\":\"https:\\\/\\\/www.rememberme-forever.com\\\/es\\\/producto\\\/urna-inusual-para-cenizas-humanas\\\/#primaryimage\",\"url\":\"https:\\\/\\\/www.rememberme-forever.com\\\/wp-content\\\/uploads\\\/2023\\\/04\\\/unusual-urn-for-human-ashes.jpg\",\"contentUrl\":\"https:\\\/\\\/www.rememberme-forever.com\\\/wp-content\\\/uploads\\\/2023\\\/04\\\/unusual-urn-for-human-ashes.jpg\",\"width\":768,\"height\":768,\"caption\":\"unusual urn for human ashes\"},{\"@type\":\"BreadcrumbList\",\"@id\":\"https:\\\/\\\/www.rememberme-forever.com\\\/es\\\/producto\\\/urna-inusual-para-cenizas-humanas\\\/#breadcrumb\",\"itemListElement\":[{\"@type\":\"ListItem\",\"position\":1,\"name\":\"Home\",\"item\":\"https:\\\/\\\/www.rememberme-forever.com\\\/es\\\/inicio\\\/\"},{\"@type\":\"ListItem\",\"position\":2,\"name\":\"Comercio\",\"item\":\"https:\\\/\\\/www.rememberme-forever.com\\\/es\\\/shop\\\/\"},{\"@type\":\"ListItem\",\"position\":3,\"name\":\"Urna inusual para cenizas humanas\"}]},{\"@type\":\"WebSite\",\"@id\":\"https:\\\/\\\/www.rememberme-forever.com\\\/es\\\/#website\",\"url\":\"https:\\\/\\\/www.rememberme-forever.com\\\/es\\\/\",\"name\":\"Remember Forever\",\"description\":\"Cremation urns, funeral urns, urns for ashes\",\"publisher\":{\"@id\":\"https:\\\/\\\/www.rememberme-forever.com\\\/es\\\/#organization\"},\"potentialAction\":[{\"@type\":\"SearchAction\",\"target\":{\"@type\":\"EntryPoint\",\"urlTemplate\":\"https:\\\/\\\/www.rememberme-forever.com\\\/es\\\/?s={search_term_string}\"},\"query-input\":{\"@type\":\"PropertyValueSpecification\",\"valueRequired\":true,\"valueName\":\"search_term_string\"}}],\"inLanguage\":\"es\"},{\"@type\":\"Organization\",\"@id\":\"https:\\\/\\\/www.rememberme-forever.com\\\/es\\\/#organization\",\"name\":\"Remember Forever\",\"url\":\"https:\\\/\\\/www.rememberme-forever.com\\\/es\\\/\",\"logo\":{\"@type\":\"ImageObject\",\"inLanguage\":\"es\",\"@id\":\"https:\\\/\\\/www.rememberme-forever.com\\\/es\\\/#\\\/schema\\\/logo\\\/image\\\/\",\"url\":\"https:\\\/\\\/www.rememberme-forever.com\\\/wp-content\\\/uploads\\\/2023\\\/02\\\/logo.png\",\"contentUrl\":\"https:\\\/\\\/www.rememberme-forever.com\\\/wp-content\\\/uploads\\\/2023\\\/02\\\/logo.png\",\"width\":300,\"height\":56,\"caption\":\"Remember Forever\"},\"image\":{\"@id\":\"https:\\\/\\\/www.rememberme-forever.com\\\/es\\\/#\\\/schema\\\/logo\\\/image\\\/\"}}]}<\/script>\n<!-- \/ Yoast SEO plugin. -->","yoast_head_json":{"title":"Urna inusual para cenizas humanas","description":"Esta singular urna de cer\u00e1mica para cenizas humanas es una hermosa manera de honrar la memoria de un ser querido. Hecha de cer\u00e1mica de alta calidad.","robots":{"index":"index","follow":"follow","max-snippet":"max-snippet:-1","max-image-preview":"max-image-preview:large","max-video-preview":"max-video-preview:-1"},"canonical":"https:\/\/www.rememberme-forever.com\/es\/producto\/urna-inusual-para-cenizas-humanas\/","og_locale":"es_ES","og_type":"article","og_title":"Urna inusual para cenizas humanas","og_description":"Esta singular urna de cer\u00e1mica para cenizas humanas es una hermosa manera de honrar la memoria de un ser querido. Hecha de cer\u00e1mica de alta calidad.","og_url":"https:\/\/www.rememberme-forever.com\/es\/producto\/urna-inusual-para-cenizas-humanas\/","og_site_name":"Remember Forever","article_modified_time":"2025-10-15T13:34:56+00:00","og_image":[{"width":768,"height":768,"url":"http:\/\/www.rememberme-forever.com\/wp-content\/uploads\/2023\/04\/unusual-urn-for-human-ashes.jpg","type":"image\/jpeg"}],"twitter_card":"summary_large_image","twitter_misc":{"Tiempo de lectura":"2 minutos"},"schema":{"@context":"https:\/\/schema.org","@graph":[{"@type":"WebPage","@id":"https:\/\/www.rememberme-forever.com\/es\/producto\/urna-inusual-para-cenizas-humanas\/","url":"https:\/\/www.rememberme-forever.com\/es\/producto\/urna-inusual-para-cenizas-humanas\/","name":"Urna inusual para cenizas humanas","isPartOf":{"@id":"https:\/\/www.rememberme-forever.com\/es\/#website"},"primaryImageOfPage":{"@id":"https:\/\/www.rememberme-forever.com\/es\/producto\/urna-inusual-para-cenizas-humanas\/#primaryimage"},"image":{"@id":"https:\/\/www.rememberme-forever.com\/es\/producto\/urna-inusual-para-cenizas-humanas\/#primaryimage"},"thumbnailUrl":"https:\/\/www.rememberme-forever.com\/wp-content\/uploads\/2023\/04\/unusual-urn-for-human-ashes.jpg","datePublished":"2023-04-20T08:55:50+00:00","dateModified":"2025-10-15T13:34:56+00:00","description":"Esta singular urna de cer\u00e1mica para cenizas humanas es una hermosa manera de honrar la memoria de un ser querido. Hecha de cer\u00e1mica de alta calidad.","breadcrumb":{"@id":"https:\/\/www.rememberme-forever.com\/es\/producto\/urna-inusual-para-cenizas-humanas\/#breadcrumb"},"inLanguage":"es","potentialAction":[{"@type":"ReadAction","target":["https:\/\/www.rememberme-forever.com\/es\/producto\/urna-inusual-para-cenizas-humanas\/"]}]},{"@type":"ImageObject","inLanguage":"es","@id":"https:\/\/www.rememberme-forever.com\/es\/producto\/urna-inusual-para-cenizas-humanas\/#primaryimage","url":"https:\/\/www.rememberme-forever.com\/wp-content\/uploads\/2023\/04\/unusual-urn-for-human-ashes.jpg","contentUrl":"https:\/\/www.rememberme-forever.com\/wp-content\/uploads\/2023\/04\/unusual-urn-for-human-ashes.jpg","width":768,"height":768,"caption":"unusual urn for human ashes"},{"@type":"BreadcrumbList","@id":"https:\/\/www.rememberme-forever.com\/es\/producto\/urna-inusual-para-cenizas-humanas\/#breadcrumb","itemListElement":[{"@type":"ListItem","position":1,"name":"Home","item":"https:\/\/www.rememberme-forever.com\/es\/inicio\/"},{"@type":"ListItem","position":2,"name":"Comercio","item":"https:\/\/www.rememberme-forever.com\/es\/shop\/"},{"@type":"ListItem","position":3,"name":"Urna inusual para cenizas humanas"}]},{"@type":"WebSite","@id":"https:\/\/www.rememberme-forever.com\/es\/#website","url":"https:\/\/www.rememberme-forever.com\/es\/","name":"Remember Forever","description":"Cremation urns, funeral urns, urns for ashes","publisher":{"@id":"https:\/\/www.rememberme-forever.com\/es\/#organization"},"potentialAction":[{"@type":"SearchAction","target":{"@type":"EntryPoint","urlTemplate":"https:\/\/www.rememberme-forever.com\/es\/?s={search_term_string}"},"query-input":{"@type":"PropertyValueSpecification","valueRequired":true,"valueName":"search_term_string"}}],"inLanguage":"es"},{"@type":"Organization","@id":"https:\/\/www.rememberme-forever.com\/es\/#organization","name":"Remember Forever","url":"https:\/\/www.rememberme-forever.com\/es\/","logo":{"@type":"ImageObject","inLanguage":"es","@id":"https:\/\/www.rememberme-forever.com\/es\/#\/schema\/logo\/image\/","url":"https:\/\/www.rememberme-forever.com\/wp-content\/uploads\/2023\/02\/logo.png","contentUrl":"https:\/\/www.rememberme-forever.com\/wp-content\/uploads\/2023\/02\/logo.png","width":300,"height":56,"caption":"Remember Forever"},"image":{"@id":"https:\/\/www.rememberme-forever.com\/es\/#\/schema\/logo\/image\/"}}]}},"acf":[],"_links":{"self":[{"href":"https:\/\/www.rememberme-forever.com\/es\/wp-json\/wp\/v2\/product\/20537","targetHints":{"allow":["GET"]}}],"collection":[{"href":"https:\/\/www.rememberme-forever.com\/es\/wp-json\/wp\/v2\/product"}],"about":[{"href":"https:\/\/www.rememberme-forever.com\/es\/wp-json\/wp\/v2\/types\/product"}],"replies":[{"embeddable":true,"href":"https:\/\/www.rememberme-forever.com\/es\/wp-json\/wp\/v2\/comments?post=20537"}],"wp:featuredmedia":[{"embeddable":true,"href":"https:\/\/www.rememberme-forever.com\/es\/wp-json\/wp\/v2\/media\/20538"}],"wp:attachment":[{"href":"https:\/\/www.rememberme-forever.com\/es\/wp-json\/wp\/v2\/media?parent=20537"}],"wp:term":[{"taxonomy":"product_brand","embeddable":true,"href":"https:\/\/www.rememberme-forever.com\/es\/wp-json\/wp\/v2\/product_brand?post=20537"},{"taxonomy":"product_cat","embeddable":true,"href":"https:\/\/www.rememberme-forever.com\/es\/wp-json\/wp\/v2\/product_cat?post=20537"},{"taxonomy":"product_tag","embeddable":true,"href":"https:\/\/www.rememberme-forever.com\/es\/wp-json\/wp\/v2\/product_tag?post=20537"}],"curies":[{"name":"wp","href":"https:\/\/api.w.org\/{rel}","templated":true}]}}