{"id":20747,"date":"2023-04-11T11:48:46","date_gmt":"2023-04-11T09:48:46","guid":{"rendered":"https:\/\/www.rememberme-forever.com\/product\/urna-de-piedra-para-cremacion-con-palomas-urna-negra-para-adultos\/"},"modified":"2025-10-21T10:50:11","modified_gmt":"2025-10-21T08:50:11","slug":"urna-de-piedra-para-cremacion-con-palomas-urna-negra-para-adultos","status":"publish","type":"product","link":"https:\/\/www.rememberme-forever.com\/es\/producto\/urna-de-piedra-para-cremacion-con-palomas-urna-negra-para-adultos\/","title":{"rendered":"Urna de piedra para cremaci\u00f3n con palomas, urna negra para adultos"},"content":{"rendered":"<div style=\"width: 100%; margin-bottom: 30px; height: max-content; padding-bottom: 60%; position: relative;\"><iframe style=\"position: absolute; top: 0; left: 0; width: 100%; height: 100%;\" src=\"https:\/\/rememberme-urns.com\/black-stone-urn-with-doves\/\" frameborder=\"0\"><\/iframe><\/div>\n<div style=\"color: red; text-align: center; margin-bottom: 25px;\">\n<p>&gt;&gt; Foto giratoria &#8211; pulsar\/acercar &lt;&lt;<\/p>\n<\/div>\n<h2 style=\"text-align: center;\">Urna de piedra para cremaci\u00f3n con palomas<\/h2>\n<p style=\"text-align: center;\">Le presentamos nuestra hermosa Urna de Piedra para Cremaci\u00f3n con Palomas, una forma \u00fanica y elegante de honrar la memoria de su ser querido. Hecha de piedra de alta calidad y con un impresionante acabado negro, esta urna para adultos es un lugar de descanso final hermoso y digno. La base de la urna se abre para facilitar el acceso y un cierre seguro.<\/p>\n<p style=\"text-align: center;\">Para que esta urna sea a\u00fan m\u00e1s personal y significativa, se puede a\u00f1adir una placa conmemorativa en la parte frontal, permiti\u00e9ndole personalizarla con el nombre de su ser querido, fechas o un mensaje especial. Esto le da un toque hermoso y personalizado, asegurando que la memoria de su ser querido se conserve y celebre para las generaciones venideras.<\/p>\n<p><iframe loading=\"lazy\" title=\"Stone Cremation Urns, Decorative Urns For Ashes\" width=\"640\" height=\"360\" src=\"https:\/\/www.youtube.com\/embed\/LqFO9uc6_LU?start=17&#038;feature=oembed\" frameborder=\"0\" allow=\"accelerometer; autoplay; clipboard-write; encrypted-media; gyroscope; picture-in-picture; web-share\" referrerpolicy=\"strict-origin-when-cross-origin\" allowfullscreen><\/iframe><\/p>\n<p style=\"text-align: center;\">Tenga en cuenta que, debido a la naturaleza \u00fanica de cada urna de piedra, su apariencia puede variar ligeramente de la imagen del producto. Sin embargo, tenga la seguridad de que cada urna se elabora con el m\u00e1ximo cuidado y atenci\u00f3n al detalle, garantizando un homenaje digno a la vida y el legado de su ser querido.<\/p>\n<p style=\"text-align: center;\">Nuestra Urna de Piedra para Cenizas con Palomas es una forma hermosa y significativa de honrar la memoria de su ser querido y brindarle un lugar de descanso final digno y tranquilo. Con su impresionante dise\u00f1o y construcci\u00f3n de alta calidad, esta urna se convertir\u00e1 en una preciada reliquia familiar durante a\u00f1os.<\/p>\n<p>&nbsp;<\/p>\n<p style=\"text-align: center;\"><em><strong>Este producto est\u00e1 hecho de materiales naturales; la apariencia puede variar ligeramente.<\/strong><\/em><\/p>\n<p>&nbsp;<\/p>\n<h3 style=\"text-align: center;\"><strong>PERSONALIZACI\u00d3N<\/strong><\/h3>\n<p style=\"text-align: center;\">La placa conmemorativa personalizada debe personalizarse al realizar el pedido. (No se preocupe si no la incluye, siempre puede enviarnos un mensaje despu\u00e9s).<\/p>\n<p style=\"text-align: center;\">Revise atentamente el texto del grabado antes de a\u00f1adir el art\u00edculo al carrito. Copiamos y grabamos la informaci\u00f3n exacta que recibimos con el pedido y no realizamos ning\u00fan cambio.<\/p>\n<p style=\"text-align: center;\"><strong>Revise el texto para asegurarse de que la ortograf\u00eda sea correcta.<\/strong><\/p>\n<p><strong><em><img loading=\"lazy\" decoding=\"async\" class=\" wp-image-1447 aligncenter\" src=\"http:\/\/www.rememberme-forever.com\/wp-content\/uploads\/2023\/04\/memorial-plaque-cremation-urn-gold-300x150.jpg\" alt=\"Placa conmemorativa urna de cremaci\u00f3n dorada\" width=\"268\" height=\"134\" srcset=\"https:\/\/www.rememberme-forever.com\/wp-content\/uploads\/2023\/04\/memorial-plaque-cremation-urn-gold-300x150.jpg 300w, https:\/\/www.rememberme-forever.com\/wp-content\/uploads\/2023\/04\/memorial-plaque-cremation-urn-gold-64x32.jpg 64w, https:\/\/www.rememberme-forever.com\/wp-content\/uploads\/2023\/04\/memorial-plaque-cremation-urn-gold.jpg 448w\" sizes=\"auto, (max-width: 268px) 100vw, 268px\" \/><\/em><\/strong><\/p>\n","protected":false},"excerpt":{"rendered":"<p>Urna \u00fanica de \u00f3nix natural para cenizas humanas con palomas. No existen dos ejemplares id\u00e9nticos.<\/p>\n<p><em><strong>Adecuada para un peso corporal de aproximadamente 104 kg o menos.<\/strong><\/em><\/p>\n","protected":false},"featured_media":20752,"template":"","meta":{"_acf_changed":false},"product_brand":[1991],"product_cat":[2454],"product_tag":[3367],"class_list":{"0":"post-20747","1":"product","2":"type-product","3":"status-publish","4":"has-post-thumbnail","6":"product_brand-remember-forever","7":"product_cat-urnas-de-piedra","8":"product_tag-gpsr-stone-urns","9":"product_shipping_class-5-10kg-es","11":"first","12":"instock","13":"taxable","14":"shipping-taxable","15":"purchasable","16":"product-type-variable"},"yoast_head":"<!-- This site is optimized with the Yoast SEO plugin v27.4 - https:\/\/yoast.com\/product\/yoast-seo-wordpress\/ -->\n<title>Urna de piedra para cremaci\u00f3n con palomas, urna negra para adultos<\/title>\n<meta name=\"description\" content=\"Presentamos nuestra hermosa Urna de Piedra para Cenizas con Palomas, una forma \u00fanica y elegante de honrar la memoria de su ser querido. Urna de cremaci\u00f3n de piedra s\u00f3lida y pesada.\" \/>\n<meta name=\"robots\" content=\"index, follow, max-snippet:-1, max-image-preview:large, max-video-preview:-1\" \/>\n<link rel=\"canonical\" href=\"https:\/\/www.rememberme-forever.com\/es\/producto\/urna-de-piedra-para-cremacion-con-palomas-urna-negra-para-adultos\/\" \/>\n<meta property=\"og:locale\" content=\"es_ES\" \/>\n<meta property=\"og:type\" content=\"article\" \/>\n<meta property=\"og:title\" content=\"Urna de piedra para cremaci\u00f3n con palomas, urna negra para adultos\" \/>\n<meta property=\"og:description\" content=\"Presentamos nuestra hermosa Urna de Piedra para Cenizas con Palomas, una forma \u00fanica y elegante de honrar la memoria de su ser querido. Urna de cremaci\u00f3n de piedra s\u00f3lida y pesada.\" \/>\n<meta property=\"og:url\" content=\"https:\/\/www.rememberme-forever.com\/es\/producto\/urna-de-piedra-para-cremacion-con-palomas-urna-negra-para-adultos\/\" \/>\n<meta property=\"og:site_name\" content=\"Remember Forever\" \/>\n<meta property=\"article:modified_time\" content=\"2025-10-21T08:50:11+00:00\" \/>\n<meta property=\"og:image\" content=\"http:\/\/www.rememberme-forever.com\/wp-content\/uploads\/2023\/04\/stone-cremate-urn-with-a-doves.jpg\" \/>\n\t<meta property=\"og:image:width\" content=\"1007\" \/>\n\t<meta property=\"og:image:height\" content=\"1024\" \/>\n\t<meta property=\"og:image:type\" content=\"image\/jpeg\" \/>\n<meta name=\"twitter:card\" content=\"summary_large_image\" \/>\n<meta name=\"twitter:label1\" content=\"Tiempo de lectura\" \/>\n\t<meta name=\"twitter:data1\" content=\"2 minutos\" \/>\n<script type=\"application\/ld+json\" class=\"yoast-schema-graph\">{\"@context\":\"https:\\\/\\\/schema.org\",\"@graph\":[{\"@type\":\"WebPage\",\"@id\":\"https:\\\/\\\/www.rememberme-forever.com\\\/es\\\/producto\\\/urna-de-piedra-para-cremacion-con-palomas-urna-negra-para-adultos\\\/\",\"url\":\"https:\\\/\\\/www.rememberme-forever.com\\\/es\\\/producto\\\/urna-de-piedra-para-cremacion-con-palomas-urna-negra-para-adultos\\\/\",\"name\":\"Urna de piedra para cremaci\u00f3n con palomas, urna negra para adultos\",\"isPartOf\":{\"@id\":\"https:\\\/\\\/www.rememberme-forever.com\\\/es\\\/#website\"},\"primaryImageOfPage\":{\"@id\":\"https:\\\/\\\/www.rememberme-forever.com\\\/es\\\/producto\\\/urna-de-piedra-para-cremacion-con-palomas-urna-negra-para-adultos\\\/#primaryimage\"},\"image\":{\"@id\":\"https:\\\/\\\/www.rememberme-forever.com\\\/es\\\/producto\\\/urna-de-piedra-para-cremacion-con-palomas-urna-negra-para-adultos\\\/#primaryimage\"},\"thumbnailUrl\":\"https:\\\/\\\/www.rememberme-forever.com\\\/wp-content\\\/uploads\\\/2023\\\/04\\\/stone-cremate-urn-with-a-doves.jpg\",\"datePublished\":\"2023-04-11T09:48:46+00:00\",\"dateModified\":\"2025-10-21T08:50:11+00:00\",\"description\":\"Presentamos nuestra hermosa Urna de Piedra para Cenizas con Palomas, una forma \u00fanica y elegante de honrar la memoria de su ser querido. Urna de cremaci\u00f3n de piedra s\u00f3lida y pesada.\",\"breadcrumb\":{\"@id\":\"https:\\\/\\\/www.rememberme-forever.com\\\/es\\\/producto\\\/urna-de-piedra-para-cremacion-con-palomas-urna-negra-para-adultos\\\/#breadcrumb\"},\"inLanguage\":\"es\",\"potentialAction\":[{\"@type\":\"ReadAction\",\"target\":[\"https:\\\/\\\/www.rememberme-forever.com\\\/es\\\/producto\\\/urna-de-piedra-para-cremacion-con-palomas-urna-negra-para-adultos\\\/\"]}]},{\"@type\":\"ImageObject\",\"inLanguage\":\"es\",\"@id\":\"https:\\\/\\\/www.rememberme-forever.com\\\/es\\\/producto\\\/urna-de-piedra-para-cremacion-con-palomas-urna-negra-para-adultos\\\/#primaryimage\",\"url\":\"https:\\\/\\\/www.rememberme-forever.com\\\/wp-content\\\/uploads\\\/2023\\\/04\\\/stone-cremate-urn-with-a-doves.jpg\",\"contentUrl\":\"https:\\\/\\\/www.rememberme-forever.com\\\/wp-content\\\/uploads\\\/2023\\\/04\\\/stone-cremate-urn-with-a-doves.jpg\",\"width\":1007,\"height\":1024,\"caption\":\"stone cremate urn with a doves\"},{\"@type\":\"BreadcrumbList\",\"@id\":\"https:\\\/\\\/www.rememberme-forever.com\\\/es\\\/producto\\\/urna-de-piedra-para-cremacion-con-palomas-urna-negra-para-adultos\\\/#breadcrumb\",\"itemListElement\":[{\"@type\":\"ListItem\",\"position\":1,\"name\":\"Home\",\"item\":\"https:\\\/\\\/www.rememberme-forever.com\\\/es\\\/inicio\\\/\"},{\"@type\":\"ListItem\",\"position\":2,\"name\":\"Comercio\",\"item\":\"https:\\\/\\\/www.rememberme-forever.com\\\/es\\\/shop\\\/\"},{\"@type\":\"ListItem\",\"position\":3,\"name\":\"Urna de piedra para cremaci\u00f3n con palomas, urna negra para adultos\"}]},{\"@type\":\"WebSite\",\"@id\":\"https:\\\/\\\/www.rememberme-forever.com\\\/es\\\/#website\",\"url\":\"https:\\\/\\\/www.rememberme-forever.com\\\/es\\\/\",\"name\":\"Remember Forever\",\"description\":\"Cremation urns, funeral urns, urns for ashes\",\"publisher\":{\"@id\":\"https:\\\/\\\/www.rememberme-forever.com\\\/es\\\/#organization\"},\"potentialAction\":[{\"@type\":\"SearchAction\",\"target\":{\"@type\":\"EntryPoint\",\"urlTemplate\":\"https:\\\/\\\/www.rememberme-forever.com\\\/es\\\/?s={search_term_string}\"},\"query-input\":{\"@type\":\"PropertyValueSpecification\",\"valueRequired\":true,\"valueName\":\"search_term_string\"}}],\"inLanguage\":\"es\"},{\"@type\":\"Organization\",\"@id\":\"https:\\\/\\\/www.rememberme-forever.com\\\/es\\\/#organization\",\"name\":\"Remember Forever\",\"url\":\"https:\\\/\\\/www.rememberme-forever.com\\\/es\\\/\",\"logo\":{\"@type\":\"ImageObject\",\"inLanguage\":\"es\",\"@id\":\"https:\\\/\\\/www.rememberme-forever.com\\\/es\\\/#\\\/schema\\\/logo\\\/image\\\/\",\"url\":\"https:\\\/\\\/www.rememberme-forever.com\\\/wp-content\\\/uploads\\\/2023\\\/02\\\/logo.png\",\"contentUrl\":\"https:\\\/\\\/www.rememberme-forever.com\\\/wp-content\\\/uploads\\\/2023\\\/02\\\/logo.png\",\"width\":300,\"height\":56,\"caption\":\"Remember Forever\"},\"image\":{\"@id\":\"https:\\\/\\\/www.rememberme-forever.com\\\/es\\\/#\\\/schema\\\/logo\\\/image\\\/\"}}]}<\/script>\n<!-- \/ Yoast SEO plugin. -->","yoast_head_json":{"title":"Urna de piedra para cremaci\u00f3n con palomas, urna negra para adultos","description":"Presentamos nuestra hermosa Urna de Piedra para Cenizas con Palomas, una forma \u00fanica y elegante de honrar la memoria de su ser querido. Urna de cremaci\u00f3n de piedra s\u00f3lida y pesada.","robots":{"index":"index","follow":"follow","max-snippet":"max-snippet:-1","max-image-preview":"max-image-preview:large","max-video-preview":"max-video-preview:-1"},"canonical":"https:\/\/www.rememberme-forever.com\/es\/producto\/urna-de-piedra-para-cremacion-con-palomas-urna-negra-para-adultos\/","og_locale":"es_ES","og_type":"article","og_title":"Urna de piedra para cremaci\u00f3n con palomas, urna negra para adultos","og_description":"Presentamos nuestra hermosa Urna de Piedra para Cenizas con Palomas, una forma \u00fanica y elegante de honrar la memoria de su ser querido. Urna de cremaci\u00f3n de piedra s\u00f3lida y pesada.","og_url":"https:\/\/www.rememberme-forever.com\/es\/producto\/urna-de-piedra-para-cremacion-con-palomas-urna-negra-para-adultos\/","og_site_name":"Remember Forever","article_modified_time":"2025-10-21T08:50:11+00:00","og_image":[{"width":1007,"height":1024,"url":"http:\/\/www.rememberme-forever.com\/wp-content\/uploads\/2023\/04\/stone-cremate-urn-with-a-doves.jpg","type":"image\/jpeg"}],"twitter_card":"summary_large_image","twitter_misc":{"Tiempo de lectura":"2 minutos"},"schema":{"@context":"https:\/\/schema.org","@graph":[{"@type":"WebPage","@id":"https:\/\/www.rememberme-forever.com\/es\/producto\/urna-de-piedra-para-cremacion-con-palomas-urna-negra-para-adultos\/","url":"https:\/\/www.rememberme-forever.com\/es\/producto\/urna-de-piedra-para-cremacion-con-palomas-urna-negra-para-adultos\/","name":"Urna de piedra para cremaci\u00f3n con palomas, urna negra para adultos","isPartOf":{"@id":"https:\/\/www.rememberme-forever.com\/es\/#website"},"primaryImageOfPage":{"@id":"https:\/\/www.rememberme-forever.com\/es\/producto\/urna-de-piedra-para-cremacion-con-palomas-urna-negra-para-adultos\/#primaryimage"},"image":{"@id":"https:\/\/www.rememberme-forever.com\/es\/producto\/urna-de-piedra-para-cremacion-con-palomas-urna-negra-para-adultos\/#primaryimage"},"thumbnailUrl":"https:\/\/www.rememberme-forever.com\/wp-content\/uploads\/2023\/04\/stone-cremate-urn-with-a-doves.jpg","datePublished":"2023-04-11T09:48:46+00:00","dateModified":"2025-10-21T08:50:11+00:00","description":"Presentamos nuestra hermosa Urna de Piedra para Cenizas con Palomas, una forma \u00fanica y elegante de honrar la memoria de su ser querido. Urna de cremaci\u00f3n de piedra s\u00f3lida y pesada.","breadcrumb":{"@id":"https:\/\/www.rememberme-forever.com\/es\/producto\/urna-de-piedra-para-cremacion-con-palomas-urna-negra-para-adultos\/#breadcrumb"},"inLanguage":"es","potentialAction":[{"@type":"ReadAction","target":["https:\/\/www.rememberme-forever.com\/es\/producto\/urna-de-piedra-para-cremacion-con-palomas-urna-negra-para-adultos\/"]}]},{"@type":"ImageObject","inLanguage":"es","@id":"https:\/\/www.rememberme-forever.com\/es\/producto\/urna-de-piedra-para-cremacion-con-palomas-urna-negra-para-adultos\/#primaryimage","url":"https:\/\/www.rememberme-forever.com\/wp-content\/uploads\/2023\/04\/stone-cremate-urn-with-a-doves.jpg","contentUrl":"https:\/\/www.rememberme-forever.com\/wp-content\/uploads\/2023\/04\/stone-cremate-urn-with-a-doves.jpg","width":1007,"height":1024,"caption":"stone cremate urn with a doves"},{"@type":"BreadcrumbList","@id":"https:\/\/www.rememberme-forever.com\/es\/producto\/urna-de-piedra-para-cremacion-con-palomas-urna-negra-para-adultos\/#breadcrumb","itemListElement":[{"@type":"ListItem","position":1,"name":"Home","item":"https:\/\/www.rememberme-forever.com\/es\/inicio\/"},{"@type":"ListItem","position":2,"name":"Comercio","item":"https:\/\/www.rememberme-forever.com\/es\/shop\/"},{"@type":"ListItem","position":3,"name":"Urna de piedra para cremaci\u00f3n con palomas, urna negra para adultos"}]},{"@type":"WebSite","@id":"https:\/\/www.rememberme-forever.com\/es\/#website","url":"https:\/\/www.rememberme-forever.com\/es\/","name":"Remember Forever","description":"Cremation urns, funeral urns, urns for ashes","publisher":{"@id":"https:\/\/www.rememberme-forever.com\/es\/#organization"},"potentialAction":[{"@type":"SearchAction","target":{"@type":"EntryPoint","urlTemplate":"https:\/\/www.rememberme-forever.com\/es\/?s={search_term_string}"},"query-input":{"@type":"PropertyValueSpecification","valueRequired":true,"valueName":"search_term_string"}}],"inLanguage":"es"},{"@type":"Organization","@id":"https:\/\/www.rememberme-forever.com\/es\/#organization","name":"Remember Forever","url":"https:\/\/www.rememberme-forever.com\/es\/","logo":{"@type":"ImageObject","inLanguage":"es","@id":"https:\/\/www.rememberme-forever.com\/es\/#\/schema\/logo\/image\/","url":"https:\/\/www.rememberme-forever.com\/wp-content\/uploads\/2023\/02\/logo.png","contentUrl":"https:\/\/www.rememberme-forever.com\/wp-content\/uploads\/2023\/02\/logo.png","width":300,"height":56,"caption":"Remember Forever"},"image":{"@id":"https:\/\/www.rememberme-forever.com\/es\/#\/schema\/logo\/image\/"}}]}},"acf":[],"_links":{"self":[{"href":"https:\/\/www.rememberme-forever.com\/es\/wp-json\/wp\/v2\/product\/20747","targetHints":{"allow":["GET"]}}],"collection":[{"href":"https:\/\/www.rememberme-forever.com\/es\/wp-json\/wp\/v2\/product"}],"about":[{"href":"https:\/\/www.rememberme-forever.com\/es\/wp-json\/wp\/v2\/types\/product"}],"wp:featuredmedia":[{"embeddable":true,"href":"https:\/\/www.rememberme-forever.com\/es\/wp-json\/wp\/v2\/media\/20752"}],"wp:attachment":[{"href":"https:\/\/www.rememberme-forever.com\/es\/wp-json\/wp\/v2\/media?parent=20747"}],"wp:term":[{"taxonomy":"product_brand","embeddable":true,"href":"https:\/\/www.rememberme-forever.com\/es\/wp-json\/wp\/v2\/product_brand?post=20747"},{"taxonomy":"product_cat","embeddable":true,"href":"https:\/\/www.rememberme-forever.com\/es\/wp-json\/wp\/v2\/product_cat?post=20747"},{"taxonomy":"product_tag","embeddable":true,"href":"https:\/\/www.rememberme-forever.com\/es\/wp-json\/wp\/v2\/product_tag?post=20747"}],"curies":[{"name":"wp","href":"https:\/\/api.w.org\/{rel}","templated":true}]}}