{"id":20794,"date":"2023-04-21T10:54:39","date_gmt":"2023-04-21T08:54:39","guid":{"rendered":"https:\/\/www.rememberme-forever.com\/product\/urna-de-cremacion-estrella-de-la-muerte-para-los-amantes-de-star-wars\/"},"modified":"2025-10-21T12:07:14","modified_gmt":"2025-10-21T10:07:14","slug":"urna-de-cremacion-estrella-de-la-muerte-para-los-amantes-de-star-wars","status":"publish","type":"product","link":"https:\/\/www.rememberme-forever.com\/es\/producto\/urna-de-cremacion-estrella-de-la-muerte-para-los-amantes-de-star-wars\/","title":{"rendered":"Urna de Cremaci\u00f3n Estrella de la Muerte para los Amantes de Star Wars"},"content":{"rendered":"<div style=\"width: 100%; margin-bottom: 40px; height: max-content; padding-bottom: 60%; position: relative;\"><iframe style=\"position: absolute; top: 0; left: 0; width: 100%; height: 100%;\" src=\"https:\/\/rememberme-urns.com\/death-star-urn\/\" frameborder=\"0\"><\/iframe><\/div>\n<div style=\"color: red; text-align: center; margin-bottom: 25px;\">\n<p>&gt;&gt; Foto giratoria &#8211; pulsar\/acercar &lt;&lt;<\/p>\n<\/div>\n<h2 style=\"text-align: center;\">Urna de Cremaci\u00f3n Estrella de la Muerte para los Amantes de Star Wars<\/h2>\n<p style=\"text-align: center;\">Para los fan\u00e1ticos de Star Wars que han fallecido a la siguiente galaxia, esta Urna de Cremaci\u00f3n Estrella de la Muerte es la manera perfecta de recordarlos. Esta urna \u00fanica tiene la forma de la ic\u00f3nica Estrella de la Muerte, un homenaje a quienes sintieron pasi\u00f3n por la \u00e9pica saga espacial.<\/p>\n<p style=\"text-align: center;\">Elaborada con atenci\u00f3n al detalle, esta urna esf\u00e9rica presenta un dise\u00f1o intrincado. La base de la urna tiene una abertura segura para facilitar el traslado de las cenizas.<\/p>\n<p style=\"text-align: center;\">Adem\u00e1s de su dise\u00f1o \u00fanico, la Urna de Cremaci\u00f3n Estrella de la Muerte se puede personalizar con una placa conmemorativa. Esta placa puede grabarse con un mensaje personal o el nombre y las fechas de su ser querido, convirti\u00e9ndola en un recuerdo verdaderamente especial y personalizado.<\/p>\n<p style=\"text-align: center;\">Esta urna es una manera maravillosa de honrar la memoria de un fan de Star Wars y mantener vivo su amor por la franquicia. Puede exhibirse con orgullo en cualquier hogar, oficina o habitaci\u00f3n tem\u00e1tica de Star Wars, sirviendo como un hermoso y significativo recordatorio de los preciados recuerdos y el amor compartido con su ser querido fallecido.<\/p>\n<p style=\"text-align: center;\"><em><strong>\u00a1Que la fuerza te acompa\u00f1e!<\/strong><\/em><\/p>\n<p>&nbsp;<\/p>\n<h3 style=\"text-align: center;\"><strong>PERSONALIZACI\u00d3N<\/strong><\/h3>\n<p style=\"text-align: center;\">Si elige una placa personalizada, incluya el texto en el marco de personalizaci\u00f3n del producto.<\/p>\n<p style=\"text-align: center;\">La placa conmemorativa personalizada debe personalizarse al realizar el pedido. (No se preocupe si no la incluye, siempre puede enviarnos un mensaje despu\u00e9s).<\/p>\n<p style=\"text-align: center;\">Revise atentamente el texto del grabado antes de a\u00f1adir el art\u00edculo al carrito. Copiamos y grabamos la informaci\u00f3n exacta que recibimos con el pedido y no realizamos ning\u00fan cambio.<\/p>\n<p style=\"text-align: center;\"><strong>Revise el texto para asegurarse de que la ortograf\u00eda sea correcta.<\/strong><\/p>\n<p><img loading=\"lazy\" decoding=\"async\" class=\" wp-image-1449 aligncenter\" src=\"http:\/\/www.rememberme-forever.com\/wp-content\/uploads\/2023\/04\/memorial-plaque-cremation-urn-silver-300x153.jpg\" alt=\"Urna de cremaci\u00f3n con placa conmemorativa plateada\" width=\"224\" height=\"114\" srcset=\"https:\/\/www.rememberme-forever.com\/wp-content\/uploads\/2023\/04\/memorial-plaque-cremation-urn-silver-300x153.jpg 300w, https:\/\/www.rememberme-forever.com\/wp-content\/uploads\/2023\/04\/memorial-plaque-cremation-urn-silver-64x33.jpg 64w, https:\/\/www.rememberme-forever.com\/wp-content\/uploads\/2023\/04\/memorial-plaque-cremation-urn-silver.jpg 448w\" sizes=\"auto, (max-width: 224px) 100vw, 224px\" \/><\/p>\n<p>&nbsp;<\/p>\n<h3 style=\"text-align: center;\">Detalles de la urna mediana:<\/h3>\n<p style=\"text-align: center;\">\u2705 Tama\u00f1o: Alto: 16 cm, Ancho: 17 cm, Fondo: 17 cm<br \/>\n\u2705 Tama\u00f1o: Alto: 6,24&#8243;, Ancho: 6,63&#8243;, Fondo: 6,63&#8243;<br \/>\n\u2705 Capacidad: 0,7 L \/ 42,7 pulgadas c\u00fabicas<br \/>\n\u2705 Peso: 0,7 kg \/ 1,54 lbs<br \/>\n\u2705 Material: ABS<br \/>\n\u2705 Apto para cenizas de hasta aprox. 19 kg.<\/p>\n<h3 style=\"text-align: center;\">Detalles del recuerdo:<\/h3>\n<p style=\"text-align: center;\">\u2705 Tama\u00f1o: Alto: 11 cm, Ancho: 10 cm, Fondo: 10 cm<br \/>\n\u2705 Tama\u00f1o: Alto: 4,29&#8243;, Ancho: 3,51&#8243;, Fondo: 3,51&#8243;<br \/>\n\u2705 Capacidad: 0,4 L \/ 24,41 pulgadas c\u00fabicas<br \/>\n\u2705 Material: ABS<br \/>\n\u2705 Apto para Cenizas con un peso corporal de hasta aprox. 10,98 kg.<\/p>\n<p><img loading=\"lazy\" decoding=\"async\" class=\" wp-image-14934 aligncenter\" src=\"http:\/\/www.rememberme-forever.com\/wp-content\/uploads\/2023\/04\/1death-star-urn-set_0001_SIZES-295x300.jpg\" alt=\"\" width=\"653\" height=\"663\" srcset=\"https:\/\/www.rememberme-forever.com\/wp-content\/uploads\/2023\/04\/1death-star-urn-set_0001_SIZES-295x300.jpg 295w, https:\/\/www.rememberme-forever.com\/wp-content\/uploads\/2023\/04\/1death-star-urn-set_0001_SIZES-768x781.jpg 768w, https:\/\/www.rememberme-forever.com\/wp-content\/uploads\/2023\/04\/1death-star-urn-set_0001_SIZES-600x610.jpg 600w, https:\/\/www.rememberme-forever.com\/wp-content\/uploads\/2023\/04\/1death-star-urn-set_0001_SIZES-64x65.jpg 64w, https:\/\/www.rememberme-forever.com\/wp-content\/uploads\/2023\/04\/1death-star-urn-set_0001_SIZES.jpg 1007w\" sizes=\"auto, (max-width: 653px) 100vw, 653px\" \/><\/p>\n<p style=\"text-align: center;\"><strong><a href=\"https:\/\/www.rememberme-forever.com\/product\/death-star-keepsake-urn-mini-urn-for-part-of-ashes\/\">&gt;&gt; Comprar recuerdo &lt;&lt;<\/a><\/strong><\/p>\n","protected":false},"excerpt":{"rendered":"<p><strong>Urna Estrella de la Muerte: una impresionante urna de cremaci\u00f3n para los amantes de Star Wars.<\/strong><\/p>\n<p><em><strong>Adecuada para cenizas con un peso corporal de hasta aprox. 101 kg.<\/strong><\/em><\/p>\n<p>\u2705 Esta urna no es apta para exteriores. Descubra nuestras <a href=\"https:\/\/www.rememberme-forever.com\/product-category\/outdoor-urns\/\" target=\"_blank\" rel=\"noopener\"><strong>urnas para exteriores. &gt;&gt;<\/strong><\/a><\/p>\n","protected":false},"featured_media":20801,"template":"","meta":{"_acf_changed":false},"product_brand":[1991],"product_cat":[2456,2455],"product_tag":[3298],"class_list":{"0":"post-20794","1":"product","2":"type-product","3":"status-publish","4":"has-post-thumbnail","6":"product_brand-remember-forever","7":"product_cat-todas-las-demas-urnas","8":"product_cat-urnas-tematicas","9":"product_tag-gpsr-all-urns-accesories","10":"product_shipping_class-2-4kg-es","12":"first","13":"instock","14":"taxable","15":"shipping-taxable","16":"purchasable","17":"product-type-variable"},"yoast_head":"<!-- This site is optimized with the Yoast SEO plugin v27.4 - https:\/\/yoast.com\/product\/yoast-seo-wordpress\/ -->\n<title>Urna de Cremaci\u00f3n Estrella de la Muerte para los Amantes de Star Wars<\/title>\n<meta name=\"description\" content=\"Para los fan\u00e1ticos de Star Wars que han fallecido, esta urna de cremaci\u00f3n Estrella de la Muerte es la manera perfecta de recordarlos.\" \/>\n<meta name=\"robots\" content=\"index, follow, max-snippet:-1, max-image-preview:large, max-video-preview:-1\" \/>\n<link rel=\"canonical\" href=\"https:\/\/www.rememberme-forever.com\/es\/producto\/urna-de-cremacion-estrella-de-la-muerte-para-los-amantes-de-star-wars\/\" \/>\n<meta property=\"og:locale\" content=\"es_ES\" \/>\n<meta property=\"og:type\" content=\"article\" \/>\n<meta property=\"og:title\" content=\"Urna de Cremaci\u00f3n Estrella de la Muerte para los Amantes de Star Wars\" \/>\n<meta property=\"og:description\" content=\"Para los fan\u00e1ticos de Star Wars que han fallecido, esta urna de cremaci\u00f3n Estrella de la Muerte es la manera perfecta de recordarlos.\" \/>\n<meta property=\"og:url\" content=\"https:\/\/www.rememberme-forever.com\/es\/producto\/urna-de-cremacion-estrella-de-la-muerte-para-los-amantes-de-star-wars\/\" \/>\n<meta property=\"og:site_name\" content=\"Remember Forever\" \/>\n<meta property=\"article:modified_time\" content=\"2025-10-21T10:07:14+00:00\" \/>\n<meta property=\"og:image\" content=\"http:\/\/www.rememberme-forever.com\/wp-content\/uploads\/2023\/04\/Death-Star-Cremation-Urn-Keepsake.jpg\" \/>\n\t<meta property=\"og:image:width\" content=\"768\" \/>\n\t<meta property=\"og:image:height\" content=\"768\" \/>\n\t<meta property=\"og:image:type\" content=\"image\/jpeg\" \/>\n<meta name=\"twitter:card\" content=\"summary_large_image\" \/>\n<meta name=\"twitter:label1\" content=\"Tiempo de lectura\" \/>\n\t<meta name=\"twitter:data1\" content=\"3 minutos\" \/>\n<script type=\"application\/ld+json\" class=\"yoast-schema-graph\">{\"@context\":\"https:\\\/\\\/schema.org\",\"@graph\":[{\"@type\":\"WebPage\",\"@id\":\"https:\\\/\\\/www.rememberme-forever.com\\\/es\\\/producto\\\/urna-de-cremacion-estrella-de-la-muerte-para-los-amantes-de-star-wars\\\/\",\"url\":\"https:\\\/\\\/www.rememberme-forever.com\\\/es\\\/producto\\\/urna-de-cremacion-estrella-de-la-muerte-para-los-amantes-de-star-wars\\\/\",\"name\":\"Urna de Cremaci\u00f3n Estrella de la Muerte para los Amantes de Star Wars\",\"isPartOf\":{\"@id\":\"https:\\\/\\\/www.rememberme-forever.com\\\/es\\\/#website\"},\"primaryImageOfPage\":{\"@id\":\"https:\\\/\\\/www.rememberme-forever.com\\\/es\\\/producto\\\/urna-de-cremacion-estrella-de-la-muerte-para-los-amantes-de-star-wars\\\/#primaryimage\"},\"image\":{\"@id\":\"https:\\\/\\\/www.rememberme-forever.com\\\/es\\\/producto\\\/urna-de-cremacion-estrella-de-la-muerte-para-los-amantes-de-star-wars\\\/#primaryimage\"},\"thumbnailUrl\":\"https:\\\/\\\/www.rememberme-forever.com\\\/wp-content\\\/uploads\\\/2023\\\/04\\\/Death-Star-Cremation-Urn-Keepsake.jpg\",\"datePublished\":\"2023-04-21T08:54:39+00:00\",\"dateModified\":\"2025-10-21T10:07:14+00:00\",\"description\":\"Para los fan\u00e1ticos de Star Wars que han fallecido, esta urna de cremaci\u00f3n Estrella de la Muerte es la manera perfecta de recordarlos.\",\"breadcrumb\":{\"@id\":\"https:\\\/\\\/www.rememberme-forever.com\\\/es\\\/producto\\\/urna-de-cremacion-estrella-de-la-muerte-para-los-amantes-de-star-wars\\\/#breadcrumb\"},\"inLanguage\":\"es\",\"potentialAction\":[{\"@type\":\"ReadAction\",\"target\":[\"https:\\\/\\\/www.rememberme-forever.com\\\/es\\\/producto\\\/urna-de-cremacion-estrella-de-la-muerte-para-los-amantes-de-star-wars\\\/\"]}]},{\"@type\":\"ImageObject\",\"inLanguage\":\"es\",\"@id\":\"https:\\\/\\\/www.rememberme-forever.com\\\/es\\\/producto\\\/urna-de-cremacion-estrella-de-la-muerte-para-los-amantes-de-star-wars\\\/#primaryimage\",\"url\":\"https:\\\/\\\/www.rememberme-forever.com\\\/wp-content\\\/uploads\\\/2023\\\/04\\\/Death-Star-Cremation-Urn-Keepsake.jpg\",\"contentUrl\":\"https:\\\/\\\/www.rememberme-forever.com\\\/wp-content\\\/uploads\\\/2023\\\/04\\\/Death-Star-Cremation-Urn-Keepsake.jpg\",\"width\":768,\"height\":768,\"caption\":\"Death Star Cremation Urn + Keepsake\"},{\"@type\":\"BreadcrumbList\",\"@id\":\"https:\\\/\\\/www.rememberme-forever.com\\\/es\\\/producto\\\/urna-de-cremacion-estrella-de-la-muerte-para-los-amantes-de-star-wars\\\/#breadcrumb\",\"itemListElement\":[{\"@type\":\"ListItem\",\"position\":1,\"name\":\"Home\",\"item\":\"https:\\\/\\\/www.rememberme-forever.com\\\/es\\\/inicio\\\/\"},{\"@type\":\"ListItem\",\"position\":2,\"name\":\"Comercio\",\"item\":\"https:\\\/\\\/www.rememberme-forever.com\\\/es\\\/shop\\\/\"},{\"@type\":\"ListItem\",\"position\":3,\"name\":\"Urna de Cremaci\u00f3n Estrella de la Muerte para los Amantes de Star Wars\"}]},{\"@type\":\"WebSite\",\"@id\":\"https:\\\/\\\/www.rememberme-forever.com\\\/es\\\/#website\",\"url\":\"https:\\\/\\\/www.rememberme-forever.com\\\/es\\\/\",\"name\":\"Remember Forever\",\"description\":\"Cremation urns, funeral urns, urns for ashes\",\"publisher\":{\"@id\":\"https:\\\/\\\/www.rememberme-forever.com\\\/es\\\/#organization\"},\"potentialAction\":[{\"@type\":\"SearchAction\",\"target\":{\"@type\":\"EntryPoint\",\"urlTemplate\":\"https:\\\/\\\/www.rememberme-forever.com\\\/es\\\/?s={search_term_string}\"},\"query-input\":{\"@type\":\"PropertyValueSpecification\",\"valueRequired\":true,\"valueName\":\"search_term_string\"}}],\"inLanguage\":\"es\"},{\"@type\":\"Organization\",\"@id\":\"https:\\\/\\\/www.rememberme-forever.com\\\/es\\\/#organization\",\"name\":\"Remember Forever\",\"url\":\"https:\\\/\\\/www.rememberme-forever.com\\\/es\\\/\",\"logo\":{\"@type\":\"ImageObject\",\"inLanguage\":\"es\",\"@id\":\"https:\\\/\\\/www.rememberme-forever.com\\\/es\\\/#\\\/schema\\\/logo\\\/image\\\/\",\"url\":\"https:\\\/\\\/www.rememberme-forever.com\\\/wp-content\\\/uploads\\\/2023\\\/02\\\/logo.png\",\"contentUrl\":\"https:\\\/\\\/www.rememberme-forever.com\\\/wp-content\\\/uploads\\\/2023\\\/02\\\/logo.png\",\"width\":300,\"height\":56,\"caption\":\"Remember Forever\"},\"image\":{\"@id\":\"https:\\\/\\\/www.rememberme-forever.com\\\/es\\\/#\\\/schema\\\/logo\\\/image\\\/\"}}]}<\/script>\n<!-- \/ Yoast SEO plugin. -->","yoast_head_json":{"title":"Urna de Cremaci\u00f3n Estrella de la Muerte para los Amantes de Star Wars","description":"Para los fan\u00e1ticos de Star Wars que han fallecido, esta urna de cremaci\u00f3n Estrella de la Muerte es la manera perfecta de recordarlos.","robots":{"index":"index","follow":"follow","max-snippet":"max-snippet:-1","max-image-preview":"max-image-preview:large","max-video-preview":"max-video-preview:-1"},"canonical":"https:\/\/www.rememberme-forever.com\/es\/producto\/urna-de-cremacion-estrella-de-la-muerte-para-los-amantes-de-star-wars\/","og_locale":"es_ES","og_type":"article","og_title":"Urna de Cremaci\u00f3n Estrella de la Muerte para los Amantes de Star Wars","og_description":"Para los fan\u00e1ticos de Star Wars que han fallecido, esta urna de cremaci\u00f3n Estrella de la Muerte es la manera perfecta de recordarlos.","og_url":"https:\/\/www.rememberme-forever.com\/es\/producto\/urna-de-cremacion-estrella-de-la-muerte-para-los-amantes-de-star-wars\/","og_site_name":"Remember Forever","article_modified_time":"2025-10-21T10:07:14+00:00","og_image":[{"width":768,"height":768,"url":"http:\/\/www.rememberme-forever.com\/wp-content\/uploads\/2023\/04\/Death-Star-Cremation-Urn-Keepsake.jpg","type":"image\/jpeg"}],"twitter_card":"summary_large_image","twitter_misc":{"Tiempo de lectura":"3 minutos"},"schema":{"@context":"https:\/\/schema.org","@graph":[{"@type":"WebPage","@id":"https:\/\/www.rememberme-forever.com\/es\/producto\/urna-de-cremacion-estrella-de-la-muerte-para-los-amantes-de-star-wars\/","url":"https:\/\/www.rememberme-forever.com\/es\/producto\/urna-de-cremacion-estrella-de-la-muerte-para-los-amantes-de-star-wars\/","name":"Urna de Cremaci\u00f3n Estrella de la Muerte para los Amantes de Star Wars","isPartOf":{"@id":"https:\/\/www.rememberme-forever.com\/es\/#website"},"primaryImageOfPage":{"@id":"https:\/\/www.rememberme-forever.com\/es\/producto\/urna-de-cremacion-estrella-de-la-muerte-para-los-amantes-de-star-wars\/#primaryimage"},"image":{"@id":"https:\/\/www.rememberme-forever.com\/es\/producto\/urna-de-cremacion-estrella-de-la-muerte-para-los-amantes-de-star-wars\/#primaryimage"},"thumbnailUrl":"https:\/\/www.rememberme-forever.com\/wp-content\/uploads\/2023\/04\/Death-Star-Cremation-Urn-Keepsake.jpg","datePublished":"2023-04-21T08:54:39+00:00","dateModified":"2025-10-21T10:07:14+00:00","description":"Para los fan\u00e1ticos de Star Wars que han fallecido, esta urna de cremaci\u00f3n Estrella de la Muerte es la manera perfecta de recordarlos.","breadcrumb":{"@id":"https:\/\/www.rememberme-forever.com\/es\/producto\/urna-de-cremacion-estrella-de-la-muerte-para-los-amantes-de-star-wars\/#breadcrumb"},"inLanguage":"es","potentialAction":[{"@type":"ReadAction","target":["https:\/\/www.rememberme-forever.com\/es\/producto\/urna-de-cremacion-estrella-de-la-muerte-para-los-amantes-de-star-wars\/"]}]},{"@type":"ImageObject","inLanguage":"es","@id":"https:\/\/www.rememberme-forever.com\/es\/producto\/urna-de-cremacion-estrella-de-la-muerte-para-los-amantes-de-star-wars\/#primaryimage","url":"https:\/\/www.rememberme-forever.com\/wp-content\/uploads\/2023\/04\/Death-Star-Cremation-Urn-Keepsake.jpg","contentUrl":"https:\/\/www.rememberme-forever.com\/wp-content\/uploads\/2023\/04\/Death-Star-Cremation-Urn-Keepsake.jpg","width":768,"height":768,"caption":"Death Star Cremation Urn + Keepsake"},{"@type":"BreadcrumbList","@id":"https:\/\/www.rememberme-forever.com\/es\/producto\/urna-de-cremacion-estrella-de-la-muerte-para-los-amantes-de-star-wars\/#breadcrumb","itemListElement":[{"@type":"ListItem","position":1,"name":"Home","item":"https:\/\/www.rememberme-forever.com\/es\/inicio\/"},{"@type":"ListItem","position":2,"name":"Comercio","item":"https:\/\/www.rememberme-forever.com\/es\/shop\/"},{"@type":"ListItem","position":3,"name":"Urna de Cremaci\u00f3n Estrella de la Muerte para los Amantes de Star Wars"}]},{"@type":"WebSite","@id":"https:\/\/www.rememberme-forever.com\/es\/#website","url":"https:\/\/www.rememberme-forever.com\/es\/","name":"Remember Forever","description":"Cremation urns, funeral urns, urns for ashes","publisher":{"@id":"https:\/\/www.rememberme-forever.com\/es\/#organization"},"potentialAction":[{"@type":"SearchAction","target":{"@type":"EntryPoint","urlTemplate":"https:\/\/www.rememberme-forever.com\/es\/?s={search_term_string}"},"query-input":{"@type":"PropertyValueSpecification","valueRequired":true,"valueName":"search_term_string"}}],"inLanguage":"es"},{"@type":"Organization","@id":"https:\/\/www.rememberme-forever.com\/es\/#organization","name":"Remember Forever","url":"https:\/\/www.rememberme-forever.com\/es\/","logo":{"@type":"ImageObject","inLanguage":"es","@id":"https:\/\/www.rememberme-forever.com\/es\/#\/schema\/logo\/image\/","url":"https:\/\/www.rememberme-forever.com\/wp-content\/uploads\/2023\/02\/logo.png","contentUrl":"https:\/\/www.rememberme-forever.com\/wp-content\/uploads\/2023\/02\/logo.png","width":300,"height":56,"caption":"Remember Forever"},"image":{"@id":"https:\/\/www.rememberme-forever.com\/es\/#\/schema\/logo\/image\/"}}]}},"acf":[],"_links":{"self":[{"href":"https:\/\/www.rememberme-forever.com\/es\/wp-json\/wp\/v2\/product\/20794","targetHints":{"allow":["GET"]}}],"collection":[{"href":"https:\/\/www.rememberme-forever.com\/es\/wp-json\/wp\/v2\/product"}],"about":[{"href":"https:\/\/www.rememberme-forever.com\/es\/wp-json\/wp\/v2\/types\/product"}],"wp:featuredmedia":[{"embeddable":true,"href":"https:\/\/www.rememberme-forever.com\/es\/wp-json\/wp\/v2\/media\/20801"}],"wp:attachment":[{"href":"https:\/\/www.rememberme-forever.com\/es\/wp-json\/wp\/v2\/media?parent=20794"}],"wp:term":[{"taxonomy":"product_brand","embeddable":true,"href":"https:\/\/www.rememberme-forever.com\/es\/wp-json\/wp\/v2\/product_brand?post=20794"},{"taxonomy":"product_cat","embeddable":true,"href":"https:\/\/www.rememberme-forever.com\/es\/wp-json\/wp\/v2\/product_cat?post=20794"},{"taxonomy":"product_tag","embeddable":true,"href":"https:\/\/www.rememberme-forever.com\/es\/wp-json\/wp\/v2\/product_tag?post=20794"}],"curies":[{"name":"wp","href":"https:\/\/api.w.org\/{rel}","templated":true}]}}