{"id":20901,"date":"2023-04-13T15:36:09","date_gmt":"2023-04-13T13:36:09","guid":{"rendered":"https:\/\/www.rememberme-forever.com\/product\/urna-de-cremacion-con-forma-de-casco-para-motociclista\/"},"modified":"2025-10-22T10:06:40","modified_gmt":"2025-10-22T08:06:40","slug":"urna-de-cremacion-con-forma-de-casco-para-motociclista","status":"publish","type":"product","link":"https:\/\/www.rememberme-forever.com\/es\/producto\/urna-de-cremacion-con-forma-de-casco-para-motociclista\/","title":{"rendered":"Urna de cremaci\u00f3n con forma de casco para motociclista"},"content":{"rendered":"<div style=\"width: 100%; margin-bottom: 40px; height: max-content; padding-bottom: 60%; position: relative;\"><iframe style=\"position: absolute; top: 0; left: 0; width: 100%; height: 100%;\" src=\"https:\/\/rememberme-urns.com\/black-helmet-urn\/\" frameborder=\"0\"><\/iframe><\/div>\n<div style=\"color: red; text-align: center; margin-bottom: 25px;\">\n<p>&gt;&gt; Foto giratoria &#8211; pulsar\/acercar &lt;&lt;<\/p>\n<\/div>\n<h2 style=\"text-align: center;\">Urna de cremaci\u00f3n con forma de casco para motociclista<\/h2>\n<p style=\"text-align: center;\">Presentamos nuestra exclusiva y llamativa Urna de cremaci\u00f3n con forma de casco para motociclista. Fabricada en cer\u00e1mica negra de alta calidad, esta urna est\u00e1 dise\u00f1ada para asemejarse a un casco de motocicleta, rindiendo homenaje a la pasi\u00f3n de su ser querido por el motociclismo y la carretera.<\/p>\n<p style=\"text-align: center;\">Los intrincados detalles de la urna son realmente extraordinarios, desde la forma realista del casco hasta las sutiles l\u00edneas y curvas que imitan la apariencia de un casco real. La urna se abre por la parte inferior, proporcionando un lugar de descanso final seguro y discreto para las cenizas de su ser querido.<\/p>\n<p><iframe loading=\"lazy\" title=\"The motorcycle helmet urn, cremation urn for a motorcyclist.\" width=\"640\" height=\"360\" src=\"https:\/\/www.youtube.com\/embed\/yuEArcgwTCw?feature=oembed\" frameborder=\"0\" allow=\"accelerometer; autoplay; clipboard-write; encrypted-media; gyroscope; picture-in-picture; web-share\" referrerpolicy=\"strict-origin-when-cross-origin\" allowfullscreen><\/iframe><\/p>\n<p style=\"text-align: center;\">Para un toque de personalizaci\u00f3n adicional, se puede a\u00f1adir una placa conmemorativa independiente a la urna. Esta placa est\u00e1 hecha de plastigl\u00e1s resistente y se puede personalizar con un mensaje especial o el nombre de su ser querido. Este hermoso detalle garantiza que la urna no solo sea un homenaje digno a su vida, sino tambi\u00e9n un preciado recuerdo que puede transmitirse de generaci\u00f3n en generaci\u00f3n.<\/p>\n<p style=\"text-align: center;\">Esta Urna de cremaci\u00f3n con forma de casco para motociclista es m\u00e1s que un simple contenedor para cenizas; Es una forma hermosa y significativa de honrar la pasi\u00f3n y el esp\u00edritu de su ser querido. Sirve como un poderoso recordatorio de la libertad, la aventura y la alegr\u00eda que brinda conducir una motocicleta, y es un conmovedor homenaje a su vida y legado.<\/p>\n<p>&nbsp;<\/p>\n<h3 style=\"text-align: center;\"><strong>PERSONALIZACI\u00d3N<\/strong><\/h3>\n<p style=\"text-align: center;\">Si elige una placa personalizada, incluya el texto en el marco de personalizaci\u00f3n del producto.<\/p>\n<p style=\"text-align: center;\">La placa conmemorativa personalizada debe personalizarse al realizar el pedido. (No se preocupe si no la incluye, siempre puede enviarnos un mensaje despu\u00e9s).<\/p>\n<p style=\"text-align: center;\">Revise atentamente el texto del grabado antes de a\u00f1adir el art\u00edculo al carrito. Copiamos y grabamos la informaci\u00f3n exacta que recibimos con el pedido y no realizamos ning\u00fan cambio.<\/p>\n<p style=\"text-align: center;\"><strong>Revise el texto para asegurarse de que la ortograf\u00eda sea correcta.<\/strong><\/p>\n<p><img loading=\"lazy\" decoding=\"async\" class=\"wp-image-1453 aligncenter\" src=\"http:\/\/www.rememberme-forever.com\/wp-content\/uploads\/2023\/04\/silver-plaque-urn-295x300.jpg\" alt=\"Urna con placa de plata\" width=\"194\" height=\"197\" srcset=\"https:\/\/www.rememberme-forever.com\/wp-content\/uploads\/2023\/04\/silver-plaque-urn-295x300.jpg 295w, https:\/\/www.rememberme-forever.com\/wp-content\/uploads\/2023\/04\/silver-plaque-urn-600x610.jpg 600w, https:\/\/www.rememberme-forever.com\/wp-content\/uploads\/2023\/04\/silver-plaque-urn-64x65.jpg 64w, https:\/\/www.rememberme-forever.com\/wp-content\/uploads\/2023\/04\/silver-plaque-urn.jpg 768w\" sizes=\"auto, (max-width: 194px) 100vw, 194px\" \/><\/p>\n<p style=\"text-align: center;\"><strong><em>La placa conmemorativa se a\u00f1adir\u00e1 por separado con el soporte, como se muestra en la foto.<\/em><\/strong><\/p>\n<p style=\"text-align: center;\"><strong><em>(El soporte de la placa conmemorativa est\u00e1 hecho de plexigl\u00e1s transparente). <\/em><\/strong><\/p>\n","protected":false},"excerpt":{"rendered":"<p>Esta urna funeraria tiene la forma de un casco de motocicleta y realmente parece uno real. Adecuada para adultos con un peso corporal de 138 kg (305 libras).<\/p>\n","protected":false},"featured_media":20902,"template":"","meta":{"_acf_changed":false},"product_brand":[1991],"product_cat":[2442,2444,2460,2455],"product_tag":[3314],"class_list":{"0":"post-20901","1":"product","2":"type-product","3":"status-publish","4":"has-post-thumbnail","6":"product_brand-remember-forever","7":"product_cat-urnas-artisticas","8":"product_cat-urnas-de-ceramica","9":"product_cat-urnas-de-hobby","10":"product_cat-urnas-tematicas","11":"product_tag-gpsr-ceramic-urns","12":"product_shipping_class-4-5-kg-es","14":"first","15":"instock","16":"taxable","17":"shipping-taxable","18":"purchasable","19":"product-type-simple"},"yoast_head":"<!-- This site is optimized with the Yoast SEO plugin v27.4 - https:\/\/yoast.com\/product\/yoast-seo-wordpress\/ -->\n<title>Urna de cremaci\u00f3n con forma de casco para motociclista<\/title>\n<meta name=\"description\" content=\"Presentamos nuestra exclusiva y llamativa urna funeraria con forma de casco para motociclistas. Fabricada en cer\u00e1mica negra de alta calidad.\" \/>\n<meta name=\"robots\" content=\"index, follow, max-snippet:-1, max-image-preview:large, max-video-preview:-1\" \/>\n<link rel=\"canonical\" href=\"https:\/\/www.rememberme-forever.com\/es\/producto\/urna-de-cremacion-con-forma-de-casco-para-motociclista\/\" \/>\n<meta property=\"og:locale\" content=\"es_ES\" \/>\n<meta property=\"og:type\" content=\"article\" \/>\n<meta property=\"og:title\" content=\"Urna de cremaci\u00f3n con forma de casco para motociclista\" \/>\n<meta property=\"og:description\" content=\"Presentamos nuestra exclusiva y llamativa urna funeraria con forma de casco para motociclistas. Fabricada en cer\u00e1mica negra de alta calidad.\" \/>\n<meta property=\"og:url\" content=\"https:\/\/www.rememberme-forever.com\/es\/producto\/urna-de-cremacion-con-forma-de-casco-para-motociclista\/\" \/>\n<meta property=\"og:site_name\" content=\"Remember Forever\" \/>\n<meta property=\"article:modified_time\" content=\"2025-10-22T08:06:40+00:00\" \/>\n<meta property=\"og:image\" content=\"http:\/\/www.rememberme-forever.com\/wp-content\/uploads\/2023\/04\/helmet-cremation-urn.jpg\" \/>\n\t<meta property=\"og:image:width\" content=\"1024\" \/>\n\t<meta property=\"og:image:height\" content=\"1024\" \/>\n\t<meta property=\"og:image:type\" content=\"image\/jpeg\" \/>\n<meta name=\"twitter:card\" content=\"summary_large_image\" \/>\n<meta name=\"twitter:label1\" content=\"Tiempo de lectura\" \/>\n\t<meta name=\"twitter:data1\" content=\"2 minutos\" \/>\n<script type=\"application\/ld+json\" class=\"yoast-schema-graph\">{\"@context\":\"https:\\\/\\\/schema.org\",\"@graph\":[{\"@type\":\"WebPage\",\"@id\":\"https:\\\/\\\/www.rememberme-forever.com\\\/es\\\/producto\\\/urna-de-cremacion-con-forma-de-casco-para-motociclista\\\/\",\"url\":\"https:\\\/\\\/www.rememberme-forever.com\\\/es\\\/producto\\\/urna-de-cremacion-con-forma-de-casco-para-motociclista\\\/\",\"name\":\"Urna de cremaci\u00f3n con forma de casco para motociclista\",\"isPartOf\":{\"@id\":\"https:\\\/\\\/www.rememberme-forever.com\\\/es\\\/#website\"},\"primaryImageOfPage\":{\"@id\":\"https:\\\/\\\/www.rememberme-forever.com\\\/es\\\/producto\\\/urna-de-cremacion-con-forma-de-casco-para-motociclista\\\/#primaryimage\"},\"image\":{\"@id\":\"https:\\\/\\\/www.rememberme-forever.com\\\/es\\\/producto\\\/urna-de-cremacion-con-forma-de-casco-para-motociclista\\\/#primaryimage\"},\"thumbnailUrl\":\"https:\\\/\\\/www.rememberme-forever.com\\\/wp-content\\\/uploads\\\/2023\\\/04\\\/helmet-cremation-urn.jpg\",\"datePublished\":\"2023-04-13T13:36:09+00:00\",\"dateModified\":\"2025-10-22T08:06:40+00:00\",\"description\":\"Presentamos nuestra exclusiva y llamativa urna funeraria con forma de casco para motociclistas. Fabricada en cer\u00e1mica negra de alta calidad.\",\"breadcrumb\":{\"@id\":\"https:\\\/\\\/www.rememberme-forever.com\\\/es\\\/producto\\\/urna-de-cremacion-con-forma-de-casco-para-motociclista\\\/#breadcrumb\"},\"inLanguage\":\"es\",\"potentialAction\":[{\"@type\":\"ReadAction\",\"target\":[\"https:\\\/\\\/www.rememberme-forever.com\\\/es\\\/producto\\\/urna-de-cremacion-con-forma-de-casco-para-motociclista\\\/\"]}]},{\"@type\":\"ImageObject\",\"inLanguage\":\"es\",\"@id\":\"https:\\\/\\\/www.rememberme-forever.com\\\/es\\\/producto\\\/urna-de-cremacion-con-forma-de-casco-para-motociclista\\\/#primaryimage\",\"url\":\"https:\\\/\\\/www.rememberme-forever.com\\\/wp-content\\\/uploads\\\/2023\\\/04\\\/helmet-cremation-urn.jpg\",\"contentUrl\":\"https:\\\/\\\/www.rememberme-forever.com\\\/wp-content\\\/uploads\\\/2023\\\/04\\\/helmet-cremation-urn.jpg\",\"width\":1024,\"height\":1024,\"caption\":\"helmet cremation urn\"},{\"@type\":\"BreadcrumbList\",\"@id\":\"https:\\\/\\\/www.rememberme-forever.com\\\/es\\\/producto\\\/urna-de-cremacion-con-forma-de-casco-para-motociclista\\\/#breadcrumb\",\"itemListElement\":[{\"@type\":\"ListItem\",\"position\":1,\"name\":\"Home\",\"item\":\"https:\\\/\\\/www.rememberme-forever.com\\\/es\\\/inicio\\\/\"},{\"@type\":\"ListItem\",\"position\":2,\"name\":\"Comercio\",\"item\":\"https:\\\/\\\/www.rememberme-forever.com\\\/es\\\/shop\\\/\"},{\"@type\":\"ListItem\",\"position\":3,\"name\":\"Urna de cremaci\u00f3n con forma de casco para motociclista\"}]},{\"@type\":\"WebSite\",\"@id\":\"https:\\\/\\\/www.rememberme-forever.com\\\/es\\\/#website\",\"url\":\"https:\\\/\\\/www.rememberme-forever.com\\\/es\\\/\",\"name\":\"Remember Forever\",\"description\":\"Cremation urns, funeral urns, urns for ashes\",\"publisher\":{\"@id\":\"https:\\\/\\\/www.rememberme-forever.com\\\/es\\\/#organization\"},\"potentialAction\":[{\"@type\":\"SearchAction\",\"target\":{\"@type\":\"EntryPoint\",\"urlTemplate\":\"https:\\\/\\\/www.rememberme-forever.com\\\/es\\\/?s={search_term_string}\"},\"query-input\":{\"@type\":\"PropertyValueSpecification\",\"valueRequired\":true,\"valueName\":\"search_term_string\"}}],\"inLanguage\":\"es\"},{\"@type\":\"Organization\",\"@id\":\"https:\\\/\\\/www.rememberme-forever.com\\\/es\\\/#organization\",\"name\":\"Remember Forever\",\"url\":\"https:\\\/\\\/www.rememberme-forever.com\\\/es\\\/\",\"logo\":{\"@type\":\"ImageObject\",\"inLanguage\":\"es\",\"@id\":\"https:\\\/\\\/www.rememberme-forever.com\\\/es\\\/#\\\/schema\\\/logo\\\/image\\\/\",\"url\":\"https:\\\/\\\/www.rememberme-forever.com\\\/wp-content\\\/uploads\\\/2023\\\/02\\\/logo.png\",\"contentUrl\":\"https:\\\/\\\/www.rememberme-forever.com\\\/wp-content\\\/uploads\\\/2023\\\/02\\\/logo.png\",\"width\":300,\"height\":56,\"caption\":\"Remember Forever\"},\"image\":{\"@id\":\"https:\\\/\\\/www.rememberme-forever.com\\\/es\\\/#\\\/schema\\\/logo\\\/image\\\/\"}}]}<\/script>\n<!-- \/ Yoast SEO plugin. -->","yoast_head_json":{"title":"Urna de cremaci\u00f3n con forma de casco para motociclista","description":"Presentamos nuestra exclusiva y llamativa urna funeraria con forma de casco para motociclistas. Fabricada en cer\u00e1mica negra de alta calidad.","robots":{"index":"index","follow":"follow","max-snippet":"max-snippet:-1","max-image-preview":"max-image-preview:large","max-video-preview":"max-video-preview:-1"},"canonical":"https:\/\/www.rememberme-forever.com\/es\/producto\/urna-de-cremacion-con-forma-de-casco-para-motociclista\/","og_locale":"es_ES","og_type":"article","og_title":"Urna de cremaci\u00f3n con forma de casco para motociclista","og_description":"Presentamos nuestra exclusiva y llamativa urna funeraria con forma de casco para motociclistas. Fabricada en cer\u00e1mica negra de alta calidad.","og_url":"https:\/\/www.rememberme-forever.com\/es\/producto\/urna-de-cremacion-con-forma-de-casco-para-motociclista\/","og_site_name":"Remember Forever","article_modified_time":"2025-10-22T08:06:40+00:00","og_image":[{"width":1024,"height":1024,"url":"http:\/\/www.rememberme-forever.com\/wp-content\/uploads\/2023\/04\/helmet-cremation-urn.jpg","type":"image\/jpeg"}],"twitter_card":"summary_large_image","twitter_misc":{"Tiempo de lectura":"2 minutos"},"schema":{"@context":"https:\/\/schema.org","@graph":[{"@type":"WebPage","@id":"https:\/\/www.rememberme-forever.com\/es\/producto\/urna-de-cremacion-con-forma-de-casco-para-motociclista\/","url":"https:\/\/www.rememberme-forever.com\/es\/producto\/urna-de-cremacion-con-forma-de-casco-para-motociclista\/","name":"Urna de cremaci\u00f3n con forma de casco para motociclista","isPartOf":{"@id":"https:\/\/www.rememberme-forever.com\/es\/#website"},"primaryImageOfPage":{"@id":"https:\/\/www.rememberme-forever.com\/es\/producto\/urna-de-cremacion-con-forma-de-casco-para-motociclista\/#primaryimage"},"image":{"@id":"https:\/\/www.rememberme-forever.com\/es\/producto\/urna-de-cremacion-con-forma-de-casco-para-motociclista\/#primaryimage"},"thumbnailUrl":"https:\/\/www.rememberme-forever.com\/wp-content\/uploads\/2023\/04\/helmet-cremation-urn.jpg","datePublished":"2023-04-13T13:36:09+00:00","dateModified":"2025-10-22T08:06:40+00:00","description":"Presentamos nuestra exclusiva y llamativa urna funeraria con forma de casco para motociclistas. Fabricada en cer\u00e1mica negra de alta calidad.","breadcrumb":{"@id":"https:\/\/www.rememberme-forever.com\/es\/producto\/urna-de-cremacion-con-forma-de-casco-para-motociclista\/#breadcrumb"},"inLanguage":"es","potentialAction":[{"@type":"ReadAction","target":["https:\/\/www.rememberme-forever.com\/es\/producto\/urna-de-cremacion-con-forma-de-casco-para-motociclista\/"]}]},{"@type":"ImageObject","inLanguage":"es","@id":"https:\/\/www.rememberme-forever.com\/es\/producto\/urna-de-cremacion-con-forma-de-casco-para-motociclista\/#primaryimage","url":"https:\/\/www.rememberme-forever.com\/wp-content\/uploads\/2023\/04\/helmet-cremation-urn.jpg","contentUrl":"https:\/\/www.rememberme-forever.com\/wp-content\/uploads\/2023\/04\/helmet-cremation-urn.jpg","width":1024,"height":1024,"caption":"helmet cremation urn"},{"@type":"BreadcrumbList","@id":"https:\/\/www.rememberme-forever.com\/es\/producto\/urna-de-cremacion-con-forma-de-casco-para-motociclista\/#breadcrumb","itemListElement":[{"@type":"ListItem","position":1,"name":"Home","item":"https:\/\/www.rememberme-forever.com\/es\/inicio\/"},{"@type":"ListItem","position":2,"name":"Comercio","item":"https:\/\/www.rememberme-forever.com\/es\/shop\/"},{"@type":"ListItem","position":3,"name":"Urna de cremaci\u00f3n con forma de casco para motociclista"}]},{"@type":"WebSite","@id":"https:\/\/www.rememberme-forever.com\/es\/#website","url":"https:\/\/www.rememberme-forever.com\/es\/","name":"Remember Forever","description":"Cremation urns, funeral urns, urns for ashes","publisher":{"@id":"https:\/\/www.rememberme-forever.com\/es\/#organization"},"potentialAction":[{"@type":"SearchAction","target":{"@type":"EntryPoint","urlTemplate":"https:\/\/www.rememberme-forever.com\/es\/?s={search_term_string}"},"query-input":{"@type":"PropertyValueSpecification","valueRequired":true,"valueName":"search_term_string"}}],"inLanguage":"es"},{"@type":"Organization","@id":"https:\/\/www.rememberme-forever.com\/es\/#organization","name":"Remember Forever","url":"https:\/\/www.rememberme-forever.com\/es\/","logo":{"@type":"ImageObject","inLanguage":"es","@id":"https:\/\/www.rememberme-forever.com\/es\/#\/schema\/logo\/image\/","url":"https:\/\/www.rememberme-forever.com\/wp-content\/uploads\/2023\/02\/logo.png","contentUrl":"https:\/\/www.rememberme-forever.com\/wp-content\/uploads\/2023\/02\/logo.png","width":300,"height":56,"caption":"Remember Forever"},"image":{"@id":"https:\/\/www.rememberme-forever.com\/es\/#\/schema\/logo\/image\/"}}]}},"acf":[],"_links":{"self":[{"href":"https:\/\/www.rememberme-forever.com\/es\/wp-json\/wp\/v2\/product\/20901","targetHints":{"allow":["GET"]}}],"collection":[{"href":"https:\/\/www.rememberme-forever.com\/es\/wp-json\/wp\/v2\/product"}],"about":[{"href":"https:\/\/www.rememberme-forever.com\/es\/wp-json\/wp\/v2\/types\/product"}],"wp:featuredmedia":[{"embeddable":true,"href":"https:\/\/www.rememberme-forever.com\/es\/wp-json\/wp\/v2\/media\/20902"}],"wp:attachment":[{"href":"https:\/\/www.rememberme-forever.com\/es\/wp-json\/wp\/v2\/media?parent=20901"}],"wp:term":[{"taxonomy":"product_brand","embeddable":true,"href":"https:\/\/www.rememberme-forever.com\/es\/wp-json\/wp\/v2\/product_brand?post=20901"},{"taxonomy":"product_cat","embeddable":true,"href":"https:\/\/www.rememberme-forever.com\/es\/wp-json\/wp\/v2\/product_cat?post=20901"},{"taxonomy":"product_tag","embeddable":true,"href":"https:\/\/www.rememberme-forever.com\/es\/wp-json\/wp\/v2\/product_tag?post=20901"}],"curies":[{"name":"wp","href":"https:\/\/api.w.org\/{rel}","templated":true}]}}