{"id":21555,"date":"2023-04-04T11:45:01","date_gmt":"2023-04-04T09:45:01","guid":{"rendered":"https:\/\/www.rememberme-forever.com\/product\/urna-de-nogal-para-cenizas-tamano-mediano-urna-de-madera-natural\/"},"modified":"2025-10-29T12:12:40","modified_gmt":"2025-10-29T11:12:40","slug":"urna-de-nogal-para-cenizas-tamano-mediano-urna-de-madera-natural","status":"publish","type":"product","link":"https:\/\/www.rememberme-forever.com\/es\/producto\/urna-de-nogal-para-cenizas-tamano-mediano-urna-de-madera-natural\/","title":{"rendered":"Urna de nogal para cenizas, tama\u00f1o mediano, urna de madera natural"},"content":{"rendered":"<div style=\"width: 100%; margin-bottom: 30px; height: max-content; padding-bottom: 60%; position: relative;\"><iframe style=\"position: absolute; top: 0; left: 0; width: 100%; height: 100%;\" src=\"https:\/\/rememberme-urns.com\/wooden-medium-size-walnut-urn\/\" frameborder=\"0\"><\/iframe><\/div>\n<div style=\"color: red; text-align: center; margin-bottom: 25px;\">\n<p>&gt;&gt; Foto giratoria &#8211; pulsar\/acercar &lt;&lt;<\/p>\n<\/div>\n<h2 style=\"text-align: center;\">Urna de nogal para cenizas, tama\u00f1o mediano<\/h2>\n<p style=\"text-align: center;\">Presentamos nuestra urna de nogal para cenizas, tama\u00f1o mediano, una forma hermosa y significativa de honrar la memoria de su ser querido. Esta elegante urna est\u00e1 hecha de madera de nogal de alta calidad, conocida por su durabilidad y belleza atemporal. La veta natural de la madera de nogal crea una est\u00e9tica c\u00e1lida y acogedora que complementar\u00e1 cualquier decoraci\u00f3n.<\/p>\n<p style=\"text-align: center;\">Esta urna de tama\u00f1o mediano cuenta con una tapa roscada segura que mantiene las cenizas protegidas en su interior. Adem\u00e1s, incluye un recipiente a juego que puede contener una peque\u00f1a porci\u00f3n de cenizas u otros recuerdos preciados, como un mech\u00f3n de cabello o una joya especial.<\/p>\n<p style=\"text-align: center;\">Para a\u00f1adir un toque personal a esta significativa urna, tambi\u00e9n ofrecemos una placa conmemorativa que se puede grabar con el nombre, las fechas de nacimiento y defunci\u00f3n, y un breve mensaje de su elecci\u00f3n. La placa, elaborada con laminado de alta calidad, se fija firmemente a la parte superior de la urna, creando un tributo duradero que podr\u00e1 atesorarse por generaciones.<\/p>\n<p style=\"text-align: center;\">Ya sea que la coloque en una repisa, estante u otro lugar especial de su hogar, esta urna de cremaci\u00f3n mediana de nogal con placa conmemorativa ofrece una forma hermosa y digna de recordar y honrar la vida de su ser querido.<\/p>\n<p>&nbsp;<\/p>\n<p style=\"text-align: center;\"><strong><em>Este producto est\u00e1 hecho de materiales naturales; la apariencia puede variar ligeramente.<\/em><\/strong><\/p>\n<p>&nbsp;<\/p>\n<h3 style=\"text-align: center;\"><strong>PERSONALIZACI\u00d3N<\/strong><\/h3>\n<p style=\"text-align: center;\">Si elige una placa personalizada, incluya el texto en el marco de personalizaci\u00f3n del producto.<\/p>\n<p style=\"text-align: center;\">La placa conmemorativa personalizada debe personalizarse al realizar el pedido. (No se preocupe si no la incluye, siempre puede enviarnos un mensaje despu\u00e9s).<\/p>\n<p style=\"text-align: center;\"><img loading=\"lazy\" decoding=\"async\" class=\" wp-image-966 aligncenter\" src=\"http:\/\/www.rememberme-forever.com\/wp-content\/uploads\/2023\/04\/memorial-plaque-for-urn-walnut-295x300.jpg\" alt=\"Placa conmemorativa para urna de nogal\" width=\"233\" height=\"237\" srcset=\"https:\/\/www.rememberme-forever.com\/wp-content\/uploads\/2023\/04\/memorial-plaque-for-urn-walnut-295x300.jpg 295w, https:\/\/www.rememberme-forever.com\/wp-content\/uploads\/2023\/04\/memorial-plaque-for-urn-walnut-600x610.jpg 600w, https:\/\/www.rememberme-forever.com\/wp-content\/uploads\/2023\/04\/memorial-plaque-for-urn-walnut-64x65.jpg 64w, https:\/\/www.rememberme-forever.com\/wp-content\/uploads\/2023\/04\/memorial-plaque-for-urn-walnut.jpg 768w\" sizes=\"auto, (max-width: 233px) 100vw, 233px\" \/><\/p>\n<p>&nbsp;<\/p>\n<p style=\"text-align: center;\">Revise atentamente el texto del grabado antes de a\u00f1adir el art\u00edculo al carrito. Copiamos y grabamos la informaci\u00f3n exacta que recibimos con el pedido y no realizamos ning\u00fan cambio.<\/p>\n<p style=\"text-align: center;\"><strong>Revise el texto para asegurarse de que la ortograf\u00eda sea correcta.<\/strong><\/p>\n<p>&nbsp;<\/p>\n<p style=\"text-align: center;\"><em><strong>Si necesita una placa conmemorativa como recuerdo, agregue el texto en un segundo marco.<\/strong><\/em><\/p>\n<p>&nbsp;<\/p>\n<p><img loading=\"lazy\" decoding=\"async\" class=\" wp-image-939 aligncenter\" src=\"http:\/\/www.rememberme-forever.com\/wp-content\/uploads\/2023\/04\/personalized-keepsake-walnut-urn-295x300.jpg\" alt=\"Urna de nogal personalizada para recuerdo\" width=\"150\" height=\"153\" srcset=\"https:\/\/www.rememberme-forever.com\/wp-content\/uploads\/2023\/04\/personalized-keepsake-walnut-urn-295x300.jpg 295w, https:\/\/www.rememberme-forever.com\/wp-content\/uploads\/2023\/04\/personalized-keepsake-walnut-urn-600x610.jpg 600w, https:\/\/www.rememberme-forever.com\/wp-content\/uploads\/2023\/04\/personalized-keepsake-walnut-urn-64x65.jpg 64w, https:\/\/www.rememberme-forever.com\/wp-content\/uploads\/2023\/04\/personalized-keepsake-walnut-urn.jpg 768w\" sizes=\"auto, (max-width: 150px) 100vw, 150px\" \/><\/p>\n<p>&nbsp;<\/p>\n<h3 style=\"text-align: center;\"><strong>\u00bfC\u00f3mo verter las cenizas en una urna?<\/strong><\/h3>\n<p style=\"text-align: center;\"><iframe loading=\"lazy\" title=\"C\u00f3mo llenar y cerrar una urna con cenizas del crematorio: Video instructivo de Remember Forever\" src=\"https:\/\/www.youtube.com\/embed\/sPMMFygo0vQ?feature=oembed\" width=\"640\" height=\"360\" frameborder=\"0\" allowfullscreen=\"allowfullscreen\" data-mce-fragment=\"1\"><\/iframe><\/p>\n","protected":false},"excerpt":{"rendered":"<p>Hermosa urna de nogal natural para cenizas, urna m\u00e1s peque\u00f1a para una persona peque\u00f1a o una parte de las cenizas.<\/p>\n<p><strong> Adecuada para contener las cenizas de una persona de hasta aproximadamente [peso corporal]. 50 kg (122 lbs). <\/strong><\/p>\n","protected":false},"featured_media":21560,"template":"","meta":{"_acf_changed":false},"product_brand":[],"product_cat":[2467],"product_tag":[3371],"class_list":{"0":"post-21555","1":"product","2":"type-product","3":"status-publish","4":"has-post-thumbnail","6":"product_cat-urnas-de-madera","7":"product_tag-gpsr-turned-wood","8":"product_shipping_class-2-4kg-es","10":"first","11":"instock","12":"taxable","13":"shipping-taxable","14":"purchasable","15":"product-type-variable"},"yoast_head":"<!-- This site is optimized with the Yoast SEO plugin v27.4 - https:\/\/yoast.com\/product\/yoast-seo-wordpress\/ -->\n<title>Urna de nogal para cenizas, tama\u00f1o mediano, urna de madera natural<\/title>\n<meta name=\"description\" content=\"Esta urna de nogal para cenizas, de tama\u00f1o mediano, es un tributo hermoso e imperecedero a su ser querido. Urna perfecta para una persona de menor estatura o para una parte de las cenizas.\" \/>\n<meta name=\"robots\" content=\"index, follow, max-snippet:-1, max-image-preview:large, max-video-preview:-1\" \/>\n<link rel=\"canonical\" href=\"https:\/\/www.rememberme-forever.com\/es\/producto\/urna-de-nogal-para-cenizas-tamano-mediano-urna-de-madera-natural\/\" \/>\n<meta property=\"og:locale\" content=\"es_ES\" \/>\n<meta property=\"og:type\" content=\"article\" \/>\n<meta property=\"og:title\" content=\"Urna de nogal para cenizas, tama\u00f1o mediano, urna de madera natural\" \/>\n<meta property=\"og:description\" content=\"Esta urna de nogal para cenizas, de tama\u00f1o mediano, es un tributo hermoso e imperecedero a su ser querido. Urna perfecta para una persona de menor estatura o para una parte de las cenizas.\" \/>\n<meta property=\"og:url\" content=\"https:\/\/www.rememberme-forever.com\/es\/producto\/urna-de-nogal-para-cenizas-tamano-mediano-urna-de-madera-natural\/\" \/>\n<meta property=\"og:site_name\" content=\"Remember Forever\" \/>\n<meta property=\"article:modified_time\" content=\"2025-10-29T11:12:40+00:00\" \/>\n<meta property=\"og:image\" content=\"http:\/\/www.rememberme-forever.com\/wp-content\/uploads\/2023\/04\/Walnut-urn-for-ashes-medium-size.jpg\" \/>\n\t<meta property=\"og:image:width\" content=\"768\" \/>\n\t<meta property=\"og:image:height\" content=\"781\" \/>\n\t<meta property=\"og:image:type\" content=\"image\/jpeg\" \/>\n<meta name=\"twitter:card\" content=\"summary_large_image\" \/>\n<meta name=\"twitter:label1\" content=\"Tiempo de lectura\" \/>\n\t<meta name=\"twitter:data1\" content=\"3 minutos\" \/>\n<script type=\"application\/ld+json\" class=\"yoast-schema-graph\">{\"@context\":\"https:\\\/\\\/schema.org\",\"@graph\":[{\"@type\":\"WebPage\",\"@id\":\"https:\\\/\\\/www.rememberme-forever.com\\\/es\\\/producto\\\/urna-de-nogal-para-cenizas-tamano-mediano-urna-de-madera-natural\\\/\",\"url\":\"https:\\\/\\\/www.rememberme-forever.com\\\/es\\\/producto\\\/urna-de-nogal-para-cenizas-tamano-mediano-urna-de-madera-natural\\\/\",\"name\":\"Urna de nogal para cenizas, tama\u00f1o mediano, urna de madera natural\",\"isPartOf\":{\"@id\":\"https:\\\/\\\/www.rememberme-forever.com\\\/es\\\/#website\"},\"primaryImageOfPage\":{\"@id\":\"https:\\\/\\\/www.rememberme-forever.com\\\/es\\\/producto\\\/urna-de-nogal-para-cenizas-tamano-mediano-urna-de-madera-natural\\\/#primaryimage\"},\"image\":{\"@id\":\"https:\\\/\\\/www.rememberme-forever.com\\\/es\\\/producto\\\/urna-de-nogal-para-cenizas-tamano-mediano-urna-de-madera-natural\\\/#primaryimage\"},\"thumbnailUrl\":\"https:\\\/\\\/www.rememberme-forever.com\\\/wp-content\\\/uploads\\\/2023\\\/04\\\/Walnut-urn-for-ashes-medium-size.jpg\",\"datePublished\":\"2023-04-04T09:45:01+00:00\",\"dateModified\":\"2025-10-29T11:12:40+00:00\",\"description\":\"Esta urna de nogal para cenizas, de tama\u00f1o mediano, es un tributo hermoso e imperecedero a su ser querido. Urna perfecta para una persona de menor estatura o para una parte de las cenizas.\",\"breadcrumb\":{\"@id\":\"https:\\\/\\\/www.rememberme-forever.com\\\/es\\\/producto\\\/urna-de-nogal-para-cenizas-tamano-mediano-urna-de-madera-natural\\\/#breadcrumb\"},\"inLanguage\":\"es\",\"potentialAction\":[{\"@type\":\"ReadAction\",\"target\":[\"https:\\\/\\\/www.rememberme-forever.com\\\/es\\\/producto\\\/urna-de-nogal-para-cenizas-tamano-mediano-urna-de-madera-natural\\\/\"]}]},{\"@type\":\"ImageObject\",\"inLanguage\":\"es\",\"@id\":\"https:\\\/\\\/www.rememberme-forever.com\\\/es\\\/producto\\\/urna-de-nogal-para-cenizas-tamano-mediano-urna-de-madera-natural\\\/#primaryimage\",\"url\":\"https:\\\/\\\/www.rememberme-forever.com\\\/wp-content\\\/uploads\\\/2023\\\/04\\\/Walnut-urn-for-ashes-medium-size.jpg\",\"contentUrl\":\"https:\\\/\\\/www.rememberme-forever.com\\\/wp-content\\\/uploads\\\/2023\\\/04\\\/Walnut-urn-for-ashes-medium-size.jpg\",\"width\":768,\"height\":781,\"caption\":\"Walnut urn for ashes medium size, medium sized urns\"},{\"@type\":\"BreadcrumbList\",\"@id\":\"https:\\\/\\\/www.rememberme-forever.com\\\/es\\\/producto\\\/urna-de-nogal-para-cenizas-tamano-mediano-urna-de-madera-natural\\\/#breadcrumb\",\"itemListElement\":[{\"@type\":\"ListItem\",\"position\":1,\"name\":\"Home\",\"item\":\"https:\\\/\\\/www.rememberme-forever.com\\\/es\\\/inicio\\\/\"},{\"@type\":\"ListItem\",\"position\":2,\"name\":\"Comercio\",\"item\":\"https:\\\/\\\/www.rememberme-forever.com\\\/es\\\/shop\\\/\"},{\"@type\":\"ListItem\",\"position\":3,\"name\":\"Urna de nogal para cenizas, tama\u00f1o mediano, urna de madera natural\"}]},{\"@type\":\"WebSite\",\"@id\":\"https:\\\/\\\/www.rememberme-forever.com\\\/es\\\/#website\",\"url\":\"https:\\\/\\\/www.rememberme-forever.com\\\/es\\\/\",\"name\":\"Remember Forever\",\"description\":\"Cremation urns, funeral urns, urns for ashes\",\"publisher\":{\"@id\":\"https:\\\/\\\/www.rememberme-forever.com\\\/es\\\/#organization\"},\"potentialAction\":[{\"@type\":\"SearchAction\",\"target\":{\"@type\":\"EntryPoint\",\"urlTemplate\":\"https:\\\/\\\/www.rememberme-forever.com\\\/es\\\/?s={search_term_string}\"},\"query-input\":{\"@type\":\"PropertyValueSpecification\",\"valueRequired\":true,\"valueName\":\"search_term_string\"}}],\"inLanguage\":\"es\"},{\"@type\":\"Organization\",\"@id\":\"https:\\\/\\\/www.rememberme-forever.com\\\/es\\\/#organization\",\"name\":\"Remember Forever\",\"url\":\"https:\\\/\\\/www.rememberme-forever.com\\\/es\\\/\",\"logo\":{\"@type\":\"ImageObject\",\"inLanguage\":\"es\",\"@id\":\"https:\\\/\\\/www.rememberme-forever.com\\\/es\\\/#\\\/schema\\\/logo\\\/image\\\/\",\"url\":\"https:\\\/\\\/www.rememberme-forever.com\\\/wp-content\\\/uploads\\\/2023\\\/02\\\/logo.png\",\"contentUrl\":\"https:\\\/\\\/www.rememberme-forever.com\\\/wp-content\\\/uploads\\\/2023\\\/02\\\/logo.png\",\"width\":300,\"height\":56,\"caption\":\"Remember Forever\"},\"image\":{\"@id\":\"https:\\\/\\\/www.rememberme-forever.com\\\/es\\\/#\\\/schema\\\/logo\\\/image\\\/\"}}]}<\/script>\n<!-- \/ Yoast SEO plugin. -->","yoast_head_json":{"title":"Urna de nogal para cenizas, tama\u00f1o mediano, urna de madera natural","description":"Esta urna de nogal para cenizas, de tama\u00f1o mediano, es un tributo hermoso e imperecedero a su ser querido. Urna perfecta para una persona de menor estatura o para una parte de las cenizas.","robots":{"index":"index","follow":"follow","max-snippet":"max-snippet:-1","max-image-preview":"max-image-preview:large","max-video-preview":"max-video-preview:-1"},"canonical":"https:\/\/www.rememberme-forever.com\/es\/producto\/urna-de-nogal-para-cenizas-tamano-mediano-urna-de-madera-natural\/","og_locale":"es_ES","og_type":"article","og_title":"Urna de nogal para cenizas, tama\u00f1o mediano, urna de madera natural","og_description":"Esta urna de nogal para cenizas, de tama\u00f1o mediano, es un tributo hermoso e imperecedero a su ser querido. Urna perfecta para una persona de menor estatura o para una parte de las cenizas.","og_url":"https:\/\/www.rememberme-forever.com\/es\/producto\/urna-de-nogal-para-cenizas-tamano-mediano-urna-de-madera-natural\/","og_site_name":"Remember Forever","article_modified_time":"2025-10-29T11:12:40+00:00","og_image":[{"width":768,"height":781,"url":"http:\/\/www.rememberme-forever.com\/wp-content\/uploads\/2023\/04\/Walnut-urn-for-ashes-medium-size.jpg","type":"image\/jpeg"}],"twitter_card":"summary_large_image","twitter_misc":{"Tiempo de lectura":"3 minutos"},"schema":{"@context":"https:\/\/schema.org","@graph":[{"@type":"WebPage","@id":"https:\/\/www.rememberme-forever.com\/es\/producto\/urna-de-nogal-para-cenizas-tamano-mediano-urna-de-madera-natural\/","url":"https:\/\/www.rememberme-forever.com\/es\/producto\/urna-de-nogal-para-cenizas-tamano-mediano-urna-de-madera-natural\/","name":"Urna de nogal para cenizas, tama\u00f1o mediano, urna de madera natural","isPartOf":{"@id":"https:\/\/www.rememberme-forever.com\/es\/#website"},"primaryImageOfPage":{"@id":"https:\/\/www.rememberme-forever.com\/es\/producto\/urna-de-nogal-para-cenizas-tamano-mediano-urna-de-madera-natural\/#primaryimage"},"image":{"@id":"https:\/\/www.rememberme-forever.com\/es\/producto\/urna-de-nogal-para-cenizas-tamano-mediano-urna-de-madera-natural\/#primaryimage"},"thumbnailUrl":"https:\/\/www.rememberme-forever.com\/wp-content\/uploads\/2023\/04\/Walnut-urn-for-ashes-medium-size.jpg","datePublished":"2023-04-04T09:45:01+00:00","dateModified":"2025-10-29T11:12:40+00:00","description":"Esta urna de nogal para cenizas, de tama\u00f1o mediano, es un tributo hermoso e imperecedero a su ser querido. Urna perfecta para una persona de menor estatura o para una parte de las cenizas.","breadcrumb":{"@id":"https:\/\/www.rememberme-forever.com\/es\/producto\/urna-de-nogal-para-cenizas-tamano-mediano-urna-de-madera-natural\/#breadcrumb"},"inLanguage":"es","potentialAction":[{"@type":"ReadAction","target":["https:\/\/www.rememberme-forever.com\/es\/producto\/urna-de-nogal-para-cenizas-tamano-mediano-urna-de-madera-natural\/"]}]},{"@type":"ImageObject","inLanguage":"es","@id":"https:\/\/www.rememberme-forever.com\/es\/producto\/urna-de-nogal-para-cenizas-tamano-mediano-urna-de-madera-natural\/#primaryimage","url":"https:\/\/www.rememberme-forever.com\/wp-content\/uploads\/2023\/04\/Walnut-urn-for-ashes-medium-size.jpg","contentUrl":"https:\/\/www.rememberme-forever.com\/wp-content\/uploads\/2023\/04\/Walnut-urn-for-ashes-medium-size.jpg","width":768,"height":781,"caption":"Walnut urn for ashes medium size, medium sized urns"},{"@type":"BreadcrumbList","@id":"https:\/\/www.rememberme-forever.com\/es\/producto\/urna-de-nogal-para-cenizas-tamano-mediano-urna-de-madera-natural\/#breadcrumb","itemListElement":[{"@type":"ListItem","position":1,"name":"Home","item":"https:\/\/www.rememberme-forever.com\/es\/inicio\/"},{"@type":"ListItem","position":2,"name":"Comercio","item":"https:\/\/www.rememberme-forever.com\/es\/shop\/"},{"@type":"ListItem","position":3,"name":"Urna de nogal para cenizas, tama\u00f1o mediano, urna de madera natural"}]},{"@type":"WebSite","@id":"https:\/\/www.rememberme-forever.com\/es\/#website","url":"https:\/\/www.rememberme-forever.com\/es\/","name":"Remember Forever","description":"Cremation urns, funeral urns, urns for ashes","publisher":{"@id":"https:\/\/www.rememberme-forever.com\/es\/#organization"},"potentialAction":[{"@type":"SearchAction","target":{"@type":"EntryPoint","urlTemplate":"https:\/\/www.rememberme-forever.com\/es\/?s={search_term_string}"},"query-input":{"@type":"PropertyValueSpecification","valueRequired":true,"valueName":"search_term_string"}}],"inLanguage":"es"},{"@type":"Organization","@id":"https:\/\/www.rememberme-forever.com\/es\/#organization","name":"Remember Forever","url":"https:\/\/www.rememberme-forever.com\/es\/","logo":{"@type":"ImageObject","inLanguage":"es","@id":"https:\/\/www.rememberme-forever.com\/es\/#\/schema\/logo\/image\/","url":"https:\/\/www.rememberme-forever.com\/wp-content\/uploads\/2023\/02\/logo.png","contentUrl":"https:\/\/www.rememberme-forever.com\/wp-content\/uploads\/2023\/02\/logo.png","width":300,"height":56,"caption":"Remember Forever"},"image":{"@id":"https:\/\/www.rememberme-forever.com\/es\/#\/schema\/logo\/image\/"}}]}},"acf":[],"_links":{"self":[{"href":"https:\/\/www.rememberme-forever.com\/es\/wp-json\/wp\/v2\/product\/21555","targetHints":{"allow":["GET"]}}],"collection":[{"href":"https:\/\/www.rememberme-forever.com\/es\/wp-json\/wp\/v2\/product"}],"about":[{"href":"https:\/\/www.rememberme-forever.com\/es\/wp-json\/wp\/v2\/types\/product"}],"wp:featuredmedia":[{"embeddable":true,"href":"https:\/\/www.rememberme-forever.com\/es\/wp-json\/wp\/v2\/media\/21560"}],"wp:attachment":[{"href":"https:\/\/www.rememberme-forever.com\/es\/wp-json\/wp\/v2\/media?parent=21555"}],"wp:term":[{"taxonomy":"product_brand","embeddable":true,"href":"https:\/\/www.rememberme-forever.com\/es\/wp-json\/wp\/v2\/product_brand?post=21555"},{"taxonomy":"product_cat","embeddable":true,"href":"https:\/\/www.rememberme-forever.com\/es\/wp-json\/wp\/v2\/product_cat?post=21555"},{"taxonomy":"product_tag","embeddable":true,"href":"https:\/\/www.rememberme-forever.com\/es\/wp-json\/wp\/v2\/product_tag?post=21555"}],"curies":[{"name":"wp","href":"https:\/\/api.w.org\/{rel}","templated":true}]}}