{"id":21621,"date":"2025-06-06T11:42:40","date_gmt":"2025-06-06T09:42:40","guid":{"rendered":"https:\/\/www.rememberme-forever.com\/product\/kit-de-inhumacion-urna-metalica-con-boveda-protectora-kit-funerario\/"},"modified":"2025-10-29T14:08:13","modified_gmt":"2025-10-29T13:08:13","slug":"kit-de-inhumacion-urna-metalica-con-boveda-protectora-kit-funerario","status":"publish","type":"product","link":"https:\/\/www.rememberme-forever.com\/es\/producto\/kit-de-inhumacion-urna-metalica-con-boveda-protectora-kit-funerario\/","title":{"rendered":"Kit de inhumaci\u00f3n: Urna met\u00e1lica con b\u00f3veda protectora &#8211; Kit funerario"},"content":{"rendered":"<section class=\"section\">\n<div class=\"item item-12\">\n<section class=\"text-item\">\n<p style=\"text-align: center;\" data-start=\"56\" data-end=\"322\">Si busca una soluci\u00f3n segura y confiable para la inhumaci\u00f3n de una urna, este kit es una excelente opci\u00f3n. Incluye una urna met\u00e1lica resistente y una b\u00f3veda protectora dise\u00f1ada para resguardarla de la humedad, las inclemencias del tiempo y la presi\u00f3n del suelo.<\/p>\n<p style=\"text-align: center;\" data-start=\"324\" data-end=\"582\">El proceso es sencillo: coloque la urna dentro de la b\u00f3veda y quedar\u00e1 protegida de los elementos y de cualquier da\u00f1o. Esto garantiza que las cenizas de su ser querido permanezcan protegidas y conservadas durante muchos a\u00f1os, brind\u00e1ndole tranquilidad y consuelo.<\/p>\n<p style=\"text-align: center;\" data-start=\"584\" data-end=\"728\" data-is-last-node=\"\" data-is-only-node=\"\">Esta pr\u00e1ctica y duradera soluci\u00f3n de inhumaci\u00f3n est\u00e1 dise\u00f1ada para proporcionar un lugar de descanso seguro, respetuoso y permanente para la memoria de su ser querido.<\/p>\n<div style=\"width: 100%; margin-bottom: 40px; height: max-content; padding-bottom: 60%; position: relative;\"><iframe style=\"position: absolute; top: 0; left: 0; width: 100%; height: 100%;\" src=\"https:\/\/rememberme-urns.com\/capsule-for-a-funeral-urn\/\" frameborder=\"0\"><\/iframe><\/div>\n<div style=\"color: red; text-align: center; margin-bottom: 25px;\">\n<p>&gt;&gt; Foto giratoria &#8211; pulsar\/acercar &lt;&lt;<\/p>\n<\/div>\n<h2 style=\"text-align: center;\"><strong style=\"font-size: 14px;\"><span style=\"color: #000000;\">B\u00d3VEDA<\/span><\/strong><\/h2>\n<p style=\"text-align: center;\"><span style=\"color: #000000;\">Contenedor de pl\u00e1stico ABS dise\u00f1ado para el entierro de urnas en tierra o en una tumba. El contenedor es resistente a la intemperie y no se descompone en el suelo. <\/span><\/p>\n<p style=\"text-align: center;\"><span style=\"color: #000000;\">El prop\u00f3sito principal del contenedor es proteger la urna del contacto directo con el suelo y la presi\u00f3n del suelo.<\/span><\/p>\n<p style=\"text-align: center;\"><strong><span style=\"color: #000000;\">Para sellar la tapa superior, se recomienda usar pegamento o silicona.<\/span><\/strong><\/p>\n<p style=\"text-align: center;\"><strong><span style=\"color: #000000;\">SET<\/span><\/strong><\/p>\n<p style=\"text-align: center;\"><span style=\"color: #000000;\">Al elegir este set, recibir\u00e1:<\/span><\/p>\n<p style=\"text-align: center;\"><span style=\"color: #000000;\">\u25cf Una urna que se ajusta perfectamente a la c\u00e1psula.<\/span><\/p>\n<p style=\"text-align: center;\"><span style=\"color: #000000;\">\u25cf Un contenedor resistente para enterrar la urna.<\/span><\/p>\n<p style=\"text-align: center;\"><span style=\"color: #000000;\">\u25cf La seguridad de que todo encajar\u00e1 a la perfecci\u00f3n.<\/span><\/p>\n<p style=\"text-align: center;\"><span style=\"color: #000000;\">\u25cf Ahorro de tiempo y dinero.<\/span><\/p>\n<p style=\"text-align: center;\"><span style=\"color: #000000;\">\u25cf Evita el riesgo de comprar un contenedor demasiado peque\u00f1o.<\/span><\/p>\n<p style=\"text-align: center;\"><span style=\"color: #000000;\">&#8212;&#8212;&#8212;&#8212;&#8212;&#8212;&#8212;&#8212;&#8212;&#8212;&#8211;<\/span><\/p>\n<p style=\"text-align: center;\"><span style=\"color: #000000;\">\u25ba DETALLES DEL PRODUCTO \u25c4<\/span><\/p>\n<p style=\"text-align: center;\"><span style=\"color: #000000;\">B\u00d3VEDA:<\/span><\/p>\n<ul>\n<li style=\"text-align: center;\"><span style=\"font-size: 14px; color: #000000; font-family: Arial;\">Dimensiones: Alto: <span class=\"result-height-cm\">31,5 <\/span>cm, Ancho: <span class=\"result-width-cm\">20 <\/span>cm, Fondo: <span class=\"result-depth-cm\">20 <\/span>cm<\/span><\/li>\n<li style=\"text-align: center;\"><span style=\"color: #000000; font-family: Arial;\">Dimensiones: Alto: <span class=\"result-height-cale\">12,29<\/span>\u00ab, Ancho: <span class=\"result-width-cale\">7,80<\/span>\u00ab, Fondo: <span class=\"result-depth-cale\">7,80<\/span>\u00ab<\/span><\/li>\n<li style=\"text-align: center;\"><span style=\"color: #000000;\">Capacidad: <span class=\"result-capacity-liters\">8,2 <\/span>L \/ <span class=\"result-capacity-inches\">500,36 <\/span>pulgadas c\u00fabicas<\/span><\/li>\n<li style=\"text-align: center;\"><span style=\"color: #000000;\">Peso: <span class=\"result-weight-kg\">0,5 <\/span>kg \/ <span class=\"result-weight-pounds\">1,10 <\/span>lbs<\/span><\/li>\n<li style=\"text-align: center;\"><span style=\"color: #000000;\">Material: <span class=\"result-material\">ABS<\/span><\/span><\/li>\n<\/ul>\n<p style=\"text-align: center;\"><span style=\"color: #000000;\">URNA<\/span><\/p>\n<ul>\n<li style=\"text-align: center;\"><span style=\"color: #000000;\">Dimensiones: 20 cm (profundidad) x 30 cm (altura)<\/span><\/li>\n<li style=\"text-align: center;\"><span style=\"color: #000000;\">Dimensiones: 7,8&#8243; (profundidad) x 11,8&#8243; (altura)<\/span><\/li>\n<li style=\"text-align: center;\"><span style=\"color: #000000;\">Capacidad: 3,8 litros (231,8 pulgadas c\u00fabicas)<\/span><\/li>\n<li style=\"text-align: center;\"><span style=\"color: #000000;\">Peso: 1 kg<\/span><\/li>\n<li style=\"text-align: center;\"><span style=\"color: #000000;\">Material: Metal<\/span><\/li>\n<li style=\"text-align: center;\"><span style=\"color: #000000;\">Apto para personas con un peso corporal aproximado de 231 lb a 104 kg<\/span><\/li>\n<\/ul>\n<\/section>\n<\/div>\n<\/section>\n<p>&nbsp;<\/p>\n<p style=\"text-align: center;\">\u25ba PERSONALIZACI\u00d3N \u25c4<\/p>\n<p>&nbsp;<\/p>\n<div style=\"text-align: center;\">Placa para b\u00f3veda<\/div>\n<div style=\"text-align: center;\">La placa conmemorativa personalizada debe personalizarse al realizar el pedido. (No se preocupe si no la incluye, siempre puede enviarnos un mensaje despu\u00e9s).<\/div>\n<div style=\"text-align: center;\">Si elige una placa personalizada, incluya el texto en la secci\u00f3n \u00abNota del comprador\u00bb durante el proceso de compra.<\/div>\n<p>&nbsp;<\/p>\n<p style=\"text-align: center;\"><b>Las limitaciones de texto son las siguientes:<\/b><\/p>\n<ul>\n<li style=\"text-align: center;\">Nombre(s): Hasta 24 caracteres<\/li>\n<li style=\"text-align: center;\">Fecha(s) de nacimiento y fallecimiento: Hasta 24 caracteres<\/li>\n<li style=\"text-align: center;\">Tercera l\u00ednea: Hasta 24 caracteres<\/li>\n<li style=\"text-align: center;\">Cuarta l\u00ednea: Hasta 24 caracteres<\/li>\n<li style=\"text-align: center;\">Quinta l\u00ednea: Hasta 24 caracteres<\/li>\n<\/ul>\n<p>&nbsp;<\/p>\n<p style=\"text-align: center;\"><b>Revise detenidamente el texto para el grabado antes de a\u00f1adir el art\u00edculo al carrito. Copiamos y grabamos la informaci\u00f3n exacta que recibimos con el pedido y no realizamos ning\u00fan cambio. <\/b><\/p>\n<p style=\"text-align: center;\">Revise el texto para asegurarse de que la ortograf\u00eda sea correcta.<\/p>\n<p style=\"text-align: center;\">NO introduzca informaci\u00f3n personalizada si compra la opci\u00f3n \u00abUrna sin placa\u00bb.<\/p>\n","protected":false},"excerpt":{"rendered":"<p>Si busca una soluci\u00f3n segura y confiable para la inhumaci\u00f3n de una urna, este kit es una excelente opci\u00f3n. Incluye una urna met\u00e1lica resistente y&#8230;<\/p>\n","protected":false},"featured_media":21622,"template":"","meta":{"_acf_changed":false},"product_brand":[],"product_cat":[2443],"product_tag":[3363],"class_list":{"0":"post-21621","1":"product","2":"type-product","3":"status-publish","4":"has-post-thumbnail","6":"product_cat-conjuntos-funerarios","7":"product_tag-gpsr-set-vault-various-urns","8":"product_shipping_class-4-5-kg-es","10":"first","11":"instock","12":"taxable","13":"shipping-taxable","14":"purchasable","15":"product-type-variable"},"yoast_head":"<!-- This site is optimized with the Yoast SEO plugin v27.4 - https:\/\/yoast.com\/product\/yoast-seo-wordpress\/ -->\n<title>Kit de inhumaci\u00f3n: Urna met\u00e1lica con b\u00f3veda protectora - Kit funerario - Remember Forever<\/title>\n<meta name=\"robots\" content=\"index, follow, max-snippet:-1, max-image-preview:large, max-video-preview:-1\" \/>\n<link rel=\"canonical\" href=\"https:\/\/www.rememberme-forever.com\/es\/producto\/kit-de-inhumacion-urna-metalica-con-boveda-protectora-kit-funerario\/\" \/>\n<meta property=\"og:locale\" content=\"es_ES\" \/>\n<meta property=\"og:type\" content=\"article\" \/>\n<meta property=\"og:title\" content=\"Kit de inhumaci\u00f3n: Urna met\u00e1lica con b\u00f3veda protectora - Kit funerario - Remember Forever\" \/>\n<meta property=\"og:description\" content=\"Si busca una soluci\u00f3n segura y confiable para la inhumaci\u00f3n de una urna, este kit es una excelente opci\u00f3n. Incluye una urna met\u00e1lica resistente y...\" \/>\n<meta property=\"og:url\" content=\"https:\/\/www.rememberme-forever.com\/es\/producto\/kit-de-inhumacion-urna-metalica-con-boveda-protectora-kit-funerario\/\" \/>\n<meta property=\"og:site_name\" content=\"Remember Forever\" \/>\n<meta property=\"article:modified_time\" content=\"2025-10-29T13:08:13+00:00\" \/>\n<meta property=\"og:image\" content=\"http:\/\/www.rememberme-forever.com\/wp-content\/uploads\/2025\/06\/vault-3dprint-m71a-cross-plaque.jpg\" \/>\n\t<meta property=\"og:image:width\" content=\"1007\" \/>\n\t<meta property=\"og:image:height\" content=\"1024\" \/>\n\t<meta property=\"og:image:type\" content=\"image\/jpeg\" \/>\n<meta name=\"twitter:card\" content=\"summary_large_image\" \/>\n<meta name=\"twitter:label1\" content=\"Tiempo de lectura\" \/>\n\t<meta name=\"twitter:data1\" content=\"3 minutos\" \/>\n<script type=\"application\/ld+json\" class=\"yoast-schema-graph\">{\"@context\":\"https:\\\/\\\/schema.org\",\"@graph\":[{\"@type\":\"WebPage\",\"@id\":\"https:\\\/\\\/www.rememberme-forever.com\\\/es\\\/producto\\\/kit-de-inhumacion-urna-metalica-con-boveda-protectora-kit-funerario\\\/\",\"url\":\"https:\\\/\\\/www.rememberme-forever.com\\\/es\\\/producto\\\/kit-de-inhumacion-urna-metalica-con-boveda-protectora-kit-funerario\\\/\",\"name\":\"Kit de inhumaci\u00f3n: Urna met\u00e1lica con b\u00f3veda protectora - Kit funerario - Remember Forever\",\"isPartOf\":{\"@id\":\"https:\\\/\\\/www.rememberme-forever.com\\\/es\\\/#website\"},\"primaryImageOfPage\":{\"@id\":\"https:\\\/\\\/www.rememberme-forever.com\\\/es\\\/producto\\\/kit-de-inhumacion-urna-metalica-con-boveda-protectora-kit-funerario\\\/#primaryimage\"},\"image\":{\"@id\":\"https:\\\/\\\/www.rememberme-forever.com\\\/es\\\/producto\\\/kit-de-inhumacion-urna-metalica-con-boveda-protectora-kit-funerario\\\/#primaryimage\"},\"thumbnailUrl\":\"https:\\\/\\\/www.rememberme-forever.com\\\/wp-content\\\/uploads\\\/2025\\\/06\\\/vault-3dprint-m71a-cross-plaque.jpg\",\"datePublished\":\"2025-06-06T09:42:40+00:00\",\"dateModified\":\"2025-10-29T13:08:13+00:00\",\"breadcrumb\":{\"@id\":\"https:\\\/\\\/www.rememberme-forever.com\\\/es\\\/producto\\\/kit-de-inhumacion-urna-metalica-con-boveda-protectora-kit-funerario\\\/#breadcrumb\"},\"inLanguage\":\"es\",\"potentialAction\":[{\"@type\":\"ReadAction\",\"target\":[\"https:\\\/\\\/www.rememberme-forever.com\\\/es\\\/producto\\\/kit-de-inhumacion-urna-metalica-con-boveda-protectora-kit-funerario\\\/\"]}]},{\"@type\":\"ImageObject\",\"inLanguage\":\"es\",\"@id\":\"https:\\\/\\\/www.rememberme-forever.com\\\/es\\\/producto\\\/kit-de-inhumacion-urna-metalica-con-boveda-protectora-kit-funerario\\\/#primaryimage\",\"url\":\"https:\\\/\\\/www.rememberme-forever.com\\\/wp-content\\\/uploads\\\/2025\\\/06\\\/vault-3dprint-m71a-cross-plaque.jpg\",\"contentUrl\":\"https:\\\/\\\/www.rememberme-forever.com\\\/wp-content\\\/uploads\\\/2025\\\/06\\\/vault-3dprint-m71a-cross-plaque.jpg\",\"width\":1007,\"height\":1024,\"caption\":\"Burial Set \u2013 Metal Urn with Protective Vault - Funeral Set\"},{\"@type\":\"BreadcrumbList\",\"@id\":\"https:\\\/\\\/www.rememberme-forever.com\\\/es\\\/producto\\\/kit-de-inhumacion-urna-metalica-con-boveda-protectora-kit-funerario\\\/#breadcrumb\",\"itemListElement\":[{\"@type\":\"ListItem\",\"position\":1,\"name\":\"Home\",\"item\":\"https:\\\/\\\/www.rememberme-forever.com\\\/es\\\/inicio\\\/\"},{\"@type\":\"ListItem\",\"position\":2,\"name\":\"Comercio\",\"item\":\"https:\\\/\\\/www.rememberme-forever.com\\\/es\\\/shop\\\/\"},{\"@type\":\"ListItem\",\"position\":3,\"name\":\"Kit de inhumaci\u00f3n: Urna met\u00e1lica con b\u00f3veda protectora &#8211; Kit funerario\"}]},{\"@type\":\"WebSite\",\"@id\":\"https:\\\/\\\/www.rememberme-forever.com\\\/es\\\/#website\",\"url\":\"https:\\\/\\\/www.rememberme-forever.com\\\/es\\\/\",\"name\":\"Remember Forever\",\"description\":\"Cremation urns, funeral urns, urns for ashes\",\"publisher\":{\"@id\":\"https:\\\/\\\/www.rememberme-forever.com\\\/es\\\/#organization\"},\"potentialAction\":[{\"@type\":\"SearchAction\",\"target\":{\"@type\":\"EntryPoint\",\"urlTemplate\":\"https:\\\/\\\/www.rememberme-forever.com\\\/es\\\/?s={search_term_string}\"},\"query-input\":{\"@type\":\"PropertyValueSpecification\",\"valueRequired\":true,\"valueName\":\"search_term_string\"}}],\"inLanguage\":\"es\"},{\"@type\":\"Organization\",\"@id\":\"https:\\\/\\\/www.rememberme-forever.com\\\/es\\\/#organization\",\"name\":\"Remember Forever\",\"url\":\"https:\\\/\\\/www.rememberme-forever.com\\\/es\\\/\",\"logo\":{\"@type\":\"ImageObject\",\"inLanguage\":\"es\",\"@id\":\"https:\\\/\\\/www.rememberme-forever.com\\\/es\\\/#\\\/schema\\\/logo\\\/image\\\/\",\"url\":\"https:\\\/\\\/www.rememberme-forever.com\\\/wp-content\\\/uploads\\\/2023\\\/02\\\/logo.png\",\"contentUrl\":\"https:\\\/\\\/www.rememberme-forever.com\\\/wp-content\\\/uploads\\\/2023\\\/02\\\/logo.png\",\"width\":300,\"height\":56,\"caption\":\"Remember Forever\"},\"image\":{\"@id\":\"https:\\\/\\\/www.rememberme-forever.com\\\/es\\\/#\\\/schema\\\/logo\\\/image\\\/\"}}]}<\/script>\n<!-- \/ Yoast SEO plugin. -->","yoast_head_json":{"title":"Kit de inhumaci\u00f3n: Urna met\u00e1lica con b\u00f3veda protectora - Kit funerario - Remember Forever","robots":{"index":"index","follow":"follow","max-snippet":"max-snippet:-1","max-image-preview":"max-image-preview:large","max-video-preview":"max-video-preview:-1"},"canonical":"https:\/\/www.rememberme-forever.com\/es\/producto\/kit-de-inhumacion-urna-metalica-con-boveda-protectora-kit-funerario\/","og_locale":"es_ES","og_type":"article","og_title":"Kit de inhumaci\u00f3n: Urna met\u00e1lica con b\u00f3veda protectora - Kit funerario - Remember Forever","og_description":"Si busca una soluci\u00f3n segura y confiable para la inhumaci\u00f3n de una urna, este kit es una excelente opci\u00f3n. Incluye una urna met\u00e1lica resistente y...","og_url":"https:\/\/www.rememberme-forever.com\/es\/producto\/kit-de-inhumacion-urna-metalica-con-boveda-protectora-kit-funerario\/","og_site_name":"Remember Forever","article_modified_time":"2025-10-29T13:08:13+00:00","og_image":[{"width":1007,"height":1024,"url":"http:\/\/www.rememberme-forever.com\/wp-content\/uploads\/2025\/06\/vault-3dprint-m71a-cross-plaque.jpg","type":"image\/jpeg"}],"twitter_card":"summary_large_image","twitter_misc":{"Tiempo de lectura":"3 minutos"},"schema":{"@context":"https:\/\/schema.org","@graph":[{"@type":"WebPage","@id":"https:\/\/www.rememberme-forever.com\/es\/producto\/kit-de-inhumacion-urna-metalica-con-boveda-protectora-kit-funerario\/","url":"https:\/\/www.rememberme-forever.com\/es\/producto\/kit-de-inhumacion-urna-metalica-con-boveda-protectora-kit-funerario\/","name":"Kit de inhumaci\u00f3n: Urna met\u00e1lica con b\u00f3veda protectora - Kit funerario - Remember Forever","isPartOf":{"@id":"https:\/\/www.rememberme-forever.com\/es\/#website"},"primaryImageOfPage":{"@id":"https:\/\/www.rememberme-forever.com\/es\/producto\/kit-de-inhumacion-urna-metalica-con-boveda-protectora-kit-funerario\/#primaryimage"},"image":{"@id":"https:\/\/www.rememberme-forever.com\/es\/producto\/kit-de-inhumacion-urna-metalica-con-boveda-protectora-kit-funerario\/#primaryimage"},"thumbnailUrl":"https:\/\/www.rememberme-forever.com\/wp-content\/uploads\/2025\/06\/vault-3dprint-m71a-cross-plaque.jpg","datePublished":"2025-06-06T09:42:40+00:00","dateModified":"2025-10-29T13:08:13+00:00","breadcrumb":{"@id":"https:\/\/www.rememberme-forever.com\/es\/producto\/kit-de-inhumacion-urna-metalica-con-boveda-protectora-kit-funerario\/#breadcrumb"},"inLanguage":"es","potentialAction":[{"@type":"ReadAction","target":["https:\/\/www.rememberme-forever.com\/es\/producto\/kit-de-inhumacion-urna-metalica-con-boveda-protectora-kit-funerario\/"]}]},{"@type":"ImageObject","inLanguage":"es","@id":"https:\/\/www.rememberme-forever.com\/es\/producto\/kit-de-inhumacion-urna-metalica-con-boveda-protectora-kit-funerario\/#primaryimage","url":"https:\/\/www.rememberme-forever.com\/wp-content\/uploads\/2025\/06\/vault-3dprint-m71a-cross-plaque.jpg","contentUrl":"https:\/\/www.rememberme-forever.com\/wp-content\/uploads\/2025\/06\/vault-3dprint-m71a-cross-plaque.jpg","width":1007,"height":1024,"caption":"Burial Set \u2013 Metal Urn with Protective Vault - Funeral Set"},{"@type":"BreadcrumbList","@id":"https:\/\/www.rememberme-forever.com\/es\/producto\/kit-de-inhumacion-urna-metalica-con-boveda-protectora-kit-funerario\/#breadcrumb","itemListElement":[{"@type":"ListItem","position":1,"name":"Home","item":"https:\/\/www.rememberme-forever.com\/es\/inicio\/"},{"@type":"ListItem","position":2,"name":"Comercio","item":"https:\/\/www.rememberme-forever.com\/es\/shop\/"},{"@type":"ListItem","position":3,"name":"Kit de inhumaci\u00f3n: Urna met\u00e1lica con b\u00f3veda protectora &#8211; Kit funerario"}]},{"@type":"WebSite","@id":"https:\/\/www.rememberme-forever.com\/es\/#website","url":"https:\/\/www.rememberme-forever.com\/es\/","name":"Remember Forever","description":"Cremation urns, funeral urns, urns for ashes","publisher":{"@id":"https:\/\/www.rememberme-forever.com\/es\/#organization"},"potentialAction":[{"@type":"SearchAction","target":{"@type":"EntryPoint","urlTemplate":"https:\/\/www.rememberme-forever.com\/es\/?s={search_term_string}"},"query-input":{"@type":"PropertyValueSpecification","valueRequired":true,"valueName":"search_term_string"}}],"inLanguage":"es"},{"@type":"Organization","@id":"https:\/\/www.rememberme-forever.com\/es\/#organization","name":"Remember Forever","url":"https:\/\/www.rememberme-forever.com\/es\/","logo":{"@type":"ImageObject","inLanguage":"es","@id":"https:\/\/www.rememberme-forever.com\/es\/#\/schema\/logo\/image\/","url":"https:\/\/www.rememberme-forever.com\/wp-content\/uploads\/2023\/02\/logo.png","contentUrl":"https:\/\/www.rememberme-forever.com\/wp-content\/uploads\/2023\/02\/logo.png","width":300,"height":56,"caption":"Remember Forever"},"image":{"@id":"https:\/\/www.rememberme-forever.com\/es\/#\/schema\/logo\/image\/"}}]}},"acf":[],"_links":{"self":[{"href":"https:\/\/www.rememberme-forever.com\/es\/wp-json\/wp\/v2\/product\/21621","targetHints":{"allow":["GET"]}}],"collection":[{"href":"https:\/\/www.rememberme-forever.com\/es\/wp-json\/wp\/v2\/product"}],"about":[{"href":"https:\/\/www.rememberme-forever.com\/es\/wp-json\/wp\/v2\/types\/product"}],"wp:featuredmedia":[{"embeddable":true,"href":"https:\/\/www.rememberme-forever.com\/es\/wp-json\/wp\/v2\/media\/21622"}],"wp:attachment":[{"href":"https:\/\/www.rememberme-forever.com\/es\/wp-json\/wp\/v2\/media?parent=21621"}],"wp:term":[{"taxonomy":"product_brand","embeddable":true,"href":"https:\/\/www.rememberme-forever.com\/es\/wp-json\/wp\/v2\/product_brand?post=21621"},{"taxonomy":"product_cat","embeddable":true,"href":"https:\/\/www.rememberme-forever.com\/es\/wp-json\/wp\/v2\/product_cat?post=21621"},{"taxonomy":"product_tag","embeddable":true,"href":"https:\/\/www.rememberme-forever.com\/es\/wp-json\/wp\/v2\/product_tag?post=21621"}],"curies":[{"name":"wp","href":"https:\/\/api.w.org\/{rel}","templated":true}]}}