{"id":21865,"date":"2025-10-30T09:41:36","date_gmt":"2025-10-30T08:41:36","guid":{"rendered":"https:\/\/www.rememberme-forever.com\/product\/florero-personalizado-para-cementerio-con-placa-grabada-florero\/"},"modified":"2025-10-30T15:18:27","modified_gmt":"2025-10-30T14:18:27","slug":"florero-personalizado-para-cementerio-con-placa-grabada-florero","status":"publish","type":"product","link":"https:\/\/www.rememberme-forever.com\/es\/producto\/florero-personalizado-para-cementerio-con-placa-grabada-florero\/","title":{"rendered":"Florero personalizado para cementerio con placa grabada. Florero"},"content":{"rendered":"<p style=\"text-align: center;\" data-start=\"194\" data-end=\"340\"><strong data-start=\"194\" data-end=\"338\">La venta incluye \u00fanicamente el jarr\u00f3n y una placa opcional con su propio texto. Las flores que aparecen en las fotos no est\u00e1n incluidas. <\/strong><\/p>\n<p style=\"text-align: center;\" data-start=\"342\" data-end=\"627\">La muesca visible en el lateral del florero act\u00faa como drenaje, protegi\u00e9ndolo eficazmente de grietas por heladas o cambios bruscos de temperatura. Esto garantiza que el florero se mantenga en excelentes condiciones durante a\u00f1os, independientemente de las condiciones clim\u00e1ticas.<\/p>\n<p style=\"text-align: center;\" data-start=\"629\" data-end=\"906\">Este florero personalizado para cementerio est\u00e1 fabricado con un compuesto resistente y robusto que combina la durabilidad y la elegancia de la piedra natural. Su c\u00e1lido tono arena con un sutil brillo le confiere un car\u00e1cter \u00fanico y una discreta distinci\u00f3n.<\/p>\n<p style=\"text-align: center;\" data-start=\"908\" data-end=\"1174\">La placa grabada opcional con su propio texto es un hermoso detalle personal: puede incluir el nombre de un ser querido, fechas, una cita o un breve recuerdo. La placa se puede colocar f\u00e1cilmente entre las flores para crear una composici\u00f3n armoniosa y est\u00e9ticamente agradable.<\/p>\n<div style=\"width: 100%; margin-bottom: 40px; height: max-content; padding-bottom: 60%; position: relative;\"><iframe style=\"position: absolute; top: 0; left: 0; width: 100%; height: 100%;\" src=\"https:\/\/rememberme-urns.com\/cemetery-vases-large-size\/\" frameborder=\"0\"><\/iframe><\/div>\n<div style=\"color: red; text-align: center; margin-bottom: 25px;\">\n<p>&gt;&gt; Foto giratoria &#8211; pulsar\/acercar &lt;&lt;<\/p>\n<\/div>\n<p style=\"text-align: center;\" data-start=\"1176\" data-end=\"1197\"><strong data-start=\"1176\" data-end=\"1195\">Caracter\u00edsticas del producto:<\/strong><\/p>\n<p style=\"text-align: center;\" data-start=\"1200\" data-end=\"1245\">Material: compuesto resistente y pesado<\/p>\n<p style=\"text-align: center;\" data-start=\"1248\" data-end=\"1297\">Color: arena marr\u00f3n con un delicado brillo<\/p>\n<p style=\"text-align: center;\" data-start=\"1300\" data-end=\"1338\">Resistente a las heladas, la lluvia y la radiaci\u00f3n UV<\/p>\n<p style=\"text-align: center;\" data-start=\"1341\" data-end=\"1388\">Resistente a las heladas, la lluvia y la radiaci\u00f3n UV<\/p>\n<p style=\"text-align: center;\" data-start=\"1391\" data-end=\"1451\">Placa opcional con grabado: posibilidad de personalizaci\u00f3n<\/p>\n<p style=\"text-align: center;\" data-start=\"1454\" data-end=\"1484\">Forma elegante y cl\u00e1sica<\/p>\n<p style=\"text-align: center;\" data-start=\"1487\" data-end=\"1531\">Ideal para flores frescas o artificiales<\/p>\n<div style=\"text-align: center;\"><strong data-start=\"1533\" data-end=\"1550\">Aplicaci\u00f3n:<\/strong><\/div>\n<div style=\"text-align: center;\">El jarr\u00f3n es ideal como decoraci\u00f3n para l\u00e1pidas: una forma hermosa, duradera y simb\u00f3lica de mantener vivo el recuerdo de los seres queridos.<\/div>\n<p class=\"MsoNormal\" style=\"text-align: center;\" align=\"center\"><b><b>\u25ba PERSONALIZACI\u00d3N \u25c4<\/b><\/b><\/p>\n<p class=\"MsoNormal\" style=\"text-align: center;\" align=\"center\"><span lang=\"EN-US\">Si elige una placa personalizada, escriba el texto en el lugar correspondiente o env\u00edenos un mensaje.<\/span><\/p>\n<p class=\"MsoNormal\" style=\"text-align: center;\" align=\"center\"><span lang=\"EN-US\">La placa conmemorativa personalizada debe personalizarse durante el proceso de pedido. (No se preocupe si lo olvida, siempre puede enviarnos un mensaje m\u00e1s tarde).The personalized memorial plaque must be customized during the ordering process. (Don\u2019t worry if you forget, you can always send us a message later.) <\/span><\/p>\n<p class=\"MsoNormal\" style=\"text-align: center;\" align=\"center\">\n<p class=\"MsoNormal\" style=\"text-align: center;\" align=\"center\"><b><span lang=\"EN-US\">Las limitaciones de texto son las siguientes:<\/span><\/b><\/p>\n<p class=\"MsoNormal\" style=\"text-align: center;\" align=\"center\">&#8211; Nombre(s) hasta 24 caracteres<\/p>\n<p class=\"MsoNormal\" style=\"text-align: center;\" align=\"center\"><span lang=\"EN-US\">&#8211; Fecha de nacimiento y defunci\u00f3n hasta 24 caracteres<\/span><\/p>\n<p class=\"MsoNormal\" style=\"text-align: center;\" align=\"center\">&#8211; Tercera l\u00ednea hasta 24 caracteres<\/p>\n<p class=\"MsoNormal\" style=\"text-align: center;\" align=\"center\">&#8211; Cuarta l\u00ednea hasta 24 caracteres<\/p>\n<p class=\"MsoNormal\" style=\"text-align: center;\" align=\"center\">&#8211; Quinta l\u00ednea hasta 24 caracteres<\/p>\n<p class=\"MsoNormal\" style=\"text-align: center;\" align=\"center\">&#8211; Sexta l\u00ednea hasta 24 caracteres<\/p>\n<p class=\"MsoNormal\" style=\"text-align: center;\" align=\"center\">\n<p class=\"MsoNormal\" style=\"text-align: center;\" align=\"center\"><b><span lang=\"EN-US\">Por favor, revise el texto del grabado antes de agregar el producto a su carrito. Copiamos y grabamos exactamente la informaci\u00f3n que recibimos con el pedido y no realizamos ning\u00fan cambio por nuestra parte. <\/span><\/b><\/p>\n<p class=\"MsoNormal\" style=\"text-align: center;\" align=\"center\">\n<p class=\"MsoNormal\" style=\"text-align: center;\" align=\"center\"><span lang=\"EN-US\">Revise el texto para asegurarse de que la ortograf\u00eda sea correcta.<\/span><\/p>\n<p class=\"MsoNormal\" style=\"text-align: center;\" align=\"center\">NO introduzca la informaci\u00f3n del grabado si compra la opci\u00f3n \u00abUrna sin placa\u00bb.<\/p>\n","protected":false},"excerpt":{"rendered":"<p>La venta incluye \u00fanicamente el jarr\u00f3n y una placa opcional con su propio texto. Las flores que aparecen en las fotos no est\u00e1n incluidas. La&#8230;<\/p>\n","protected":false},"featured_media":21807,"template":"","meta":{"_acf_changed":false},"product_brand":[],"product_cat":[2441],"product_tag":[3298],"class_list":{"0":"post-21865","1":"product","2":"type-product","3":"status-publish","4":"has-post-thumbnail","6":"product_cat-accesorios","7":"product_tag-gpsr-all-urns-accesories","8":"product_shipping_class-4-5-kg-es","10":"first","11":"instock","12":"taxable","13":"shipping-taxable","14":"purchasable","15":"product-type-simple"},"yoast_head":"<!-- This site is optimized with the Yoast SEO plugin v27.4 - https:\/\/yoast.com\/product\/yoast-seo-wordpress\/ -->\n<title>Florero personalizado para cementerio con placa grabada. Florero - Remember Forever<\/title>\n<meta name=\"robots\" content=\"index, follow, max-snippet:-1, max-image-preview:large, max-video-preview:-1\" \/>\n<link rel=\"canonical\" href=\"https:\/\/www.rememberme-forever.com\/es\/producto\/florero-personalizado-para-cementerio-con-placa-grabada-florero\/\" \/>\n<meta property=\"og:locale\" content=\"es_ES\" \/>\n<meta property=\"og:type\" content=\"article\" \/>\n<meta property=\"og:title\" content=\"Florero personalizado para cementerio con placa grabada. Florero - Remember Forever\" \/>\n<meta property=\"og:description\" content=\"La venta incluye \u00fanicamente el jarr\u00f3n y una placa opcional con su propio texto. Las flores que aparecen en las fotos no est\u00e1n incluidas. La...\" \/>\n<meta property=\"og:url\" content=\"https:\/\/www.rememberme-forever.com\/es\/producto\/florero-personalizado-para-cementerio-con-placa-grabada-florero\/\" \/>\n<meta property=\"og:site_name\" content=\"Remember Forever\" \/>\n<meta property=\"article:modified_time\" content=\"2025-10-30T14:18:27+00:00\" \/>\n<meta property=\"og:image\" content=\"http:\/\/www.rememberme-forever.com\/wp-content\/uploads\/2025\/10\/en-flowers-3.png\" \/>\n\t<meta property=\"og:image:width\" content=\"1024\" \/>\n\t<meta property=\"og:image:height\" content=\"1536\" \/>\n\t<meta property=\"og:image:type\" content=\"image\/png\" \/>\n<meta name=\"twitter:card\" content=\"summary_large_image\" \/>\n<meta name=\"twitter:label1\" content=\"Tiempo de lectura\" \/>\n\t<meta name=\"twitter:data1\" content=\"2 minutos\" \/>\n<script type=\"application\/ld+json\" class=\"yoast-schema-graph\">{\"@context\":\"https:\\\/\\\/schema.org\",\"@graph\":[{\"@type\":\"WebPage\",\"@id\":\"https:\\\/\\\/www.rememberme-forever.com\\\/es\\\/producto\\\/florero-personalizado-para-cementerio-con-placa-grabada-florero\\\/\",\"url\":\"https:\\\/\\\/www.rememberme-forever.com\\\/es\\\/producto\\\/florero-personalizado-para-cementerio-con-placa-grabada-florero\\\/\",\"name\":\"Florero personalizado para cementerio con placa grabada. Florero - Remember Forever\",\"isPartOf\":{\"@id\":\"https:\\\/\\\/www.rememberme-forever.com\\\/es\\\/#website\"},\"primaryImageOfPage\":{\"@id\":\"https:\\\/\\\/www.rememberme-forever.com\\\/es\\\/producto\\\/florero-personalizado-para-cementerio-con-placa-grabada-florero\\\/#primaryimage\"},\"image\":{\"@id\":\"https:\\\/\\\/www.rememberme-forever.com\\\/es\\\/producto\\\/florero-personalizado-para-cementerio-con-placa-grabada-florero\\\/#primaryimage\"},\"thumbnailUrl\":\"https:\\\/\\\/www.rememberme-forever.com\\\/wp-content\\\/uploads\\\/2025\\\/10\\\/en-flowers-3.png\",\"datePublished\":\"2025-10-30T08:41:36+00:00\",\"dateModified\":\"2025-10-30T14:18:27+00:00\",\"breadcrumb\":{\"@id\":\"https:\\\/\\\/www.rememberme-forever.com\\\/es\\\/producto\\\/florero-personalizado-para-cementerio-con-placa-grabada-florero\\\/#breadcrumb\"},\"inLanguage\":\"es\",\"potentialAction\":[{\"@type\":\"ReadAction\",\"target\":[\"https:\\\/\\\/www.rememberme-forever.com\\\/es\\\/producto\\\/florero-personalizado-para-cementerio-con-placa-grabada-florero\\\/\"]}]},{\"@type\":\"ImageObject\",\"inLanguage\":\"es\",\"@id\":\"https:\\\/\\\/www.rememberme-forever.com\\\/es\\\/producto\\\/florero-personalizado-para-cementerio-con-placa-grabada-florero\\\/#primaryimage\",\"url\":\"https:\\\/\\\/www.rememberme-forever.com\\\/wp-content\\\/uploads\\\/2025\\\/10\\\/en-flowers-3.png\",\"contentUrl\":\"https:\\\/\\\/www.rememberme-forever.com\\\/wp-content\\\/uploads\\\/2025\\\/10\\\/en-flowers-3.png\",\"width\":1024,\"height\":1536,\"caption\":\"Jarr\u00f3n de granito marr\u00f3n para cementerio con flores artificiales rojas y blancas y placa \u00abRecuerda para siempre\u00bb.\"},{\"@type\":\"BreadcrumbList\",\"@id\":\"https:\\\/\\\/www.rememberme-forever.com\\\/es\\\/producto\\\/florero-personalizado-para-cementerio-con-placa-grabada-florero\\\/#breadcrumb\",\"itemListElement\":[{\"@type\":\"ListItem\",\"position\":1,\"name\":\"Home\",\"item\":\"https:\\\/\\\/www.rememberme-forever.com\\\/es\\\/inicio\\\/\"},{\"@type\":\"ListItem\",\"position\":2,\"name\":\"Comercio\",\"item\":\"https:\\\/\\\/www.rememberme-forever.com\\\/es\\\/shop\\\/\"},{\"@type\":\"ListItem\",\"position\":3,\"name\":\"Florero personalizado para cementerio con placa grabada. Florero\"}]},{\"@type\":\"WebSite\",\"@id\":\"https:\\\/\\\/www.rememberme-forever.com\\\/es\\\/#website\",\"url\":\"https:\\\/\\\/www.rememberme-forever.com\\\/es\\\/\",\"name\":\"Remember Forever\",\"description\":\"Cremation urns, funeral urns, urns for ashes\",\"publisher\":{\"@id\":\"https:\\\/\\\/www.rememberme-forever.com\\\/es\\\/#organization\"},\"potentialAction\":[{\"@type\":\"SearchAction\",\"target\":{\"@type\":\"EntryPoint\",\"urlTemplate\":\"https:\\\/\\\/www.rememberme-forever.com\\\/es\\\/?s={search_term_string}\"},\"query-input\":{\"@type\":\"PropertyValueSpecification\",\"valueRequired\":true,\"valueName\":\"search_term_string\"}}],\"inLanguage\":\"es\"},{\"@type\":\"Organization\",\"@id\":\"https:\\\/\\\/www.rememberme-forever.com\\\/es\\\/#organization\",\"name\":\"Remember Forever\",\"url\":\"https:\\\/\\\/www.rememberme-forever.com\\\/es\\\/\",\"logo\":{\"@type\":\"ImageObject\",\"inLanguage\":\"es\",\"@id\":\"https:\\\/\\\/www.rememberme-forever.com\\\/es\\\/#\\\/schema\\\/logo\\\/image\\\/\",\"url\":\"https:\\\/\\\/www.rememberme-forever.com\\\/wp-content\\\/uploads\\\/2023\\\/02\\\/logo.png\",\"contentUrl\":\"https:\\\/\\\/www.rememberme-forever.com\\\/wp-content\\\/uploads\\\/2023\\\/02\\\/logo.png\",\"width\":300,\"height\":56,\"caption\":\"Remember Forever\"},\"image\":{\"@id\":\"https:\\\/\\\/www.rememberme-forever.com\\\/es\\\/#\\\/schema\\\/logo\\\/image\\\/\"}}]}<\/script>\n<!-- \/ Yoast SEO plugin. -->","yoast_head_json":{"title":"Florero personalizado para cementerio con placa grabada. Florero - Remember Forever","robots":{"index":"index","follow":"follow","max-snippet":"max-snippet:-1","max-image-preview":"max-image-preview:large","max-video-preview":"max-video-preview:-1"},"canonical":"https:\/\/www.rememberme-forever.com\/es\/producto\/florero-personalizado-para-cementerio-con-placa-grabada-florero\/","og_locale":"es_ES","og_type":"article","og_title":"Florero personalizado para cementerio con placa grabada. Florero - Remember Forever","og_description":"La venta incluye \u00fanicamente el jarr\u00f3n y una placa opcional con su propio texto. Las flores que aparecen en las fotos no est\u00e1n incluidas. La...","og_url":"https:\/\/www.rememberme-forever.com\/es\/producto\/florero-personalizado-para-cementerio-con-placa-grabada-florero\/","og_site_name":"Remember Forever","article_modified_time":"2025-10-30T14:18:27+00:00","og_image":[{"width":1024,"height":1536,"url":"http:\/\/www.rememberme-forever.com\/wp-content\/uploads\/2025\/10\/en-flowers-3.png","type":"image\/png"}],"twitter_card":"summary_large_image","twitter_misc":{"Tiempo de lectura":"2 minutos"},"schema":{"@context":"https:\/\/schema.org","@graph":[{"@type":"WebPage","@id":"https:\/\/www.rememberme-forever.com\/es\/producto\/florero-personalizado-para-cementerio-con-placa-grabada-florero\/","url":"https:\/\/www.rememberme-forever.com\/es\/producto\/florero-personalizado-para-cementerio-con-placa-grabada-florero\/","name":"Florero personalizado para cementerio con placa grabada. Florero - Remember Forever","isPartOf":{"@id":"https:\/\/www.rememberme-forever.com\/es\/#website"},"primaryImageOfPage":{"@id":"https:\/\/www.rememberme-forever.com\/es\/producto\/florero-personalizado-para-cementerio-con-placa-grabada-florero\/#primaryimage"},"image":{"@id":"https:\/\/www.rememberme-forever.com\/es\/producto\/florero-personalizado-para-cementerio-con-placa-grabada-florero\/#primaryimage"},"thumbnailUrl":"https:\/\/www.rememberme-forever.com\/wp-content\/uploads\/2025\/10\/en-flowers-3.png","datePublished":"2025-10-30T08:41:36+00:00","dateModified":"2025-10-30T14:18:27+00:00","breadcrumb":{"@id":"https:\/\/www.rememberme-forever.com\/es\/producto\/florero-personalizado-para-cementerio-con-placa-grabada-florero\/#breadcrumb"},"inLanguage":"es","potentialAction":[{"@type":"ReadAction","target":["https:\/\/www.rememberme-forever.com\/es\/producto\/florero-personalizado-para-cementerio-con-placa-grabada-florero\/"]}]},{"@type":"ImageObject","inLanguage":"es","@id":"https:\/\/www.rememberme-forever.com\/es\/producto\/florero-personalizado-para-cementerio-con-placa-grabada-florero\/#primaryimage","url":"https:\/\/www.rememberme-forever.com\/wp-content\/uploads\/2025\/10\/en-flowers-3.png","contentUrl":"https:\/\/www.rememberme-forever.com\/wp-content\/uploads\/2025\/10\/en-flowers-3.png","width":1024,"height":1536,"caption":"Jarr\u00f3n de granito marr\u00f3n para cementerio con flores artificiales rojas y blancas y placa \u00abRecuerda para siempre\u00bb."},{"@type":"BreadcrumbList","@id":"https:\/\/www.rememberme-forever.com\/es\/producto\/florero-personalizado-para-cementerio-con-placa-grabada-florero\/#breadcrumb","itemListElement":[{"@type":"ListItem","position":1,"name":"Home","item":"https:\/\/www.rememberme-forever.com\/es\/inicio\/"},{"@type":"ListItem","position":2,"name":"Comercio","item":"https:\/\/www.rememberme-forever.com\/es\/shop\/"},{"@type":"ListItem","position":3,"name":"Florero personalizado para cementerio con placa grabada. Florero"}]},{"@type":"WebSite","@id":"https:\/\/www.rememberme-forever.com\/es\/#website","url":"https:\/\/www.rememberme-forever.com\/es\/","name":"Remember Forever","description":"Cremation urns, funeral urns, urns for ashes","publisher":{"@id":"https:\/\/www.rememberme-forever.com\/es\/#organization"},"potentialAction":[{"@type":"SearchAction","target":{"@type":"EntryPoint","urlTemplate":"https:\/\/www.rememberme-forever.com\/es\/?s={search_term_string}"},"query-input":{"@type":"PropertyValueSpecification","valueRequired":true,"valueName":"search_term_string"}}],"inLanguage":"es"},{"@type":"Organization","@id":"https:\/\/www.rememberme-forever.com\/es\/#organization","name":"Remember Forever","url":"https:\/\/www.rememberme-forever.com\/es\/","logo":{"@type":"ImageObject","inLanguage":"es","@id":"https:\/\/www.rememberme-forever.com\/es\/#\/schema\/logo\/image\/","url":"https:\/\/www.rememberme-forever.com\/wp-content\/uploads\/2023\/02\/logo.png","contentUrl":"https:\/\/www.rememberme-forever.com\/wp-content\/uploads\/2023\/02\/logo.png","width":300,"height":56,"caption":"Remember Forever"},"image":{"@id":"https:\/\/www.rememberme-forever.com\/es\/#\/schema\/logo\/image\/"}}]}},"acf":[],"_links":{"self":[{"href":"https:\/\/www.rememberme-forever.com\/es\/wp-json\/wp\/v2\/product\/21865","targetHints":{"allow":["GET"]}}],"collection":[{"href":"https:\/\/www.rememberme-forever.com\/es\/wp-json\/wp\/v2\/product"}],"about":[{"href":"https:\/\/www.rememberme-forever.com\/es\/wp-json\/wp\/v2\/types\/product"}],"wp:featuredmedia":[{"embeddable":true,"href":"https:\/\/www.rememberme-forever.com\/es\/wp-json\/wp\/v2\/media\/21807"}],"wp:attachment":[{"href":"https:\/\/www.rememberme-forever.com\/es\/wp-json\/wp\/v2\/media?parent=21865"}],"wp:term":[{"taxonomy":"product_brand","embeddable":true,"href":"https:\/\/www.rememberme-forever.com\/es\/wp-json\/wp\/v2\/product_brand?post=21865"},{"taxonomy":"product_cat","embeddable":true,"href":"https:\/\/www.rememberme-forever.com\/es\/wp-json\/wp\/v2\/product_cat?post=21865"},{"taxonomy":"product_tag","embeddable":true,"href":"https:\/\/www.rememberme-forever.com\/es\/wp-json\/wp\/v2\/product_tag?post=21865"}],"curies":[{"name":"wp","href":"https:\/\/api.w.org\/{rel}","templated":true}]}}