{"id":21962,"date":"2023-04-26T14:46:10","date_gmt":"2023-04-26T12:46:10","guid":{"rendered":"https:\/\/www.rememberme-forever.com\/product\/urna-esferica-decorativa-para-cenizas-con-forma-de-estrella-de-la-muerte\/"},"modified":"2025-11-03T15:35:08","modified_gmt":"2025-11-03T14:35:08","slug":"urna-esferica-decorativa-para-cenizas-con-forma-de-estrella-de-la-muerte","status":"publish","type":"product","link":"https:\/\/www.rememberme-forever.com\/es\/producto\/urna-esferica-decorativa-para-cenizas-con-forma-de-estrella-de-la-muerte\/","title":{"rendered":"Urna esf\u00e9rica decorativa para cenizas con forma de Estrella de la Muerte"},"content":{"rendered":"<div style=\"width: 100%; margin-bottom: 40px; height: max-content; padding-bottom: 60%; position: relative;\"><iframe style=\"position: absolute; top: 0; left: 0; width: 100%; height: 100%;\" src=\"https:\/\/rememberme-urns.com\/death-star-heart-urn\/\" frameborder=\"0\"><\/iframe><\/div>\n<div style=\"color: red; text-align: center; margin-bottom: 25px;\">\n<p>&gt;&gt; Foto giratoria &#8211; pulsar\/acercar &lt;&lt;<\/p>\n<\/div>\n<h2 style=\"text-align: center;\">Urna esf\u00e9rica decorativa para cenizas con forma de Estrella de la Muerte<\/h2>\n<p style=\"text-align: center;\">La Estrella de la Muerte se ha convertido en un gran icono de la cultura popular. Gracias a su dise\u00f1o \u00fanico, es ampliamente reconocida, no solo por los fans de Star Wars. Su aspecto es realmente impresionante y a muchos les sorprender\u00e1 saber que se trata de una urna funeraria. Urna esf\u00e9rica decorativa para cenizas con forma de Estrella de la Muerte y un coraz\u00f3n rojo en la parte superior.<\/p>\n<p style=\"text-align: center;\">Esta urna est\u00e1 dise\u00f1ada principalmente para los fieles seguidores de Star Wars, pero no exclusivamente. Su hermosa y singular forma atrae la mirada y despierta la curiosidad. La urna tiene una forma perfecta y est\u00e1 elaborada con atenci\u00f3n al detalle.<\/p>\n<p style=\"text-align: center;\">El s\u00f3lido material ABS y el inserto de acero inoxidable garantizan su durabilidad.<\/p>\n<p style=\"text-align: center;\"><em><strong>Este producto est\u00e1 pintado a mano; la apariencia puede variar ligeramente.<\/strong><\/em><\/p>\n<p>&nbsp;<\/p>\n<p style=\"text-align: center;\"><strong>Inserto de acero inoxidable:<\/strong><\/p>\n<p><img loading=\"lazy\" decoding=\"async\" class=\" wp-image-1080 aligncenter\" src=\"http:\/\/www.rememberme-forever.com\/wp-content\/uploads\/2023\/04\/planet-urn-inside-stainless-steel-insert-300x300.jpg\" alt=\"Urna planetaria dentro de un inserto de acero inoxidable\" width=\"218\" height=\"218\" srcset=\"https:\/\/www.rememberme-forever.com\/wp-content\/uploads\/2023\/04\/planet-urn-inside-stainless-steel-insert-300x300.jpg 300w, https:\/\/www.rememberme-forever.com\/wp-content\/uploads\/2023\/04\/planet-urn-inside-stainless-steel-insert-150x150.jpg 150w, https:\/\/www.rememberme-forever.com\/wp-content\/uploads\/2023\/04\/planet-urn-inside-stainless-steel-insert-600x600.jpg 600w, https:\/\/www.rememberme-forever.com\/wp-content\/uploads\/2023\/04\/planet-urn-inside-stainless-steel-insert-100x100.jpg 100w, https:\/\/www.rememberme-forever.com\/wp-content\/uploads\/2023\/04\/planet-urn-inside-stainless-steel-insert-64x64.jpg 64w, https:\/\/www.rememberme-forever.com\/wp-content\/uploads\/2023\/04\/planet-urn-inside-stainless-steel-insert.jpg 768w\" sizes=\"auto, (max-width: 218px) 100vw, 218px\" \/><\/p>\n<p>&nbsp;<\/p>\n<h3 style=\"text-align: center;\"><strong>PERSONALIZACI\u00d3N<\/strong><\/h3>\n<p style=\"text-align: center;\">La placa conmemorativa personalizada debe personalizarse al realizar el pedido. (No se preocupe si no la incluye, siempre puede enviarnos un mensaje despu\u00e9s).<\/p>\n<p style=\"text-align: center;\">Revise atentamente el texto del grabado antes de a\u00f1adir el art\u00edculo al carrito. Copiamos y grabamos la informaci\u00f3n exacta que recibimos con el pedido y no realizamos ning\u00fan cambio.<\/p>\n<p style=\"text-align: center;\"><strong>Revise el texto para asegurarse de que la ortograf\u00eda sea correcta.<\/strong><\/p>\n<p><img loading=\"lazy\" decoding=\"async\" class=\" wp-image-1449 aligncenter\" src=\"http:\/\/www.rememberme-forever.com\/wp-content\/uploads\/2023\/04\/memorial-plaque-cremation-urn-silver-300x153.jpg\" alt=\"Urna de cremaci\u00f3n con placa conmemorativa plateada\" width=\"222\" height=\"113\" srcset=\"https:\/\/www.rememberme-forever.com\/wp-content\/uploads\/2023\/04\/memorial-plaque-cremation-urn-silver-300x153.jpg 300w, https:\/\/www.rememberme-forever.com\/wp-content\/uploads\/2023\/04\/memorial-plaque-cremation-urn-silver-64x33.jpg 64w, https:\/\/www.rememberme-forever.com\/wp-content\/uploads\/2023\/04\/memorial-plaque-cremation-urn-silver.jpg 448w\" sizes=\"auto, (max-width: 222px) 100vw, 222px\" \/><\/p>\n","protected":false},"excerpt":{"rendered":"<p>Preciosa urna funeraria con forma de Estrella de la Muerte, fabricada en ABS con inserto de acero inoxidable.<\/p>\n<p><strong>Adecuada para un peso corporal de aproximadamente 102 kg o menos.<\/strong><\/p>\n<p>\u2705 Esta urna no es apta para exteriores. Descubra nuestras <a href=\"https:\/\/www.rememberme-forever.com\/product-category\/outdoor-urns\/\" target=\"_blank\" rel=\"noopener\"><strong>urnas para exteriores. &gt;&gt;<\/strong><\/a><\/p>\n","protected":false},"featured_media":21966,"template":"","meta":{"_acf_changed":false},"product_brand":[1991],"product_cat":[2462,2442,2455],"product_tag":[3330],"class_list":{"0":"post-21962","1":"product","2":"type-product","3":"status-publish","4":"has-post-thumbnail","6":"product_brand-remember-forever","7":"product_cat-planetas","8":"product_cat-urnas-artisticas","9":"product_cat-urnas-tematicas","10":"product_tag-gpsr-metal-insert-abs_outside","11":"product_shipping_class-2-4kg-es","13":"first","14":"instock","15":"taxable","16":"shipping-taxable","17":"purchasable","18":"product-type-simple"},"yoast_head":"<!-- This site is optimized with the Yoast SEO plugin v27.4 - https:\/\/yoast.com\/product\/yoast-seo-wordpress\/ -->\n<title>Urna esf\u00e9rica decorativa para cenizas con forma de Estrella de la Muerte<\/title>\n<meta name=\"description\" content=\"Urna esf\u00e9rica decorativa para cenizas con forma de Estrella de la Muerte y un coraz\u00f3n rojo en la parte superior. La Estrella de la Muerte se ha convertido en un gran icono de la cultura popular.\" \/>\n<meta name=\"robots\" content=\"index, follow, max-snippet:-1, max-image-preview:large, max-video-preview:-1\" \/>\n<link rel=\"canonical\" href=\"https:\/\/www.rememberme-forever.com\/es\/producto\/urna-esferica-decorativa-para-cenizas-con-forma-de-estrella-de-la-muerte\/\" \/>\n<meta property=\"og:locale\" content=\"es_ES\" \/>\n<meta property=\"og:type\" content=\"article\" \/>\n<meta property=\"og:title\" content=\"Urna esf\u00e9rica decorativa para cenizas con forma de Estrella de la Muerte\" \/>\n<meta property=\"og:description\" content=\"Urna esf\u00e9rica decorativa para cenizas con forma de Estrella de la Muerte y un coraz\u00f3n rojo en la parte superior. La Estrella de la Muerte se ha convertido en un gran icono de la cultura popular.\" \/>\n<meta property=\"og:url\" content=\"https:\/\/www.rememberme-forever.com\/es\/producto\/urna-esferica-decorativa-para-cenizas-con-forma-de-estrella-de-la-muerte\/\" \/>\n<meta property=\"og:site_name\" content=\"Remember Forever\" \/>\n<meta property=\"article:modified_time\" content=\"2025-11-03T14:35:08+00:00\" \/>\n<meta property=\"og:image\" content=\"http:\/\/www.rememberme-forever.com\/wp-content\/uploads\/2023\/06\/decorative-urn-for-ashes-like-a-death-star.jpg\" \/>\n\t<meta property=\"og:image:width\" content=\"768\" \/>\n\t<meta property=\"og:image:height\" content=\"768\" \/>\n\t<meta property=\"og:image:type\" content=\"image\/jpeg\" \/>\n<meta name=\"twitter:card\" content=\"summary_large_image\" \/>\n<meta name=\"twitter:label1\" content=\"Tiempo de lectura\" \/>\n\t<meta name=\"twitter:data1\" content=\"2 minutos\" \/>\n<script type=\"application\/ld+json\" class=\"yoast-schema-graph\">{\"@context\":\"https:\\\/\\\/schema.org\",\"@graph\":[{\"@type\":\"WebPage\",\"@id\":\"https:\\\/\\\/www.rememberme-forever.com\\\/es\\\/producto\\\/urna-esferica-decorativa-para-cenizas-con-forma-de-estrella-de-la-muerte\\\/\",\"url\":\"https:\\\/\\\/www.rememberme-forever.com\\\/es\\\/producto\\\/urna-esferica-decorativa-para-cenizas-con-forma-de-estrella-de-la-muerte\\\/\",\"name\":\"Urna esf\u00e9rica decorativa para cenizas con forma de Estrella de la Muerte\",\"isPartOf\":{\"@id\":\"https:\\\/\\\/www.rememberme-forever.com\\\/es\\\/#website\"},\"primaryImageOfPage\":{\"@id\":\"https:\\\/\\\/www.rememberme-forever.com\\\/es\\\/producto\\\/urna-esferica-decorativa-para-cenizas-con-forma-de-estrella-de-la-muerte\\\/#primaryimage\"},\"image\":{\"@id\":\"https:\\\/\\\/www.rememberme-forever.com\\\/es\\\/producto\\\/urna-esferica-decorativa-para-cenizas-con-forma-de-estrella-de-la-muerte\\\/#primaryimage\"},\"thumbnailUrl\":\"https:\\\/\\\/www.rememberme-forever.com\\\/wp-content\\\/uploads\\\/2023\\\/06\\\/decorative-urn-for-ashes-like-a-death-star.jpg\",\"datePublished\":\"2023-04-26T12:46:10+00:00\",\"dateModified\":\"2025-11-03T14:35:08+00:00\",\"description\":\"Urna esf\u00e9rica decorativa para cenizas con forma de Estrella de la Muerte y un coraz\u00f3n rojo en la parte superior. La Estrella de la Muerte se ha convertido en un gran icono de la cultura popular.\",\"breadcrumb\":{\"@id\":\"https:\\\/\\\/www.rememberme-forever.com\\\/es\\\/producto\\\/urna-esferica-decorativa-para-cenizas-con-forma-de-estrella-de-la-muerte\\\/#breadcrumb\"},\"inLanguage\":\"es\",\"potentialAction\":[{\"@type\":\"ReadAction\",\"target\":[\"https:\\\/\\\/www.rememberme-forever.com\\\/es\\\/producto\\\/urna-esferica-decorativa-para-cenizas-con-forma-de-estrella-de-la-muerte\\\/\"]}]},{\"@type\":\"ImageObject\",\"inLanguage\":\"es\",\"@id\":\"https:\\\/\\\/www.rememberme-forever.com\\\/es\\\/producto\\\/urna-esferica-decorativa-para-cenizas-con-forma-de-estrella-de-la-muerte\\\/#primaryimage\",\"url\":\"https:\\\/\\\/www.rememberme-forever.com\\\/wp-content\\\/uploads\\\/2023\\\/06\\\/decorative-urn-for-ashes-like-a-death-star.jpg\",\"contentUrl\":\"https:\\\/\\\/www.rememberme-forever.com\\\/wp-content\\\/uploads\\\/2023\\\/06\\\/decorative-urn-for-ashes-like-a-death-star.jpg\",\"width\":768,\"height\":768,\"caption\":\"decorative urn for ashes like a death star, Sphere decorative urn for ashes like a Death Star\"},{\"@type\":\"BreadcrumbList\",\"@id\":\"https:\\\/\\\/www.rememberme-forever.com\\\/es\\\/producto\\\/urna-esferica-decorativa-para-cenizas-con-forma-de-estrella-de-la-muerte\\\/#breadcrumb\",\"itemListElement\":[{\"@type\":\"ListItem\",\"position\":1,\"name\":\"Home\",\"item\":\"https:\\\/\\\/www.rememberme-forever.com\\\/es\\\/inicio\\\/\"},{\"@type\":\"ListItem\",\"position\":2,\"name\":\"Comercio\",\"item\":\"https:\\\/\\\/www.rememberme-forever.com\\\/es\\\/shop\\\/\"},{\"@type\":\"ListItem\",\"position\":3,\"name\":\"Urna esf\u00e9rica decorativa para cenizas con forma de Estrella de la Muerte\"}]},{\"@type\":\"WebSite\",\"@id\":\"https:\\\/\\\/www.rememberme-forever.com\\\/es\\\/#website\",\"url\":\"https:\\\/\\\/www.rememberme-forever.com\\\/es\\\/\",\"name\":\"Remember Forever\",\"description\":\"Cremation urns, funeral urns, urns for ashes\",\"publisher\":{\"@id\":\"https:\\\/\\\/www.rememberme-forever.com\\\/es\\\/#organization\"},\"potentialAction\":[{\"@type\":\"SearchAction\",\"target\":{\"@type\":\"EntryPoint\",\"urlTemplate\":\"https:\\\/\\\/www.rememberme-forever.com\\\/es\\\/?s={search_term_string}\"},\"query-input\":{\"@type\":\"PropertyValueSpecification\",\"valueRequired\":true,\"valueName\":\"search_term_string\"}}],\"inLanguage\":\"es\"},{\"@type\":\"Organization\",\"@id\":\"https:\\\/\\\/www.rememberme-forever.com\\\/es\\\/#organization\",\"name\":\"Remember Forever\",\"url\":\"https:\\\/\\\/www.rememberme-forever.com\\\/es\\\/\",\"logo\":{\"@type\":\"ImageObject\",\"inLanguage\":\"es\",\"@id\":\"https:\\\/\\\/www.rememberme-forever.com\\\/es\\\/#\\\/schema\\\/logo\\\/image\\\/\",\"url\":\"https:\\\/\\\/www.rememberme-forever.com\\\/wp-content\\\/uploads\\\/2023\\\/02\\\/logo.png\",\"contentUrl\":\"https:\\\/\\\/www.rememberme-forever.com\\\/wp-content\\\/uploads\\\/2023\\\/02\\\/logo.png\",\"width\":300,\"height\":56,\"caption\":\"Remember Forever\"},\"image\":{\"@id\":\"https:\\\/\\\/www.rememberme-forever.com\\\/es\\\/#\\\/schema\\\/logo\\\/image\\\/\"}}]}<\/script>\n<!-- \/ Yoast SEO plugin. -->","yoast_head_json":{"title":"Urna esf\u00e9rica decorativa para cenizas con forma de Estrella de la Muerte","description":"Urna esf\u00e9rica decorativa para cenizas con forma de Estrella de la Muerte y un coraz\u00f3n rojo en la parte superior. La Estrella de la Muerte se ha convertido en un gran icono de la cultura popular.","robots":{"index":"index","follow":"follow","max-snippet":"max-snippet:-1","max-image-preview":"max-image-preview:large","max-video-preview":"max-video-preview:-1"},"canonical":"https:\/\/www.rememberme-forever.com\/es\/producto\/urna-esferica-decorativa-para-cenizas-con-forma-de-estrella-de-la-muerte\/","og_locale":"es_ES","og_type":"article","og_title":"Urna esf\u00e9rica decorativa para cenizas con forma de Estrella de la Muerte","og_description":"Urna esf\u00e9rica decorativa para cenizas con forma de Estrella de la Muerte y un coraz\u00f3n rojo en la parte superior. La Estrella de la Muerte se ha convertido en un gran icono de la cultura popular.","og_url":"https:\/\/www.rememberme-forever.com\/es\/producto\/urna-esferica-decorativa-para-cenizas-con-forma-de-estrella-de-la-muerte\/","og_site_name":"Remember Forever","article_modified_time":"2025-11-03T14:35:08+00:00","og_image":[{"width":768,"height":768,"url":"http:\/\/www.rememberme-forever.com\/wp-content\/uploads\/2023\/06\/decorative-urn-for-ashes-like-a-death-star.jpg","type":"image\/jpeg"}],"twitter_card":"summary_large_image","twitter_misc":{"Tiempo de lectura":"2 minutos"},"schema":{"@context":"https:\/\/schema.org","@graph":[{"@type":"WebPage","@id":"https:\/\/www.rememberme-forever.com\/es\/producto\/urna-esferica-decorativa-para-cenizas-con-forma-de-estrella-de-la-muerte\/","url":"https:\/\/www.rememberme-forever.com\/es\/producto\/urna-esferica-decorativa-para-cenizas-con-forma-de-estrella-de-la-muerte\/","name":"Urna esf\u00e9rica decorativa para cenizas con forma de Estrella de la Muerte","isPartOf":{"@id":"https:\/\/www.rememberme-forever.com\/es\/#website"},"primaryImageOfPage":{"@id":"https:\/\/www.rememberme-forever.com\/es\/producto\/urna-esferica-decorativa-para-cenizas-con-forma-de-estrella-de-la-muerte\/#primaryimage"},"image":{"@id":"https:\/\/www.rememberme-forever.com\/es\/producto\/urna-esferica-decorativa-para-cenizas-con-forma-de-estrella-de-la-muerte\/#primaryimage"},"thumbnailUrl":"https:\/\/www.rememberme-forever.com\/wp-content\/uploads\/2023\/06\/decorative-urn-for-ashes-like-a-death-star.jpg","datePublished":"2023-04-26T12:46:10+00:00","dateModified":"2025-11-03T14:35:08+00:00","description":"Urna esf\u00e9rica decorativa para cenizas con forma de Estrella de la Muerte y un coraz\u00f3n rojo en la parte superior. La Estrella de la Muerte se ha convertido en un gran icono de la cultura popular.","breadcrumb":{"@id":"https:\/\/www.rememberme-forever.com\/es\/producto\/urna-esferica-decorativa-para-cenizas-con-forma-de-estrella-de-la-muerte\/#breadcrumb"},"inLanguage":"es","potentialAction":[{"@type":"ReadAction","target":["https:\/\/www.rememberme-forever.com\/es\/producto\/urna-esferica-decorativa-para-cenizas-con-forma-de-estrella-de-la-muerte\/"]}]},{"@type":"ImageObject","inLanguage":"es","@id":"https:\/\/www.rememberme-forever.com\/es\/producto\/urna-esferica-decorativa-para-cenizas-con-forma-de-estrella-de-la-muerte\/#primaryimage","url":"https:\/\/www.rememberme-forever.com\/wp-content\/uploads\/2023\/06\/decorative-urn-for-ashes-like-a-death-star.jpg","contentUrl":"https:\/\/www.rememberme-forever.com\/wp-content\/uploads\/2023\/06\/decorative-urn-for-ashes-like-a-death-star.jpg","width":768,"height":768,"caption":"decorative urn for ashes like a death star, Sphere decorative urn for ashes like a Death Star"},{"@type":"BreadcrumbList","@id":"https:\/\/www.rememberme-forever.com\/es\/producto\/urna-esferica-decorativa-para-cenizas-con-forma-de-estrella-de-la-muerte\/#breadcrumb","itemListElement":[{"@type":"ListItem","position":1,"name":"Home","item":"https:\/\/www.rememberme-forever.com\/es\/inicio\/"},{"@type":"ListItem","position":2,"name":"Comercio","item":"https:\/\/www.rememberme-forever.com\/es\/shop\/"},{"@type":"ListItem","position":3,"name":"Urna esf\u00e9rica decorativa para cenizas con forma de Estrella de la Muerte"}]},{"@type":"WebSite","@id":"https:\/\/www.rememberme-forever.com\/es\/#website","url":"https:\/\/www.rememberme-forever.com\/es\/","name":"Remember Forever","description":"Cremation urns, funeral urns, urns for ashes","publisher":{"@id":"https:\/\/www.rememberme-forever.com\/es\/#organization"},"potentialAction":[{"@type":"SearchAction","target":{"@type":"EntryPoint","urlTemplate":"https:\/\/www.rememberme-forever.com\/es\/?s={search_term_string}"},"query-input":{"@type":"PropertyValueSpecification","valueRequired":true,"valueName":"search_term_string"}}],"inLanguage":"es"},{"@type":"Organization","@id":"https:\/\/www.rememberme-forever.com\/es\/#organization","name":"Remember Forever","url":"https:\/\/www.rememberme-forever.com\/es\/","logo":{"@type":"ImageObject","inLanguage":"es","@id":"https:\/\/www.rememberme-forever.com\/es\/#\/schema\/logo\/image\/","url":"https:\/\/www.rememberme-forever.com\/wp-content\/uploads\/2023\/02\/logo.png","contentUrl":"https:\/\/www.rememberme-forever.com\/wp-content\/uploads\/2023\/02\/logo.png","width":300,"height":56,"caption":"Remember Forever"},"image":{"@id":"https:\/\/www.rememberme-forever.com\/es\/#\/schema\/logo\/image\/"}}]}},"acf":[],"_links":{"self":[{"href":"https:\/\/www.rememberme-forever.com\/es\/wp-json\/wp\/v2\/product\/21962","targetHints":{"allow":["GET"]}}],"collection":[{"href":"https:\/\/www.rememberme-forever.com\/es\/wp-json\/wp\/v2\/product"}],"about":[{"href":"https:\/\/www.rememberme-forever.com\/es\/wp-json\/wp\/v2\/types\/product"}],"wp:featuredmedia":[{"embeddable":true,"href":"https:\/\/www.rememberme-forever.com\/es\/wp-json\/wp\/v2\/media\/21966"}],"wp:attachment":[{"href":"https:\/\/www.rememberme-forever.com\/es\/wp-json\/wp\/v2\/media?parent=21962"}],"wp:term":[{"taxonomy":"product_brand","embeddable":true,"href":"https:\/\/www.rememberme-forever.com\/es\/wp-json\/wp\/v2\/product_brand?post=21962"},{"taxonomy":"product_cat","embeddable":true,"href":"https:\/\/www.rememberme-forever.com\/es\/wp-json\/wp\/v2\/product_cat?post=21962"},{"taxonomy":"product_tag","embeddable":true,"href":"https:\/\/www.rememberme-forever.com\/es\/wp-json\/wp\/v2\/product_tag?post=21962"}],"curies":[{"name":"wp","href":"https:\/\/api.w.org\/{rel}","templated":true}]}}