{"id":22105,"date":"2023-04-25T09:01:37","date_gmt":"2023-04-25T07:01:37","guid":{"rendered":"https:\/\/www.rememberme-forever.com\/product\/urna-ricordo-in-legno-scuro-a-rosa\/"},"modified":"2025-11-04T14:09:57","modified_gmt":"2025-11-04T13:09:57","slug":"urna-ricordo-in-legno-scuro-a-rosa","status":"publish","type":"product","link":"https:\/\/www.rememberme-forever.com\/es\/producto\/urna-ricordo-in-legno-scuro-a-rosa\/","title":{"rendered":"Urna ricordo in legno scuro a rosa"},"content":{"rendered":"<div style=\"width: 100%; margin-bottom: 30px; height: max-content; padding-bottom: 60%; position: relative;\"><iframe style=\"position: absolute; top: 0; left: 0; width: 100%; height: 100%;\" src=\"https:\/\/rememberme-urns.com\/coffin-shaped-keepsake-urn\/\" frameborder=\"0\"><\/iframe><\/div>\n<div style=\"color: red; text-align: center; margin-bottom: 25px;\">\n<p>&gt;&gt; Foto giratoria &#8211; pulsar\/acercar &lt;&lt;<\/p>\n<\/div>\n<h2 style=\"text-align: center;\">Urna ricordo in legno scuro a rosa<\/h2>\n<p style=\"text-align: center;\">Esta exquisita y singular urna con forma de ata\u00fad es una manera especial de recordar a un ser querido que ha fallecido. Se trata de un ata\u00fad de madera en miniatura dise\u00f1ado para contener una peque\u00f1a porci\u00f3n de las cenizas de su ser querido. El ata\u00fad est\u00e1 elaborado con esmero y precisi\u00f3n para garantizar la m\u00e1xima calidad.<\/p>\n<p style=\"text-align: center;\">Esta mini urna es perfecta para quienes desean conservar una peque\u00f1a cantidad de las cenizas de su ser querido cerca de s\u00ed. Su dise\u00f1o es sencillo a la par que elegante, y la forma de ata\u00fad le confiere un toque de solemnidad. Puede colocarla en su mesita de noche, escritorio o cualquier otro lugar especial donde pueda sentir la presencia de su ser querido.<\/p>\n<p style=\"text-align: center;\">La urna se puede personalizar con una cruz o una placa conmemorativa en el plexigl\u00e1s, a\u00f1adiendo un toque especial a esta urna \u00fanica. La tapa debe sellarse herm\u00e9ticamente con pegamento o silicona, garantizando la m\u00e1xima seguridad para las cenizas de su ser querido.<\/p>\n<p style=\"text-align: center;\">Esta urna conmemorativa es la manera perfecta de honrar la memoria de su ser querido y mantenerlo cerca de su coraz\u00f3n. Es una forma \u00fanica y conmovedora de demostrar su amor y respeto por su ser querido que ha fallecido. Mantenga vivo su recuerdo con esta hermosa urna conmemorativa de madera con forma de ata\u00fad.<\/p>\n<p>&nbsp;<\/p>\n<h3 style=\"text-align: center;\"><strong>PERSONALIZACI\u00d3N<\/strong><\/h3>\n<p style=\"text-align: center;\">Si elige una placa personalizada, incluya el texto en el marco de personalizaci\u00f3n del producto.<\/p>\n<p style=\"text-align: center;\">La placa conmemorativa personalizada debe personalizarse al realizar el pedido. (No se preocupe si no la incluye, siempre puede enviarnos un mensaje despu\u00e9s).<\/p>\n<p style=\"text-align: center;\">Revise atentamente el texto del grabado antes de a\u00f1adir el art\u00edculo al carrito. Copiamos y grabamos la informaci\u00f3n exacta que recibimos con el pedido y no realizamos ning\u00fan cambio.<\/p>\n<p style=\"text-align: center;\"><strong>Revise el texto para asegurarse de que la ortograf\u00eda sea correcta.<\/strong><\/p>\n<p><img loading=\"lazy\" decoding=\"async\" class=\" wp-image-698 aligncenter\" src=\"http:\/\/www.rememberme-forever.com\/wp-content\/uploads\/2023\/03\/gold-plaque-urn-295x300.jpg\" alt=\"Urna con placa dorada\" width=\"145\" height=\"147\" srcset=\"https:\/\/www.rememberme-forever.com\/wp-content\/uploads\/2023\/03\/gold-plaque-urn-295x300.jpg 295w, https:\/\/www.rememberme-forever.com\/wp-content\/uploads\/2023\/03\/gold-plaque-urn-600x610.jpg 600w, https:\/\/www.rememberme-forever.com\/wp-content\/uploads\/2023\/03\/gold-plaque-urn-100x100.jpg 100w, https:\/\/www.rememberme-forever.com\/wp-content\/uploads\/2023\/03\/gold-plaque-urn-64x65.jpg 64w, https:\/\/www.rememberme-forever.com\/wp-content\/uploads\/2023\/03\/gold-plaque-urn.jpg 768w\" sizes=\"auto, (max-width: 145px) 100vw, 145px\" \/><\/p>\n<p>&nbsp;<\/p>\n<p style=\"text-align: center;\"><strong><em>La placa conmemorativa se a\u00f1adir\u00e1 por separado con el soporte, como se muestra en la foto.<\/em><\/strong><\/p>\n<p style=\"text-align: center;\"><strong><em>(El soporte de la placa conmemorativa est\u00e1 hecho de plexigl\u00e1s transparente). <\/em><\/strong><\/p>\n","protected":false},"excerpt":{"rendered":"<p><em><strong>Urna conmemorativa de cremaci\u00f3n \u00fanica de madera para una peque\u00f1a cantidad de cenizas.<\/strong><\/em><\/p>\n","protected":false},"featured_media":22109,"comment_status":"open","ping_status":"closed","template":"","meta":{"_acf_changed":false},"product_brand":[1991],"product_cat":[2450],"product_tag":[3329],"class_list":{"0":"post-22105","1":"product","2":"type-product","3":"status-publish","4":"has-post-thumbnail","6":"product_brand-remember-forever","7":"product_cat-recuerdos","8":"product_tag-gpsr-keepsake-urns","9":"product_shipping_class-2-4kg-es","11":"first","12":"instock","13":"taxable","14":"shipping-taxable","15":"purchasable","16":"product-type-variable"},"yoast_head":"<!-- This site is optimized with the Yoast SEO plugin v27.5 - https:\/\/yoast.com\/product\/yoast-seo-wordpress\/ -->\n<title>Urna ricordo in legno scuro a rosa<\/title>\n<meta name=\"description\" content=\"Esta exquisita y \u00fanica urna conmemorativa con forma de ata\u00fad es una forma especial de recordar a un ser querido que ha fallecido. Urna \u00fanica en forma de mini ata\u00fad para cenizas.\" \/>\n<meta name=\"robots\" content=\"index, follow, max-snippet:-1, max-image-preview:large, max-video-preview:-1\" \/>\n<link rel=\"canonical\" href=\"https:\/\/www.rememberme-forever.com\/es\/producto\/urna-ricordo-in-legno-scuro-a-rosa\/\" \/>\n<meta property=\"og:locale\" content=\"es_ES\" \/>\n<meta property=\"og:type\" content=\"article\" \/>\n<meta property=\"og:title\" content=\"Urna ricordo in legno scuro a rosa\" \/>\n<meta property=\"og:description\" content=\"Esta exquisita y \u00fanica urna conmemorativa con forma de ata\u00fad es una forma especial de recordar a un ser querido que ha fallecido. Urna \u00fanica en forma de mini ata\u00fad para cenizas.\" \/>\n<meta property=\"og:url\" content=\"https:\/\/www.rememberme-forever.com\/es\/producto\/urna-ricordo-in-legno-scuro-a-rosa\/\" \/>\n<meta property=\"og:site_name\" content=\"Remember Forever\" \/>\n<meta property=\"article:modified_time\" content=\"2025-11-04T13:09:57+00:00\" \/>\n<meta property=\"og:image\" content=\"http:\/\/www.rememberme-forever.com\/wp-content\/uploads\/2023\/04\/coffin-keepsake-brown-rose.jpg\" \/>\n\t<meta property=\"og:image:width\" content=\"1007\" \/>\n\t<meta property=\"og:image:height\" content=\"1024\" \/>\n\t<meta property=\"og:image:type\" content=\"image\/jpeg\" \/>\n<meta name=\"twitter:card\" content=\"summary_large_image\" \/>\n<meta name=\"twitter:label1\" content=\"Tiempo de lectura\" \/>\n\t<meta name=\"twitter:data1\" content=\"2 minutos\" \/>\n<script type=\"application\/ld+json\" class=\"yoast-schema-graph\">{\"@context\":\"https:\\\/\\\/schema.org\",\"@graph\":[{\"@type\":\"WebPage\",\"@id\":\"https:\\\/\\\/www.rememberme-forever.com\\\/es\\\/producto\\\/urna-ricordo-in-legno-scuro-a-rosa\\\/\",\"url\":\"https:\\\/\\\/www.rememberme-forever.com\\\/es\\\/producto\\\/urna-ricordo-in-legno-scuro-a-rosa\\\/\",\"name\":\"Urna ricordo in legno scuro a rosa\",\"isPartOf\":{\"@id\":\"https:\\\/\\\/www.rememberme-forever.com\\\/es\\\/#website\"},\"primaryImageOfPage\":{\"@id\":\"https:\\\/\\\/www.rememberme-forever.com\\\/es\\\/producto\\\/urna-ricordo-in-legno-scuro-a-rosa\\\/#primaryimage\"},\"image\":{\"@id\":\"https:\\\/\\\/www.rememberme-forever.com\\\/es\\\/producto\\\/urna-ricordo-in-legno-scuro-a-rosa\\\/#primaryimage\"},\"thumbnailUrl\":\"https:\\\/\\\/www.rememberme-forever.com\\\/wp-content\\\/uploads\\\/2023\\\/04\\\/coffin-keepsake-brown-rose.jpg\",\"datePublished\":\"2023-04-25T07:01:37+00:00\",\"dateModified\":\"2025-11-04T13:09:57+00:00\",\"description\":\"Esta exquisita y \u00fanica urna conmemorativa con forma de ata\u00fad es una forma especial de recordar a un ser querido que ha fallecido. Urna \u00fanica en forma de mini ata\u00fad para cenizas.\",\"breadcrumb\":{\"@id\":\"https:\\\/\\\/www.rememberme-forever.com\\\/es\\\/producto\\\/urna-ricordo-in-legno-scuro-a-rosa\\\/#breadcrumb\"},\"inLanguage\":\"es\",\"potentialAction\":[{\"@type\":\"ReadAction\",\"target\":[\"https:\\\/\\\/www.rememberme-forever.com\\\/es\\\/producto\\\/urna-ricordo-in-legno-scuro-a-rosa\\\/\"]}]},{\"@type\":\"ImageObject\",\"inLanguage\":\"es\",\"@id\":\"https:\\\/\\\/www.rememberme-forever.com\\\/es\\\/producto\\\/urna-ricordo-in-legno-scuro-a-rosa\\\/#primaryimage\",\"url\":\"https:\\\/\\\/www.rememberme-forever.com\\\/wp-content\\\/uploads\\\/2023\\\/04\\\/coffin-keepsake-brown-rose.jpg\",\"contentUrl\":\"https:\\\/\\\/www.rememberme-forever.com\\\/wp-content\\\/uploads\\\/2023\\\/04\\\/coffin-keepsake-brown-rose.jpg\",\"width\":1007,\"height\":1024,\"caption\":\"coffin keepsake urn with rose\"},{\"@type\":\"BreadcrumbList\",\"@id\":\"https:\\\/\\\/www.rememberme-forever.com\\\/es\\\/producto\\\/urna-ricordo-in-legno-scuro-a-rosa\\\/#breadcrumb\",\"itemListElement\":[{\"@type\":\"ListItem\",\"position\":1,\"name\":\"Home\",\"item\":\"https:\\\/\\\/www.rememberme-forever.com\\\/es\\\/inicio\\\/\"},{\"@type\":\"ListItem\",\"position\":2,\"name\":\"Comercio\",\"item\":\"https:\\\/\\\/www.rememberme-forever.com\\\/es\\\/shop\\\/\"},{\"@type\":\"ListItem\",\"position\":3,\"name\":\"Urna ricordo in legno scuro a rosa\"}]},{\"@type\":\"WebSite\",\"@id\":\"https:\\\/\\\/www.rememberme-forever.com\\\/es\\\/#website\",\"url\":\"https:\\\/\\\/www.rememberme-forever.com\\\/es\\\/\",\"name\":\"Remember Forever\",\"description\":\"Cremation urns, funeral urns, urns for ashes\",\"publisher\":{\"@id\":\"https:\\\/\\\/www.rememberme-forever.com\\\/es\\\/#organization\"},\"potentialAction\":[{\"@type\":\"SearchAction\",\"target\":{\"@type\":\"EntryPoint\",\"urlTemplate\":\"https:\\\/\\\/www.rememberme-forever.com\\\/es\\\/?s={search_term_string}\"},\"query-input\":{\"@type\":\"PropertyValueSpecification\",\"valueRequired\":true,\"valueName\":\"search_term_string\"}}],\"inLanguage\":\"es\"},{\"@type\":\"Organization\",\"@id\":\"https:\\\/\\\/www.rememberme-forever.com\\\/es\\\/#organization\",\"name\":\"Remember Forever\",\"url\":\"https:\\\/\\\/www.rememberme-forever.com\\\/es\\\/\",\"logo\":{\"@type\":\"ImageObject\",\"inLanguage\":\"es\",\"@id\":\"https:\\\/\\\/www.rememberme-forever.com\\\/es\\\/#\\\/schema\\\/logo\\\/image\\\/\",\"url\":\"https:\\\/\\\/www.rememberme-forever.com\\\/wp-content\\\/uploads\\\/2023\\\/02\\\/logo.png\",\"contentUrl\":\"https:\\\/\\\/www.rememberme-forever.com\\\/wp-content\\\/uploads\\\/2023\\\/02\\\/logo.png\",\"width\":300,\"height\":56,\"caption\":\"Remember Forever\"},\"image\":{\"@id\":\"https:\\\/\\\/www.rememberme-forever.com\\\/es\\\/#\\\/schema\\\/logo\\\/image\\\/\"}}]}<\/script>\n<!-- \/ Yoast SEO plugin. -->","yoast_head_json":{"title":"Urna ricordo in legno scuro a rosa","description":"Esta exquisita y \u00fanica urna conmemorativa con forma de ata\u00fad es una forma especial de recordar a un ser querido que ha fallecido. Urna \u00fanica en forma de mini ata\u00fad para cenizas.","robots":{"index":"index","follow":"follow","max-snippet":"max-snippet:-1","max-image-preview":"max-image-preview:large","max-video-preview":"max-video-preview:-1"},"canonical":"https:\/\/www.rememberme-forever.com\/es\/producto\/urna-ricordo-in-legno-scuro-a-rosa\/","og_locale":"es_ES","og_type":"article","og_title":"Urna ricordo in legno scuro a rosa","og_description":"Esta exquisita y \u00fanica urna conmemorativa con forma de ata\u00fad es una forma especial de recordar a un ser querido que ha fallecido. Urna \u00fanica en forma de mini ata\u00fad para cenizas.","og_url":"https:\/\/www.rememberme-forever.com\/es\/producto\/urna-ricordo-in-legno-scuro-a-rosa\/","og_site_name":"Remember Forever","article_modified_time":"2025-11-04T13:09:57+00:00","og_image":[{"width":1007,"height":1024,"url":"http:\/\/www.rememberme-forever.com\/wp-content\/uploads\/2023\/04\/coffin-keepsake-brown-rose.jpg","type":"image\/jpeg"}],"twitter_card":"summary_large_image","twitter_misc":{"Tiempo de lectura":"2 minutos"},"schema":{"@context":"https:\/\/schema.org","@graph":[{"@type":"WebPage","@id":"https:\/\/www.rememberme-forever.com\/es\/producto\/urna-ricordo-in-legno-scuro-a-rosa\/","url":"https:\/\/www.rememberme-forever.com\/es\/producto\/urna-ricordo-in-legno-scuro-a-rosa\/","name":"Urna ricordo in legno scuro a rosa","isPartOf":{"@id":"https:\/\/www.rememberme-forever.com\/es\/#website"},"primaryImageOfPage":{"@id":"https:\/\/www.rememberme-forever.com\/es\/producto\/urna-ricordo-in-legno-scuro-a-rosa\/#primaryimage"},"image":{"@id":"https:\/\/www.rememberme-forever.com\/es\/producto\/urna-ricordo-in-legno-scuro-a-rosa\/#primaryimage"},"thumbnailUrl":"https:\/\/www.rememberme-forever.com\/wp-content\/uploads\/2023\/04\/coffin-keepsake-brown-rose.jpg","datePublished":"2023-04-25T07:01:37+00:00","dateModified":"2025-11-04T13:09:57+00:00","description":"Esta exquisita y \u00fanica urna conmemorativa con forma de ata\u00fad es una forma especial de recordar a un ser querido que ha fallecido. Urna \u00fanica en forma de mini ata\u00fad para cenizas.","breadcrumb":{"@id":"https:\/\/www.rememberme-forever.com\/es\/producto\/urna-ricordo-in-legno-scuro-a-rosa\/#breadcrumb"},"inLanguage":"es","potentialAction":[{"@type":"ReadAction","target":["https:\/\/www.rememberme-forever.com\/es\/producto\/urna-ricordo-in-legno-scuro-a-rosa\/"]}]},{"@type":"ImageObject","inLanguage":"es","@id":"https:\/\/www.rememberme-forever.com\/es\/producto\/urna-ricordo-in-legno-scuro-a-rosa\/#primaryimage","url":"https:\/\/www.rememberme-forever.com\/wp-content\/uploads\/2023\/04\/coffin-keepsake-brown-rose.jpg","contentUrl":"https:\/\/www.rememberme-forever.com\/wp-content\/uploads\/2023\/04\/coffin-keepsake-brown-rose.jpg","width":1007,"height":1024,"caption":"coffin keepsake urn with rose"},{"@type":"BreadcrumbList","@id":"https:\/\/www.rememberme-forever.com\/es\/producto\/urna-ricordo-in-legno-scuro-a-rosa\/#breadcrumb","itemListElement":[{"@type":"ListItem","position":1,"name":"Home","item":"https:\/\/www.rememberme-forever.com\/es\/inicio\/"},{"@type":"ListItem","position":2,"name":"Comercio","item":"https:\/\/www.rememberme-forever.com\/es\/shop\/"},{"@type":"ListItem","position":3,"name":"Urna ricordo in legno scuro a rosa"}]},{"@type":"WebSite","@id":"https:\/\/www.rememberme-forever.com\/es\/#website","url":"https:\/\/www.rememberme-forever.com\/es\/","name":"Remember Forever","description":"Cremation urns, funeral urns, urns for ashes","publisher":{"@id":"https:\/\/www.rememberme-forever.com\/es\/#organization"},"potentialAction":[{"@type":"SearchAction","target":{"@type":"EntryPoint","urlTemplate":"https:\/\/www.rememberme-forever.com\/es\/?s={search_term_string}"},"query-input":{"@type":"PropertyValueSpecification","valueRequired":true,"valueName":"search_term_string"}}],"inLanguage":"es"},{"@type":"Organization","@id":"https:\/\/www.rememberme-forever.com\/es\/#organization","name":"Remember Forever","url":"https:\/\/www.rememberme-forever.com\/es\/","logo":{"@type":"ImageObject","inLanguage":"es","@id":"https:\/\/www.rememberme-forever.com\/es\/#\/schema\/logo\/image\/","url":"https:\/\/www.rememberme-forever.com\/wp-content\/uploads\/2023\/02\/logo.png","contentUrl":"https:\/\/www.rememberme-forever.com\/wp-content\/uploads\/2023\/02\/logo.png","width":300,"height":56,"caption":"Remember Forever"},"image":{"@id":"https:\/\/www.rememberme-forever.com\/es\/#\/schema\/logo\/image\/"}}]}},"acf":[],"_links":{"self":[{"href":"https:\/\/www.rememberme-forever.com\/es\/wp-json\/wp\/v2\/product\/22105","targetHints":{"allow":["GET"]}}],"collection":[{"href":"https:\/\/www.rememberme-forever.com\/es\/wp-json\/wp\/v2\/product"}],"about":[{"href":"https:\/\/www.rememberme-forever.com\/es\/wp-json\/wp\/v2\/types\/product"}],"replies":[{"embeddable":true,"href":"https:\/\/www.rememberme-forever.com\/es\/wp-json\/wp\/v2\/comments?post=22105"}],"wp:featuredmedia":[{"embeddable":true,"href":"https:\/\/www.rememberme-forever.com\/es\/wp-json\/wp\/v2\/media\/22109"}],"wp:attachment":[{"href":"https:\/\/www.rememberme-forever.com\/es\/wp-json\/wp\/v2\/media?parent=22105"}],"wp:term":[{"taxonomy":"product_brand","embeddable":true,"href":"https:\/\/www.rememberme-forever.com\/es\/wp-json\/wp\/v2\/product_brand?post=22105"},{"taxonomy":"product_cat","embeddable":true,"href":"https:\/\/www.rememberme-forever.com\/es\/wp-json\/wp\/v2\/product_cat?post=22105"},{"taxonomy":"product_tag","embeddable":true,"href":"https:\/\/www.rememberme-forever.com\/es\/wp-json\/wp\/v2\/product_tag?post=22105"}],"curies":[{"name":"wp","href":"https:\/\/api.w.org\/{rel}","templated":true}]}}